{"id":29609,"date":"2025-12-12T18:31:10","date_gmt":"2025-12-12T17:31:10","guid":{"rendered":"https:\/\/test.ecbeaute.com\/?post_type=product&#038;p=29609"},"modified":"2025-12-12T18:31:13","modified_gmt":"2025-12-12T17:31:13","slug":"sesderma-c-vit-intensive-serum-10-ampoules-2","status":"publish","type":"product","link":"https:\/\/paracherkaoui.ma\/index.php\/produit\/sesderma-c-vit-intensive-serum-10-ampoules-2\/","title":{"rendered":"SESDERMA C-VIT INTENSIVE SERUM 10 AMPOULES"},"content":{"rendered":"<p>C-Vit S\u00e9rum r\u00e9novateur intense<br \/>\nLa vitamine C joue un r\u00f4le essentiel dans le fonctionnement de la peau : croissance, stabilit\u00e9 et r\u00e9activation du tissu de soutien, protection contre les radicaux libres, synth\u00e8se du collag\u00e8ne et pr\u00e9vention des rides.<\/p>\n<p>Prot\u00e8ge les membranes cellulaires et augmente les \u00e9changes cellulaires.<br \/>\nLes extraits de pamplemousse et de citron, aux propri\u00e9t\u00e9s antioxydants, contiennent des AHA naturels.<br \/>\n&#8211; Diminue notablement l&rsquo;apparition des rides et intensifie la synth\u00e8se du collag\u00e8ne, principal \u00e9l\u00e9ment de soutien structurant l&rsquo;architecture profonde de la peau, ce qui donne \u00e0 la peau densit\u00e9 et tension.<br \/>\n-Augmente la r\u00e9sistance et l&rsquo;\u00e9lasticit\u00e9 de la peau. R\u00e9affirme intens\u00e9ment la peau. Le visage appara\u00eet plus compact et mieux d\u00e9fini . La peau est plus jeune.<br \/>\n-Renforce les d\u00e9fenses de l&rsquo;organisme gr\u00e2ce \u00e0 ses propri\u00e9t\u00e9s antiradicaux libres qui inhibent les m\u00e9faits des agressions quotidiennes (soleil, stress, fum\u00e9e de cigarette, pollution&#8230;)<br \/>\n-Illumine le visage.<br \/>\n-Donne \u00e0 la peau \u00e9clat, \u00e9claircit les t\u00e2ches.<br \/>\n-Prot\u00e8ge de l&rsquo;alt\u00e9ration de la vitamine E, un autre antioxydant, contenu dans les radicaux libres.<br \/>\n-Hydrate la peau en favorisant la cr\u00e9ation de la substance intercellulaire et l&rsquo;acide Hyaluronique.<\/p>\n<p>Coffret de 10.ampoules<\/p>\n","protected":false},"excerpt":{"rendered":"<p>C-Vit S\u00e9rum r\u00e9novateur intense La vitamine C joue un r\u00f4le essentiel dans le fonctionnement de la peau : croissance, stabilit\u00e9<\/p>\n","protected":false},"featured_media":24628,"comment_status":"open","ping_status":"closed","template":"","meta":[],"product_brand":[390],"product_cat":[549],"product_tag":[],"class_list":{"0":"post-29609","1":"product","2":"type-product","3":"status-publish","4":"has-post-thumbnail","6":"product_brand-sesderma","7":"product_cat-cremes-depigmentantes","9":"first","10":"instock","11":"sale","12":"shipping-taxable","13":"purchasable","14":"product-type-simple"},"yoast_head":"<!-- This site is optimized with the Yoast SEO plugin v26.6 - https:\/\/yoast.com\/wordpress\/plugins\/seo\/ -->\r\n<title>SESDERMA C-VIT INTENSIVE SERUM 10 AMPOULES - Paracherkaoui.ma<\/title>\r\n<meta name=\"robots\" content=\"index, follow, max-snippet:-1, max-image-preview:large, max-video-preview:-1\" \/>\r\n<link rel=\"canonical\" href=\"https:\/\/paracherkaoui.ma\/index.php\/produit\/sesderma-c-vit-intensive-serum-10-ampoules-2\/\" \/>\r\n<meta property=\"og:locale\" content=\"fr_FR\" \/>\r\n<meta property=\"og:type\" content=\"article\" \/>\r\n<meta property=\"og:title\" content=\"SESDERMA C-VIT INTENSIVE SERUM 10 AMPOULES - Paracherkaoui.ma\" \/>\r\n<meta property=\"og:description\" content=\"C-Vit S\u00e9rum r\u00e9novateur intense La vitamine C joue un r\u00f4le essentiel dans le fonctionnement de la peau : croissance, stabilit\u00e9\" \/>\r\n<meta property=\"og:url\" content=\"https:\/\/paracherkaoui.ma\/index.php\/produit\/sesderma-c-vit-intensive-serum-10-ampoules-2\/\" \/>\r\n<meta property=\"og:site_name\" content=\"Paracherkaoui.ma\" \/>\r\n<meta property=\"article:modified_time\" content=\"2025-12-12T17:31:13+00:00\" \/>\r\n<meta property=\"og:image\" content=\"https:\/\/paracherkaoui.ma\/wp-content\/uploads\/2025\/12\/sesderma-sesderma-c-vit-intensive-serum-10-ampoules-cremes-depigmentant.jpg\" \/>\r\n\t<meta property=\"og:image:width\" content=\"700\" \/>\r\n\t<meta property=\"og:image:height\" content=\"700\" \/>\r\n\t<meta property=\"og:image:type\" content=\"image\/jpeg\" \/>\r\n<meta name=\"twitter:card\" content=\"summary_large_image\" \/>\r\n<meta name=\"twitter:label1\" content=\"Dur\u00e9e de lecture estim\u00e9e\" \/>\n\t<meta name=\"twitter:data1\" content=\"1 minute\" \/>\r\n<script type=\"application\/ld+json\" class=\"yoast-schema-graph\">{\"@context\":\"https:\/\/schema.org\",\"@graph\":[{\"@type\":\"WebPage\",\"@id\":\"https:\/\/paracherkaoui.ma\/index.php\/produit\/sesderma-c-vit-intensive-serum-10-ampoules-2\/\",\"url\":\"https:\/\/paracherkaoui.ma\/index.php\/produit\/sesderma-c-vit-intensive-serum-10-ampoules-2\/\",\"name\":\"SESDERMA C-VIT INTENSIVE SERUM 10 AMPOULES - Paracherkaoui.ma\",\"isPartOf\":{\"@id\":\"https:\/\/paracherkaoui.ma\/#website\"},\"primaryImageOfPage\":{\"@id\":\"https:\/\/paracherkaoui.ma\/index.php\/produit\/sesderma-c-vit-intensive-serum-10-ampoules-2\/#primaryimage\"},\"image\":{\"@id\":\"https:\/\/paracherkaoui.ma\/index.php\/produit\/sesderma-c-vit-intensive-serum-10-ampoules-2\/#primaryimage\"},\"thumbnailUrl\":\"https:\/\/paracherkaoui.ma\/wp-content\/uploads\/2025\/12\/sesderma-sesderma-c-vit-intensive-serum-10-ampoules-cremes-depigmentant.jpg\",\"datePublished\":\"2025-12-12T17:31:10+00:00\",\"dateModified\":\"2025-12-12T17:31:13+00:00\",\"breadcrumb\":{\"@id\":\"https:\/\/paracherkaoui.ma\/index.php\/produit\/sesderma-c-vit-intensive-serum-10-ampoules-2\/#breadcrumb\"},\"inLanguage\":\"fr-FR\",\"potentialAction\":[{\"@type\":\"ReadAction\",\"target\":[\"https:\/\/paracherkaoui.ma\/index.php\/produit\/sesderma-c-vit-intensive-serum-10-ampoules-2\/\"]}]},{\"@type\":\"ImageObject\",\"inLanguage\":\"fr-FR\",\"@id\":\"https:\/\/paracherkaoui.ma\/index.php\/produit\/sesderma-c-vit-intensive-serum-10-ampoules-2\/#primaryimage\",\"url\":\"https:\/\/paracherkaoui.ma\/wp-content\/uploads\/2025\/12\/sesderma-sesderma-c-vit-intensive-serum-10-ampoules-cremes-depigmentant.jpg\",\"contentUrl\":\"https:\/\/paracherkaoui.ma\/wp-content\/uploads\/2025\/12\/sesderma-sesderma-c-vit-intensive-serum-10-ampoules-cremes-depigmentant.jpg\",\"width\":700,\"height\":700},{\"@type\":\"BreadcrumbList\",\"@id\":\"https:\/\/paracherkaoui.ma\/index.php\/produit\/sesderma-c-vit-intensive-serum-10-ampoules-2\/#breadcrumb\",\"itemListElement\":[{\"@type\":\"ListItem\",\"position\":1,\"name\":\"Accueil\",\"item\":\"https:\/\/paracherkaoui.ma\/\"},{\"@type\":\"ListItem\",\"position\":2,\"name\":\"Boutique\",\"item\":\"https:\/\/paracherkaoui.ma\/index.php\/boutique\/\"},{\"@type\":\"ListItem\",\"position\":3,\"name\":\"SESDERMA C-VIT INTENSIVE SERUM 10 AMPOULES\"}]},{\"@type\":\"WebSite\",\"@id\":\"https:\/\/paracherkaoui.ma\/#website\",\"url\":\"https:\/\/paracherkaoui.ma\/\",\"name\":\"Paracherkaoui.ma\",\"description\":\"Achetez en ligne sur Paracherkaoui.ma\",\"potentialAction\":[{\"@type\":\"SearchAction\",\"target\":{\"@type\":\"EntryPoint\",\"urlTemplate\":\"https:\/\/paracherkaoui.ma\/?s={search_term_string}\"},\"query-input\":{\"@type\":\"PropertyValueSpecification\",\"valueRequired\":true,\"valueName\":\"search_term_string\"}}],\"inLanguage\":\"fr-FR\"}]}<\/script>\r\n<!-- \/ Yoast SEO plugin. -->","yoast_head_json":{"title":"SESDERMA C-VIT INTENSIVE SERUM 10 AMPOULES - Paracherkaoui.ma","robots":{"index":"index","follow":"follow","max-snippet":"max-snippet:-1","max-image-preview":"max-image-preview:large","max-video-preview":"max-video-preview:-1"},"canonical":"https:\/\/paracherkaoui.ma\/index.php\/produit\/sesderma-c-vit-intensive-serum-10-ampoules-2\/","og_locale":"fr_FR","og_type":"article","og_title":"SESDERMA C-VIT INTENSIVE SERUM 10 AMPOULES - Paracherkaoui.ma","og_description":"C-Vit S\u00e9rum r\u00e9novateur intense La vitamine C joue un r\u00f4le essentiel dans le fonctionnement de la peau : croissance, stabilit\u00e9","og_url":"https:\/\/paracherkaoui.ma\/index.php\/produit\/sesderma-c-vit-intensive-serum-10-ampoules-2\/","og_site_name":"Paracherkaoui.ma","article_modified_time":"2025-12-12T17:31:13+00:00","og_image":[{"width":700,"height":700,"url":"https:\/\/paracherkaoui.ma\/wp-content\/uploads\/2025\/12\/sesderma-sesderma-c-vit-intensive-serum-10-ampoules-cremes-depigmentant.jpg","type":"image\/jpeg"}],"twitter_card":"summary_large_image","twitter_misc":{"Dur\u00e9e de lecture estim\u00e9e":"1 minute"},"schema":{"@context":"https:\/\/schema.org","@graph":[{"@type":"WebPage","@id":"https:\/\/paracherkaoui.ma\/index.php\/produit\/sesderma-c-vit-intensive-serum-10-ampoules-2\/","url":"https:\/\/paracherkaoui.ma\/index.php\/produit\/sesderma-c-vit-intensive-serum-10-ampoules-2\/","name":"SESDERMA C-VIT INTENSIVE SERUM 10 AMPOULES - Paracherkaoui.ma","isPartOf":{"@id":"https:\/\/paracherkaoui.ma\/#website"},"primaryImageOfPage":{"@id":"https:\/\/paracherkaoui.ma\/index.php\/produit\/sesderma-c-vit-intensive-serum-10-ampoules-2\/#primaryimage"},"image":{"@id":"https:\/\/paracherkaoui.ma\/index.php\/produit\/sesderma-c-vit-intensive-serum-10-ampoules-2\/#primaryimage"},"thumbnailUrl":"https:\/\/paracherkaoui.ma\/wp-content\/uploads\/2025\/12\/sesderma-sesderma-c-vit-intensive-serum-10-ampoules-cremes-depigmentant.jpg","datePublished":"2025-12-12T17:31:10+00:00","dateModified":"2025-12-12T17:31:13+00:00","breadcrumb":{"@id":"https:\/\/paracherkaoui.ma\/index.php\/produit\/sesderma-c-vit-intensive-serum-10-ampoules-2\/#breadcrumb"},"inLanguage":"fr-FR","potentialAction":[{"@type":"ReadAction","target":["https:\/\/paracherkaoui.ma\/index.php\/produit\/sesderma-c-vit-intensive-serum-10-ampoules-2\/"]}]},{"@type":"ImageObject","inLanguage":"fr-FR","@id":"https:\/\/paracherkaoui.ma\/index.php\/produit\/sesderma-c-vit-intensive-serum-10-ampoules-2\/#primaryimage","url":"https:\/\/paracherkaoui.ma\/wp-content\/uploads\/2025\/12\/sesderma-sesderma-c-vit-intensive-serum-10-ampoules-cremes-depigmentant.jpg","contentUrl":"https:\/\/paracherkaoui.ma\/wp-content\/uploads\/2025\/12\/sesderma-sesderma-c-vit-intensive-serum-10-ampoules-cremes-depigmentant.jpg","width":700,"height":700},{"@type":"BreadcrumbList","@id":"https:\/\/paracherkaoui.ma\/index.php\/produit\/sesderma-c-vit-intensive-serum-10-ampoules-2\/#breadcrumb","itemListElement":[{"@type":"ListItem","position":1,"name":"Accueil","item":"https:\/\/paracherkaoui.ma\/"},{"@type":"ListItem","position":2,"name":"Boutique","item":"https:\/\/paracherkaoui.ma\/index.php\/boutique\/"},{"@type":"ListItem","position":3,"name":"SESDERMA C-VIT INTENSIVE SERUM 10 AMPOULES"}]},{"@type":"WebSite","@id":"https:\/\/paracherkaoui.ma\/#website","url":"https:\/\/paracherkaoui.ma\/","name":"Paracherkaoui.ma","description":"Achetez en ligne sur Paracherkaoui.ma","potentialAction":[{"@type":"SearchAction","target":{"@type":"EntryPoint","urlTemplate":"https:\/\/paracherkaoui.ma\/?s={search_term_string}"},"query-input":{"@type":"PropertyValueSpecification","valueRequired":true,"valueName":"search_term_string"}}],"inLanguage":"fr-FR"}]}},"_links":{"self":[{"href":"https:\/\/paracherkaoui.ma\/index.php\/wp-json\/wp\/v2\/product\/29609","targetHints":{"allow":["GET"]}}],"collection":[{"href":"https:\/\/paracherkaoui.ma\/index.php\/wp-json\/wp\/v2\/product"}],"about":[{"href":"https:\/\/paracherkaoui.ma\/index.php\/wp-json\/wp\/v2\/types\/product"}],"replies":[{"embeddable":true,"href":"https:\/\/paracherkaoui.ma\/index.php\/wp-json\/wp\/v2\/comments?post=29609"}],"version-history":[{"count":1,"href":"https:\/\/paracherkaoui.ma\/index.php\/wp-json\/wp\/v2\/product\/29609\/revisions"}],"predecessor-version":[{"id":29641,"href":"https:\/\/paracherkaoui.ma\/index.php\/wp-json\/wp\/v2\/product\/29609\/revisions\/29641"}],"wp:featuredmedia":[{"embeddable":true,"href":"https:\/\/paracherkaoui.ma\/index.php\/wp-json\/wp\/v2\/media\/24628"}],"wp:attachment":[{"href":"https:\/\/paracherkaoui.ma\/index.php\/wp-json\/wp\/v2\/media?parent=29609"}],"wp:term":[{"taxonomy":"product_brand","embeddable":true,"href":"https:\/\/paracherkaoui.ma\/index.php\/wp-json\/wp\/v2\/product_brand?post=29609"},{"taxonomy":"product_cat","embeddable":true,"href":"https:\/\/paracherkaoui.ma\/index.php\/wp-json\/wp\/v2\/product_cat?post=29609"},{"taxonomy":"product_tag","embeddable":true,"href":"https:\/\/paracherkaoui.ma\/index.php\/wp-json\/wp\/v2\/product_tag?post=29609"}],"curies":[{"name":"wp","href":"https:\/\/api.w.org\/{rel}","templated":true}]}}