{"id":29603,"date":"2025-12-12T18:31:10","date_gmt":"2025-12-12T17:31:10","guid":{"rendered":"https:\/\/test.ecbeaute.com\/?post_type=product&#038;p=29603"},"modified":"2025-12-12T18:31:12","modified_gmt":"2025-12-12T17:31:12","slug":"sesderma-azelac-ru-fluide-lumineux-spf50-50-ml-2","status":"publish","type":"product","link":"https:\/\/paracherkaoui.ma\/index.php\/produit\/sesderma-azelac-ru-fluide-lumineux-spf50-50-ml-2\/","title":{"rendered":"SESDERMA AZELAC RU FLUIDE LUMINEUX SPF50 \/50 ML"},"content":{"rendered":"<p>Gr\u00e2ce \u00e0 sa formule enrichie en acide az\u00e9la\u00efque liposom\u00e9, 4-butylr\u00e9sorcinol, acide tranexamique et vitamine C, il agit \u00e0 diff\u00e9rents niveaux du processus de pigmentation. Il r\u00e9duit la production de m\u00e9lanine, att\u00e9nue les taches existantes et pr\u00e9vient l&rsquo;apparition de nouvelles. Les filtres solaires physiques et chimiques assurent une protection SPF50 contre les UVA et UVB, essentielle pour pr\u00e9venir les dommages cutan\u00e9s li\u00e9s au soleil.<br \/>\nSa texture l\u00e9g\u00e8re et non grasse p\u00e9n\u00e8tre rapidement, laissant la peau lumineuse et uniforme. Sans r\u00e9tinol, il convient \u00e0 tous les types de peau, m\u00eame les plus sensibles, et peut \u00eatre utilis\u00e9 toute l&rsquo;ann\u00e9e, seul ou en compl\u00e9ment d&rsquo;autres traitements d\u00e9pigmentants.<br \/>\nConseils d&rsquo;utilisation<br \/>\nNettoyez votre peau avec Sensyses Lightening ou Hidraven cr\u00e8me moussante.<br \/>\nAppliquez ensuite Azelac RU s\u00e9rum liposomal ou votre s\u00e9rum habituel.<br \/>\nAppliquez Azelac RU Fluide Lumineux sur le visage, le cou et le d\u00e9collet\u00e9 en massant doucement. Utilisez trois pressions de la pompe pour une application uniforme.<br \/>\nM\u00eame avec ce fluide, continuez \u00e0 appliquer votre cr\u00e8me solaire habituelle lors d&rsquo;expositions prolong\u00e9es au soleil.<br \/>\nComposition<br \/>\nAqua, Ethylhexyl Methoxycinnamate, Butylene Glycol, Propylene Glycol, Ethylhexyl Triazone, Ethylhexyl Salicylate, Cyclopentasiloxane, Bis-Ethylhexyloxyphenol Methoxyphenyl Triazine, Butyl Methoxydibenzoylmethane, Polymethyl Methacrylate, Bis-PEG-18 Methyl Ether Dimethyl Silane, Bellis Perennis (Daisy) Flower Extract, Mica, Isostearyl Alcohol, Titanium Dioxide (Nano), Titanium Dioxide, Undecylenoyl Phenylalanine, Tranexamic Acid, Diacetyl Boldine, Azelaic Acid, 4-Butylresorcinol, 3-O-Ethyl Ascorbic Acid, Nicotiana Benthamiana Hexapeptide-40 SH-Polypeptide-2, Lecithin, Butylene Glycol Cocoate, Alcohol, Dimethicone, Polysilicone-11, Acrylates\/C10-30 Alkyl Acrylate Crosspolymer, Silica, Polysorbate 20, Disodium EDTA, Carbomer, Sodium Hydroxide, Sodium Chloride, Caprylic\/Capric Triglyceride, Ethylcellulose, Tocopherol, Glyceryl Stearate, Decyl Glucoside, BHT, Ascorbyl Palmitate, Glyceryl Oleate, Hexylene Glycol, Caprylyl Glycol, Citric Acid, Dipotassium Phosphate, Potassium Phosphate, Phenoxyethanol, Ethylhexylglycerin, Parfum<\/p>\n","protected":false},"excerpt":{"rendered":"<p>Gr\u00e2ce \u00e0 sa formule enrichie en acide az\u00e9la\u00efque liposom\u00e9, 4-butylr\u00e9sorcinol, acide tranexamique et vitamine C, il agit \u00e0 diff\u00e9rents niveaux<\/p>\n","protected":false},"featured_media":24569,"comment_status":"open","ping_status":"closed","template":"","meta":[],"product_brand":[390],"product_cat":[549],"product_tag":[],"class_list":{"0":"post-29603","1":"product","2":"type-product","3":"status-publish","4":"has-post-thumbnail","6":"product_brand-sesderma","7":"product_cat-cremes-depigmentantes","9":"first","10":"instock","11":"sale","12":"shipping-taxable","13":"purchasable","14":"product-type-simple"},"yoast_head":"<!-- This site is optimized with the Yoast SEO plugin v26.6 - https:\/\/yoast.com\/wordpress\/plugins\/seo\/ -->\r\n<title>SESDERMA AZELAC RU FLUIDE LUMINEUX SPF50 \/50 ML - Paracherkaoui.ma<\/title>\r\n<meta name=\"robots\" content=\"index, follow, max-snippet:-1, max-image-preview:large, max-video-preview:-1\" \/>\r\n<link rel=\"canonical\" href=\"https:\/\/paracherkaoui.ma\/index.php\/produit\/sesderma-azelac-ru-fluide-lumineux-spf50-50-ml-2\/\" \/>\r\n<meta property=\"og:locale\" content=\"fr_FR\" \/>\r\n<meta property=\"og:type\" content=\"article\" \/>\r\n<meta property=\"og:title\" content=\"SESDERMA AZELAC RU FLUIDE LUMINEUX SPF50 \/50 ML - Paracherkaoui.ma\" \/>\r\n<meta property=\"og:description\" content=\"Gr\u00e2ce \u00e0 sa formule enrichie en acide az\u00e9la\u00efque liposom\u00e9, 4-butylr\u00e9sorcinol, acide tranexamique et vitamine C, il agit \u00e0 diff\u00e9rents niveaux\" \/>\r\n<meta property=\"og:url\" content=\"https:\/\/paracherkaoui.ma\/index.php\/produit\/sesderma-azelac-ru-fluide-lumineux-spf50-50-ml-2\/\" \/>\r\n<meta property=\"og:site_name\" content=\"Paracherkaoui.ma\" \/>\r\n<meta property=\"article:modified_time\" content=\"2025-12-12T17:31:12+00:00\" \/>\r\n<meta property=\"og:image\" content=\"https:\/\/paracherkaoui.ma\/wp-content\/uploads\/2025\/12\/sesderma-sesderma-azelac-ru-fluide-lumineux-spf50-50-ml-cremes-depigmentantes.jpg\" \/>\r\n\t<meta property=\"og:image:width\" content=\"700\" \/>\r\n\t<meta property=\"og:image:height\" content=\"700\" \/>\r\n\t<meta property=\"og:image:type\" content=\"image\/jpeg\" \/>\r\n<meta name=\"twitter:card\" content=\"summary_large_image\" \/>\r\n<meta name=\"twitter:label1\" content=\"Dur\u00e9e de lecture estim\u00e9e\" \/>\n\t<meta name=\"twitter:data1\" content=\"1 minute\" \/>\r\n<script type=\"application\/ld+json\" class=\"yoast-schema-graph\">{\"@context\":\"https:\/\/schema.org\",\"@graph\":[{\"@type\":\"WebPage\",\"@id\":\"https:\/\/paracherkaoui.ma\/index.php\/produit\/sesderma-azelac-ru-fluide-lumineux-spf50-50-ml-2\/\",\"url\":\"https:\/\/paracherkaoui.ma\/index.php\/produit\/sesderma-azelac-ru-fluide-lumineux-spf50-50-ml-2\/\",\"name\":\"SESDERMA AZELAC RU FLUIDE LUMINEUX SPF50 \/50 ML - Paracherkaoui.ma\",\"isPartOf\":{\"@id\":\"https:\/\/paracherkaoui.ma\/#website\"},\"primaryImageOfPage\":{\"@id\":\"https:\/\/paracherkaoui.ma\/index.php\/produit\/sesderma-azelac-ru-fluide-lumineux-spf50-50-ml-2\/#primaryimage\"},\"image\":{\"@id\":\"https:\/\/paracherkaoui.ma\/index.php\/produit\/sesderma-azelac-ru-fluide-lumineux-spf50-50-ml-2\/#primaryimage\"},\"thumbnailUrl\":\"https:\/\/paracherkaoui.ma\/wp-content\/uploads\/2025\/12\/sesderma-sesderma-azelac-ru-fluide-lumineux-spf50-50-ml-cremes-depigmentantes.jpg\",\"datePublished\":\"2025-12-12T17:31:10+00:00\",\"dateModified\":\"2025-12-12T17:31:12+00:00\",\"breadcrumb\":{\"@id\":\"https:\/\/paracherkaoui.ma\/index.php\/produit\/sesderma-azelac-ru-fluide-lumineux-spf50-50-ml-2\/#breadcrumb\"},\"inLanguage\":\"fr-FR\",\"potentialAction\":[{\"@type\":\"ReadAction\",\"target\":[\"https:\/\/paracherkaoui.ma\/index.php\/produit\/sesderma-azelac-ru-fluide-lumineux-spf50-50-ml-2\/\"]}]},{\"@type\":\"ImageObject\",\"inLanguage\":\"fr-FR\",\"@id\":\"https:\/\/paracherkaoui.ma\/index.php\/produit\/sesderma-azelac-ru-fluide-lumineux-spf50-50-ml-2\/#primaryimage\",\"url\":\"https:\/\/paracherkaoui.ma\/wp-content\/uploads\/2025\/12\/sesderma-sesderma-azelac-ru-fluide-lumineux-spf50-50-ml-cremes-depigmentantes.jpg\",\"contentUrl\":\"https:\/\/paracherkaoui.ma\/wp-content\/uploads\/2025\/12\/sesderma-sesderma-azelac-ru-fluide-lumineux-spf50-50-ml-cremes-depigmentantes.jpg\",\"width\":700,\"height\":700},{\"@type\":\"BreadcrumbList\",\"@id\":\"https:\/\/paracherkaoui.ma\/index.php\/produit\/sesderma-azelac-ru-fluide-lumineux-spf50-50-ml-2\/#breadcrumb\",\"itemListElement\":[{\"@type\":\"ListItem\",\"position\":1,\"name\":\"Accueil\",\"item\":\"https:\/\/paracherkaoui.ma\/\"},{\"@type\":\"ListItem\",\"position\":2,\"name\":\"Boutique\",\"item\":\"https:\/\/paracherkaoui.ma\/index.php\/boutique\/\"},{\"@type\":\"ListItem\",\"position\":3,\"name\":\"SESDERMA AZELAC RU FLUIDE LUMINEUX SPF50 \/50 ML\"}]},{\"@type\":\"WebSite\",\"@id\":\"https:\/\/paracherkaoui.ma\/#website\",\"url\":\"https:\/\/paracherkaoui.ma\/\",\"name\":\"Paracherkaoui.ma\",\"description\":\"Achetez en ligne sur Paracherkaoui.ma\",\"potentialAction\":[{\"@type\":\"SearchAction\",\"target\":{\"@type\":\"EntryPoint\",\"urlTemplate\":\"https:\/\/paracherkaoui.ma\/?s={search_term_string}\"},\"query-input\":{\"@type\":\"PropertyValueSpecification\",\"valueRequired\":true,\"valueName\":\"search_term_string\"}}],\"inLanguage\":\"fr-FR\"}]}<\/script>\r\n<!-- \/ Yoast SEO plugin. -->","yoast_head_json":{"title":"SESDERMA AZELAC RU FLUIDE LUMINEUX SPF50 \/50 ML - Paracherkaoui.ma","robots":{"index":"index","follow":"follow","max-snippet":"max-snippet:-1","max-image-preview":"max-image-preview:large","max-video-preview":"max-video-preview:-1"},"canonical":"https:\/\/paracherkaoui.ma\/index.php\/produit\/sesderma-azelac-ru-fluide-lumineux-spf50-50-ml-2\/","og_locale":"fr_FR","og_type":"article","og_title":"SESDERMA AZELAC RU FLUIDE LUMINEUX SPF50 \/50 ML - Paracherkaoui.ma","og_description":"Gr\u00e2ce \u00e0 sa formule enrichie en acide az\u00e9la\u00efque liposom\u00e9, 4-butylr\u00e9sorcinol, acide tranexamique et vitamine C, il agit \u00e0 diff\u00e9rents niveaux","og_url":"https:\/\/paracherkaoui.ma\/index.php\/produit\/sesderma-azelac-ru-fluide-lumineux-spf50-50-ml-2\/","og_site_name":"Paracherkaoui.ma","article_modified_time":"2025-12-12T17:31:12+00:00","og_image":[{"width":700,"height":700,"url":"https:\/\/paracherkaoui.ma\/wp-content\/uploads\/2025\/12\/sesderma-sesderma-azelac-ru-fluide-lumineux-spf50-50-ml-cremes-depigmentantes.jpg","type":"image\/jpeg"}],"twitter_card":"summary_large_image","twitter_misc":{"Dur\u00e9e de lecture estim\u00e9e":"1 minute"},"schema":{"@context":"https:\/\/schema.org","@graph":[{"@type":"WebPage","@id":"https:\/\/paracherkaoui.ma\/index.php\/produit\/sesderma-azelac-ru-fluide-lumineux-spf50-50-ml-2\/","url":"https:\/\/paracherkaoui.ma\/index.php\/produit\/sesderma-azelac-ru-fluide-lumineux-spf50-50-ml-2\/","name":"SESDERMA AZELAC RU FLUIDE LUMINEUX SPF50 \/50 ML - Paracherkaoui.ma","isPartOf":{"@id":"https:\/\/paracherkaoui.ma\/#website"},"primaryImageOfPage":{"@id":"https:\/\/paracherkaoui.ma\/index.php\/produit\/sesderma-azelac-ru-fluide-lumineux-spf50-50-ml-2\/#primaryimage"},"image":{"@id":"https:\/\/paracherkaoui.ma\/index.php\/produit\/sesderma-azelac-ru-fluide-lumineux-spf50-50-ml-2\/#primaryimage"},"thumbnailUrl":"https:\/\/paracherkaoui.ma\/wp-content\/uploads\/2025\/12\/sesderma-sesderma-azelac-ru-fluide-lumineux-spf50-50-ml-cremes-depigmentantes.jpg","datePublished":"2025-12-12T17:31:10+00:00","dateModified":"2025-12-12T17:31:12+00:00","breadcrumb":{"@id":"https:\/\/paracherkaoui.ma\/index.php\/produit\/sesderma-azelac-ru-fluide-lumineux-spf50-50-ml-2\/#breadcrumb"},"inLanguage":"fr-FR","potentialAction":[{"@type":"ReadAction","target":["https:\/\/paracherkaoui.ma\/index.php\/produit\/sesderma-azelac-ru-fluide-lumineux-spf50-50-ml-2\/"]}]},{"@type":"ImageObject","inLanguage":"fr-FR","@id":"https:\/\/paracherkaoui.ma\/index.php\/produit\/sesderma-azelac-ru-fluide-lumineux-spf50-50-ml-2\/#primaryimage","url":"https:\/\/paracherkaoui.ma\/wp-content\/uploads\/2025\/12\/sesderma-sesderma-azelac-ru-fluide-lumineux-spf50-50-ml-cremes-depigmentantes.jpg","contentUrl":"https:\/\/paracherkaoui.ma\/wp-content\/uploads\/2025\/12\/sesderma-sesderma-azelac-ru-fluide-lumineux-spf50-50-ml-cremes-depigmentantes.jpg","width":700,"height":700},{"@type":"BreadcrumbList","@id":"https:\/\/paracherkaoui.ma\/index.php\/produit\/sesderma-azelac-ru-fluide-lumineux-spf50-50-ml-2\/#breadcrumb","itemListElement":[{"@type":"ListItem","position":1,"name":"Accueil","item":"https:\/\/paracherkaoui.ma\/"},{"@type":"ListItem","position":2,"name":"Boutique","item":"https:\/\/paracherkaoui.ma\/index.php\/boutique\/"},{"@type":"ListItem","position":3,"name":"SESDERMA AZELAC RU FLUIDE LUMINEUX SPF50 \/50 ML"}]},{"@type":"WebSite","@id":"https:\/\/paracherkaoui.ma\/#website","url":"https:\/\/paracherkaoui.ma\/","name":"Paracherkaoui.ma","description":"Achetez en ligne sur Paracherkaoui.ma","potentialAction":[{"@type":"SearchAction","target":{"@type":"EntryPoint","urlTemplate":"https:\/\/paracherkaoui.ma\/?s={search_term_string}"},"query-input":{"@type":"PropertyValueSpecification","valueRequired":true,"valueName":"search_term_string"}}],"inLanguage":"fr-FR"}]}},"_links":{"self":[{"href":"https:\/\/paracherkaoui.ma\/index.php\/wp-json\/wp\/v2\/product\/29603","targetHints":{"allow":["GET"]}}],"collection":[{"href":"https:\/\/paracherkaoui.ma\/index.php\/wp-json\/wp\/v2\/product"}],"about":[{"href":"https:\/\/paracherkaoui.ma\/index.php\/wp-json\/wp\/v2\/types\/product"}],"replies":[{"embeddable":true,"href":"https:\/\/paracherkaoui.ma\/index.php\/wp-json\/wp\/v2\/comments?post=29603"}],"version-history":[{"count":1,"href":"https:\/\/paracherkaoui.ma\/index.php\/wp-json\/wp\/v2\/product\/29603\/revisions"}],"predecessor-version":[{"id":29635,"href":"https:\/\/paracherkaoui.ma\/index.php\/wp-json\/wp\/v2\/product\/29603\/revisions\/29635"}],"wp:featuredmedia":[{"embeddable":true,"href":"https:\/\/paracherkaoui.ma\/index.php\/wp-json\/wp\/v2\/media\/24569"}],"wp:attachment":[{"href":"https:\/\/paracherkaoui.ma\/index.php\/wp-json\/wp\/v2\/media?parent=29603"}],"wp:term":[{"taxonomy":"product_brand","embeddable":true,"href":"https:\/\/paracherkaoui.ma\/index.php\/wp-json\/wp\/v2\/product_brand?post=29603"},{"taxonomy":"product_cat","embeddable":true,"href":"https:\/\/paracherkaoui.ma\/index.php\/wp-json\/wp\/v2\/product_cat?post=29603"},{"taxonomy":"product_tag","embeddable":true,"href":"https:\/\/paracherkaoui.ma\/index.php\/wp-json\/wp\/v2\/product_tag?post=29603"}],"curies":[{"name":"wp","href":"https:\/\/api.w.org\/{rel}","templated":true}]}}