{"id":29553,"date":"2025-12-12T18:31:04","date_gmt":"2025-12-12T17:31:04","guid":{"rendered":"https:\/\/test.ecbeaute.com\/?post_type=product&#038;p=29553"},"modified":"2025-12-12T18:31:09","modified_gmt":"2025-12-12T17:31:09","slug":"sesderma-c-vit-radiance-fluide-50-ml-2","status":"publish","type":"product","link":"https:\/\/paracherkaoui.ma\/index.php\/produit\/sesderma-c-vit-radiance-fluide-50-ml-2\/","title":{"rendered":"SESDERMA C-VIT RADIANCE FLUIDE 50 ML"},"content":{"rendered":"<p>DESCRIPTION :<br \/>\nTraitement et pr\u00e9vention de fatigue, terne, bl\u00eame et le manque de brillance sur la peau.Fournit \u00e9clat et vitalit\u00e9 \u00e0 la peau, lui donnant une apparence radieuse et en bonne sant\u00e9 imm\u00e9diatement. Evens teint de la peau. Il am\u00e9liore la texture et l&rsquo;\u00e9lasticit\u00e9 de la peau, en aidant \u00e0 r\u00e9duire les rides et ridules. Convient \u00e0 tous les types de peau.<br \/>\nLa peau sur notre visage est soumis \u00e0 de nombreuses agressions (pollution, le vent, le froid, le tabac \u00e0 priser, une mauvaise alimentation, le manque de sommeil, le stress &#8230;) qui se refl\u00e8tent dans la peau terne, pas de lumi\u00e8re et manquant de vitalit\u00e9. C-Vit Radiance est un fluide l\u00e9ger, doux et rapidement absorb\u00e9e laissant une agr\u00e9able sensation de fra\u00eecheur sur la peau apr\u00e8s application. Par sa combinaison unique d&rsquo;ingr\u00e9dients actifs, il contribue \u00e0 am\u00e9liorer le teint de la peau, d&rsquo;obtenir un aspect plus clair, lumineux et uniforme. La vitamine C (glucoside d&rsquo;ascorbyle), avec plus clairement complexe (compos\u00e9 de divers extraits naturels tels que l&rsquo;extrait de r\u00e9glisse et de m\u00fbriers) interf\u00e8re avec la synth\u00e8se de la m\u00e9lanine, la pr\u00e9vention et la compensation de la pigmentation ind\u00e9sirable. Le Pal-KTTKS et de la vitamine C favorise la synth\u00e8se du collag\u00e8ne, la r\u00e9duction des rides et l&rsquo;augmentation de la fermet\u00e9, la douceur et l&rsquo;\u00e9lasticit\u00e9 de la peau. L&rsquo;extrait d&rsquo;orange douce fait une exfoliation douce, \u00e9liminant les cellules mortes et en encourageant le renouvellement cellulaire. Les pigments oranges ajouter la brillance et les reflets sur la peau, en lui donnant une apparence plus saine et lumineuse.<br \/>\nAppliquer C Vit Radiance matin et \/ ou soir sur le visage avec un massage doux jusqu&rsquo;\u00e0 compl\u00e8te absorption.<br \/>\n2% ascorbyle glucoside, complexes plus claires, des pigments lumineux, extrait d&rsquo;orange douce<br \/>\nCONSEILS D&rsquo;UTILISATION :<br \/>\nIl est conseill\u00e9 de bien nettoyez et tonifiez la peau. Appliquez ensuite C-VIT Radiance Fluide lumineux d&rsquo;une fa\u00e7on quotidienne , deux fois par jour, matin et soir, tout en r\u00e9alisant un l\u00e9ger massage jusqu\u00e0 sa compl\u00e8te p\u00e9n\u00e9tration. Il est possible d&rsquo;appliquer au pr\u00e9alable un s\u00e9rum comme traitement intensif choc tel que C-VIT s\u00e9rum liposom\u00e9.<\/p>\n","protected":false},"excerpt":{"rendered":"<p>DESCRIPTION : Traitement et pr\u00e9vention de fatigue, terne, bl\u00eame et le manque de brillance sur la peau.Fournit \u00e9clat et vitalit\u00e9<\/p>\n","protected":false},"featured_media":24511,"comment_status":"open","ping_status":"closed","template":"","meta":[],"product_brand":[390],"product_cat":[549],"product_tag":[],"class_list":{"0":"post-29553","1":"product","2":"type-product","3":"status-publish","4":"has-post-thumbnail","6":"product_brand-sesderma","7":"product_cat-cremes-depigmentantes","9":"first","10":"instock","11":"sale","12":"shipping-taxable","13":"purchasable","14":"product-type-simple"},"yoast_head":"<!-- This site is optimized with the Yoast SEO plugin v26.6 - https:\/\/yoast.com\/wordpress\/plugins\/seo\/ -->\r\n<title>SESDERMA C-VIT RADIANCE FLUIDE 50 ML - Paracherkaoui.ma<\/title>\r\n<meta name=\"robots\" content=\"index, follow, max-snippet:-1, max-image-preview:large, max-video-preview:-1\" \/>\r\n<link rel=\"canonical\" href=\"https:\/\/paracherkaoui.ma\/index.php\/produit\/sesderma-c-vit-radiance-fluide-50-ml-2\/\" \/>\r\n<meta property=\"og:locale\" content=\"fr_FR\" \/>\r\n<meta property=\"og:type\" content=\"article\" \/>\r\n<meta property=\"og:title\" content=\"SESDERMA C-VIT RADIANCE FLUIDE 50 ML - Paracherkaoui.ma\" \/>\r\n<meta property=\"og:description\" content=\"DESCRIPTION : Traitement et pr\u00e9vention de fatigue, terne, bl\u00eame et le manque de brillance sur la peau.Fournit \u00e9clat et vitalit\u00e9\" \/>\r\n<meta property=\"og:url\" content=\"https:\/\/paracherkaoui.ma\/index.php\/produit\/sesderma-c-vit-radiance-fluide-50-ml-2\/\" \/>\r\n<meta property=\"og:site_name\" content=\"Paracherkaoui.ma\" \/>\r\n<meta property=\"article:modified_time\" content=\"2025-12-12T17:31:09+00:00\" \/>\r\n<meta property=\"og:image\" content=\"https:\/\/paracherkaoui.ma\/wp-content\/uploads\/2025\/12\/sesderma-sesderma-c-vit-radiance-fluide-50-ml-creme-depigmentantes.jpg\" \/>\r\n\t<meta property=\"og:image:width\" content=\"700\" \/>\r\n\t<meta property=\"og:image:height\" content=\"700\" \/>\r\n\t<meta property=\"og:image:type\" content=\"image\/jpeg\" \/>\r\n<meta name=\"twitter:card\" content=\"summary_large_image\" \/>\r\n<meta name=\"twitter:label1\" content=\"Dur\u00e9e de lecture estim\u00e9e\" \/>\n\t<meta name=\"twitter:data1\" content=\"2 minutes\" \/>\r\n<script type=\"application\/ld+json\" class=\"yoast-schema-graph\">{\"@context\":\"https:\/\/schema.org\",\"@graph\":[{\"@type\":\"WebPage\",\"@id\":\"https:\/\/paracherkaoui.ma\/index.php\/produit\/sesderma-c-vit-radiance-fluide-50-ml-2\/\",\"url\":\"https:\/\/paracherkaoui.ma\/index.php\/produit\/sesderma-c-vit-radiance-fluide-50-ml-2\/\",\"name\":\"SESDERMA C-VIT RADIANCE FLUIDE 50 ML - Paracherkaoui.ma\",\"isPartOf\":{\"@id\":\"https:\/\/paracherkaoui.ma\/#website\"},\"primaryImageOfPage\":{\"@id\":\"https:\/\/paracherkaoui.ma\/index.php\/produit\/sesderma-c-vit-radiance-fluide-50-ml-2\/#primaryimage\"},\"image\":{\"@id\":\"https:\/\/paracherkaoui.ma\/index.php\/produit\/sesderma-c-vit-radiance-fluide-50-ml-2\/#primaryimage\"},\"thumbnailUrl\":\"https:\/\/paracherkaoui.ma\/wp-content\/uploads\/2025\/12\/sesderma-sesderma-c-vit-radiance-fluide-50-ml-creme-depigmentantes.jpg\",\"datePublished\":\"2025-12-12T17:31:04+00:00\",\"dateModified\":\"2025-12-12T17:31:09+00:00\",\"breadcrumb\":{\"@id\":\"https:\/\/paracherkaoui.ma\/index.php\/produit\/sesderma-c-vit-radiance-fluide-50-ml-2\/#breadcrumb\"},\"inLanguage\":\"fr-FR\",\"potentialAction\":[{\"@type\":\"ReadAction\",\"target\":[\"https:\/\/paracherkaoui.ma\/index.php\/produit\/sesderma-c-vit-radiance-fluide-50-ml-2\/\"]}]},{\"@type\":\"ImageObject\",\"inLanguage\":\"fr-FR\",\"@id\":\"https:\/\/paracherkaoui.ma\/index.php\/produit\/sesderma-c-vit-radiance-fluide-50-ml-2\/#primaryimage\",\"url\":\"https:\/\/paracherkaoui.ma\/wp-content\/uploads\/2025\/12\/sesderma-sesderma-c-vit-radiance-fluide-50-ml-creme-depigmentantes.jpg\",\"contentUrl\":\"https:\/\/paracherkaoui.ma\/wp-content\/uploads\/2025\/12\/sesderma-sesderma-c-vit-radiance-fluide-50-ml-creme-depigmentantes.jpg\",\"width\":700,\"height\":700},{\"@type\":\"BreadcrumbList\",\"@id\":\"https:\/\/paracherkaoui.ma\/index.php\/produit\/sesderma-c-vit-radiance-fluide-50-ml-2\/#breadcrumb\",\"itemListElement\":[{\"@type\":\"ListItem\",\"position\":1,\"name\":\"Accueil\",\"item\":\"https:\/\/paracherkaoui.ma\/\"},{\"@type\":\"ListItem\",\"position\":2,\"name\":\"Boutique\",\"item\":\"https:\/\/paracherkaoui.ma\/index.php\/boutique\/\"},{\"@type\":\"ListItem\",\"position\":3,\"name\":\"SESDERMA C-VIT RADIANCE FLUIDE 50 ML\"}]},{\"@type\":\"WebSite\",\"@id\":\"https:\/\/paracherkaoui.ma\/#website\",\"url\":\"https:\/\/paracherkaoui.ma\/\",\"name\":\"Paracherkaoui.ma\",\"description\":\"Achetez en ligne sur Paracherkaoui.ma\",\"potentialAction\":[{\"@type\":\"SearchAction\",\"target\":{\"@type\":\"EntryPoint\",\"urlTemplate\":\"https:\/\/paracherkaoui.ma\/?s={search_term_string}\"},\"query-input\":{\"@type\":\"PropertyValueSpecification\",\"valueRequired\":true,\"valueName\":\"search_term_string\"}}],\"inLanguage\":\"fr-FR\"}]}<\/script>\r\n<!-- \/ Yoast SEO plugin. -->","yoast_head_json":{"title":"SESDERMA C-VIT RADIANCE FLUIDE 50 ML - Paracherkaoui.ma","robots":{"index":"index","follow":"follow","max-snippet":"max-snippet:-1","max-image-preview":"max-image-preview:large","max-video-preview":"max-video-preview:-1"},"canonical":"https:\/\/paracherkaoui.ma\/index.php\/produit\/sesderma-c-vit-radiance-fluide-50-ml-2\/","og_locale":"fr_FR","og_type":"article","og_title":"SESDERMA C-VIT RADIANCE FLUIDE 50 ML - Paracherkaoui.ma","og_description":"DESCRIPTION : Traitement et pr\u00e9vention de fatigue, terne, bl\u00eame et le manque de brillance sur la peau.Fournit \u00e9clat et vitalit\u00e9","og_url":"https:\/\/paracherkaoui.ma\/index.php\/produit\/sesderma-c-vit-radiance-fluide-50-ml-2\/","og_site_name":"Paracherkaoui.ma","article_modified_time":"2025-12-12T17:31:09+00:00","og_image":[{"width":700,"height":700,"url":"https:\/\/paracherkaoui.ma\/wp-content\/uploads\/2025\/12\/sesderma-sesderma-c-vit-radiance-fluide-50-ml-creme-depigmentantes.jpg","type":"image\/jpeg"}],"twitter_card":"summary_large_image","twitter_misc":{"Dur\u00e9e de lecture estim\u00e9e":"2 minutes"},"schema":{"@context":"https:\/\/schema.org","@graph":[{"@type":"WebPage","@id":"https:\/\/paracherkaoui.ma\/index.php\/produit\/sesderma-c-vit-radiance-fluide-50-ml-2\/","url":"https:\/\/paracherkaoui.ma\/index.php\/produit\/sesderma-c-vit-radiance-fluide-50-ml-2\/","name":"SESDERMA C-VIT RADIANCE FLUIDE 50 ML - Paracherkaoui.ma","isPartOf":{"@id":"https:\/\/paracherkaoui.ma\/#website"},"primaryImageOfPage":{"@id":"https:\/\/paracherkaoui.ma\/index.php\/produit\/sesderma-c-vit-radiance-fluide-50-ml-2\/#primaryimage"},"image":{"@id":"https:\/\/paracherkaoui.ma\/index.php\/produit\/sesderma-c-vit-radiance-fluide-50-ml-2\/#primaryimage"},"thumbnailUrl":"https:\/\/paracherkaoui.ma\/wp-content\/uploads\/2025\/12\/sesderma-sesderma-c-vit-radiance-fluide-50-ml-creme-depigmentantes.jpg","datePublished":"2025-12-12T17:31:04+00:00","dateModified":"2025-12-12T17:31:09+00:00","breadcrumb":{"@id":"https:\/\/paracherkaoui.ma\/index.php\/produit\/sesderma-c-vit-radiance-fluide-50-ml-2\/#breadcrumb"},"inLanguage":"fr-FR","potentialAction":[{"@type":"ReadAction","target":["https:\/\/paracherkaoui.ma\/index.php\/produit\/sesderma-c-vit-radiance-fluide-50-ml-2\/"]}]},{"@type":"ImageObject","inLanguage":"fr-FR","@id":"https:\/\/paracherkaoui.ma\/index.php\/produit\/sesderma-c-vit-radiance-fluide-50-ml-2\/#primaryimage","url":"https:\/\/paracherkaoui.ma\/wp-content\/uploads\/2025\/12\/sesderma-sesderma-c-vit-radiance-fluide-50-ml-creme-depigmentantes.jpg","contentUrl":"https:\/\/paracherkaoui.ma\/wp-content\/uploads\/2025\/12\/sesderma-sesderma-c-vit-radiance-fluide-50-ml-creme-depigmentantes.jpg","width":700,"height":700},{"@type":"BreadcrumbList","@id":"https:\/\/paracherkaoui.ma\/index.php\/produit\/sesderma-c-vit-radiance-fluide-50-ml-2\/#breadcrumb","itemListElement":[{"@type":"ListItem","position":1,"name":"Accueil","item":"https:\/\/paracherkaoui.ma\/"},{"@type":"ListItem","position":2,"name":"Boutique","item":"https:\/\/paracherkaoui.ma\/index.php\/boutique\/"},{"@type":"ListItem","position":3,"name":"SESDERMA C-VIT RADIANCE FLUIDE 50 ML"}]},{"@type":"WebSite","@id":"https:\/\/paracherkaoui.ma\/#website","url":"https:\/\/paracherkaoui.ma\/","name":"Paracherkaoui.ma","description":"Achetez en ligne sur Paracherkaoui.ma","potentialAction":[{"@type":"SearchAction","target":{"@type":"EntryPoint","urlTemplate":"https:\/\/paracherkaoui.ma\/?s={search_term_string}"},"query-input":{"@type":"PropertyValueSpecification","valueRequired":true,"valueName":"search_term_string"}}],"inLanguage":"fr-FR"}]}},"_links":{"self":[{"href":"https:\/\/paracherkaoui.ma\/index.php\/wp-json\/wp\/v2\/product\/29553","targetHints":{"allow":["GET"]}}],"collection":[{"href":"https:\/\/paracherkaoui.ma\/index.php\/wp-json\/wp\/v2\/product"}],"about":[{"href":"https:\/\/paracherkaoui.ma\/index.php\/wp-json\/wp\/v2\/types\/product"}],"replies":[{"embeddable":true,"href":"https:\/\/paracherkaoui.ma\/index.php\/wp-json\/wp\/v2\/comments?post=29553"}],"version-history":[{"count":1,"href":"https:\/\/paracherkaoui.ma\/index.php\/wp-json\/wp\/v2\/product\/29553\/revisions"}],"predecessor-version":[{"id":29596,"href":"https:\/\/paracherkaoui.ma\/index.php\/wp-json\/wp\/v2\/product\/29553\/revisions\/29596"}],"wp:featuredmedia":[{"embeddable":true,"href":"https:\/\/paracherkaoui.ma\/index.php\/wp-json\/wp\/v2\/media\/24511"}],"wp:attachment":[{"href":"https:\/\/paracherkaoui.ma\/index.php\/wp-json\/wp\/v2\/media?parent=29553"}],"wp:term":[{"taxonomy":"product_brand","embeddable":true,"href":"https:\/\/paracherkaoui.ma\/index.php\/wp-json\/wp\/v2\/product_brand?post=29553"},{"taxonomy":"product_cat","embeddable":true,"href":"https:\/\/paracherkaoui.ma\/index.php\/wp-json\/wp\/v2\/product_cat?post=29553"},{"taxonomy":"product_tag","embeddable":true,"href":"https:\/\/paracherkaoui.ma\/index.php\/wp-json\/wp\/v2\/product_tag?post=29553"}],"curies":[{"name":"wp","href":"https:\/\/api.w.org\/{rel}","templated":true}]}}