{"id":29542,"date":"2025-12-12T18:31:03","date_gmt":"2025-12-12T17:31:03","guid":{"rendered":"https:\/\/test.ecbeaute.com\/?post_type=product&#038;p=29542"},"modified":"2025-12-12T18:31:08","modified_gmt":"2025-12-12T17:31:08","slug":"cantabria-neoretin-discrom-control-serum-booster-fluid-30-ml-3","status":"publish","type":"product","link":"https:\/\/paracherkaoui.ma\/index.php\/produit\/cantabria-neoretin-discrom-control-serum-booster-fluid-30-ml-3\/","title":{"rendered":"CANTABRIA NEORETIN DISCROM CONTROL SERUM BOOSTER FLUID 30 ML"},"content":{"rendered":"<p>S\u00e9rum d\u00e9pigmentant. Cette formule concentr\u00e9e aux actifs d\u00e9pigmentants p\u00e9n\u00e8tre rapidement et aide \u00e0 diminuer les taches brunes et \u00e0 pr\u00e9venir leur apparition. Elle renferme entre autres le Whitening Booster System, une association de six actifs efficaces qui agissent dans toutes les phases de la synth\u00e8se de la m\u00e9lanine.<br \/>\nGr\u00e2ce \u00e0 son action r\u00e9novante, la technologie RetinSphere\u00ae \u00e9galise et lisse la peau, aide \u00e0 diminuer les taches brunes visiblement et redonne de l\u2019\u00e9clat au teint. Gr\u00e2ce \u00e0 sa tol\u00e9rance excellente, ce s\u00e9rum peut \u00eatre utilis\u00e9 toute l\u2019ann\u00e9e. Test\u00e9 dermatologiquement et ophtalmologiquement.<br \/>\nConseils d&rsquo;utilisation:<br \/>\nAppliquer matin et\/ou soir sur la peau nettoy\u00e9e du visage et du cou.<\/p>\n","protected":false},"excerpt":{"rendered":"<p>S\u00e9rum d\u00e9pigmentant. Cette formule concentr\u00e9e aux actifs d\u00e9pigmentants p\u00e9n\u00e8tre rapidement et aide \u00e0 diminuer les taches brunes et \u00e0 pr\u00e9venir<\/p>\n","protected":false},"featured_media":24451,"comment_status":"open","ping_status":"closed","template":"","meta":[],"product_brand":[147],"product_cat":[549],"product_tag":[],"class_list":{"0":"post-29542","1":"product","2":"type-product","3":"status-publish","4":"has-post-thumbnail","6":"product_brand-cantabria","7":"product_cat-cremes-depigmentantes","9":"first","10":"instock","11":"sale","12":"shipping-taxable","13":"purchasable","14":"product-type-simple"},"yoast_head":"<!-- This site is optimized with the Yoast SEO plugin v26.6 - https:\/\/yoast.com\/wordpress\/plugins\/seo\/ -->\r\n<title>CANTABRIA NEORETIN DISCROM CONTROL SERUM BOOSTER FLUID 30 ML - Paracherkaoui.ma<\/title>\r\n<meta name=\"robots\" content=\"index, follow, max-snippet:-1, max-image-preview:large, max-video-preview:-1\" \/>\r\n<link rel=\"canonical\" href=\"https:\/\/paracherkaoui.ma\/index.php\/produit\/cantabria-neoretin-discrom-control-serum-booster-fluid-30-ml-3\/\" \/>\r\n<meta property=\"og:locale\" content=\"fr_FR\" \/>\r\n<meta property=\"og:type\" content=\"article\" \/>\r\n<meta property=\"og:title\" content=\"CANTABRIA NEORETIN DISCROM CONTROL SERUM BOOSTER FLUID 30 ML - Paracherkaoui.ma\" \/>\r\n<meta property=\"og:description\" content=\"S\u00e9rum d\u00e9pigmentant. Cette formule concentr\u00e9e aux actifs d\u00e9pigmentants p\u00e9n\u00e8tre rapidement et aide \u00e0 diminuer les taches brunes et \u00e0 pr\u00e9venir\" \/>\r\n<meta property=\"og:url\" content=\"https:\/\/paracherkaoui.ma\/index.php\/produit\/cantabria-neoretin-discrom-control-serum-booster-fluid-30-ml-3\/\" \/>\r\n<meta property=\"og:site_name\" content=\"Paracherkaoui.ma\" \/>\r\n<meta property=\"article:modified_time\" content=\"2025-12-12T17:31:08+00:00\" \/>\r\n<meta property=\"og:image\" content=\"https:\/\/paracherkaoui.ma\/wp-content\/uploads\/2025\/12\/cantabria-neoretin-discrom-control-serum-booster-fluid-30-ml.jpg\" \/>\r\n\t<meta property=\"og:image:width\" content=\"700\" \/>\r\n\t<meta property=\"og:image:height\" content=\"700\" \/>\r\n\t<meta property=\"og:image:type\" content=\"image\/jpeg\" \/>\r\n<meta name=\"twitter:card\" content=\"summary_large_image\" \/>\r\n<meta name=\"twitter:label1\" content=\"Dur\u00e9e de lecture estim\u00e9e\" \/>\n\t<meta name=\"twitter:data1\" content=\"1 minute\" \/>\r\n<script type=\"application\/ld+json\" class=\"yoast-schema-graph\">{\"@context\":\"https:\/\/schema.org\",\"@graph\":[{\"@type\":\"WebPage\",\"@id\":\"https:\/\/paracherkaoui.ma\/index.php\/produit\/cantabria-neoretin-discrom-control-serum-booster-fluid-30-ml-3\/\",\"url\":\"https:\/\/paracherkaoui.ma\/index.php\/produit\/cantabria-neoretin-discrom-control-serum-booster-fluid-30-ml-3\/\",\"name\":\"CANTABRIA NEORETIN DISCROM CONTROL SERUM BOOSTER FLUID 30 ML - Paracherkaoui.ma\",\"isPartOf\":{\"@id\":\"https:\/\/paracherkaoui.ma\/#website\"},\"primaryImageOfPage\":{\"@id\":\"https:\/\/paracherkaoui.ma\/index.php\/produit\/cantabria-neoretin-discrom-control-serum-booster-fluid-30-ml-3\/#primaryimage\"},\"image\":{\"@id\":\"https:\/\/paracherkaoui.ma\/index.php\/produit\/cantabria-neoretin-discrom-control-serum-booster-fluid-30-ml-3\/#primaryimage\"},\"thumbnailUrl\":\"https:\/\/paracherkaoui.ma\/wp-content\/uploads\/2025\/12\/cantabria-neoretin-discrom-control-serum-booster-fluid-30-ml.jpg\",\"datePublished\":\"2025-12-12T17:31:03+00:00\",\"dateModified\":\"2025-12-12T17:31:08+00:00\",\"breadcrumb\":{\"@id\":\"https:\/\/paracherkaoui.ma\/index.php\/produit\/cantabria-neoretin-discrom-control-serum-booster-fluid-30-ml-3\/#breadcrumb\"},\"inLanguage\":\"fr-FR\",\"potentialAction\":[{\"@type\":\"ReadAction\",\"target\":[\"https:\/\/paracherkaoui.ma\/index.php\/produit\/cantabria-neoretin-discrom-control-serum-booster-fluid-30-ml-3\/\"]}]},{\"@type\":\"ImageObject\",\"inLanguage\":\"fr-FR\",\"@id\":\"https:\/\/paracherkaoui.ma\/index.php\/produit\/cantabria-neoretin-discrom-control-serum-booster-fluid-30-ml-3\/#primaryimage\",\"url\":\"https:\/\/paracherkaoui.ma\/wp-content\/uploads\/2025\/12\/cantabria-neoretin-discrom-control-serum-booster-fluid-30-ml.jpg\",\"contentUrl\":\"https:\/\/paracherkaoui.ma\/wp-content\/uploads\/2025\/12\/cantabria-neoretin-discrom-control-serum-booster-fluid-30-ml.jpg\",\"width\":700,\"height\":700},{\"@type\":\"BreadcrumbList\",\"@id\":\"https:\/\/paracherkaoui.ma\/index.php\/produit\/cantabria-neoretin-discrom-control-serum-booster-fluid-30-ml-3\/#breadcrumb\",\"itemListElement\":[{\"@type\":\"ListItem\",\"position\":1,\"name\":\"Accueil\",\"item\":\"https:\/\/paracherkaoui.ma\/\"},{\"@type\":\"ListItem\",\"position\":2,\"name\":\"Boutique\",\"item\":\"https:\/\/paracherkaoui.ma\/index.php\/boutique\/\"},{\"@type\":\"ListItem\",\"position\":3,\"name\":\"CANTABRIA NEORETIN DISCROM CONTROL SERUM BOOSTER FLUID 30 ML\"}]},{\"@type\":\"WebSite\",\"@id\":\"https:\/\/paracherkaoui.ma\/#website\",\"url\":\"https:\/\/paracherkaoui.ma\/\",\"name\":\"Paracherkaoui.ma\",\"description\":\"Achetez en ligne sur Paracherkaoui.ma\",\"potentialAction\":[{\"@type\":\"SearchAction\",\"target\":{\"@type\":\"EntryPoint\",\"urlTemplate\":\"https:\/\/paracherkaoui.ma\/?s={search_term_string}\"},\"query-input\":{\"@type\":\"PropertyValueSpecification\",\"valueRequired\":true,\"valueName\":\"search_term_string\"}}],\"inLanguage\":\"fr-FR\"}]}<\/script>\r\n<!-- \/ Yoast SEO plugin. -->","yoast_head_json":{"title":"CANTABRIA NEORETIN DISCROM CONTROL SERUM BOOSTER FLUID 30 ML - Paracherkaoui.ma","robots":{"index":"index","follow":"follow","max-snippet":"max-snippet:-1","max-image-preview":"max-image-preview:large","max-video-preview":"max-video-preview:-1"},"canonical":"https:\/\/paracherkaoui.ma\/index.php\/produit\/cantabria-neoretin-discrom-control-serum-booster-fluid-30-ml-3\/","og_locale":"fr_FR","og_type":"article","og_title":"CANTABRIA NEORETIN DISCROM CONTROL SERUM BOOSTER FLUID 30 ML - Paracherkaoui.ma","og_description":"S\u00e9rum d\u00e9pigmentant. Cette formule concentr\u00e9e aux actifs d\u00e9pigmentants p\u00e9n\u00e8tre rapidement et aide \u00e0 diminuer les taches brunes et \u00e0 pr\u00e9venir","og_url":"https:\/\/paracherkaoui.ma\/index.php\/produit\/cantabria-neoretin-discrom-control-serum-booster-fluid-30-ml-3\/","og_site_name":"Paracherkaoui.ma","article_modified_time":"2025-12-12T17:31:08+00:00","og_image":[{"width":700,"height":700,"url":"https:\/\/paracherkaoui.ma\/wp-content\/uploads\/2025\/12\/cantabria-neoretin-discrom-control-serum-booster-fluid-30-ml.jpg","type":"image\/jpeg"}],"twitter_card":"summary_large_image","twitter_misc":{"Dur\u00e9e de lecture estim\u00e9e":"1 minute"},"schema":{"@context":"https:\/\/schema.org","@graph":[{"@type":"WebPage","@id":"https:\/\/paracherkaoui.ma\/index.php\/produit\/cantabria-neoretin-discrom-control-serum-booster-fluid-30-ml-3\/","url":"https:\/\/paracherkaoui.ma\/index.php\/produit\/cantabria-neoretin-discrom-control-serum-booster-fluid-30-ml-3\/","name":"CANTABRIA NEORETIN DISCROM CONTROL SERUM BOOSTER FLUID 30 ML - Paracherkaoui.ma","isPartOf":{"@id":"https:\/\/paracherkaoui.ma\/#website"},"primaryImageOfPage":{"@id":"https:\/\/paracherkaoui.ma\/index.php\/produit\/cantabria-neoretin-discrom-control-serum-booster-fluid-30-ml-3\/#primaryimage"},"image":{"@id":"https:\/\/paracherkaoui.ma\/index.php\/produit\/cantabria-neoretin-discrom-control-serum-booster-fluid-30-ml-3\/#primaryimage"},"thumbnailUrl":"https:\/\/paracherkaoui.ma\/wp-content\/uploads\/2025\/12\/cantabria-neoretin-discrom-control-serum-booster-fluid-30-ml.jpg","datePublished":"2025-12-12T17:31:03+00:00","dateModified":"2025-12-12T17:31:08+00:00","breadcrumb":{"@id":"https:\/\/paracherkaoui.ma\/index.php\/produit\/cantabria-neoretin-discrom-control-serum-booster-fluid-30-ml-3\/#breadcrumb"},"inLanguage":"fr-FR","potentialAction":[{"@type":"ReadAction","target":["https:\/\/paracherkaoui.ma\/index.php\/produit\/cantabria-neoretin-discrom-control-serum-booster-fluid-30-ml-3\/"]}]},{"@type":"ImageObject","inLanguage":"fr-FR","@id":"https:\/\/paracherkaoui.ma\/index.php\/produit\/cantabria-neoretin-discrom-control-serum-booster-fluid-30-ml-3\/#primaryimage","url":"https:\/\/paracherkaoui.ma\/wp-content\/uploads\/2025\/12\/cantabria-neoretin-discrom-control-serum-booster-fluid-30-ml.jpg","contentUrl":"https:\/\/paracherkaoui.ma\/wp-content\/uploads\/2025\/12\/cantabria-neoretin-discrom-control-serum-booster-fluid-30-ml.jpg","width":700,"height":700},{"@type":"BreadcrumbList","@id":"https:\/\/paracherkaoui.ma\/index.php\/produit\/cantabria-neoretin-discrom-control-serum-booster-fluid-30-ml-3\/#breadcrumb","itemListElement":[{"@type":"ListItem","position":1,"name":"Accueil","item":"https:\/\/paracherkaoui.ma\/"},{"@type":"ListItem","position":2,"name":"Boutique","item":"https:\/\/paracherkaoui.ma\/index.php\/boutique\/"},{"@type":"ListItem","position":3,"name":"CANTABRIA NEORETIN DISCROM CONTROL SERUM BOOSTER FLUID 30 ML"}]},{"@type":"WebSite","@id":"https:\/\/paracherkaoui.ma\/#website","url":"https:\/\/paracherkaoui.ma\/","name":"Paracherkaoui.ma","description":"Achetez en ligne sur Paracherkaoui.ma","potentialAction":[{"@type":"SearchAction","target":{"@type":"EntryPoint","urlTemplate":"https:\/\/paracherkaoui.ma\/?s={search_term_string}"},"query-input":{"@type":"PropertyValueSpecification","valueRequired":true,"valueName":"search_term_string"}}],"inLanguage":"fr-FR"}]}},"_links":{"self":[{"href":"https:\/\/paracherkaoui.ma\/index.php\/wp-json\/wp\/v2\/product\/29542","targetHints":{"allow":["GET"]}}],"collection":[{"href":"https:\/\/paracherkaoui.ma\/index.php\/wp-json\/wp\/v2\/product"}],"about":[{"href":"https:\/\/paracherkaoui.ma\/index.php\/wp-json\/wp\/v2\/types\/product"}],"replies":[{"embeddable":true,"href":"https:\/\/paracherkaoui.ma\/index.php\/wp-json\/wp\/v2\/comments?post=29542"}],"version-history":[{"count":1,"href":"https:\/\/paracherkaoui.ma\/index.php\/wp-json\/wp\/v2\/product\/29542\/revisions"}],"predecessor-version":[{"id":29585,"href":"https:\/\/paracherkaoui.ma\/index.php\/wp-json\/wp\/v2\/product\/29542\/revisions\/29585"}],"wp:featuredmedia":[{"embeddable":true,"href":"https:\/\/paracherkaoui.ma\/index.php\/wp-json\/wp\/v2\/media\/24451"}],"wp:attachment":[{"href":"https:\/\/paracherkaoui.ma\/index.php\/wp-json\/wp\/v2\/media?parent=29542"}],"wp:term":[{"taxonomy":"product_brand","embeddable":true,"href":"https:\/\/paracherkaoui.ma\/index.php\/wp-json\/wp\/v2\/product_brand?post=29542"},{"taxonomy":"product_cat","embeddable":true,"href":"https:\/\/paracherkaoui.ma\/index.php\/wp-json\/wp\/v2\/product_cat?post=29542"},{"taxonomy":"product_tag","embeddable":true,"href":"https:\/\/paracherkaoui.ma\/index.php\/wp-json\/wp\/v2\/product_tag?post=29542"}],"curies":[{"name":"wp","href":"https:\/\/api.w.org\/{rel}","templated":true}]}}