{"id":29541,"date":"2025-12-12T18:31:03","date_gmt":"2025-12-12T17:31:03","guid":{"rendered":"https:\/\/test.ecbeaute.com\/?post_type=product&#038;p=29541"},"modified":"2025-12-12T18:31:08","modified_gmt":"2025-12-12T17:31:08","slug":"eucerin-anti-pigment-serum-duo-30-ml-5","status":"publish","type":"product","link":"https:\/\/paracherkaoui.ma\/index.php\/produit\/eucerin-anti-pigment-serum-duo-30-ml-5\/","title":{"rendered":"EUCERIN ANTI PIGMENT SERUM DUO 30 ML"},"content":{"rendered":"<p>Le Thiamidol\u00ae, brevet\u00e9 et cliniquement prouv\u00e9, agit \u00e0 la source de l&rsquo;hyperpigmentation en r\u00e9gulant la production de m\u00e9lanine d\u00e8s le premier jour. Des r\u00e9sultats visibles apparaissent d\u00e8s deux semaines d\u2019utilisation r\u00e9guli\u00e8re. Ce principe actif est efficace sur toutes les carnations et contribue \u00e0 pr\u00e9venir la r\u00e9apparition des taches brunes, qu\u2019elles soient dues au soleil, aux hormones, ou au vieillissement.<br \/>\nL&rsquo;Acide Hyaluronique, reconnu pour ses propri\u00e9t\u00e9s hydratantes, aide \u00e0 capturer et retenir l\u2019eau dans les cellules cutan\u00e9es, lissant ainsi les ridules et procurant une peau plus ferme et \u00e9clatante. De plus, la Licochalcone A, d\u00e9riv\u00e9e de la r\u00e9glisse chinoise, agit comme un puissant antioxydant, neutralisant les radicaux libres et r\u00e9duisant l&rsquo;inflammation responsable de l&rsquo;aggravation des taches pigmentaires.<br \/>\nSa texture l\u00e9g\u00e8re p\u00e9n\u00e8tre rapidement, ne colle pas, et convient m\u00eame aux peaux les plus sensibles. Avec une utilisation r\u00e9guli\u00e8re, la peau para\u00eet r\u00e9g\u00e9n\u00e9r\u00e9e, le teint est visiblement unifi\u00e9, et l\u2019apparence des taches est r\u00e9duite pour une beaut\u00e9 \u00e9clatante au quotidien.<br \/>\nComposition<br \/>\nAqua, Alcohol Denat, Butylene Glycol, Glycerin, Isopropyl Palmitate, Cetearyl Isononanoate, Diisopropyl Adipate, Propylheptyl Caprylate, Cetearyl Alcohol, Distarch Phosphate, Isobutylamido Thiazolyl Resorcinol, Sodium Ascorbyl Phosphate, Sodium Hyaluronate, Glycyrrhiza Inflata Root Extract, Tocopherol, Glucosylrutin, Sodium Stearoyl Glutamate, Glyceryl Stearate, Hydroxypropyl Starch Phosphate, Dehydroxanthan Gum, Xanthan Gum, Gellan Gum, Dimethicone, Isoquercitrin, Citric Acid, Sodium Chloride, Ethylhexylglycerin, Trisodium EDTA, Phenoxyethanol, Parfum<br \/>\nConseils d&rsquo;utilisation<br \/>\nAppliquez matin et soir sur une peau propre et s\u00e8che avant votre cr\u00e8me hydratante.<br \/>\n\u00c9vitez tout contact avec les yeux.<br \/>\nPour des r\u00e9sultats optimaux, utilisez avec le Gel Nettoyant ANTI-PIGMENT d&rsquo;EUCERIN.<br \/>\nLimitez l\u2019exposition au soleil pendant et apr\u00e8s utilisation. Appliquez un \u00e9cran solaire pour prot\u00e9ger la peau.<\/p>\n","protected":false},"excerpt":{"rendered":"<p>Le Thiamidol\u00ae, brevet\u00e9 et cliniquement prouv\u00e9, agit \u00e0 la source de l&rsquo;hyperpigmentation en r\u00e9gulant la production de m\u00e9lanine d\u00e8s le<\/p>\n","protected":false},"featured_media":11743,"comment_status":"open","ping_status":"closed","template":"","meta":[],"product_brand":[134],"product_cat":[549],"product_tag":[],"class_list":{"0":"post-29541","1":"product","2":"type-product","3":"status-publish","4":"has-post-thumbnail","6":"product_brand-eucerin","7":"product_cat-cremes-depigmentantes","9":"first","10":"instock","11":"sale","12":"shipping-taxable","13":"purchasable","14":"product-type-simple"},"yoast_head":"<!-- This site is optimized with the Yoast SEO plugin v26.6 - https:\/\/yoast.com\/wordpress\/plugins\/seo\/ -->\r\n<title>EUCERIN ANTI PIGMENT SERUM DUO 30 ML - Paracherkaoui.ma<\/title>\r\n<meta name=\"robots\" content=\"index, follow, max-snippet:-1, max-image-preview:large, max-video-preview:-1\" \/>\r\n<link rel=\"canonical\" href=\"https:\/\/paracherkaoui.ma\/index.php\/produit\/eucerin-anti-pigment-serum-duo-30-ml-5\/\" \/>\r\n<meta property=\"og:locale\" content=\"fr_FR\" \/>\r\n<meta property=\"og:type\" content=\"article\" \/>\r\n<meta property=\"og:title\" content=\"EUCERIN ANTI PIGMENT SERUM DUO 30 ML - Paracherkaoui.ma\" \/>\r\n<meta property=\"og:description\" content=\"Le Thiamidol\u00ae, brevet\u00e9 et cliniquement prouv\u00e9, agit \u00e0 la source de l&rsquo;hyperpigmentation en r\u00e9gulant la production de m\u00e9lanine d\u00e8s le\" \/>\r\n<meta property=\"og:url\" content=\"https:\/\/paracherkaoui.ma\/index.php\/produit\/eucerin-anti-pigment-serum-duo-30-ml-5\/\" \/>\r\n<meta property=\"og:site_name\" content=\"Paracherkaoui.ma\" \/>\r\n<meta property=\"article:modified_time\" content=\"2025-12-12T17:31:08+00:00\" \/>\r\n<meta property=\"og:image\" content=\"https:\/\/paracherkaoui.ma\/wp-content\/uploads\/2025\/12\/eucerin-eucerin-anti-pigment-serum-duo-30-ml-cremes-depigmentantes.jpg\" \/>\r\n\t<meta property=\"og:image:width\" content=\"700\" \/>\r\n\t<meta property=\"og:image:height\" content=\"700\" \/>\r\n\t<meta property=\"og:image:type\" content=\"image\/jpeg\" \/>\r\n<meta name=\"twitter:card\" content=\"summary_large_image\" \/>\r\n<meta name=\"twitter:label1\" content=\"Dur\u00e9e de lecture estim\u00e9e\" \/>\n\t<meta name=\"twitter:data1\" content=\"2 minutes\" \/>\r\n<script type=\"application\/ld+json\" class=\"yoast-schema-graph\">{\"@context\":\"https:\/\/schema.org\",\"@graph\":[{\"@type\":\"WebPage\",\"@id\":\"https:\/\/paracherkaoui.ma\/index.php\/produit\/eucerin-anti-pigment-serum-duo-30-ml-5\/\",\"url\":\"https:\/\/paracherkaoui.ma\/index.php\/produit\/eucerin-anti-pigment-serum-duo-30-ml-5\/\",\"name\":\"EUCERIN ANTI PIGMENT SERUM DUO 30 ML - Paracherkaoui.ma\",\"isPartOf\":{\"@id\":\"https:\/\/paracherkaoui.ma\/#website\"},\"primaryImageOfPage\":{\"@id\":\"https:\/\/paracherkaoui.ma\/index.php\/produit\/eucerin-anti-pigment-serum-duo-30-ml-5\/#primaryimage\"},\"image\":{\"@id\":\"https:\/\/paracherkaoui.ma\/index.php\/produit\/eucerin-anti-pigment-serum-duo-30-ml-5\/#primaryimage\"},\"thumbnailUrl\":\"https:\/\/paracherkaoui.ma\/wp-content\/uploads\/2025\/12\/eucerin-eucerin-anti-pigment-serum-duo-30-ml-cremes-depigmentantes.jpg\",\"datePublished\":\"2025-12-12T17:31:03+00:00\",\"dateModified\":\"2025-12-12T17:31:08+00:00\",\"breadcrumb\":{\"@id\":\"https:\/\/paracherkaoui.ma\/index.php\/produit\/eucerin-anti-pigment-serum-duo-30-ml-5\/#breadcrumb\"},\"inLanguage\":\"fr-FR\",\"potentialAction\":[{\"@type\":\"ReadAction\",\"target\":[\"https:\/\/paracherkaoui.ma\/index.php\/produit\/eucerin-anti-pigment-serum-duo-30-ml-5\/\"]}]},{\"@type\":\"ImageObject\",\"inLanguage\":\"fr-FR\",\"@id\":\"https:\/\/paracherkaoui.ma\/index.php\/produit\/eucerin-anti-pigment-serum-duo-30-ml-5\/#primaryimage\",\"url\":\"https:\/\/paracherkaoui.ma\/wp-content\/uploads\/2025\/12\/eucerin-eucerin-anti-pigment-serum-duo-30-ml-cremes-depigmentantes.jpg\",\"contentUrl\":\"https:\/\/paracherkaoui.ma\/wp-content\/uploads\/2025\/12\/eucerin-eucerin-anti-pigment-serum-duo-30-ml-cremes-depigmentantes.jpg\",\"width\":700,\"height\":700},{\"@type\":\"BreadcrumbList\",\"@id\":\"https:\/\/paracherkaoui.ma\/index.php\/produit\/eucerin-anti-pigment-serum-duo-30-ml-5\/#breadcrumb\",\"itemListElement\":[{\"@type\":\"ListItem\",\"position\":1,\"name\":\"Accueil\",\"item\":\"https:\/\/paracherkaoui.ma\/\"},{\"@type\":\"ListItem\",\"position\":2,\"name\":\"Boutique\",\"item\":\"https:\/\/paracherkaoui.ma\/index.php\/boutique\/\"},{\"@type\":\"ListItem\",\"position\":3,\"name\":\"EUCERIN ANTI PIGMENT SERUM DUO 30 ML\"}]},{\"@type\":\"WebSite\",\"@id\":\"https:\/\/paracherkaoui.ma\/#website\",\"url\":\"https:\/\/paracherkaoui.ma\/\",\"name\":\"Paracherkaoui.ma\",\"description\":\"Achetez en ligne sur Paracherkaoui.ma\",\"potentialAction\":[{\"@type\":\"SearchAction\",\"target\":{\"@type\":\"EntryPoint\",\"urlTemplate\":\"https:\/\/paracherkaoui.ma\/?s={search_term_string}\"},\"query-input\":{\"@type\":\"PropertyValueSpecification\",\"valueRequired\":true,\"valueName\":\"search_term_string\"}}],\"inLanguage\":\"fr-FR\"}]}<\/script>\r\n<!-- \/ Yoast SEO plugin. -->","yoast_head_json":{"title":"EUCERIN ANTI PIGMENT SERUM DUO 30 ML - Paracherkaoui.ma","robots":{"index":"index","follow":"follow","max-snippet":"max-snippet:-1","max-image-preview":"max-image-preview:large","max-video-preview":"max-video-preview:-1"},"canonical":"https:\/\/paracherkaoui.ma\/index.php\/produit\/eucerin-anti-pigment-serum-duo-30-ml-5\/","og_locale":"fr_FR","og_type":"article","og_title":"EUCERIN ANTI PIGMENT SERUM DUO 30 ML - Paracherkaoui.ma","og_description":"Le Thiamidol\u00ae, brevet\u00e9 et cliniquement prouv\u00e9, agit \u00e0 la source de l&rsquo;hyperpigmentation en r\u00e9gulant la production de m\u00e9lanine d\u00e8s le","og_url":"https:\/\/paracherkaoui.ma\/index.php\/produit\/eucerin-anti-pigment-serum-duo-30-ml-5\/","og_site_name":"Paracherkaoui.ma","article_modified_time":"2025-12-12T17:31:08+00:00","og_image":[{"width":700,"height":700,"url":"https:\/\/paracherkaoui.ma\/wp-content\/uploads\/2025\/12\/eucerin-eucerin-anti-pigment-serum-duo-30-ml-cremes-depigmentantes.jpg","type":"image\/jpeg"}],"twitter_card":"summary_large_image","twitter_misc":{"Dur\u00e9e de lecture estim\u00e9e":"2 minutes"},"schema":{"@context":"https:\/\/schema.org","@graph":[{"@type":"WebPage","@id":"https:\/\/paracherkaoui.ma\/index.php\/produit\/eucerin-anti-pigment-serum-duo-30-ml-5\/","url":"https:\/\/paracherkaoui.ma\/index.php\/produit\/eucerin-anti-pigment-serum-duo-30-ml-5\/","name":"EUCERIN ANTI PIGMENT SERUM DUO 30 ML - Paracherkaoui.ma","isPartOf":{"@id":"https:\/\/paracherkaoui.ma\/#website"},"primaryImageOfPage":{"@id":"https:\/\/paracherkaoui.ma\/index.php\/produit\/eucerin-anti-pigment-serum-duo-30-ml-5\/#primaryimage"},"image":{"@id":"https:\/\/paracherkaoui.ma\/index.php\/produit\/eucerin-anti-pigment-serum-duo-30-ml-5\/#primaryimage"},"thumbnailUrl":"https:\/\/paracherkaoui.ma\/wp-content\/uploads\/2025\/12\/eucerin-eucerin-anti-pigment-serum-duo-30-ml-cremes-depigmentantes.jpg","datePublished":"2025-12-12T17:31:03+00:00","dateModified":"2025-12-12T17:31:08+00:00","breadcrumb":{"@id":"https:\/\/paracherkaoui.ma\/index.php\/produit\/eucerin-anti-pigment-serum-duo-30-ml-5\/#breadcrumb"},"inLanguage":"fr-FR","potentialAction":[{"@type":"ReadAction","target":["https:\/\/paracherkaoui.ma\/index.php\/produit\/eucerin-anti-pigment-serum-duo-30-ml-5\/"]}]},{"@type":"ImageObject","inLanguage":"fr-FR","@id":"https:\/\/paracherkaoui.ma\/index.php\/produit\/eucerin-anti-pigment-serum-duo-30-ml-5\/#primaryimage","url":"https:\/\/paracherkaoui.ma\/wp-content\/uploads\/2025\/12\/eucerin-eucerin-anti-pigment-serum-duo-30-ml-cremes-depigmentantes.jpg","contentUrl":"https:\/\/paracherkaoui.ma\/wp-content\/uploads\/2025\/12\/eucerin-eucerin-anti-pigment-serum-duo-30-ml-cremes-depigmentantes.jpg","width":700,"height":700},{"@type":"BreadcrumbList","@id":"https:\/\/paracherkaoui.ma\/index.php\/produit\/eucerin-anti-pigment-serum-duo-30-ml-5\/#breadcrumb","itemListElement":[{"@type":"ListItem","position":1,"name":"Accueil","item":"https:\/\/paracherkaoui.ma\/"},{"@type":"ListItem","position":2,"name":"Boutique","item":"https:\/\/paracherkaoui.ma\/index.php\/boutique\/"},{"@type":"ListItem","position":3,"name":"EUCERIN ANTI PIGMENT SERUM DUO 30 ML"}]},{"@type":"WebSite","@id":"https:\/\/paracherkaoui.ma\/#website","url":"https:\/\/paracherkaoui.ma\/","name":"Paracherkaoui.ma","description":"Achetez en ligne sur Paracherkaoui.ma","potentialAction":[{"@type":"SearchAction","target":{"@type":"EntryPoint","urlTemplate":"https:\/\/paracherkaoui.ma\/?s={search_term_string}"},"query-input":{"@type":"PropertyValueSpecification","valueRequired":true,"valueName":"search_term_string"}}],"inLanguage":"fr-FR"}]}},"_links":{"self":[{"href":"https:\/\/paracherkaoui.ma\/index.php\/wp-json\/wp\/v2\/product\/29541","targetHints":{"allow":["GET"]}}],"collection":[{"href":"https:\/\/paracherkaoui.ma\/index.php\/wp-json\/wp\/v2\/product"}],"about":[{"href":"https:\/\/paracherkaoui.ma\/index.php\/wp-json\/wp\/v2\/types\/product"}],"replies":[{"embeddable":true,"href":"https:\/\/paracherkaoui.ma\/index.php\/wp-json\/wp\/v2\/comments?post=29541"}],"version-history":[{"count":1,"href":"https:\/\/paracherkaoui.ma\/index.php\/wp-json\/wp\/v2\/product\/29541\/revisions"}],"predecessor-version":[{"id":29584,"href":"https:\/\/paracherkaoui.ma\/index.php\/wp-json\/wp\/v2\/product\/29541\/revisions\/29584"}],"wp:featuredmedia":[{"embeddable":true,"href":"https:\/\/paracherkaoui.ma\/index.php\/wp-json\/wp\/v2\/media\/11743"}],"wp:attachment":[{"href":"https:\/\/paracherkaoui.ma\/index.php\/wp-json\/wp\/v2\/media?parent=29541"}],"wp:term":[{"taxonomy":"product_brand","embeddable":true,"href":"https:\/\/paracherkaoui.ma\/index.php\/wp-json\/wp\/v2\/product_brand?post=29541"},{"taxonomy":"product_cat","embeddable":true,"href":"https:\/\/paracherkaoui.ma\/index.php\/wp-json\/wp\/v2\/product_cat?post=29541"},{"taxonomy":"product_tag","embeddable":true,"href":"https:\/\/paracherkaoui.ma\/index.php\/wp-json\/wp\/v2\/product_tag?post=29541"}],"curies":[{"name":"wp","href":"https:\/\/api.w.org\/{rel}","templated":true}]}}