{"id":29535,"date":"2025-12-12T18:31:02","date_gmt":"2025-12-12T17:31:02","guid":{"rendered":"https:\/\/test.ecbeaute.com\/?post_type=product&#038;p=29535"},"modified":"2025-12-12T18:31:07","modified_gmt":"2025-12-12T17:31:07","slug":"biomimetic-pre-base-traitement-eye-contour-global-10-ml","status":"publish","type":"product","link":"https:\/\/paracherkaoui.ma\/index.php\/produit\/biomimetic-pre-base-traitement-eye-contour-global-10-ml\/","title":{"rendered":"BIOMIMETIC PRE BASE TRAITEMENT EYE CONTOUR GLOBAL 10 ML"},"content":{"rendered":"<p>Pr\u00e9vention et traitement des rides et du rel\u00e2chement cutan\u00e9 autour des yeux\u00a0. Combat la flaccidit\u00e9 en am\u00e9liorant le tonus musculaire, en stimulant la synth\u00e8se de collag\u00e8ne, en r\u00e9g\u00e9n\u00e9rant la matrice dermique. Il permet de retrouver la fermet\u00e9, la douceur et l&rsquo;\u00e9lasticit\u00e9\u00a0, r\u00e9cup\u00e8re la paupi\u00e8re tombante, att\u00e9nue les rides, d\u00e9congestionne et att\u00e9nue les poches et les cernes. L&rsquo;action conjointe du DMAE, du Matrixyl\u00ae et du R\u00e9tinol am\u00e9liore le tonus musculaire\u00a0et stimule la synth\u00e8se de collag\u00e8ne, r\u00e9g\u00e9n\u00e9rant la matrice dermique pour am\u00e9liorer l&rsquo;\u00e9lasticit\u00e9, la douceur, l&rsquo;uniformit\u00e9 et la fermet\u00e9 de la peau.<br \/>\nTous les soins pr\u00e9-base int\u00e8grent comme base un traitement \u00e0 base d&rsquo;acide hyaluronique et d&rsquo;acides amin\u00e9s dont l&rsquo;excellente biocompatibilit\u00e9 avec la peau permet une p\u00e9n\u00e9tration rapide : hydratant, nourrissant et r\u00e9g\u00e9n\u00e9rant m\u00eame les couches les plus profondes de la peau.<br \/>\nConseils d&rsquo;utilisation:<br \/>\nAppliquer matin et soir, sur une peau propre et s\u00e8che autour de l&rsquo;\u0153il et toujours avant le produit habituel, pour renforcer son efficacit\u00e9.<br \/>\nAppliquer et \u00e9taler d\u00e9licatement sur la zone \u00e0 traiter \u00e0 l&rsquo;aide du roll-on. Masser du bout des doigts jusqu&rsquo;\u00e0 absorption compl\u00e8te.<\/p>\n","protected":false},"excerpt":{"rendered":"<p>Pr\u00e9vention et traitement des rides et du rel\u00e2chement cutan\u00e9 autour des yeux\u00a0. Combat la flaccidit\u00e9 en am\u00e9liorant le tonus musculaire,<\/p>\n","protected":false},"featured_media":29573,"comment_status":"open","ping_status":"closed","template":"","meta":[],"product_brand":[461],"product_cat":[545],"product_tag":[],"class_list":{"0":"post-29535","1":"product","2":"type-product","3":"status-publish","4":"has-post-thumbnail","6":"product_brand-biomimetic","7":"product_cat-soins-contours-yeux","9":"first","10":"instock","11":"sale","12":"shipping-taxable","13":"purchasable","14":"product-type-simple"},"yoast_head":"<!-- This site is optimized with the Yoast SEO plugin v26.6 - https:\/\/yoast.com\/wordpress\/plugins\/seo\/ -->\r\n<title>BIOMIMETIC PRE BASE TRAITEMENT EYE CONTOUR GLOBAL 10 ML - Paracherkaoui.ma<\/title>\r\n<meta name=\"robots\" content=\"index, follow, max-snippet:-1, max-image-preview:large, max-video-preview:-1\" \/>\r\n<link rel=\"canonical\" href=\"https:\/\/paracherkaoui.ma\/index.php\/produit\/biomimetic-pre-base-traitement-eye-contour-global-10-ml\/\" \/>\r\n<meta property=\"og:locale\" content=\"fr_FR\" \/>\r\n<meta property=\"og:type\" content=\"article\" \/>\r\n<meta property=\"og:title\" content=\"BIOMIMETIC PRE BASE TRAITEMENT EYE CONTOUR GLOBAL 10 ML - Paracherkaoui.ma\" \/>\r\n<meta property=\"og:description\" content=\"Pr\u00e9vention et traitement des rides et du rel\u00e2chement cutan\u00e9 autour des yeux\u00a0. Combat la flaccidit\u00e9 en am\u00e9liorant le tonus musculaire,\" \/>\r\n<meta property=\"og:url\" content=\"https:\/\/paracherkaoui.ma\/index.php\/produit\/biomimetic-pre-base-traitement-eye-contour-global-10-ml\/\" \/>\r\n<meta property=\"og:site_name\" content=\"Paracherkaoui.ma\" \/>\r\n<meta property=\"article:modified_time\" content=\"2025-12-12T17:31:07+00:00\" \/>\r\n<meta property=\"og:image\" content=\"https:\/\/paracherkaoui.ma\/wp-content\/uploads\/2025\/12\/biomimetic-biomimetic-pre-base-traitement-eye-contour-global-10-ml-yeux.jpg\" \/>\r\n\t<meta property=\"og:image:width\" content=\"700\" \/>\r\n\t<meta property=\"og:image:height\" content=\"700\" \/>\r\n\t<meta property=\"og:image:type\" content=\"image\/jpeg\" \/>\r\n<meta name=\"twitter:card\" content=\"summary_large_image\" \/>\r\n<meta name=\"twitter:label1\" content=\"Dur\u00e9e de lecture estim\u00e9e\" \/>\n\t<meta name=\"twitter:data1\" content=\"1 minute\" \/>\r\n<script type=\"application\/ld+json\" class=\"yoast-schema-graph\">{\"@context\":\"https:\/\/schema.org\",\"@graph\":[{\"@type\":\"WebPage\",\"@id\":\"https:\/\/paracherkaoui.ma\/index.php\/produit\/biomimetic-pre-base-traitement-eye-contour-global-10-ml\/\",\"url\":\"https:\/\/paracherkaoui.ma\/index.php\/produit\/biomimetic-pre-base-traitement-eye-contour-global-10-ml\/\",\"name\":\"BIOMIMETIC PRE BASE TRAITEMENT EYE CONTOUR GLOBAL 10 ML - Paracherkaoui.ma\",\"isPartOf\":{\"@id\":\"https:\/\/paracherkaoui.ma\/#website\"},\"primaryImageOfPage\":{\"@id\":\"https:\/\/paracherkaoui.ma\/index.php\/produit\/biomimetic-pre-base-traitement-eye-contour-global-10-ml\/#primaryimage\"},\"image\":{\"@id\":\"https:\/\/paracherkaoui.ma\/index.php\/produit\/biomimetic-pre-base-traitement-eye-contour-global-10-ml\/#primaryimage\"},\"thumbnailUrl\":\"https:\/\/paracherkaoui.ma\/wp-content\/uploads\/2025\/12\/biomimetic-biomimetic-pre-base-traitement-eye-contour-global-10-ml-yeux.jpg\",\"datePublished\":\"2025-12-12T17:31:02+00:00\",\"dateModified\":\"2025-12-12T17:31:07+00:00\",\"breadcrumb\":{\"@id\":\"https:\/\/paracherkaoui.ma\/index.php\/produit\/biomimetic-pre-base-traitement-eye-contour-global-10-ml\/#breadcrumb\"},\"inLanguage\":\"fr-FR\",\"potentialAction\":[{\"@type\":\"ReadAction\",\"target\":[\"https:\/\/paracherkaoui.ma\/index.php\/produit\/biomimetic-pre-base-traitement-eye-contour-global-10-ml\/\"]}]},{\"@type\":\"ImageObject\",\"inLanguage\":\"fr-FR\",\"@id\":\"https:\/\/paracherkaoui.ma\/index.php\/produit\/biomimetic-pre-base-traitement-eye-contour-global-10-ml\/#primaryimage\",\"url\":\"https:\/\/paracherkaoui.ma\/wp-content\/uploads\/2025\/12\/biomimetic-biomimetic-pre-base-traitement-eye-contour-global-10-ml-yeux.jpg\",\"contentUrl\":\"https:\/\/paracherkaoui.ma\/wp-content\/uploads\/2025\/12\/biomimetic-biomimetic-pre-base-traitement-eye-contour-global-10-ml-yeux.jpg\",\"width\":700,\"height\":700},{\"@type\":\"BreadcrumbList\",\"@id\":\"https:\/\/paracherkaoui.ma\/index.php\/produit\/biomimetic-pre-base-traitement-eye-contour-global-10-ml\/#breadcrumb\",\"itemListElement\":[{\"@type\":\"ListItem\",\"position\":1,\"name\":\"Accueil\",\"item\":\"https:\/\/paracherkaoui.ma\/\"},{\"@type\":\"ListItem\",\"position\":2,\"name\":\"Boutique\",\"item\":\"https:\/\/paracherkaoui.ma\/index.php\/boutique\/\"},{\"@type\":\"ListItem\",\"position\":3,\"name\":\"BIOMIMETIC PRE BASE TRAITEMENT EYE CONTOUR GLOBAL 10 ML\"}]},{\"@type\":\"WebSite\",\"@id\":\"https:\/\/paracherkaoui.ma\/#website\",\"url\":\"https:\/\/paracherkaoui.ma\/\",\"name\":\"Paracherkaoui.ma\",\"description\":\"Achetez en ligne sur Paracherkaoui.ma\",\"potentialAction\":[{\"@type\":\"SearchAction\",\"target\":{\"@type\":\"EntryPoint\",\"urlTemplate\":\"https:\/\/paracherkaoui.ma\/?s={search_term_string}\"},\"query-input\":{\"@type\":\"PropertyValueSpecification\",\"valueRequired\":true,\"valueName\":\"search_term_string\"}}],\"inLanguage\":\"fr-FR\"}]}<\/script>\r\n<!-- \/ Yoast SEO plugin. -->","yoast_head_json":{"title":"BIOMIMETIC PRE BASE TRAITEMENT EYE CONTOUR GLOBAL 10 ML - Paracherkaoui.ma","robots":{"index":"index","follow":"follow","max-snippet":"max-snippet:-1","max-image-preview":"max-image-preview:large","max-video-preview":"max-video-preview:-1"},"canonical":"https:\/\/paracherkaoui.ma\/index.php\/produit\/biomimetic-pre-base-traitement-eye-contour-global-10-ml\/","og_locale":"fr_FR","og_type":"article","og_title":"BIOMIMETIC PRE BASE TRAITEMENT EYE CONTOUR GLOBAL 10 ML - Paracherkaoui.ma","og_description":"Pr\u00e9vention et traitement des rides et du rel\u00e2chement cutan\u00e9 autour des yeux\u00a0. Combat la flaccidit\u00e9 en am\u00e9liorant le tonus musculaire,","og_url":"https:\/\/paracherkaoui.ma\/index.php\/produit\/biomimetic-pre-base-traitement-eye-contour-global-10-ml\/","og_site_name":"Paracherkaoui.ma","article_modified_time":"2025-12-12T17:31:07+00:00","og_image":[{"width":700,"height":700,"url":"https:\/\/paracherkaoui.ma\/wp-content\/uploads\/2025\/12\/biomimetic-biomimetic-pre-base-traitement-eye-contour-global-10-ml-yeux.jpg","type":"image\/jpeg"}],"twitter_card":"summary_large_image","twitter_misc":{"Dur\u00e9e de lecture estim\u00e9e":"1 minute"},"schema":{"@context":"https:\/\/schema.org","@graph":[{"@type":"WebPage","@id":"https:\/\/paracherkaoui.ma\/index.php\/produit\/biomimetic-pre-base-traitement-eye-contour-global-10-ml\/","url":"https:\/\/paracherkaoui.ma\/index.php\/produit\/biomimetic-pre-base-traitement-eye-contour-global-10-ml\/","name":"BIOMIMETIC PRE BASE TRAITEMENT EYE CONTOUR GLOBAL 10 ML - Paracherkaoui.ma","isPartOf":{"@id":"https:\/\/paracherkaoui.ma\/#website"},"primaryImageOfPage":{"@id":"https:\/\/paracherkaoui.ma\/index.php\/produit\/biomimetic-pre-base-traitement-eye-contour-global-10-ml\/#primaryimage"},"image":{"@id":"https:\/\/paracherkaoui.ma\/index.php\/produit\/biomimetic-pre-base-traitement-eye-contour-global-10-ml\/#primaryimage"},"thumbnailUrl":"https:\/\/paracherkaoui.ma\/wp-content\/uploads\/2025\/12\/biomimetic-biomimetic-pre-base-traitement-eye-contour-global-10-ml-yeux.jpg","datePublished":"2025-12-12T17:31:02+00:00","dateModified":"2025-12-12T17:31:07+00:00","breadcrumb":{"@id":"https:\/\/paracherkaoui.ma\/index.php\/produit\/biomimetic-pre-base-traitement-eye-contour-global-10-ml\/#breadcrumb"},"inLanguage":"fr-FR","potentialAction":[{"@type":"ReadAction","target":["https:\/\/paracherkaoui.ma\/index.php\/produit\/biomimetic-pre-base-traitement-eye-contour-global-10-ml\/"]}]},{"@type":"ImageObject","inLanguage":"fr-FR","@id":"https:\/\/paracherkaoui.ma\/index.php\/produit\/biomimetic-pre-base-traitement-eye-contour-global-10-ml\/#primaryimage","url":"https:\/\/paracherkaoui.ma\/wp-content\/uploads\/2025\/12\/biomimetic-biomimetic-pre-base-traitement-eye-contour-global-10-ml-yeux.jpg","contentUrl":"https:\/\/paracherkaoui.ma\/wp-content\/uploads\/2025\/12\/biomimetic-biomimetic-pre-base-traitement-eye-contour-global-10-ml-yeux.jpg","width":700,"height":700},{"@type":"BreadcrumbList","@id":"https:\/\/paracherkaoui.ma\/index.php\/produit\/biomimetic-pre-base-traitement-eye-contour-global-10-ml\/#breadcrumb","itemListElement":[{"@type":"ListItem","position":1,"name":"Accueil","item":"https:\/\/paracherkaoui.ma\/"},{"@type":"ListItem","position":2,"name":"Boutique","item":"https:\/\/paracherkaoui.ma\/index.php\/boutique\/"},{"@type":"ListItem","position":3,"name":"BIOMIMETIC PRE BASE TRAITEMENT EYE CONTOUR GLOBAL 10 ML"}]},{"@type":"WebSite","@id":"https:\/\/paracherkaoui.ma\/#website","url":"https:\/\/paracherkaoui.ma\/","name":"Paracherkaoui.ma","description":"Achetez en ligne sur Paracherkaoui.ma","potentialAction":[{"@type":"SearchAction","target":{"@type":"EntryPoint","urlTemplate":"https:\/\/paracherkaoui.ma\/?s={search_term_string}"},"query-input":{"@type":"PropertyValueSpecification","valueRequired":true,"valueName":"search_term_string"}}],"inLanguage":"fr-FR"}]}},"_links":{"self":[{"href":"https:\/\/paracherkaoui.ma\/index.php\/wp-json\/wp\/v2\/product\/29535","targetHints":{"allow":["GET"]}}],"collection":[{"href":"https:\/\/paracherkaoui.ma\/index.php\/wp-json\/wp\/v2\/product"}],"about":[{"href":"https:\/\/paracherkaoui.ma\/index.php\/wp-json\/wp\/v2\/types\/product"}],"replies":[{"embeddable":true,"href":"https:\/\/paracherkaoui.ma\/index.php\/wp-json\/wp\/v2\/comments?post=29535"}],"version-history":[{"count":1,"href":"https:\/\/paracherkaoui.ma\/index.php\/wp-json\/wp\/v2\/product\/29535\/revisions"}],"predecessor-version":[{"id":29574,"href":"https:\/\/paracherkaoui.ma\/index.php\/wp-json\/wp\/v2\/product\/29535\/revisions\/29574"}],"wp:featuredmedia":[{"embeddable":true,"href":"https:\/\/paracherkaoui.ma\/index.php\/wp-json\/wp\/v2\/media\/29573"}],"wp:attachment":[{"href":"https:\/\/paracherkaoui.ma\/index.php\/wp-json\/wp\/v2\/media?parent=29535"}],"wp:term":[{"taxonomy":"product_brand","embeddable":true,"href":"https:\/\/paracherkaoui.ma\/index.php\/wp-json\/wp\/v2\/product_brand?post=29535"},{"taxonomy":"product_cat","embeddable":true,"href":"https:\/\/paracherkaoui.ma\/index.php\/wp-json\/wp\/v2\/product_cat?post=29535"},{"taxonomy":"product_tag","embeddable":true,"href":"https:\/\/paracherkaoui.ma\/index.php\/wp-json\/wp\/v2\/product_tag?post=29535"}],"curies":[{"name":"wp","href":"https:\/\/api.w.org\/{rel}","templated":true}]}}