{"id":29466,"date":"2025-12-12T18:30:55","date_gmt":"2025-12-12T17:30:55","guid":{"rendered":"https:\/\/test.ecbeaute.com\/?post_type=product&#038;p=29466"},"modified":"2025-12-12T18:31:02","modified_gmt":"2025-12-12T17:31:02","slug":"sesderma-samay-contour-des-yeux-anti-age-15-ml","status":"publish","type":"product","link":"https:\/\/paracherkaoui.ma\/index.php\/produit\/sesderma-samay-contour-des-yeux-anti-age-15-ml\/","title":{"rendered":"SESDERMA SAMAY CONTOUR DES YEUX ANTI-AGE 15 ML"},"content":{"rendered":"<p>Une caresse de jouvence<br \/>\nCr\u00e8me de contour des yeux pour les peaux sensibles. D\u00e9licatement formul\u00e9 pour lutter contre les rides p\u00e9ri-oculaires, les cernes et les poches sur les peaux sensibles. Il compl\u00e8te l&rsquo;action antivieillissement avec des principes actifs r\u00e9parateurs de la fonction de barri\u00e8re et hydratante, et apporte moins d&rsquo;irritation et une tol\u00e9rance maximale.<br \/>\nSi la peau du contour des yeux est d\u00e9j\u00e0 plus sensible que celle du reste du visage, lorsque vous avez une peau sensible ou r\u00e9active, trouver un contour des yeux appropri\u00e9 devient presque mission impossible. Mais vous pouvez d\u00e9j\u00e0 respirer tranquillement, car Samay contour des yeux, aide \u00e0 lutter contre les signes de vieillissement, quand votre visage ne supporte plus rien. Samay est l&rsquo;anti-rides sp\u00e9cifique pour les peaux sensibles, il la soigne avec sa texture enveloppante et adapt\u00e9 au bien-\u00eatre des peaux les plus sensibles. Essayez \u00e9galement la cr\u00e8me Samay et le s\u00e9rum Samay. Et donnez un nouveau souffle \u00e0 votre peau !<\/p>\n","protected":false},"excerpt":{"rendered":"<p>Une caresse de jouvence Cr\u00e8me de contour des yeux pour les peaux sensibles. D\u00e9licatement formul\u00e9 pour lutter contre les rides<\/p>\n","protected":false},"featured_media":29523,"comment_status":"open","ping_status":"closed","template":"","meta":[],"product_brand":[390],"product_cat":[545],"product_tag":[],"class_list":{"0":"post-29466","1":"product","2":"type-product","3":"status-publish","4":"has-post-thumbnail","6":"product_brand-sesderma","7":"product_cat-soins-contours-yeux","9":"first","10":"instock","11":"sale","12":"shipping-taxable","13":"purchasable","14":"product-type-simple"},"yoast_head":"<!-- This site is optimized with the Yoast SEO plugin v26.6 - https:\/\/yoast.com\/wordpress\/plugins\/seo\/ -->\r\n<title>SESDERMA SAMAY CONTOUR DES YEUX ANTI-AGE 15 ML - Paracherkaoui.ma<\/title>\r\n<meta name=\"robots\" content=\"index, follow, max-snippet:-1, max-image-preview:large, max-video-preview:-1\" \/>\r\n<link rel=\"canonical\" href=\"https:\/\/paracherkaoui.ma\/index.php\/produit\/sesderma-samay-contour-des-yeux-anti-age-15-ml\/\" \/>\r\n<meta property=\"og:locale\" content=\"fr_FR\" \/>\r\n<meta property=\"og:type\" content=\"article\" \/>\r\n<meta property=\"og:title\" content=\"SESDERMA SAMAY CONTOUR DES YEUX ANTI-AGE 15 ML - Paracherkaoui.ma\" \/>\r\n<meta property=\"og:description\" content=\"Une caresse de jouvence Cr\u00e8me de contour des yeux pour les peaux sensibles. D\u00e9licatement formul\u00e9 pour lutter contre les rides\" \/>\r\n<meta property=\"og:url\" content=\"https:\/\/paracherkaoui.ma\/index.php\/produit\/sesderma-samay-contour-des-yeux-anti-age-15-ml\/\" \/>\r\n<meta property=\"og:site_name\" content=\"Paracherkaoui.ma\" \/>\r\n<meta property=\"article:modified_time\" content=\"2025-12-12T17:31:02+00:00\" \/>\r\n<meta property=\"og:image\" content=\"https:\/\/paracherkaoui.ma\/wp-content\/uploads\/2025\/12\/sesderma-sesderma-samay-contour-des-yeux-anti-age-15-ml-yeux.jpg\" \/>\r\n\t<meta property=\"og:image:width\" content=\"700\" \/>\r\n\t<meta property=\"og:image:height\" content=\"700\" \/>\r\n\t<meta property=\"og:image:type\" content=\"image\/jpeg\" \/>\r\n<meta name=\"twitter:card\" content=\"summary_large_image\" \/>\r\n<meta name=\"twitter:label1\" content=\"Dur\u00e9e de lecture estim\u00e9e\" \/>\n\t<meta name=\"twitter:data1\" content=\"1 minute\" \/>\r\n<script type=\"application\/ld+json\" class=\"yoast-schema-graph\">{\"@context\":\"https:\/\/schema.org\",\"@graph\":[{\"@type\":\"WebPage\",\"@id\":\"https:\/\/paracherkaoui.ma\/index.php\/produit\/sesderma-samay-contour-des-yeux-anti-age-15-ml\/\",\"url\":\"https:\/\/paracherkaoui.ma\/index.php\/produit\/sesderma-samay-contour-des-yeux-anti-age-15-ml\/\",\"name\":\"SESDERMA SAMAY CONTOUR DES YEUX ANTI-AGE 15 ML - Paracherkaoui.ma\",\"isPartOf\":{\"@id\":\"https:\/\/paracherkaoui.ma\/#website\"},\"primaryImageOfPage\":{\"@id\":\"https:\/\/paracherkaoui.ma\/index.php\/produit\/sesderma-samay-contour-des-yeux-anti-age-15-ml\/#primaryimage\"},\"image\":{\"@id\":\"https:\/\/paracherkaoui.ma\/index.php\/produit\/sesderma-samay-contour-des-yeux-anti-age-15-ml\/#primaryimage\"},\"thumbnailUrl\":\"https:\/\/paracherkaoui.ma\/wp-content\/uploads\/2025\/12\/sesderma-sesderma-samay-contour-des-yeux-anti-age-15-ml-yeux.jpg\",\"datePublished\":\"2025-12-12T17:30:55+00:00\",\"dateModified\":\"2025-12-12T17:31:02+00:00\",\"breadcrumb\":{\"@id\":\"https:\/\/paracherkaoui.ma\/index.php\/produit\/sesderma-samay-contour-des-yeux-anti-age-15-ml\/#breadcrumb\"},\"inLanguage\":\"fr-FR\",\"potentialAction\":[{\"@type\":\"ReadAction\",\"target\":[\"https:\/\/paracherkaoui.ma\/index.php\/produit\/sesderma-samay-contour-des-yeux-anti-age-15-ml\/\"]}]},{\"@type\":\"ImageObject\",\"inLanguage\":\"fr-FR\",\"@id\":\"https:\/\/paracherkaoui.ma\/index.php\/produit\/sesderma-samay-contour-des-yeux-anti-age-15-ml\/#primaryimage\",\"url\":\"https:\/\/paracherkaoui.ma\/wp-content\/uploads\/2025\/12\/sesderma-sesderma-samay-contour-des-yeux-anti-age-15-ml-yeux.jpg\",\"contentUrl\":\"https:\/\/paracherkaoui.ma\/wp-content\/uploads\/2025\/12\/sesderma-sesderma-samay-contour-des-yeux-anti-age-15-ml-yeux.jpg\",\"width\":700,\"height\":700},{\"@type\":\"BreadcrumbList\",\"@id\":\"https:\/\/paracherkaoui.ma\/index.php\/produit\/sesderma-samay-contour-des-yeux-anti-age-15-ml\/#breadcrumb\",\"itemListElement\":[{\"@type\":\"ListItem\",\"position\":1,\"name\":\"Accueil\",\"item\":\"https:\/\/paracherkaoui.ma\/\"},{\"@type\":\"ListItem\",\"position\":2,\"name\":\"Boutique\",\"item\":\"https:\/\/paracherkaoui.ma\/index.php\/boutique\/\"},{\"@type\":\"ListItem\",\"position\":3,\"name\":\"SESDERMA SAMAY CONTOUR DES YEUX ANTI-AGE 15 ML\"}]},{\"@type\":\"WebSite\",\"@id\":\"https:\/\/paracherkaoui.ma\/#website\",\"url\":\"https:\/\/paracherkaoui.ma\/\",\"name\":\"Paracherkaoui.ma\",\"description\":\"Achetez en ligne sur Paracherkaoui.ma\",\"potentialAction\":[{\"@type\":\"SearchAction\",\"target\":{\"@type\":\"EntryPoint\",\"urlTemplate\":\"https:\/\/paracherkaoui.ma\/?s={search_term_string}\"},\"query-input\":{\"@type\":\"PropertyValueSpecification\",\"valueRequired\":true,\"valueName\":\"search_term_string\"}}],\"inLanguage\":\"fr-FR\"}]}<\/script>\r\n<!-- \/ Yoast SEO plugin. -->","yoast_head_json":{"title":"SESDERMA SAMAY CONTOUR DES YEUX ANTI-AGE 15 ML - Paracherkaoui.ma","robots":{"index":"index","follow":"follow","max-snippet":"max-snippet:-1","max-image-preview":"max-image-preview:large","max-video-preview":"max-video-preview:-1"},"canonical":"https:\/\/paracherkaoui.ma\/index.php\/produit\/sesderma-samay-contour-des-yeux-anti-age-15-ml\/","og_locale":"fr_FR","og_type":"article","og_title":"SESDERMA SAMAY CONTOUR DES YEUX ANTI-AGE 15 ML - Paracherkaoui.ma","og_description":"Une caresse de jouvence Cr\u00e8me de contour des yeux pour les peaux sensibles. D\u00e9licatement formul\u00e9 pour lutter contre les rides","og_url":"https:\/\/paracherkaoui.ma\/index.php\/produit\/sesderma-samay-contour-des-yeux-anti-age-15-ml\/","og_site_name":"Paracherkaoui.ma","article_modified_time":"2025-12-12T17:31:02+00:00","og_image":[{"width":700,"height":700,"url":"https:\/\/paracherkaoui.ma\/wp-content\/uploads\/2025\/12\/sesderma-sesderma-samay-contour-des-yeux-anti-age-15-ml-yeux.jpg","type":"image\/jpeg"}],"twitter_card":"summary_large_image","twitter_misc":{"Dur\u00e9e de lecture estim\u00e9e":"1 minute"},"schema":{"@context":"https:\/\/schema.org","@graph":[{"@type":"WebPage","@id":"https:\/\/paracherkaoui.ma\/index.php\/produit\/sesderma-samay-contour-des-yeux-anti-age-15-ml\/","url":"https:\/\/paracherkaoui.ma\/index.php\/produit\/sesderma-samay-contour-des-yeux-anti-age-15-ml\/","name":"SESDERMA SAMAY CONTOUR DES YEUX ANTI-AGE 15 ML - Paracherkaoui.ma","isPartOf":{"@id":"https:\/\/paracherkaoui.ma\/#website"},"primaryImageOfPage":{"@id":"https:\/\/paracherkaoui.ma\/index.php\/produit\/sesderma-samay-contour-des-yeux-anti-age-15-ml\/#primaryimage"},"image":{"@id":"https:\/\/paracherkaoui.ma\/index.php\/produit\/sesderma-samay-contour-des-yeux-anti-age-15-ml\/#primaryimage"},"thumbnailUrl":"https:\/\/paracherkaoui.ma\/wp-content\/uploads\/2025\/12\/sesderma-sesderma-samay-contour-des-yeux-anti-age-15-ml-yeux.jpg","datePublished":"2025-12-12T17:30:55+00:00","dateModified":"2025-12-12T17:31:02+00:00","breadcrumb":{"@id":"https:\/\/paracherkaoui.ma\/index.php\/produit\/sesderma-samay-contour-des-yeux-anti-age-15-ml\/#breadcrumb"},"inLanguage":"fr-FR","potentialAction":[{"@type":"ReadAction","target":["https:\/\/paracherkaoui.ma\/index.php\/produit\/sesderma-samay-contour-des-yeux-anti-age-15-ml\/"]}]},{"@type":"ImageObject","inLanguage":"fr-FR","@id":"https:\/\/paracherkaoui.ma\/index.php\/produit\/sesderma-samay-contour-des-yeux-anti-age-15-ml\/#primaryimage","url":"https:\/\/paracherkaoui.ma\/wp-content\/uploads\/2025\/12\/sesderma-sesderma-samay-contour-des-yeux-anti-age-15-ml-yeux.jpg","contentUrl":"https:\/\/paracherkaoui.ma\/wp-content\/uploads\/2025\/12\/sesderma-sesderma-samay-contour-des-yeux-anti-age-15-ml-yeux.jpg","width":700,"height":700},{"@type":"BreadcrumbList","@id":"https:\/\/paracherkaoui.ma\/index.php\/produit\/sesderma-samay-contour-des-yeux-anti-age-15-ml\/#breadcrumb","itemListElement":[{"@type":"ListItem","position":1,"name":"Accueil","item":"https:\/\/paracherkaoui.ma\/"},{"@type":"ListItem","position":2,"name":"Boutique","item":"https:\/\/paracherkaoui.ma\/index.php\/boutique\/"},{"@type":"ListItem","position":3,"name":"SESDERMA SAMAY CONTOUR DES YEUX ANTI-AGE 15 ML"}]},{"@type":"WebSite","@id":"https:\/\/paracherkaoui.ma\/#website","url":"https:\/\/paracherkaoui.ma\/","name":"Paracherkaoui.ma","description":"Achetez en ligne sur Paracherkaoui.ma","potentialAction":[{"@type":"SearchAction","target":{"@type":"EntryPoint","urlTemplate":"https:\/\/paracherkaoui.ma\/?s={search_term_string}"},"query-input":{"@type":"PropertyValueSpecification","valueRequired":true,"valueName":"search_term_string"}}],"inLanguage":"fr-FR"}]}},"_links":{"self":[{"href":"https:\/\/paracherkaoui.ma\/index.php\/wp-json\/wp\/v2\/product\/29466","targetHints":{"allow":["GET"]}}],"collection":[{"href":"https:\/\/paracherkaoui.ma\/index.php\/wp-json\/wp\/v2\/product"}],"about":[{"href":"https:\/\/paracherkaoui.ma\/index.php\/wp-json\/wp\/v2\/types\/product"}],"replies":[{"embeddable":true,"href":"https:\/\/paracherkaoui.ma\/index.php\/wp-json\/wp\/v2\/comments?post=29466"}],"version-history":[{"count":1,"href":"https:\/\/paracherkaoui.ma\/index.php\/wp-json\/wp\/v2\/product\/29466\/revisions"}],"predecessor-version":[{"id":29524,"href":"https:\/\/paracherkaoui.ma\/index.php\/wp-json\/wp\/v2\/product\/29466\/revisions\/29524"}],"wp:featuredmedia":[{"embeddable":true,"href":"https:\/\/paracherkaoui.ma\/index.php\/wp-json\/wp\/v2\/media\/29523"}],"wp:attachment":[{"href":"https:\/\/paracherkaoui.ma\/index.php\/wp-json\/wp\/v2\/media?parent=29466"}],"wp:term":[{"taxonomy":"product_brand","embeddable":true,"href":"https:\/\/paracherkaoui.ma\/index.php\/wp-json\/wp\/v2\/product_brand?post=29466"},{"taxonomy":"product_cat","embeddable":true,"href":"https:\/\/paracherkaoui.ma\/index.php\/wp-json\/wp\/v2\/product_cat?post=29466"},{"taxonomy":"product_tag","embeddable":true,"href":"https:\/\/paracherkaoui.ma\/index.php\/wp-json\/wp\/v2\/product_tag?post=29466"}],"curies":[{"name":"wp","href":"https:\/\/api.w.org\/{rel}","templated":true}]}}