{"id":29459,"date":"2025-12-12T18:30:54","date_gmt":"2025-12-12T17:30:54","guid":{"rendered":"https:\/\/test.ecbeaute.com\/?post_type=product&#038;p=29459"},"modified":"2025-12-12T18:31:00","modified_gmt":"2025-12-12T17:31:00","slug":"biotherm-life-plankton-soin-anti-age-yeux-15-ml","status":"publish","type":"product","link":"https:\/\/paracherkaoui.ma\/index.php\/produit\/biotherm-life-plankton-soin-anti-age-yeux-15-ml\/","title":{"rendered":"BIOTHERM LIFE PLANKTON SOIN ANTI AGE YEUX 15 ML"},"content":{"rendered":"<p>Le soin Biotherm Life Plankton Eye 15 ml est une v\u00e9ritable r\u00e9volution pour le contour des yeux. Avec le temps, la matrice cutan\u00e9e se d\u00e9grade, provoquant l&rsquo;apparition de micro-rides, de cernes et une perte de fermet\u00e9. Formul\u00e9 avec une concentration exceptionnelle de 5 % de Plancton de Vie\u2122, ce soin r\u00e9g\u00e9n\u00e8re intens\u00e9ment la peau d\u00e9licate du contour des yeux. D\u00e8s 8 jours d&rsquo;application, il agit en profondeur pour att\u00e9nuer les signes visibles du vieillissement tels que les rides, les ridules et les gonflements.<br \/>\nCe soin innovant lisse et redessine le contour de l\u2019\u0153il, offrant un regard plus lumineux et rajeuni. Gr\u00e2ce \u00e0 sa texture l\u00e9g\u00e8re combinant la fra\u00eecheur d&rsquo;un gel et la richesse d&rsquo;une cr\u00e8me, il procure une sensation imm\u00e9diate de confort et d&rsquo;hydratation, tout en raffermissant la peau pour une meilleure r\u00e9sistance aux agressions ext\u00e9rieures quotidiennes.<br \/>\nLa nouvelle technologie correctrice permet de r\u00e9duire visiblement les cernes et les autres imperfections, tout en am\u00e9liorant la tenue du maquillage. Le contour des yeux retrouve volume et \u00e9lasticit\u00e9, pour un regard \u00e9clatant de jeunesse, jour apr\u00e8s jour. Avec Life Plankton\u2122 Eye, offrez \u00e0 votre regard une nouvelle vie, une peau plus lisse, un \u00e9clat retrouv\u00e9, et une protection renforc\u00e9e.<br \/>\nConseils d&rsquo;utilisation :<br \/>\nAppliquez matin et soir sur une peau propre.<br \/>\nPr\u00e9levez une petite quantit\u00e9 de produit et tapotez d\u00e9licatement du bout des doigts sur le contour des yeux.<br \/>\nMassez l\u00e9g\u00e8rement pour faire p\u00e9n\u00e9trer le soin, de l&rsquo;int\u00e9rieur vers l&rsquo;ext\u00e9rieur.<\/p>\n","protected":false},"excerpt":{"rendered":"<p>Le soin Biotherm Life Plankton Eye 15 ml est une v\u00e9ritable r\u00e9volution pour le contour des yeux. Avec le temps,<\/p>\n","protected":false},"featured_media":29509,"comment_status":"open","ping_status":"closed","template":"","meta":[],"product_brand":[391],"product_cat":[545],"product_tag":[],"class_list":{"0":"post-29459","1":"product","2":"type-product","3":"status-publish","4":"has-post-thumbnail","6":"product_brand-biotherm","7":"product_cat-soins-contours-yeux","9":"first","10":"instock","11":"shipping-taxable","12":"purchasable","13":"product-type-simple"},"yoast_head":"<!-- This site is optimized with the Yoast SEO plugin v26.6 - https:\/\/yoast.com\/wordpress\/plugins\/seo\/ -->\r\n<title>BIOTHERM LIFE PLANKTON SOIN ANTI AGE YEUX 15 ML - Paracherkaoui.ma<\/title>\r\n<meta name=\"robots\" content=\"index, follow, max-snippet:-1, max-image-preview:large, max-video-preview:-1\" \/>\r\n<link rel=\"canonical\" href=\"https:\/\/paracherkaoui.ma\/index.php\/produit\/biotherm-life-plankton-soin-anti-age-yeux-15-ml\/\" \/>\r\n<meta property=\"og:locale\" content=\"fr_FR\" \/>\r\n<meta property=\"og:type\" content=\"article\" \/>\r\n<meta property=\"og:title\" content=\"BIOTHERM LIFE PLANKTON SOIN ANTI AGE YEUX 15 ML - Paracherkaoui.ma\" \/>\r\n<meta property=\"og:description\" content=\"Le soin Biotherm Life Plankton Eye 15 ml est une v\u00e9ritable r\u00e9volution pour le contour des yeux. Avec le temps,\" \/>\r\n<meta property=\"og:url\" content=\"https:\/\/paracherkaoui.ma\/index.php\/produit\/biotherm-life-plankton-soin-anti-age-yeux-15-ml\/\" \/>\r\n<meta property=\"og:site_name\" content=\"Paracherkaoui.ma\" \/>\r\n<meta property=\"article:modified_time\" content=\"2025-12-12T17:31:00+00:00\" \/>\r\n<meta property=\"og:image\" content=\"https:\/\/paracherkaoui.ma\/wp-content\/uploads\/2025\/12\/biotherm-life-plankton-soin-anti-age-yeux-15-ml.jpg\" \/>\r\n\t<meta property=\"og:image:width\" content=\"700\" \/>\r\n\t<meta property=\"og:image:height\" content=\"700\" \/>\r\n\t<meta property=\"og:image:type\" content=\"image\/jpeg\" \/>\r\n<meta name=\"twitter:card\" content=\"summary_large_image\" \/>\r\n<meta name=\"twitter:label1\" content=\"Dur\u00e9e de lecture estim\u00e9e\" \/>\n\t<meta name=\"twitter:data1\" content=\"1 minute\" \/>\r\n<script type=\"application\/ld+json\" class=\"yoast-schema-graph\">{\"@context\":\"https:\/\/schema.org\",\"@graph\":[{\"@type\":\"WebPage\",\"@id\":\"https:\/\/paracherkaoui.ma\/index.php\/produit\/biotherm-life-plankton-soin-anti-age-yeux-15-ml\/\",\"url\":\"https:\/\/paracherkaoui.ma\/index.php\/produit\/biotherm-life-plankton-soin-anti-age-yeux-15-ml\/\",\"name\":\"BIOTHERM LIFE PLANKTON SOIN ANTI AGE YEUX 15 ML - Paracherkaoui.ma\",\"isPartOf\":{\"@id\":\"https:\/\/paracherkaoui.ma\/#website\"},\"primaryImageOfPage\":{\"@id\":\"https:\/\/paracherkaoui.ma\/index.php\/produit\/biotherm-life-plankton-soin-anti-age-yeux-15-ml\/#primaryimage\"},\"image\":{\"@id\":\"https:\/\/paracherkaoui.ma\/index.php\/produit\/biotherm-life-plankton-soin-anti-age-yeux-15-ml\/#primaryimage\"},\"thumbnailUrl\":\"https:\/\/paracherkaoui.ma\/wp-content\/uploads\/2025\/12\/biotherm-life-plankton-soin-anti-age-yeux-15-ml.jpg\",\"datePublished\":\"2025-12-12T17:30:54+00:00\",\"dateModified\":\"2025-12-12T17:31:00+00:00\",\"breadcrumb\":{\"@id\":\"https:\/\/paracherkaoui.ma\/index.php\/produit\/biotherm-life-plankton-soin-anti-age-yeux-15-ml\/#breadcrumb\"},\"inLanguage\":\"fr-FR\",\"potentialAction\":[{\"@type\":\"ReadAction\",\"target\":[\"https:\/\/paracherkaoui.ma\/index.php\/produit\/biotherm-life-plankton-soin-anti-age-yeux-15-ml\/\"]}]},{\"@type\":\"ImageObject\",\"inLanguage\":\"fr-FR\",\"@id\":\"https:\/\/paracherkaoui.ma\/index.php\/produit\/biotherm-life-plankton-soin-anti-age-yeux-15-ml\/#primaryimage\",\"url\":\"https:\/\/paracherkaoui.ma\/wp-content\/uploads\/2025\/12\/biotherm-life-plankton-soin-anti-age-yeux-15-ml.jpg\",\"contentUrl\":\"https:\/\/paracherkaoui.ma\/wp-content\/uploads\/2025\/12\/biotherm-life-plankton-soin-anti-age-yeux-15-ml.jpg\",\"width\":700,\"height\":700},{\"@type\":\"BreadcrumbList\",\"@id\":\"https:\/\/paracherkaoui.ma\/index.php\/produit\/biotherm-life-plankton-soin-anti-age-yeux-15-ml\/#breadcrumb\",\"itemListElement\":[{\"@type\":\"ListItem\",\"position\":1,\"name\":\"Accueil\",\"item\":\"https:\/\/paracherkaoui.ma\/\"},{\"@type\":\"ListItem\",\"position\":2,\"name\":\"Boutique\",\"item\":\"https:\/\/paracherkaoui.ma\/index.php\/boutique\/\"},{\"@type\":\"ListItem\",\"position\":3,\"name\":\"BIOTHERM LIFE PLANKTON SOIN ANTI AGE YEUX 15 ML\"}]},{\"@type\":\"WebSite\",\"@id\":\"https:\/\/paracherkaoui.ma\/#website\",\"url\":\"https:\/\/paracherkaoui.ma\/\",\"name\":\"Paracherkaoui.ma\",\"description\":\"Achetez en ligne sur Paracherkaoui.ma\",\"potentialAction\":[{\"@type\":\"SearchAction\",\"target\":{\"@type\":\"EntryPoint\",\"urlTemplate\":\"https:\/\/paracherkaoui.ma\/?s={search_term_string}\"},\"query-input\":{\"@type\":\"PropertyValueSpecification\",\"valueRequired\":true,\"valueName\":\"search_term_string\"}}],\"inLanguage\":\"fr-FR\"}]}<\/script>\r\n<!-- \/ Yoast SEO plugin. -->","yoast_head_json":{"title":"BIOTHERM LIFE PLANKTON SOIN ANTI AGE YEUX 15 ML - Paracherkaoui.ma","robots":{"index":"index","follow":"follow","max-snippet":"max-snippet:-1","max-image-preview":"max-image-preview:large","max-video-preview":"max-video-preview:-1"},"canonical":"https:\/\/paracherkaoui.ma\/index.php\/produit\/biotherm-life-plankton-soin-anti-age-yeux-15-ml\/","og_locale":"fr_FR","og_type":"article","og_title":"BIOTHERM LIFE PLANKTON SOIN ANTI AGE YEUX 15 ML - Paracherkaoui.ma","og_description":"Le soin Biotherm Life Plankton Eye 15 ml est une v\u00e9ritable r\u00e9volution pour le contour des yeux. Avec le temps,","og_url":"https:\/\/paracherkaoui.ma\/index.php\/produit\/biotherm-life-plankton-soin-anti-age-yeux-15-ml\/","og_site_name":"Paracherkaoui.ma","article_modified_time":"2025-12-12T17:31:00+00:00","og_image":[{"width":700,"height":700,"url":"https:\/\/paracherkaoui.ma\/wp-content\/uploads\/2025\/12\/biotherm-life-plankton-soin-anti-age-yeux-15-ml.jpg","type":"image\/jpeg"}],"twitter_card":"summary_large_image","twitter_misc":{"Dur\u00e9e de lecture estim\u00e9e":"1 minute"},"schema":{"@context":"https:\/\/schema.org","@graph":[{"@type":"WebPage","@id":"https:\/\/paracherkaoui.ma\/index.php\/produit\/biotherm-life-plankton-soin-anti-age-yeux-15-ml\/","url":"https:\/\/paracherkaoui.ma\/index.php\/produit\/biotherm-life-plankton-soin-anti-age-yeux-15-ml\/","name":"BIOTHERM LIFE PLANKTON SOIN ANTI AGE YEUX 15 ML - Paracherkaoui.ma","isPartOf":{"@id":"https:\/\/paracherkaoui.ma\/#website"},"primaryImageOfPage":{"@id":"https:\/\/paracherkaoui.ma\/index.php\/produit\/biotherm-life-plankton-soin-anti-age-yeux-15-ml\/#primaryimage"},"image":{"@id":"https:\/\/paracherkaoui.ma\/index.php\/produit\/biotherm-life-plankton-soin-anti-age-yeux-15-ml\/#primaryimage"},"thumbnailUrl":"https:\/\/paracherkaoui.ma\/wp-content\/uploads\/2025\/12\/biotherm-life-plankton-soin-anti-age-yeux-15-ml.jpg","datePublished":"2025-12-12T17:30:54+00:00","dateModified":"2025-12-12T17:31:00+00:00","breadcrumb":{"@id":"https:\/\/paracherkaoui.ma\/index.php\/produit\/biotherm-life-plankton-soin-anti-age-yeux-15-ml\/#breadcrumb"},"inLanguage":"fr-FR","potentialAction":[{"@type":"ReadAction","target":["https:\/\/paracherkaoui.ma\/index.php\/produit\/biotherm-life-plankton-soin-anti-age-yeux-15-ml\/"]}]},{"@type":"ImageObject","inLanguage":"fr-FR","@id":"https:\/\/paracherkaoui.ma\/index.php\/produit\/biotherm-life-plankton-soin-anti-age-yeux-15-ml\/#primaryimage","url":"https:\/\/paracherkaoui.ma\/wp-content\/uploads\/2025\/12\/biotherm-life-plankton-soin-anti-age-yeux-15-ml.jpg","contentUrl":"https:\/\/paracherkaoui.ma\/wp-content\/uploads\/2025\/12\/biotherm-life-plankton-soin-anti-age-yeux-15-ml.jpg","width":700,"height":700},{"@type":"BreadcrumbList","@id":"https:\/\/paracherkaoui.ma\/index.php\/produit\/biotherm-life-plankton-soin-anti-age-yeux-15-ml\/#breadcrumb","itemListElement":[{"@type":"ListItem","position":1,"name":"Accueil","item":"https:\/\/paracherkaoui.ma\/"},{"@type":"ListItem","position":2,"name":"Boutique","item":"https:\/\/paracherkaoui.ma\/index.php\/boutique\/"},{"@type":"ListItem","position":3,"name":"BIOTHERM LIFE PLANKTON SOIN ANTI AGE YEUX 15 ML"}]},{"@type":"WebSite","@id":"https:\/\/paracherkaoui.ma\/#website","url":"https:\/\/paracherkaoui.ma\/","name":"Paracherkaoui.ma","description":"Achetez en ligne sur Paracherkaoui.ma","potentialAction":[{"@type":"SearchAction","target":{"@type":"EntryPoint","urlTemplate":"https:\/\/paracherkaoui.ma\/?s={search_term_string}"},"query-input":{"@type":"PropertyValueSpecification","valueRequired":true,"valueName":"search_term_string"}}],"inLanguage":"fr-FR"}]}},"_links":{"self":[{"href":"https:\/\/paracherkaoui.ma\/index.php\/wp-json\/wp\/v2\/product\/29459","targetHints":{"allow":["GET"]}}],"collection":[{"href":"https:\/\/paracherkaoui.ma\/index.php\/wp-json\/wp\/v2\/product"}],"about":[{"href":"https:\/\/paracherkaoui.ma\/index.php\/wp-json\/wp\/v2\/types\/product"}],"replies":[{"embeddable":true,"href":"https:\/\/paracherkaoui.ma\/index.php\/wp-json\/wp\/v2\/comments?post=29459"}],"version-history":[{"count":1,"href":"https:\/\/paracherkaoui.ma\/index.php\/wp-json\/wp\/v2\/product\/29459\/revisions"}],"predecessor-version":[{"id":29510,"href":"https:\/\/paracherkaoui.ma\/index.php\/wp-json\/wp\/v2\/product\/29459\/revisions\/29510"}],"wp:featuredmedia":[{"embeddable":true,"href":"https:\/\/paracherkaoui.ma\/index.php\/wp-json\/wp\/v2\/media\/29509"}],"wp:attachment":[{"href":"https:\/\/paracherkaoui.ma\/index.php\/wp-json\/wp\/v2\/media?parent=29459"}],"wp:term":[{"taxonomy":"product_brand","embeddable":true,"href":"https:\/\/paracherkaoui.ma\/index.php\/wp-json\/wp\/v2\/product_brand?post=29459"},{"taxonomy":"product_cat","embeddable":true,"href":"https:\/\/paracherkaoui.ma\/index.php\/wp-json\/wp\/v2\/product_cat?post=29459"},{"taxonomy":"product_tag","embeddable":true,"href":"https:\/\/paracherkaoui.ma\/index.php\/wp-json\/wp\/v2\/product_tag?post=29459"}],"curies":[{"name":"wp","href":"https:\/\/api.w.org\/{rel}","templated":true}]}}