{"id":29442,"date":"2025-12-12T18:30:52","date_gmt":"2025-12-12T17:30:52","guid":{"rendered":"https:\/\/test.ecbeaute.com\/?post_type=product&#038;p=29442"},"modified":"2025-12-12T18:30:57","modified_gmt":"2025-12-12T17:30:57","slug":"biomimetic-contour-des-yeux-globale-15-ml","status":"publish","type":"product","link":"https:\/\/paracherkaoui.ma\/index.php\/produit\/biomimetic-contour-des-yeux-globale-15-ml\/","title":{"rendered":"BIOMIMETIC CONTOUR DES YEUX GLOBALE 15 ML"},"content":{"rendered":"<p>Contour des yeux anti-rides r\u00e9parateur et revitalisant\u00a0. Pour les poches, les cernes et les rides d&rsquo;expression. .<br \/>\nUne formule avanc\u00e9e qui agira efficacement contre les principaux signes et probl\u00e8mes qui affecteront cette zone d\u00e9licate. Le contour des yeux est l&rsquo;une des zones les plus d\u00e9licates du visage et n\u00e9cessite donc une attention toute particuli\u00e8re et des traitements sp\u00e9cifiques\u00a0.<br \/>\nEyesryl\u00a0est un t\u00e9trapeptide qui att\u00e9nue les poches\u00a0et les cernes, unifie \u00e9galement le teint et rajeunit l&rsquo;apparence du contour de l&rsquo;\u0153il. SNAP-8, r\u00e9duit la profondeur des rides caus\u00e9es par les contractions des muscles faciaux, \u00e9tant une alternative topique aux injections, la profondeur des rides est r\u00e9duite jusqu&rsquo;\u00e0 63% en un mois de traitement.<br \/>\nLe DMAE\u00a0est impliqu\u00e9 dans l&rsquo;augmentation du tonus musculaire\u00a0et la lutte contre l&rsquo;affaissement, apportant plus de fermet\u00e9 et d&rsquo;\u00e9lasticit\u00e9.<br \/>\nTous nos traitements avanc\u00e9s nourrissent, hydratent en profondeur et r\u00e9g\u00e9n\u00e8rent les cellules de la peau de l&rsquo;int\u00e9rieur et de l&rsquo;ext\u00e9rieur. Prot\u00e9ger la couche hydrolipidique de la peau pour \u00e9viter la perte d&rsquo;eau et des lipides n\u00e9cessaires. Renouveler et stimuler la croissance cellulaire.<br \/>\nOnt une action antioxydante sup\u00e9rieure \u00e0 Q10, Vit E et Vit C. Ils unifient le teint et procurent une hydratation, une \u00e9lasticit\u00e9 et une douceur ad\u00e9quates. Indiqu\u00e9 pour tous les types de peau, m\u00eame pour les peaux sensibles.<br \/>\nConseils d&rsquo;utilisation:<br \/>\nAppliquer d\u00e9licatement en tapotant avec l&rsquo;annulaire sur le contour de l&rsquo;\u0153il propre et sec, matin et soir.<\/p>\n","protected":false},"excerpt":{"rendered":"<p>Contour des yeux anti-rides r\u00e9parateur et revitalisant\u00a0. Pour les poches, les cernes et les rides d&rsquo;expression. . Une formule avanc\u00e9e<\/p>\n","protected":false},"featured_media":29476,"comment_status":"open","ping_status":"closed","template":"","meta":[],"product_brand":[461],"product_cat":[545],"product_tag":[],"class_list":{"0":"post-29442","1":"product","2":"type-product","3":"status-publish","4":"has-post-thumbnail","6":"product_brand-biomimetic","7":"product_cat-soins-contours-yeux","9":"first","10":"instock","11":"sale","12":"shipping-taxable","13":"purchasable","14":"product-type-simple"},"yoast_head":"<!-- This site is optimized with the Yoast SEO plugin v26.6 - https:\/\/yoast.com\/wordpress\/plugins\/seo\/ -->\r\n<title>BIOMIMETIC CONTOUR DES YEUX GLOBALE 15 ML - Paracherkaoui.ma<\/title>\r\n<meta name=\"robots\" content=\"index, follow, max-snippet:-1, max-image-preview:large, max-video-preview:-1\" \/>\r\n<link rel=\"canonical\" href=\"https:\/\/paracherkaoui.ma\/index.php\/produit\/biomimetic-contour-des-yeux-globale-15-ml\/\" \/>\r\n<meta property=\"og:locale\" content=\"fr_FR\" \/>\r\n<meta property=\"og:type\" content=\"article\" \/>\r\n<meta property=\"og:title\" content=\"BIOMIMETIC CONTOUR DES YEUX GLOBALE 15 ML - Paracherkaoui.ma\" \/>\r\n<meta property=\"og:description\" content=\"Contour des yeux anti-rides r\u00e9parateur et revitalisant\u00a0. Pour les poches, les cernes et les rides d&rsquo;expression. . Une formule avanc\u00e9e\" \/>\r\n<meta property=\"og:url\" content=\"https:\/\/paracherkaoui.ma\/index.php\/produit\/biomimetic-contour-des-yeux-globale-15-ml\/\" \/>\r\n<meta property=\"og:site_name\" content=\"Paracherkaoui.ma\" \/>\r\n<meta property=\"article:modified_time\" content=\"2025-12-12T17:30:57+00:00\" \/>\r\n<meta property=\"og:image\" content=\"https:\/\/paracherkaoui.ma\/wp-content\/uploads\/2025\/12\/biomimetic-biomimetic-contour-des-yeux-globale-15-ml-yeux.jpg\" \/>\r\n\t<meta property=\"og:image:width\" content=\"700\" \/>\r\n\t<meta property=\"og:image:height\" content=\"700\" \/>\r\n\t<meta property=\"og:image:type\" content=\"image\/jpeg\" \/>\r\n<meta name=\"twitter:card\" content=\"summary_large_image\" \/>\r\n<meta name=\"twitter:label1\" content=\"Dur\u00e9e de lecture estim\u00e9e\" \/>\n\t<meta name=\"twitter:data1\" content=\"1 minute\" \/>\r\n<script type=\"application\/ld+json\" class=\"yoast-schema-graph\">{\"@context\":\"https:\/\/schema.org\",\"@graph\":[{\"@type\":\"WebPage\",\"@id\":\"https:\/\/paracherkaoui.ma\/index.php\/produit\/biomimetic-contour-des-yeux-globale-15-ml\/\",\"url\":\"https:\/\/paracherkaoui.ma\/index.php\/produit\/biomimetic-contour-des-yeux-globale-15-ml\/\",\"name\":\"BIOMIMETIC CONTOUR DES YEUX GLOBALE 15 ML - Paracherkaoui.ma\",\"isPartOf\":{\"@id\":\"https:\/\/paracherkaoui.ma\/#website\"},\"primaryImageOfPage\":{\"@id\":\"https:\/\/paracherkaoui.ma\/index.php\/produit\/biomimetic-contour-des-yeux-globale-15-ml\/#primaryimage\"},\"image\":{\"@id\":\"https:\/\/paracherkaoui.ma\/index.php\/produit\/biomimetic-contour-des-yeux-globale-15-ml\/#primaryimage\"},\"thumbnailUrl\":\"https:\/\/paracherkaoui.ma\/wp-content\/uploads\/2025\/12\/biomimetic-biomimetic-contour-des-yeux-globale-15-ml-yeux.jpg\",\"datePublished\":\"2025-12-12T17:30:52+00:00\",\"dateModified\":\"2025-12-12T17:30:57+00:00\",\"breadcrumb\":{\"@id\":\"https:\/\/paracherkaoui.ma\/index.php\/produit\/biomimetic-contour-des-yeux-globale-15-ml\/#breadcrumb\"},\"inLanguage\":\"fr-FR\",\"potentialAction\":[{\"@type\":\"ReadAction\",\"target\":[\"https:\/\/paracherkaoui.ma\/index.php\/produit\/biomimetic-contour-des-yeux-globale-15-ml\/\"]}]},{\"@type\":\"ImageObject\",\"inLanguage\":\"fr-FR\",\"@id\":\"https:\/\/paracherkaoui.ma\/index.php\/produit\/biomimetic-contour-des-yeux-globale-15-ml\/#primaryimage\",\"url\":\"https:\/\/paracherkaoui.ma\/wp-content\/uploads\/2025\/12\/biomimetic-biomimetic-contour-des-yeux-globale-15-ml-yeux.jpg\",\"contentUrl\":\"https:\/\/paracherkaoui.ma\/wp-content\/uploads\/2025\/12\/biomimetic-biomimetic-contour-des-yeux-globale-15-ml-yeux.jpg\",\"width\":700,\"height\":700},{\"@type\":\"BreadcrumbList\",\"@id\":\"https:\/\/paracherkaoui.ma\/index.php\/produit\/biomimetic-contour-des-yeux-globale-15-ml\/#breadcrumb\",\"itemListElement\":[{\"@type\":\"ListItem\",\"position\":1,\"name\":\"Accueil\",\"item\":\"https:\/\/paracherkaoui.ma\/\"},{\"@type\":\"ListItem\",\"position\":2,\"name\":\"Boutique\",\"item\":\"https:\/\/paracherkaoui.ma\/index.php\/boutique\/\"},{\"@type\":\"ListItem\",\"position\":3,\"name\":\"BIOMIMETIC CONTOUR DES YEUX GLOBALE 15 ML\"}]},{\"@type\":\"WebSite\",\"@id\":\"https:\/\/paracherkaoui.ma\/#website\",\"url\":\"https:\/\/paracherkaoui.ma\/\",\"name\":\"Paracherkaoui.ma\",\"description\":\"Achetez en ligne sur Paracherkaoui.ma\",\"potentialAction\":[{\"@type\":\"SearchAction\",\"target\":{\"@type\":\"EntryPoint\",\"urlTemplate\":\"https:\/\/paracherkaoui.ma\/?s={search_term_string}\"},\"query-input\":{\"@type\":\"PropertyValueSpecification\",\"valueRequired\":true,\"valueName\":\"search_term_string\"}}],\"inLanguage\":\"fr-FR\"}]}<\/script>\r\n<!-- \/ Yoast SEO plugin. -->","yoast_head_json":{"title":"BIOMIMETIC CONTOUR DES YEUX GLOBALE 15 ML - Paracherkaoui.ma","robots":{"index":"index","follow":"follow","max-snippet":"max-snippet:-1","max-image-preview":"max-image-preview:large","max-video-preview":"max-video-preview:-1"},"canonical":"https:\/\/paracherkaoui.ma\/index.php\/produit\/biomimetic-contour-des-yeux-globale-15-ml\/","og_locale":"fr_FR","og_type":"article","og_title":"BIOMIMETIC CONTOUR DES YEUX GLOBALE 15 ML - Paracherkaoui.ma","og_description":"Contour des yeux anti-rides r\u00e9parateur et revitalisant\u00a0. Pour les poches, les cernes et les rides d&rsquo;expression. . Une formule avanc\u00e9e","og_url":"https:\/\/paracherkaoui.ma\/index.php\/produit\/biomimetic-contour-des-yeux-globale-15-ml\/","og_site_name":"Paracherkaoui.ma","article_modified_time":"2025-12-12T17:30:57+00:00","og_image":[{"width":700,"height":700,"url":"https:\/\/paracherkaoui.ma\/wp-content\/uploads\/2025\/12\/biomimetic-biomimetic-contour-des-yeux-globale-15-ml-yeux.jpg","type":"image\/jpeg"}],"twitter_card":"summary_large_image","twitter_misc":{"Dur\u00e9e de lecture estim\u00e9e":"1 minute"},"schema":{"@context":"https:\/\/schema.org","@graph":[{"@type":"WebPage","@id":"https:\/\/paracherkaoui.ma\/index.php\/produit\/biomimetic-contour-des-yeux-globale-15-ml\/","url":"https:\/\/paracherkaoui.ma\/index.php\/produit\/biomimetic-contour-des-yeux-globale-15-ml\/","name":"BIOMIMETIC CONTOUR DES YEUX GLOBALE 15 ML - Paracherkaoui.ma","isPartOf":{"@id":"https:\/\/paracherkaoui.ma\/#website"},"primaryImageOfPage":{"@id":"https:\/\/paracherkaoui.ma\/index.php\/produit\/biomimetic-contour-des-yeux-globale-15-ml\/#primaryimage"},"image":{"@id":"https:\/\/paracherkaoui.ma\/index.php\/produit\/biomimetic-contour-des-yeux-globale-15-ml\/#primaryimage"},"thumbnailUrl":"https:\/\/paracherkaoui.ma\/wp-content\/uploads\/2025\/12\/biomimetic-biomimetic-contour-des-yeux-globale-15-ml-yeux.jpg","datePublished":"2025-12-12T17:30:52+00:00","dateModified":"2025-12-12T17:30:57+00:00","breadcrumb":{"@id":"https:\/\/paracherkaoui.ma\/index.php\/produit\/biomimetic-contour-des-yeux-globale-15-ml\/#breadcrumb"},"inLanguage":"fr-FR","potentialAction":[{"@type":"ReadAction","target":["https:\/\/paracherkaoui.ma\/index.php\/produit\/biomimetic-contour-des-yeux-globale-15-ml\/"]}]},{"@type":"ImageObject","inLanguage":"fr-FR","@id":"https:\/\/paracherkaoui.ma\/index.php\/produit\/biomimetic-contour-des-yeux-globale-15-ml\/#primaryimage","url":"https:\/\/paracherkaoui.ma\/wp-content\/uploads\/2025\/12\/biomimetic-biomimetic-contour-des-yeux-globale-15-ml-yeux.jpg","contentUrl":"https:\/\/paracherkaoui.ma\/wp-content\/uploads\/2025\/12\/biomimetic-biomimetic-contour-des-yeux-globale-15-ml-yeux.jpg","width":700,"height":700},{"@type":"BreadcrumbList","@id":"https:\/\/paracherkaoui.ma\/index.php\/produit\/biomimetic-contour-des-yeux-globale-15-ml\/#breadcrumb","itemListElement":[{"@type":"ListItem","position":1,"name":"Accueil","item":"https:\/\/paracherkaoui.ma\/"},{"@type":"ListItem","position":2,"name":"Boutique","item":"https:\/\/paracherkaoui.ma\/index.php\/boutique\/"},{"@type":"ListItem","position":3,"name":"BIOMIMETIC CONTOUR DES YEUX GLOBALE 15 ML"}]},{"@type":"WebSite","@id":"https:\/\/paracherkaoui.ma\/#website","url":"https:\/\/paracherkaoui.ma\/","name":"Paracherkaoui.ma","description":"Achetez en ligne sur Paracherkaoui.ma","potentialAction":[{"@type":"SearchAction","target":{"@type":"EntryPoint","urlTemplate":"https:\/\/paracherkaoui.ma\/?s={search_term_string}"},"query-input":{"@type":"PropertyValueSpecification","valueRequired":true,"valueName":"search_term_string"}}],"inLanguage":"fr-FR"}]}},"_links":{"self":[{"href":"https:\/\/paracherkaoui.ma\/index.php\/wp-json\/wp\/v2\/product\/29442","targetHints":{"allow":["GET"]}}],"collection":[{"href":"https:\/\/paracherkaoui.ma\/index.php\/wp-json\/wp\/v2\/product"}],"about":[{"href":"https:\/\/paracherkaoui.ma\/index.php\/wp-json\/wp\/v2\/types\/product"}],"replies":[{"embeddable":true,"href":"https:\/\/paracherkaoui.ma\/index.php\/wp-json\/wp\/v2\/comments?post=29442"}],"version-history":[{"count":1,"href":"https:\/\/paracherkaoui.ma\/index.php\/wp-json\/wp\/v2\/product\/29442\/revisions"}],"predecessor-version":[{"id":29477,"href":"https:\/\/paracherkaoui.ma\/index.php\/wp-json\/wp\/v2\/product\/29442\/revisions\/29477"}],"wp:featuredmedia":[{"embeddable":true,"href":"https:\/\/paracherkaoui.ma\/index.php\/wp-json\/wp\/v2\/media\/29476"}],"wp:attachment":[{"href":"https:\/\/paracherkaoui.ma\/index.php\/wp-json\/wp\/v2\/media?parent=29442"}],"wp:term":[{"taxonomy":"product_brand","embeddable":true,"href":"https:\/\/paracherkaoui.ma\/index.php\/wp-json\/wp\/v2\/product_brand?post=29442"},{"taxonomy":"product_cat","embeddable":true,"href":"https:\/\/paracherkaoui.ma\/index.php\/wp-json\/wp\/v2\/product_cat?post=29442"},{"taxonomy":"product_tag","embeddable":true,"href":"https:\/\/paracherkaoui.ma\/index.php\/wp-json\/wp\/v2\/product_tag?post=29442"}],"curies":[{"name":"wp","href":"https:\/\/api.w.org\/{rel}","templated":true}]}}