{"id":29369,"date":"2025-12-12T18:30:46","date_gmt":"2025-12-12T17:30:46","guid":{"rendered":"https:\/\/test.ecbeaute.com\/?post_type=product&#038;p=29369"},"modified":"2025-12-12T18:30:50","modified_gmt":"2025-12-12T17:30:50","slug":"swiss-image-deep-hydratation-filler-eye-cream-15ml","status":"publish","type":"product","link":"https:\/\/paracherkaoui.ma\/index.php\/produit\/swiss-image-deep-hydratation-filler-eye-cream-15ml\/","title":{"rendered":"SWISS IMAGE DEEP HYDRATATION FILLER EYE CREAM 15ML"},"content":{"rendered":"<p>Le contour des yeux est la zone la plus fine et la plus fragile de notre visage, souvent la premi\u00e8re \u00e0 r\u00e9v\u00e9ler les signes de fatigue, de stress ou de d\u00e9shydratation sous forme de poches, de cernes et de ridules. La Cr\u00e8me pour les yeux Swiss Image Essential Care Deep Hydration Filler 15ml est une solution experte, con\u00e7ue pour apporter une hydratation intense et des bienfaits cibl\u00e9s \u00e0 cette zone d\u00e9licate, pour un regard visiblement transform\u00e9.<br \/>\nCette cr\u00e8me se distingue par sa formule riche et performante, puisant ses actifs au c\u0153ur de la nature et de la science :<br \/>\nHydratation Intense et Profonde : L&rsquo;objectif principal de cette cr\u00e8me est d&rsquo;offrir une hydratation intense. L&rsquo;eau pure des glaciers alpins est au centre de cette hydratation, reconnue pour sa puret\u00e9 et sa richesse en min\u00e9raux. Cette hydratation profonde est essentielle pour repulper la peau fine du contour des yeux, r\u00e9duisant l&rsquo;apparence des ridules de d\u00e9shydratation et am\u00e9liorant l&rsquo;\u00e9lasticit\u00e9.<br \/>\nR\u00e9duction des Poches et des Cernes : La cr\u00e8me est enrichie en extrait d\u2019\u00e9corce de fr\u00eane. Cet ingr\u00e9dient est sp\u00e9cifiquement reconnu pour ses propri\u00e9t\u00e9s drainantes et circulatoires. Il agit efficacement pour r\u00e9duire les poches et les cernes, signes de fatigue et de mauvaise microcirculation, illuminant ainsi le regard.<br \/>\nBienfaits Cibl\u00e9s pour la Peau D\u00e9licate :<br \/>\nLes algues des neiges : Ces algues exceptionnelles, qui prosp\u00e8rent dans des conditions extr\u00eames, sont de puissants antioxydants. Elles prot\u00e8gent la peau contre le stress oxydatif et aident \u00e0 prolonger la jeunesse cellulaire, contribuant \u00e0 la vitalit\u00e9 du contour de l&rsquo;\u0153il.<br \/>\nLa vitamine B3 (Niacinamide) : Cet ingr\u00e9dient polyvalent est un alli\u00e9 pr\u00e9cieux pour la peau. Il am\u00e9liore la fonction de barri\u00e8re cutan\u00e9e, r\u00e9duit les rougeurs, apaise et contribue \u00e0 l&rsquo;uniformit\u00e9 du teint, ce qui est essentiel pour att\u00e9nuer l&rsquo;apparence des cernes.<br \/>\nL&rsquo;action combin\u00e9e de ces ingr\u00e9dients permet d&rsquo;adoucir la peau, la rendant plus lisse et plus souple.<br \/>\nConseils d&rsquo;utilisation :<br \/>\nAppliquez cette cr\u00e8me deux fois par jour, matin et soir, sur une peau propre et s\u00e8che. Int\u00e9grez-la comme une \u00e9tape essentielle de votre routine de soin visage, apr\u00e8s le nettoyage et avant l&rsquo;application de votre s\u00e9rum ou cr\u00e8me hydratante habituelle.<\/p>\n","protected":false},"excerpt":{"rendered":"<p>Le contour des yeux est la zone la plus fine et la plus fragile de notre visage, souvent la premi\u00e8re<\/p>\n","protected":false},"featured_media":29417,"comment_status":"open","ping_status":"closed","template":"","meta":[],"product_brand":[408],"product_cat":[545],"product_tag":[],"class_list":{"0":"post-29369","1":"product","2":"type-product","3":"status-publish","4":"has-post-thumbnail","6":"product_brand-swiss-image","7":"product_cat-soins-contours-yeux","9":"first","10":"instock","11":"sale","12":"shipping-taxable","13":"purchasable","14":"product-type-simple"},"yoast_head":"<!-- This site is optimized with the Yoast SEO plugin v26.6 - https:\/\/yoast.com\/wordpress\/plugins\/seo\/ -->\r\n<title>SWISS IMAGE DEEP HYDRATATION FILLER EYE CREAM 15ML - Paracherkaoui.ma<\/title>\r\n<meta name=\"robots\" content=\"index, follow, max-snippet:-1, max-image-preview:large, max-video-preview:-1\" \/>\r\n<link rel=\"canonical\" href=\"https:\/\/paracherkaoui.ma\/index.php\/produit\/swiss-image-deep-hydratation-filler-eye-cream-15ml\/\" \/>\r\n<meta property=\"og:locale\" content=\"fr_FR\" \/>\r\n<meta property=\"og:type\" content=\"article\" \/>\r\n<meta property=\"og:title\" content=\"SWISS IMAGE DEEP HYDRATATION FILLER EYE CREAM 15ML - Paracherkaoui.ma\" \/>\r\n<meta property=\"og:description\" content=\"Le contour des yeux est la zone la plus fine et la plus fragile de notre visage, souvent la premi\u00e8re\" \/>\r\n<meta property=\"og:url\" content=\"https:\/\/paracherkaoui.ma\/index.php\/produit\/swiss-image-deep-hydratation-filler-eye-cream-15ml\/\" \/>\r\n<meta property=\"og:site_name\" content=\"Paracherkaoui.ma\" \/>\r\n<meta property=\"article:modified_time\" content=\"2025-12-12T17:30:50+00:00\" \/>\r\n<meta property=\"og:image\" content=\"https:\/\/paracherkaoui.ma\/wp-content\/uploads\/2025\/12\/swiss-image-deep-hydratation-filler-eye-cream-15ml.jpg\" \/>\r\n\t<meta property=\"og:image:width\" content=\"700\" \/>\r\n\t<meta property=\"og:image:height\" content=\"700\" \/>\r\n\t<meta property=\"og:image:type\" content=\"image\/jpeg\" \/>\r\n<meta name=\"twitter:card\" content=\"summary_large_image\" \/>\r\n<meta name=\"twitter:label1\" content=\"Dur\u00e9e de lecture estim\u00e9e\" \/>\n\t<meta name=\"twitter:data1\" content=\"2 minutes\" \/>\r\n<script type=\"application\/ld+json\" class=\"yoast-schema-graph\">{\"@context\":\"https:\/\/schema.org\",\"@graph\":[{\"@type\":\"WebPage\",\"@id\":\"https:\/\/paracherkaoui.ma\/index.php\/produit\/swiss-image-deep-hydratation-filler-eye-cream-15ml\/\",\"url\":\"https:\/\/paracherkaoui.ma\/index.php\/produit\/swiss-image-deep-hydratation-filler-eye-cream-15ml\/\",\"name\":\"SWISS IMAGE DEEP HYDRATATION FILLER EYE CREAM 15ML - Paracherkaoui.ma\",\"isPartOf\":{\"@id\":\"https:\/\/paracherkaoui.ma\/#website\"},\"primaryImageOfPage\":{\"@id\":\"https:\/\/paracherkaoui.ma\/index.php\/produit\/swiss-image-deep-hydratation-filler-eye-cream-15ml\/#primaryimage\"},\"image\":{\"@id\":\"https:\/\/paracherkaoui.ma\/index.php\/produit\/swiss-image-deep-hydratation-filler-eye-cream-15ml\/#primaryimage\"},\"thumbnailUrl\":\"https:\/\/paracherkaoui.ma\/wp-content\/uploads\/2025\/12\/swiss-image-deep-hydratation-filler-eye-cream-15ml.jpg\",\"datePublished\":\"2025-12-12T17:30:46+00:00\",\"dateModified\":\"2025-12-12T17:30:50+00:00\",\"breadcrumb\":{\"@id\":\"https:\/\/paracherkaoui.ma\/index.php\/produit\/swiss-image-deep-hydratation-filler-eye-cream-15ml\/#breadcrumb\"},\"inLanguage\":\"fr-FR\",\"potentialAction\":[{\"@type\":\"ReadAction\",\"target\":[\"https:\/\/paracherkaoui.ma\/index.php\/produit\/swiss-image-deep-hydratation-filler-eye-cream-15ml\/\"]}]},{\"@type\":\"ImageObject\",\"inLanguage\":\"fr-FR\",\"@id\":\"https:\/\/paracherkaoui.ma\/index.php\/produit\/swiss-image-deep-hydratation-filler-eye-cream-15ml\/#primaryimage\",\"url\":\"https:\/\/paracherkaoui.ma\/wp-content\/uploads\/2025\/12\/swiss-image-deep-hydratation-filler-eye-cream-15ml.jpg\",\"contentUrl\":\"https:\/\/paracherkaoui.ma\/wp-content\/uploads\/2025\/12\/swiss-image-deep-hydratation-filler-eye-cream-15ml.jpg\",\"width\":700,\"height\":700},{\"@type\":\"BreadcrumbList\",\"@id\":\"https:\/\/paracherkaoui.ma\/index.php\/produit\/swiss-image-deep-hydratation-filler-eye-cream-15ml\/#breadcrumb\",\"itemListElement\":[{\"@type\":\"ListItem\",\"position\":1,\"name\":\"Accueil\",\"item\":\"https:\/\/paracherkaoui.ma\/\"},{\"@type\":\"ListItem\",\"position\":2,\"name\":\"Boutique\",\"item\":\"https:\/\/paracherkaoui.ma\/index.php\/boutique\/\"},{\"@type\":\"ListItem\",\"position\":3,\"name\":\"SWISS IMAGE DEEP HYDRATATION FILLER EYE CREAM 15ML\"}]},{\"@type\":\"WebSite\",\"@id\":\"https:\/\/paracherkaoui.ma\/#website\",\"url\":\"https:\/\/paracherkaoui.ma\/\",\"name\":\"Paracherkaoui.ma\",\"description\":\"Achetez en ligne sur Paracherkaoui.ma\",\"potentialAction\":[{\"@type\":\"SearchAction\",\"target\":{\"@type\":\"EntryPoint\",\"urlTemplate\":\"https:\/\/paracherkaoui.ma\/?s={search_term_string}\"},\"query-input\":{\"@type\":\"PropertyValueSpecification\",\"valueRequired\":true,\"valueName\":\"search_term_string\"}}],\"inLanguage\":\"fr-FR\"}]}<\/script>\r\n<!-- \/ Yoast SEO plugin. -->","yoast_head_json":{"title":"SWISS IMAGE DEEP HYDRATATION FILLER EYE CREAM 15ML - Paracherkaoui.ma","robots":{"index":"index","follow":"follow","max-snippet":"max-snippet:-1","max-image-preview":"max-image-preview:large","max-video-preview":"max-video-preview:-1"},"canonical":"https:\/\/paracherkaoui.ma\/index.php\/produit\/swiss-image-deep-hydratation-filler-eye-cream-15ml\/","og_locale":"fr_FR","og_type":"article","og_title":"SWISS IMAGE DEEP HYDRATATION FILLER EYE CREAM 15ML - Paracherkaoui.ma","og_description":"Le contour des yeux est la zone la plus fine et la plus fragile de notre visage, souvent la premi\u00e8re","og_url":"https:\/\/paracherkaoui.ma\/index.php\/produit\/swiss-image-deep-hydratation-filler-eye-cream-15ml\/","og_site_name":"Paracherkaoui.ma","article_modified_time":"2025-12-12T17:30:50+00:00","og_image":[{"width":700,"height":700,"url":"https:\/\/paracherkaoui.ma\/wp-content\/uploads\/2025\/12\/swiss-image-deep-hydratation-filler-eye-cream-15ml.jpg","type":"image\/jpeg"}],"twitter_card":"summary_large_image","twitter_misc":{"Dur\u00e9e de lecture estim\u00e9e":"2 minutes"},"schema":{"@context":"https:\/\/schema.org","@graph":[{"@type":"WebPage","@id":"https:\/\/paracherkaoui.ma\/index.php\/produit\/swiss-image-deep-hydratation-filler-eye-cream-15ml\/","url":"https:\/\/paracherkaoui.ma\/index.php\/produit\/swiss-image-deep-hydratation-filler-eye-cream-15ml\/","name":"SWISS IMAGE DEEP HYDRATATION FILLER EYE CREAM 15ML - Paracherkaoui.ma","isPartOf":{"@id":"https:\/\/paracherkaoui.ma\/#website"},"primaryImageOfPage":{"@id":"https:\/\/paracherkaoui.ma\/index.php\/produit\/swiss-image-deep-hydratation-filler-eye-cream-15ml\/#primaryimage"},"image":{"@id":"https:\/\/paracherkaoui.ma\/index.php\/produit\/swiss-image-deep-hydratation-filler-eye-cream-15ml\/#primaryimage"},"thumbnailUrl":"https:\/\/paracherkaoui.ma\/wp-content\/uploads\/2025\/12\/swiss-image-deep-hydratation-filler-eye-cream-15ml.jpg","datePublished":"2025-12-12T17:30:46+00:00","dateModified":"2025-12-12T17:30:50+00:00","breadcrumb":{"@id":"https:\/\/paracherkaoui.ma\/index.php\/produit\/swiss-image-deep-hydratation-filler-eye-cream-15ml\/#breadcrumb"},"inLanguage":"fr-FR","potentialAction":[{"@type":"ReadAction","target":["https:\/\/paracherkaoui.ma\/index.php\/produit\/swiss-image-deep-hydratation-filler-eye-cream-15ml\/"]}]},{"@type":"ImageObject","inLanguage":"fr-FR","@id":"https:\/\/paracherkaoui.ma\/index.php\/produit\/swiss-image-deep-hydratation-filler-eye-cream-15ml\/#primaryimage","url":"https:\/\/paracherkaoui.ma\/wp-content\/uploads\/2025\/12\/swiss-image-deep-hydratation-filler-eye-cream-15ml.jpg","contentUrl":"https:\/\/paracherkaoui.ma\/wp-content\/uploads\/2025\/12\/swiss-image-deep-hydratation-filler-eye-cream-15ml.jpg","width":700,"height":700},{"@type":"BreadcrumbList","@id":"https:\/\/paracherkaoui.ma\/index.php\/produit\/swiss-image-deep-hydratation-filler-eye-cream-15ml\/#breadcrumb","itemListElement":[{"@type":"ListItem","position":1,"name":"Accueil","item":"https:\/\/paracherkaoui.ma\/"},{"@type":"ListItem","position":2,"name":"Boutique","item":"https:\/\/paracherkaoui.ma\/index.php\/boutique\/"},{"@type":"ListItem","position":3,"name":"SWISS IMAGE DEEP HYDRATATION FILLER EYE CREAM 15ML"}]},{"@type":"WebSite","@id":"https:\/\/paracherkaoui.ma\/#website","url":"https:\/\/paracherkaoui.ma\/","name":"Paracherkaoui.ma","description":"Achetez en ligne sur Paracherkaoui.ma","potentialAction":[{"@type":"SearchAction","target":{"@type":"EntryPoint","urlTemplate":"https:\/\/paracherkaoui.ma\/?s={search_term_string}"},"query-input":{"@type":"PropertyValueSpecification","valueRequired":true,"valueName":"search_term_string"}}],"inLanguage":"fr-FR"}]}},"_links":{"self":[{"href":"https:\/\/paracherkaoui.ma\/index.php\/wp-json\/wp\/v2\/product\/29369","targetHints":{"allow":["GET"]}}],"collection":[{"href":"https:\/\/paracherkaoui.ma\/index.php\/wp-json\/wp\/v2\/product"}],"about":[{"href":"https:\/\/paracherkaoui.ma\/index.php\/wp-json\/wp\/v2\/types\/product"}],"replies":[{"embeddable":true,"href":"https:\/\/paracherkaoui.ma\/index.php\/wp-json\/wp\/v2\/comments?post=29369"}],"version-history":[{"count":1,"href":"https:\/\/paracherkaoui.ma\/index.php\/wp-json\/wp\/v2\/product\/29369\/revisions"}],"predecessor-version":[{"id":29418,"href":"https:\/\/paracherkaoui.ma\/index.php\/wp-json\/wp\/v2\/product\/29369\/revisions\/29418"}],"wp:featuredmedia":[{"embeddable":true,"href":"https:\/\/paracherkaoui.ma\/index.php\/wp-json\/wp\/v2\/media\/29417"}],"wp:attachment":[{"href":"https:\/\/paracherkaoui.ma\/index.php\/wp-json\/wp\/v2\/media?parent=29369"}],"wp:term":[{"taxonomy":"product_brand","embeddable":true,"href":"https:\/\/paracherkaoui.ma\/index.php\/wp-json\/wp\/v2\/product_brand?post=29369"},{"taxonomy":"product_cat","embeddable":true,"href":"https:\/\/paracherkaoui.ma\/index.php\/wp-json\/wp\/v2\/product_cat?post=29369"},{"taxonomy":"product_tag","embeddable":true,"href":"https:\/\/paracherkaoui.ma\/index.php\/wp-json\/wp\/v2\/product_tag?post=29369"}],"curies":[{"name":"wp","href":"https:\/\/api.w.org\/{rel}","templated":true}]}}