{"id":29353,"date":"2025-12-12T18:30:45","date_gmt":"2025-12-12T17:30:45","guid":{"rendered":"https:\/\/test.ecbeaute.com\/?post_type=product&#038;p=29353"},"modified":"2025-12-12T18:30:47","modified_gmt":"2025-12-12T17:30:47","slug":"cattier-eclat-de-rose-concentre-regard-15-ml","status":"publish","type":"product","link":"https:\/\/paracherkaoui.ma\/index.php\/produit\/cattier-eclat-de-rose-concentre-regard-15-ml\/","title":{"rendered":"CATTIER ECLAT DE ROSE CONCENTRE REGARD 15 ML"},"content":{"rendered":"<p>Un contour des yeux anti-\u00e2ge, anti-cernes et anti-poches qui illumine le regard.<br \/>\nLe contour des yeux Eclat de Rose offre au regard une cure de beaut\u00e9.<br \/>\nL&rsquo;huile d&rsquo;argan bio, gorg\u00e9e de vitamine E, favorise le dynamisme cellulaire, hydrate* intens\u00e9ment l&rsquo;\u00e9piderme et renforce son \u00e9lasticit\u00e9.<br \/>\nLa cire de bl\u00e9 noir, riche en phytost\u00e9rols et acides gras insatur\u00e9s, r\u00e9duit les poches sous les yeux.<br \/>\nSon action est compl\u00e9t\u00e9e par l&rsquo;extrait d&rsquo;algue rouge qui active la microcirculation et d\u00e9congestionne et l&rsquo;extrait de microalgue verte qui diminue la couleur des cernes et donne au regard plus de luminosit\u00e9.<br \/>\nL&rsquo;extrait de lavande papillon permet de lutter efficacement contre les rides d&rsquo;expression gr\u00e2ce \u00e0 son action lissante. V\u00e9ritable tr\u00e9sor de beaut\u00e9, l&rsquo;eau florale de rose bio apaise et rafra\u00eechit la peau.<\/p>\n<p>Ce cocktail d&rsquo;actifs tonifie le contour des yeux, att\u00e9nue poches et ridules et illumine le regard.<br \/>\nSans alcool.<\/p>\n<p>11.7 % du total des ingr\u00e9dients sont issus de l&rsquo;agriculture biologique.<br \/>\n99 % du total des ingr\u00e9dients sont d&rsquo;origine naturelle.<br \/>\nConseils d&rsquo;utilisation:<br \/>\nMatin et soir, apr\u00e8s avoir soigneusement nettoy\u00e9 et s\u00e9ch\u00e9 la peau, faire p\u00e9n\u00e9trer du bout des doigts par l\u00e9gers tapotements de l&rsquo;int\u00e9rieur vers l&rsquo;ext\u00e9rieur du contour de l&rsquo;\u0153il puis compl\u00e9ter l&rsquo;hydratation par une cr\u00e8me correspondant \u00e0 votre type de peau.<\/p>\n","protected":false},"excerpt":{"rendered":"<p>Un contour des yeux anti-\u00e2ge, anti-cernes et anti-poches qui illumine le regard. Le contour des yeux Eclat de Rose offre<\/p>\n","protected":false},"featured_media":29386,"comment_status":"open","ping_status":"closed","template":"","meta":[],"product_brand":[187],"product_cat":[545],"product_tag":[],"class_list":{"0":"post-29353","1":"product","2":"type-product","3":"status-publish","4":"has-post-thumbnail","6":"product_brand-cattier","7":"product_cat-soins-contours-yeux","9":"first","10":"instock","11":"shipping-taxable","12":"purchasable","13":"product-type-simple"},"yoast_head":"<!-- This site is optimized with the Yoast SEO plugin v26.6 - https:\/\/yoast.com\/wordpress\/plugins\/seo\/ -->\r\n<title>CATTIER ECLAT DE ROSE CONCENTRE REGARD 15 ML - Paracherkaoui.ma<\/title>\r\n<meta name=\"robots\" content=\"index, follow, max-snippet:-1, max-image-preview:large, max-video-preview:-1\" \/>\r\n<link rel=\"canonical\" href=\"https:\/\/paracherkaoui.ma\/index.php\/produit\/cattier-eclat-de-rose-concentre-regard-15-ml\/\" \/>\r\n<meta property=\"og:locale\" content=\"fr_FR\" \/>\r\n<meta property=\"og:type\" content=\"article\" \/>\r\n<meta property=\"og:title\" content=\"CATTIER ECLAT DE ROSE CONCENTRE REGARD 15 ML - Paracherkaoui.ma\" \/>\r\n<meta property=\"og:description\" content=\"Un contour des yeux anti-\u00e2ge, anti-cernes et anti-poches qui illumine le regard. Le contour des yeux Eclat de Rose offre\" \/>\r\n<meta property=\"og:url\" content=\"https:\/\/paracherkaoui.ma\/index.php\/produit\/cattier-eclat-de-rose-concentre-regard-15-ml\/\" \/>\r\n<meta property=\"og:site_name\" content=\"Paracherkaoui.ma\" \/>\r\n<meta property=\"article:modified_time\" content=\"2025-12-12T17:30:47+00:00\" \/>\r\n<meta property=\"og:image\" content=\"https:\/\/paracherkaoui.ma\/wp-content\/uploads\/2025\/12\/cattier-cattier-eclat-de-rose-concentre-regard-15-ml-yeux.jpg\" \/>\r\n\t<meta property=\"og:image:width\" content=\"700\" \/>\r\n\t<meta property=\"og:image:height\" content=\"700\" \/>\r\n\t<meta property=\"og:image:type\" content=\"image\/jpeg\" \/>\r\n<meta name=\"twitter:card\" content=\"summary_large_image\" \/>\r\n<meta name=\"twitter:label1\" content=\"Dur\u00e9e de lecture estim\u00e9e\" \/>\n\t<meta name=\"twitter:data1\" content=\"1 minute\" \/>\r\n<script type=\"application\/ld+json\" class=\"yoast-schema-graph\">{\"@context\":\"https:\/\/schema.org\",\"@graph\":[{\"@type\":\"WebPage\",\"@id\":\"https:\/\/paracherkaoui.ma\/index.php\/produit\/cattier-eclat-de-rose-concentre-regard-15-ml\/\",\"url\":\"https:\/\/paracherkaoui.ma\/index.php\/produit\/cattier-eclat-de-rose-concentre-regard-15-ml\/\",\"name\":\"CATTIER ECLAT DE ROSE CONCENTRE REGARD 15 ML - Paracherkaoui.ma\",\"isPartOf\":{\"@id\":\"https:\/\/paracherkaoui.ma\/#website\"},\"primaryImageOfPage\":{\"@id\":\"https:\/\/paracherkaoui.ma\/index.php\/produit\/cattier-eclat-de-rose-concentre-regard-15-ml\/#primaryimage\"},\"image\":{\"@id\":\"https:\/\/paracherkaoui.ma\/index.php\/produit\/cattier-eclat-de-rose-concentre-regard-15-ml\/#primaryimage\"},\"thumbnailUrl\":\"https:\/\/paracherkaoui.ma\/wp-content\/uploads\/2025\/12\/cattier-cattier-eclat-de-rose-concentre-regard-15-ml-yeux.jpg\",\"datePublished\":\"2025-12-12T17:30:45+00:00\",\"dateModified\":\"2025-12-12T17:30:47+00:00\",\"breadcrumb\":{\"@id\":\"https:\/\/paracherkaoui.ma\/index.php\/produit\/cattier-eclat-de-rose-concentre-regard-15-ml\/#breadcrumb\"},\"inLanguage\":\"fr-FR\",\"potentialAction\":[{\"@type\":\"ReadAction\",\"target\":[\"https:\/\/paracherkaoui.ma\/index.php\/produit\/cattier-eclat-de-rose-concentre-regard-15-ml\/\"]}]},{\"@type\":\"ImageObject\",\"inLanguage\":\"fr-FR\",\"@id\":\"https:\/\/paracherkaoui.ma\/index.php\/produit\/cattier-eclat-de-rose-concentre-regard-15-ml\/#primaryimage\",\"url\":\"https:\/\/paracherkaoui.ma\/wp-content\/uploads\/2025\/12\/cattier-cattier-eclat-de-rose-concentre-regard-15-ml-yeux.jpg\",\"contentUrl\":\"https:\/\/paracherkaoui.ma\/wp-content\/uploads\/2025\/12\/cattier-cattier-eclat-de-rose-concentre-regard-15-ml-yeux.jpg\",\"width\":700,\"height\":700},{\"@type\":\"BreadcrumbList\",\"@id\":\"https:\/\/paracherkaoui.ma\/index.php\/produit\/cattier-eclat-de-rose-concentre-regard-15-ml\/#breadcrumb\",\"itemListElement\":[{\"@type\":\"ListItem\",\"position\":1,\"name\":\"Accueil\",\"item\":\"https:\/\/paracherkaoui.ma\/\"},{\"@type\":\"ListItem\",\"position\":2,\"name\":\"Boutique\",\"item\":\"https:\/\/paracherkaoui.ma\/index.php\/boutique\/\"},{\"@type\":\"ListItem\",\"position\":3,\"name\":\"CATTIER ECLAT DE ROSE CONCENTRE REGARD 15 ML\"}]},{\"@type\":\"WebSite\",\"@id\":\"https:\/\/paracherkaoui.ma\/#website\",\"url\":\"https:\/\/paracherkaoui.ma\/\",\"name\":\"Paracherkaoui.ma\",\"description\":\"Achetez en ligne sur Paracherkaoui.ma\",\"potentialAction\":[{\"@type\":\"SearchAction\",\"target\":{\"@type\":\"EntryPoint\",\"urlTemplate\":\"https:\/\/paracherkaoui.ma\/?s={search_term_string}\"},\"query-input\":{\"@type\":\"PropertyValueSpecification\",\"valueRequired\":true,\"valueName\":\"search_term_string\"}}],\"inLanguage\":\"fr-FR\"}]}<\/script>\r\n<!-- \/ Yoast SEO plugin. -->","yoast_head_json":{"title":"CATTIER ECLAT DE ROSE CONCENTRE REGARD 15 ML - Paracherkaoui.ma","robots":{"index":"index","follow":"follow","max-snippet":"max-snippet:-1","max-image-preview":"max-image-preview:large","max-video-preview":"max-video-preview:-1"},"canonical":"https:\/\/paracherkaoui.ma\/index.php\/produit\/cattier-eclat-de-rose-concentre-regard-15-ml\/","og_locale":"fr_FR","og_type":"article","og_title":"CATTIER ECLAT DE ROSE CONCENTRE REGARD 15 ML - Paracherkaoui.ma","og_description":"Un contour des yeux anti-\u00e2ge, anti-cernes et anti-poches qui illumine le regard. Le contour des yeux Eclat de Rose offre","og_url":"https:\/\/paracherkaoui.ma\/index.php\/produit\/cattier-eclat-de-rose-concentre-regard-15-ml\/","og_site_name":"Paracherkaoui.ma","article_modified_time":"2025-12-12T17:30:47+00:00","og_image":[{"width":700,"height":700,"url":"https:\/\/paracherkaoui.ma\/wp-content\/uploads\/2025\/12\/cattier-cattier-eclat-de-rose-concentre-regard-15-ml-yeux.jpg","type":"image\/jpeg"}],"twitter_card":"summary_large_image","twitter_misc":{"Dur\u00e9e de lecture estim\u00e9e":"1 minute"},"schema":{"@context":"https:\/\/schema.org","@graph":[{"@type":"WebPage","@id":"https:\/\/paracherkaoui.ma\/index.php\/produit\/cattier-eclat-de-rose-concentre-regard-15-ml\/","url":"https:\/\/paracherkaoui.ma\/index.php\/produit\/cattier-eclat-de-rose-concentre-regard-15-ml\/","name":"CATTIER ECLAT DE ROSE CONCENTRE REGARD 15 ML - Paracherkaoui.ma","isPartOf":{"@id":"https:\/\/paracherkaoui.ma\/#website"},"primaryImageOfPage":{"@id":"https:\/\/paracherkaoui.ma\/index.php\/produit\/cattier-eclat-de-rose-concentre-regard-15-ml\/#primaryimage"},"image":{"@id":"https:\/\/paracherkaoui.ma\/index.php\/produit\/cattier-eclat-de-rose-concentre-regard-15-ml\/#primaryimage"},"thumbnailUrl":"https:\/\/paracherkaoui.ma\/wp-content\/uploads\/2025\/12\/cattier-cattier-eclat-de-rose-concentre-regard-15-ml-yeux.jpg","datePublished":"2025-12-12T17:30:45+00:00","dateModified":"2025-12-12T17:30:47+00:00","breadcrumb":{"@id":"https:\/\/paracherkaoui.ma\/index.php\/produit\/cattier-eclat-de-rose-concentre-regard-15-ml\/#breadcrumb"},"inLanguage":"fr-FR","potentialAction":[{"@type":"ReadAction","target":["https:\/\/paracherkaoui.ma\/index.php\/produit\/cattier-eclat-de-rose-concentre-regard-15-ml\/"]}]},{"@type":"ImageObject","inLanguage":"fr-FR","@id":"https:\/\/paracherkaoui.ma\/index.php\/produit\/cattier-eclat-de-rose-concentre-regard-15-ml\/#primaryimage","url":"https:\/\/paracherkaoui.ma\/wp-content\/uploads\/2025\/12\/cattier-cattier-eclat-de-rose-concentre-regard-15-ml-yeux.jpg","contentUrl":"https:\/\/paracherkaoui.ma\/wp-content\/uploads\/2025\/12\/cattier-cattier-eclat-de-rose-concentre-regard-15-ml-yeux.jpg","width":700,"height":700},{"@type":"BreadcrumbList","@id":"https:\/\/paracherkaoui.ma\/index.php\/produit\/cattier-eclat-de-rose-concentre-regard-15-ml\/#breadcrumb","itemListElement":[{"@type":"ListItem","position":1,"name":"Accueil","item":"https:\/\/paracherkaoui.ma\/"},{"@type":"ListItem","position":2,"name":"Boutique","item":"https:\/\/paracherkaoui.ma\/index.php\/boutique\/"},{"@type":"ListItem","position":3,"name":"CATTIER ECLAT DE ROSE CONCENTRE REGARD 15 ML"}]},{"@type":"WebSite","@id":"https:\/\/paracherkaoui.ma\/#website","url":"https:\/\/paracherkaoui.ma\/","name":"Paracherkaoui.ma","description":"Achetez en ligne sur Paracherkaoui.ma","potentialAction":[{"@type":"SearchAction","target":{"@type":"EntryPoint","urlTemplate":"https:\/\/paracherkaoui.ma\/?s={search_term_string}"},"query-input":{"@type":"PropertyValueSpecification","valueRequired":true,"valueName":"search_term_string"}}],"inLanguage":"fr-FR"}]}},"_links":{"self":[{"href":"https:\/\/paracherkaoui.ma\/index.php\/wp-json\/wp\/v2\/product\/29353","targetHints":{"allow":["GET"]}}],"collection":[{"href":"https:\/\/paracherkaoui.ma\/index.php\/wp-json\/wp\/v2\/product"}],"about":[{"href":"https:\/\/paracherkaoui.ma\/index.php\/wp-json\/wp\/v2\/types\/product"}],"replies":[{"embeddable":true,"href":"https:\/\/paracherkaoui.ma\/index.php\/wp-json\/wp\/v2\/comments?post=29353"}],"version-history":[{"count":1,"href":"https:\/\/paracherkaoui.ma\/index.php\/wp-json\/wp\/v2\/product\/29353\/revisions"}],"predecessor-version":[{"id":29387,"href":"https:\/\/paracherkaoui.ma\/index.php\/wp-json\/wp\/v2\/product\/29353\/revisions\/29387"}],"wp:featuredmedia":[{"embeddable":true,"href":"https:\/\/paracherkaoui.ma\/index.php\/wp-json\/wp\/v2\/media\/29386"}],"wp:attachment":[{"href":"https:\/\/paracherkaoui.ma\/index.php\/wp-json\/wp\/v2\/media?parent=29353"}],"wp:term":[{"taxonomy":"product_brand","embeddable":true,"href":"https:\/\/paracherkaoui.ma\/index.php\/wp-json\/wp\/v2\/product_brand?post=29353"},{"taxonomy":"product_cat","embeddable":true,"href":"https:\/\/paracherkaoui.ma\/index.php\/wp-json\/wp\/v2\/product_cat?post=29353"},{"taxonomy":"product_tag","embeddable":true,"href":"https:\/\/paracherkaoui.ma\/index.php\/wp-json\/wp\/v2\/product_tag?post=29353"}],"curies":[{"name":"wp","href":"https:\/\/api.w.org\/{rel}","templated":true}]}}