{"id":29273,"date":"2025-12-12T18:30:38","date_gmt":"2025-12-12T17:30:38","guid":{"rendered":"https:\/\/test.ecbeaute.com\/?post_type=product&#038;p=29273"},"modified":"2025-12-12T18:30:41","modified_gmt":"2025-12-12T17:30:41","slug":"eye-care-creme-contour-des-yeux-anti-rides-15-ml","status":"publish","type":"product","link":"https:\/\/paracherkaoui.ma\/index.php\/produit\/eye-care-creme-contour-des-yeux-anti-rides-15-ml\/","title":{"rendered":"EYE CARE CREME CONTOUR DES YEUX ANTI RIDES 15 ML"},"content":{"rendered":"<p>Une peau plus ferme et \u00e9clatante<br \/>\nLa texture de cette cr\u00e8me a \u00e9t\u00e9 sp\u00e9cialement con\u00e7ue pour ne pas irriter les yeux, tout en \u00e9tant suffisamment puissante pour offrir des r\u00e9sultats visibles. Elle est \u00e9galement enrichie en constituants du NMF (Natural Moisturizing Factor) qui hydrate et prot\u00e8ge la peau tout au long de la journ\u00e9e. Sa composition anallergique en fait un soin adapt\u00e9 \u00e0 tous les types de peau, m\u00eame les plus sensibles.<br \/>\nUn soin anti-\u00e2ge complet pour le contour des yeux<br \/>\nL&rsquo;utilisation r\u00e9guli\u00e8re de cette cr\u00e8me aide \u00e0 renforcer la structure de la peau et \u00e0 la prot\u00e9ger des agressions ext\u00e9rieures. Vous obtiendrez un regard plus jeune, lumineux et revitalis\u00e9, avec des rides et des poches sous les yeux visiblement att\u00e9nu\u00e9es.<br \/>\nComposition<br \/>\nAqua (Water), Cetearyl Alcohol, Lauryl Laurate, Stearoxy Dimethicone, Diethylhexyl Adipate, Glyceryl Stearate, PEG-100 Stearate, Hydrolyzed Collagen, Oryza Sativa (Rice) Bran Oil, Palmitoyl Isoleucine, Glycerin, Phenethyl Alcohol, Sodium Cetearyl Sulfate, Ethylhexyl Palmitate, Ethylhexyl Stearate, Ethylhexylglycerin, Parfum (Fragrance), Sodium Hydroxide. (CCY12)<br \/>\nConseils d\u2019utilisation<br \/>\nMatin et soir : Appliquez la cr\u00e8me sur le contour de l\u2019\u0153il, sur une peau parfaitement d\u00e9maquill\u00e9e.<br \/>\nMassez doucement en effectuant des mouvements circulaires pour faire p\u00e9n\u00e9trer le produit.<br \/>\nUtilisez quotidiennement pour un effet durable et optimal.<br \/>\nIndication<br \/>\nCe soin est sp\u00e9cifiquement formul\u00e9 pour les peaux fragiles du contour des yeux, et est id\u00e9al pour lutter contre les signes de fatigue, les rides et les poches.<\/p>\n","protected":false},"excerpt":{"rendered":"<p>Une peau plus ferme et \u00e9clatante La texture de cette cr\u00e8me a \u00e9t\u00e9 sp\u00e9cialement con\u00e7ue pour ne pas irriter les<\/p>\n","protected":false},"featured_media":29314,"comment_status":"open","ping_status":"closed","template":"","meta":[],"product_brand":[278],"product_cat":[545],"product_tag":[],"class_list":{"0":"post-29273","1":"product","2":"type-product","3":"status-publish","4":"has-post-thumbnail","6":"product_brand-eye-care","7":"product_cat-soins-contours-yeux","9":"first","10":"instock","11":"shipping-taxable","12":"purchasable","13":"product-type-simple"},"yoast_head":"<!-- This site is optimized with the Yoast SEO plugin v26.6 - https:\/\/yoast.com\/wordpress\/plugins\/seo\/ -->\r\n<title>EYE CARE CREME CONTOUR DES YEUX ANTI RIDES 15 ML - Paracherkaoui.ma<\/title>\r\n<meta name=\"robots\" content=\"index, follow, max-snippet:-1, max-image-preview:large, max-video-preview:-1\" \/>\r\n<link rel=\"canonical\" href=\"https:\/\/paracherkaoui.ma\/index.php\/produit\/eye-care-creme-contour-des-yeux-anti-rides-15-ml\/\" \/>\r\n<meta property=\"og:locale\" content=\"fr_FR\" \/>\r\n<meta property=\"og:type\" content=\"article\" \/>\r\n<meta property=\"og:title\" content=\"EYE CARE CREME CONTOUR DES YEUX ANTI RIDES 15 ML - Paracherkaoui.ma\" \/>\r\n<meta property=\"og:description\" content=\"Une peau plus ferme et \u00e9clatante La texture de cette cr\u00e8me a \u00e9t\u00e9 sp\u00e9cialement con\u00e7ue pour ne pas irriter les\" \/>\r\n<meta property=\"og:url\" content=\"https:\/\/paracherkaoui.ma\/index.php\/produit\/eye-care-creme-contour-des-yeux-anti-rides-15-ml\/\" \/>\r\n<meta property=\"og:site_name\" content=\"Paracherkaoui.ma\" \/>\r\n<meta property=\"article:modified_time\" content=\"2025-12-12T17:30:41+00:00\" \/>\r\n<meta property=\"og:image\" content=\"https:\/\/paracherkaoui.ma\/wp-content\/uploads\/2025\/12\/eye-care-eye-care-creme-contour-des-yeux-anti-rides-15-ml-soins-anti-age.jpg\" \/>\r\n\t<meta property=\"og:image:width\" content=\"700\" \/>\r\n\t<meta property=\"og:image:height\" content=\"700\" \/>\r\n\t<meta property=\"og:image:type\" content=\"image\/jpeg\" \/>\r\n<meta name=\"twitter:card\" content=\"summary_large_image\" \/>\r\n<meta name=\"twitter:label1\" content=\"Dur\u00e9e de lecture estim\u00e9e\" \/>\n\t<meta name=\"twitter:data1\" content=\"1 minute\" \/>\r\n<script type=\"application\/ld+json\" class=\"yoast-schema-graph\">{\"@context\":\"https:\/\/schema.org\",\"@graph\":[{\"@type\":\"WebPage\",\"@id\":\"https:\/\/paracherkaoui.ma\/index.php\/produit\/eye-care-creme-contour-des-yeux-anti-rides-15-ml\/\",\"url\":\"https:\/\/paracherkaoui.ma\/index.php\/produit\/eye-care-creme-contour-des-yeux-anti-rides-15-ml\/\",\"name\":\"EYE CARE CREME CONTOUR DES YEUX ANTI RIDES 15 ML - Paracherkaoui.ma\",\"isPartOf\":{\"@id\":\"https:\/\/paracherkaoui.ma\/#website\"},\"primaryImageOfPage\":{\"@id\":\"https:\/\/paracherkaoui.ma\/index.php\/produit\/eye-care-creme-contour-des-yeux-anti-rides-15-ml\/#primaryimage\"},\"image\":{\"@id\":\"https:\/\/paracherkaoui.ma\/index.php\/produit\/eye-care-creme-contour-des-yeux-anti-rides-15-ml\/#primaryimage\"},\"thumbnailUrl\":\"https:\/\/paracherkaoui.ma\/wp-content\/uploads\/2025\/12\/eye-care-eye-care-creme-contour-des-yeux-anti-rides-15-ml-soins-anti-age.jpg\",\"datePublished\":\"2025-12-12T17:30:38+00:00\",\"dateModified\":\"2025-12-12T17:30:41+00:00\",\"breadcrumb\":{\"@id\":\"https:\/\/paracherkaoui.ma\/index.php\/produit\/eye-care-creme-contour-des-yeux-anti-rides-15-ml\/#breadcrumb\"},\"inLanguage\":\"fr-FR\",\"potentialAction\":[{\"@type\":\"ReadAction\",\"target\":[\"https:\/\/paracherkaoui.ma\/index.php\/produit\/eye-care-creme-contour-des-yeux-anti-rides-15-ml\/\"]}]},{\"@type\":\"ImageObject\",\"inLanguage\":\"fr-FR\",\"@id\":\"https:\/\/paracherkaoui.ma\/index.php\/produit\/eye-care-creme-contour-des-yeux-anti-rides-15-ml\/#primaryimage\",\"url\":\"https:\/\/paracherkaoui.ma\/wp-content\/uploads\/2025\/12\/eye-care-eye-care-creme-contour-des-yeux-anti-rides-15-ml-soins-anti-age.jpg\",\"contentUrl\":\"https:\/\/paracherkaoui.ma\/wp-content\/uploads\/2025\/12\/eye-care-eye-care-creme-contour-des-yeux-anti-rides-15-ml-soins-anti-age.jpg\",\"width\":700,\"height\":700},{\"@type\":\"BreadcrumbList\",\"@id\":\"https:\/\/paracherkaoui.ma\/index.php\/produit\/eye-care-creme-contour-des-yeux-anti-rides-15-ml\/#breadcrumb\",\"itemListElement\":[{\"@type\":\"ListItem\",\"position\":1,\"name\":\"Accueil\",\"item\":\"https:\/\/paracherkaoui.ma\/\"},{\"@type\":\"ListItem\",\"position\":2,\"name\":\"Boutique\",\"item\":\"https:\/\/paracherkaoui.ma\/index.php\/boutique\/\"},{\"@type\":\"ListItem\",\"position\":3,\"name\":\"EYE CARE CREME CONTOUR DES YEUX ANTI RIDES 15 ML\"}]},{\"@type\":\"WebSite\",\"@id\":\"https:\/\/paracherkaoui.ma\/#website\",\"url\":\"https:\/\/paracherkaoui.ma\/\",\"name\":\"Paracherkaoui.ma\",\"description\":\"Achetez en ligne sur Paracherkaoui.ma\",\"potentialAction\":[{\"@type\":\"SearchAction\",\"target\":{\"@type\":\"EntryPoint\",\"urlTemplate\":\"https:\/\/paracherkaoui.ma\/?s={search_term_string}\"},\"query-input\":{\"@type\":\"PropertyValueSpecification\",\"valueRequired\":true,\"valueName\":\"search_term_string\"}}],\"inLanguage\":\"fr-FR\"}]}<\/script>\r\n<!-- \/ Yoast SEO plugin. -->","yoast_head_json":{"title":"EYE CARE CREME CONTOUR DES YEUX ANTI RIDES 15 ML - Paracherkaoui.ma","robots":{"index":"index","follow":"follow","max-snippet":"max-snippet:-1","max-image-preview":"max-image-preview:large","max-video-preview":"max-video-preview:-1"},"canonical":"https:\/\/paracherkaoui.ma\/index.php\/produit\/eye-care-creme-contour-des-yeux-anti-rides-15-ml\/","og_locale":"fr_FR","og_type":"article","og_title":"EYE CARE CREME CONTOUR DES YEUX ANTI RIDES 15 ML - Paracherkaoui.ma","og_description":"Une peau plus ferme et \u00e9clatante La texture de cette cr\u00e8me a \u00e9t\u00e9 sp\u00e9cialement con\u00e7ue pour ne pas irriter les","og_url":"https:\/\/paracherkaoui.ma\/index.php\/produit\/eye-care-creme-contour-des-yeux-anti-rides-15-ml\/","og_site_name":"Paracherkaoui.ma","article_modified_time":"2025-12-12T17:30:41+00:00","og_image":[{"width":700,"height":700,"url":"https:\/\/paracherkaoui.ma\/wp-content\/uploads\/2025\/12\/eye-care-eye-care-creme-contour-des-yeux-anti-rides-15-ml-soins-anti-age.jpg","type":"image\/jpeg"}],"twitter_card":"summary_large_image","twitter_misc":{"Dur\u00e9e de lecture estim\u00e9e":"1 minute"},"schema":{"@context":"https:\/\/schema.org","@graph":[{"@type":"WebPage","@id":"https:\/\/paracherkaoui.ma\/index.php\/produit\/eye-care-creme-contour-des-yeux-anti-rides-15-ml\/","url":"https:\/\/paracherkaoui.ma\/index.php\/produit\/eye-care-creme-contour-des-yeux-anti-rides-15-ml\/","name":"EYE CARE CREME CONTOUR DES YEUX ANTI RIDES 15 ML - Paracherkaoui.ma","isPartOf":{"@id":"https:\/\/paracherkaoui.ma\/#website"},"primaryImageOfPage":{"@id":"https:\/\/paracherkaoui.ma\/index.php\/produit\/eye-care-creme-contour-des-yeux-anti-rides-15-ml\/#primaryimage"},"image":{"@id":"https:\/\/paracherkaoui.ma\/index.php\/produit\/eye-care-creme-contour-des-yeux-anti-rides-15-ml\/#primaryimage"},"thumbnailUrl":"https:\/\/paracherkaoui.ma\/wp-content\/uploads\/2025\/12\/eye-care-eye-care-creme-contour-des-yeux-anti-rides-15-ml-soins-anti-age.jpg","datePublished":"2025-12-12T17:30:38+00:00","dateModified":"2025-12-12T17:30:41+00:00","breadcrumb":{"@id":"https:\/\/paracherkaoui.ma\/index.php\/produit\/eye-care-creme-contour-des-yeux-anti-rides-15-ml\/#breadcrumb"},"inLanguage":"fr-FR","potentialAction":[{"@type":"ReadAction","target":["https:\/\/paracherkaoui.ma\/index.php\/produit\/eye-care-creme-contour-des-yeux-anti-rides-15-ml\/"]}]},{"@type":"ImageObject","inLanguage":"fr-FR","@id":"https:\/\/paracherkaoui.ma\/index.php\/produit\/eye-care-creme-contour-des-yeux-anti-rides-15-ml\/#primaryimage","url":"https:\/\/paracherkaoui.ma\/wp-content\/uploads\/2025\/12\/eye-care-eye-care-creme-contour-des-yeux-anti-rides-15-ml-soins-anti-age.jpg","contentUrl":"https:\/\/paracherkaoui.ma\/wp-content\/uploads\/2025\/12\/eye-care-eye-care-creme-contour-des-yeux-anti-rides-15-ml-soins-anti-age.jpg","width":700,"height":700},{"@type":"BreadcrumbList","@id":"https:\/\/paracherkaoui.ma\/index.php\/produit\/eye-care-creme-contour-des-yeux-anti-rides-15-ml\/#breadcrumb","itemListElement":[{"@type":"ListItem","position":1,"name":"Accueil","item":"https:\/\/paracherkaoui.ma\/"},{"@type":"ListItem","position":2,"name":"Boutique","item":"https:\/\/paracherkaoui.ma\/index.php\/boutique\/"},{"@type":"ListItem","position":3,"name":"EYE CARE CREME CONTOUR DES YEUX ANTI RIDES 15 ML"}]},{"@type":"WebSite","@id":"https:\/\/paracherkaoui.ma\/#website","url":"https:\/\/paracherkaoui.ma\/","name":"Paracherkaoui.ma","description":"Achetez en ligne sur Paracherkaoui.ma","potentialAction":[{"@type":"SearchAction","target":{"@type":"EntryPoint","urlTemplate":"https:\/\/paracherkaoui.ma\/?s={search_term_string}"},"query-input":{"@type":"PropertyValueSpecification","valueRequired":true,"valueName":"search_term_string"}}],"inLanguage":"fr-FR"}]}},"_links":{"self":[{"href":"https:\/\/paracherkaoui.ma\/index.php\/wp-json\/wp\/v2\/product\/29273","targetHints":{"allow":["GET"]}}],"collection":[{"href":"https:\/\/paracherkaoui.ma\/index.php\/wp-json\/wp\/v2\/product"}],"about":[{"href":"https:\/\/paracherkaoui.ma\/index.php\/wp-json\/wp\/v2\/types\/product"}],"replies":[{"embeddable":true,"href":"https:\/\/paracherkaoui.ma\/index.php\/wp-json\/wp\/v2\/comments?post=29273"}],"version-history":[{"count":1,"href":"https:\/\/paracherkaoui.ma\/index.php\/wp-json\/wp\/v2\/product\/29273\/revisions"}],"predecessor-version":[{"id":29315,"href":"https:\/\/paracherkaoui.ma\/index.php\/wp-json\/wp\/v2\/product\/29273\/revisions\/29315"}],"wp:featuredmedia":[{"embeddable":true,"href":"https:\/\/paracherkaoui.ma\/index.php\/wp-json\/wp\/v2\/media\/29314"}],"wp:attachment":[{"href":"https:\/\/paracherkaoui.ma\/index.php\/wp-json\/wp\/v2\/media?parent=29273"}],"wp:term":[{"taxonomy":"product_brand","embeddable":true,"href":"https:\/\/paracherkaoui.ma\/index.php\/wp-json\/wp\/v2\/product_brand?post=29273"},{"taxonomy":"product_cat","embeddable":true,"href":"https:\/\/paracherkaoui.ma\/index.php\/wp-json\/wp\/v2\/product_cat?post=29273"},{"taxonomy":"product_tag","embeddable":true,"href":"https:\/\/paracherkaoui.ma\/index.php\/wp-json\/wp\/v2\/product_tag?post=29273"}],"curies":[{"name":"wp","href":"https:\/\/api.w.org\/{rel}","templated":true}]}}