{"id":29270,"date":"2025-12-12T18:30:37","date_gmt":"2025-12-12T17:30:37","guid":{"rendered":"https:\/\/test.ecbeaute.com\/?post_type=product&#038;p=29270"},"modified":"2025-12-12T18:30:40","modified_gmt":"2025-12-12T17:30:40","slug":"martiderm-platinium-eye-correct-jour-et-nuit-2x10ml","status":"publish","type":"product","link":"https:\/\/paracherkaoui.ma\/index.php\/produit\/martiderm-platinium-eye-correct-jour-et-nuit-2x10ml\/","title":{"rendered":"MARTIDERM PLATINIUM EYE CORRECT JOUR ET NUIT 2X10ML"},"content":{"rendered":"<p>Eye Correct est le soin quotidien id\u00e9al pour le traitement du contour des yeux. Gr\u00e2ce \u00e0 sa nouvelle formule Day &#038; Night, il assure un traitement int\u00e9gral pour la r\u00e9duction des poches et des cernes et permet d\u2019am\u00e9liorer la luminosit\u00e9, d\u2019unifier le teint et d\u2019obtenir un regard plus repos\u00e9 et d\u00e9tendu.<br \/>\nEye Correct est un soin du contour des yeux qui r\u00e9duit visiblement les poches et les cernes et les camoufle. La formule est pr\u00e9sent\u00e9e en deux produits compl\u00e9mentaires: Eye Correct Day, une \u00e9mulsion teint\u00e9e qui camoufle les cernes pour illuminer le regard, et Eye Correct Night, un gel qui procure un effet rafra\u00eechissant et d\u00e9congestionnant pour un regard plus repos\u00e9.<br \/>\nConseils d&rsquo;utilisation:<br \/>\nAppliquer tous les jours, matin et soir, sur le contour des yeux et des l\u00e8vres.Masser doucement du bout des doigts.Masser de l&rsquo;ext\u00e9rieur vers l&rsquo;int\u00e9rieur.<\/p>\n","protected":false},"excerpt":{"rendered":"<p>Eye Correct est le soin quotidien id\u00e9al pour le traitement du contour des yeux. Gr\u00e2ce \u00e0 sa nouvelle formule Day<\/p>\n","protected":false},"featured_media":29308,"comment_status":"open","ping_status":"closed","template":"","meta":[],"product_brand":[291],"product_cat":[545],"product_tag":[],"class_list":{"0":"post-29270","1":"product","2":"type-product","3":"status-publish","4":"has-post-thumbnail","6":"product_brand-martiderm","7":"product_cat-soins-contours-yeux","9":"first","10":"instock","11":"sale","12":"shipping-taxable","13":"purchasable","14":"product-type-simple"},"yoast_head":"<!-- This site is optimized with the Yoast SEO plugin v26.6 - https:\/\/yoast.com\/wordpress\/plugins\/seo\/ -->\r\n<title>MARTIDERM PLATINIUM EYE CORRECT JOUR ET NUIT 2X10ML - Paracherkaoui.ma<\/title>\r\n<meta name=\"robots\" content=\"index, follow, max-snippet:-1, max-image-preview:large, max-video-preview:-1\" \/>\r\n<link rel=\"canonical\" href=\"https:\/\/paracherkaoui.ma\/index.php\/produit\/martiderm-platinium-eye-correct-jour-et-nuit-2x10ml\/\" \/>\r\n<meta property=\"og:locale\" content=\"fr_FR\" \/>\r\n<meta property=\"og:type\" content=\"article\" \/>\r\n<meta property=\"og:title\" content=\"MARTIDERM PLATINIUM EYE CORRECT JOUR ET NUIT 2X10ML - Paracherkaoui.ma\" \/>\r\n<meta property=\"og:description\" content=\"Eye Correct est le soin quotidien id\u00e9al pour le traitement du contour des yeux. Gr\u00e2ce \u00e0 sa nouvelle formule Day\" \/>\r\n<meta property=\"og:url\" content=\"https:\/\/paracherkaoui.ma\/index.php\/produit\/martiderm-platinium-eye-correct-jour-et-nuit-2x10ml\/\" \/>\r\n<meta property=\"og:site_name\" content=\"Paracherkaoui.ma\" \/>\r\n<meta property=\"article:modified_time\" content=\"2025-12-12T17:30:40+00:00\" \/>\r\n<meta property=\"og:image\" content=\"https:\/\/paracherkaoui.ma\/wp-content\/uploads\/2025\/12\/martiderm-martiderm-platinium-eye-correct-jour-et-nuit-2x10ml-contour-des-yeux-et-levres.jpg\" \/>\r\n\t<meta property=\"og:image:width\" content=\"700\" \/>\r\n\t<meta property=\"og:image:height\" content=\"700\" \/>\r\n\t<meta property=\"og:image:type\" content=\"image\/jpeg\" \/>\r\n<meta name=\"twitter:card\" content=\"summary_large_image\" \/>\r\n<meta name=\"twitter:label1\" content=\"Dur\u00e9e de lecture estim\u00e9e\" \/>\n\t<meta name=\"twitter:data1\" content=\"1 minute\" \/>\r\n<script type=\"application\/ld+json\" class=\"yoast-schema-graph\">{\"@context\":\"https:\/\/schema.org\",\"@graph\":[{\"@type\":\"WebPage\",\"@id\":\"https:\/\/paracherkaoui.ma\/index.php\/produit\/martiderm-platinium-eye-correct-jour-et-nuit-2x10ml\/\",\"url\":\"https:\/\/paracherkaoui.ma\/index.php\/produit\/martiderm-platinium-eye-correct-jour-et-nuit-2x10ml\/\",\"name\":\"MARTIDERM PLATINIUM EYE CORRECT JOUR ET NUIT 2X10ML - Paracherkaoui.ma\",\"isPartOf\":{\"@id\":\"https:\/\/paracherkaoui.ma\/#website\"},\"primaryImageOfPage\":{\"@id\":\"https:\/\/paracherkaoui.ma\/index.php\/produit\/martiderm-platinium-eye-correct-jour-et-nuit-2x10ml\/#primaryimage\"},\"image\":{\"@id\":\"https:\/\/paracherkaoui.ma\/index.php\/produit\/martiderm-platinium-eye-correct-jour-et-nuit-2x10ml\/#primaryimage\"},\"thumbnailUrl\":\"https:\/\/paracherkaoui.ma\/wp-content\/uploads\/2025\/12\/martiderm-martiderm-platinium-eye-correct-jour-et-nuit-2x10ml-contour-des-yeux-et-levres.jpg\",\"datePublished\":\"2025-12-12T17:30:37+00:00\",\"dateModified\":\"2025-12-12T17:30:40+00:00\",\"breadcrumb\":{\"@id\":\"https:\/\/paracherkaoui.ma\/index.php\/produit\/martiderm-platinium-eye-correct-jour-et-nuit-2x10ml\/#breadcrumb\"},\"inLanguage\":\"fr-FR\",\"potentialAction\":[{\"@type\":\"ReadAction\",\"target\":[\"https:\/\/paracherkaoui.ma\/index.php\/produit\/martiderm-platinium-eye-correct-jour-et-nuit-2x10ml\/\"]}]},{\"@type\":\"ImageObject\",\"inLanguage\":\"fr-FR\",\"@id\":\"https:\/\/paracherkaoui.ma\/index.php\/produit\/martiderm-platinium-eye-correct-jour-et-nuit-2x10ml\/#primaryimage\",\"url\":\"https:\/\/paracherkaoui.ma\/wp-content\/uploads\/2025\/12\/martiderm-martiderm-platinium-eye-correct-jour-et-nuit-2x10ml-contour-des-yeux-et-levres.jpg\",\"contentUrl\":\"https:\/\/paracherkaoui.ma\/wp-content\/uploads\/2025\/12\/martiderm-martiderm-platinium-eye-correct-jour-et-nuit-2x10ml-contour-des-yeux-et-levres.jpg\",\"width\":700,\"height\":700},{\"@type\":\"BreadcrumbList\",\"@id\":\"https:\/\/paracherkaoui.ma\/index.php\/produit\/martiderm-platinium-eye-correct-jour-et-nuit-2x10ml\/#breadcrumb\",\"itemListElement\":[{\"@type\":\"ListItem\",\"position\":1,\"name\":\"Accueil\",\"item\":\"https:\/\/paracherkaoui.ma\/\"},{\"@type\":\"ListItem\",\"position\":2,\"name\":\"Boutique\",\"item\":\"https:\/\/paracherkaoui.ma\/index.php\/boutique\/\"},{\"@type\":\"ListItem\",\"position\":3,\"name\":\"MARTIDERM PLATINIUM EYE CORRECT JOUR ET NUIT 2X10ML\"}]},{\"@type\":\"WebSite\",\"@id\":\"https:\/\/paracherkaoui.ma\/#website\",\"url\":\"https:\/\/paracherkaoui.ma\/\",\"name\":\"Paracherkaoui.ma\",\"description\":\"Achetez en ligne sur Paracherkaoui.ma\",\"potentialAction\":[{\"@type\":\"SearchAction\",\"target\":{\"@type\":\"EntryPoint\",\"urlTemplate\":\"https:\/\/paracherkaoui.ma\/?s={search_term_string}\"},\"query-input\":{\"@type\":\"PropertyValueSpecification\",\"valueRequired\":true,\"valueName\":\"search_term_string\"}}],\"inLanguage\":\"fr-FR\"}]}<\/script>\r\n<!-- \/ Yoast SEO plugin. -->","yoast_head_json":{"title":"MARTIDERM PLATINIUM EYE CORRECT JOUR ET NUIT 2X10ML - Paracherkaoui.ma","robots":{"index":"index","follow":"follow","max-snippet":"max-snippet:-1","max-image-preview":"max-image-preview:large","max-video-preview":"max-video-preview:-1"},"canonical":"https:\/\/paracherkaoui.ma\/index.php\/produit\/martiderm-platinium-eye-correct-jour-et-nuit-2x10ml\/","og_locale":"fr_FR","og_type":"article","og_title":"MARTIDERM PLATINIUM EYE CORRECT JOUR ET NUIT 2X10ML - Paracherkaoui.ma","og_description":"Eye Correct est le soin quotidien id\u00e9al pour le traitement du contour des yeux. Gr\u00e2ce \u00e0 sa nouvelle formule Day","og_url":"https:\/\/paracherkaoui.ma\/index.php\/produit\/martiderm-platinium-eye-correct-jour-et-nuit-2x10ml\/","og_site_name":"Paracherkaoui.ma","article_modified_time":"2025-12-12T17:30:40+00:00","og_image":[{"width":700,"height":700,"url":"https:\/\/paracherkaoui.ma\/wp-content\/uploads\/2025\/12\/martiderm-martiderm-platinium-eye-correct-jour-et-nuit-2x10ml-contour-des-yeux-et-levres.jpg","type":"image\/jpeg"}],"twitter_card":"summary_large_image","twitter_misc":{"Dur\u00e9e de lecture estim\u00e9e":"1 minute"},"schema":{"@context":"https:\/\/schema.org","@graph":[{"@type":"WebPage","@id":"https:\/\/paracherkaoui.ma\/index.php\/produit\/martiderm-platinium-eye-correct-jour-et-nuit-2x10ml\/","url":"https:\/\/paracherkaoui.ma\/index.php\/produit\/martiderm-platinium-eye-correct-jour-et-nuit-2x10ml\/","name":"MARTIDERM PLATINIUM EYE CORRECT JOUR ET NUIT 2X10ML - Paracherkaoui.ma","isPartOf":{"@id":"https:\/\/paracherkaoui.ma\/#website"},"primaryImageOfPage":{"@id":"https:\/\/paracherkaoui.ma\/index.php\/produit\/martiderm-platinium-eye-correct-jour-et-nuit-2x10ml\/#primaryimage"},"image":{"@id":"https:\/\/paracherkaoui.ma\/index.php\/produit\/martiderm-platinium-eye-correct-jour-et-nuit-2x10ml\/#primaryimage"},"thumbnailUrl":"https:\/\/paracherkaoui.ma\/wp-content\/uploads\/2025\/12\/martiderm-martiderm-platinium-eye-correct-jour-et-nuit-2x10ml-contour-des-yeux-et-levres.jpg","datePublished":"2025-12-12T17:30:37+00:00","dateModified":"2025-12-12T17:30:40+00:00","breadcrumb":{"@id":"https:\/\/paracherkaoui.ma\/index.php\/produit\/martiderm-platinium-eye-correct-jour-et-nuit-2x10ml\/#breadcrumb"},"inLanguage":"fr-FR","potentialAction":[{"@type":"ReadAction","target":["https:\/\/paracherkaoui.ma\/index.php\/produit\/martiderm-platinium-eye-correct-jour-et-nuit-2x10ml\/"]}]},{"@type":"ImageObject","inLanguage":"fr-FR","@id":"https:\/\/paracherkaoui.ma\/index.php\/produit\/martiderm-platinium-eye-correct-jour-et-nuit-2x10ml\/#primaryimage","url":"https:\/\/paracherkaoui.ma\/wp-content\/uploads\/2025\/12\/martiderm-martiderm-platinium-eye-correct-jour-et-nuit-2x10ml-contour-des-yeux-et-levres.jpg","contentUrl":"https:\/\/paracherkaoui.ma\/wp-content\/uploads\/2025\/12\/martiderm-martiderm-platinium-eye-correct-jour-et-nuit-2x10ml-contour-des-yeux-et-levres.jpg","width":700,"height":700},{"@type":"BreadcrumbList","@id":"https:\/\/paracherkaoui.ma\/index.php\/produit\/martiderm-platinium-eye-correct-jour-et-nuit-2x10ml\/#breadcrumb","itemListElement":[{"@type":"ListItem","position":1,"name":"Accueil","item":"https:\/\/paracherkaoui.ma\/"},{"@type":"ListItem","position":2,"name":"Boutique","item":"https:\/\/paracherkaoui.ma\/index.php\/boutique\/"},{"@type":"ListItem","position":3,"name":"MARTIDERM PLATINIUM EYE CORRECT JOUR ET NUIT 2X10ML"}]},{"@type":"WebSite","@id":"https:\/\/paracherkaoui.ma\/#website","url":"https:\/\/paracherkaoui.ma\/","name":"Paracherkaoui.ma","description":"Achetez en ligne sur Paracherkaoui.ma","potentialAction":[{"@type":"SearchAction","target":{"@type":"EntryPoint","urlTemplate":"https:\/\/paracherkaoui.ma\/?s={search_term_string}"},"query-input":{"@type":"PropertyValueSpecification","valueRequired":true,"valueName":"search_term_string"}}],"inLanguage":"fr-FR"}]}},"_links":{"self":[{"href":"https:\/\/paracherkaoui.ma\/index.php\/wp-json\/wp\/v2\/product\/29270","targetHints":{"allow":["GET"]}}],"collection":[{"href":"https:\/\/paracherkaoui.ma\/index.php\/wp-json\/wp\/v2\/product"}],"about":[{"href":"https:\/\/paracherkaoui.ma\/index.php\/wp-json\/wp\/v2\/types\/product"}],"replies":[{"embeddable":true,"href":"https:\/\/paracherkaoui.ma\/index.php\/wp-json\/wp\/v2\/comments?post=29270"}],"version-history":[{"count":1,"href":"https:\/\/paracherkaoui.ma\/index.php\/wp-json\/wp\/v2\/product\/29270\/revisions"}],"predecessor-version":[{"id":29309,"href":"https:\/\/paracherkaoui.ma\/index.php\/wp-json\/wp\/v2\/product\/29270\/revisions\/29309"}],"wp:featuredmedia":[{"embeddable":true,"href":"https:\/\/paracherkaoui.ma\/index.php\/wp-json\/wp\/v2\/media\/29308"}],"wp:attachment":[{"href":"https:\/\/paracherkaoui.ma\/index.php\/wp-json\/wp\/v2\/media?parent=29270"}],"wp:term":[{"taxonomy":"product_brand","embeddable":true,"href":"https:\/\/paracherkaoui.ma\/index.php\/wp-json\/wp\/v2\/product_brand?post=29270"},{"taxonomy":"product_cat","embeddable":true,"href":"https:\/\/paracherkaoui.ma\/index.php\/wp-json\/wp\/v2\/product_cat?post=29270"},{"taxonomy":"product_tag","embeddable":true,"href":"https:\/\/paracherkaoui.ma\/index.php\/wp-json\/wp\/v2\/product_tag?post=29270"}],"curies":[{"name":"wp","href":"https:\/\/api.w.org\/{rel}","templated":true}]}}