{"id":29263,"date":"2025-12-12T18:30:37","date_gmt":"2025-12-12T17:30:37","guid":{"rendered":"https:\/\/test.ecbeaute.com\/?post_type=product&#038;p=29263"},"modified":"2025-12-12T18:30:39","modified_gmt":"2025-12-12T17:30:39","slug":"dermina-contour-des-yeux-eclaircissant-clarifiant","status":"publish","type":"product","link":"https:\/\/paracherkaoui.ma\/index.php\/produit\/dermina-contour-des-yeux-eclaircissant-clarifiant\/","title":{"rendered":"DERMINA CONTOUR DES YEUX ECLAIRCISSANT CLARIFIANT"},"content":{"rendered":"<p>Description:<br \/>\nLe CONTOUR DES YEUX \u00c9CLAIRCISSANT CLARIFIANT\u00a0est un soin \u00e0 la triple correction taches &#8211; poches &#8211; signes de l\u2019\u00e2ge qui permet de r\u00e9v\u00e9ler un regard lumineux.<br \/>\nIl contient :<br \/>\nVitamine C\u00a0stabilis\u00e9e activatrice d\u2019\u00e9clat<br \/>\nGlycyrrhize\u00a0et extrait de Soja\u00a0concentr\u00e9 en Isoflavones clarifiants et unifiants<br \/>\nNiacinamide\u00a0anti-\u00e2ge et anti-taches<br \/>\nPhytost\u00e9rols de Pin\u00a0apaisants<br \/>\nLe regard est imm\u00e9diatement illumin\u00e9. Poches et ridules sont corrig\u00e9es. Les taches brunes s\u2019estompent progressivement.<br \/>\nConseils d&rsquo;utilisation:<br \/>\nAppliquer d\u00e9licatement sur peau nettoy\u00e9e par l\u00e9gers tapotements, du coin interne des paupi\u00e8res au coin externe, en insistant au niveau de la patte d\u2019oie<\/p>\n","protected":false},"excerpt":{"rendered":"<p>Description: Le CONTOUR DES YEUX \u00c9CLAIRCISSANT CLARIFIANT\u00a0est un soin \u00e0 la triple correction taches &#8211; poches &#8211; signes de l\u2019\u00e2ge<\/p>\n","protected":false},"featured_media":29294,"comment_status":"open","ping_status":"closed","template":"","meta":[],"product_brand":[386],"product_cat":[545],"product_tag":[],"class_list":{"0":"post-29263","1":"product","2":"type-product","3":"status-publish","4":"has-post-thumbnail","6":"product_brand-dermina","7":"product_cat-soins-contours-yeux","9":"first","10":"instock","11":"sale","12":"shipping-taxable","13":"purchasable","14":"product-type-simple"},"yoast_head":"<!-- This site is optimized with the Yoast SEO plugin v26.6 - https:\/\/yoast.com\/wordpress\/plugins\/seo\/ -->\r\n<title>DERMINA CONTOUR DES YEUX ECLAIRCISSANT CLARIFIANT - Paracherkaoui.ma<\/title>\r\n<meta name=\"robots\" content=\"index, follow, max-snippet:-1, max-image-preview:large, max-video-preview:-1\" \/>\r\n<link rel=\"canonical\" href=\"https:\/\/paracherkaoui.ma\/index.php\/produit\/dermina-contour-des-yeux-eclaircissant-clarifiant\/\" \/>\r\n<meta property=\"og:locale\" content=\"fr_FR\" \/>\r\n<meta property=\"og:type\" content=\"article\" \/>\r\n<meta property=\"og:title\" content=\"DERMINA CONTOUR DES YEUX ECLAIRCISSANT CLARIFIANT - Paracherkaoui.ma\" \/>\r\n<meta property=\"og:description\" content=\"Description: Le CONTOUR DES YEUX \u00c9CLAIRCISSANT CLARIFIANT\u00a0est un soin \u00e0 la triple correction taches &#8211; poches &#8211; signes de l\u2019\u00e2ge\" \/>\r\n<meta property=\"og:url\" content=\"https:\/\/paracherkaoui.ma\/index.php\/produit\/dermina-contour-des-yeux-eclaircissant-clarifiant\/\" \/>\r\n<meta property=\"og:site_name\" content=\"Paracherkaoui.ma\" \/>\r\n<meta property=\"article:modified_time\" content=\"2025-12-12T17:30:39+00:00\" \/>\r\n<meta property=\"og:image\" content=\"https:\/\/paracherkaoui.ma\/wp-content\/uploads\/2025\/12\/dermina-dermina-contour-des-yeux-eclaircissant-clarifiant-yeux.jpg\" \/>\r\n\t<meta property=\"og:image:width\" content=\"700\" \/>\r\n\t<meta property=\"og:image:height\" content=\"700\" \/>\r\n\t<meta property=\"og:image:type\" content=\"image\/jpeg\" \/>\r\n<meta name=\"twitter:card\" content=\"summary_large_image\" \/>\r\n<meta name=\"twitter:label1\" content=\"Dur\u00e9e de lecture estim\u00e9e\" \/>\n\t<meta name=\"twitter:data1\" content=\"1 minute\" \/>\r\n<script type=\"application\/ld+json\" class=\"yoast-schema-graph\">{\"@context\":\"https:\/\/schema.org\",\"@graph\":[{\"@type\":\"WebPage\",\"@id\":\"https:\/\/paracherkaoui.ma\/index.php\/produit\/dermina-contour-des-yeux-eclaircissant-clarifiant\/\",\"url\":\"https:\/\/paracherkaoui.ma\/index.php\/produit\/dermina-contour-des-yeux-eclaircissant-clarifiant\/\",\"name\":\"DERMINA CONTOUR DES YEUX ECLAIRCISSANT CLARIFIANT - Paracherkaoui.ma\",\"isPartOf\":{\"@id\":\"https:\/\/paracherkaoui.ma\/#website\"},\"primaryImageOfPage\":{\"@id\":\"https:\/\/paracherkaoui.ma\/index.php\/produit\/dermina-contour-des-yeux-eclaircissant-clarifiant\/#primaryimage\"},\"image\":{\"@id\":\"https:\/\/paracherkaoui.ma\/index.php\/produit\/dermina-contour-des-yeux-eclaircissant-clarifiant\/#primaryimage\"},\"thumbnailUrl\":\"https:\/\/paracherkaoui.ma\/wp-content\/uploads\/2025\/12\/dermina-dermina-contour-des-yeux-eclaircissant-clarifiant-yeux.jpg\",\"datePublished\":\"2025-12-12T17:30:37+00:00\",\"dateModified\":\"2025-12-12T17:30:39+00:00\",\"breadcrumb\":{\"@id\":\"https:\/\/paracherkaoui.ma\/index.php\/produit\/dermina-contour-des-yeux-eclaircissant-clarifiant\/#breadcrumb\"},\"inLanguage\":\"fr-FR\",\"potentialAction\":[{\"@type\":\"ReadAction\",\"target\":[\"https:\/\/paracherkaoui.ma\/index.php\/produit\/dermina-contour-des-yeux-eclaircissant-clarifiant\/\"]}]},{\"@type\":\"ImageObject\",\"inLanguage\":\"fr-FR\",\"@id\":\"https:\/\/paracherkaoui.ma\/index.php\/produit\/dermina-contour-des-yeux-eclaircissant-clarifiant\/#primaryimage\",\"url\":\"https:\/\/paracherkaoui.ma\/wp-content\/uploads\/2025\/12\/dermina-dermina-contour-des-yeux-eclaircissant-clarifiant-yeux.jpg\",\"contentUrl\":\"https:\/\/paracherkaoui.ma\/wp-content\/uploads\/2025\/12\/dermina-dermina-contour-des-yeux-eclaircissant-clarifiant-yeux.jpg\",\"width\":700,\"height\":700},{\"@type\":\"BreadcrumbList\",\"@id\":\"https:\/\/paracherkaoui.ma\/index.php\/produit\/dermina-contour-des-yeux-eclaircissant-clarifiant\/#breadcrumb\",\"itemListElement\":[{\"@type\":\"ListItem\",\"position\":1,\"name\":\"Accueil\",\"item\":\"https:\/\/paracherkaoui.ma\/\"},{\"@type\":\"ListItem\",\"position\":2,\"name\":\"Boutique\",\"item\":\"https:\/\/paracherkaoui.ma\/index.php\/boutique\/\"},{\"@type\":\"ListItem\",\"position\":3,\"name\":\"DERMINA CONTOUR DES YEUX ECLAIRCISSANT CLARIFIANT\"}]},{\"@type\":\"WebSite\",\"@id\":\"https:\/\/paracherkaoui.ma\/#website\",\"url\":\"https:\/\/paracherkaoui.ma\/\",\"name\":\"Paracherkaoui.ma\",\"description\":\"Achetez en ligne sur Paracherkaoui.ma\",\"potentialAction\":[{\"@type\":\"SearchAction\",\"target\":{\"@type\":\"EntryPoint\",\"urlTemplate\":\"https:\/\/paracherkaoui.ma\/?s={search_term_string}\"},\"query-input\":{\"@type\":\"PropertyValueSpecification\",\"valueRequired\":true,\"valueName\":\"search_term_string\"}}],\"inLanguage\":\"fr-FR\"}]}<\/script>\r\n<!-- \/ Yoast SEO plugin. -->","yoast_head_json":{"title":"DERMINA CONTOUR DES YEUX ECLAIRCISSANT CLARIFIANT - Paracherkaoui.ma","robots":{"index":"index","follow":"follow","max-snippet":"max-snippet:-1","max-image-preview":"max-image-preview:large","max-video-preview":"max-video-preview:-1"},"canonical":"https:\/\/paracherkaoui.ma\/index.php\/produit\/dermina-contour-des-yeux-eclaircissant-clarifiant\/","og_locale":"fr_FR","og_type":"article","og_title":"DERMINA CONTOUR DES YEUX ECLAIRCISSANT CLARIFIANT - Paracherkaoui.ma","og_description":"Description: Le CONTOUR DES YEUX \u00c9CLAIRCISSANT CLARIFIANT\u00a0est un soin \u00e0 la triple correction taches &#8211; poches &#8211; signes de l\u2019\u00e2ge","og_url":"https:\/\/paracherkaoui.ma\/index.php\/produit\/dermina-contour-des-yeux-eclaircissant-clarifiant\/","og_site_name":"Paracherkaoui.ma","article_modified_time":"2025-12-12T17:30:39+00:00","og_image":[{"width":700,"height":700,"url":"https:\/\/paracherkaoui.ma\/wp-content\/uploads\/2025\/12\/dermina-dermina-contour-des-yeux-eclaircissant-clarifiant-yeux.jpg","type":"image\/jpeg"}],"twitter_card":"summary_large_image","twitter_misc":{"Dur\u00e9e de lecture estim\u00e9e":"1 minute"},"schema":{"@context":"https:\/\/schema.org","@graph":[{"@type":"WebPage","@id":"https:\/\/paracherkaoui.ma\/index.php\/produit\/dermina-contour-des-yeux-eclaircissant-clarifiant\/","url":"https:\/\/paracherkaoui.ma\/index.php\/produit\/dermina-contour-des-yeux-eclaircissant-clarifiant\/","name":"DERMINA CONTOUR DES YEUX ECLAIRCISSANT CLARIFIANT - Paracherkaoui.ma","isPartOf":{"@id":"https:\/\/paracherkaoui.ma\/#website"},"primaryImageOfPage":{"@id":"https:\/\/paracherkaoui.ma\/index.php\/produit\/dermina-contour-des-yeux-eclaircissant-clarifiant\/#primaryimage"},"image":{"@id":"https:\/\/paracherkaoui.ma\/index.php\/produit\/dermina-contour-des-yeux-eclaircissant-clarifiant\/#primaryimage"},"thumbnailUrl":"https:\/\/paracherkaoui.ma\/wp-content\/uploads\/2025\/12\/dermina-dermina-contour-des-yeux-eclaircissant-clarifiant-yeux.jpg","datePublished":"2025-12-12T17:30:37+00:00","dateModified":"2025-12-12T17:30:39+00:00","breadcrumb":{"@id":"https:\/\/paracherkaoui.ma\/index.php\/produit\/dermina-contour-des-yeux-eclaircissant-clarifiant\/#breadcrumb"},"inLanguage":"fr-FR","potentialAction":[{"@type":"ReadAction","target":["https:\/\/paracherkaoui.ma\/index.php\/produit\/dermina-contour-des-yeux-eclaircissant-clarifiant\/"]}]},{"@type":"ImageObject","inLanguage":"fr-FR","@id":"https:\/\/paracherkaoui.ma\/index.php\/produit\/dermina-contour-des-yeux-eclaircissant-clarifiant\/#primaryimage","url":"https:\/\/paracherkaoui.ma\/wp-content\/uploads\/2025\/12\/dermina-dermina-contour-des-yeux-eclaircissant-clarifiant-yeux.jpg","contentUrl":"https:\/\/paracherkaoui.ma\/wp-content\/uploads\/2025\/12\/dermina-dermina-contour-des-yeux-eclaircissant-clarifiant-yeux.jpg","width":700,"height":700},{"@type":"BreadcrumbList","@id":"https:\/\/paracherkaoui.ma\/index.php\/produit\/dermina-contour-des-yeux-eclaircissant-clarifiant\/#breadcrumb","itemListElement":[{"@type":"ListItem","position":1,"name":"Accueil","item":"https:\/\/paracherkaoui.ma\/"},{"@type":"ListItem","position":2,"name":"Boutique","item":"https:\/\/paracherkaoui.ma\/index.php\/boutique\/"},{"@type":"ListItem","position":3,"name":"DERMINA CONTOUR DES YEUX ECLAIRCISSANT CLARIFIANT"}]},{"@type":"WebSite","@id":"https:\/\/paracherkaoui.ma\/#website","url":"https:\/\/paracherkaoui.ma\/","name":"Paracherkaoui.ma","description":"Achetez en ligne sur Paracherkaoui.ma","potentialAction":[{"@type":"SearchAction","target":{"@type":"EntryPoint","urlTemplate":"https:\/\/paracherkaoui.ma\/?s={search_term_string}"},"query-input":{"@type":"PropertyValueSpecification","valueRequired":true,"valueName":"search_term_string"}}],"inLanguage":"fr-FR"}]}},"_links":{"self":[{"href":"https:\/\/paracherkaoui.ma\/index.php\/wp-json\/wp\/v2\/product\/29263","targetHints":{"allow":["GET"]}}],"collection":[{"href":"https:\/\/paracherkaoui.ma\/index.php\/wp-json\/wp\/v2\/product"}],"about":[{"href":"https:\/\/paracherkaoui.ma\/index.php\/wp-json\/wp\/v2\/types\/product"}],"replies":[{"embeddable":true,"href":"https:\/\/paracherkaoui.ma\/index.php\/wp-json\/wp\/v2\/comments?post=29263"}],"version-history":[{"count":1,"href":"https:\/\/paracherkaoui.ma\/index.php\/wp-json\/wp\/v2\/product\/29263\/revisions"}],"predecessor-version":[{"id":29295,"href":"https:\/\/paracherkaoui.ma\/index.php\/wp-json\/wp\/v2\/product\/29263\/revisions\/29295"}],"wp:featuredmedia":[{"embeddable":true,"href":"https:\/\/paracherkaoui.ma\/index.php\/wp-json\/wp\/v2\/media\/29294"}],"wp:attachment":[{"href":"https:\/\/paracherkaoui.ma\/index.php\/wp-json\/wp\/v2\/media?parent=29263"}],"wp:term":[{"taxonomy":"product_brand","embeddable":true,"href":"https:\/\/paracherkaoui.ma\/index.php\/wp-json\/wp\/v2\/product_brand?post=29263"},{"taxonomy":"product_cat","embeddable":true,"href":"https:\/\/paracherkaoui.ma\/index.php\/wp-json\/wp\/v2\/product_cat?post=29263"},{"taxonomy":"product_tag","embeddable":true,"href":"https:\/\/paracherkaoui.ma\/index.php\/wp-json\/wp\/v2\/product_tag?post=29263"}],"curies":[{"name":"wp","href":"https:\/\/api.w.org\/{rel}","templated":true}]}}