{"id":29145,"date":"2025-12-12T18:30:14","date_gmt":"2025-12-12T17:30:14","guid":{"rendered":"https:\/\/test.ecbeaute.com\/?post_type=product&#038;p=29145"},"modified":"2025-12-12T18:30:19","modified_gmt":"2025-12-12T17:30:19","slug":"lendan-vitamin-forza-c-contour-des-yeux-15-ml","status":"publish","type":"product","link":"https:\/\/paracherkaoui.ma\/index.php\/produit\/lendan-vitamin-forza-c-contour-des-yeux-15-ml\/","title":{"rendered":"LENDAN VITAMIN FORZA C CONTOUR DES YEUX 15 ML"},"content":{"rendered":"<p>Contour des yeux \u00e9claircissant. \u00c9mulsion d\u00e9licate et l\u00e9g\u00e8re formul\u00e9e avec une combinaison efficace de principes actifs revitalisants qui retardent et corrigent imm\u00e9diatement les premi\u00e8res rides et les signes de vieillissement, tout en restaurant l&rsquo;\u00e9lasticit\u00e9 et la fermet\u00e9 sp\u00e9cifiques du contour des yeux.<br \/>\nCONSEILS D&rsquo;UTILISATION :<br \/>\nAppliquez une petite quantit\u00e9 sur le contour des yeux. Pour optimiser le r\u00e9sultat, massez l\u00e9g\u00e8rement sur la paupi\u00e8re inf\u00e9rieure, en tamponnant de l\u2019int\u00e9rieur vers l\u2019ext\u00e9rieur, jusqu\u2019\u00e0 absorption compl\u00e8te. Fr\u00e9quence : utilisation quotidienne.<\/p>\n","protected":false},"excerpt":{"rendered":"<p>Contour des yeux \u00e9claircissant. \u00c9mulsion d\u00e9licate et l\u00e9g\u00e8re formul\u00e9e avec une combinaison efficace de principes actifs revitalisants qui retardent et<\/p>\n","protected":false},"featured_media":29196,"comment_status":"open","ping_status":"closed","template":"","meta":[],"product_brand":[474],"product_cat":[545],"product_tag":[],"class_list":{"0":"post-29145","1":"product","2":"type-product","3":"status-publish","4":"has-post-thumbnail","6":"product_brand-lendan","7":"product_cat-soins-contours-yeux","9":"first","10":"instock","11":"sale","12":"shipping-taxable","13":"purchasable","14":"product-type-simple"},"yoast_head":"<!-- This site is optimized with the Yoast SEO plugin v26.6 - https:\/\/yoast.com\/wordpress\/plugins\/seo\/ -->\r\n<title>LENDAN VITAMIN FORZA C CONTOUR DES YEUX 15 ML - Paracherkaoui.ma<\/title>\r\n<meta name=\"robots\" content=\"index, follow, max-snippet:-1, max-image-preview:large, max-video-preview:-1\" \/>\r\n<link rel=\"canonical\" href=\"https:\/\/paracherkaoui.ma\/index.php\/produit\/lendan-vitamin-forza-c-contour-des-yeux-15-ml\/\" \/>\r\n<meta property=\"og:locale\" content=\"fr_FR\" \/>\r\n<meta property=\"og:type\" content=\"article\" \/>\r\n<meta property=\"og:title\" content=\"LENDAN VITAMIN FORZA C CONTOUR DES YEUX 15 ML - Paracherkaoui.ma\" \/>\r\n<meta property=\"og:description\" content=\"Contour des yeux \u00e9claircissant. \u00c9mulsion d\u00e9licate et l\u00e9g\u00e8re formul\u00e9e avec une combinaison efficace de principes actifs revitalisants qui retardent et\" \/>\r\n<meta property=\"og:url\" content=\"https:\/\/paracherkaoui.ma\/index.php\/produit\/lendan-vitamin-forza-c-contour-des-yeux-15-ml\/\" \/>\r\n<meta property=\"og:site_name\" content=\"Paracherkaoui.ma\" \/>\r\n<meta property=\"article:modified_time\" content=\"2025-12-12T17:30:19+00:00\" \/>\r\n<meta property=\"og:image\" content=\"https:\/\/paracherkaoui.ma\/wp-content\/uploads\/2025\/12\/lendan-lendan-vitamin-forza-c-contour-des-yeux-15-ml-yeux.jpg\" \/>\r\n\t<meta property=\"og:image:width\" content=\"700\" \/>\r\n\t<meta property=\"og:image:height\" content=\"700\" \/>\r\n\t<meta property=\"og:image:type\" content=\"image\/jpeg\" \/>\r\n<meta name=\"twitter:card\" content=\"summary_large_image\" \/>\r\n<script type=\"application\/ld+json\" class=\"yoast-schema-graph\">{\"@context\":\"https:\/\/schema.org\",\"@graph\":[{\"@type\":\"WebPage\",\"@id\":\"https:\/\/paracherkaoui.ma\/index.php\/produit\/lendan-vitamin-forza-c-contour-des-yeux-15-ml\/\",\"url\":\"https:\/\/paracherkaoui.ma\/index.php\/produit\/lendan-vitamin-forza-c-contour-des-yeux-15-ml\/\",\"name\":\"LENDAN VITAMIN FORZA C CONTOUR DES YEUX 15 ML - Paracherkaoui.ma\",\"isPartOf\":{\"@id\":\"https:\/\/paracherkaoui.ma\/#website\"},\"primaryImageOfPage\":{\"@id\":\"https:\/\/paracherkaoui.ma\/index.php\/produit\/lendan-vitamin-forza-c-contour-des-yeux-15-ml\/#primaryimage\"},\"image\":{\"@id\":\"https:\/\/paracherkaoui.ma\/index.php\/produit\/lendan-vitamin-forza-c-contour-des-yeux-15-ml\/#primaryimage\"},\"thumbnailUrl\":\"https:\/\/paracherkaoui.ma\/wp-content\/uploads\/2025\/12\/lendan-lendan-vitamin-forza-c-contour-des-yeux-15-ml-yeux.jpg\",\"datePublished\":\"2025-12-12T17:30:14+00:00\",\"dateModified\":\"2025-12-12T17:30:19+00:00\",\"breadcrumb\":{\"@id\":\"https:\/\/paracherkaoui.ma\/index.php\/produit\/lendan-vitamin-forza-c-contour-des-yeux-15-ml\/#breadcrumb\"},\"inLanguage\":\"fr-FR\",\"potentialAction\":[{\"@type\":\"ReadAction\",\"target\":[\"https:\/\/paracherkaoui.ma\/index.php\/produit\/lendan-vitamin-forza-c-contour-des-yeux-15-ml\/\"]}]},{\"@type\":\"ImageObject\",\"inLanguage\":\"fr-FR\",\"@id\":\"https:\/\/paracherkaoui.ma\/index.php\/produit\/lendan-vitamin-forza-c-contour-des-yeux-15-ml\/#primaryimage\",\"url\":\"https:\/\/paracherkaoui.ma\/wp-content\/uploads\/2025\/12\/lendan-lendan-vitamin-forza-c-contour-des-yeux-15-ml-yeux.jpg\",\"contentUrl\":\"https:\/\/paracherkaoui.ma\/wp-content\/uploads\/2025\/12\/lendan-lendan-vitamin-forza-c-contour-des-yeux-15-ml-yeux.jpg\",\"width\":700,\"height\":700},{\"@type\":\"BreadcrumbList\",\"@id\":\"https:\/\/paracherkaoui.ma\/index.php\/produit\/lendan-vitamin-forza-c-contour-des-yeux-15-ml\/#breadcrumb\",\"itemListElement\":[{\"@type\":\"ListItem\",\"position\":1,\"name\":\"Accueil\",\"item\":\"https:\/\/paracherkaoui.ma\/\"},{\"@type\":\"ListItem\",\"position\":2,\"name\":\"Boutique\",\"item\":\"https:\/\/paracherkaoui.ma\/index.php\/boutique\/\"},{\"@type\":\"ListItem\",\"position\":3,\"name\":\"LENDAN VITAMIN FORZA C CONTOUR DES YEUX 15 ML\"}]},{\"@type\":\"WebSite\",\"@id\":\"https:\/\/paracherkaoui.ma\/#website\",\"url\":\"https:\/\/paracherkaoui.ma\/\",\"name\":\"Paracherkaoui.ma\",\"description\":\"Achetez en ligne sur Paracherkaoui.ma\",\"potentialAction\":[{\"@type\":\"SearchAction\",\"target\":{\"@type\":\"EntryPoint\",\"urlTemplate\":\"https:\/\/paracherkaoui.ma\/?s={search_term_string}\"},\"query-input\":{\"@type\":\"PropertyValueSpecification\",\"valueRequired\":true,\"valueName\":\"search_term_string\"}}],\"inLanguage\":\"fr-FR\"}]}<\/script>\r\n<!-- \/ Yoast SEO plugin. -->","yoast_head_json":{"title":"LENDAN VITAMIN FORZA C CONTOUR DES YEUX 15 ML - Paracherkaoui.ma","robots":{"index":"index","follow":"follow","max-snippet":"max-snippet:-1","max-image-preview":"max-image-preview:large","max-video-preview":"max-video-preview:-1"},"canonical":"https:\/\/paracherkaoui.ma\/index.php\/produit\/lendan-vitamin-forza-c-contour-des-yeux-15-ml\/","og_locale":"fr_FR","og_type":"article","og_title":"LENDAN VITAMIN FORZA C CONTOUR DES YEUX 15 ML - Paracherkaoui.ma","og_description":"Contour des yeux \u00e9claircissant. \u00c9mulsion d\u00e9licate et l\u00e9g\u00e8re formul\u00e9e avec une combinaison efficace de principes actifs revitalisants qui retardent et","og_url":"https:\/\/paracherkaoui.ma\/index.php\/produit\/lendan-vitamin-forza-c-contour-des-yeux-15-ml\/","og_site_name":"Paracherkaoui.ma","article_modified_time":"2025-12-12T17:30:19+00:00","og_image":[{"width":700,"height":700,"url":"https:\/\/paracherkaoui.ma\/wp-content\/uploads\/2025\/12\/lendan-lendan-vitamin-forza-c-contour-des-yeux-15-ml-yeux.jpg","type":"image\/jpeg"}],"twitter_card":"summary_large_image","schema":{"@context":"https:\/\/schema.org","@graph":[{"@type":"WebPage","@id":"https:\/\/paracherkaoui.ma\/index.php\/produit\/lendan-vitamin-forza-c-contour-des-yeux-15-ml\/","url":"https:\/\/paracherkaoui.ma\/index.php\/produit\/lendan-vitamin-forza-c-contour-des-yeux-15-ml\/","name":"LENDAN VITAMIN FORZA C CONTOUR DES YEUX 15 ML - Paracherkaoui.ma","isPartOf":{"@id":"https:\/\/paracherkaoui.ma\/#website"},"primaryImageOfPage":{"@id":"https:\/\/paracherkaoui.ma\/index.php\/produit\/lendan-vitamin-forza-c-contour-des-yeux-15-ml\/#primaryimage"},"image":{"@id":"https:\/\/paracherkaoui.ma\/index.php\/produit\/lendan-vitamin-forza-c-contour-des-yeux-15-ml\/#primaryimage"},"thumbnailUrl":"https:\/\/paracherkaoui.ma\/wp-content\/uploads\/2025\/12\/lendan-lendan-vitamin-forza-c-contour-des-yeux-15-ml-yeux.jpg","datePublished":"2025-12-12T17:30:14+00:00","dateModified":"2025-12-12T17:30:19+00:00","breadcrumb":{"@id":"https:\/\/paracherkaoui.ma\/index.php\/produit\/lendan-vitamin-forza-c-contour-des-yeux-15-ml\/#breadcrumb"},"inLanguage":"fr-FR","potentialAction":[{"@type":"ReadAction","target":["https:\/\/paracherkaoui.ma\/index.php\/produit\/lendan-vitamin-forza-c-contour-des-yeux-15-ml\/"]}]},{"@type":"ImageObject","inLanguage":"fr-FR","@id":"https:\/\/paracherkaoui.ma\/index.php\/produit\/lendan-vitamin-forza-c-contour-des-yeux-15-ml\/#primaryimage","url":"https:\/\/paracherkaoui.ma\/wp-content\/uploads\/2025\/12\/lendan-lendan-vitamin-forza-c-contour-des-yeux-15-ml-yeux.jpg","contentUrl":"https:\/\/paracherkaoui.ma\/wp-content\/uploads\/2025\/12\/lendan-lendan-vitamin-forza-c-contour-des-yeux-15-ml-yeux.jpg","width":700,"height":700},{"@type":"BreadcrumbList","@id":"https:\/\/paracherkaoui.ma\/index.php\/produit\/lendan-vitamin-forza-c-contour-des-yeux-15-ml\/#breadcrumb","itemListElement":[{"@type":"ListItem","position":1,"name":"Accueil","item":"https:\/\/paracherkaoui.ma\/"},{"@type":"ListItem","position":2,"name":"Boutique","item":"https:\/\/paracherkaoui.ma\/index.php\/boutique\/"},{"@type":"ListItem","position":3,"name":"LENDAN VITAMIN FORZA C CONTOUR DES YEUX 15 ML"}]},{"@type":"WebSite","@id":"https:\/\/paracherkaoui.ma\/#website","url":"https:\/\/paracherkaoui.ma\/","name":"Paracherkaoui.ma","description":"Achetez en ligne sur Paracherkaoui.ma","potentialAction":[{"@type":"SearchAction","target":{"@type":"EntryPoint","urlTemplate":"https:\/\/paracherkaoui.ma\/?s={search_term_string}"},"query-input":{"@type":"PropertyValueSpecification","valueRequired":true,"valueName":"search_term_string"}}],"inLanguage":"fr-FR"}]}},"_links":{"self":[{"href":"https:\/\/paracherkaoui.ma\/index.php\/wp-json\/wp\/v2\/product\/29145","targetHints":{"allow":["GET"]}}],"collection":[{"href":"https:\/\/paracherkaoui.ma\/index.php\/wp-json\/wp\/v2\/product"}],"about":[{"href":"https:\/\/paracherkaoui.ma\/index.php\/wp-json\/wp\/v2\/types\/product"}],"replies":[{"embeddable":true,"href":"https:\/\/paracherkaoui.ma\/index.php\/wp-json\/wp\/v2\/comments?post=29145"}],"version-history":[{"count":1,"href":"https:\/\/paracherkaoui.ma\/index.php\/wp-json\/wp\/v2\/product\/29145\/revisions"}],"predecessor-version":[{"id":29197,"href":"https:\/\/paracherkaoui.ma\/index.php\/wp-json\/wp\/v2\/product\/29145\/revisions\/29197"}],"wp:featuredmedia":[{"embeddable":true,"href":"https:\/\/paracherkaoui.ma\/index.php\/wp-json\/wp\/v2\/media\/29196"}],"wp:attachment":[{"href":"https:\/\/paracherkaoui.ma\/index.php\/wp-json\/wp\/v2\/media?parent=29145"}],"wp:term":[{"taxonomy":"product_brand","embeddable":true,"href":"https:\/\/paracherkaoui.ma\/index.php\/wp-json\/wp\/v2\/product_brand?post=29145"},{"taxonomy":"product_cat","embeddable":true,"href":"https:\/\/paracherkaoui.ma\/index.php\/wp-json\/wp\/v2\/product_cat?post=29145"},{"taxonomy":"product_tag","embeddable":true,"href":"https:\/\/paracherkaoui.ma\/index.php\/wp-json\/wp\/v2\/product_tag?post=29145"}],"curies":[{"name":"wp","href":"https:\/\/api.w.org\/{rel}","templated":true}]}}