{"id":29141,"date":"2025-12-12T18:30:14","date_gmt":"2025-12-12T17:30:14","guid":{"rendered":"https:\/\/test.ecbeaute.com\/?post_type=product&#038;p=29141"},"modified":"2025-12-12T18:30:19","modified_gmt":"2025-12-12T17:30:19","slug":"lierac-diopti-gel-correction-poches-15-ml","status":"publish","type":"product","link":"https:\/\/paracherkaoui.ma\/index.php\/produit\/lierac-diopti-gel-correction-poches-15-ml\/","title":{"rendered":"LIERAC DIOPTI GEL CORRECTION POCHES 15 ML"},"content":{"rendered":"<p>Le Gel Correction Poches corrige tous les types de poches (r\u00e9tention d\u2019eau, de gras et de rel\u00e2chement cutan\u00e9). Au c\u0153ur de la formule, l\u2019extrait de gingembre brevet\u00e9, aux propri\u00e9t\u00e9s drainantes, est associ\u00e9 \u00e0 des polym\u00e8res tenseurs. Ces actifs ont \u00e9t\u00e9 sp\u00e9cialement s\u00e9lectionn\u00e9s pour leur efficacit\u00e9 cibl\u00e9e sur les poches.<br \/>\nLes r\u00e9sultats sont visibles imm\u00e9diatement et durablement : l\u2019apparence et le volume des poches sont r\u00e9duites. Le contour des yeux est tonifi\u00e9 et hydrat\u00e9 pour un regard d\u00e9fatigu\u00e9.<br \/>\nFormul\u00e9 \u00e0 96% d\u2019ingr\u00e9dients d\u2019origine naturelle, sa texture l\u00e9g\u00e8re et g\u00e9lifi\u00e9e apporte fra\u00eecheur et effet d\u00e9congestionnant instantan\u00e9. Sans parfum, la formule a \u00e9t\u00e9 test\u00e9 sous contr\u00f4le dermatologique et ophtalmologique. Convient aux yeux sensibles.<br \/>\nComposition :<br \/>\nAQUA \/ WATER \/ EAU. POLYGLYCERYL-3 DISTEARATE. C15-19 ALKANE. HEXYLDECANOL. HEXYLDECYL LAURATE. PROPANEDIOL. GLYCERIN. CETYL ALCOHOL. AMMONIUM ACRYLOYLDIMETHYLTAURATE\/VP COPOLYMER. C10-18 TRIGLYCERIDES. PHENETHYL ALCOHOL. GLYCERYL STEARATE CITRATE. SODIUM STEAROYL GLUTAMATE. GLYCERYL LINOLEATE. SUCROSE PALMITATE. SODIUM HYALURONATE. CHLORHEXIDINE DIGLUCONATE. CITRIC ACID. HELIANTHUS ANNUUS (SUNFLOWER) SEED OIL. TOCOPHEROL. CAPRYLYL GLYCOL. ACETYL HEXAPEPTIDE-8. 1296C.<br \/>\nConseils d&rsquo;utilisation :<br \/>\nAppliquer l\u2019\u00e9quivalence d\u2019un grain de riz du Gel Correction Poches sous le contour des yeux matin et soir apr\u00e8s votre s\u00e9rum et avant votre cr\u00e8me. Lissez la texture de l\u2019int\u00e9rieur vers l\u2019ext\u00e9rieur et finissez par de l\u00e9gers tapotements.<\/p>\n","protected":false},"excerpt":{"rendered":"<p>Le Gel Correction Poches corrige tous les types de poches (r\u00e9tention d\u2019eau, de gras et de rel\u00e2chement cutan\u00e9). Au c\u0153ur<\/p>\n","protected":false},"featured_media":29189,"comment_status":"open","ping_status":"closed","template":"","meta":[],"product_brand":[371],"product_cat":[545],"product_tag":[],"class_list":{"0":"post-29141","1":"product","2":"type-product","3":"status-publish","4":"has-post-thumbnail","6":"product_brand-lierac","7":"product_cat-soins-contours-yeux","9":"first","10":"instock","11":"shipping-taxable","12":"purchasable","13":"product-type-simple"},"yoast_head":"<!-- This site is optimized with the Yoast SEO plugin v26.6 - https:\/\/yoast.com\/wordpress\/plugins\/seo\/ -->\r\n<title>LIERAC DIOPTI GEL CORRECTION POCHES 15 ML - Paracherkaoui.ma<\/title>\r\n<meta name=\"robots\" content=\"index, follow, max-snippet:-1, max-image-preview:large, max-video-preview:-1\" \/>\r\n<link rel=\"canonical\" href=\"https:\/\/paracherkaoui.ma\/index.php\/produit\/lierac-diopti-gel-correction-poches-15-ml\/\" \/>\r\n<meta property=\"og:locale\" content=\"fr_FR\" \/>\r\n<meta property=\"og:type\" content=\"article\" \/>\r\n<meta property=\"og:title\" content=\"LIERAC DIOPTI GEL CORRECTION POCHES 15 ML - Paracherkaoui.ma\" \/>\r\n<meta property=\"og:description\" content=\"Le Gel Correction Poches corrige tous les types de poches (r\u00e9tention d\u2019eau, de gras et de rel\u00e2chement cutan\u00e9). Au c\u0153ur\" \/>\r\n<meta property=\"og:url\" content=\"https:\/\/paracherkaoui.ma\/index.php\/produit\/lierac-diopti-gel-correction-poches-15-ml\/\" \/>\r\n<meta property=\"og:site_name\" content=\"Paracherkaoui.ma\" \/>\r\n<meta property=\"article:modified_time\" content=\"2025-12-12T17:30:19+00:00\" \/>\r\n<meta property=\"og:image\" content=\"https:\/\/paracherkaoui.ma\/wp-content\/uploads\/2025\/12\/lierac-lierac-diopti-gel-correction-poches-15-ml-yeux.jpg\" \/>\r\n\t<meta property=\"og:image:width\" content=\"700\" \/>\r\n\t<meta property=\"og:image:height\" content=\"700\" \/>\r\n\t<meta property=\"og:image:type\" content=\"image\/jpeg\" \/>\r\n<meta name=\"twitter:card\" content=\"summary_large_image\" \/>\r\n<meta name=\"twitter:label1\" content=\"Dur\u00e9e de lecture estim\u00e9e\" \/>\n\t<meta name=\"twitter:data1\" content=\"1 minute\" \/>\r\n<script type=\"application\/ld+json\" class=\"yoast-schema-graph\">{\"@context\":\"https:\/\/schema.org\",\"@graph\":[{\"@type\":\"WebPage\",\"@id\":\"https:\/\/paracherkaoui.ma\/index.php\/produit\/lierac-diopti-gel-correction-poches-15-ml\/\",\"url\":\"https:\/\/paracherkaoui.ma\/index.php\/produit\/lierac-diopti-gel-correction-poches-15-ml\/\",\"name\":\"LIERAC DIOPTI GEL CORRECTION POCHES 15 ML - Paracherkaoui.ma\",\"isPartOf\":{\"@id\":\"https:\/\/paracherkaoui.ma\/#website\"},\"primaryImageOfPage\":{\"@id\":\"https:\/\/paracherkaoui.ma\/index.php\/produit\/lierac-diopti-gel-correction-poches-15-ml\/#primaryimage\"},\"image\":{\"@id\":\"https:\/\/paracherkaoui.ma\/index.php\/produit\/lierac-diopti-gel-correction-poches-15-ml\/#primaryimage\"},\"thumbnailUrl\":\"https:\/\/paracherkaoui.ma\/wp-content\/uploads\/2025\/12\/lierac-lierac-diopti-gel-correction-poches-15-ml-yeux.jpg\",\"datePublished\":\"2025-12-12T17:30:14+00:00\",\"dateModified\":\"2025-12-12T17:30:19+00:00\",\"breadcrumb\":{\"@id\":\"https:\/\/paracherkaoui.ma\/index.php\/produit\/lierac-diopti-gel-correction-poches-15-ml\/#breadcrumb\"},\"inLanguage\":\"fr-FR\",\"potentialAction\":[{\"@type\":\"ReadAction\",\"target\":[\"https:\/\/paracherkaoui.ma\/index.php\/produit\/lierac-diopti-gel-correction-poches-15-ml\/\"]}]},{\"@type\":\"ImageObject\",\"inLanguage\":\"fr-FR\",\"@id\":\"https:\/\/paracherkaoui.ma\/index.php\/produit\/lierac-diopti-gel-correction-poches-15-ml\/#primaryimage\",\"url\":\"https:\/\/paracherkaoui.ma\/wp-content\/uploads\/2025\/12\/lierac-lierac-diopti-gel-correction-poches-15-ml-yeux.jpg\",\"contentUrl\":\"https:\/\/paracherkaoui.ma\/wp-content\/uploads\/2025\/12\/lierac-lierac-diopti-gel-correction-poches-15-ml-yeux.jpg\",\"width\":700,\"height\":700},{\"@type\":\"BreadcrumbList\",\"@id\":\"https:\/\/paracherkaoui.ma\/index.php\/produit\/lierac-diopti-gel-correction-poches-15-ml\/#breadcrumb\",\"itemListElement\":[{\"@type\":\"ListItem\",\"position\":1,\"name\":\"Accueil\",\"item\":\"https:\/\/paracherkaoui.ma\/\"},{\"@type\":\"ListItem\",\"position\":2,\"name\":\"Boutique\",\"item\":\"https:\/\/paracherkaoui.ma\/index.php\/boutique\/\"},{\"@type\":\"ListItem\",\"position\":3,\"name\":\"LIERAC DIOPTI GEL CORRECTION POCHES 15 ML\"}]},{\"@type\":\"WebSite\",\"@id\":\"https:\/\/paracherkaoui.ma\/#website\",\"url\":\"https:\/\/paracherkaoui.ma\/\",\"name\":\"Paracherkaoui.ma\",\"description\":\"Achetez en ligne sur Paracherkaoui.ma\",\"potentialAction\":[{\"@type\":\"SearchAction\",\"target\":{\"@type\":\"EntryPoint\",\"urlTemplate\":\"https:\/\/paracherkaoui.ma\/?s={search_term_string}\"},\"query-input\":{\"@type\":\"PropertyValueSpecification\",\"valueRequired\":true,\"valueName\":\"search_term_string\"}}],\"inLanguage\":\"fr-FR\"}]}<\/script>\r\n<!-- \/ Yoast SEO plugin. -->","yoast_head_json":{"title":"LIERAC DIOPTI GEL CORRECTION POCHES 15 ML - Paracherkaoui.ma","robots":{"index":"index","follow":"follow","max-snippet":"max-snippet:-1","max-image-preview":"max-image-preview:large","max-video-preview":"max-video-preview:-1"},"canonical":"https:\/\/paracherkaoui.ma\/index.php\/produit\/lierac-diopti-gel-correction-poches-15-ml\/","og_locale":"fr_FR","og_type":"article","og_title":"LIERAC DIOPTI GEL CORRECTION POCHES 15 ML - Paracherkaoui.ma","og_description":"Le Gel Correction Poches corrige tous les types de poches (r\u00e9tention d\u2019eau, de gras et de rel\u00e2chement cutan\u00e9). Au c\u0153ur","og_url":"https:\/\/paracherkaoui.ma\/index.php\/produit\/lierac-diopti-gel-correction-poches-15-ml\/","og_site_name":"Paracherkaoui.ma","article_modified_time":"2025-12-12T17:30:19+00:00","og_image":[{"width":700,"height":700,"url":"https:\/\/paracherkaoui.ma\/wp-content\/uploads\/2025\/12\/lierac-lierac-diopti-gel-correction-poches-15-ml-yeux.jpg","type":"image\/jpeg"}],"twitter_card":"summary_large_image","twitter_misc":{"Dur\u00e9e de lecture estim\u00e9e":"1 minute"},"schema":{"@context":"https:\/\/schema.org","@graph":[{"@type":"WebPage","@id":"https:\/\/paracherkaoui.ma\/index.php\/produit\/lierac-diopti-gel-correction-poches-15-ml\/","url":"https:\/\/paracherkaoui.ma\/index.php\/produit\/lierac-diopti-gel-correction-poches-15-ml\/","name":"LIERAC DIOPTI GEL CORRECTION POCHES 15 ML - Paracherkaoui.ma","isPartOf":{"@id":"https:\/\/paracherkaoui.ma\/#website"},"primaryImageOfPage":{"@id":"https:\/\/paracherkaoui.ma\/index.php\/produit\/lierac-diopti-gel-correction-poches-15-ml\/#primaryimage"},"image":{"@id":"https:\/\/paracherkaoui.ma\/index.php\/produit\/lierac-diopti-gel-correction-poches-15-ml\/#primaryimage"},"thumbnailUrl":"https:\/\/paracherkaoui.ma\/wp-content\/uploads\/2025\/12\/lierac-lierac-diopti-gel-correction-poches-15-ml-yeux.jpg","datePublished":"2025-12-12T17:30:14+00:00","dateModified":"2025-12-12T17:30:19+00:00","breadcrumb":{"@id":"https:\/\/paracherkaoui.ma\/index.php\/produit\/lierac-diopti-gel-correction-poches-15-ml\/#breadcrumb"},"inLanguage":"fr-FR","potentialAction":[{"@type":"ReadAction","target":["https:\/\/paracherkaoui.ma\/index.php\/produit\/lierac-diopti-gel-correction-poches-15-ml\/"]}]},{"@type":"ImageObject","inLanguage":"fr-FR","@id":"https:\/\/paracherkaoui.ma\/index.php\/produit\/lierac-diopti-gel-correction-poches-15-ml\/#primaryimage","url":"https:\/\/paracherkaoui.ma\/wp-content\/uploads\/2025\/12\/lierac-lierac-diopti-gel-correction-poches-15-ml-yeux.jpg","contentUrl":"https:\/\/paracherkaoui.ma\/wp-content\/uploads\/2025\/12\/lierac-lierac-diopti-gel-correction-poches-15-ml-yeux.jpg","width":700,"height":700},{"@type":"BreadcrumbList","@id":"https:\/\/paracherkaoui.ma\/index.php\/produit\/lierac-diopti-gel-correction-poches-15-ml\/#breadcrumb","itemListElement":[{"@type":"ListItem","position":1,"name":"Accueil","item":"https:\/\/paracherkaoui.ma\/"},{"@type":"ListItem","position":2,"name":"Boutique","item":"https:\/\/paracherkaoui.ma\/index.php\/boutique\/"},{"@type":"ListItem","position":3,"name":"LIERAC DIOPTI GEL CORRECTION POCHES 15 ML"}]},{"@type":"WebSite","@id":"https:\/\/paracherkaoui.ma\/#website","url":"https:\/\/paracherkaoui.ma\/","name":"Paracherkaoui.ma","description":"Achetez en ligne sur Paracherkaoui.ma","potentialAction":[{"@type":"SearchAction","target":{"@type":"EntryPoint","urlTemplate":"https:\/\/paracherkaoui.ma\/?s={search_term_string}"},"query-input":{"@type":"PropertyValueSpecification","valueRequired":true,"valueName":"search_term_string"}}],"inLanguage":"fr-FR"}]}},"_links":{"self":[{"href":"https:\/\/paracherkaoui.ma\/index.php\/wp-json\/wp\/v2\/product\/29141","targetHints":{"allow":["GET"]}}],"collection":[{"href":"https:\/\/paracherkaoui.ma\/index.php\/wp-json\/wp\/v2\/product"}],"about":[{"href":"https:\/\/paracherkaoui.ma\/index.php\/wp-json\/wp\/v2\/types\/product"}],"replies":[{"embeddable":true,"href":"https:\/\/paracherkaoui.ma\/index.php\/wp-json\/wp\/v2\/comments?post=29141"}],"version-history":[{"count":1,"href":"https:\/\/paracherkaoui.ma\/index.php\/wp-json\/wp\/v2\/product\/29141\/revisions"}],"predecessor-version":[{"id":29190,"href":"https:\/\/paracherkaoui.ma\/index.php\/wp-json\/wp\/v2\/product\/29141\/revisions\/29190"}],"wp:featuredmedia":[{"embeddable":true,"href":"https:\/\/paracherkaoui.ma\/index.php\/wp-json\/wp\/v2\/media\/29189"}],"wp:attachment":[{"href":"https:\/\/paracherkaoui.ma\/index.php\/wp-json\/wp\/v2\/media?parent=29141"}],"wp:term":[{"taxonomy":"product_brand","embeddable":true,"href":"https:\/\/paracherkaoui.ma\/index.php\/wp-json\/wp\/v2\/product_brand?post=29141"},{"taxonomy":"product_cat","embeddable":true,"href":"https:\/\/paracherkaoui.ma\/index.php\/wp-json\/wp\/v2\/product_cat?post=29141"},{"taxonomy":"product_tag","embeddable":true,"href":"https:\/\/paracherkaoui.ma\/index.php\/wp-json\/wp\/v2\/product_tag?post=29141"}],"curies":[{"name":"wp","href":"https:\/\/api.w.org\/{rel}","templated":true}]}}