{"id":29043,"date":"2025-12-12T18:30:07","date_gmt":"2025-12-12T17:30:07","guid":{"rendered":"https:\/\/test.ecbeaute.com\/?post_type=product&#038;p=29043"},"modified":"2025-12-12T18:30:09","modified_gmt":"2025-12-12T17:30:09","slug":"lierac-premium-la-creme-regard-20-ml","status":"publish","type":"product","link":"https:\/\/paracherkaoui.ma\/index.php\/produit\/lierac-premium-la-creme-regard-20-ml\/","title":{"rendered":"LIERAC PREMIUM LA CREME REGARD 20 ML"},"content":{"rendered":"<p>V\u00e9ritable soin yeux anti-\u00e2ge absolu, La Cr\u00e8me Regard corrige tous les signes de l\u2019\u00e2ge : rides, ridules, poches, manque d\u2019\u00e9lasticit\u00e9 et d\u2019\u00e9clat, d\u00e9shydratation.<br \/>\nSa texture baume ultra-onctueuse comble instantan\u00e9ment les ridules du contour des yeux et att\u00e9nue les poches et les cernes. Convient aux yeux sensibles. Sans parfum.<br \/>\nFormul\u00e9e de 95% d\u2019ingr\u00e9dients d\u2019origine naturelle, la Cr\u00e8me Regard corrige tous les signes de l\u2019\u00e2ge du contour des yeux. Au c\u0153ur de la formule, la Technologie [F.G.N.], associ\u00e9e \u00e0 la Gentiane et \u00e0 la Niacinamide, agit sur 3 causes du vieillissement de la peau. Enrichie en nacres pour illuminer subtilement le regard. Tous les signes de l\u2019\u00e2ge du contour des yeux sont corrig\u00e9s : rides, ridules, manque d\u2019\u00e9lasticit\u00e9 et d\u2019\u00e9clat, poches, d\u00e9shydratation.<br \/>\nSa texture baume ultra-onctueuse fond d\u00e9licatement sur la peau pour faciliter le massage et favoriser l\u2019effet d\u00e9fatiguant imm\u00e9diat. Formul\u00e9e sans parfum pour une meilleure tol\u00e9rance.<br \/>\nTest\u00e9 sous contr\u00f4le dermatologique.<br \/>\nConvient aux yeux sensibles.<br \/>\nCONSEILS D&rsquo;UTILISATION:<br \/>\nAppliquer le matin et le soir sur le contour des yeux \u00e0 la fin de votre routine (s\u00e9rum et cr\u00e8me) pour b\u00e9n\u00e9ficier des nacres qui illuminent subtilement le regard.<br \/>\nEtape 1 &#8211; LISSER : Appliquer la texture en partant du coin interne de l\u2019\u0153il et glisser sur le cerne jusqu\u2019\u00e0 la tempe pour stimuler la circulation. Faire le m\u00eame geste au-dessus de l\u2019\u0153il. Reproduire le mouvement trois fois puis passer sur l\u2019autre \u0153il.<br \/>\nEtape 2 &#8211; D\u00c9CONGESTIONNER : Effectuer des petits tapotements du bout des doigts du coin interne de l\u2019\u0153il vers la tempe, puis sous le sourcil, du coin interne vers la tempe.<\/p>\n","protected":false},"excerpt":{"rendered":"<p>V\u00e9ritable soin yeux anti-\u00e2ge absolu, La Cr\u00e8me Regard corrige tous les signes de l\u2019\u00e2ge : rides, ridules, poches, manque d\u2019\u00e9lasticit\u00e9<\/p>\n","protected":false},"featured_media":29078,"comment_status":"open","ping_status":"closed","template":"","meta":[],"product_brand":[371],"product_cat":[545],"product_tag":[],"class_list":{"0":"post-29043","1":"product","2":"type-product","3":"status-publish","4":"has-post-thumbnail","6":"product_brand-lierac","7":"product_cat-soins-contours-yeux","9":"first","10":"instock","11":"shipping-taxable","12":"purchasable","13":"product-type-simple"},"yoast_head":"<!-- This site is optimized with the Yoast SEO plugin v26.6 - https:\/\/yoast.com\/wordpress\/plugins\/seo\/ -->\r\n<title>LIERAC PREMIUM LA CREME REGARD 20 ML - Paracherkaoui.ma<\/title>\r\n<meta name=\"robots\" content=\"index, follow, max-snippet:-1, max-image-preview:large, max-video-preview:-1\" \/>\r\n<link rel=\"canonical\" href=\"https:\/\/paracherkaoui.ma\/index.php\/produit\/lierac-premium-la-creme-regard-20-ml\/\" \/>\r\n<meta property=\"og:locale\" content=\"fr_FR\" \/>\r\n<meta property=\"og:type\" content=\"article\" \/>\r\n<meta property=\"og:title\" content=\"LIERAC PREMIUM LA CREME REGARD 20 ML - Paracherkaoui.ma\" \/>\r\n<meta property=\"og:description\" content=\"V\u00e9ritable soin yeux anti-\u00e2ge absolu, La Cr\u00e8me Regard corrige tous les signes de l\u2019\u00e2ge : rides, ridules, poches, manque d\u2019\u00e9lasticit\u00e9\" \/>\r\n<meta property=\"og:url\" content=\"https:\/\/paracherkaoui.ma\/index.php\/produit\/lierac-premium-la-creme-regard-20-ml\/\" \/>\r\n<meta property=\"og:site_name\" content=\"Paracherkaoui.ma\" \/>\r\n<meta property=\"article:modified_time\" content=\"2025-12-12T17:30:09+00:00\" \/>\r\n<meta property=\"og:image\" content=\"https:\/\/paracherkaoui.ma\/wp-content\/uploads\/2025\/12\/lierac-lierac-premium-la-creme-regard-20-ml-yeux.jpg\" \/>\r\n\t<meta property=\"og:image:width\" content=\"700\" \/>\r\n\t<meta property=\"og:image:height\" content=\"700\" \/>\r\n\t<meta property=\"og:image:type\" content=\"image\/jpeg\" \/>\r\n<meta name=\"twitter:card\" content=\"summary_large_image\" \/>\r\n<meta name=\"twitter:label1\" content=\"Dur\u00e9e de lecture estim\u00e9e\" \/>\n\t<meta name=\"twitter:data1\" content=\"1 minute\" \/>\r\n<script type=\"application\/ld+json\" class=\"yoast-schema-graph\">{\"@context\":\"https:\/\/schema.org\",\"@graph\":[{\"@type\":\"WebPage\",\"@id\":\"https:\/\/paracherkaoui.ma\/index.php\/produit\/lierac-premium-la-creme-regard-20-ml\/\",\"url\":\"https:\/\/paracherkaoui.ma\/index.php\/produit\/lierac-premium-la-creme-regard-20-ml\/\",\"name\":\"LIERAC PREMIUM LA CREME REGARD 20 ML - Paracherkaoui.ma\",\"isPartOf\":{\"@id\":\"https:\/\/paracherkaoui.ma\/#website\"},\"primaryImageOfPage\":{\"@id\":\"https:\/\/paracherkaoui.ma\/index.php\/produit\/lierac-premium-la-creme-regard-20-ml\/#primaryimage\"},\"image\":{\"@id\":\"https:\/\/paracherkaoui.ma\/index.php\/produit\/lierac-premium-la-creme-regard-20-ml\/#primaryimage\"},\"thumbnailUrl\":\"https:\/\/paracherkaoui.ma\/wp-content\/uploads\/2025\/12\/lierac-lierac-premium-la-creme-regard-20-ml-yeux.jpg\",\"datePublished\":\"2025-12-12T17:30:07+00:00\",\"dateModified\":\"2025-12-12T17:30:09+00:00\",\"breadcrumb\":{\"@id\":\"https:\/\/paracherkaoui.ma\/index.php\/produit\/lierac-premium-la-creme-regard-20-ml\/#breadcrumb\"},\"inLanguage\":\"fr-FR\",\"potentialAction\":[{\"@type\":\"ReadAction\",\"target\":[\"https:\/\/paracherkaoui.ma\/index.php\/produit\/lierac-premium-la-creme-regard-20-ml\/\"]}]},{\"@type\":\"ImageObject\",\"inLanguage\":\"fr-FR\",\"@id\":\"https:\/\/paracherkaoui.ma\/index.php\/produit\/lierac-premium-la-creme-regard-20-ml\/#primaryimage\",\"url\":\"https:\/\/paracherkaoui.ma\/wp-content\/uploads\/2025\/12\/lierac-lierac-premium-la-creme-regard-20-ml-yeux.jpg\",\"contentUrl\":\"https:\/\/paracherkaoui.ma\/wp-content\/uploads\/2025\/12\/lierac-lierac-premium-la-creme-regard-20-ml-yeux.jpg\",\"width\":700,\"height\":700},{\"@type\":\"BreadcrumbList\",\"@id\":\"https:\/\/paracherkaoui.ma\/index.php\/produit\/lierac-premium-la-creme-regard-20-ml\/#breadcrumb\",\"itemListElement\":[{\"@type\":\"ListItem\",\"position\":1,\"name\":\"Accueil\",\"item\":\"https:\/\/paracherkaoui.ma\/\"},{\"@type\":\"ListItem\",\"position\":2,\"name\":\"Boutique\",\"item\":\"https:\/\/paracherkaoui.ma\/index.php\/boutique\/\"},{\"@type\":\"ListItem\",\"position\":3,\"name\":\"LIERAC PREMIUM LA CREME REGARD 20 ML\"}]},{\"@type\":\"WebSite\",\"@id\":\"https:\/\/paracherkaoui.ma\/#website\",\"url\":\"https:\/\/paracherkaoui.ma\/\",\"name\":\"Paracherkaoui.ma\",\"description\":\"Achetez en ligne sur Paracherkaoui.ma\",\"potentialAction\":[{\"@type\":\"SearchAction\",\"target\":{\"@type\":\"EntryPoint\",\"urlTemplate\":\"https:\/\/paracherkaoui.ma\/?s={search_term_string}\"},\"query-input\":{\"@type\":\"PropertyValueSpecification\",\"valueRequired\":true,\"valueName\":\"search_term_string\"}}],\"inLanguage\":\"fr-FR\"}]}<\/script>\r\n<!-- \/ Yoast SEO plugin. -->","yoast_head_json":{"title":"LIERAC PREMIUM LA CREME REGARD 20 ML - Paracherkaoui.ma","robots":{"index":"index","follow":"follow","max-snippet":"max-snippet:-1","max-image-preview":"max-image-preview:large","max-video-preview":"max-video-preview:-1"},"canonical":"https:\/\/paracherkaoui.ma\/index.php\/produit\/lierac-premium-la-creme-regard-20-ml\/","og_locale":"fr_FR","og_type":"article","og_title":"LIERAC PREMIUM LA CREME REGARD 20 ML - Paracherkaoui.ma","og_description":"V\u00e9ritable soin yeux anti-\u00e2ge absolu, La Cr\u00e8me Regard corrige tous les signes de l\u2019\u00e2ge : rides, ridules, poches, manque d\u2019\u00e9lasticit\u00e9","og_url":"https:\/\/paracherkaoui.ma\/index.php\/produit\/lierac-premium-la-creme-regard-20-ml\/","og_site_name":"Paracherkaoui.ma","article_modified_time":"2025-12-12T17:30:09+00:00","og_image":[{"width":700,"height":700,"url":"https:\/\/paracherkaoui.ma\/wp-content\/uploads\/2025\/12\/lierac-lierac-premium-la-creme-regard-20-ml-yeux.jpg","type":"image\/jpeg"}],"twitter_card":"summary_large_image","twitter_misc":{"Dur\u00e9e de lecture estim\u00e9e":"1 minute"},"schema":{"@context":"https:\/\/schema.org","@graph":[{"@type":"WebPage","@id":"https:\/\/paracherkaoui.ma\/index.php\/produit\/lierac-premium-la-creme-regard-20-ml\/","url":"https:\/\/paracherkaoui.ma\/index.php\/produit\/lierac-premium-la-creme-regard-20-ml\/","name":"LIERAC PREMIUM LA CREME REGARD 20 ML - Paracherkaoui.ma","isPartOf":{"@id":"https:\/\/paracherkaoui.ma\/#website"},"primaryImageOfPage":{"@id":"https:\/\/paracherkaoui.ma\/index.php\/produit\/lierac-premium-la-creme-regard-20-ml\/#primaryimage"},"image":{"@id":"https:\/\/paracherkaoui.ma\/index.php\/produit\/lierac-premium-la-creme-regard-20-ml\/#primaryimage"},"thumbnailUrl":"https:\/\/paracherkaoui.ma\/wp-content\/uploads\/2025\/12\/lierac-lierac-premium-la-creme-regard-20-ml-yeux.jpg","datePublished":"2025-12-12T17:30:07+00:00","dateModified":"2025-12-12T17:30:09+00:00","breadcrumb":{"@id":"https:\/\/paracherkaoui.ma\/index.php\/produit\/lierac-premium-la-creme-regard-20-ml\/#breadcrumb"},"inLanguage":"fr-FR","potentialAction":[{"@type":"ReadAction","target":["https:\/\/paracherkaoui.ma\/index.php\/produit\/lierac-premium-la-creme-regard-20-ml\/"]}]},{"@type":"ImageObject","inLanguage":"fr-FR","@id":"https:\/\/paracherkaoui.ma\/index.php\/produit\/lierac-premium-la-creme-regard-20-ml\/#primaryimage","url":"https:\/\/paracherkaoui.ma\/wp-content\/uploads\/2025\/12\/lierac-lierac-premium-la-creme-regard-20-ml-yeux.jpg","contentUrl":"https:\/\/paracherkaoui.ma\/wp-content\/uploads\/2025\/12\/lierac-lierac-premium-la-creme-regard-20-ml-yeux.jpg","width":700,"height":700},{"@type":"BreadcrumbList","@id":"https:\/\/paracherkaoui.ma\/index.php\/produit\/lierac-premium-la-creme-regard-20-ml\/#breadcrumb","itemListElement":[{"@type":"ListItem","position":1,"name":"Accueil","item":"https:\/\/paracherkaoui.ma\/"},{"@type":"ListItem","position":2,"name":"Boutique","item":"https:\/\/paracherkaoui.ma\/index.php\/boutique\/"},{"@type":"ListItem","position":3,"name":"LIERAC PREMIUM LA CREME REGARD 20 ML"}]},{"@type":"WebSite","@id":"https:\/\/paracherkaoui.ma\/#website","url":"https:\/\/paracherkaoui.ma\/","name":"Paracherkaoui.ma","description":"Achetez en ligne sur Paracherkaoui.ma","potentialAction":[{"@type":"SearchAction","target":{"@type":"EntryPoint","urlTemplate":"https:\/\/paracherkaoui.ma\/?s={search_term_string}"},"query-input":{"@type":"PropertyValueSpecification","valueRequired":true,"valueName":"search_term_string"}}],"inLanguage":"fr-FR"}]}},"_links":{"self":[{"href":"https:\/\/paracherkaoui.ma\/index.php\/wp-json\/wp\/v2\/product\/29043","targetHints":{"allow":["GET"]}}],"collection":[{"href":"https:\/\/paracherkaoui.ma\/index.php\/wp-json\/wp\/v2\/product"}],"about":[{"href":"https:\/\/paracherkaoui.ma\/index.php\/wp-json\/wp\/v2\/types\/product"}],"replies":[{"embeddable":true,"href":"https:\/\/paracherkaoui.ma\/index.php\/wp-json\/wp\/v2\/comments?post=29043"}],"version-history":[{"count":1,"href":"https:\/\/paracherkaoui.ma\/index.php\/wp-json\/wp\/v2\/product\/29043\/revisions"}],"predecessor-version":[{"id":29079,"href":"https:\/\/paracherkaoui.ma\/index.php\/wp-json\/wp\/v2\/product\/29043\/revisions\/29079"}],"wp:featuredmedia":[{"embeddable":true,"href":"https:\/\/paracherkaoui.ma\/index.php\/wp-json\/wp\/v2\/media\/29078"}],"wp:attachment":[{"href":"https:\/\/paracherkaoui.ma\/index.php\/wp-json\/wp\/v2\/media?parent=29043"}],"wp:term":[{"taxonomy":"product_brand","embeddable":true,"href":"https:\/\/paracherkaoui.ma\/index.php\/wp-json\/wp\/v2\/product_brand?post=29043"},{"taxonomy":"product_cat","embeddable":true,"href":"https:\/\/paracherkaoui.ma\/index.php\/wp-json\/wp\/v2\/product_cat?post=29043"},{"taxonomy":"product_tag","embeddable":true,"href":"https:\/\/paracherkaoui.ma\/index.php\/wp-json\/wp\/v2\/product_tag?post=29043"}],"curies":[{"name":"wp","href":"https:\/\/api.w.org\/{rel}","templated":true}]}}