{"id":29042,"date":"2025-12-12T18:30:07","date_gmt":"2025-12-12T17:30:07","guid":{"rendered":"https:\/\/test.ecbeaute.com\/?post_type=product&#038;p=29042"},"modified":"2025-12-12T18:30:09","modified_gmt":"2025-12-12T17:30:09","slug":"naturalia-traitement-contour-yeux-15-ml","status":"publish","type":"product","link":"https:\/\/paracherkaoui.ma\/index.php\/produit\/naturalia-traitement-contour-yeux-15-ml\/","title":{"rendered":"NATURALIA TRAITEMENT CONTOUR YEUX 15 ML"},"content":{"rendered":"<p>PROPRI\u00c9T\u00c9S:<br \/>\nSa formule au concentr\u00e9 pur de feuille d&rsquo;olivier exerce une puissante action contre les radicaux-libres et am\u00e9liore la souplesse de la peau du contour des yeux. Lutte efficacement contre les signes de fatigue des yeux comme les poches et les cernes, diminue les rides et les lignes d&rsquo;expression.<\/p>\n<p>PRINCIPES ACTIFS:<br \/>\nConcentr\u00e9 pur de feuille d&rsquo;olivier, penta peptide antirides, complexe actif anti-poches, vitamine E, squalane, bisabolol, hyaluronate de sodium, pigments effet Soft focus.<\/p>\n<p>EXCIPIENT:<br \/>\n\u00c9mulsion H\/E l\u00e9g\u00e8re et non grasse de facile absorption. Son \u00e9mulsifiant naturel associe les phospholipides et les lipides v\u00e9g\u00e9taux.<\/p>\n<p>MODE D&rsquo;EMPLOI:<br \/>\nAppliquer sur la peau autour des yeux en tapotant l\u00e9g\u00e8rement du bout des doigts jusqu&rsquo;\u00e0 absorption compl\u00e8te.<\/p>\n","protected":false},"excerpt":{"rendered":"<p>PROPRI\u00c9T\u00c9S: Sa formule au concentr\u00e9 pur de feuille d&rsquo;olivier exerce une puissante action contre les radicaux-libres et am\u00e9liore la souplesse<\/p>\n","protected":false},"featured_media":29076,"comment_status":"open","ping_status":"closed","template":"","meta":[],"product_brand":[289],"product_cat":[545],"product_tag":[],"class_list":{"0":"post-29042","1":"product","2":"type-product","3":"status-publish","4":"has-post-thumbnail","6":"product_brand-naturalia","7":"product_cat-soins-contours-yeux","9":"first","10":"instock","11":"sale","12":"shipping-taxable","13":"purchasable","14":"product-type-simple"},"yoast_head":"<!-- This site is optimized with the Yoast SEO plugin v26.6 - https:\/\/yoast.com\/wordpress\/plugins\/seo\/ -->\r\n<title>NATURALIA TRAITEMENT CONTOUR YEUX 15 ML - Paracherkaoui.ma<\/title>\r\n<meta name=\"robots\" content=\"index, follow, max-snippet:-1, max-image-preview:large, max-video-preview:-1\" \/>\r\n<link rel=\"canonical\" href=\"https:\/\/paracherkaoui.ma\/index.php\/produit\/naturalia-traitement-contour-yeux-15-ml\/\" \/>\r\n<meta property=\"og:locale\" content=\"fr_FR\" \/>\r\n<meta property=\"og:type\" content=\"article\" \/>\r\n<meta property=\"og:title\" content=\"NATURALIA TRAITEMENT CONTOUR YEUX 15 ML - Paracherkaoui.ma\" \/>\r\n<meta property=\"og:description\" content=\"PROPRI\u00c9T\u00c9S: Sa formule au concentr\u00e9 pur de feuille d&rsquo;olivier exerce une puissante action contre les radicaux-libres et am\u00e9liore la souplesse\" \/>\r\n<meta property=\"og:url\" content=\"https:\/\/paracherkaoui.ma\/index.php\/produit\/naturalia-traitement-contour-yeux-15-ml\/\" \/>\r\n<meta property=\"og:site_name\" content=\"Paracherkaoui.ma\" \/>\r\n<meta property=\"article:modified_time\" content=\"2025-12-12T17:30:09+00:00\" \/>\r\n<meta property=\"og:image\" content=\"https:\/\/paracherkaoui.ma\/wp-content\/uploads\/2025\/12\/naturalia-naturalia-traitement-contour-yeux-15-ml-soins-contours-yeux.jpg\" \/>\r\n\t<meta property=\"og:image:width\" content=\"700\" \/>\r\n\t<meta property=\"og:image:height\" content=\"700\" \/>\r\n\t<meta property=\"og:image:type\" content=\"image\/jpeg\" \/>\r\n<meta name=\"twitter:card\" content=\"summary_large_image\" \/>\r\n<meta name=\"twitter:label1\" content=\"Dur\u00e9e de lecture estim\u00e9e\" \/>\n\t<meta name=\"twitter:data1\" content=\"1 minute\" \/>\r\n<script type=\"application\/ld+json\" class=\"yoast-schema-graph\">{\"@context\":\"https:\/\/schema.org\",\"@graph\":[{\"@type\":\"WebPage\",\"@id\":\"https:\/\/paracherkaoui.ma\/index.php\/produit\/naturalia-traitement-contour-yeux-15-ml\/\",\"url\":\"https:\/\/paracherkaoui.ma\/index.php\/produit\/naturalia-traitement-contour-yeux-15-ml\/\",\"name\":\"NATURALIA TRAITEMENT CONTOUR YEUX 15 ML - Paracherkaoui.ma\",\"isPartOf\":{\"@id\":\"https:\/\/paracherkaoui.ma\/#website\"},\"primaryImageOfPage\":{\"@id\":\"https:\/\/paracherkaoui.ma\/index.php\/produit\/naturalia-traitement-contour-yeux-15-ml\/#primaryimage\"},\"image\":{\"@id\":\"https:\/\/paracherkaoui.ma\/index.php\/produit\/naturalia-traitement-contour-yeux-15-ml\/#primaryimage\"},\"thumbnailUrl\":\"https:\/\/paracherkaoui.ma\/wp-content\/uploads\/2025\/12\/naturalia-naturalia-traitement-contour-yeux-15-ml-soins-contours-yeux.jpg\",\"datePublished\":\"2025-12-12T17:30:07+00:00\",\"dateModified\":\"2025-12-12T17:30:09+00:00\",\"breadcrumb\":{\"@id\":\"https:\/\/paracherkaoui.ma\/index.php\/produit\/naturalia-traitement-contour-yeux-15-ml\/#breadcrumb\"},\"inLanguage\":\"fr-FR\",\"potentialAction\":[{\"@type\":\"ReadAction\",\"target\":[\"https:\/\/paracherkaoui.ma\/index.php\/produit\/naturalia-traitement-contour-yeux-15-ml\/\"]}]},{\"@type\":\"ImageObject\",\"inLanguage\":\"fr-FR\",\"@id\":\"https:\/\/paracherkaoui.ma\/index.php\/produit\/naturalia-traitement-contour-yeux-15-ml\/#primaryimage\",\"url\":\"https:\/\/paracherkaoui.ma\/wp-content\/uploads\/2025\/12\/naturalia-naturalia-traitement-contour-yeux-15-ml-soins-contours-yeux.jpg\",\"contentUrl\":\"https:\/\/paracherkaoui.ma\/wp-content\/uploads\/2025\/12\/naturalia-naturalia-traitement-contour-yeux-15-ml-soins-contours-yeux.jpg\",\"width\":700,\"height\":700},{\"@type\":\"BreadcrumbList\",\"@id\":\"https:\/\/paracherkaoui.ma\/index.php\/produit\/naturalia-traitement-contour-yeux-15-ml\/#breadcrumb\",\"itemListElement\":[{\"@type\":\"ListItem\",\"position\":1,\"name\":\"Accueil\",\"item\":\"https:\/\/paracherkaoui.ma\/\"},{\"@type\":\"ListItem\",\"position\":2,\"name\":\"Boutique\",\"item\":\"https:\/\/paracherkaoui.ma\/index.php\/boutique\/\"},{\"@type\":\"ListItem\",\"position\":3,\"name\":\"NATURALIA TRAITEMENT CONTOUR YEUX 15 ML\"}]},{\"@type\":\"WebSite\",\"@id\":\"https:\/\/paracherkaoui.ma\/#website\",\"url\":\"https:\/\/paracherkaoui.ma\/\",\"name\":\"Paracherkaoui.ma\",\"description\":\"Achetez en ligne sur Paracherkaoui.ma\",\"potentialAction\":[{\"@type\":\"SearchAction\",\"target\":{\"@type\":\"EntryPoint\",\"urlTemplate\":\"https:\/\/paracherkaoui.ma\/?s={search_term_string}\"},\"query-input\":{\"@type\":\"PropertyValueSpecification\",\"valueRequired\":true,\"valueName\":\"search_term_string\"}}],\"inLanguage\":\"fr-FR\"}]}<\/script>\r\n<!-- \/ Yoast SEO plugin. -->","yoast_head_json":{"title":"NATURALIA TRAITEMENT CONTOUR YEUX 15 ML - Paracherkaoui.ma","robots":{"index":"index","follow":"follow","max-snippet":"max-snippet:-1","max-image-preview":"max-image-preview:large","max-video-preview":"max-video-preview:-1"},"canonical":"https:\/\/paracherkaoui.ma\/index.php\/produit\/naturalia-traitement-contour-yeux-15-ml\/","og_locale":"fr_FR","og_type":"article","og_title":"NATURALIA TRAITEMENT CONTOUR YEUX 15 ML - Paracherkaoui.ma","og_description":"PROPRI\u00c9T\u00c9S: Sa formule au concentr\u00e9 pur de feuille d&rsquo;olivier exerce une puissante action contre les radicaux-libres et am\u00e9liore la souplesse","og_url":"https:\/\/paracherkaoui.ma\/index.php\/produit\/naturalia-traitement-contour-yeux-15-ml\/","og_site_name":"Paracherkaoui.ma","article_modified_time":"2025-12-12T17:30:09+00:00","og_image":[{"width":700,"height":700,"url":"https:\/\/paracherkaoui.ma\/wp-content\/uploads\/2025\/12\/naturalia-naturalia-traitement-contour-yeux-15-ml-soins-contours-yeux.jpg","type":"image\/jpeg"}],"twitter_card":"summary_large_image","twitter_misc":{"Dur\u00e9e de lecture estim\u00e9e":"1 minute"},"schema":{"@context":"https:\/\/schema.org","@graph":[{"@type":"WebPage","@id":"https:\/\/paracherkaoui.ma\/index.php\/produit\/naturalia-traitement-contour-yeux-15-ml\/","url":"https:\/\/paracherkaoui.ma\/index.php\/produit\/naturalia-traitement-contour-yeux-15-ml\/","name":"NATURALIA TRAITEMENT CONTOUR YEUX 15 ML - Paracherkaoui.ma","isPartOf":{"@id":"https:\/\/paracherkaoui.ma\/#website"},"primaryImageOfPage":{"@id":"https:\/\/paracherkaoui.ma\/index.php\/produit\/naturalia-traitement-contour-yeux-15-ml\/#primaryimage"},"image":{"@id":"https:\/\/paracherkaoui.ma\/index.php\/produit\/naturalia-traitement-contour-yeux-15-ml\/#primaryimage"},"thumbnailUrl":"https:\/\/paracherkaoui.ma\/wp-content\/uploads\/2025\/12\/naturalia-naturalia-traitement-contour-yeux-15-ml-soins-contours-yeux.jpg","datePublished":"2025-12-12T17:30:07+00:00","dateModified":"2025-12-12T17:30:09+00:00","breadcrumb":{"@id":"https:\/\/paracherkaoui.ma\/index.php\/produit\/naturalia-traitement-contour-yeux-15-ml\/#breadcrumb"},"inLanguage":"fr-FR","potentialAction":[{"@type":"ReadAction","target":["https:\/\/paracherkaoui.ma\/index.php\/produit\/naturalia-traitement-contour-yeux-15-ml\/"]}]},{"@type":"ImageObject","inLanguage":"fr-FR","@id":"https:\/\/paracherkaoui.ma\/index.php\/produit\/naturalia-traitement-contour-yeux-15-ml\/#primaryimage","url":"https:\/\/paracherkaoui.ma\/wp-content\/uploads\/2025\/12\/naturalia-naturalia-traitement-contour-yeux-15-ml-soins-contours-yeux.jpg","contentUrl":"https:\/\/paracherkaoui.ma\/wp-content\/uploads\/2025\/12\/naturalia-naturalia-traitement-contour-yeux-15-ml-soins-contours-yeux.jpg","width":700,"height":700},{"@type":"BreadcrumbList","@id":"https:\/\/paracherkaoui.ma\/index.php\/produit\/naturalia-traitement-contour-yeux-15-ml\/#breadcrumb","itemListElement":[{"@type":"ListItem","position":1,"name":"Accueil","item":"https:\/\/paracherkaoui.ma\/"},{"@type":"ListItem","position":2,"name":"Boutique","item":"https:\/\/paracherkaoui.ma\/index.php\/boutique\/"},{"@type":"ListItem","position":3,"name":"NATURALIA TRAITEMENT CONTOUR YEUX 15 ML"}]},{"@type":"WebSite","@id":"https:\/\/paracherkaoui.ma\/#website","url":"https:\/\/paracherkaoui.ma\/","name":"Paracherkaoui.ma","description":"Achetez en ligne sur Paracherkaoui.ma","potentialAction":[{"@type":"SearchAction","target":{"@type":"EntryPoint","urlTemplate":"https:\/\/paracherkaoui.ma\/?s={search_term_string}"},"query-input":{"@type":"PropertyValueSpecification","valueRequired":true,"valueName":"search_term_string"}}],"inLanguage":"fr-FR"}]}},"_links":{"self":[{"href":"https:\/\/paracherkaoui.ma\/index.php\/wp-json\/wp\/v2\/product\/29042","targetHints":{"allow":["GET"]}}],"collection":[{"href":"https:\/\/paracherkaoui.ma\/index.php\/wp-json\/wp\/v2\/product"}],"about":[{"href":"https:\/\/paracherkaoui.ma\/index.php\/wp-json\/wp\/v2\/types\/product"}],"replies":[{"embeddable":true,"href":"https:\/\/paracherkaoui.ma\/index.php\/wp-json\/wp\/v2\/comments?post=29042"}],"version-history":[{"count":1,"href":"https:\/\/paracherkaoui.ma\/index.php\/wp-json\/wp\/v2\/product\/29042\/revisions"}],"predecessor-version":[{"id":29077,"href":"https:\/\/paracherkaoui.ma\/index.php\/wp-json\/wp\/v2\/product\/29042\/revisions\/29077"}],"wp:featuredmedia":[{"embeddable":true,"href":"https:\/\/paracherkaoui.ma\/index.php\/wp-json\/wp\/v2\/media\/29076"}],"wp:attachment":[{"href":"https:\/\/paracherkaoui.ma\/index.php\/wp-json\/wp\/v2\/media?parent=29042"}],"wp:term":[{"taxonomy":"product_brand","embeddable":true,"href":"https:\/\/paracherkaoui.ma\/index.php\/wp-json\/wp\/v2\/product_brand?post=29042"},{"taxonomy":"product_cat","embeddable":true,"href":"https:\/\/paracherkaoui.ma\/index.php\/wp-json\/wp\/v2\/product_cat?post=29042"},{"taxonomy":"product_tag","embeddable":true,"href":"https:\/\/paracherkaoui.ma\/index.php\/wp-json\/wp\/v2\/product_tag?post=29042"}],"curies":[{"name":"wp","href":"https:\/\/api.w.org\/{rel}","templated":true}]}}