{"id":29039,"date":"2025-12-12T18:30:06","date_gmt":"2025-12-12T17:30:06","guid":{"rendered":"https:\/\/test.ecbeaute.com\/?post_type=product&#038;p=29039"},"modified":"2025-12-12T18:30:08","modified_gmt":"2025-12-12T17:30:08","slug":"placentor-creme-reparatrice-contour-yeux-et-levres-30-ml","status":"publish","type":"product","link":"https:\/\/paracherkaoui.ma\/index.php\/produit\/placentor-creme-reparatrice-contour-yeux-et-levres-30-ml\/","title":{"rendered":"PLACENTOR CREME REPARATRICE CONTOUR YEUX ET LEVRES 30 ML"},"content":{"rendered":"<p>Placentor Vegetal Cr\u00e8me R\u00e9paratrice Contour des Yeux et des L\u00e8vres 30 ml est un soin jour et nuit qui pr\u00e9vient et att\u00e9nue les rides et ridules du contour des yeux et des l\u00e8vres.Collag\u00e8ne Marin pur hydrolys\u00e9 parfaitement assimilable, sans iode : pr\u00e9vient et att\u00e9nue rides et ridules en redensifiant et en restructurant l&rsquo;\u00e9piderme.<br \/>\n&#8211; Collag\u00e8ne d&rsquo;Acacia : hydrate en profondeur.- Placenta V\u00e9g\u00e9tal : stimule la r\u00e9g\u00e9n\u00e9ration cellulaire et assure une hydratation imm\u00e9diate et durable.- Cire d&rsquo;abeille, glyc\u00e9rine extraite du ricin, huile de noyaux d&rsquo;abricot : nourrit et assouplit le contour de l&rsquo;\u0153il (action relipidante).<br \/>\nR\u00e9sultats:<br \/>\n-Les rides et ridules s&rsquo;att\u00e9nuent nettement, le contour des yeux est liss\u00e9 et repos\u00e9. La peau est souple et douce.<\/p>\n<p>UTILISATION:<br \/>\n-Appliquer matin et soir sur la paupi\u00e8re inf\u00e9rieure en tapotant l\u00e9g\u00e8rement et sur le contour des l\u00e8vres.<\/p>\n","protected":false},"excerpt":{"rendered":"<p>Placentor Vegetal Cr\u00e8me R\u00e9paratrice Contour des Yeux et des L\u00e8vres 30 ml est un soin jour et nuit qui pr\u00e9vient<\/p>\n","protected":false},"featured_media":29071,"comment_status":"open","ping_status":"closed","template":"","meta":[],"product_brand":[244],"product_cat":[545],"product_tag":[],"class_list":{"0":"post-29039","1":"product","2":"type-product","3":"status-publish","4":"has-post-thumbnail","6":"product_brand-placentor","7":"product_cat-soins-contours-yeux","9":"first","10":"instock","11":"sale","12":"shipping-taxable","13":"purchasable","14":"product-type-simple"},"yoast_head":"<!-- This site is optimized with the Yoast SEO plugin v26.6 - https:\/\/yoast.com\/wordpress\/plugins\/seo\/ -->\r\n<title>PLACENTOR CREME REPARATRICE CONTOUR YEUX ET LEVRES 30 ML - Paracherkaoui.ma<\/title>\r\n<meta name=\"robots\" content=\"index, follow, max-snippet:-1, max-image-preview:large, max-video-preview:-1\" \/>\r\n<link rel=\"canonical\" href=\"https:\/\/paracherkaoui.ma\/index.php\/produit\/placentor-creme-reparatrice-contour-yeux-et-levres-30-ml\/\" \/>\r\n<meta property=\"og:locale\" content=\"fr_FR\" \/>\r\n<meta property=\"og:type\" content=\"article\" \/>\r\n<meta property=\"og:title\" content=\"PLACENTOR CREME REPARATRICE CONTOUR YEUX ET LEVRES 30 ML - Paracherkaoui.ma\" \/>\r\n<meta property=\"og:description\" content=\"Placentor Vegetal Cr\u00e8me R\u00e9paratrice Contour des Yeux et des L\u00e8vres 30 ml est un soin jour et nuit qui pr\u00e9vient\" \/>\r\n<meta property=\"og:url\" content=\"https:\/\/paracherkaoui.ma\/index.php\/produit\/placentor-creme-reparatrice-contour-yeux-et-levres-30-ml\/\" \/>\r\n<meta property=\"og:site_name\" content=\"Paracherkaoui.ma\" \/>\r\n<meta property=\"article:modified_time\" content=\"2025-12-12T17:30:08+00:00\" \/>\r\n<meta property=\"og:image\" content=\"https:\/\/paracherkaoui.ma\/wp-content\/uploads\/2025\/12\/placentor-creme-reparatrice-contour-yeux-et-levres-30-ml.jpg\" \/>\r\n\t<meta property=\"og:image:width\" content=\"700\" \/>\r\n\t<meta property=\"og:image:height\" content=\"700\" \/>\r\n\t<meta property=\"og:image:type\" content=\"image\/jpeg\" \/>\r\n<meta name=\"twitter:card\" content=\"summary_large_image\" \/>\r\n<meta name=\"twitter:label1\" content=\"Dur\u00e9e de lecture estim\u00e9e\" \/>\n\t<meta name=\"twitter:data1\" content=\"1 minute\" \/>\r\n<script type=\"application\/ld+json\" class=\"yoast-schema-graph\">{\"@context\":\"https:\/\/schema.org\",\"@graph\":[{\"@type\":\"WebPage\",\"@id\":\"https:\/\/paracherkaoui.ma\/index.php\/produit\/placentor-creme-reparatrice-contour-yeux-et-levres-30-ml\/\",\"url\":\"https:\/\/paracherkaoui.ma\/index.php\/produit\/placentor-creme-reparatrice-contour-yeux-et-levres-30-ml\/\",\"name\":\"PLACENTOR CREME REPARATRICE CONTOUR YEUX ET LEVRES 30 ML - Paracherkaoui.ma\",\"isPartOf\":{\"@id\":\"https:\/\/paracherkaoui.ma\/#website\"},\"primaryImageOfPage\":{\"@id\":\"https:\/\/paracherkaoui.ma\/index.php\/produit\/placentor-creme-reparatrice-contour-yeux-et-levres-30-ml\/#primaryimage\"},\"image\":{\"@id\":\"https:\/\/paracherkaoui.ma\/index.php\/produit\/placentor-creme-reparatrice-contour-yeux-et-levres-30-ml\/#primaryimage\"},\"thumbnailUrl\":\"https:\/\/paracherkaoui.ma\/wp-content\/uploads\/2025\/12\/placentor-creme-reparatrice-contour-yeux-et-levres-30-ml.jpg\",\"datePublished\":\"2025-12-12T17:30:06+00:00\",\"dateModified\":\"2025-12-12T17:30:08+00:00\",\"breadcrumb\":{\"@id\":\"https:\/\/paracherkaoui.ma\/index.php\/produit\/placentor-creme-reparatrice-contour-yeux-et-levres-30-ml\/#breadcrumb\"},\"inLanguage\":\"fr-FR\",\"potentialAction\":[{\"@type\":\"ReadAction\",\"target\":[\"https:\/\/paracherkaoui.ma\/index.php\/produit\/placentor-creme-reparatrice-contour-yeux-et-levres-30-ml\/\"]}]},{\"@type\":\"ImageObject\",\"inLanguage\":\"fr-FR\",\"@id\":\"https:\/\/paracherkaoui.ma\/index.php\/produit\/placentor-creme-reparatrice-contour-yeux-et-levres-30-ml\/#primaryimage\",\"url\":\"https:\/\/paracherkaoui.ma\/wp-content\/uploads\/2025\/12\/placentor-creme-reparatrice-contour-yeux-et-levres-30-ml.jpg\",\"contentUrl\":\"https:\/\/paracherkaoui.ma\/wp-content\/uploads\/2025\/12\/placentor-creme-reparatrice-contour-yeux-et-levres-30-ml.jpg\",\"width\":700,\"height\":700},{\"@type\":\"BreadcrumbList\",\"@id\":\"https:\/\/paracherkaoui.ma\/index.php\/produit\/placentor-creme-reparatrice-contour-yeux-et-levres-30-ml\/#breadcrumb\",\"itemListElement\":[{\"@type\":\"ListItem\",\"position\":1,\"name\":\"Accueil\",\"item\":\"https:\/\/paracherkaoui.ma\/\"},{\"@type\":\"ListItem\",\"position\":2,\"name\":\"Boutique\",\"item\":\"https:\/\/paracherkaoui.ma\/index.php\/boutique\/\"},{\"@type\":\"ListItem\",\"position\":3,\"name\":\"PLACENTOR CREME REPARATRICE CONTOUR YEUX ET LEVRES 30 ML\"}]},{\"@type\":\"WebSite\",\"@id\":\"https:\/\/paracherkaoui.ma\/#website\",\"url\":\"https:\/\/paracherkaoui.ma\/\",\"name\":\"Paracherkaoui.ma\",\"description\":\"Achetez en ligne sur Paracherkaoui.ma\",\"potentialAction\":[{\"@type\":\"SearchAction\",\"target\":{\"@type\":\"EntryPoint\",\"urlTemplate\":\"https:\/\/paracherkaoui.ma\/?s={search_term_string}\"},\"query-input\":{\"@type\":\"PropertyValueSpecification\",\"valueRequired\":true,\"valueName\":\"search_term_string\"}}],\"inLanguage\":\"fr-FR\"}]}<\/script>\r\n<!-- \/ Yoast SEO plugin. -->","yoast_head_json":{"title":"PLACENTOR CREME REPARATRICE CONTOUR YEUX ET LEVRES 30 ML - Paracherkaoui.ma","robots":{"index":"index","follow":"follow","max-snippet":"max-snippet:-1","max-image-preview":"max-image-preview:large","max-video-preview":"max-video-preview:-1"},"canonical":"https:\/\/paracherkaoui.ma\/index.php\/produit\/placentor-creme-reparatrice-contour-yeux-et-levres-30-ml\/","og_locale":"fr_FR","og_type":"article","og_title":"PLACENTOR CREME REPARATRICE CONTOUR YEUX ET LEVRES 30 ML - Paracherkaoui.ma","og_description":"Placentor Vegetal Cr\u00e8me R\u00e9paratrice Contour des Yeux et des L\u00e8vres 30 ml est un soin jour et nuit qui pr\u00e9vient","og_url":"https:\/\/paracherkaoui.ma\/index.php\/produit\/placentor-creme-reparatrice-contour-yeux-et-levres-30-ml\/","og_site_name":"Paracherkaoui.ma","article_modified_time":"2025-12-12T17:30:08+00:00","og_image":[{"width":700,"height":700,"url":"https:\/\/paracherkaoui.ma\/wp-content\/uploads\/2025\/12\/placentor-creme-reparatrice-contour-yeux-et-levres-30-ml.jpg","type":"image\/jpeg"}],"twitter_card":"summary_large_image","twitter_misc":{"Dur\u00e9e de lecture estim\u00e9e":"1 minute"},"schema":{"@context":"https:\/\/schema.org","@graph":[{"@type":"WebPage","@id":"https:\/\/paracherkaoui.ma\/index.php\/produit\/placentor-creme-reparatrice-contour-yeux-et-levres-30-ml\/","url":"https:\/\/paracherkaoui.ma\/index.php\/produit\/placentor-creme-reparatrice-contour-yeux-et-levres-30-ml\/","name":"PLACENTOR CREME REPARATRICE CONTOUR YEUX ET LEVRES 30 ML - Paracherkaoui.ma","isPartOf":{"@id":"https:\/\/paracherkaoui.ma\/#website"},"primaryImageOfPage":{"@id":"https:\/\/paracherkaoui.ma\/index.php\/produit\/placentor-creme-reparatrice-contour-yeux-et-levres-30-ml\/#primaryimage"},"image":{"@id":"https:\/\/paracherkaoui.ma\/index.php\/produit\/placentor-creme-reparatrice-contour-yeux-et-levres-30-ml\/#primaryimage"},"thumbnailUrl":"https:\/\/paracherkaoui.ma\/wp-content\/uploads\/2025\/12\/placentor-creme-reparatrice-contour-yeux-et-levres-30-ml.jpg","datePublished":"2025-12-12T17:30:06+00:00","dateModified":"2025-12-12T17:30:08+00:00","breadcrumb":{"@id":"https:\/\/paracherkaoui.ma\/index.php\/produit\/placentor-creme-reparatrice-contour-yeux-et-levres-30-ml\/#breadcrumb"},"inLanguage":"fr-FR","potentialAction":[{"@type":"ReadAction","target":["https:\/\/paracherkaoui.ma\/index.php\/produit\/placentor-creme-reparatrice-contour-yeux-et-levres-30-ml\/"]}]},{"@type":"ImageObject","inLanguage":"fr-FR","@id":"https:\/\/paracherkaoui.ma\/index.php\/produit\/placentor-creme-reparatrice-contour-yeux-et-levres-30-ml\/#primaryimage","url":"https:\/\/paracherkaoui.ma\/wp-content\/uploads\/2025\/12\/placentor-creme-reparatrice-contour-yeux-et-levres-30-ml.jpg","contentUrl":"https:\/\/paracherkaoui.ma\/wp-content\/uploads\/2025\/12\/placentor-creme-reparatrice-contour-yeux-et-levres-30-ml.jpg","width":700,"height":700},{"@type":"BreadcrumbList","@id":"https:\/\/paracherkaoui.ma\/index.php\/produit\/placentor-creme-reparatrice-contour-yeux-et-levres-30-ml\/#breadcrumb","itemListElement":[{"@type":"ListItem","position":1,"name":"Accueil","item":"https:\/\/paracherkaoui.ma\/"},{"@type":"ListItem","position":2,"name":"Boutique","item":"https:\/\/paracherkaoui.ma\/index.php\/boutique\/"},{"@type":"ListItem","position":3,"name":"PLACENTOR CREME REPARATRICE CONTOUR YEUX ET LEVRES 30 ML"}]},{"@type":"WebSite","@id":"https:\/\/paracherkaoui.ma\/#website","url":"https:\/\/paracherkaoui.ma\/","name":"Paracherkaoui.ma","description":"Achetez en ligne sur Paracherkaoui.ma","potentialAction":[{"@type":"SearchAction","target":{"@type":"EntryPoint","urlTemplate":"https:\/\/paracherkaoui.ma\/?s={search_term_string}"},"query-input":{"@type":"PropertyValueSpecification","valueRequired":true,"valueName":"search_term_string"}}],"inLanguage":"fr-FR"}]}},"_links":{"self":[{"href":"https:\/\/paracherkaoui.ma\/index.php\/wp-json\/wp\/v2\/product\/29039","targetHints":{"allow":["GET"]}}],"collection":[{"href":"https:\/\/paracherkaoui.ma\/index.php\/wp-json\/wp\/v2\/product"}],"about":[{"href":"https:\/\/paracherkaoui.ma\/index.php\/wp-json\/wp\/v2\/types\/product"}],"replies":[{"embeddable":true,"href":"https:\/\/paracherkaoui.ma\/index.php\/wp-json\/wp\/v2\/comments?post=29039"}],"version-history":[{"count":1,"href":"https:\/\/paracherkaoui.ma\/index.php\/wp-json\/wp\/v2\/product\/29039\/revisions"}],"predecessor-version":[{"id":29072,"href":"https:\/\/paracherkaoui.ma\/index.php\/wp-json\/wp\/v2\/product\/29039\/revisions\/29072"}],"wp:featuredmedia":[{"embeddable":true,"href":"https:\/\/paracherkaoui.ma\/index.php\/wp-json\/wp\/v2\/media\/29071"}],"wp:attachment":[{"href":"https:\/\/paracherkaoui.ma\/index.php\/wp-json\/wp\/v2\/media?parent=29039"}],"wp:term":[{"taxonomy":"product_brand","embeddable":true,"href":"https:\/\/paracherkaoui.ma\/index.php\/wp-json\/wp\/v2\/product_brand?post=29039"},{"taxonomy":"product_cat","embeddable":true,"href":"https:\/\/paracherkaoui.ma\/index.php\/wp-json\/wp\/v2\/product_cat?post=29039"},{"taxonomy":"product_tag","embeddable":true,"href":"https:\/\/paracherkaoui.ma\/index.php\/wp-json\/wp\/v2\/product_tag?post=29039"}],"curies":[{"name":"wp","href":"https:\/\/api.w.org\/{rel}","templated":true}]}}