{"id":28985,"date":"2025-12-12T18:30:00","date_gmt":"2025-12-12T17:30:00","guid":{"rendered":"https:\/\/test.ecbeaute.com\/?post_type=product&#038;p=28985"},"modified":"2025-12-12T18:30:06","modified_gmt":"2025-12-12T17:30:06","slug":"acm-depiwhite-gel-contour-de-loeil-15-ml-3","status":"publish","type":"product","link":"https:\/\/paracherkaoui.ma\/index.php\/produit\/acm-depiwhite-gel-contour-de-loeil-15-ml-3\/","title":{"rendered":"ACM DEPIWHITE GEL CONTOUR DE L&rsquo;OEIL 15 ML"},"content":{"rendered":"<p>Description:<br \/>\nD\u00e9piwhite gel contour de l\u2019\u0153il a \u00e9t\u00e9 con\u00e7u pour une prise en charge de la coloration des cernes. La chrysine et le N-hydroxysuccinimide vont favoriser l\u2019\u00e9limination des pigments issus des fuites sanguines tandis qu\u2019une association d\u2019actifs v\u00e9g\u00e9taux va freiner la production de m\u00e9lanine. Les cernes \u00e9tant parfois associ\u00e9es \u00e0 des poches, D\u00e9piwhite gel contour de l\u2019\u0153il poss\u00e8de \u00e9galement une action sur le volume des poches.L\u2019Hesp\u00e9ridine methyl chalcone apporte une action veinotonique tandis que 2 peptides assurent un meilleur drainage lymphatique et renforcent la structure cutan\u00e9e.<br \/>\nConseils d&rsquo;utilisation<br \/>\nAppliquer 1 \u00e0 2 fois par jour.<\/p>\n","protected":false},"excerpt":{"rendered":"<p>Description: D\u00e9piwhite gel contour de l\u2019\u0153il a \u00e9t\u00e9 con\u00e7u pour une prise en charge de la coloration des cernes. La<\/p>\n","protected":false},"featured_media":11841,"comment_status":"open","ping_status":"closed","template":"","meta":[],"product_brand":[142],"product_cat":[545],"product_tag":[],"class_list":{"0":"post-28985","1":"product","2":"type-product","3":"status-publish","4":"has-post-thumbnail","6":"product_brand-acm","7":"product_cat-soins-contours-yeux","9":"first","10":"instock","11":"sale","12":"shipping-taxable","13":"purchasable","14":"product-type-simple"},"yoast_head":"<!-- This site is optimized with the Yoast SEO plugin v26.6 - https:\/\/yoast.com\/wordpress\/plugins\/seo\/ -->\r\n<title>ACM DEPIWHITE GEL CONTOUR DE L&#039;OEIL 15 ML - Paracherkaoui.ma<\/title>\r\n<meta name=\"robots\" content=\"index, follow, max-snippet:-1, max-image-preview:large, max-video-preview:-1\" \/>\r\n<link rel=\"canonical\" href=\"https:\/\/paracherkaoui.ma\/index.php\/produit\/acm-depiwhite-gel-contour-de-loeil-15-ml-3\/\" \/>\r\n<meta property=\"og:locale\" content=\"fr_FR\" \/>\r\n<meta property=\"og:type\" content=\"article\" \/>\r\n<meta property=\"og:title\" content=\"ACM DEPIWHITE GEL CONTOUR DE L&#039;OEIL 15 ML - Paracherkaoui.ma\" \/>\r\n<meta property=\"og:description\" content=\"Description: D\u00e9piwhite gel contour de l\u2019\u0153il a \u00e9t\u00e9 con\u00e7u pour une prise en charge de la coloration des cernes. La\" \/>\r\n<meta property=\"og:url\" content=\"https:\/\/paracherkaoui.ma\/index.php\/produit\/acm-depiwhite-gel-contour-de-loeil-15-ml-3\/\" \/>\r\n<meta property=\"og:site_name\" content=\"Paracherkaoui.ma\" \/>\r\n<meta property=\"article:modified_time\" content=\"2025-12-12T17:30:06+00:00\" \/>\r\n<meta property=\"og:image\" content=\"https:\/\/paracherkaoui.ma\/wp-content\/uploads\/2025\/12\/acm-acm-depiwhite-gel-contour-de-loeil-15-ml-soins-contours-yeux.jpg\" \/>\r\n\t<meta property=\"og:image:width\" content=\"700\" \/>\r\n\t<meta property=\"og:image:height\" content=\"700\" \/>\r\n\t<meta property=\"og:image:type\" content=\"image\/jpeg\" \/>\r\n<meta name=\"twitter:card\" content=\"summary_large_image\" \/>\r\n<meta name=\"twitter:label1\" content=\"Dur\u00e9e de lecture estim\u00e9e\" \/>\n\t<meta name=\"twitter:data1\" content=\"1 minute\" \/>\r\n<script type=\"application\/ld+json\" class=\"yoast-schema-graph\">{\"@context\":\"https:\/\/schema.org\",\"@graph\":[{\"@type\":\"WebPage\",\"@id\":\"https:\/\/paracherkaoui.ma\/index.php\/produit\/acm-depiwhite-gel-contour-de-loeil-15-ml-3\/\",\"url\":\"https:\/\/paracherkaoui.ma\/index.php\/produit\/acm-depiwhite-gel-contour-de-loeil-15-ml-3\/\",\"name\":\"ACM DEPIWHITE GEL CONTOUR DE L'OEIL 15 ML - Paracherkaoui.ma\",\"isPartOf\":{\"@id\":\"https:\/\/paracherkaoui.ma\/#website\"},\"primaryImageOfPage\":{\"@id\":\"https:\/\/paracherkaoui.ma\/index.php\/produit\/acm-depiwhite-gel-contour-de-loeil-15-ml-3\/#primaryimage\"},\"image\":{\"@id\":\"https:\/\/paracherkaoui.ma\/index.php\/produit\/acm-depiwhite-gel-contour-de-loeil-15-ml-3\/#primaryimage\"},\"thumbnailUrl\":\"https:\/\/paracherkaoui.ma\/wp-content\/uploads\/2025\/12\/acm-acm-depiwhite-gel-contour-de-loeil-15-ml-soins-contours-yeux.jpg\",\"datePublished\":\"2025-12-12T17:30:00+00:00\",\"dateModified\":\"2025-12-12T17:30:06+00:00\",\"breadcrumb\":{\"@id\":\"https:\/\/paracherkaoui.ma\/index.php\/produit\/acm-depiwhite-gel-contour-de-loeil-15-ml-3\/#breadcrumb\"},\"inLanguage\":\"fr-FR\",\"potentialAction\":[{\"@type\":\"ReadAction\",\"target\":[\"https:\/\/paracherkaoui.ma\/index.php\/produit\/acm-depiwhite-gel-contour-de-loeil-15-ml-3\/\"]}]},{\"@type\":\"ImageObject\",\"inLanguage\":\"fr-FR\",\"@id\":\"https:\/\/paracherkaoui.ma\/index.php\/produit\/acm-depiwhite-gel-contour-de-loeil-15-ml-3\/#primaryimage\",\"url\":\"https:\/\/paracherkaoui.ma\/wp-content\/uploads\/2025\/12\/acm-acm-depiwhite-gel-contour-de-loeil-15-ml-soins-contours-yeux.jpg\",\"contentUrl\":\"https:\/\/paracherkaoui.ma\/wp-content\/uploads\/2025\/12\/acm-acm-depiwhite-gel-contour-de-loeil-15-ml-soins-contours-yeux.jpg\",\"width\":700,\"height\":700},{\"@type\":\"BreadcrumbList\",\"@id\":\"https:\/\/paracherkaoui.ma\/index.php\/produit\/acm-depiwhite-gel-contour-de-loeil-15-ml-3\/#breadcrumb\",\"itemListElement\":[{\"@type\":\"ListItem\",\"position\":1,\"name\":\"Accueil\",\"item\":\"https:\/\/paracherkaoui.ma\/\"},{\"@type\":\"ListItem\",\"position\":2,\"name\":\"Boutique\",\"item\":\"https:\/\/paracherkaoui.ma\/index.php\/boutique\/\"},{\"@type\":\"ListItem\",\"position\":3,\"name\":\"ACM DEPIWHITE GEL CONTOUR DE L&rsquo;OEIL 15 ML\"}]},{\"@type\":\"WebSite\",\"@id\":\"https:\/\/paracherkaoui.ma\/#website\",\"url\":\"https:\/\/paracherkaoui.ma\/\",\"name\":\"Paracherkaoui.ma\",\"description\":\"Achetez en ligne sur Paracherkaoui.ma\",\"potentialAction\":[{\"@type\":\"SearchAction\",\"target\":{\"@type\":\"EntryPoint\",\"urlTemplate\":\"https:\/\/paracherkaoui.ma\/?s={search_term_string}\"},\"query-input\":{\"@type\":\"PropertyValueSpecification\",\"valueRequired\":true,\"valueName\":\"search_term_string\"}}],\"inLanguage\":\"fr-FR\"}]}<\/script>\r\n<!-- \/ Yoast SEO plugin. -->","yoast_head_json":{"title":"ACM DEPIWHITE GEL CONTOUR DE L'OEIL 15 ML - Paracherkaoui.ma","robots":{"index":"index","follow":"follow","max-snippet":"max-snippet:-1","max-image-preview":"max-image-preview:large","max-video-preview":"max-video-preview:-1"},"canonical":"https:\/\/paracherkaoui.ma\/index.php\/produit\/acm-depiwhite-gel-contour-de-loeil-15-ml-3\/","og_locale":"fr_FR","og_type":"article","og_title":"ACM DEPIWHITE GEL CONTOUR DE L'OEIL 15 ML - Paracherkaoui.ma","og_description":"Description: D\u00e9piwhite gel contour de l\u2019\u0153il a \u00e9t\u00e9 con\u00e7u pour une prise en charge de la coloration des cernes. La","og_url":"https:\/\/paracherkaoui.ma\/index.php\/produit\/acm-depiwhite-gel-contour-de-loeil-15-ml-3\/","og_site_name":"Paracherkaoui.ma","article_modified_time":"2025-12-12T17:30:06+00:00","og_image":[{"width":700,"height":700,"url":"https:\/\/paracherkaoui.ma\/wp-content\/uploads\/2025\/12\/acm-acm-depiwhite-gel-contour-de-loeil-15-ml-soins-contours-yeux.jpg","type":"image\/jpeg"}],"twitter_card":"summary_large_image","twitter_misc":{"Dur\u00e9e de lecture estim\u00e9e":"1 minute"},"schema":{"@context":"https:\/\/schema.org","@graph":[{"@type":"WebPage","@id":"https:\/\/paracherkaoui.ma\/index.php\/produit\/acm-depiwhite-gel-contour-de-loeil-15-ml-3\/","url":"https:\/\/paracherkaoui.ma\/index.php\/produit\/acm-depiwhite-gel-contour-de-loeil-15-ml-3\/","name":"ACM DEPIWHITE GEL CONTOUR DE L'OEIL 15 ML - Paracherkaoui.ma","isPartOf":{"@id":"https:\/\/paracherkaoui.ma\/#website"},"primaryImageOfPage":{"@id":"https:\/\/paracherkaoui.ma\/index.php\/produit\/acm-depiwhite-gel-contour-de-loeil-15-ml-3\/#primaryimage"},"image":{"@id":"https:\/\/paracherkaoui.ma\/index.php\/produit\/acm-depiwhite-gel-contour-de-loeil-15-ml-3\/#primaryimage"},"thumbnailUrl":"https:\/\/paracherkaoui.ma\/wp-content\/uploads\/2025\/12\/acm-acm-depiwhite-gel-contour-de-loeil-15-ml-soins-contours-yeux.jpg","datePublished":"2025-12-12T17:30:00+00:00","dateModified":"2025-12-12T17:30:06+00:00","breadcrumb":{"@id":"https:\/\/paracherkaoui.ma\/index.php\/produit\/acm-depiwhite-gel-contour-de-loeil-15-ml-3\/#breadcrumb"},"inLanguage":"fr-FR","potentialAction":[{"@type":"ReadAction","target":["https:\/\/paracherkaoui.ma\/index.php\/produit\/acm-depiwhite-gel-contour-de-loeil-15-ml-3\/"]}]},{"@type":"ImageObject","inLanguage":"fr-FR","@id":"https:\/\/paracherkaoui.ma\/index.php\/produit\/acm-depiwhite-gel-contour-de-loeil-15-ml-3\/#primaryimage","url":"https:\/\/paracherkaoui.ma\/wp-content\/uploads\/2025\/12\/acm-acm-depiwhite-gel-contour-de-loeil-15-ml-soins-contours-yeux.jpg","contentUrl":"https:\/\/paracherkaoui.ma\/wp-content\/uploads\/2025\/12\/acm-acm-depiwhite-gel-contour-de-loeil-15-ml-soins-contours-yeux.jpg","width":700,"height":700},{"@type":"BreadcrumbList","@id":"https:\/\/paracherkaoui.ma\/index.php\/produit\/acm-depiwhite-gel-contour-de-loeil-15-ml-3\/#breadcrumb","itemListElement":[{"@type":"ListItem","position":1,"name":"Accueil","item":"https:\/\/paracherkaoui.ma\/"},{"@type":"ListItem","position":2,"name":"Boutique","item":"https:\/\/paracherkaoui.ma\/index.php\/boutique\/"},{"@type":"ListItem","position":3,"name":"ACM DEPIWHITE GEL CONTOUR DE L&rsquo;OEIL 15 ML"}]},{"@type":"WebSite","@id":"https:\/\/paracherkaoui.ma\/#website","url":"https:\/\/paracherkaoui.ma\/","name":"Paracherkaoui.ma","description":"Achetez en ligne sur Paracherkaoui.ma","potentialAction":[{"@type":"SearchAction","target":{"@type":"EntryPoint","urlTemplate":"https:\/\/paracherkaoui.ma\/?s={search_term_string}"},"query-input":{"@type":"PropertyValueSpecification","valueRequired":true,"valueName":"search_term_string"}}],"inLanguage":"fr-FR"}]}},"_links":{"self":[{"href":"https:\/\/paracherkaoui.ma\/index.php\/wp-json\/wp\/v2\/product\/28985","targetHints":{"allow":["GET"]}}],"collection":[{"href":"https:\/\/paracherkaoui.ma\/index.php\/wp-json\/wp\/v2\/product"}],"about":[{"href":"https:\/\/paracherkaoui.ma\/index.php\/wp-json\/wp\/v2\/types\/product"}],"replies":[{"embeddable":true,"href":"https:\/\/paracherkaoui.ma\/index.php\/wp-json\/wp\/v2\/comments?post=28985"}],"version-history":[{"count":1,"href":"https:\/\/paracherkaoui.ma\/index.php\/wp-json\/wp\/v2\/product\/28985\/revisions"}],"predecessor-version":[{"id":29035,"href":"https:\/\/paracherkaoui.ma\/index.php\/wp-json\/wp\/v2\/product\/28985\/revisions\/29035"}],"wp:featuredmedia":[{"embeddable":true,"href":"https:\/\/paracherkaoui.ma\/index.php\/wp-json\/wp\/v2\/media\/11841"}],"wp:attachment":[{"href":"https:\/\/paracherkaoui.ma\/index.php\/wp-json\/wp\/v2\/media?parent=28985"}],"wp:term":[{"taxonomy":"product_brand","embeddable":true,"href":"https:\/\/paracherkaoui.ma\/index.php\/wp-json\/wp\/v2\/product_brand?post=28985"},{"taxonomy":"product_cat","embeddable":true,"href":"https:\/\/paracherkaoui.ma\/index.php\/wp-json\/wp\/v2\/product_cat?post=28985"},{"taxonomy":"product_tag","embeddable":true,"href":"https:\/\/paracherkaoui.ma\/index.php\/wp-json\/wp\/v2\/product_tag?post=28985"}],"curies":[{"name":"wp","href":"https:\/\/api.w.org\/{rel}","templated":true}]}}