{"id":28982,"date":"2025-12-12T18:30:00","date_gmt":"2025-12-12T17:30:00","guid":{"rendered":"https:\/\/test.ecbeaute.com\/?post_type=product&#038;p=28982"},"modified":"2025-12-12T18:30:05","modified_gmt":"2025-12-12T17:30:05","slug":"lsi-biotopix-creme-reductrice-des-pattes-doie15g","status":"publish","type":"product","link":"https:\/\/paracherkaoui.ma\/index.php\/produit\/lsi-biotopix-creme-reductrice-des-pattes-doie15g\/","title":{"rendered":"LSI BIOTOPIX CREME REDUCTRICE DES PATTES D&rsquo;OIE15G"},"content":{"rendered":"<p>Le contour de l\u2019oeil est une zone particuli\u00e8rement sensible marqu\u00e9e par l\u2019accumulation de fatigue et le vieillissement et diff\u00e9rents autres facteurs tels que les allergies, le mode de vie.<\/p>\n<p>Un traitement trois-en-un minimisant l\u2019apparence des cernes et des poches sous les yeux, ce qui rend le contour de l\u2019\u0153il plus jeune, plus ferme et retendu gr\u00e2ce \u00e0 une combinaison de niacinamide (vitamine B3), un t\u00e9trapeptide d\u00e9congestionnant et de l\u2019extrait de fr\u00eane, la premi\u00e8re alternative naturelle reconnue des r\u00e9tino\u00efdes.<\/p>\n","protected":false},"excerpt":{"rendered":"<p>Le contour de l\u2019oeil est une zone particuli\u00e8rement sensible marqu\u00e9e par l\u2019accumulation de fatigue et le vieillissement et diff\u00e9rents autres<\/p>\n","protected":false},"featured_media":29030,"comment_status":"open","ping_status":"closed","template":"","meta":[],"product_brand":[498],"product_cat":[545],"product_tag":[],"class_list":{"0":"post-28982","1":"product","2":"type-product","3":"status-publish","4":"has-post-thumbnail","6":"product_brand-lsi-silderma","7":"product_cat-soins-contours-yeux","9":"first","10":"instock","11":"sale","12":"shipping-taxable","13":"purchasable","14":"product-type-simple"},"yoast_head":"<!-- This site is optimized with the Yoast SEO plugin v26.6 - https:\/\/yoast.com\/wordpress\/plugins\/seo\/ -->\r\n<title>LSI BIOTOPIX CREME REDUCTRICE DES PATTES D&#039;OIE15G - Paracherkaoui.ma<\/title>\r\n<meta name=\"robots\" content=\"index, follow, max-snippet:-1, max-image-preview:large, max-video-preview:-1\" \/>\r\n<link rel=\"canonical\" href=\"https:\/\/paracherkaoui.ma\/index.php\/produit\/lsi-biotopix-creme-reductrice-des-pattes-doie15g\/\" \/>\r\n<meta property=\"og:locale\" content=\"fr_FR\" \/>\r\n<meta property=\"og:type\" content=\"article\" \/>\r\n<meta property=\"og:title\" content=\"LSI BIOTOPIX CREME REDUCTRICE DES PATTES D&#039;OIE15G - Paracherkaoui.ma\" \/>\r\n<meta property=\"og:description\" content=\"Le contour de l\u2019oeil est une zone particuli\u00e8rement sensible marqu\u00e9e par l\u2019accumulation de fatigue et le vieillissement et diff\u00e9rents autres\" \/>\r\n<meta property=\"og:url\" content=\"https:\/\/paracherkaoui.ma\/index.php\/produit\/lsi-biotopix-creme-reductrice-des-pattes-doie15g\/\" \/>\r\n<meta property=\"og:site_name\" content=\"Paracherkaoui.ma\" \/>\r\n<meta property=\"article:modified_time\" content=\"2025-12-12T17:30:05+00:00\" \/>\r\n<meta property=\"og:image\" content=\"https:\/\/paracherkaoui.ma\/wp-content\/uploads\/2025\/12\/lsi-biotopix-creme-reductrice-des-pattes-d-oie15g.jpg\" \/>\r\n\t<meta property=\"og:image:width\" content=\"700\" \/>\r\n\t<meta property=\"og:image:height\" content=\"700\" \/>\r\n\t<meta property=\"og:image:type\" content=\"image\/jpeg\" \/>\r\n<meta name=\"twitter:card\" content=\"summary_large_image\" \/>\r\n<script type=\"application\/ld+json\" class=\"yoast-schema-graph\">{\"@context\":\"https:\/\/schema.org\",\"@graph\":[{\"@type\":\"WebPage\",\"@id\":\"https:\/\/paracherkaoui.ma\/index.php\/produit\/lsi-biotopix-creme-reductrice-des-pattes-doie15g\/\",\"url\":\"https:\/\/paracherkaoui.ma\/index.php\/produit\/lsi-biotopix-creme-reductrice-des-pattes-doie15g\/\",\"name\":\"LSI BIOTOPIX CREME REDUCTRICE DES PATTES D'OIE15G - Paracherkaoui.ma\",\"isPartOf\":{\"@id\":\"https:\/\/paracherkaoui.ma\/#website\"},\"primaryImageOfPage\":{\"@id\":\"https:\/\/paracherkaoui.ma\/index.php\/produit\/lsi-biotopix-creme-reductrice-des-pattes-doie15g\/#primaryimage\"},\"image\":{\"@id\":\"https:\/\/paracherkaoui.ma\/index.php\/produit\/lsi-biotopix-creme-reductrice-des-pattes-doie15g\/#primaryimage\"},\"thumbnailUrl\":\"https:\/\/paracherkaoui.ma\/wp-content\/uploads\/2025\/12\/lsi-biotopix-creme-reductrice-des-pattes-d-oie15g.jpg\",\"datePublished\":\"2025-12-12T17:30:00+00:00\",\"dateModified\":\"2025-12-12T17:30:05+00:00\",\"breadcrumb\":{\"@id\":\"https:\/\/paracherkaoui.ma\/index.php\/produit\/lsi-biotopix-creme-reductrice-des-pattes-doie15g\/#breadcrumb\"},\"inLanguage\":\"fr-FR\",\"potentialAction\":[{\"@type\":\"ReadAction\",\"target\":[\"https:\/\/paracherkaoui.ma\/index.php\/produit\/lsi-biotopix-creme-reductrice-des-pattes-doie15g\/\"]}]},{\"@type\":\"ImageObject\",\"inLanguage\":\"fr-FR\",\"@id\":\"https:\/\/paracherkaoui.ma\/index.php\/produit\/lsi-biotopix-creme-reductrice-des-pattes-doie15g\/#primaryimage\",\"url\":\"https:\/\/paracherkaoui.ma\/wp-content\/uploads\/2025\/12\/lsi-biotopix-creme-reductrice-des-pattes-d-oie15g.jpg\",\"contentUrl\":\"https:\/\/paracherkaoui.ma\/wp-content\/uploads\/2025\/12\/lsi-biotopix-creme-reductrice-des-pattes-d-oie15g.jpg\",\"width\":700,\"height\":700},{\"@type\":\"BreadcrumbList\",\"@id\":\"https:\/\/paracherkaoui.ma\/index.php\/produit\/lsi-biotopix-creme-reductrice-des-pattes-doie15g\/#breadcrumb\",\"itemListElement\":[{\"@type\":\"ListItem\",\"position\":1,\"name\":\"Accueil\",\"item\":\"https:\/\/paracherkaoui.ma\/\"},{\"@type\":\"ListItem\",\"position\":2,\"name\":\"Boutique\",\"item\":\"https:\/\/paracherkaoui.ma\/index.php\/boutique\/\"},{\"@type\":\"ListItem\",\"position\":3,\"name\":\"LSI BIOTOPIX CREME REDUCTRICE DES PATTES D&rsquo;OIE15G\"}]},{\"@type\":\"WebSite\",\"@id\":\"https:\/\/paracherkaoui.ma\/#website\",\"url\":\"https:\/\/paracherkaoui.ma\/\",\"name\":\"Paracherkaoui.ma\",\"description\":\"Achetez en ligne sur Paracherkaoui.ma\",\"potentialAction\":[{\"@type\":\"SearchAction\",\"target\":{\"@type\":\"EntryPoint\",\"urlTemplate\":\"https:\/\/paracherkaoui.ma\/?s={search_term_string}\"},\"query-input\":{\"@type\":\"PropertyValueSpecification\",\"valueRequired\":true,\"valueName\":\"search_term_string\"}}],\"inLanguage\":\"fr-FR\"}]}<\/script>\r\n<!-- \/ Yoast SEO plugin. -->","yoast_head_json":{"title":"LSI BIOTOPIX CREME REDUCTRICE DES PATTES D'OIE15G - Paracherkaoui.ma","robots":{"index":"index","follow":"follow","max-snippet":"max-snippet:-1","max-image-preview":"max-image-preview:large","max-video-preview":"max-video-preview:-1"},"canonical":"https:\/\/paracherkaoui.ma\/index.php\/produit\/lsi-biotopix-creme-reductrice-des-pattes-doie15g\/","og_locale":"fr_FR","og_type":"article","og_title":"LSI BIOTOPIX CREME REDUCTRICE DES PATTES D'OIE15G - Paracherkaoui.ma","og_description":"Le contour de l\u2019oeil est une zone particuli\u00e8rement sensible marqu\u00e9e par l\u2019accumulation de fatigue et le vieillissement et diff\u00e9rents autres","og_url":"https:\/\/paracherkaoui.ma\/index.php\/produit\/lsi-biotopix-creme-reductrice-des-pattes-doie15g\/","og_site_name":"Paracherkaoui.ma","article_modified_time":"2025-12-12T17:30:05+00:00","og_image":[{"width":700,"height":700,"url":"https:\/\/paracherkaoui.ma\/wp-content\/uploads\/2025\/12\/lsi-biotopix-creme-reductrice-des-pattes-d-oie15g.jpg","type":"image\/jpeg"}],"twitter_card":"summary_large_image","schema":{"@context":"https:\/\/schema.org","@graph":[{"@type":"WebPage","@id":"https:\/\/paracherkaoui.ma\/index.php\/produit\/lsi-biotopix-creme-reductrice-des-pattes-doie15g\/","url":"https:\/\/paracherkaoui.ma\/index.php\/produit\/lsi-biotopix-creme-reductrice-des-pattes-doie15g\/","name":"LSI BIOTOPIX CREME REDUCTRICE DES PATTES D'OIE15G - Paracherkaoui.ma","isPartOf":{"@id":"https:\/\/paracherkaoui.ma\/#website"},"primaryImageOfPage":{"@id":"https:\/\/paracherkaoui.ma\/index.php\/produit\/lsi-biotopix-creme-reductrice-des-pattes-doie15g\/#primaryimage"},"image":{"@id":"https:\/\/paracherkaoui.ma\/index.php\/produit\/lsi-biotopix-creme-reductrice-des-pattes-doie15g\/#primaryimage"},"thumbnailUrl":"https:\/\/paracherkaoui.ma\/wp-content\/uploads\/2025\/12\/lsi-biotopix-creme-reductrice-des-pattes-d-oie15g.jpg","datePublished":"2025-12-12T17:30:00+00:00","dateModified":"2025-12-12T17:30:05+00:00","breadcrumb":{"@id":"https:\/\/paracherkaoui.ma\/index.php\/produit\/lsi-biotopix-creme-reductrice-des-pattes-doie15g\/#breadcrumb"},"inLanguage":"fr-FR","potentialAction":[{"@type":"ReadAction","target":["https:\/\/paracherkaoui.ma\/index.php\/produit\/lsi-biotopix-creme-reductrice-des-pattes-doie15g\/"]}]},{"@type":"ImageObject","inLanguage":"fr-FR","@id":"https:\/\/paracherkaoui.ma\/index.php\/produit\/lsi-biotopix-creme-reductrice-des-pattes-doie15g\/#primaryimage","url":"https:\/\/paracherkaoui.ma\/wp-content\/uploads\/2025\/12\/lsi-biotopix-creme-reductrice-des-pattes-d-oie15g.jpg","contentUrl":"https:\/\/paracherkaoui.ma\/wp-content\/uploads\/2025\/12\/lsi-biotopix-creme-reductrice-des-pattes-d-oie15g.jpg","width":700,"height":700},{"@type":"BreadcrumbList","@id":"https:\/\/paracherkaoui.ma\/index.php\/produit\/lsi-biotopix-creme-reductrice-des-pattes-doie15g\/#breadcrumb","itemListElement":[{"@type":"ListItem","position":1,"name":"Accueil","item":"https:\/\/paracherkaoui.ma\/"},{"@type":"ListItem","position":2,"name":"Boutique","item":"https:\/\/paracherkaoui.ma\/index.php\/boutique\/"},{"@type":"ListItem","position":3,"name":"LSI BIOTOPIX CREME REDUCTRICE DES PATTES D&rsquo;OIE15G"}]},{"@type":"WebSite","@id":"https:\/\/paracherkaoui.ma\/#website","url":"https:\/\/paracherkaoui.ma\/","name":"Paracherkaoui.ma","description":"Achetez en ligne sur Paracherkaoui.ma","potentialAction":[{"@type":"SearchAction","target":{"@type":"EntryPoint","urlTemplate":"https:\/\/paracherkaoui.ma\/?s={search_term_string}"},"query-input":{"@type":"PropertyValueSpecification","valueRequired":true,"valueName":"search_term_string"}}],"inLanguage":"fr-FR"}]}},"_links":{"self":[{"href":"https:\/\/paracherkaoui.ma\/index.php\/wp-json\/wp\/v2\/product\/28982","targetHints":{"allow":["GET"]}}],"collection":[{"href":"https:\/\/paracherkaoui.ma\/index.php\/wp-json\/wp\/v2\/product"}],"about":[{"href":"https:\/\/paracherkaoui.ma\/index.php\/wp-json\/wp\/v2\/types\/product"}],"replies":[{"embeddable":true,"href":"https:\/\/paracherkaoui.ma\/index.php\/wp-json\/wp\/v2\/comments?post=28982"}],"version-history":[{"count":1,"href":"https:\/\/paracherkaoui.ma\/index.php\/wp-json\/wp\/v2\/product\/28982\/revisions"}],"predecessor-version":[{"id":29031,"href":"https:\/\/paracherkaoui.ma\/index.php\/wp-json\/wp\/v2\/product\/28982\/revisions\/29031"}],"wp:featuredmedia":[{"embeddable":true,"href":"https:\/\/paracherkaoui.ma\/index.php\/wp-json\/wp\/v2\/media\/29030"}],"wp:attachment":[{"href":"https:\/\/paracherkaoui.ma\/index.php\/wp-json\/wp\/v2\/media?parent=28982"}],"wp:term":[{"taxonomy":"product_brand","embeddable":true,"href":"https:\/\/paracherkaoui.ma\/index.php\/wp-json\/wp\/v2\/product_brand?post=28982"},{"taxonomy":"product_cat","embeddable":true,"href":"https:\/\/paracherkaoui.ma\/index.php\/wp-json\/wp\/v2\/product_cat?post=28982"},{"taxonomy":"product_tag","embeddable":true,"href":"https:\/\/paracherkaoui.ma\/index.php\/wp-json\/wp\/v2\/product_tag?post=28982"}],"curies":[{"name":"wp","href":"https:\/\/api.w.org\/{rel}","templated":true}]}}