{"id":28958,"date":"2025-12-12T18:29:59","date_gmt":"2025-12-12T17:29:59","guid":{"rendered":"https:\/\/test.ecbeaute.com\/?post_type=product&#038;p=28958"},"modified":"2025-12-12T18:30:00","modified_gmt":"2025-12-12T17:30:00","slug":"novexpert-pro-collagene-contour-des-yeux-anti-age-expert-15ml","status":"publish","type":"product","link":"https:\/\/paracherkaoui.ma\/index.php\/produit\/novexpert-pro-collagene-contour-des-yeux-anti-age-expert-15ml\/","title":{"rendered":"NOVEXPERT PRO COLLAGENE CONTOUR DES YEUX ANTI AGE EXPERT 15ML"},"content":{"rendered":"<p>Description:<br \/>\nNovexpert Contour des yeux Action anti-ride &#038; anti-\u00e2ge Peaux normales \u00e0 s\u00e8ches 15ml. Action lissante et revitalisante : Actifs correcteurs (anticernes, hydratant et d\u00e9congestionnant) et actifs anti-\u00e2ge r\u00e9g\u00e9n\u00e9rant, protecteurs du collag\u00e8ne naturellement pr\u00e9sent dans la peau.<br \/>\nConseils d\u2019utilisation<br \/>\nAppliquez doucement sur le pourtour de l\u2019\u0153il en insistant sur la paupi\u00e8re inf\u00e9rieure (du coin interne de l\u2019\u0153il vers l\u2019extr\u00e9mit\u00e9). Nous vous conseillons de vous maquiller directement pour ne pas \u00e9liminer le film tenseur.<\/p>\n","protected":false},"excerpt":{"rendered":"<p>Description: Novexpert Contour des yeux Action anti-ride &#038; anti-\u00e2ge Peaux normales \u00e0 s\u00e8ches 15ml. Action lissante et revitalisante : Actifs<\/p>\n","protected":false},"featured_media":28989,"comment_status":"open","ping_status":"closed","template":"","meta":[],"product_brand":[349],"product_cat":[545],"product_tag":[],"class_list":{"0":"post-28958","1":"product","2":"type-product","3":"status-publish","4":"has-post-thumbnail","6":"product_brand-novexpert","7":"product_cat-soins-contours-yeux","9":"first","10":"instock","11":"sale","12":"shipping-taxable","13":"purchasable","14":"product-type-simple"},"yoast_head":"<!-- This site is optimized with the Yoast SEO plugin v26.6 - https:\/\/yoast.com\/wordpress\/plugins\/seo\/ -->\r\n<title>NOVEXPERT PRO COLLAGENE CONTOUR DES YEUX ANTI AGE EXPERT 15ML - Paracherkaoui.ma<\/title>\r\n<meta name=\"robots\" content=\"index, follow, max-snippet:-1, max-image-preview:large, max-video-preview:-1\" \/>\r\n<link rel=\"canonical\" href=\"https:\/\/paracherkaoui.ma\/index.php\/produit\/novexpert-pro-collagene-contour-des-yeux-anti-age-expert-15ml\/\" \/>\r\n<meta property=\"og:locale\" content=\"fr_FR\" \/>\r\n<meta property=\"og:type\" content=\"article\" \/>\r\n<meta property=\"og:title\" content=\"NOVEXPERT PRO COLLAGENE CONTOUR DES YEUX ANTI AGE EXPERT 15ML - Paracherkaoui.ma\" \/>\r\n<meta property=\"og:description\" content=\"Description: Novexpert Contour des yeux Action anti-ride &#038; anti-\u00e2ge Peaux normales \u00e0 s\u00e8ches 15ml. Action lissante et revitalisante : Actifs\" \/>\r\n<meta property=\"og:url\" content=\"https:\/\/paracherkaoui.ma\/index.php\/produit\/novexpert-pro-collagene-contour-des-yeux-anti-age-expert-15ml\/\" \/>\r\n<meta property=\"og:site_name\" content=\"Paracherkaoui.ma\" \/>\r\n<meta property=\"article:modified_time\" content=\"2025-12-12T17:30:00+00:00\" \/>\r\n<meta property=\"og:image\" content=\"https:\/\/paracherkaoui.ma\/wp-content\/uploads\/2025\/12\/novexpert-pro-collagene-contour-des-yeux-anti-age-expert-15ml.jpg\" \/>\r\n\t<meta property=\"og:image:width\" content=\"700\" \/>\r\n\t<meta property=\"og:image:height\" content=\"700\" \/>\r\n\t<meta property=\"og:image:type\" content=\"image\/jpeg\" \/>\r\n<meta name=\"twitter:card\" content=\"summary_large_image\" \/>\r\n<script type=\"application\/ld+json\" class=\"yoast-schema-graph\">{\"@context\":\"https:\/\/schema.org\",\"@graph\":[{\"@type\":\"WebPage\",\"@id\":\"https:\/\/paracherkaoui.ma\/index.php\/produit\/novexpert-pro-collagene-contour-des-yeux-anti-age-expert-15ml\/\",\"url\":\"https:\/\/paracherkaoui.ma\/index.php\/produit\/novexpert-pro-collagene-contour-des-yeux-anti-age-expert-15ml\/\",\"name\":\"NOVEXPERT PRO COLLAGENE CONTOUR DES YEUX ANTI AGE EXPERT 15ML - Paracherkaoui.ma\",\"isPartOf\":{\"@id\":\"https:\/\/paracherkaoui.ma\/#website\"},\"primaryImageOfPage\":{\"@id\":\"https:\/\/paracherkaoui.ma\/index.php\/produit\/novexpert-pro-collagene-contour-des-yeux-anti-age-expert-15ml\/#primaryimage\"},\"image\":{\"@id\":\"https:\/\/paracherkaoui.ma\/index.php\/produit\/novexpert-pro-collagene-contour-des-yeux-anti-age-expert-15ml\/#primaryimage\"},\"thumbnailUrl\":\"https:\/\/paracherkaoui.ma\/wp-content\/uploads\/2025\/12\/novexpert-pro-collagene-contour-des-yeux-anti-age-expert-15ml.jpg\",\"datePublished\":\"2025-12-12T17:29:59+00:00\",\"dateModified\":\"2025-12-12T17:30:00+00:00\",\"breadcrumb\":{\"@id\":\"https:\/\/paracherkaoui.ma\/index.php\/produit\/novexpert-pro-collagene-contour-des-yeux-anti-age-expert-15ml\/#breadcrumb\"},\"inLanguage\":\"fr-FR\",\"potentialAction\":[{\"@type\":\"ReadAction\",\"target\":[\"https:\/\/paracherkaoui.ma\/index.php\/produit\/novexpert-pro-collagene-contour-des-yeux-anti-age-expert-15ml\/\"]}]},{\"@type\":\"ImageObject\",\"inLanguage\":\"fr-FR\",\"@id\":\"https:\/\/paracherkaoui.ma\/index.php\/produit\/novexpert-pro-collagene-contour-des-yeux-anti-age-expert-15ml\/#primaryimage\",\"url\":\"https:\/\/paracherkaoui.ma\/wp-content\/uploads\/2025\/12\/novexpert-pro-collagene-contour-des-yeux-anti-age-expert-15ml.jpg\",\"contentUrl\":\"https:\/\/paracherkaoui.ma\/wp-content\/uploads\/2025\/12\/novexpert-pro-collagene-contour-des-yeux-anti-age-expert-15ml.jpg\",\"width\":700,\"height\":700},{\"@type\":\"BreadcrumbList\",\"@id\":\"https:\/\/paracherkaoui.ma\/index.php\/produit\/novexpert-pro-collagene-contour-des-yeux-anti-age-expert-15ml\/#breadcrumb\",\"itemListElement\":[{\"@type\":\"ListItem\",\"position\":1,\"name\":\"Accueil\",\"item\":\"https:\/\/paracherkaoui.ma\/\"},{\"@type\":\"ListItem\",\"position\":2,\"name\":\"Boutique\",\"item\":\"https:\/\/paracherkaoui.ma\/index.php\/boutique\/\"},{\"@type\":\"ListItem\",\"position\":3,\"name\":\"NOVEXPERT PRO COLLAGENE CONTOUR DES YEUX ANTI AGE EXPERT 15ML\"}]},{\"@type\":\"WebSite\",\"@id\":\"https:\/\/paracherkaoui.ma\/#website\",\"url\":\"https:\/\/paracherkaoui.ma\/\",\"name\":\"Paracherkaoui.ma\",\"description\":\"Achetez en ligne sur Paracherkaoui.ma\",\"potentialAction\":[{\"@type\":\"SearchAction\",\"target\":{\"@type\":\"EntryPoint\",\"urlTemplate\":\"https:\/\/paracherkaoui.ma\/?s={search_term_string}\"},\"query-input\":{\"@type\":\"PropertyValueSpecification\",\"valueRequired\":true,\"valueName\":\"search_term_string\"}}],\"inLanguage\":\"fr-FR\"}]}<\/script>\r\n<!-- \/ Yoast SEO plugin. -->","yoast_head_json":{"title":"NOVEXPERT PRO COLLAGENE CONTOUR DES YEUX ANTI AGE EXPERT 15ML - Paracherkaoui.ma","robots":{"index":"index","follow":"follow","max-snippet":"max-snippet:-1","max-image-preview":"max-image-preview:large","max-video-preview":"max-video-preview:-1"},"canonical":"https:\/\/paracherkaoui.ma\/index.php\/produit\/novexpert-pro-collagene-contour-des-yeux-anti-age-expert-15ml\/","og_locale":"fr_FR","og_type":"article","og_title":"NOVEXPERT PRO COLLAGENE CONTOUR DES YEUX ANTI AGE EXPERT 15ML - Paracherkaoui.ma","og_description":"Description: Novexpert Contour des yeux Action anti-ride &#038; anti-\u00e2ge Peaux normales \u00e0 s\u00e8ches 15ml. Action lissante et revitalisante : Actifs","og_url":"https:\/\/paracherkaoui.ma\/index.php\/produit\/novexpert-pro-collagene-contour-des-yeux-anti-age-expert-15ml\/","og_site_name":"Paracherkaoui.ma","article_modified_time":"2025-12-12T17:30:00+00:00","og_image":[{"width":700,"height":700,"url":"https:\/\/paracherkaoui.ma\/wp-content\/uploads\/2025\/12\/novexpert-pro-collagene-contour-des-yeux-anti-age-expert-15ml.jpg","type":"image\/jpeg"}],"twitter_card":"summary_large_image","schema":{"@context":"https:\/\/schema.org","@graph":[{"@type":"WebPage","@id":"https:\/\/paracherkaoui.ma\/index.php\/produit\/novexpert-pro-collagene-contour-des-yeux-anti-age-expert-15ml\/","url":"https:\/\/paracherkaoui.ma\/index.php\/produit\/novexpert-pro-collagene-contour-des-yeux-anti-age-expert-15ml\/","name":"NOVEXPERT PRO COLLAGENE CONTOUR DES YEUX ANTI AGE EXPERT 15ML - Paracherkaoui.ma","isPartOf":{"@id":"https:\/\/paracherkaoui.ma\/#website"},"primaryImageOfPage":{"@id":"https:\/\/paracherkaoui.ma\/index.php\/produit\/novexpert-pro-collagene-contour-des-yeux-anti-age-expert-15ml\/#primaryimage"},"image":{"@id":"https:\/\/paracherkaoui.ma\/index.php\/produit\/novexpert-pro-collagene-contour-des-yeux-anti-age-expert-15ml\/#primaryimage"},"thumbnailUrl":"https:\/\/paracherkaoui.ma\/wp-content\/uploads\/2025\/12\/novexpert-pro-collagene-contour-des-yeux-anti-age-expert-15ml.jpg","datePublished":"2025-12-12T17:29:59+00:00","dateModified":"2025-12-12T17:30:00+00:00","breadcrumb":{"@id":"https:\/\/paracherkaoui.ma\/index.php\/produit\/novexpert-pro-collagene-contour-des-yeux-anti-age-expert-15ml\/#breadcrumb"},"inLanguage":"fr-FR","potentialAction":[{"@type":"ReadAction","target":["https:\/\/paracherkaoui.ma\/index.php\/produit\/novexpert-pro-collagene-contour-des-yeux-anti-age-expert-15ml\/"]}]},{"@type":"ImageObject","inLanguage":"fr-FR","@id":"https:\/\/paracherkaoui.ma\/index.php\/produit\/novexpert-pro-collagene-contour-des-yeux-anti-age-expert-15ml\/#primaryimage","url":"https:\/\/paracherkaoui.ma\/wp-content\/uploads\/2025\/12\/novexpert-pro-collagene-contour-des-yeux-anti-age-expert-15ml.jpg","contentUrl":"https:\/\/paracherkaoui.ma\/wp-content\/uploads\/2025\/12\/novexpert-pro-collagene-contour-des-yeux-anti-age-expert-15ml.jpg","width":700,"height":700},{"@type":"BreadcrumbList","@id":"https:\/\/paracherkaoui.ma\/index.php\/produit\/novexpert-pro-collagene-contour-des-yeux-anti-age-expert-15ml\/#breadcrumb","itemListElement":[{"@type":"ListItem","position":1,"name":"Accueil","item":"https:\/\/paracherkaoui.ma\/"},{"@type":"ListItem","position":2,"name":"Boutique","item":"https:\/\/paracherkaoui.ma\/index.php\/boutique\/"},{"@type":"ListItem","position":3,"name":"NOVEXPERT PRO COLLAGENE CONTOUR DES YEUX ANTI AGE EXPERT 15ML"}]},{"@type":"WebSite","@id":"https:\/\/paracherkaoui.ma\/#website","url":"https:\/\/paracherkaoui.ma\/","name":"Paracherkaoui.ma","description":"Achetez en ligne sur Paracherkaoui.ma","potentialAction":[{"@type":"SearchAction","target":{"@type":"EntryPoint","urlTemplate":"https:\/\/paracherkaoui.ma\/?s={search_term_string}"},"query-input":{"@type":"PropertyValueSpecification","valueRequired":true,"valueName":"search_term_string"}}],"inLanguage":"fr-FR"}]}},"_links":{"self":[{"href":"https:\/\/paracherkaoui.ma\/index.php\/wp-json\/wp\/v2\/product\/28958","targetHints":{"allow":["GET"]}}],"collection":[{"href":"https:\/\/paracherkaoui.ma\/index.php\/wp-json\/wp\/v2\/product"}],"about":[{"href":"https:\/\/paracherkaoui.ma\/index.php\/wp-json\/wp\/v2\/types\/product"}],"replies":[{"embeddable":true,"href":"https:\/\/paracherkaoui.ma\/index.php\/wp-json\/wp\/v2\/comments?post=28958"}],"version-history":[{"count":1,"href":"https:\/\/paracherkaoui.ma\/index.php\/wp-json\/wp\/v2\/product\/28958\/revisions"}],"predecessor-version":[{"id":28990,"href":"https:\/\/paracherkaoui.ma\/index.php\/wp-json\/wp\/v2\/product\/28958\/revisions\/28990"}],"wp:featuredmedia":[{"embeddable":true,"href":"https:\/\/paracherkaoui.ma\/index.php\/wp-json\/wp\/v2\/media\/28989"}],"wp:attachment":[{"href":"https:\/\/paracherkaoui.ma\/index.php\/wp-json\/wp\/v2\/media?parent=28958"}],"wp:term":[{"taxonomy":"product_brand","embeddable":true,"href":"https:\/\/paracherkaoui.ma\/index.php\/wp-json\/wp\/v2\/product_brand?post=28958"},{"taxonomy":"product_cat","embeddable":true,"href":"https:\/\/paracherkaoui.ma\/index.php\/wp-json\/wp\/v2\/product_cat?post=28958"},{"taxonomy":"product_tag","embeddable":true,"href":"https:\/\/paracherkaoui.ma\/index.php\/wp-json\/wp\/v2\/product_tag?post=28958"}],"curies":[{"name":"wp","href":"https:\/\/api.w.org\/{rel}","templated":true}]}}