{"id":28908,"date":"2025-12-12T18:29:52","date_gmt":"2025-12-12T17:29:52","guid":{"rendered":"https:\/\/test.ecbeaute.com\/?post_type=product&#038;p=28908"},"modified":"2025-12-12T18:29:58","modified_gmt":"2025-12-12T17:29:58","slug":"novexpert-contour-des-yeux-lifting-eclat-15-ml","status":"publish","type":"product","link":"https:\/\/paracherkaoui.ma\/index.php\/produit\/novexpert-contour-des-yeux-lifting-eclat-15-ml\/","title":{"rendered":"NOVEXPERT CONTOUR DES YEUX LIFTING ECLAT 15 ML"},"content":{"rendered":"<p>Un soin contour des yeux affichant une activit\u00e9 24h\/24. Le jour, un\u00a0effet lifting imm\u00e9diat\u00a0(action flash) et la nuit, une\u00a0action anti-\u00e2ge et lissante\u00a0(long terme).<br \/>\nConseils d&rsquo;utilisation:<br \/>\nAppliquez d\u00e9licatement sur la paupi\u00e8re inf\u00e9rieure une petite quantit\u00e9 de produit en partant du\u00a0coin interne\u00a0de l\u2019\u0153il vers\u00a0l\u2019extr\u00e9mit\u00e9 des rides de la patte d\u2019oie. Maquillez imm\u00e9diatement pour ne pas \u00e9liminer le film tenseur.<br \/>\nFr\u00e9quence d\u2019application : matin et\/ou soir.<\/p>\n","protected":false},"excerpt":{"rendered":"<p>Un soin contour des yeux affichant une activit\u00e9 24h\/24. Le jour, un\u00a0effet lifting imm\u00e9diat\u00a0(action flash) et la nuit, une\u00a0action anti-\u00e2ge<\/p>\n","protected":false},"featured_media":28951,"comment_status":"open","ping_status":"closed","template":"","meta":[],"product_brand":[349],"product_cat":[545],"product_tag":[],"class_list":{"0":"post-28908","1":"product","2":"type-product","3":"status-publish","4":"has-post-thumbnail","6":"product_brand-novexpert","7":"product_cat-soins-contours-yeux","9":"first","10":"instock","11":"sale","12":"shipping-taxable","13":"purchasable","14":"product-type-simple"},"yoast_head":"<!-- This site is optimized with the Yoast SEO plugin v26.6 - https:\/\/yoast.com\/wordpress\/plugins\/seo\/ -->\r\n<title>NOVEXPERT CONTOUR DES YEUX LIFTING ECLAT 15 ML - Paracherkaoui.ma<\/title>\r\n<meta name=\"robots\" content=\"index, follow, max-snippet:-1, max-image-preview:large, max-video-preview:-1\" \/>\r\n<link rel=\"canonical\" href=\"https:\/\/paracherkaoui.ma\/index.php\/produit\/novexpert-contour-des-yeux-lifting-eclat-15-ml\/\" \/>\r\n<meta property=\"og:locale\" content=\"fr_FR\" \/>\r\n<meta property=\"og:type\" content=\"article\" \/>\r\n<meta property=\"og:title\" content=\"NOVEXPERT CONTOUR DES YEUX LIFTING ECLAT 15 ML - Paracherkaoui.ma\" \/>\r\n<meta property=\"og:description\" content=\"Un soin contour des yeux affichant une activit\u00e9 24h\/24. Le jour, un\u00a0effet lifting imm\u00e9diat\u00a0(action flash) et la nuit, une\u00a0action anti-\u00e2ge\" \/>\r\n<meta property=\"og:url\" content=\"https:\/\/paracherkaoui.ma\/index.php\/produit\/novexpert-contour-des-yeux-lifting-eclat-15-ml\/\" \/>\r\n<meta property=\"og:site_name\" content=\"Paracherkaoui.ma\" \/>\r\n<meta property=\"article:modified_time\" content=\"2025-12-12T17:29:58+00:00\" \/>\r\n<meta property=\"og:image\" content=\"https:\/\/paracherkaoui.ma\/wp-content\/uploads\/2025\/12\/novexpert-novexpert-contour-des-yeux-lifting-eclat-15-ml-yeux.jpg\" \/>\r\n\t<meta property=\"og:image:width\" content=\"700\" \/>\r\n\t<meta property=\"og:image:height\" content=\"700\" \/>\r\n\t<meta property=\"og:image:type\" content=\"image\/jpeg\" \/>\r\n<meta name=\"twitter:card\" content=\"summary_large_image\" \/>\r\n<script type=\"application\/ld+json\" class=\"yoast-schema-graph\">{\"@context\":\"https:\/\/schema.org\",\"@graph\":[{\"@type\":\"WebPage\",\"@id\":\"https:\/\/paracherkaoui.ma\/index.php\/produit\/novexpert-contour-des-yeux-lifting-eclat-15-ml\/\",\"url\":\"https:\/\/paracherkaoui.ma\/index.php\/produit\/novexpert-contour-des-yeux-lifting-eclat-15-ml\/\",\"name\":\"NOVEXPERT CONTOUR DES YEUX LIFTING ECLAT 15 ML - Paracherkaoui.ma\",\"isPartOf\":{\"@id\":\"https:\/\/paracherkaoui.ma\/#website\"},\"primaryImageOfPage\":{\"@id\":\"https:\/\/paracherkaoui.ma\/index.php\/produit\/novexpert-contour-des-yeux-lifting-eclat-15-ml\/#primaryimage\"},\"image\":{\"@id\":\"https:\/\/paracherkaoui.ma\/index.php\/produit\/novexpert-contour-des-yeux-lifting-eclat-15-ml\/#primaryimage\"},\"thumbnailUrl\":\"https:\/\/paracherkaoui.ma\/wp-content\/uploads\/2025\/12\/novexpert-novexpert-contour-des-yeux-lifting-eclat-15-ml-yeux.jpg\",\"datePublished\":\"2025-12-12T17:29:52+00:00\",\"dateModified\":\"2025-12-12T17:29:58+00:00\",\"breadcrumb\":{\"@id\":\"https:\/\/paracherkaoui.ma\/index.php\/produit\/novexpert-contour-des-yeux-lifting-eclat-15-ml\/#breadcrumb\"},\"inLanguage\":\"fr-FR\",\"potentialAction\":[{\"@type\":\"ReadAction\",\"target\":[\"https:\/\/paracherkaoui.ma\/index.php\/produit\/novexpert-contour-des-yeux-lifting-eclat-15-ml\/\"]}]},{\"@type\":\"ImageObject\",\"inLanguage\":\"fr-FR\",\"@id\":\"https:\/\/paracherkaoui.ma\/index.php\/produit\/novexpert-contour-des-yeux-lifting-eclat-15-ml\/#primaryimage\",\"url\":\"https:\/\/paracherkaoui.ma\/wp-content\/uploads\/2025\/12\/novexpert-novexpert-contour-des-yeux-lifting-eclat-15-ml-yeux.jpg\",\"contentUrl\":\"https:\/\/paracherkaoui.ma\/wp-content\/uploads\/2025\/12\/novexpert-novexpert-contour-des-yeux-lifting-eclat-15-ml-yeux.jpg\",\"width\":700,\"height\":700},{\"@type\":\"BreadcrumbList\",\"@id\":\"https:\/\/paracherkaoui.ma\/index.php\/produit\/novexpert-contour-des-yeux-lifting-eclat-15-ml\/#breadcrumb\",\"itemListElement\":[{\"@type\":\"ListItem\",\"position\":1,\"name\":\"Accueil\",\"item\":\"https:\/\/paracherkaoui.ma\/\"},{\"@type\":\"ListItem\",\"position\":2,\"name\":\"Boutique\",\"item\":\"https:\/\/paracherkaoui.ma\/index.php\/boutique\/\"},{\"@type\":\"ListItem\",\"position\":3,\"name\":\"NOVEXPERT CONTOUR DES YEUX LIFTING ECLAT 15 ML\"}]},{\"@type\":\"WebSite\",\"@id\":\"https:\/\/paracherkaoui.ma\/#website\",\"url\":\"https:\/\/paracherkaoui.ma\/\",\"name\":\"Paracherkaoui.ma\",\"description\":\"Achetez en ligne sur Paracherkaoui.ma\",\"potentialAction\":[{\"@type\":\"SearchAction\",\"target\":{\"@type\":\"EntryPoint\",\"urlTemplate\":\"https:\/\/paracherkaoui.ma\/?s={search_term_string}\"},\"query-input\":{\"@type\":\"PropertyValueSpecification\",\"valueRequired\":true,\"valueName\":\"search_term_string\"}}],\"inLanguage\":\"fr-FR\"}]}<\/script>\r\n<!-- \/ Yoast SEO plugin. -->","yoast_head_json":{"title":"NOVEXPERT CONTOUR DES YEUX LIFTING ECLAT 15 ML - Paracherkaoui.ma","robots":{"index":"index","follow":"follow","max-snippet":"max-snippet:-1","max-image-preview":"max-image-preview:large","max-video-preview":"max-video-preview:-1"},"canonical":"https:\/\/paracherkaoui.ma\/index.php\/produit\/novexpert-contour-des-yeux-lifting-eclat-15-ml\/","og_locale":"fr_FR","og_type":"article","og_title":"NOVEXPERT CONTOUR DES YEUX LIFTING ECLAT 15 ML - Paracherkaoui.ma","og_description":"Un soin contour des yeux affichant une activit\u00e9 24h\/24. Le jour, un\u00a0effet lifting imm\u00e9diat\u00a0(action flash) et la nuit, une\u00a0action anti-\u00e2ge","og_url":"https:\/\/paracherkaoui.ma\/index.php\/produit\/novexpert-contour-des-yeux-lifting-eclat-15-ml\/","og_site_name":"Paracherkaoui.ma","article_modified_time":"2025-12-12T17:29:58+00:00","og_image":[{"width":700,"height":700,"url":"https:\/\/paracherkaoui.ma\/wp-content\/uploads\/2025\/12\/novexpert-novexpert-contour-des-yeux-lifting-eclat-15-ml-yeux.jpg","type":"image\/jpeg"}],"twitter_card":"summary_large_image","schema":{"@context":"https:\/\/schema.org","@graph":[{"@type":"WebPage","@id":"https:\/\/paracherkaoui.ma\/index.php\/produit\/novexpert-contour-des-yeux-lifting-eclat-15-ml\/","url":"https:\/\/paracherkaoui.ma\/index.php\/produit\/novexpert-contour-des-yeux-lifting-eclat-15-ml\/","name":"NOVEXPERT CONTOUR DES YEUX LIFTING ECLAT 15 ML - Paracherkaoui.ma","isPartOf":{"@id":"https:\/\/paracherkaoui.ma\/#website"},"primaryImageOfPage":{"@id":"https:\/\/paracherkaoui.ma\/index.php\/produit\/novexpert-contour-des-yeux-lifting-eclat-15-ml\/#primaryimage"},"image":{"@id":"https:\/\/paracherkaoui.ma\/index.php\/produit\/novexpert-contour-des-yeux-lifting-eclat-15-ml\/#primaryimage"},"thumbnailUrl":"https:\/\/paracherkaoui.ma\/wp-content\/uploads\/2025\/12\/novexpert-novexpert-contour-des-yeux-lifting-eclat-15-ml-yeux.jpg","datePublished":"2025-12-12T17:29:52+00:00","dateModified":"2025-12-12T17:29:58+00:00","breadcrumb":{"@id":"https:\/\/paracherkaoui.ma\/index.php\/produit\/novexpert-contour-des-yeux-lifting-eclat-15-ml\/#breadcrumb"},"inLanguage":"fr-FR","potentialAction":[{"@type":"ReadAction","target":["https:\/\/paracherkaoui.ma\/index.php\/produit\/novexpert-contour-des-yeux-lifting-eclat-15-ml\/"]}]},{"@type":"ImageObject","inLanguage":"fr-FR","@id":"https:\/\/paracherkaoui.ma\/index.php\/produit\/novexpert-contour-des-yeux-lifting-eclat-15-ml\/#primaryimage","url":"https:\/\/paracherkaoui.ma\/wp-content\/uploads\/2025\/12\/novexpert-novexpert-contour-des-yeux-lifting-eclat-15-ml-yeux.jpg","contentUrl":"https:\/\/paracherkaoui.ma\/wp-content\/uploads\/2025\/12\/novexpert-novexpert-contour-des-yeux-lifting-eclat-15-ml-yeux.jpg","width":700,"height":700},{"@type":"BreadcrumbList","@id":"https:\/\/paracherkaoui.ma\/index.php\/produit\/novexpert-contour-des-yeux-lifting-eclat-15-ml\/#breadcrumb","itemListElement":[{"@type":"ListItem","position":1,"name":"Accueil","item":"https:\/\/paracherkaoui.ma\/"},{"@type":"ListItem","position":2,"name":"Boutique","item":"https:\/\/paracherkaoui.ma\/index.php\/boutique\/"},{"@type":"ListItem","position":3,"name":"NOVEXPERT CONTOUR DES YEUX LIFTING ECLAT 15 ML"}]},{"@type":"WebSite","@id":"https:\/\/paracherkaoui.ma\/#website","url":"https:\/\/paracherkaoui.ma\/","name":"Paracherkaoui.ma","description":"Achetez en ligne sur Paracherkaoui.ma","potentialAction":[{"@type":"SearchAction","target":{"@type":"EntryPoint","urlTemplate":"https:\/\/paracherkaoui.ma\/?s={search_term_string}"},"query-input":{"@type":"PropertyValueSpecification","valueRequired":true,"valueName":"search_term_string"}}],"inLanguage":"fr-FR"}]}},"_links":{"self":[{"href":"https:\/\/paracherkaoui.ma\/index.php\/wp-json\/wp\/v2\/product\/28908","targetHints":{"allow":["GET"]}}],"collection":[{"href":"https:\/\/paracherkaoui.ma\/index.php\/wp-json\/wp\/v2\/product"}],"about":[{"href":"https:\/\/paracherkaoui.ma\/index.php\/wp-json\/wp\/v2\/types\/product"}],"replies":[{"embeddable":true,"href":"https:\/\/paracherkaoui.ma\/index.php\/wp-json\/wp\/v2\/comments?post=28908"}],"version-history":[{"count":1,"href":"https:\/\/paracherkaoui.ma\/index.php\/wp-json\/wp\/v2\/product\/28908\/revisions"}],"predecessor-version":[{"id":28952,"href":"https:\/\/paracherkaoui.ma\/index.php\/wp-json\/wp\/v2\/product\/28908\/revisions\/28952"}],"wp:featuredmedia":[{"embeddable":true,"href":"https:\/\/paracherkaoui.ma\/index.php\/wp-json\/wp\/v2\/media\/28951"}],"wp:attachment":[{"href":"https:\/\/paracherkaoui.ma\/index.php\/wp-json\/wp\/v2\/media?parent=28908"}],"wp:term":[{"taxonomy":"product_brand","embeddable":true,"href":"https:\/\/paracherkaoui.ma\/index.php\/wp-json\/wp\/v2\/product_brand?post=28908"},{"taxonomy":"product_cat","embeddable":true,"href":"https:\/\/paracherkaoui.ma\/index.php\/wp-json\/wp\/v2\/product_cat?post=28908"},{"taxonomy":"product_tag","embeddable":true,"href":"https:\/\/paracherkaoui.ma\/index.php\/wp-json\/wp\/v2\/product_tag?post=28908"}],"curies":[{"name":"wp","href":"https:\/\/api.w.org\/{rel}","templated":true}]}}