{"id":28898,"date":"2025-12-12T18:29:51","date_gmt":"2025-12-12T17:29:51","guid":{"rendered":"https:\/\/test.ecbeaute.com\/?post_type=product&#038;p=28898"},"modified":"2025-12-12T18:29:57","modified_gmt":"2025-12-12T17:29:57","slug":"isispharma-neotone-eyes-contour-des-yeux-eclaircissant","status":"publish","type":"product","link":"https:\/\/paracherkaoui.ma\/index.php\/produit\/isispharma-neotone-eyes-contour-des-yeux-eclaircissant\/","title":{"rendered":"ISISPHARMA NEOTONE EYES CONTOUR DES YEUX ECLAIRCISSANT"},"content":{"rendered":"<p>Description:<br \/>\nSp\u00e9cifiquement d\u00e9velopp\u00e9 pour la peau sensible du contour de l\u2019\u0153il,\u00a0NEOTONE\u00a0Eyes\u00a0r\u00e9duit efficacement les cernes vasculaires (aspect bleu\/violet) et pigmentaires (aspect brun\/noir) ainsi que les poches.<br \/>\nGr\u00e2ce \u00e0 sa combinaison d\u2019actifs optimale, ce soin offre une action \u00e0 la fois \u00e9claircissante et hydratante. Sa bille roll-on associ\u00e9e \u00e0 sa texture gel-cr\u00e8me permettent un effet frais, apaisant et d\u00e9congestionnant.<br \/>\nLes + produits :<br \/>\n. Action 4 en 1 : \u00e9claircissante, anti-cernes, anti-poches, apaisante<br \/>\n. Actif anti-rides et hydratant pour redonner de l\u2019\u00e9clat au regard<br \/>\n. Effet frais et d\u00e9congestionnant gr\u00e2ce \u00e0 l\u2019application roll-oN\u00a0Extrait de licorice pur\u00a0: action \u00e9claircissante\u00a0Extrait de chlorella vulgaris\u00a0: action anti-cernes\u00a0T\u00e9trapeptide\u00a0: action anti-poches\u00a0Bisabolol\u00a0: action apaisante\u00a0Acide hyaluronique\u00a0: action hydratante et anti-rides<br \/>\nConseils d&rsquo;utilisation :<br \/>\nAppliquer quotidiennement matin et soir, sur une peau propre, sur le contour de l\u2019\u0153il par l\u00e9gers mouvements circulaires.<\/p>\n","protected":false},"excerpt":{"rendered":"<p>Description: Sp\u00e9cifiquement d\u00e9velopp\u00e9 pour la peau sensible du contour de l\u2019\u0153il,\u00a0NEOTONE\u00a0Eyes\u00a0r\u00e9duit efficacement les cernes vasculaires (aspect bleu\/violet) et pigmentaires (aspect<\/p>\n","protected":false},"featured_media":28936,"comment_status":"open","ping_status":"closed","template":"","meta":[],"product_brand":[321],"product_cat":[545],"product_tag":[],"class_list":{"0":"post-28898","1":"product","2":"type-product","3":"status-publish","4":"has-post-thumbnail","6":"product_brand-isispharma","7":"product_cat-soins-contours-yeux","9":"first","10":"instock","11":"sale","12":"shipping-taxable","13":"purchasable","14":"product-type-simple"},"yoast_head":"<!-- This site is optimized with the Yoast SEO plugin v26.6 - https:\/\/yoast.com\/wordpress\/plugins\/seo\/ -->\r\n<title>ISISPHARMA NEOTONE EYES CONTOUR DES YEUX ECLAIRCISSANT - Paracherkaoui.ma<\/title>\r\n<meta name=\"robots\" content=\"index, follow, max-snippet:-1, max-image-preview:large, max-video-preview:-1\" \/>\r\n<link rel=\"canonical\" href=\"https:\/\/paracherkaoui.ma\/index.php\/produit\/isispharma-neotone-eyes-contour-des-yeux-eclaircissant\/\" \/>\r\n<meta property=\"og:locale\" content=\"fr_FR\" \/>\r\n<meta property=\"og:type\" content=\"article\" \/>\r\n<meta property=\"og:title\" content=\"ISISPHARMA NEOTONE EYES CONTOUR DES YEUX ECLAIRCISSANT - Paracherkaoui.ma\" \/>\r\n<meta property=\"og:description\" content=\"Description: Sp\u00e9cifiquement d\u00e9velopp\u00e9 pour la peau sensible du contour de l\u2019\u0153il,\u00a0NEOTONE\u00a0Eyes\u00a0r\u00e9duit efficacement les cernes vasculaires (aspect bleu\/violet) et pigmentaires (aspect\" \/>\r\n<meta property=\"og:url\" content=\"https:\/\/paracherkaoui.ma\/index.php\/produit\/isispharma-neotone-eyes-contour-des-yeux-eclaircissant\/\" \/>\r\n<meta property=\"og:site_name\" content=\"Paracherkaoui.ma\" \/>\r\n<meta property=\"article:modified_time\" content=\"2025-12-12T17:29:57+00:00\" \/>\r\n<meta property=\"og:image\" content=\"https:\/\/paracherkaoui.ma\/wp-content\/uploads\/2025\/12\/isispharma-isispharma-neotone-eyes-contour-des-yeux-eclaircissant-yeux.jpg\" \/>\r\n\t<meta property=\"og:image:width\" content=\"700\" \/>\r\n\t<meta property=\"og:image:height\" content=\"700\" \/>\r\n\t<meta property=\"og:image:type\" content=\"image\/jpeg\" \/>\r\n<meta name=\"twitter:card\" content=\"summary_large_image\" \/>\r\n<meta name=\"twitter:label1\" content=\"Dur\u00e9e de lecture estim\u00e9e\" \/>\n\t<meta name=\"twitter:data1\" content=\"1 minute\" \/>\r\n<script type=\"application\/ld+json\" class=\"yoast-schema-graph\">{\"@context\":\"https:\/\/schema.org\",\"@graph\":[{\"@type\":\"WebPage\",\"@id\":\"https:\/\/paracherkaoui.ma\/index.php\/produit\/isispharma-neotone-eyes-contour-des-yeux-eclaircissant\/\",\"url\":\"https:\/\/paracherkaoui.ma\/index.php\/produit\/isispharma-neotone-eyes-contour-des-yeux-eclaircissant\/\",\"name\":\"ISISPHARMA NEOTONE EYES CONTOUR DES YEUX ECLAIRCISSANT - Paracherkaoui.ma\",\"isPartOf\":{\"@id\":\"https:\/\/paracherkaoui.ma\/#website\"},\"primaryImageOfPage\":{\"@id\":\"https:\/\/paracherkaoui.ma\/index.php\/produit\/isispharma-neotone-eyes-contour-des-yeux-eclaircissant\/#primaryimage\"},\"image\":{\"@id\":\"https:\/\/paracherkaoui.ma\/index.php\/produit\/isispharma-neotone-eyes-contour-des-yeux-eclaircissant\/#primaryimage\"},\"thumbnailUrl\":\"https:\/\/paracherkaoui.ma\/wp-content\/uploads\/2025\/12\/isispharma-isispharma-neotone-eyes-contour-des-yeux-eclaircissant-yeux.jpg\",\"datePublished\":\"2025-12-12T17:29:51+00:00\",\"dateModified\":\"2025-12-12T17:29:57+00:00\",\"breadcrumb\":{\"@id\":\"https:\/\/paracherkaoui.ma\/index.php\/produit\/isispharma-neotone-eyes-contour-des-yeux-eclaircissant\/#breadcrumb\"},\"inLanguage\":\"fr-FR\",\"potentialAction\":[{\"@type\":\"ReadAction\",\"target\":[\"https:\/\/paracherkaoui.ma\/index.php\/produit\/isispharma-neotone-eyes-contour-des-yeux-eclaircissant\/\"]}]},{\"@type\":\"ImageObject\",\"inLanguage\":\"fr-FR\",\"@id\":\"https:\/\/paracherkaoui.ma\/index.php\/produit\/isispharma-neotone-eyes-contour-des-yeux-eclaircissant\/#primaryimage\",\"url\":\"https:\/\/paracherkaoui.ma\/wp-content\/uploads\/2025\/12\/isispharma-isispharma-neotone-eyes-contour-des-yeux-eclaircissant-yeux.jpg\",\"contentUrl\":\"https:\/\/paracherkaoui.ma\/wp-content\/uploads\/2025\/12\/isispharma-isispharma-neotone-eyes-contour-des-yeux-eclaircissant-yeux.jpg\",\"width\":700,\"height\":700},{\"@type\":\"BreadcrumbList\",\"@id\":\"https:\/\/paracherkaoui.ma\/index.php\/produit\/isispharma-neotone-eyes-contour-des-yeux-eclaircissant\/#breadcrumb\",\"itemListElement\":[{\"@type\":\"ListItem\",\"position\":1,\"name\":\"Accueil\",\"item\":\"https:\/\/paracherkaoui.ma\/\"},{\"@type\":\"ListItem\",\"position\":2,\"name\":\"Boutique\",\"item\":\"https:\/\/paracherkaoui.ma\/index.php\/boutique\/\"},{\"@type\":\"ListItem\",\"position\":3,\"name\":\"ISISPHARMA NEOTONE EYES CONTOUR DES YEUX ECLAIRCISSANT\"}]},{\"@type\":\"WebSite\",\"@id\":\"https:\/\/paracherkaoui.ma\/#website\",\"url\":\"https:\/\/paracherkaoui.ma\/\",\"name\":\"Paracherkaoui.ma\",\"description\":\"Achetez en ligne sur Paracherkaoui.ma\",\"potentialAction\":[{\"@type\":\"SearchAction\",\"target\":{\"@type\":\"EntryPoint\",\"urlTemplate\":\"https:\/\/paracherkaoui.ma\/?s={search_term_string}\"},\"query-input\":{\"@type\":\"PropertyValueSpecification\",\"valueRequired\":true,\"valueName\":\"search_term_string\"}}],\"inLanguage\":\"fr-FR\"}]}<\/script>\r\n<!-- \/ Yoast SEO plugin. -->","yoast_head_json":{"title":"ISISPHARMA NEOTONE EYES CONTOUR DES YEUX ECLAIRCISSANT - Paracherkaoui.ma","robots":{"index":"index","follow":"follow","max-snippet":"max-snippet:-1","max-image-preview":"max-image-preview:large","max-video-preview":"max-video-preview:-1"},"canonical":"https:\/\/paracherkaoui.ma\/index.php\/produit\/isispharma-neotone-eyes-contour-des-yeux-eclaircissant\/","og_locale":"fr_FR","og_type":"article","og_title":"ISISPHARMA NEOTONE EYES CONTOUR DES YEUX ECLAIRCISSANT - Paracherkaoui.ma","og_description":"Description: Sp\u00e9cifiquement d\u00e9velopp\u00e9 pour la peau sensible du contour de l\u2019\u0153il,\u00a0NEOTONE\u00a0Eyes\u00a0r\u00e9duit efficacement les cernes vasculaires (aspect bleu\/violet) et pigmentaires (aspect","og_url":"https:\/\/paracherkaoui.ma\/index.php\/produit\/isispharma-neotone-eyes-contour-des-yeux-eclaircissant\/","og_site_name":"Paracherkaoui.ma","article_modified_time":"2025-12-12T17:29:57+00:00","og_image":[{"width":700,"height":700,"url":"https:\/\/paracherkaoui.ma\/wp-content\/uploads\/2025\/12\/isispharma-isispharma-neotone-eyes-contour-des-yeux-eclaircissant-yeux.jpg","type":"image\/jpeg"}],"twitter_card":"summary_large_image","twitter_misc":{"Dur\u00e9e de lecture estim\u00e9e":"1 minute"},"schema":{"@context":"https:\/\/schema.org","@graph":[{"@type":"WebPage","@id":"https:\/\/paracherkaoui.ma\/index.php\/produit\/isispharma-neotone-eyes-contour-des-yeux-eclaircissant\/","url":"https:\/\/paracherkaoui.ma\/index.php\/produit\/isispharma-neotone-eyes-contour-des-yeux-eclaircissant\/","name":"ISISPHARMA NEOTONE EYES CONTOUR DES YEUX ECLAIRCISSANT - Paracherkaoui.ma","isPartOf":{"@id":"https:\/\/paracherkaoui.ma\/#website"},"primaryImageOfPage":{"@id":"https:\/\/paracherkaoui.ma\/index.php\/produit\/isispharma-neotone-eyes-contour-des-yeux-eclaircissant\/#primaryimage"},"image":{"@id":"https:\/\/paracherkaoui.ma\/index.php\/produit\/isispharma-neotone-eyes-contour-des-yeux-eclaircissant\/#primaryimage"},"thumbnailUrl":"https:\/\/paracherkaoui.ma\/wp-content\/uploads\/2025\/12\/isispharma-isispharma-neotone-eyes-contour-des-yeux-eclaircissant-yeux.jpg","datePublished":"2025-12-12T17:29:51+00:00","dateModified":"2025-12-12T17:29:57+00:00","breadcrumb":{"@id":"https:\/\/paracherkaoui.ma\/index.php\/produit\/isispharma-neotone-eyes-contour-des-yeux-eclaircissant\/#breadcrumb"},"inLanguage":"fr-FR","potentialAction":[{"@type":"ReadAction","target":["https:\/\/paracherkaoui.ma\/index.php\/produit\/isispharma-neotone-eyes-contour-des-yeux-eclaircissant\/"]}]},{"@type":"ImageObject","inLanguage":"fr-FR","@id":"https:\/\/paracherkaoui.ma\/index.php\/produit\/isispharma-neotone-eyes-contour-des-yeux-eclaircissant\/#primaryimage","url":"https:\/\/paracherkaoui.ma\/wp-content\/uploads\/2025\/12\/isispharma-isispharma-neotone-eyes-contour-des-yeux-eclaircissant-yeux.jpg","contentUrl":"https:\/\/paracherkaoui.ma\/wp-content\/uploads\/2025\/12\/isispharma-isispharma-neotone-eyes-contour-des-yeux-eclaircissant-yeux.jpg","width":700,"height":700},{"@type":"BreadcrumbList","@id":"https:\/\/paracherkaoui.ma\/index.php\/produit\/isispharma-neotone-eyes-contour-des-yeux-eclaircissant\/#breadcrumb","itemListElement":[{"@type":"ListItem","position":1,"name":"Accueil","item":"https:\/\/paracherkaoui.ma\/"},{"@type":"ListItem","position":2,"name":"Boutique","item":"https:\/\/paracherkaoui.ma\/index.php\/boutique\/"},{"@type":"ListItem","position":3,"name":"ISISPHARMA NEOTONE EYES CONTOUR DES YEUX ECLAIRCISSANT"}]},{"@type":"WebSite","@id":"https:\/\/paracherkaoui.ma\/#website","url":"https:\/\/paracherkaoui.ma\/","name":"Paracherkaoui.ma","description":"Achetez en ligne sur Paracherkaoui.ma","potentialAction":[{"@type":"SearchAction","target":{"@type":"EntryPoint","urlTemplate":"https:\/\/paracherkaoui.ma\/?s={search_term_string}"},"query-input":{"@type":"PropertyValueSpecification","valueRequired":true,"valueName":"search_term_string"}}],"inLanguage":"fr-FR"}]}},"_links":{"self":[{"href":"https:\/\/paracherkaoui.ma\/index.php\/wp-json\/wp\/v2\/product\/28898","targetHints":{"allow":["GET"]}}],"collection":[{"href":"https:\/\/paracherkaoui.ma\/index.php\/wp-json\/wp\/v2\/product"}],"about":[{"href":"https:\/\/paracherkaoui.ma\/index.php\/wp-json\/wp\/v2\/types\/product"}],"replies":[{"embeddable":true,"href":"https:\/\/paracherkaoui.ma\/index.php\/wp-json\/wp\/v2\/comments?post=28898"}],"version-history":[{"count":1,"href":"https:\/\/paracherkaoui.ma\/index.php\/wp-json\/wp\/v2\/product\/28898\/revisions"}],"predecessor-version":[{"id":28937,"href":"https:\/\/paracherkaoui.ma\/index.php\/wp-json\/wp\/v2\/product\/28898\/revisions\/28937"}],"wp:featuredmedia":[{"embeddable":true,"href":"https:\/\/paracherkaoui.ma\/index.php\/wp-json\/wp\/v2\/media\/28936"}],"wp:attachment":[{"href":"https:\/\/paracherkaoui.ma\/index.php\/wp-json\/wp\/v2\/media?parent=28898"}],"wp:term":[{"taxonomy":"product_brand","embeddable":true,"href":"https:\/\/paracherkaoui.ma\/index.php\/wp-json\/wp\/v2\/product_brand?post=28898"},{"taxonomy":"product_cat","embeddable":true,"href":"https:\/\/paracherkaoui.ma\/index.php\/wp-json\/wp\/v2\/product_cat?post=28898"},{"taxonomy":"product_tag","embeddable":true,"href":"https:\/\/paracherkaoui.ma\/index.php\/wp-json\/wp\/v2\/product_tag?post=28898"}],"curies":[{"name":"wp","href":"https:\/\/api.w.org\/{rel}","templated":true}]}}