{"id":28822,"date":"2025-12-12T18:29:45","date_gmt":"2025-12-12T17:29:45","guid":{"rendered":"https:\/\/test.ecbeaute.com\/?post_type=product&#038;p=28822"},"modified":"2025-12-12T18:29:50","modified_gmt":"2025-12-12T17:29:50","slug":"laino-baume-riche-pro-intense-10ml","status":"publish","type":"product","link":"https:\/\/paracherkaoui.ma\/index.php\/produit\/laino-baume-riche-pro-intense-10ml\/","title":{"rendered":"LAINO Baume riche pro intense 10ml"},"content":{"rendered":"<p>Laino a s\u00e9lectionn\u00e9 le meilleur des actifs m\u00e9diterran\u00e9ens pour formuler le Baume Riche Pro Intense\u00a0\u00e0 destination des l\u00e8vres s\u00e8ches\u00a0\u00e0 gerc\u00e9es.<br \/>\nJour apr\u00e8s jour, vos l\u00e8vres sont apais\u00e9es et prot\u00e9g\u00e9es. Ce baume au format tube deviendra un pr\u00e9cieux alli\u00e9.<br \/>\nCONSEILS D&rsquo;UTILISATION<br \/>\nAppliquer sur les l\u00e8vres.<\/p>\n","protected":false},"excerpt":{"rendered":"<p>Laino a s\u00e9lectionn\u00e9 le meilleur des actifs m\u00e9diterran\u00e9ens pour formuler le Baume Riche Pro Intense\u00a0\u00e0 destination des l\u00e8vres s\u00e8ches\u00a0\u00e0 gerc\u00e9es.<\/p>\n","protected":false},"featured_media":28879,"comment_status":"open","ping_status":"closed","template":"","meta":[],"product_brand":[324],"product_cat":[535],"product_tag":[],"class_list":{"0":"post-28822","1":"product","2":"type-product","3":"status-publish","4":"has-post-thumbnail","6":"product_brand-laino","7":"product_cat-levres","9":"first","10":"instock","11":"sale","12":"shipping-taxable","13":"purchasable","14":"product-type-simple"},"yoast_head":"<!-- This site is optimized with the Yoast SEO plugin v26.6 - https:\/\/yoast.com\/wordpress\/plugins\/seo\/ -->\r\n<title>LAINO Baume riche pro intense 10ml - Paracherkaoui.ma<\/title>\r\n<meta name=\"robots\" content=\"index, follow, max-snippet:-1, max-image-preview:large, max-video-preview:-1\" \/>\r\n<link rel=\"canonical\" href=\"https:\/\/paracherkaoui.ma\/index.php\/produit\/laino-baume-riche-pro-intense-10ml\/\" \/>\r\n<meta property=\"og:locale\" content=\"fr_FR\" \/>\r\n<meta property=\"og:type\" content=\"article\" \/>\r\n<meta property=\"og:title\" content=\"LAINO Baume riche pro intense 10ml - Paracherkaoui.ma\" \/>\r\n<meta property=\"og:description\" content=\"Laino a s\u00e9lectionn\u00e9 le meilleur des actifs m\u00e9diterran\u00e9ens pour formuler le Baume Riche Pro Intense\u00a0\u00e0 destination des l\u00e8vres s\u00e8ches\u00a0\u00e0 gerc\u00e9es.\" \/>\r\n<meta property=\"og:url\" content=\"https:\/\/paracherkaoui.ma\/index.php\/produit\/laino-baume-riche-pro-intense-10ml\/\" \/>\r\n<meta property=\"og:site_name\" content=\"Paracherkaoui.ma\" \/>\r\n<meta property=\"article:modified_time\" content=\"2025-12-12T17:29:50+00:00\" \/>\r\n<meta property=\"og:image\" content=\"https:\/\/paracherkaoui.ma\/wp-content\/uploads\/2025\/12\/laino-laino-baume-riche-pro-intense-10ml-levres.jpg\" \/>\r\n\t<meta property=\"og:image:width\" content=\"700\" \/>\r\n\t<meta property=\"og:image:height\" content=\"700\" \/>\r\n\t<meta property=\"og:image:type\" content=\"image\/jpeg\" \/>\r\n<meta name=\"twitter:card\" content=\"summary_large_image\" \/>\r\n<script type=\"application\/ld+json\" class=\"yoast-schema-graph\">{\"@context\":\"https:\/\/schema.org\",\"@graph\":[{\"@type\":\"WebPage\",\"@id\":\"https:\/\/paracherkaoui.ma\/index.php\/produit\/laino-baume-riche-pro-intense-10ml\/\",\"url\":\"https:\/\/paracherkaoui.ma\/index.php\/produit\/laino-baume-riche-pro-intense-10ml\/\",\"name\":\"LAINO Baume riche pro intense 10ml - Paracherkaoui.ma\",\"isPartOf\":{\"@id\":\"https:\/\/paracherkaoui.ma\/#website\"},\"primaryImageOfPage\":{\"@id\":\"https:\/\/paracherkaoui.ma\/index.php\/produit\/laino-baume-riche-pro-intense-10ml\/#primaryimage\"},\"image\":{\"@id\":\"https:\/\/paracherkaoui.ma\/index.php\/produit\/laino-baume-riche-pro-intense-10ml\/#primaryimage\"},\"thumbnailUrl\":\"https:\/\/paracherkaoui.ma\/wp-content\/uploads\/2025\/12\/laino-laino-baume-riche-pro-intense-10ml-levres.jpg\",\"datePublished\":\"2025-12-12T17:29:45+00:00\",\"dateModified\":\"2025-12-12T17:29:50+00:00\",\"breadcrumb\":{\"@id\":\"https:\/\/paracherkaoui.ma\/index.php\/produit\/laino-baume-riche-pro-intense-10ml\/#breadcrumb\"},\"inLanguage\":\"fr-FR\",\"potentialAction\":[{\"@type\":\"ReadAction\",\"target\":[\"https:\/\/paracherkaoui.ma\/index.php\/produit\/laino-baume-riche-pro-intense-10ml\/\"]}]},{\"@type\":\"ImageObject\",\"inLanguage\":\"fr-FR\",\"@id\":\"https:\/\/paracherkaoui.ma\/index.php\/produit\/laino-baume-riche-pro-intense-10ml\/#primaryimage\",\"url\":\"https:\/\/paracherkaoui.ma\/wp-content\/uploads\/2025\/12\/laino-laino-baume-riche-pro-intense-10ml-levres.jpg\",\"contentUrl\":\"https:\/\/paracherkaoui.ma\/wp-content\/uploads\/2025\/12\/laino-laino-baume-riche-pro-intense-10ml-levres.jpg\",\"width\":700,\"height\":700},{\"@type\":\"BreadcrumbList\",\"@id\":\"https:\/\/paracherkaoui.ma\/index.php\/produit\/laino-baume-riche-pro-intense-10ml\/#breadcrumb\",\"itemListElement\":[{\"@type\":\"ListItem\",\"position\":1,\"name\":\"Accueil\",\"item\":\"https:\/\/paracherkaoui.ma\/\"},{\"@type\":\"ListItem\",\"position\":2,\"name\":\"Boutique\",\"item\":\"https:\/\/paracherkaoui.ma\/index.php\/boutique\/\"},{\"@type\":\"ListItem\",\"position\":3,\"name\":\"LAINO Baume riche pro intense 10ml\"}]},{\"@type\":\"WebSite\",\"@id\":\"https:\/\/paracherkaoui.ma\/#website\",\"url\":\"https:\/\/paracherkaoui.ma\/\",\"name\":\"Paracherkaoui.ma\",\"description\":\"Achetez en ligne sur Paracherkaoui.ma\",\"potentialAction\":[{\"@type\":\"SearchAction\",\"target\":{\"@type\":\"EntryPoint\",\"urlTemplate\":\"https:\/\/paracherkaoui.ma\/?s={search_term_string}\"},\"query-input\":{\"@type\":\"PropertyValueSpecification\",\"valueRequired\":true,\"valueName\":\"search_term_string\"}}],\"inLanguage\":\"fr-FR\"}]}<\/script>\r\n<!-- \/ Yoast SEO plugin. -->","yoast_head_json":{"title":"LAINO Baume riche pro intense 10ml - Paracherkaoui.ma","robots":{"index":"index","follow":"follow","max-snippet":"max-snippet:-1","max-image-preview":"max-image-preview:large","max-video-preview":"max-video-preview:-1"},"canonical":"https:\/\/paracherkaoui.ma\/index.php\/produit\/laino-baume-riche-pro-intense-10ml\/","og_locale":"fr_FR","og_type":"article","og_title":"LAINO Baume riche pro intense 10ml - Paracherkaoui.ma","og_description":"Laino a s\u00e9lectionn\u00e9 le meilleur des actifs m\u00e9diterran\u00e9ens pour formuler le Baume Riche Pro Intense\u00a0\u00e0 destination des l\u00e8vres s\u00e8ches\u00a0\u00e0 gerc\u00e9es.","og_url":"https:\/\/paracherkaoui.ma\/index.php\/produit\/laino-baume-riche-pro-intense-10ml\/","og_site_name":"Paracherkaoui.ma","article_modified_time":"2025-12-12T17:29:50+00:00","og_image":[{"width":700,"height":700,"url":"https:\/\/paracherkaoui.ma\/wp-content\/uploads\/2025\/12\/laino-laino-baume-riche-pro-intense-10ml-levres.jpg","type":"image\/jpeg"}],"twitter_card":"summary_large_image","schema":{"@context":"https:\/\/schema.org","@graph":[{"@type":"WebPage","@id":"https:\/\/paracherkaoui.ma\/index.php\/produit\/laino-baume-riche-pro-intense-10ml\/","url":"https:\/\/paracherkaoui.ma\/index.php\/produit\/laino-baume-riche-pro-intense-10ml\/","name":"LAINO Baume riche pro intense 10ml - Paracherkaoui.ma","isPartOf":{"@id":"https:\/\/paracherkaoui.ma\/#website"},"primaryImageOfPage":{"@id":"https:\/\/paracherkaoui.ma\/index.php\/produit\/laino-baume-riche-pro-intense-10ml\/#primaryimage"},"image":{"@id":"https:\/\/paracherkaoui.ma\/index.php\/produit\/laino-baume-riche-pro-intense-10ml\/#primaryimage"},"thumbnailUrl":"https:\/\/paracherkaoui.ma\/wp-content\/uploads\/2025\/12\/laino-laino-baume-riche-pro-intense-10ml-levres.jpg","datePublished":"2025-12-12T17:29:45+00:00","dateModified":"2025-12-12T17:29:50+00:00","breadcrumb":{"@id":"https:\/\/paracherkaoui.ma\/index.php\/produit\/laino-baume-riche-pro-intense-10ml\/#breadcrumb"},"inLanguage":"fr-FR","potentialAction":[{"@type":"ReadAction","target":["https:\/\/paracherkaoui.ma\/index.php\/produit\/laino-baume-riche-pro-intense-10ml\/"]}]},{"@type":"ImageObject","inLanguage":"fr-FR","@id":"https:\/\/paracherkaoui.ma\/index.php\/produit\/laino-baume-riche-pro-intense-10ml\/#primaryimage","url":"https:\/\/paracherkaoui.ma\/wp-content\/uploads\/2025\/12\/laino-laino-baume-riche-pro-intense-10ml-levres.jpg","contentUrl":"https:\/\/paracherkaoui.ma\/wp-content\/uploads\/2025\/12\/laino-laino-baume-riche-pro-intense-10ml-levres.jpg","width":700,"height":700},{"@type":"BreadcrumbList","@id":"https:\/\/paracherkaoui.ma\/index.php\/produit\/laino-baume-riche-pro-intense-10ml\/#breadcrumb","itemListElement":[{"@type":"ListItem","position":1,"name":"Accueil","item":"https:\/\/paracherkaoui.ma\/"},{"@type":"ListItem","position":2,"name":"Boutique","item":"https:\/\/paracherkaoui.ma\/index.php\/boutique\/"},{"@type":"ListItem","position":3,"name":"LAINO Baume riche pro intense 10ml"}]},{"@type":"WebSite","@id":"https:\/\/paracherkaoui.ma\/#website","url":"https:\/\/paracherkaoui.ma\/","name":"Paracherkaoui.ma","description":"Achetez en ligne sur Paracherkaoui.ma","potentialAction":[{"@type":"SearchAction","target":{"@type":"EntryPoint","urlTemplate":"https:\/\/paracherkaoui.ma\/?s={search_term_string}"},"query-input":{"@type":"PropertyValueSpecification","valueRequired":true,"valueName":"search_term_string"}}],"inLanguage":"fr-FR"}]}},"_links":{"self":[{"href":"https:\/\/paracherkaoui.ma\/index.php\/wp-json\/wp\/v2\/product\/28822","targetHints":{"allow":["GET"]}}],"collection":[{"href":"https:\/\/paracherkaoui.ma\/index.php\/wp-json\/wp\/v2\/product"}],"about":[{"href":"https:\/\/paracherkaoui.ma\/index.php\/wp-json\/wp\/v2\/types\/product"}],"replies":[{"embeddable":true,"href":"https:\/\/paracherkaoui.ma\/index.php\/wp-json\/wp\/v2\/comments?post=28822"}],"version-history":[{"count":1,"href":"https:\/\/paracherkaoui.ma\/index.php\/wp-json\/wp\/v2\/product\/28822\/revisions"}],"predecessor-version":[{"id":28880,"href":"https:\/\/paracherkaoui.ma\/index.php\/wp-json\/wp\/v2\/product\/28822\/revisions\/28880"}],"wp:featuredmedia":[{"embeddable":true,"href":"https:\/\/paracherkaoui.ma\/index.php\/wp-json\/wp\/v2\/media\/28879"}],"wp:attachment":[{"href":"https:\/\/paracherkaoui.ma\/index.php\/wp-json\/wp\/v2\/media?parent=28822"}],"wp:term":[{"taxonomy":"product_brand","embeddable":true,"href":"https:\/\/paracherkaoui.ma\/index.php\/wp-json\/wp\/v2\/product_brand?post=28822"},{"taxonomy":"product_cat","embeddable":true,"href":"https:\/\/paracherkaoui.ma\/index.php\/wp-json\/wp\/v2\/product_cat?post=28822"},{"taxonomy":"product_tag","embeddable":true,"href":"https:\/\/paracherkaoui.ma\/index.php\/wp-json\/wp\/v2\/product_tag?post=28822"}],"curies":[{"name":"wp","href":"https:\/\/api.w.org\/{rel}","templated":true}]}}