{"id":28821,"date":"2025-12-12T18:29:44","date_gmt":"2025-12-12T17:29:44","guid":{"rendered":"https:\/\/test.ecbeaute.com\/?post_type=product&#038;p=28821"},"modified":"2025-12-12T18:29:50","modified_gmt":"2025-12-12T17:29:50","slug":"weleda-skin-food-baume-levres-8-ml","status":"publish","type":"product","link":"https:\/\/paracherkaoui.ma\/index.php\/produit\/weleda-skin-food-baume-levres-8-ml\/","title":{"rendered":"WELEDA SKIN FOOD BAUME LEVRES 8 ML"},"content":{"rendered":"<p>Lorsque les l\u00e8vres s\u00e8ches et gerc\u00e9es troublent votre sourire amical, sortez le petit tube vert et appliquez le baume \u00e0 l\u00e8vres Skin Food. Notre baume \u00e0 l\u00e8vres aux extraits botaniques nourrit vos l\u00e8vres avec de l&rsquo;huile et des cires naturelles, apaisant et r\u00e9parant les l\u00e8vres s\u00e8ches et gardant votre sourire heureux.<br \/>\nAvantages<br \/>\nNourrit et prot\u00e8ge intens\u00e9ment les l\u00e8vres tr\u00e8s s\u00e8ches et gerc\u00e9es, les laissant douces et souples<br \/>\nProt\u00e8ge les l\u00e8vres du dess\u00e8chement<br \/>\nSoulagement imm\u00e9diat des l\u00e8vres gerc\u00e9es<br \/>\nForme une barri\u00e8re protectrice contre les influences ext\u00e9rieures telles que le froid et l&rsquo;air int\u00e9rieur sec<br \/>\nConvient aux personnes intol\u00e9rantes au gluten<\/p>\n","protected":false},"excerpt":{"rendered":"<p>Lorsque les l\u00e8vres s\u00e8ches et gerc\u00e9es troublent votre sourire amical, sortez le petit tube vert et appliquez le baume \u00e0<\/p>\n","protected":false},"featured_media":28877,"comment_status":"open","ping_status":"closed","template":"","meta":[],"product_brand":[313],"product_cat":[535],"product_tag":[],"class_list":{"0":"post-28821","1":"product","2":"type-product","3":"status-publish","4":"has-post-thumbnail","6":"product_brand-weleda","7":"product_cat-levres","9":"first","10":"instock","11":"shipping-taxable","12":"purchasable","13":"product-type-simple"},"yoast_head":"<!-- This site is optimized with the Yoast SEO plugin v26.6 - https:\/\/yoast.com\/wordpress\/plugins\/seo\/ -->\r\n<title>WELEDA SKIN FOOD BAUME LEVRES 8 ML - Paracherkaoui.ma<\/title>\r\n<meta name=\"robots\" content=\"index, follow, max-snippet:-1, max-image-preview:large, max-video-preview:-1\" \/>\r\n<link rel=\"canonical\" href=\"https:\/\/paracherkaoui.ma\/index.php\/produit\/weleda-skin-food-baume-levres-8-ml\/\" \/>\r\n<meta property=\"og:locale\" content=\"fr_FR\" \/>\r\n<meta property=\"og:type\" content=\"article\" \/>\r\n<meta property=\"og:title\" content=\"WELEDA SKIN FOOD BAUME LEVRES 8 ML - Paracherkaoui.ma\" \/>\r\n<meta property=\"og:description\" content=\"Lorsque les l\u00e8vres s\u00e8ches et gerc\u00e9es troublent votre sourire amical, sortez le petit tube vert et appliquez le baume \u00e0\" \/>\r\n<meta property=\"og:url\" content=\"https:\/\/paracherkaoui.ma\/index.php\/produit\/weleda-skin-food-baume-levres-8-ml\/\" \/>\r\n<meta property=\"og:site_name\" content=\"Paracherkaoui.ma\" \/>\r\n<meta property=\"article:modified_time\" content=\"2025-12-12T17:29:50+00:00\" \/>\r\n<meta property=\"og:image\" content=\"https:\/\/paracherkaoui.ma\/wp-content\/uploads\/2025\/12\/weleda-weleda-skin-food-baume-levres-8-ml-levres.jpg\" \/>\r\n\t<meta property=\"og:image:width\" content=\"700\" \/>\r\n\t<meta property=\"og:image:height\" content=\"700\" \/>\r\n\t<meta property=\"og:image:type\" content=\"image\/jpeg\" \/>\r\n<meta name=\"twitter:card\" content=\"summary_large_image\" \/>\r\n<meta name=\"twitter:label1\" content=\"Dur\u00e9e de lecture estim\u00e9e\" \/>\n\t<meta name=\"twitter:data1\" content=\"1 minute\" \/>\r\n<script type=\"application\/ld+json\" class=\"yoast-schema-graph\">{\"@context\":\"https:\/\/schema.org\",\"@graph\":[{\"@type\":\"WebPage\",\"@id\":\"https:\/\/paracherkaoui.ma\/index.php\/produit\/weleda-skin-food-baume-levres-8-ml\/\",\"url\":\"https:\/\/paracherkaoui.ma\/index.php\/produit\/weleda-skin-food-baume-levres-8-ml\/\",\"name\":\"WELEDA SKIN FOOD BAUME LEVRES 8 ML - Paracherkaoui.ma\",\"isPartOf\":{\"@id\":\"https:\/\/paracherkaoui.ma\/#website\"},\"primaryImageOfPage\":{\"@id\":\"https:\/\/paracherkaoui.ma\/index.php\/produit\/weleda-skin-food-baume-levres-8-ml\/#primaryimage\"},\"image\":{\"@id\":\"https:\/\/paracherkaoui.ma\/index.php\/produit\/weleda-skin-food-baume-levres-8-ml\/#primaryimage\"},\"thumbnailUrl\":\"https:\/\/paracherkaoui.ma\/wp-content\/uploads\/2025\/12\/weleda-weleda-skin-food-baume-levres-8-ml-levres.jpg\",\"datePublished\":\"2025-12-12T17:29:44+00:00\",\"dateModified\":\"2025-12-12T17:29:50+00:00\",\"breadcrumb\":{\"@id\":\"https:\/\/paracherkaoui.ma\/index.php\/produit\/weleda-skin-food-baume-levres-8-ml\/#breadcrumb\"},\"inLanguage\":\"fr-FR\",\"potentialAction\":[{\"@type\":\"ReadAction\",\"target\":[\"https:\/\/paracherkaoui.ma\/index.php\/produit\/weleda-skin-food-baume-levres-8-ml\/\"]}]},{\"@type\":\"ImageObject\",\"inLanguage\":\"fr-FR\",\"@id\":\"https:\/\/paracherkaoui.ma\/index.php\/produit\/weleda-skin-food-baume-levres-8-ml\/#primaryimage\",\"url\":\"https:\/\/paracherkaoui.ma\/wp-content\/uploads\/2025\/12\/weleda-weleda-skin-food-baume-levres-8-ml-levres.jpg\",\"contentUrl\":\"https:\/\/paracherkaoui.ma\/wp-content\/uploads\/2025\/12\/weleda-weleda-skin-food-baume-levres-8-ml-levres.jpg\",\"width\":700,\"height\":700},{\"@type\":\"BreadcrumbList\",\"@id\":\"https:\/\/paracherkaoui.ma\/index.php\/produit\/weleda-skin-food-baume-levres-8-ml\/#breadcrumb\",\"itemListElement\":[{\"@type\":\"ListItem\",\"position\":1,\"name\":\"Accueil\",\"item\":\"https:\/\/paracherkaoui.ma\/\"},{\"@type\":\"ListItem\",\"position\":2,\"name\":\"Boutique\",\"item\":\"https:\/\/paracherkaoui.ma\/index.php\/boutique\/\"},{\"@type\":\"ListItem\",\"position\":3,\"name\":\"WELEDA SKIN FOOD BAUME LEVRES 8 ML\"}]},{\"@type\":\"WebSite\",\"@id\":\"https:\/\/paracherkaoui.ma\/#website\",\"url\":\"https:\/\/paracherkaoui.ma\/\",\"name\":\"Paracherkaoui.ma\",\"description\":\"Achetez en ligne sur Paracherkaoui.ma\",\"potentialAction\":[{\"@type\":\"SearchAction\",\"target\":{\"@type\":\"EntryPoint\",\"urlTemplate\":\"https:\/\/paracherkaoui.ma\/?s={search_term_string}\"},\"query-input\":{\"@type\":\"PropertyValueSpecification\",\"valueRequired\":true,\"valueName\":\"search_term_string\"}}],\"inLanguage\":\"fr-FR\"}]}<\/script>\r\n<!-- \/ Yoast SEO plugin. -->","yoast_head_json":{"title":"WELEDA SKIN FOOD BAUME LEVRES 8 ML - Paracherkaoui.ma","robots":{"index":"index","follow":"follow","max-snippet":"max-snippet:-1","max-image-preview":"max-image-preview:large","max-video-preview":"max-video-preview:-1"},"canonical":"https:\/\/paracherkaoui.ma\/index.php\/produit\/weleda-skin-food-baume-levres-8-ml\/","og_locale":"fr_FR","og_type":"article","og_title":"WELEDA SKIN FOOD BAUME LEVRES 8 ML - Paracherkaoui.ma","og_description":"Lorsque les l\u00e8vres s\u00e8ches et gerc\u00e9es troublent votre sourire amical, sortez le petit tube vert et appliquez le baume \u00e0","og_url":"https:\/\/paracherkaoui.ma\/index.php\/produit\/weleda-skin-food-baume-levres-8-ml\/","og_site_name":"Paracherkaoui.ma","article_modified_time":"2025-12-12T17:29:50+00:00","og_image":[{"width":700,"height":700,"url":"https:\/\/paracherkaoui.ma\/wp-content\/uploads\/2025\/12\/weleda-weleda-skin-food-baume-levres-8-ml-levres.jpg","type":"image\/jpeg"}],"twitter_card":"summary_large_image","twitter_misc":{"Dur\u00e9e de lecture estim\u00e9e":"1 minute"},"schema":{"@context":"https:\/\/schema.org","@graph":[{"@type":"WebPage","@id":"https:\/\/paracherkaoui.ma\/index.php\/produit\/weleda-skin-food-baume-levres-8-ml\/","url":"https:\/\/paracherkaoui.ma\/index.php\/produit\/weleda-skin-food-baume-levres-8-ml\/","name":"WELEDA SKIN FOOD BAUME LEVRES 8 ML - Paracherkaoui.ma","isPartOf":{"@id":"https:\/\/paracherkaoui.ma\/#website"},"primaryImageOfPage":{"@id":"https:\/\/paracherkaoui.ma\/index.php\/produit\/weleda-skin-food-baume-levres-8-ml\/#primaryimage"},"image":{"@id":"https:\/\/paracherkaoui.ma\/index.php\/produit\/weleda-skin-food-baume-levres-8-ml\/#primaryimage"},"thumbnailUrl":"https:\/\/paracherkaoui.ma\/wp-content\/uploads\/2025\/12\/weleda-weleda-skin-food-baume-levres-8-ml-levres.jpg","datePublished":"2025-12-12T17:29:44+00:00","dateModified":"2025-12-12T17:29:50+00:00","breadcrumb":{"@id":"https:\/\/paracherkaoui.ma\/index.php\/produit\/weleda-skin-food-baume-levres-8-ml\/#breadcrumb"},"inLanguage":"fr-FR","potentialAction":[{"@type":"ReadAction","target":["https:\/\/paracherkaoui.ma\/index.php\/produit\/weleda-skin-food-baume-levres-8-ml\/"]}]},{"@type":"ImageObject","inLanguage":"fr-FR","@id":"https:\/\/paracherkaoui.ma\/index.php\/produit\/weleda-skin-food-baume-levres-8-ml\/#primaryimage","url":"https:\/\/paracherkaoui.ma\/wp-content\/uploads\/2025\/12\/weleda-weleda-skin-food-baume-levres-8-ml-levres.jpg","contentUrl":"https:\/\/paracherkaoui.ma\/wp-content\/uploads\/2025\/12\/weleda-weleda-skin-food-baume-levres-8-ml-levres.jpg","width":700,"height":700},{"@type":"BreadcrumbList","@id":"https:\/\/paracherkaoui.ma\/index.php\/produit\/weleda-skin-food-baume-levres-8-ml\/#breadcrumb","itemListElement":[{"@type":"ListItem","position":1,"name":"Accueil","item":"https:\/\/paracherkaoui.ma\/"},{"@type":"ListItem","position":2,"name":"Boutique","item":"https:\/\/paracherkaoui.ma\/index.php\/boutique\/"},{"@type":"ListItem","position":3,"name":"WELEDA SKIN FOOD BAUME LEVRES 8 ML"}]},{"@type":"WebSite","@id":"https:\/\/paracherkaoui.ma\/#website","url":"https:\/\/paracherkaoui.ma\/","name":"Paracherkaoui.ma","description":"Achetez en ligne sur Paracherkaoui.ma","potentialAction":[{"@type":"SearchAction","target":{"@type":"EntryPoint","urlTemplate":"https:\/\/paracherkaoui.ma\/?s={search_term_string}"},"query-input":{"@type":"PropertyValueSpecification","valueRequired":true,"valueName":"search_term_string"}}],"inLanguage":"fr-FR"}]}},"_links":{"self":[{"href":"https:\/\/paracherkaoui.ma\/index.php\/wp-json\/wp\/v2\/product\/28821","targetHints":{"allow":["GET"]}}],"collection":[{"href":"https:\/\/paracherkaoui.ma\/index.php\/wp-json\/wp\/v2\/product"}],"about":[{"href":"https:\/\/paracherkaoui.ma\/index.php\/wp-json\/wp\/v2\/types\/product"}],"replies":[{"embeddable":true,"href":"https:\/\/paracherkaoui.ma\/index.php\/wp-json\/wp\/v2\/comments?post=28821"}],"version-history":[{"count":1,"href":"https:\/\/paracherkaoui.ma\/index.php\/wp-json\/wp\/v2\/product\/28821\/revisions"}],"predecessor-version":[{"id":28878,"href":"https:\/\/paracherkaoui.ma\/index.php\/wp-json\/wp\/v2\/product\/28821\/revisions\/28878"}],"wp:featuredmedia":[{"embeddable":true,"href":"https:\/\/paracherkaoui.ma\/index.php\/wp-json\/wp\/v2\/media\/28877"}],"wp:attachment":[{"href":"https:\/\/paracherkaoui.ma\/index.php\/wp-json\/wp\/v2\/media?parent=28821"}],"wp:term":[{"taxonomy":"product_brand","embeddable":true,"href":"https:\/\/paracherkaoui.ma\/index.php\/wp-json\/wp\/v2\/product_brand?post=28821"},{"taxonomy":"product_cat","embeddable":true,"href":"https:\/\/paracherkaoui.ma\/index.php\/wp-json\/wp\/v2\/product_cat?post=28821"},{"taxonomy":"product_tag","embeddable":true,"href":"https:\/\/paracherkaoui.ma\/index.php\/wp-json\/wp\/v2\/product_tag?post=28821"}],"curies":[{"name":"wp","href":"https:\/\/api.w.org\/{rel}","templated":true}]}}