{"id":28810,"date":"2025-12-12T18:29:44","date_gmt":"2025-12-12T17:29:44","guid":{"rendered":"https:\/\/test.ecbeaute.com\/?post_type=product&#038;p=28810"},"modified":"2025-12-12T18:29:48","modified_gmt":"2025-12-12T17:29:48","slug":"carmex-baume-a-levres-classique-3-stick-spf-15","status":"publish","type":"product","link":"https:\/\/paracherkaoui.ma\/index.php\/produit\/carmex-baume-a-levres-classique-3-stick-spf-15\/","title":{"rendered":"CARMEX BAUME A LEVRES CLASSIQUE 3 STICK SPF 15"},"content":{"rendered":"<p>Le Carmex Baume \u00e0 L\u00e8vres Classique est l&rsquo;indispensable des soins hydratants pour vos l\u00e8vres. Ce lot de 3 tubes de 10 g est con\u00e7u pour offrir \u00e0 vos l\u00e8vres une hydratation longue dur\u00e9e, m\u00eame dans les conditions les plus extr\u00eames. Enrichi avec des ingr\u00e9dients nourrissants comme le beurre de cacao et la cire d&rsquo;abeille, il hydrate en profondeur tout en offrant un effet rafra\u00eechissant gr\u00e2ce \u00e0 son ar\u00f4me de cerise. Le baume Carmex SPF15 est parfait pour redonner \u00e0 vos l\u00e8vres leur douceur et leur souplesse naturelle, tout en les prot\u00e9geant contre les rayons de soleils, la d\u00e9shydratation et les ger\u00e7ures.<br \/>\nIl convient \u00e0 tous les types de peau et peut \u00eatre utilis\u00e9 toute l&rsquo;ann\u00e9e, qu&rsquo;il fasse chaud ou froid. Gr\u00e2ce \u00e0 sa texture non grasse et son application facile, vous pouvez l\u2019emporter partout : dans votre sac, votre trousse de maquillage ou m\u00eame sur votre bureau. Si vous avez les l\u00e8vres s\u00e8ches, gerc\u00e9es ou ab\u00eem\u00e9es, ce baume est la solution id\u00e9ale pour les r\u00e9hydrater rapidement et efficacement.<br \/>\nConseils d&rsquo;utilisation :<br \/>\nAppliquez une petite quantit\u00e9 de baume sur vos l\u00e8vres en effectuant des mouvements circulaires pour bien r\u00e9partir le produit.<\/p>\n","protected":false},"excerpt":{"rendered":"<p>Le Carmex Baume \u00e0 L\u00e8vres Classique est l&rsquo;indispensable des soins hydratants pour vos l\u00e8vres. Ce lot de 3 tubes de<\/p>\n","protected":false},"featured_media":28856,"comment_status":"open","ping_status":"closed","template":"","meta":[],"product_brand":[536],"product_cat":[535],"product_tag":[],"class_list":{"0":"post-28810","1":"product","2":"type-product","3":"status-publish","4":"has-post-thumbnail","6":"product_brand-carmex","7":"product_cat-levres","9":"first","10":"instock","11":"shipping-taxable","12":"purchasable","13":"product-type-simple"},"yoast_head":"<!-- This site is optimized with the Yoast SEO plugin v26.6 - https:\/\/yoast.com\/wordpress\/plugins\/seo\/ -->\r\n<title>CARMEX BAUME A LEVRES CLASSIQUE 3 STICK SPF 15 - Paracherkaoui.ma<\/title>\r\n<meta name=\"robots\" content=\"index, follow, max-snippet:-1, max-image-preview:large, max-video-preview:-1\" \/>\r\n<link rel=\"canonical\" href=\"https:\/\/paracherkaoui.ma\/index.php\/produit\/carmex-baume-a-levres-classique-3-stick-spf-15\/\" \/>\r\n<meta property=\"og:locale\" content=\"fr_FR\" \/>\r\n<meta property=\"og:type\" content=\"article\" \/>\r\n<meta property=\"og:title\" content=\"CARMEX BAUME A LEVRES CLASSIQUE 3 STICK SPF 15 - Paracherkaoui.ma\" \/>\r\n<meta property=\"og:description\" content=\"Le Carmex Baume \u00e0 L\u00e8vres Classique est l&rsquo;indispensable des soins hydratants pour vos l\u00e8vres. Ce lot de 3 tubes de\" \/>\r\n<meta property=\"og:url\" content=\"https:\/\/paracherkaoui.ma\/index.php\/produit\/carmex-baume-a-levres-classique-3-stick-spf-15\/\" \/>\r\n<meta property=\"og:site_name\" content=\"Paracherkaoui.ma\" \/>\r\n<meta property=\"article:modified_time\" content=\"2025-12-12T17:29:48+00:00\" \/>\r\n<meta property=\"og:image\" content=\"https:\/\/paracherkaoui.ma\/wp-content\/uploads\/2025\/12\/carmex-baume-a-levres-classique-3-stick-spf-15.jpg\" \/>\r\n\t<meta property=\"og:image:width\" content=\"700\" \/>\r\n\t<meta property=\"og:image:height\" content=\"700\" \/>\r\n\t<meta property=\"og:image:type\" content=\"image\/jpeg\" \/>\r\n<meta name=\"twitter:card\" content=\"summary_large_image\" \/>\r\n<meta name=\"twitter:label1\" content=\"Dur\u00e9e de lecture estim\u00e9e\" \/>\n\t<meta name=\"twitter:data1\" content=\"1 minute\" \/>\r\n<script type=\"application\/ld+json\" class=\"yoast-schema-graph\">{\"@context\":\"https:\/\/schema.org\",\"@graph\":[{\"@type\":\"WebPage\",\"@id\":\"https:\/\/paracherkaoui.ma\/index.php\/produit\/carmex-baume-a-levres-classique-3-stick-spf-15\/\",\"url\":\"https:\/\/paracherkaoui.ma\/index.php\/produit\/carmex-baume-a-levres-classique-3-stick-spf-15\/\",\"name\":\"CARMEX BAUME A LEVRES CLASSIQUE 3 STICK SPF 15 - Paracherkaoui.ma\",\"isPartOf\":{\"@id\":\"https:\/\/paracherkaoui.ma\/#website\"},\"primaryImageOfPage\":{\"@id\":\"https:\/\/paracherkaoui.ma\/index.php\/produit\/carmex-baume-a-levres-classique-3-stick-spf-15\/#primaryimage\"},\"image\":{\"@id\":\"https:\/\/paracherkaoui.ma\/index.php\/produit\/carmex-baume-a-levres-classique-3-stick-spf-15\/#primaryimage\"},\"thumbnailUrl\":\"https:\/\/paracherkaoui.ma\/wp-content\/uploads\/2025\/12\/carmex-baume-a-levres-classique-3-stick-spf-15.jpg\",\"datePublished\":\"2025-12-12T17:29:44+00:00\",\"dateModified\":\"2025-12-12T17:29:48+00:00\",\"breadcrumb\":{\"@id\":\"https:\/\/paracherkaoui.ma\/index.php\/produit\/carmex-baume-a-levres-classique-3-stick-spf-15\/#breadcrumb\"},\"inLanguage\":\"fr-FR\",\"potentialAction\":[{\"@type\":\"ReadAction\",\"target\":[\"https:\/\/paracherkaoui.ma\/index.php\/produit\/carmex-baume-a-levres-classique-3-stick-spf-15\/\"]}]},{\"@type\":\"ImageObject\",\"inLanguage\":\"fr-FR\",\"@id\":\"https:\/\/paracherkaoui.ma\/index.php\/produit\/carmex-baume-a-levres-classique-3-stick-spf-15\/#primaryimage\",\"url\":\"https:\/\/paracherkaoui.ma\/wp-content\/uploads\/2025\/12\/carmex-baume-a-levres-classique-3-stick-spf-15.jpg\",\"contentUrl\":\"https:\/\/paracherkaoui.ma\/wp-content\/uploads\/2025\/12\/carmex-baume-a-levres-classique-3-stick-spf-15.jpg\",\"width\":700,\"height\":700},{\"@type\":\"BreadcrumbList\",\"@id\":\"https:\/\/paracherkaoui.ma\/index.php\/produit\/carmex-baume-a-levres-classique-3-stick-spf-15\/#breadcrumb\",\"itemListElement\":[{\"@type\":\"ListItem\",\"position\":1,\"name\":\"Accueil\",\"item\":\"https:\/\/paracherkaoui.ma\/\"},{\"@type\":\"ListItem\",\"position\":2,\"name\":\"Boutique\",\"item\":\"https:\/\/paracherkaoui.ma\/index.php\/boutique\/\"},{\"@type\":\"ListItem\",\"position\":3,\"name\":\"CARMEX BAUME A LEVRES CLASSIQUE 3 STICK SPF 15\"}]},{\"@type\":\"WebSite\",\"@id\":\"https:\/\/paracherkaoui.ma\/#website\",\"url\":\"https:\/\/paracherkaoui.ma\/\",\"name\":\"Paracherkaoui.ma\",\"description\":\"Achetez en ligne sur Paracherkaoui.ma\",\"potentialAction\":[{\"@type\":\"SearchAction\",\"target\":{\"@type\":\"EntryPoint\",\"urlTemplate\":\"https:\/\/paracherkaoui.ma\/?s={search_term_string}\"},\"query-input\":{\"@type\":\"PropertyValueSpecification\",\"valueRequired\":true,\"valueName\":\"search_term_string\"}}],\"inLanguage\":\"fr-FR\"}]}<\/script>\r\n<!-- \/ Yoast SEO plugin. -->","yoast_head_json":{"title":"CARMEX BAUME A LEVRES CLASSIQUE 3 STICK SPF 15 - Paracherkaoui.ma","robots":{"index":"index","follow":"follow","max-snippet":"max-snippet:-1","max-image-preview":"max-image-preview:large","max-video-preview":"max-video-preview:-1"},"canonical":"https:\/\/paracherkaoui.ma\/index.php\/produit\/carmex-baume-a-levres-classique-3-stick-spf-15\/","og_locale":"fr_FR","og_type":"article","og_title":"CARMEX BAUME A LEVRES CLASSIQUE 3 STICK SPF 15 - Paracherkaoui.ma","og_description":"Le Carmex Baume \u00e0 L\u00e8vres Classique est l&rsquo;indispensable des soins hydratants pour vos l\u00e8vres. Ce lot de 3 tubes de","og_url":"https:\/\/paracherkaoui.ma\/index.php\/produit\/carmex-baume-a-levres-classique-3-stick-spf-15\/","og_site_name":"Paracherkaoui.ma","article_modified_time":"2025-12-12T17:29:48+00:00","og_image":[{"width":700,"height":700,"url":"https:\/\/paracherkaoui.ma\/wp-content\/uploads\/2025\/12\/carmex-baume-a-levres-classique-3-stick-spf-15.jpg","type":"image\/jpeg"}],"twitter_card":"summary_large_image","twitter_misc":{"Dur\u00e9e de lecture estim\u00e9e":"1 minute"},"schema":{"@context":"https:\/\/schema.org","@graph":[{"@type":"WebPage","@id":"https:\/\/paracherkaoui.ma\/index.php\/produit\/carmex-baume-a-levres-classique-3-stick-spf-15\/","url":"https:\/\/paracherkaoui.ma\/index.php\/produit\/carmex-baume-a-levres-classique-3-stick-spf-15\/","name":"CARMEX BAUME A LEVRES CLASSIQUE 3 STICK SPF 15 - Paracherkaoui.ma","isPartOf":{"@id":"https:\/\/paracherkaoui.ma\/#website"},"primaryImageOfPage":{"@id":"https:\/\/paracherkaoui.ma\/index.php\/produit\/carmex-baume-a-levres-classique-3-stick-spf-15\/#primaryimage"},"image":{"@id":"https:\/\/paracherkaoui.ma\/index.php\/produit\/carmex-baume-a-levres-classique-3-stick-spf-15\/#primaryimage"},"thumbnailUrl":"https:\/\/paracherkaoui.ma\/wp-content\/uploads\/2025\/12\/carmex-baume-a-levres-classique-3-stick-spf-15.jpg","datePublished":"2025-12-12T17:29:44+00:00","dateModified":"2025-12-12T17:29:48+00:00","breadcrumb":{"@id":"https:\/\/paracherkaoui.ma\/index.php\/produit\/carmex-baume-a-levres-classique-3-stick-spf-15\/#breadcrumb"},"inLanguage":"fr-FR","potentialAction":[{"@type":"ReadAction","target":["https:\/\/paracherkaoui.ma\/index.php\/produit\/carmex-baume-a-levres-classique-3-stick-spf-15\/"]}]},{"@type":"ImageObject","inLanguage":"fr-FR","@id":"https:\/\/paracherkaoui.ma\/index.php\/produit\/carmex-baume-a-levres-classique-3-stick-spf-15\/#primaryimage","url":"https:\/\/paracherkaoui.ma\/wp-content\/uploads\/2025\/12\/carmex-baume-a-levres-classique-3-stick-spf-15.jpg","contentUrl":"https:\/\/paracherkaoui.ma\/wp-content\/uploads\/2025\/12\/carmex-baume-a-levres-classique-3-stick-spf-15.jpg","width":700,"height":700},{"@type":"BreadcrumbList","@id":"https:\/\/paracherkaoui.ma\/index.php\/produit\/carmex-baume-a-levres-classique-3-stick-spf-15\/#breadcrumb","itemListElement":[{"@type":"ListItem","position":1,"name":"Accueil","item":"https:\/\/paracherkaoui.ma\/"},{"@type":"ListItem","position":2,"name":"Boutique","item":"https:\/\/paracherkaoui.ma\/index.php\/boutique\/"},{"@type":"ListItem","position":3,"name":"CARMEX BAUME A LEVRES CLASSIQUE 3 STICK SPF 15"}]},{"@type":"WebSite","@id":"https:\/\/paracherkaoui.ma\/#website","url":"https:\/\/paracherkaoui.ma\/","name":"Paracherkaoui.ma","description":"Achetez en ligne sur Paracherkaoui.ma","potentialAction":[{"@type":"SearchAction","target":{"@type":"EntryPoint","urlTemplate":"https:\/\/paracherkaoui.ma\/?s={search_term_string}"},"query-input":{"@type":"PropertyValueSpecification","valueRequired":true,"valueName":"search_term_string"}}],"inLanguage":"fr-FR"}]}},"_links":{"self":[{"href":"https:\/\/paracherkaoui.ma\/index.php\/wp-json\/wp\/v2\/product\/28810","targetHints":{"allow":["GET"]}}],"collection":[{"href":"https:\/\/paracherkaoui.ma\/index.php\/wp-json\/wp\/v2\/product"}],"about":[{"href":"https:\/\/paracherkaoui.ma\/index.php\/wp-json\/wp\/v2\/types\/product"}],"replies":[{"embeddable":true,"href":"https:\/\/paracherkaoui.ma\/index.php\/wp-json\/wp\/v2\/comments?post=28810"}],"version-history":[{"count":1,"href":"https:\/\/paracherkaoui.ma\/index.php\/wp-json\/wp\/v2\/product\/28810\/revisions"}],"predecessor-version":[{"id":28857,"href":"https:\/\/paracherkaoui.ma\/index.php\/wp-json\/wp\/v2\/product\/28810\/revisions\/28857"}],"wp:featuredmedia":[{"embeddable":true,"href":"https:\/\/paracherkaoui.ma\/index.php\/wp-json\/wp\/v2\/media\/28856"}],"wp:attachment":[{"href":"https:\/\/paracherkaoui.ma\/index.php\/wp-json\/wp\/v2\/media?parent=28810"}],"wp:term":[{"taxonomy":"product_brand","embeddable":true,"href":"https:\/\/paracherkaoui.ma\/index.php\/wp-json\/wp\/v2\/product_brand?post=28810"},{"taxonomy":"product_cat","embeddable":true,"href":"https:\/\/paracherkaoui.ma\/index.php\/wp-json\/wp\/v2\/product_cat?post=28810"},{"taxonomy":"product_tag","embeddable":true,"href":"https:\/\/paracherkaoui.ma\/index.php\/wp-json\/wp\/v2\/product_tag?post=28810"}],"curies":[{"name":"wp","href":"https:\/\/api.w.org\/{rel}","templated":true}]}}