{"id":28800,"date":"2025-12-12T18:29:43","date_gmt":"2025-12-12T17:29:43","guid":{"rendered":"https:\/\/test.ecbeaute.com\/?post_type=product&#038;p=28800"},"modified":"2025-12-12T18:29:46","modified_gmt":"2025-12-12T17:29:46","slug":"biarritz-almagaris-baume-a-levres-spf-30-15ml","status":"publish","type":"product","link":"https:\/\/paracherkaoui.ma\/index.php\/produit\/biarritz-almagaris-baume-a-levres-spf-30-15ml\/","title":{"rendered":"BIARRITZ ALMAGARIS BAUME A LEVRES SPF 30 15ML"},"content":{"rendered":"<p>Description:<br \/>\nLe\u00a0Baume \u00e0 L\u00e8vres SPF 30\u00a0Laboratoires de Biarritz prot\u00e8ge\u00a0vos l\u00e8vres des agressions des UV\u00a0gr\u00e2ce \u00e0 son \u00e9cran min\u00e9ral naturel.\u00a0Son principe actif Alga-Gorria\u00ae \u00e0 base d&rsquo;algue rouge de la C\u00f4te Basque aux vertus antioxydantes et protectrices contribue \u00e0 pr\u00e9venir les dommages cutan\u00e9s dus \u00e0 l&rsquo;exposition au soleil en neutralisant les radicaux libres.\u00a0L&rsquo;huile de coco apporte confort, souplesse, hydratation et protection \u00e0 vos l\u00e8vres. Une texture riche qui nourrit et prot\u00e8ge vos l\u00e8vres de la d\u00e9shydratation.<br \/>\nConseils d&rsquo;utilisation:<br \/>\nAppliquez sur vos l\u00e8vres avant toute exposition au soleil. Renouvelez r\u00e9guli\u00e8rement l&rsquo;application.<\/p>\n","protected":false},"excerpt":{"rendered":"<p>Description: Le\u00a0Baume \u00e0 L\u00e8vres SPF 30\u00a0Laboratoires de Biarritz prot\u00e8ge\u00a0vos l\u00e8vres des agressions des UV\u00a0gr\u00e2ce \u00e0 son \u00e9cran min\u00e9ral naturel.\u00a0Son principe<\/p>\n","protected":false},"featured_media":28837,"comment_status":"open","ping_status":"closed","template":"","meta":[],"product_brand":[295],"product_cat":[535],"product_tag":[],"class_list":{"0":"post-28800","1":"product","2":"type-product","3":"status-publish","4":"has-post-thumbnail","6":"product_brand-biarritz","7":"product_cat-levres","9":"first","10":"instock","11":"shipping-taxable","12":"purchasable","13":"product-type-simple"},"yoast_head":"<!-- This site is optimized with the Yoast SEO plugin v26.6 - https:\/\/yoast.com\/wordpress\/plugins\/seo\/ -->\r\n<title>BIARRITZ ALMAGARIS BAUME A LEVRES SPF 30 15ML - Paracherkaoui.ma<\/title>\r\n<meta name=\"robots\" content=\"index, follow, max-snippet:-1, max-image-preview:large, max-video-preview:-1\" \/>\r\n<link rel=\"canonical\" href=\"https:\/\/paracherkaoui.ma\/index.php\/produit\/biarritz-almagaris-baume-a-levres-spf-30-15ml\/\" \/>\r\n<meta property=\"og:locale\" content=\"fr_FR\" \/>\r\n<meta property=\"og:type\" content=\"article\" \/>\r\n<meta property=\"og:title\" content=\"BIARRITZ ALMAGARIS BAUME A LEVRES SPF 30 15ML - Paracherkaoui.ma\" \/>\r\n<meta property=\"og:description\" content=\"Description: Le\u00a0Baume \u00e0 L\u00e8vres SPF 30\u00a0Laboratoires de Biarritz prot\u00e8ge\u00a0vos l\u00e8vres des agressions des UV\u00a0gr\u00e2ce \u00e0 son \u00e9cran min\u00e9ral naturel.\u00a0Son principe\" \/>\r\n<meta property=\"og:url\" content=\"https:\/\/paracherkaoui.ma\/index.php\/produit\/biarritz-almagaris-baume-a-levres-spf-30-15ml\/\" \/>\r\n<meta property=\"og:site_name\" content=\"Paracherkaoui.ma\" \/>\r\n<meta property=\"article:modified_time\" content=\"2025-12-12T17:29:46+00:00\" \/>\r\n<meta property=\"og:image\" content=\"https:\/\/paracherkaoui.ma\/wp-content\/uploads\/2025\/12\/biarritz-almagaris-baume-a-levres-spf-30-15ml.jpg\" \/>\r\n\t<meta property=\"og:image:width\" content=\"700\" \/>\r\n\t<meta property=\"og:image:height\" content=\"700\" \/>\r\n\t<meta property=\"og:image:type\" content=\"image\/jpeg\" \/>\r\n<meta name=\"twitter:card\" content=\"summary_large_image\" \/>\r\n<meta name=\"twitter:label1\" content=\"Dur\u00e9e de lecture estim\u00e9e\" \/>\n\t<meta name=\"twitter:data1\" content=\"1 minute\" \/>\r\n<script type=\"application\/ld+json\" class=\"yoast-schema-graph\">{\"@context\":\"https:\/\/schema.org\",\"@graph\":[{\"@type\":\"WebPage\",\"@id\":\"https:\/\/paracherkaoui.ma\/index.php\/produit\/biarritz-almagaris-baume-a-levres-spf-30-15ml\/\",\"url\":\"https:\/\/paracherkaoui.ma\/index.php\/produit\/biarritz-almagaris-baume-a-levres-spf-30-15ml\/\",\"name\":\"BIARRITZ ALMAGARIS BAUME A LEVRES SPF 30 15ML - Paracherkaoui.ma\",\"isPartOf\":{\"@id\":\"https:\/\/paracherkaoui.ma\/#website\"},\"primaryImageOfPage\":{\"@id\":\"https:\/\/paracherkaoui.ma\/index.php\/produit\/biarritz-almagaris-baume-a-levres-spf-30-15ml\/#primaryimage\"},\"image\":{\"@id\":\"https:\/\/paracherkaoui.ma\/index.php\/produit\/biarritz-almagaris-baume-a-levres-spf-30-15ml\/#primaryimage\"},\"thumbnailUrl\":\"https:\/\/paracherkaoui.ma\/wp-content\/uploads\/2025\/12\/biarritz-almagaris-baume-a-levres-spf-30-15ml.jpg\",\"datePublished\":\"2025-12-12T17:29:43+00:00\",\"dateModified\":\"2025-12-12T17:29:46+00:00\",\"breadcrumb\":{\"@id\":\"https:\/\/paracherkaoui.ma\/index.php\/produit\/biarritz-almagaris-baume-a-levres-spf-30-15ml\/#breadcrumb\"},\"inLanguage\":\"fr-FR\",\"potentialAction\":[{\"@type\":\"ReadAction\",\"target\":[\"https:\/\/paracherkaoui.ma\/index.php\/produit\/biarritz-almagaris-baume-a-levres-spf-30-15ml\/\"]}]},{\"@type\":\"ImageObject\",\"inLanguage\":\"fr-FR\",\"@id\":\"https:\/\/paracherkaoui.ma\/index.php\/produit\/biarritz-almagaris-baume-a-levres-spf-30-15ml\/#primaryimage\",\"url\":\"https:\/\/paracherkaoui.ma\/wp-content\/uploads\/2025\/12\/biarritz-almagaris-baume-a-levres-spf-30-15ml.jpg\",\"contentUrl\":\"https:\/\/paracherkaoui.ma\/wp-content\/uploads\/2025\/12\/biarritz-almagaris-baume-a-levres-spf-30-15ml.jpg\",\"width\":700,\"height\":700},{\"@type\":\"BreadcrumbList\",\"@id\":\"https:\/\/paracherkaoui.ma\/index.php\/produit\/biarritz-almagaris-baume-a-levres-spf-30-15ml\/#breadcrumb\",\"itemListElement\":[{\"@type\":\"ListItem\",\"position\":1,\"name\":\"Accueil\",\"item\":\"https:\/\/paracherkaoui.ma\/\"},{\"@type\":\"ListItem\",\"position\":2,\"name\":\"Boutique\",\"item\":\"https:\/\/paracherkaoui.ma\/index.php\/boutique\/\"},{\"@type\":\"ListItem\",\"position\":3,\"name\":\"BIARRITZ ALMAGARIS BAUME A LEVRES SPF 30 15ML\"}]},{\"@type\":\"WebSite\",\"@id\":\"https:\/\/paracherkaoui.ma\/#website\",\"url\":\"https:\/\/paracherkaoui.ma\/\",\"name\":\"Paracherkaoui.ma\",\"description\":\"Achetez en ligne sur Paracherkaoui.ma\",\"potentialAction\":[{\"@type\":\"SearchAction\",\"target\":{\"@type\":\"EntryPoint\",\"urlTemplate\":\"https:\/\/paracherkaoui.ma\/?s={search_term_string}\"},\"query-input\":{\"@type\":\"PropertyValueSpecification\",\"valueRequired\":true,\"valueName\":\"search_term_string\"}}],\"inLanguage\":\"fr-FR\"}]}<\/script>\r\n<!-- \/ Yoast SEO plugin. -->","yoast_head_json":{"title":"BIARRITZ ALMAGARIS BAUME A LEVRES SPF 30 15ML - Paracherkaoui.ma","robots":{"index":"index","follow":"follow","max-snippet":"max-snippet:-1","max-image-preview":"max-image-preview:large","max-video-preview":"max-video-preview:-1"},"canonical":"https:\/\/paracherkaoui.ma\/index.php\/produit\/biarritz-almagaris-baume-a-levres-spf-30-15ml\/","og_locale":"fr_FR","og_type":"article","og_title":"BIARRITZ ALMAGARIS BAUME A LEVRES SPF 30 15ML - Paracherkaoui.ma","og_description":"Description: Le\u00a0Baume \u00e0 L\u00e8vres SPF 30\u00a0Laboratoires de Biarritz prot\u00e8ge\u00a0vos l\u00e8vres des agressions des UV\u00a0gr\u00e2ce \u00e0 son \u00e9cran min\u00e9ral naturel.\u00a0Son principe","og_url":"https:\/\/paracherkaoui.ma\/index.php\/produit\/biarritz-almagaris-baume-a-levres-spf-30-15ml\/","og_site_name":"Paracherkaoui.ma","article_modified_time":"2025-12-12T17:29:46+00:00","og_image":[{"width":700,"height":700,"url":"https:\/\/paracherkaoui.ma\/wp-content\/uploads\/2025\/12\/biarritz-almagaris-baume-a-levres-spf-30-15ml.jpg","type":"image\/jpeg"}],"twitter_card":"summary_large_image","twitter_misc":{"Dur\u00e9e de lecture estim\u00e9e":"1 minute"},"schema":{"@context":"https:\/\/schema.org","@graph":[{"@type":"WebPage","@id":"https:\/\/paracherkaoui.ma\/index.php\/produit\/biarritz-almagaris-baume-a-levres-spf-30-15ml\/","url":"https:\/\/paracherkaoui.ma\/index.php\/produit\/biarritz-almagaris-baume-a-levres-spf-30-15ml\/","name":"BIARRITZ ALMAGARIS BAUME A LEVRES SPF 30 15ML - Paracherkaoui.ma","isPartOf":{"@id":"https:\/\/paracherkaoui.ma\/#website"},"primaryImageOfPage":{"@id":"https:\/\/paracherkaoui.ma\/index.php\/produit\/biarritz-almagaris-baume-a-levres-spf-30-15ml\/#primaryimage"},"image":{"@id":"https:\/\/paracherkaoui.ma\/index.php\/produit\/biarritz-almagaris-baume-a-levres-spf-30-15ml\/#primaryimage"},"thumbnailUrl":"https:\/\/paracherkaoui.ma\/wp-content\/uploads\/2025\/12\/biarritz-almagaris-baume-a-levres-spf-30-15ml.jpg","datePublished":"2025-12-12T17:29:43+00:00","dateModified":"2025-12-12T17:29:46+00:00","breadcrumb":{"@id":"https:\/\/paracherkaoui.ma\/index.php\/produit\/biarritz-almagaris-baume-a-levres-spf-30-15ml\/#breadcrumb"},"inLanguage":"fr-FR","potentialAction":[{"@type":"ReadAction","target":["https:\/\/paracherkaoui.ma\/index.php\/produit\/biarritz-almagaris-baume-a-levres-spf-30-15ml\/"]}]},{"@type":"ImageObject","inLanguage":"fr-FR","@id":"https:\/\/paracherkaoui.ma\/index.php\/produit\/biarritz-almagaris-baume-a-levres-spf-30-15ml\/#primaryimage","url":"https:\/\/paracherkaoui.ma\/wp-content\/uploads\/2025\/12\/biarritz-almagaris-baume-a-levres-spf-30-15ml.jpg","contentUrl":"https:\/\/paracherkaoui.ma\/wp-content\/uploads\/2025\/12\/biarritz-almagaris-baume-a-levres-spf-30-15ml.jpg","width":700,"height":700},{"@type":"BreadcrumbList","@id":"https:\/\/paracherkaoui.ma\/index.php\/produit\/biarritz-almagaris-baume-a-levres-spf-30-15ml\/#breadcrumb","itemListElement":[{"@type":"ListItem","position":1,"name":"Accueil","item":"https:\/\/paracherkaoui.ma\/"},{"@type":"ListItem","position":2,"name":"Boutique","item":"https:\/\/paracherkaoui.ma\/index.php\/boutique\/"},{"@type":"ListItem","position":3,"name":"BIARRITZ ALMAGARIS BAUME A LEVRES SPF 30 15ML"}]},{"@type":"WebSite","@id":"https:\/\/paracherkaoui.ma\/#website","url":"https:\/\/paracherkaoui.ma\/","name":"Paracherkaoui.ma","description":"Achetez en ligne sur Paracherkaoui.ma","potentialAction":[{"@type":"SearchAction","target":{"@type":"EntryPoint","urlTemplate":"https:\/\/paracherkaoui.ma\/?s={search_term_string}"},"query-input":{"@type":"PropertyValueSpecification","valueRequired":true,"valueName":"search_term_string"}}],"inLanguage":"fr-FR"}]}},"_links":{"self":[{"href":"https:\/\/paracherkaoui.ma\/index.php\/wp-json\/wp\/v2\/product\/28800","targetHints":{"allow":["GET"]}}],"collection":[{"href":"https:\/\/paracherkaoui.ma\/index.php\/wp-json\/wp\/v2\/product"}],"about":[{"href":"https:\/\/paracherkaoui.ma\/index.php\/wp-json\/wp\/v2\/types\/product"}],"replies":[{"embeddable":true,"href":"https:\/\/paracherkaoui.ma\/index.php\/wp-json\/wp\/v2\/comments?post=28800"}],"version-history":[{"count":1,"href":"https:\/\/paracherkaoui.ma\/index.php\/wp-json\/wp\/v2\/product\/28800\/revisions"}],"predecessor-version":[{"id":28838,"href":"https:\/\/paracherkaoui.ma\/index.php\/wp-json\/wp\/v2\/product\/28800\/revisions\/28838"}],"wp:featuredmedia":[{"embeddable":true,"href":"https:\/\/paracherkaoui.ma\/index.php\/wp-json\/wp\/v2\/media\/28837"}],"wp:attachment":[{"href":"https:\/\/paracherkaoui.ma\/index.php\/wp-json\/wp\/v2\/media?parent=28800"}],"wp:term":[{"taxonomy":"product_brand","embeddable":true,"href":"https:\/\/paracherkaoui.ma\/index.php\/wp-json\/wp\/v2\/product_brand?post=28800"},{"taxonomy":"product_cat","embeddable":true,"href":"https:\/\/paracherkaoui.ma\/index.php\/wp-json\/wp\/v2\/product_cat?post=28800"},{"taxonomy":"product_tag","embeddable":true,"href":"https:\/\/paracherkaoui.ma\/index.php\/wp-json\/wp\/v2\/product_tag?post=28800"}],"curies":[{"name":"wp","href":"https:\/\/api.w.org\/{rel}","templated":true}]}}