{"id":28796,"date":"2025-12-12T18:29:43","date_gmt":"2025-12-12T17:29:43","guid":{"rendered":"https:\/\/test.ecbeaute.com\/?post_type=product&#038;p=28796"},"modified":"2025-12-12T18:29:45","modified_gmt":"2025-12-12T17:29:45","slug":"nuxe-reve-de-miel-soin-levres-au-miel-10-ml","status":"publish","type":"product","link":"https:\/\/paracherkaoui.ma\/index.php\/produit\/nuxe-reve-de-miel-soin-levres-au-miel-10-ml\/","title":{"rendered":"NUXE REVE DE MIEL SOIN LEVRES AU MIEL 10 ML"},"content":{"rendered":"<p>Sublimez vos l\u00e8vres d&rsquo;un Soin satin\u00e9 au Miel. Craquez pour sa formule qui sublime les l\u00e8vres sans effet collant. La douceur de sa texture et son parfum gourmand aux notes de Miel en font un geste totalement addictif.<br \/>\nSon + : Son capot en bois unique, en forme de cuill\u00e8re \u00e0 Miel.<br \/>\nConseils d&rsquo;utilisation:<br \/>\nAppliquez le produit sur vos l\u00e8vres \u00e0 l&rsquo;aide de son applicateur. Renouveler l&rsquo;application autant que n\u00e9cessaire tout au long de la journ\u00e9e.<\/p>\n","protected":false},"excerpt":{"rendered":"<p>Sublimez vos l\u00e8vres d&rsquo;un Soin satin\u00e9 au Miel. Craquez pour sa formule qui sublime les l\u00e8vres sans effet collant. La<\/p>\n","protected":false},"featured_media":28829,"comment_status":"open","ping_status":"closed","template":"","meta":[],"product_brand":[230],"product_cat":[535],"product_tag":[],"class_list":{"0":"post-28796","1":"product","2":"type-product","3":"status-publish","4":"has-post-thumbnail","6":"product_brand-nuxe","7":"product_cat-levres","9":"first","10":"instock","11":"sale","12":"shipping-taxable","13":"purchasable","14":"product-type-simple"},"yoast_head":"<!-- This site is optimized with the Yoast SEO plugin v26.6 - https:\/\/yoast.com\/wordpress\/plugins\/seo\/ -->\r\n<title>NUXE REVE DE MIEL SOIN LEVRES AU MIEL 10 ML - Paracherkaoui.ma<\/title>\r\n<meta name=\"robots\" content=\"index, follow, max-snippet:-1, max-image-preview:large, max-video-preview:-1\" \/>\r\n<link rel=\"canonical\" href=\"https:\/\/paracherkaoui.ma\/index.php\/produit\/nuxe-reve-de-miel-soin-levres-au-miel-10-ml\/\" \/>\r\n<meta property=\"og:locale\" content=\"fr_FR\" \/>\r\n<meta property=\"og:type\" content=\"article\" \/>\r\n<meta property=\"og:title\" content=\"NUXE REVE DE MIEL SOIN LEVRES AU MIEL 10 ML - Paracherkaoui.ma\" \/>\r\n<meta property=\"og:description\" content=\"Sublimez vos l\u00e8vres d&rsquo;un Soin satin\u00e9 au Miel. Craquez pour sa formule qui sublime les l\u00e8vres sans effet collant. La\" \/>\r\n<meta property=\"og:url\" content=\"https:\/\/paracherkaoui.ma\/index.php\/produit\/nuxe-reve-de-miel-soin-levres-au-miel-10-ml\/\" \/>\r\n<meta property=\"og:site_name\" content=\"Paracherkaoui.ma\" \/>\r\n<meta property=\"article:modified_time\" content=\"2025-12-12T17:29:45+00:00\" \/>\r\n<meta property=\"og:image\" content=\"https:\/\/paracherkaoui.ma\/wp-content\/uploads\/2025\/12\/nuxe-nuxe-reve-de-miel-soin-levres-au-miel-10-ml-levres.jpg\" \/>\r\n\t<meta property=\"og:image:width\" content=\"700\" \/>\r\n\t<meta property=\"og:image:height\" content=\"700\" \/>\r\n\t<meta property=\"og:image:type\" content=\"image\/jpeg\" \/>\r\n<meta name=\"twitter:card\" content=\"summary_large_image\" \/>\r\n<script type=\"application\/ld+json\" class=\"yoast-schema-graph\">{\"@context\":\"https:\/\/schema.org\",\"@graph\":[{\"@type\":\"WebPage\",\"@id\":\"https:\/\/paracherkaoui.ma\/index.php\/produit\/nuxe-reve-de-miel-soin-levres-au-miel-10-ml\/\",\"url\":\"https:\/\/paracherkaoui.ma\/index.php\/produit\/nuxe-reve-de-miel-soin-levres-au-miel-10-ml\/\",\"name\":\"NUXE REVE DE MIEL SOIN LEVRES AU MIEL 10 ML - Paracherkaoui.ma\",\"isPartOf\":{\"@id\":\"https:\/\/paracherkaoui.ma\/#website\"},\"primaryImageOfPage\":{\"@id\":\"https:\/\/paracherkaoui.ma\/index.php\/produit\/nuxe-reve-de-miel-soin-levres-au-miel-10-ml\/#primaryimage\"},\"image\":{\"@id\":\"https:\/\/paracherkaoui.ma\/index.php\/produit\/nuxe-reve-de-miel-soin-levres-au-miel-10-ml\/#primaryimage\"},\"thumbnailUrl\":\"https:\/\/paracherkaoui.ma\/wp-content\/uploads\/2025\/12\/nuxe-nuxe-reve-de-miel-soin-levres-au-miel-10-ml-levres.jpg\",\"datePublished\":\"2025-12-12T17:29:43+00:00\",\"dateModified\":\"2025-12-12T17:29:45+00:00\",\"breadcrumb\":{\"@id\":\"https:\/\/paracherkaoui.ma\/index.php\/produit\/nuxe-reve-de-miel-soin-levres-au-miel-10-ml\/#breadcrumb\"},\"inLanguage\":\"fr-FR\",\"potentialAction\":[{\"@type\":\"ReadAction\",\"target\":[\"https:\/\/paracherkaoui.ma\/index.php\/produit\/nuxe-reve-de-miel-soin-levres-au-miel-10-ml\/\"]}]},{\"@type\":\"ImageObject\",\"inLanguage\":\"fr-FR\",\"@id\":\"https:\/\/paracherkaoui.ma\/index.php\/produit\/nuxe-reve-de-miel-soin-levres-au-miel-10-ml\/#primaryimage\",\"url\":\"https:\/\/paracherkaoui.ma\/wp-content\/uploads\/2025\/12\/nuxe-nuxe-reve-de-miel-soin-levres-au-miel-10-ml-levres.jpg\",\"contentUrl\":\"https:\/\/paracherkaoui.ma\/wp-content\/uploads\/2025\/12\/nuxe-nuxe-reve-de-miel-soin-levres-au-miel-10-ml-levres.jpg\",\"width\":700,\"height\":700},{\"@type\":\"BreadcrumbList\",\"@id\":\"https:\/\/paracherkaoui.ma\/index.php\/produit\/nuxe-reve-de-miel-soin-levres-au-miel-10-ml\/#breadcrumb\",\"itemListElement\":[{\"@type\":\"ListItem\",\"position\":1,\"name\":\"Accueil\",\"item\":\"https:\/\/paracherkaoui.ma\/\"},{\"@type\":\"ListItem\",\"position\":2,\"name\":\"Boutique\",\"item\":\"https:\/\/paracherkaoui.ma\/index.php\/boutique\/\"},{\"@type\":\"ListItem\",\"position\":3,\"name\":\"NUXE REVE DE MIEL SOIN LEVRES AU MIEL 10 ML\"}]},{\"@type\":\"WebSite\",\"@id\":\"https:\/\/paracherkaoui.ma\/#website\",\"url\":\"https:\/\/paracherkaoui.ma\/\",\"name\":\"Paracherkaoui.ma\",\"description\":\"Achetez en ligne sur Paracherkaoui.ma\",\"potentialAction\":[{\"@type\":\"SearchAction\",\"target\":{\"@type\":\"EntryPoint\",\"urlTemplate\":\"https:\/\/paracherkaoui.ma\/?s={search_term_string}\"},\"query-input\":{\"@type\":\"PropertyValueSpecification\",\"valueRequired\":true,\"valueName\":\"search_term_string\"}}],\"inLanguage\":\"fr-FR\"}]}<\/script>\r\n<!-- \/ Yoast SEO plugin. -->","yoast_head_json":{"title":"NUXE REVE DE MIEL SOIN LEVRES AU MIEL 10 ML - Paracherkaoui.ma","robots":{"index":"index","follow":"follow","max-snippet":"max-snippet:-1","max-image-preview":"max-image-preview:large","max-video-preview":"max-video-preview:-1"},"canonical":"https:\/\/paracherkaoui.ma\/index.php\/produit\/nuxe-reve-de-miel-soin-levres-au-miel-10-ml\/","og_locale":"fr_FR","og_type":"article","og_title":"NUXE REVE DE MIEL SOIN LEVRES AU MIEL 10 ML - Paracherkaoui.ma","og_description":"Sublimez vos l\u00e8vres d&rsquo;un Soin satin\u00e9 au Miel. Craquez pour sa formule qui sublime les l\u00e8vres sans effet collant. La","og_url":"https:\/\/paracherkaoui.ma\/index.php\/produit\/nuxe-reve-de-miel-soin-levres-au-miel-10-ml\/","og_site_name":"Paracherkaoui.ma","article_modified_time":"2025-12-12T17:29:45+00:00","og_image":[{"width":700,"height":700,"url":"https:\/\/paracherkaoui.ma\/wp-content\/uploads\/2025\/12\/nuxe-nuxe-reve-de-miel-soin-levres-au-miel-10-ml-levres.jpg","type":"image\/jpeg"}],"twitter_card":"summary_large_image","schema":{"@context":"https:\/\/schema.org","@graph":[{"@type":"WebPage","@id":"https:\/\/paracherkaoui.ma\/index.php\/produit\/nuxe-reve-de-miel-soin-levres-au-miel-10-ml\/","url":"https:\/\/paracherkaoui.ma\/index.php\/produit\/nuxe-reve-de-miel-soin-levres-au-miel-10-ml\/","name":"NUXE REVE DE MIEL SOIN LEVRES AU MIEL 10 ML - Paracherkaoui.ma","isPartOf":{"@id":"https:\/\/paracherkaoui.ma\/#website"},"primaryImageOfPage":{"@id":"https:\/\/paracherkaoui.ma\/index.php\/produit\/nuxe-reve-de-miel-soin-levres-au-miel-10-ml\/#primaryimage"},"image":{"@id":"https:\/\/paracherkaoui.ma\/index.php\/produit\/nuxe-reve-de-miel-soin-levres-au-miel-10-ml\/#primaryimage"},"thumbnailUrl":"https:\/\/paracherkaoui.ma\/wp-content\/uploads\/2025\/12\/nuxe-nuxe-reve-de-miel-soin-levres-au-miel-10-ml-levres.jpg","datePublished":"2025-12-12T17:29:43+00:00","dateModified":"2025-12-12T17:29:45+00:00","breadcrumb":{"@id":"https:\/\/paracherkaoui.ma\/index.php\/produit\/nuxe-reve-de-miel-soin-levres-au-miel-10-ml\/#breadcrumb"},"inLanguage":"fr-FR","potentialAction":[{"@type":"ReadAction","target":["https:\/\/paracherkaoui.ma\/index.php\/produit\/nuxe-reve-de-miel-soin-levres-au-miel-10-ml\/"]}]},{"@type":"ImageObject","inLanguage":"fr-FR","@id":"https:\/\/paracherkaoui.ma\/index.php\/produit\/nuxe-reve-de-miel-soin-levres-au-miel-10-ml\/#primaryimage","url":"https:\/\/paracherkaoui.ma\/wp-content\/uploads\/2025\/12\/nuxe-nuxe-reve-de-miel-soin-levres-au-miel-10-ml-levres.jpg","contentUrl":"https:\/\/paracherkaoui.ma\/wp-content\/uploads\/2025\/12\/nuxe-nuxe-reve-de-miel-soin-levres-au-miel-10-ml-levres.jpg","width":700,"height":700},{"@type":"BreadcrumbList","@id":"https:\/\/paracherkaoui.ma\/index.php\/produit\/nuxe-reve-de-miel-soin-levres-au-miel-10-ml\/#breadcrumb","itemListElement":[{"@type":"ListItem","position":1,"name":"Accueil","item":"https:\/\/paracherkaoui.ma\/"},{"@type":"ListItem","position":2,"name":"Boutique","item":"https:\/\/paracherkaoui.ma\/index.php\/boutique\/"},{"@type":"ListItem","position":3,"name":"NUXE REVE DE MIEL SOIN LEVRES AU MIEL 10 ML"}]},{"@type":"WebSite","@id":"https:\/\/paracherkaoui.ma\/#website","url":"https:\/\/paracherkaoui.ma\/","name":"Paracherkaoui.ma","description":"Achetez en ligne sur Paracherkaoui.ma","potentialAction":[{"@type":"SearchAction","target":{"@type":"EntryPoint","urlTemplate":"https:\/\/paracherkaoui.ma\/?s={search_term_string}"},"query-input":{"@type":"PropertyValueSpecification","valueRequired":true,"valueName":"search_term_string"}}],"inLanguage":"fr-FR"}]}},"_links":{"self":[{"href":"https:\/\/paracherkaoui.ma\/index.php\/wp-json\/wp\/v2\/product\/28796","targetHints":{"allow":["GET"]}}],"collection":[{"href":"https:\/\/paracherkaoui.ma\/index.php\/wp-json\/wp\/v2\/product"}],"about":[{"href":"https:\/\/paracherkaoui.ma\/index.php\/wp-json\/wp\/v2\/types\/product"}],"replies":[{"embeddable":true,"href":"https:\/\/paracherkaoui.ma\/index.php\/wp-json\/wp\/v2\/comments?post=28796"}],"version-history":[{"count":1,"href":"https:\/\/paracherkaoui.ma\/index.php\/wp-json\/wp\/v2\/product\/28796\/revisions"}],"predecessor-version":[{"id":28830,"href":"https:\/\/paracherkaoui.ma\/index.php\/wp-json\/wp\/v2\/product\/28796\/revisions\/28830"}],"wp:featuredmedia":[{"embeddable":true,"href":"https:\/\/paracherkaoui.ma\/index.php\/wp-json\/wp\/v2\/media\/28829"}],"wp:attachment":[{"href":"https:\/\/paracherkaoui.ma\/index.php\/wp-json\/wp\/v2\/media?parent=28796"}],"wp:term":[{"taxonomy":"product_brand","embeddable":true,"href":"https:\/\/paracherkaoui.ma\/index.php\/wp-json\/wp\/v2\/product_brand?post=28796"},{"taxonomy":"product_cat","embeddable":true,"href":"https:\/\/paracherkaoui.ma\/index.php\/wp-json\/wp\/v2\/product_cat?post=28796"},{"taxonomy":"product_tag","embeddable":true,"href":"https:\/\/paracherkaoui.ma\/index.php\/wp-json\/wp\/v2\/product_tag?post=28796"}],"curies":[{"name":"wp","href":"https:\/\/api.w.org\/{rel}","templated":true}]}}