{"id":28793,"date":"2025-12-12T18:29:43","date_gmt":"2025-12-12T17:29:43","guid":{"rendered":"https:\/\/test.ecbeaute.com\/?post_type=product&#038;p=28793"},"modified":"2025-12-12T18:29:45","modified_gmt":"2025-12-12T17:29:45","slug":"vaseline-baume-a-levres-originale-7-g-pot","status":"publish","type":"product","link":"https:\/\/paracherkaoui.ma\/index.php\/produit\/vaseline-baume-a-levres-originale-7-g-pot\/","title":{"rendered":"VASELINE BAUME A LEVRES ORIGINALE 7 G POT"},"content":{"rendered":"<p>L&rsquo;ultime solution contre les l\u00e8vres s\u00e8ches est ici. Notre mini baume \u00e0 l\u00e8vres VASELINE vous garantit un sourire \u00e9clatant. Plongez dans le confort gr\u00e2ce \u00e0 sa formule \u00e0 la vaseline pure. Offrez \u00e0 vos l\u00e8vres une exp\u00e9rience somptueuse qui dure toute la journ\u00e9e, avec une contenance g\u00e9n\u00e9reuse de 7 g \u00e0 emporter partout.<br \/>\n&#8211; Adoucit et apaise intens\u00e9ment les l\u00e8vres s\u00e8ches<br \/>\n&#8211; Formulation riche en vaseline pure<\/p>\n","protected":false},"excerpt":{"rendered":"<p>L&rsquo;ultime solution contre les l\u00e8vres s\u00e8ches est ici. Notre mini baume \u00e0 l\u00e8vres VASELINE vous garantit un sourire \u00e9clatant. Plongez<\/p>\n","protected":false},"featured_media":28823,"comment_status":"open","ping_status":"closed","template":"","meta":[],"product_brand":[538],"product_cat":[535],"product_tag":[],"class_list":{"0":"post-28793","1":"product","2":"type-product","3":"status-publish","4":"has-post-thumbnail","6":"product_brand-vaseline","7":"product_cat-levres","9":"first","10":"instock","11":"shipping-taxable","12":"purchasable","13":"product-type-simple"},"yoast_head":"<!-- This site is optimized with the Yoast SEO plugin v26.6 - https:\/\/yoast.com\/wordpress\/plugins\/seo\/ -->\r\n<title>VASELINE BAUME A LEVRES ORIGINALE 7 G POT - Paracherkaoui.ma<\/title>\r\n<meta name=\"robots\" content=\"index, follow, max-snippet:-1, max-image-preview:large, max-video-preview:-1\" \/>\r\n<link rel=\"canonical\" href=\"https:\/\/paracherkaoui.ma\/index.php\/produit\/vaseline-baume-a-levres-originale-7-g-pot\/\" \/>\r\n<meta property=\"og:locale\" content=\"fr_FR\" \/>\r\n<meta property=\"og:type\" content=\"article\" \/>\r\n<meta property=\"og:title\" content=\"VASELINE BAUME A LEVRES ORIGINALE 7 G POT - Paracherkaoui.ma\" \/>\r\n<meta property=\"og:description\" content=\"L&rsquo;ultime solution contre les l\u00e8vres s\u00e8ches est ici. Notre mini baume \u00e0 l\u00e8vres VASELINE vous garantit un sourire \u00e9clatant. Plongez\" \/>\r\n<meta property=\"og:url\" content=\"https:\/\/paracherkaoui.ma\/index.php\/produit\/vaseline-baume-a-levres-originale-7-g-pot\/\" \/>\r\n<meta property=\"og:site_name\" content=\"Paracherkaoui.ma\" \/>\r\n<meta property=\"article:modified_time\" content=\"2025-12-12T17:29:45+00:00\" \/>\r\n<meta property=\"og:image\" content=\"https:\/\/paracherkaoui.ma\/wp-content\/uploads\/2025\/12\/vaseline-vaseline-baume-a-levres-originale-7-g-pot-levres.jpg\" \/>\r\n\t<meta property=\"og:image:width\" content=\"700\" \/>\r\n\t<meta property=\"og:image:height\" content=\"700\" \/>\r\n\t<meta property=\"og:image:type\" content=\"image\/jpeg\" \/>\r\n<meta name=\"twitter:card\" content=\"summary_large_image\" \/>\r\n<script type=\"application\/ld+json\" class=\"yoast-schema-graph\">{\"@context\":\"https:\/\/schema.org\",\"@graph\":[{\"@type\":\"WebPage\",\"@id\":\"https:\/\/paracherkaoui.ma\/index.php\/produit\/vaseline-baume-a-levres-originale-7-g-pot\/\",\"url\":\"https:\/\/paracherkaoui.ma\/index.php\/produit\/vaseline-baume-a-levres-originale-7-g-pot\/\",\"name\":\"VASELINE BAUME A LEVRES ORIGINALE 7 G POT - Paracherkaoui.ma\",\"isPartOf\":{\"@id\":\"https:\/\/paracherkaoui.ma\/#website\"},\"primaryImageOfPage\":{\"@id\":\"https:\/\/paracherkaoui.ma\/index.php\/produit\/vaseline-baume-a-levres-originale-7-g-pot\/#primaryimage\"},\"image\":{\"@id\":\"https:\/\/paracherkaoui.ma\/index.php\/produit\/vaseline-baume-a-levres-originale-7-g-pot\/#primaryimage\"},\"thumbnailUrl\":\"https:\/\/paracherkaoui.ma\/wp-content\/uploads\/2025\/12\/vaseline-vaseline-baume-a-levres-originale-7-g-pot-levres.jpg\",\"datePublished\":\"2025-12-12T17:29:43+00:00\",\"dateModified\":\"2025-12-12T17:29:45+00:00\",\"breadcrumb\":{\"@id\":\"https:\/\/paracherkaoui.ma\/index.php\/produit\/vaseline-baume-a-levres-originale-7-g-pot\/#breadcrumb\"},\"inLanguage\":\"fr-FR\",\"potentialAction\":[{\"@type\":\"ReadAction\",\"target\":[\"https:\/\/paracherkaoui.ma\/index.php\/produit\/vaseline-baume-a-levres-originale-7-g-pot\/\"]}]},{\"@type\":\"ImageObject\",\"inLanguage\":\"fr-FR\",\"@id\":\"https:\/\/paracherkaoui.ma\/index.php\/produit\/vaseline-baume-a-levres-originale-7-g-pot\/#primaryimage\",\"url\":\"https:\/\/paracherkaoui.ma\/wp-content\/uploads\/2025\/12\/vaseline-vaseline-baume-a-levres-originale-7-g-pot-levres.jpg\",\"contentUrl\":\"https:\/\/paracherkaoui.ma\/wp-content\/uploads\/2025\/12\/vaseline-vaseline-baume-a-levres-originale-7-g-pot-levres.jpg\",\"width\":700,\"height\":700},{\"@type\":\"BreadcrumbList\",\"@id\":\"https:\/\/paracherkaoui.ma\/index.php\/produit\/vaseline-baume-a-levres-originale-7-g-pot\/#breadcrumb\",\"itemListElement\":[{\"@type\":\"ListItem\",\"position\":1,\"name\":\"Accueil\",\"item\":\"https:\/\/paracherkaoui.ma\/\"},{\"@type\":\"ListItem\",\"position\":2,\"name\":\"Boutique\",\"item\":\"https:\/\/paracherkaoui.ma\/index.php\/boutique\/\"},{\"@type\":\"ListItem\",\"position\":3,\"name\":\"VASELINE BAUME A LEVRES ORIGINALE 7 G POT\"}]},{\"@type\":\"WebSite\",\"@id\":\"https:\/\/paracherkaoui.ma\/#website\",\"url\":\"https:\/\/paracherkaoui.ma\/\",\"name\":\"Paracherkaoui.ma\",\"description\":\"Achetez en ligne sur Paracherkaoui.ma\",\"potentialAction\":[{\"@type\":\"SearchAction\",\"target\":{\"@type\":\"EntryPoint\",\"urlTemplate\":\"https:\/\/paracherkaoui.ma\/?s={search_term_string}\"},\"query-input\":{\"@type\":\"PropertyValueSpecification\",\"valueRequired\":true,\"valueName\":\"search_term_string\"}}],\"inLanguage\":\"fr-FR\"}]}<\/script>\r\n<!-- \/ Yoast SEO plugin. -->","yoast_head_json":{"title":"VASELINE BAUME A LEVRES ORIGINALE 7 G POT - Paracherkaoui.ma","robots":{"index":"index","follow":"follow","max-snippet":"max-snippet:-1","max-image-preview":"max-image-preview:large","max-video-preview":"max-video-preview:-1"},"canonical":"https:\/\/paracherkaoui.ma\/index.php\/produit\/vaseline-baume-a-levres-originale-7-g-pot\/","og_locale":"fr_FR","og_type":"article","og_title":"VASELINE BAUME A LEVRES ORIGINALE 7 G POT - Paracherkaoui.ma","og_description":"L&rsquo;ultime solution contre les l\u00e8vres s\u00e8ches est ici. Notre mini baume \u00e0 l\u00e8vres VASELINE vous garantit un sourire \u00e9clatant. Plongez","og_url":"https:\/\/paracherkaoui.ma\/index.php\/produit\/vaseline-baume-a-levres-originale-7-g-pot\/","og_site_name":"Paracherkaoui.ma","article_modified_time":"2025-12-12T17:29:45+00:00","og_image":[{"width":700,"height":700,"url":"https:\/\/paracherkaoui.ma\/wp-content\/uploads\/2025\/12\/vaseline-vaseline-baume-a-levres-originale-7-g-pot-levres.jpg","type":"image\/jpeg"}],"twitter_card":"summary_large_image","schema":{"@context":"https:\/\/schema.org","@graph":[{"@type":"WebPage","@id":"https:\/\/paracherkaoui.ma\/index.php\/produit\/vaseline-baume-a-levres-originale-7-g-pot\/","url":"https:\/\/paracherkaoui.ma\/index.php\/produit\/vaseline-baume-a-levres-originale-7-g-pot\/","name":"VASELINE BAUME A LEVRES ORIGINALE 7 G POT - Paracherkaoui.ma","isPartOf":{"@id":"https:\/\/paracherkaoui.ma\/#website"},"primaryImageOfPage":{"@id":"https:\/\/paracherkaoui.ma\/index.php\/produit\/vaseline-baume-a-levres-originale-7-g-pot\/#primaryimage"},"image":{"@id":"https:\/\/paracherkaoui.ma\/index.php\/produit\/vaseline-baume-a-levres-originale-7-g-pot\/#primaryimage"},"thumbnailUrl":"https:\/\/paracherkaoui.ma\/wp-content\/uploads\/2025\/12\/vaseline-vaseline-baume-a-levres-originale-7-g-pot-levres.jpg","datePublished":"2025-12-12T17:29:43+00:00","dateModified":"2025-12-12T17:29:45+00:00","breadcrumb":{"@id":"https:\/\/paracherkaoui.ma\/index.php\/produit\/vaseline-baume-a-levres-originale-7-g-pot\/#breadcrumb"},"inLanguage":"fr-FR","potentialAction":[{"@type":"ReadAction","target":["https:\/\/paracherkaoui.ma\/index.php\/produit\/vaseline-baume-a-levres-originale-7-g-pot\/"]}]},{"@type":"ImageObject","inLanguage":"fr-FR","@id":"https:\/\/paracherkaoui.ma\/index.php\/produit\/vaseline-baume-a-levres-originale-7-g-pot\/#primaryimage","url":"https:\/\/paracherkaoui.ma\/wp-content\/uploads\/2025\/12\/vaseline-vaseline-baume-a-levres-originale-7-g-pot-levres.jpg","contentUrl":"https:\/\/paracherkaoui.ma\/wp-content\/uploads\/2025\/12\/vaseline-vaseline-baume-a-levres-originale-7-g-pot-levres.jpg","width":700,"height":700},{"@type":"BreadcrumbList","@id":"https:\/\/paracherkaoui.ma\/index.php\/produit\/vaseline-baume-a-levres-originale-7-g-pot\/#breadcrumb","itemListElement":[{"@type":"ListItem","position":1,"name":"Accueil","item":"https:\/\/paracherkaoui.ma\/"},{"@type":"ListItem","position":2,"name":"Boutique","item":"https:\/\/paracherkaoui.ma\/index.php\/boutique\/"},{"@type":"ListItem","position":3,"name":"VASELINE BAUME A LEVRES ORIGINALE 7 G POT"}]},{"@type":"WebSite","@id":"https:\/\/paracherkaoui.ma\/#website","url":"https:\/\/paracherkaoui.ma\/","name":"Paracherkaoui.ma","description":"Achetez en ligne sur Paracherkaoui.ma","potentialAction":[{"@type":"SearchAction","target":{"@type":"EntryPoint","urlTemplate":"https:\/\/paracherkaoui.ma\/?s={search_term_string}"},"query-input":{"@type":"PropertyValueSpecification","valueRequired":true,"valueName":"search_term_string"}}],"inLanguage":"fr-FR"}]}},"_links":{"self":[{"href":"https:\/\/paracherkaoui.ma\/index.php\/wp-json\/wp\/v2\/product\/28793","targetHints":{"allow":["GET"]}}],"collection":[{"href":"https:\/\/paracherkaoui.ma\/index.php\/wp-json\/wp\/v2\/product"}],"about":[{"href":"https:\/\/paracherkaoui.ma\/index.php\/wp-json\/wp\/v2\/types\/product"}],"replies":[{"embeddable":true,"href":"https:\/\/paracherkaoui.ma\/index.php\/wp-json\/wp\/v2\/comments?post=28793"}],"version-history":[{"count":1,"href":"https:\/\/paracherkaoui.ma\/index.php\/wp-json\/wp\/v2\/product\/28793\/revisions"}],"predecessor-version":[{"id":28824,"href":"https:\/\/paracherkaoui.ma\/index.php\/wp-json\/wp\/v2\/product\/28793\/revisions\/28824"}],"wp:featuredmedia":[{"embeddable":true,"href":"https:\/\/paracherkaoui.ma\/index.php\/wp-json\/wp\/v2\/media\/28823"}],"wp:attachment":[{"href":"https:\/\/paracherkaoui.ma\/index.php\/wp-json\/wp\/v2\/media?parent=28793"}],"wp:term":[{"taxonomy":"product_brand","embeddable":true,"href":"https:\/\/paracherkaoui.ma\/index.php\/wp-json\/wp\/v2\/product_brand?post=28793"},{"taxonomy":"product_cat","embeddable":true,"href":"https:\/\/paracherkaoui.ma\/index.php\/wp-json\/wp\/v2\/product_cat?post=28793"},{"taxonomy":"product_tag","embeddable":true,"href":"https:\/\/paracherkaoui.ma\/index.php\/wp-json\/wp\/v2\/product_tag?post=28793"}],"curies":[{"name":"wp","href":"https:\/\/api.w.org\/{rel}","templated":true}]}}