{"id":28729,"date":"2025-12-12T18:29:35","date_gmt":"2025-12-12T17:29:35","guid":{"rendered":"https:\/\/test.ecbeaute.com\/?post_type=product&#038;p=28729"},"modified":"2025-12-12T18:29:42","modified_gmt":"2025-12-12T17:29:42","slug":"caudalie-baume-a-levres-teinte-4-5-g","status":"publish","type":"product","link":"https:\/\/paracherkaoui.ma\/index.php\/produit\/caudalie-baume-a-levres-teinte-4-5-g\/","title":{"rendered":"CAUDALIE BAUME A LEVRES TEINTE 4.5 G"},"content":{"rendered":"<p>Sa texture onctueuse, \u00e0 la fois enveloppante et l\u00e9g\u00e8re, glisse d\u00e9licatement sur les l\u00e8vres et les joues pour y d\u00e9poser un voile framboise modulable \u2014 doux ou audacieux selon votre envie. Sublime \u00e9galement en blush, ce baume fusionne maquillage et soin pour illuminer votre teint en un geste polyvalent et ultra-pratique.<br \/>\nCe baume respecte la sensibilit\u00e9 de vos l\u00e8vres : il adoucit les zones s\u00e8ches sans marquer les ridules, laissant une sensation de confort longue dur\u00e9e et un fini d\u00e9licat et satin\u00e9. Sans compromis, il reste fid\u00e8le \u00e0 la philosophie Caudalie : efficacit\u00e9, naturalit\u00e9, plaisir.<br \/>\nEn r\u00e9sum\u00e9, ce baume vous s\u00e9duit par sa formulation simple et responsable, sa texture gourmande et son rendu naturellement raffin\u00e9. Il s\u2019adresse \u00e0 celles qui veulent sublimer leur beaut\u00e9 sans artifice, en alliant soin profond et touche de couleur fra\u00eeche.<br \/>\nConseils d\u2019utilisation<br \/>\nSur l\u00e8vres : appliquez directement ou avec le doigt pour une pigmentation modulable. Superposez si vous souhaitez intensifier la couleur.<br \/>\nEn touche blush : chauffez un tout petit peu sur le dos de votre main, puis d\u00e9posez sur les pommettes en tapotant l\u00e9g\u00e8rement pour un teint frais et harmonieux.<br \/>\nMulti-application : utilisez \u00e0 toute heure de la journ\u00e9e pour hydrater, prot\u00e9ger et raviver subtilement votre teint.<br \/>\nAstuce texture : si le baume est un peu ferme, laissez-le quelques instants pr\u00e8s d\u2019une source de chaleur ambiante (ex. radiateur) ou chauffez-le au doigt pour faciliter l\u2019application.<br \/>\nComposition<br \/>\nCAPRYLIC\/CAPRIC TRIGLYCERIDE, RICINUS COMMUNIS (CASTOR) SEED OIL, CERA ALBA\/BEESWAX\/CIRE D\u2019ABEILLE, C10-18 TRIGLYCERIDES, BUTYROSPERMUM PARKII (SHEA) BUTTER, MACADAMIA TERNIFOLIA SEED OIL, PARFUM (FRAGRANCE), COPERNICIA CERIFERA CERA\/CIRE DE CARNAUBA, HYDROGENATED CASTOR OIL, PALMITOYL GRAPE SEED EXTRACT, CI 15850 (RED 7), CI 77891 (TITANIUM DIOXIDE), TOCOPHERYL ACETATE, CI 77499 (IRON OXIDES), HELIANTHUS ANNUUS (SUNFLOWER) SEED OIL, CI 77492 (IRON OXIDES), CI 77491 (IRON OXIDES), SQUALANE, POLYHYDROXYSTEARIC ACID<\/p>\n","protected":false},"excerpt":{"rendered":"<p>Sa texture onctueuse, \u00e0 la fois enveloppante et l\u00e9g\u00e8re, glisse d\u00e9licatement sur les l\u00e8vres et les joues pour y d\u00e9poser<\/p>\n","protected":false},"featured_media":28785,"comment_status":"open","ping_status":"closed","template":"","meta":[],"product_brand":[358],"product_cat":[535],"product_tag":[],"class_list":{"0":"post-28729","1":"product","2":"type-product","3":"status-publish","4":"has-post-thumbnail","6":"product_brand-caudalie","7":"product_cat-levres","9":"first","10":"instock","11":"shipping-taxable","12":"purchasable","13":"product-type-simple"},"yoast_head":"<!-- This site is optimized with the Yoast SEO plugin v26.6 - https:\/\/yoast.com\/wordpress\/plugins\/seo\/ -->\r\n<title>CAUDALIE BAUME A LEVRES TEINTE 4.5 G - Paracherkaoui.ma<\/title>\r\n<meta name=\"robots\" content=\"index, follow, max-snippet:-1, max-image-preview:large, max-video-preview:-1\" \/>\r\n<link rel=\"canonical\" href=\"https:\/\/paracherkaoui.ma\/index.php\/produit\/caudalie-baume-a-levres-teinte-4-5-g\/\" \/>\r\n<meta property=\"og:locale\" content=\"fr_FR\" \/>\r\n<meta property=\"og:type\" content=\"article\" \/>\r\n<meta property=\"og:title\" content=\"CAUDALIE BAUME A LEVRES TEINTE 4.5 G - Paracherkaoui.ma\" \/>\r\n<meta property=\"og:description\" content=\"Sa texture onctueuse, \u00e0 la fois enveloppante et l\u00e9g\u00e8re, glisse d\u00e9licatement sur les l\u00e8vres et les joues pour y d\u00e9poser\" \/>\r\n<meta property=\"og:url\" content=\"https:\/\/paracherkaoui.ma\/index.php\/produit\/caudalie-baume-a-levres-teinte-4-5-g\/\" \/>\r\n<meta property=\"og:site_name\" content=\"Paracherkaoui.ma\" \/>\r\n<meta property=\"article:modified_time\" content=\"2025-12-12T17:29:42+00:00\" \/>\r\n<meta property=\"og:image\" content=\"https:\/\/paracherkaoui.ma\/wp-content\/uploads\/2025\/12\/caudalie-caudalie-baume-a-levres-teinte-45-g-levres.jpg\" \/>\r\n\t<meta property=\"og:image:width\" content=\"700\" \/>\r\n\t<meta property=\"og:image:height\" content=\"700\" \/>\r\n\t<meta property=\"og:image:type\" content=\"image\/jpeg\" \/>\r\n<meta name=\"twitter:card\" content=\"summary_large_image\" \/>\r\n<meta name=\"twitter:label1\" content=\"Dur\u00e9e de lecture estim\u00e9e\" \/>\n\t<meta name=\"twitter:data1\" content=\"2 minutes\" \/>\r\n<script type=\"application\/ld+json\" class=\"yoast-schema-graph\">{\"@context\":\"https:\/\/schema.org\",\"@graph\":[{\"@type\":\"WebPage\",\"@id\":\"https:\/\/paracherkaoui.ma\/index.php\/produit\/caudalie-baume-a-levres-teinte-4-5-g\/\",\"url\":\"https:\/\/paracherkaoui.ma\/index.php\/produit\/caudalie-baume-a-levres-teinte-4-5-g\/\",\"name\":\"CAUDALIE BAUME A LEVRES TEINTE 4.5 G - Paracherkaoui.ma\",\"isPartOf\":{\"@id\":\"https:\/\/paracherkaoui.ma\/#website\"},\"primaryImageOfPage\":{\"@id\":\"https:\/\/paracherkaoui.ma\/index.php\/produit\/caudalie-baume-a-levres-teinte-4-5-g\/#primaryimage\"},\"image\":{\"@id\":\"https:\/\/paracherkaoui.ma\/index.php\/produit\/caudalie-baume-a-levres-teinte-4-5-g\/#primaryimage\"},\"thumbnailUrl\":\"https:\/\/paracherkaoui.ma\/wp-content\/uploads\/2025\/12\/caudalie-caudalie-baume-a-levres-teinte-45-g-levres.jpg\",\"datePublished\":\"2025-12-12T17:29:35+00:00\",\"dateModified\":\"2025-12-12T17:29:42+00:00\",\"breadcrumb\":{\"@id\":\"https:\/\/paracherkaoui.ma\/index.php\/produit\/caudalie-baume-a-levres-teinte-4-5-g\/#breadcrumb\"},\"inLanguage\":\"fr-FR\",\"potentialAction\":[{\"@type\":\"ReadAction\",\"target\":[\"https:\/\/paracherkaoui.ma\/index.php\/produit\/caudalie-baume-a-levres-teinte-4-5-g\/\"]}]},{\"@type\":\"ImageObject\",\"inLanguage\":\"fr-FR\",\"@id\":\"https:\/\/paracherkaoui.ma\/index.php\/produit\/caudalie-baume-a-levres-teinte-4-5-g\/#primaryimage\",\"url\":\"https:\/\/paracherkaoui.ma\/wp-content\/uploads\/2025\/12\/caudalie-caudalie-baume-a-levres-teinte-45-g-levres.jpg\",\"contentUrl\":\"https:\/\/paracherkaoui.ma\/wp-content\/uploads\/2025\/12\/caudalie-caudalie-baume-a-levres-teinte-45-g-levres.jpg\",\"width\":700,\"height\":700},{\"@type\":\"BreadcrumbList\",\"@id\":\"https:\/\/paracherkaoui.ma\/index.php\/produit\/caudalie-baume-a-levres-teinte-4-5-g\/#breadcrumb\",\"itemListElement\":[{\"@type\":\"ListItem\",\"position\":1,\"name\":\"Accueil\",\"item\":\"https:\/\/paracherkaoui.ma\/\"},{\"@type\":\"ListItem\",\"position\":2,\"name\":\"Boutique\",\"item\":\"https:\/\/paracherkaoui.ma\/index.php\/boutique\/\"},{\"@type\":\"ListItem\",\"position\":3,\"name\":\"CAUDALIE BAUME A LEVRES TEINTE 4.5 G\"}]},{\"@type\":\"WebSite\",\"@id\":\"https:\/\/paracherkaoui.ma\/#website\",\"url\":\"https:\/\/paracherkaoui.ma\/\",\"name\":\"Paracherkaoui.ma\",\"description\":\"Achetez en ligne sur Paracherkaoui.ma\",\"potentialAction\":[{\"@type\":\"SearchAction\",\"target\":{\"@type\":\"EntryPoint\",\"urlTemplate\":\"https:\/\/paracherkaoui.ma\/?s={search_term_string}\"},\"query-input\":{\"@type\":\"PropertyValueSpecification\",\"valueRequired\":true,\"valueName\":\"search_term_string\"}}],\"inLanguage\":\"fr-FR\"}]}<\/script>\r\n<!-- \/ Yoast SEO plugin. -->","yoast_head_json":{"title":"CAUDALIE BAUME A LEVRES TEINTE 4.5 G - Paracherkaoui.ma","robots":{"index":"index","follow":"follow","max-snippet":"max-snippet:-1","max-image-preview":"max-image-preview:large","max-video-preview":"max-video-preview:-1"},"canonical":"https:\/\/paracherkaoui.ma\/index.php\/produit\/caudalie-baume-a-levres-teinte-4-5-g\/","og_locale":"fr_FR","og_type":"article","og_title":"CAUDALIE BAUME A LEVRES TEINTE 4.5 G - Paracherkaoui.ma","og_description":"Sa texture onctueuse, \u00e0 la fois enveloppante et l\u00e9g\u00e8re, glisse d\u00e9licatement sur les l\u00e8vres et les joues pour y d\u00e9poser","og_url":"https:\/\/paracherkaoui.ma\/index.php\/produit\/caudalie-baume-a-levres-teinte-4-5-g\/","og_site_name":"Paracherkaoui.ma","article_modified_time":"2025-12-12T17:29:42+00:00","og_image":[{"width":700,"height":700,"url":"https:\/\/paracherkaoui.ma\/wp-content\/uploads\/2025\/12\/caudalie-caudalie-baume-a-levres-teinte-45-g-levres.jpg","type":"image\/jpeg"}],"twitter_card":"summary_large_image","twitter_misc":{"Dur\u00e9e de lecture estim\u00e9e":"2 minutes"},"schema":{"@context":"https:\/\/schema.org","@graph":[{"@type":"WebPage","@id":"https:\/\/paracherkaoui.ma\/index.php\/produit\/caudalie-baume-a-levres-teinte-4-5-g\/","url":"https:\/\/paracherkaoui.ma\/index.php\/produit\/caudalie-baume-a-levres-teinte-4-5-g\/","name":"CAUDALIE BAUME A LEVRES TEINTE 4.5 G - Paracherkaoui.ma","isPartOf":{"@id":"https:\/\/paracherkaoui.ma\/#website"},"primaryImageOfPage":{"@id":"https:\/\/paracherkaoui.ma\/index.php\/produit\/caudalie-baume-a-levres-teinte-4-5-g\/#primaryimage"},"image":{"@id":"https:\/\/paracherkaoui.ma\/index.php\/produit\/caudalie-baume-a-levres-teinte-4-5-g\/#primaryimage"},"thumbnailUrl":"https:\/\/paracherkaoui.ma\/wp-content\/uploads\/2025\/12\/caudalie-caudalie-baume-a-levres-teinte-45-g-levres.jpg","datePublished":"2025-12-12T17:29:35+00:00","dateModified":"2025-12-12T17:29:42+00:00","breadcrumb":{"@id":"https:\/\/paracherkaoui.ma\/index.php\/produit\/caudalie-baume-a-levres-teinte-4-5-g\/#breadcrumb"},"inLanguage":"fr-FR","potentialAction":[{"@type":"ReadAction","target":["https:\/\/paracherkaoui.ma\/index.php\/produit\/caudalie-baume-a-levres-teinte-4-5-g\/"]}]},{"@type":"ImageObject","inLanguage":"fr-FR","@id":"https:\/\/paracherkaoui.ma\/index.php\/produit\/caudalie-baume-a-levres-teinte-4-5-g\/#primaryimage","url":"https:\/\/paracherkaoui.ma\/wp-content\/uploads\/2025\/12\/caudalie-caudalie-baume-a-levres-teinte-45-g-levres.jpg","contentUrl":"https:\/\/paracherkaoui.ma\/wp-content\/uploads\/2025\/12\/caudalie-caudalie-baume-a-levres-teinte-45-g-levres.jpg","width":700,"height":700},{"@type":"BreadcrumbList","@id":"https:\/\/paracherkaoui.ma\/index.php\/produit\/caudalie-baume-a-levres-teinte-4-5-g\/#breadcrumb","itemListElement":[{"@type":"ListItem","position":1,"name":"Accueil","item":"https:\/\/paracherkaoui.ma\/"},{"@type":"ListItem","position":2,"name":"Boutique","item":"https:\/\/paracherkaoui.ma\/index.php\/boutique\/"},{"@type":"ListItem","position":3,"name":"CAUDALIE BAUME A LEVRES TEINTE 4.5 G"}]},{"@type":"WebSite","@id":"https:\/\/paracherkaoui.ma\/#website","url":"https:\/\/paracherkaoui.ma\/","name":"Paracherkaoui.ma","description":"Achetez en ligne sur Paracherkaoui.ma","potentialAction":[{"@type":"SearchAction","target":{"@type":"EntryPoint","urlTemplate":"https:\/\/paracherkaoui.ma\/?s={search_term_string}"},"query-input":{"@type":"PropertyValueSpecification","valueRequired":true,"valueName":"search_term_string"}}],"inLanguage":"fr-FR"}]}},"_links":{"self":[{"href":"https:\/\/paracherkaoui.ma\/index.php\/wp-json\/wp\/v2\/product\/28729","targetHints":{"allow":["GET"]}}],"collection":[{"href":"https:\/\/paracherkaoui.ma\/index.php\/wp-json\/wp\/v2\/product"}],"about":[{"href":"https:\/\/paracherkaoui.ma\/index.php\/wp-json\/wp\/v2\/types\/product"}],"replies":[{"embeddable":true,"href":"https:\/\/paracherkaoui.ma\/index.php\/wp-json\/wp\/v2\/comments?post=28729"}],"version-history":[{"count":1,"href":"https:\/\/paracherkaoui.ma\/index.php\/wp-json\/wp\/v2\/product\/28729\/revisions"}],"predecessor-version":[{"id":28786,"href":"https:\/\/paracherkaoui.ma\/index.php\/wp-json\/wp\/v2\/product\/28729\/revisions\/28786"}],"wp:featuredmedia":[{"embeddable":true,"href":"https:\/\/paracherkaoui.ma\/index.php\/wp-json\/wp\/v2\/media\/28785"}],"wp:attachment":[{"href":"https:\/\/paracherkaoui.ma\/index.php\/wp-json\/wp\/v2\/media?parent=28729"}],"wp:term":[{"taxonomy":"product_brand","embeddable":true,"href":"https:\/\/paracherkaoui.ma\/index.php\/wp-json\/wp\/v2\/product_brand?post=28729"},{"taxonomy":"product_cat","embeddable":true,"href":"https:\/\/paracherkaoui.ma\/index.php\/wp-json\/wp\/v2\/product_cat?post=28729"},{"taxonomy":"product_tag","embeddable":true,"href":"https:\/\/paracherkaoui.ma\/index.php\/wp-json\/wp\/v2\/product_tag?post=28729"}],"curies":[{"name":"wp","href":"https:\/\/api.w.org\/{rel}","templated":true}]}}