{"id":28716,"date":"2025-12-12T18:29:33","date_gmt":"2025-12-12T17:29:33","guid":{"rendered":"https:\/\/test.ecbeaute.com\/?post_type=product&#038;p=28716"},"modified":"2025-12-12T18:29:40","modified_gmt":"2025-12-12T17:29:40","slug":"roge-cavailles-soin-protecteur-les-levres-baume-gourmand-karite-bio","status":"publish","type":"product","link":"https:\/\/paracherkaoui.ma\/index.php\/produit\/roge-cavailles-soin-protecteur-les-levres-baume-gourmand-karite-bio\/","title":{"rendered":"ROGE CAVAILLES SOIN PROTECTEUR LES LEVRES BAUME GOURMAND KARITE BIO"},"content":{"rendered":"<p>\u2022 Pour les L\u00c8VRES S\u00c8CHES : contenant du surgras v\u00e9g\u00e9tal pro-r\u00e9g\u00e9n\u00e9rant\u00ae et du beurre de karit\u00e9 bio, notre formule aide \u00e0 r\u00e9parer les l\u00e8vres et \u00e0 pr\u00e9server le processus naturel de r\u00e9g\u00e9n\u00e9ration de la peau.<br \/>\n\u2022 Un moment de BIEN-\u00caTRE gr\u00e2ce \u00e0 sa texture fondante et son parfum d\u00e9licat.<br \/>\n\u2022 Un geste pour la PLAN\u00c8TE avec son stick 100% en plastique recyclable.<br \/>\n97% d\u2019ingr\u00e9dients d\u2019origine naturelle \u2013 Vegan* \u2013 Test\u00e9 dermatologiquement *formul\u00e9 sans ingr\u00e9dient d\u2019origine animale<\/p>\n","protected":false},"excerpt":{"rendered":"<p>\u2022 Pour les L\u00c8VRES S\u00c8CHES : contenant du surgras v\u00e9g\u00e9tal pro-r\u00e9g\u00e9n\u00e9rant\u00ae et du beurre de karit\u00e9 bio, notre formule aide<\/p>\n","protected":false},"featured_media":28759,"comment_status":"open","ping_status":"closed","template":"","meta":[],"product_brand":[411],"product_cat":[535],"product_tag":[],"class_list":{"0":"post-28716","1":"product","2":"type-product","3":"status-publish","4":"has-post-thumbnail","6":"product_brand-roge-cavailles","7":"product_cat-levres","9":"first","10":"instock","11":"sale","12":"shipping-taxable","13":"purchasable","14":"product-type-simple"},"yoast_head":"<!-- This site is optimized with the Yoast SEO plugin v26.6 - https:\/\/yoast.com\/wordpress\/plugins\/seo\/ -->\r\n<title>ROGE CAVAILLES SOIN PROTECTEUR LES LEVRES BAUME GOURMAND KARITE BIO - Paracherkaoui.ma<\/title>\r\n<meta name=\"robots\" content=\"index, follow, max-snippet:-1, max-image-preview:large, max-video-preview:-1\" \/>\r\n<link rel=\"canonical\" href=\"https:\/\/paracherkaoui.ma\/index.php\/produit\/roge-cavailles-soin-protecteur-les-levres-baume-gourmand-karite-bio\/\" \/>\r\n<meta property=\"og:locale\" content=\"fr_FR\" \/>\r\n<meta property=\"og:type\" content=\"article\" \/>\r\n<meta property=\"og:title\" content=\"ROGE CAVAILLES SOIN PROTECTEUR LES LEVRES BAUME GOURMAND KARITE BIO - Paracherkaoui.ma\" \/>\r\n<meta property=\"og:description\" content=\"\u2022 Pour les L\u00c8VRES S\u00c8CHES : contenant du surgras v\u00e9g\u00e9tal pro-r\u00e9g\u00e9n\u00e9rant\u00ae et du beurre de karit\u00e9 bio, notre formule aide\" \/>\r\n<meta property=\"og:url\" content=\"https:\/\/paracherkaoui.ma\/index.php\/produit\/roge-cavailles-soin-protecteur-les-levres-baume-gourmand-karite-bio\/\" \/>\r\n<meta property=\"og:site_name\" content=\"Paracherkaoui.ma\" \/>\r\n<meta property=\"article:modified_time\" content=\"2025-12-12T17:29:40+00:00\" \/>\r\n<meta property=\"og:image\" content=\"https:\/\/paracherkaoui.ma\/wp-content\/uploads\/2025\/12\/roge-cavailles-roge-cavailles-soin-protecteur-les-levres-baume-gourmand-karite-bio-levres.jpg\" \/>\r\n\t<meta property=\"og:image:width\" content=\"700\" \/>\r\n\t<meta property=\"og:image:height\" content=\"700\" \/>\r\n\t<meta property=\"og:image:type\" content=\"image\/jpeg\" \/>\r\n<meta name=\"twitter:card\" content=\"summary_large_image\" \/>\r\n<script type=\"application\/ld+json\" class=\"yoast-schema-graph\">{\"@context\":\"https:\/\/schema.org\",\"@graph\":[{\"@type\":\"WebPage\",\"@id\":\"https:\/\/paracherkaoui.ma\/index.php\/produit\/roge-cavailles-soin-protecteur-les-levres-baume-gourmand-karite-bio\/\",\"url\":\"https:\/\/paracherkaoui.ma\/index.php\/produit\/roge-cavailles-soin-protecteur-les-levres-baume-gourmand-karite-bio\/\",\"name\":\"ROGE CAVAILLES SOIN PROTECTEUR LES LEVRES BAUME GOURMAND KARITE BIO - Paracherkaoui.ma\",\"isPartOf\":{\"@id\":\"https:\/\/paracherkaoui.ma\/#website\"},\"primaryImageOfPage\":{\"@id\":\"https:\/\/paracherkaoui.ma\/index.php\/produit\/roge-cavailles-soin-protecteur-les-levres-baume-gourmand-karite-bio\/#primaryimage\"},\"image\":{\"@id\":\"https:\/\/paracherkaoui.ma\/index.php\/produit\/roge-cavailles-soin-protecteur-les-levres-baume-gourmand-karite-bio\/#primaryimage\"},\"thumbnailUrl\":\"https:\/\/paracherkaoui.ma\/wp-content\/uploads\/2025\/12\/roge-cavailles-roge-cavailles-soin-protecteur-les-levres-baume-gourmand-karite-bio-levres.jpg\",\"datePublished\":\"2025-12-12T17:29:33+00:00\",\"dateModified\":\"2025-12-12T17:29:40+00:00\",\"breadcrumb\":{\"@id\":\"https:\/\/paracherkaoui.ma\/index.php\/produit\/roge-cavailles-soin-protecteur-les-levres-baume-gourmand-karite-bio\/#breadcrumb\"},\"inLanguage\":\"fr-FR\",\"potentialAction\":[{\"@type\":\"ReadAction\",\"target\":[\"https:\/\/paracherkaoui.ma\/index.php\/produit\/roge-cavailles-soin-protecteur-les-levres-baume-gourmand-karite-bio\/\"]}]},{\"@type\":\"ImageObject\",\"inLanguage\":\"fr-FR\",\"@id\":\"https:\/\/paracherkaoui.ma\/index.php\/produit\/roge-cavailles-soin-protecteur-les-levres-baume-gourmand-karite-bio\/#primaryimage\",\"url\":\"https:\/\/paracherkaoui.ma\/wp-content\/uploads\/2025\/12\/roge-cavailles-roge-cavailles-soin-protecteur-les-levres-baume-gourmand-karite-bio-levres.jpg\",\"contentUrl\":\"https:\/\/paracherkaoui.ma\/wp-content\/uploads\/2025\/12\/roge-cavailles-roge-cavailles-soin-protecteur-les-levres-baume-gourmand-karite-bio-levres.jpg\",\"width\":700,\"height\":700},{\"@type\":\"BreadcrumbList\",\"@id\":\"https:\/\/paracherkaoui.ma\/index.php\/produit\/roge-cavailles-soin-protecteur-les-levres-baume-gourmand-karite-bio\/#breadcrumb\",\"itemListElement\":[{\"@type\":\"ListItem\",\"position\":1,\"name\":\"Accueil\",\"item\":\"https:\/\/paracherkaoui.ma\/\"},{\"@type\":\"ListItem\",\"position\":2,\"name\":\"Boutique\",\"item\":\"https:\/\/paracherkaoui.ma\/index.php\/boutique\/\"},{\"@type\":\"ListItem\",\"position\":3,\"name\":\"ROGE CAVAILLES SOIN PROTECTEUR LES LEVRES BAUME GOURMAND KARITE BIO\"}]},{\"@type\":\"WebSite\",\"@id\":\"https:\/\/paracherkaoui.ma\/#website\",\"url\":\"https:\/\/paracherkaoui.ma\/\",\"name\":\"Paracherkaoui.ma\",\"description\":\"Achetez en ligne sur Paracherkaoui.ma\",\"potentialAction\":[{\"@type\":\"SearchAction\",\"target\":{\"@type\":\"EntryPoint\",\"urlTemplate\":\"https:\/\/paracherkaoui.ma\/?s={search_term_string}\"},\"query-input\":{\"@type\":\"PropertyValueSpecification\",\"valueRequired\":true,\"valueName\":\"search_term_string\"}}],\"inLanguage\":\"fr-FR\"}]}<\/script>\r\n<!-- \/ Yoast SEO plugin. -->","yoast_head_json":{"title":"ROGE CAVAILLES SOIN PROTECTEUR LES LEVRES BAUME GOURMAND KARITE BIO - Paracherkaoui.ma","robots":{"index":"index","follow":"follow","max-snippet":"max-snippet:-1","max-image-preview":"max-image-preview:large","max-video-preview":"max-video-preview:-1"},"canonical":"https:\/\/paracherkaoui.ma\/index.php\/produit\/roge-cavailles-soin-protecteur-les-levres-baume-gourmand-karite-bio\/","og_locale":"fr_FR","og_type":"article","og_title":"ROGE CAVAILLES SOIN PROTECTEUR LES LEVRES BAUME GOURMAND KARITE BIO - Paracherkaoui.ma","og_description":"\u2022 Pour les L\u00c8VRES S\u00c8CHES : contenant du surgras v\u00e9g\u00e9tal pro-r\u00e9g\u00e9n\u00e9rant\u00ae et du beurre de karit\u00e9 bio, notre formule aide","og_url":"https:\/\/paracherkaoui.ma\/index.php\/produit\/roge-cavailles-soin-protecteur-les-levres-baume-gourmand-karite-bio\/","og_site_name":"Paracherkaoui.ma","article_modified_time":"2025-12-12T17:29:40+00:00","og_image":[{"width":700,"height":700,"url":"https:\/\/paracherkaoui.ma\/wp-content\/uploads\/2025\/12\/roge-cavailles-roge-cavailles-soin-protecteur-les-levres-baume-gourmand-karite-bio-levres.jpg","type":"image\/jpeg"}],"twitter_card":"summary_large_image","schema":{"@context":"https:\/\/schema.org","@graph":[{"@type":"WebPage","@id":"https:\/\/paracherkaoui.ma\/index.php\/produit\/roge-cavailles-soin-protecteur-les-levres-baume-gourmand-karite-bio\/","url":"https:\/\/paracherkaoui.ma\/index.php\/produit\/roge-cavailles-soin-protecteur-les-levres-baume-gourmand-karite-bio\/","name":"ROGE CAVAILLES SOIN PROTECTEUR LES LEVRES BAUME GOURMAND KARITE BIO - Paracherkaoui.ma","isPartOf":{"@id":"https:\/\/paracherkaoui.ma\/#website"},"primaryImageOfPage":{"@id":"https:\/\/paracherkaoui.ma\/index.php\/produit\/roge-cavailles-soin-protecteur-les-levres-baume-gourmand-karite-bio\/#primaryimage"},"image":{"@id":"https:\/\/paracherkaoui.ma\/index.php\/produit\/roge-cavailles-soin-protecteur-les-levres-baume-gourmand-karite-bio\/#primaryimage"},"thumbnailUrl":"https:\/\/paracherkaoui.ma\/wp-content\/uploads\/2025\/12\/roge-cavailles-roge-cavailles-soin-protecteur-les-levres-baume-gourmand-karite-bio-levres.jpg","datePublished":"2025-12-12T17:29:33+00:00","dateModified":"2025-12-12T17:29:40+00:00","breadcrumb":{"@id":"https:\/\/paracherkaoui.ma\/index.php\/produit\/roge-cavailles-soin-protecteur-les-levres-baume-gourmand-karite-bio\/#breadcrumb"},"inLanguage":"fr-FR","potentialAction":[{"@type":"ReadAction","target":["https:\/\/paracherkaoui.ma\/index.php\/produit\/roge-cavailles-soin-protecteur-les-levres-baume-gourmand-karite-bio\/"]}]},{"@type":"ImageObject","inLanguage":"fr-FR","@id":"https:\/\/paracherkaoui.ma\/index.php\/produit\/roge-cavailles-soin-protecteur-les-levres-baume-gourmand-karite-bio\/#primaryimage","url":"https:\/\/paracherkaoui.ma\/wp-content\/uploads\/2025\/12\/roge-cavailles-roge-cavailles-soin-protecteur-les-levres-baume-gourmand-karite-bio-levres.jpg","contentUrl":"https:\/\/paracherkaoui.ma\/wp-content\/uploads\/2025\/12\/roge-cavailles-roge-cavailles-soin-protecteur-les-levres-baume-gourmand-karite-bio-levres.jpg","width":700,"height":700},{"@type":"BreadcrumbList","@id":"https:\/\/paracherkaoui.ma\/index.php\/produit\/roge-cavailles-soin-protecteur-les-levres-baume-gourmand-karite-bio\/#breadcrumb","itemListElement":[{"@type":"ListItem","position":1,"name":"Accueil","item":"https:\/\/paracherkaoui.ma\/"},{"@type":"ListItem","position":2,"name":"Boutique","item":"https:\/\/paracherkaoui.ma\/index.php\/boutique\/"},{"@type":"ListItem","position":3,"name":"ROGE CAVAILLES SOIN PROTECTEUR LES LEVRES BAUME GOURMAND KARITE BIO"}]},{"@type":"WebSite","@id":"https:\/\/paracherkaoui.ma\/#website","url":"https:\/\/paracherkaoui.ma\/","name":"Paracherkaoui.ma","description":"Achetez en ligne sur Paracherkaoui.ma","potentialAction":[{"@type":"SearchAction","target":{"@type":"EntryPoint","urlTemplate":"https:\/\/paracherkaoui.ma\/?s={search_term_string}"},"query-input":{"@type":"PropertyValueSpecification","valueRequired":true,"valueName":"search_term_string"}}],"inLanguage":"fr-FR"}]}},"_links":{"self":[{"href":"https:\/\/paracherkaoui.ma\/index.php\/wp-json\/wp\/v2\/product\/28716","targetHints":{"allow":["GET"]}}],"collection":[{"href":"https:\/\/paracherkaoui.ma\/index.php\/wp-json\/wp\/v2\/product"}],"about":[{"href":"https:\/\/paracherkaoui.ma\/index.php\/wp-json\/wp\/v2\/types\/product"}],"replies":[{"embeddable":true,"href":"https:\/\/paracherkaoui.ma\/index.php\/wp-json\/wp\/v2\/comments?post=28716"}],"version-history":[{"count":1,"href":"https:\/\/paracherkaoui.ma\/index.php\/wp-json\/wp\/v2\/product\/28716\/revisions"}],"predecessor-version":[{"id":28760,"href":"https:\/\/paracherkaoui.ma\/index.php\/wp-json\/wp\/v2\/product\/28716\/revisions\/28760"}],"wp:featuredmedia":[{"embeddable":true,"href":"https:\/\/paracherkaoui.ma\/index.php\/wp-json\/wp\/v2\/media\/28759"}],"wp:attachment":[{"href":"https:\/\/paracherkaoui.ma\/index.php\/wp-json\/wp\/v2\/media?parent=28716"}],"wp:term":[{"taxonomy":"product_brand","embeddable":true,"href":"https:\/\/paracherkaoui.ma\/index.php\/wp-json\/wp\/v2\/product_brand?post=28716"},{"taxonomy":"product_cat","embeddable":true,"href":"https:\/\/paracherkaoui.ma\/index.php\/wp-json\/wp\/v2\/product_cat?post=28716"},{"taxonomy":"product_tag","embeddable":true,"href":"https:\/\/paracherkaoui.ma\/index.php\/wp-json\/wp\/v2\/product_tag?post=28716"}],"curies":[{"name":"wp","href":"https:\/\/api.w.org\/{rel}","templated":true}]}}