{"id":28706,"date":"2025-12-12T18:29:31","date_gmt":"2025-12-12T17:29:31","guid":{"rendered":"https:\/\/test.ecbeaute.com\/?post_type=product&#038;p=28706"},"modified":"2025-12-12T18:29:37","modified_gmt":"2025-12-12T17:29:37","slug":"patyka-nutri-bouche-a-bouche-baume-levres-10-ml","status":"publish","type":"product","link":"https:\/\/paracherkaoui.ma\/index.php\/produit\/patyka-nutri-bouche-a-bouche-baume-levres-10-ml\/","title":{"rendered":"PATYKA NUTRI BOUCHE A BOUCHE BAUME LEVRES 10 ML"},"content":{"rendered":"<p>Le baume l\u00e8vres bio Bouche \u00e0 Bouche est un soin incontournable pour retrouver des l\u00e8vres douces, lisses et intens\u00e9ment nourries. Enrichi en huiles de prune bio et de tournesol bio, il r\u00e9pare en profondeur les l\u00e8vres gerc\u00e9es et ab\u00eem\u00e9es, offrant un confort imm\u00e9diat. Ce baume est particuli\u00e8rement efficace en hiver, formant un bouclier protecteur contre le froid tout en \u00e9vitant la sensation de tiraillement. Sa formule \u00e0 la texture fondante et non collante, baume-en-huile, glisse parfaitement sur les l\u00e8vres gr\u00e2ce \u00e0 son embout biseaut\u00e9, facilitant ainsi chaque application.<br \/>\nLe doux parfum fruit\u00e9 et vanill\u00e9 ajoute une touche de plaisir \u00e0 chaque utilisation, transformant ce moment de soin en une v\u00e9ritable pause bien-\u00eatre. Ce baume ne se contente pas d\u2019apaiser, il repulpe visiblement les l\u00e8vres, les rendant plus souples et rebondies d\u00e8s la premi\u00e8re application.<br \/>\nSon effet filmog\u00e8ne cr\u00e9e une barri\u00e8re durable qui garde les l\u00e8vres hydrat\u00e9es tout au long de la journ\u00e9e, m\u00eame face aux agressions ext\u00e9rieures. Vous pouvez l\u2019utiliser quotidiennement, matin et soir, ou d\u00e8s que vos l\u00e8vres ont besoin d\u2019un soin rapide. Offrez \u00e0 vos l\u00e8vres une hydratation naturelle, gr\u00e2ce aux ingr\u00e9dients bio d\u2019origine fran\u00e7aise, pour une sensation de confort longue dur\u00e9e.<br \/>\nConseils d\u2019utilisation :<br \/>\nAppliquez le baume directement sur les l\u00e8vres \u00e0 l\u2019aide de l\u2019embout biseaut\u00e9.<br \/>\nUtilisez-le matin et soir ou \u00e0 chaque fois que vous ressentez une g\u00eane.<\/p>\n","protected":false},"excerpt":{"rendered":"<p>Le baume l\u00e8vres bio Bouche \u00e0 Bouche est un soin incontournable pour retrouver des l\u00e8vres douces, lisses et intens\u00e9ment nourries.<\/p>\n","protected":false},"featured_media":28739,"comment_status":"open","ping_status":"closed","template":"","meta":[],"product_brand":[443],"product_cat":[535],"product_tag":[],"class_list":{"0":"post-28706","1":"product","2":"type-product","3":"status-publish","4":"has-post-thumbnail","6":"product_brand-patyka","7":"product_cat-levres","9":"first","10":"instock","11":"sale","12":"shipping-taxable","13":"purchasable","14":"product-type-simple"},"yoast_head":"<!-- This site is optimized with the Yoast SEO plugin v26.6 - https:\/\/yoast.com\/wordpress\/plugins\/seo\/ -->\r\n<title>PATYKA NUTRI BOUCHE A BOUCHE BAUME LEVRES 10 ML - Paracherkaoui.ma<\/title>\r\n<meta name=\"robots\" content=\"index, follow, max-snippet:-1, max-image-preview:large, max-video-preview:-1\" \/>\r\n<link rel=\"canonical\" href=\"https:\/\/paracherkaoui.ma\/index.php\/produit\/patyka-nutri-bouche-a-bouche-baume-levres-10-ml\/\" \/>\r\n<meta property=\"og:locale\" content=\"fr_FR\" \/>\r\n<meta property=\"og:type\" content=\"article\" \/>\r\n<meta property=\"og:title\" content=\"PATYKA NUTRI BOUCHE A BOUCHE BAUME LEVRES 10 ML - Paracherkaoui.ma\" \/>\r\n<meta property=\"og:description\" content=\"Le baume l\u00e8vres bio Bouche \u00e0 Bouche est un soin incontournable pour retrouver des l\u00e8vres douces, lisses et intens\u00e9ment nourries.\" \/>\r\n<meta property=\"og:url\" content=\"https:\/\/paracherkaoui.ma\/index.php\/produit\/patyka-nutri-bouche-a-bouche-baume-levres-10-ml\/\" \/>\r\n<meta property=\"og:site_name\" content=\"Paracherkaoui.ma\" \/>\r\n<meta property=\"article:modified_time\" content=\"2025-12-12T17:29:37+00:00\" \/>\r\n<meta property=\"og:image\" content=\"https:\/\/paracherkaoui.ma\/wp-content\/uploads\/2025\/12\/patyka-patyka-nutri-bouche-a-bouche-baume-levres-10-ml-levres.jpg\" \/>\r\n\t<meta property=\"og:image:width\" content=\"700\" \/>\r\n\t<meta property=\"og:image:height\" content=\"700\" \/>\r\n\t<meta property=\"og:image:type\" content=\"image\/jpeg\" \/>\r\n<meta name=\"twitter:card\" content=\"summary_large_image\" \/>\r\n<meta name=\"twitter:label1\" content=\"Dur\u00e9e de lecture estim\u00e9e\" \/>\n\t<meta name=\"twitter:data1\" content=\"1 minute\" \/>\r\n<script type=\"application\/ld+json\" class=\"yoast-schema-graph\">{\"@context\":\"https:\/\/schema.org\",\"@graph\":[{\"@type\":\"WebPage\",\"@id\":\"https:\/\/paracherkaoui.ma\/index.php\/produit\/patyka-nutri-bouche-a-bouche-baume-levres-10-ml\/\",\"url\":\"https:\/\/paracherkaoui.ma\/index.php\/produit\/patyka-nutri-bouche-a-bouche-baume-levres-10-ml\/\",\"name\":\"PATYKA NUTRI BOUCHE A BOUCHE BAUME LEVRES 10 ML - Paracherkaoui.ma\",\"isPartOf\":{\"@id\":\"https:\/\/paracherkaoui.ma\/#website\"},\"primaryImageOfPage\":{\"@id\":\"https:\/\/paracherkaoui.ma\/index.php\/produit\/patyka-nutri-bouche-a-bouche-baume-levres-10-ml\/#primaryimage\"},\"image\":{\"@id\":\"https:\/\/paracherkaoui.ma\/index.php\/produit\/patyka-nutri-bouche-a-bouche-baume-levres-10-ml\/#primaryimage\"},\"thumbnailUrl\":\"https:\/\/paracherkaoui.ma\/wp-content\/uploads\/2025\/12\/patyka-patyka-nutri-bouche-a-bouche-baume-levres-10-ml-levres.jpg\",\"datePublished\":\"2025-12-12T17:29:31+00:00\",\"dateModified\":\"2025-12-12T17:29:37+00:00\",\"breadcrumb\":{\"@id\":\"https:\/\/paracherkaoui.ma\/index.php\/produit\/patyka-nutri-bouche-a-bouche-baume-levres-10-ml\/#breadcrumb\"},\"inLanguage\":\"fr-FR\",\"potentialAction\":[{\"@type\":\"ReadAction\",\"target\":[\"https:\/\/paracherkaoui.ma\/index.php\/produit\/patyka-nutri-bouche-a-bouche-baume-levres-10-ml\/\"]}]},{\"@type\":\"ImageObject\",\"inLanguage\":\"fr-FR\",\"@id\":\"https:\/\/paracherkaoui.ma\/index.php\/produit\/patyka-nutri-bouche-a-bouche-baume-levres-10-ml\/#primaryimage\",\"url\":\"https:\/\/paracherkaoui.ma\/wp-content\/uploads\/2025\/12\/patyka-patyka-nutri-bouche-a-bouche-baume-levres-10-ml-levres.jpg\",\"contentUrl\":\"https:\/\/paracherkaoui.ma\/wp-content\/uploads\/2025\/12\/patyka-patyka-nutri-bouche-a-bouche-baume-levres-10-ml-levres.jpg\",\"width\":700,\"height\":700},{\"@type\":\"BreadcrumbList\",\"@id\":\"https:\/\/paracherkaoui.ma\/index.php\/produit\/patyka-nutri-bouche-a-bouche-baume-levres-10-ml\/#breadcrumb\",\"itemListElement\":[{\"@type\":\"ListItem\",\"position\":1,\"name\":\"Accueil\",\"item\":\"https:\/\/paracherkaoui.ma\/\"},{\"@type\":\"ListItem\",\"position\":2,\"name\":\"Boutique\",\"item\":\"https:\/\/paracherkaoui.ma\/index.php\/boutique\/\"},{\"@type\":\"ListItem\",\"position\":3,\"name\":\"PATYKA NUTRI BOUCHE A BOUCHE BAUME LEVRES 10 ML\"}]},{\"@type\":\"WebSite\",\"@id\":\"https:\/\/paracherkaoui.ma\/#website\",\"url\":\"https:\/\/paracherkaoui.ma\/\",\"name\":\"Paracherkaoui.ma\",\"description\":\"Achetez en ligne sur Paracherkaoui.ma\",\"potentialAction\":[{\"@type\":\"SearchAction\",\"target\":{\"@type\":\"EntryPoint\",\"urlTemplate\":\"https:\/\/paracherkaoui.ma\/?s={search_term_string}\"},\"query-input\":{\"@type\":\"PropertyValueSpecification\",\"valueRequired\":true,\"valueName\":\"search_term_string\"}}],\"inLanguage\":\"fr-FR\"}]}<\/script>\r\n<!-- \/ Yoast SEO plugin. -->","yoast_head_json":{"title":"PATYKA NUTRI BOUCHE A BOUCHE BAUME LEVRES 10 ML - Paracherkaoui.ma","robots":{"index":"index","follow":"follow","max-snippet":"max-snippet:-1","max-image-preview":"max-image-preview:large","max-video-preview":"max-video-preview:-1"},"canonical":"https:\/\/paracherkaoui.ma\/index.php\/produit\/patyka-nutri-bouche-a-bouche-baume-levres-10-ml\/","og_locale":"fr_FR","og_type":"article","og_title":"PATYKA NUTRI BOUCHE A BOUCHE BAUME LEVRES 10 ML - Paracherkaoui.ma","og_description":"Le baume l\u00e8vres bio Bouche \u00e0 Bouche est un soin incontournable pour retrouver des l\u00e8vres douces, lisses et intens\u00e9ment nourries.","og_url":"https:\/\/paracherkaoui.ma\/index.php\/produit\/patyka-nutri-bouche-a-bouche-baume-levres-10-ml\/","og_site_name":"Paracherkaoui.ma","article_modified_time":"2025-12-12T17:29:37+00:00","og_image":[{"width":700,"height":700,"url":"https:\/\/paracherkaoui.ma\/wp-content\/uploads\/2025\/12\/patyka-patyka-nutri-bouche-a-bouche-baume-levres-10-ml-levres.jpg","type":"image\/jpeg"}],"twitter_card":"summary_large_image","twitter_misc":{"Dur\u00e9e de lecture estim\u00e9e":"1 minute"},"schema":{"@context":"https:\/\/schema.org","@graph":[{"@type":"WebPage","@id":"https:\/\/paracherkaoui.ma\/index.php\/produit\/patyka-nutri-bouche-a-bouche-baume-levres-10-ml\/","url":"https:\/\/paracherkaoui.ma\/index.php\/produit\/patyka-nutri-bouche-a-bouche-baume-levres-10-ml\/","name":"PATYKA NUTRI BOUCHE A BOUCHE BAUME LEVRES 10 ML - Paracherkaoui.ma","isPartOf":{"@id":"https:\/\/paracherkaoui.ma\/#website"},"primaryImageOfPage":{"@id":"https:\/\/paracherkaoui.ma\/index.php\/produit\/patyka-nutri-bouche-a-bouche-baume-levres-10-ml\/#primaryimage"},"image":{"@id":"https:\/\/paracherkaoui.ma\/index.php\/produit\/patyka-nutri-bouche-a-bouche-baume-levres-10-ml\/#primaryimage"},"thumbnailUrl":"https:\/\/paracherkaoui.ma\/wp-content\/uploads\/2025\/12\/patyka-patyka-nutri-bouche-a-bouche-baume-levres-10-ml-levres.jpg","datePublished":"2025-12-12T17:29:31+00:00","dateModified":"2025-12-12T17:29:37+00:00","breadcrumb":{"@id":"https:\/\/paracherkaoui.ma\/index.php\/produit\/patyka-nutri-bouche-a-bouche-baume-levres-10-ml\/#breadcrumb"},"inLanguage":"fr-FR","potentialAction":[{"@type":"ReadAction","target":["https:\/\/paracherkaoui.ma\/index.php\/produit\/patyka-nutri-bouche-a-bouche-baume-levres-10-ml\/"]}]},{"@type":"ImageObject","inLanguage":"fr-FR","@id":"https:\/\/paracherkaoui.ma\/index.php\/produit\/patyka-nutri-bouche-a-bouche-baume-levres-10-ml\/#primaryimage","url":"https:\/\/paracherkaoui.ma\/wp-content\/uploads\/2025\/12\/patyka-patyka-nutri-bouche-a-bouche-baume-levres-10-ml-levres.jpg","contentUrl":"https:\/\/paracherkaoui.ma\/wp-content\/uploads\/2025\/12\/patyka-patyka-nutri-bouche-a-bouche-baume-levres-10-ml-levres.jpg","width":700,"height":700},{"@type":"BreadcrumbList","@id":"https:\/\/paracherkaoui.ma\/index.php\/produit\/patyka-nutri-bouche-a-bouche-baume-levres-10-ml\/#breadcrumb","itemListElement":[{"@type":"ListItem","position":1,"name":"Accueil","item":"https:\/\/paracherkaoui.ma\/"},{"@type":"ListItem","position":2,"name":"Boutique","item":"https:\/\/paracherkaoui.ma\/index.php\/boutique\/"},{"@type":"ListItem","position":3,"name":"PATYKA NUTRI BOUCHE A BOUCHE BAUME LEVRES 10 ML"}]},{"@type":"WebSite","@id":"https:\/\/paracherkaoui.ma\/#website","url":"https:\/\/paracherkaoui.ma\/","name":"Paracherkaoui.ma","description":"Achetez en ligne sur Paracherkaoui.ma","potentialAction":[{"@type":"SearchAction","target":{"@type":"EntryPoint","urlTemplate":"https:\/\/paracherkaoui.ma\/?s={search_term_string}"},"query-input":{"@type":"PropertyValueSpecification","valueRequired":true,"valueName":"search_term_string"}}],"inLanguage":"fr-FR"}]}},"_links":{"self":[{"href":"https:\/\/paracherkaoui.ma\/index.php\/wp-json\/wp\/v2\/product\/28706","targetHints":{"allow":["GET"]}}],"collection":[{"href":"https:\/\/paracherkaoui.ma\/index.php\/wp-json\/wp\/v2\/product"}],"about":[{"href":"https:\/\/paracherkaoui.ma\/index.php\/wp-json\/wp\/v2\/types\/product"}],"replies":[{"embeddable":true,"href":"https:\/\/paracherkaoui.ma\/index.php\/wp-json\/wp\/v2\/comments?post=28706"}],"version-history":[{"count":1,"href":"https:\/\/paracherkaoui.ma\/index.php\/wp-json\/wp\/v2\/product\/28706\/revisions"}],"predecessor-version":[{"id":28740,"href":"https:\/\/paracherkaoui.ma\/index.php\/wp-json\/wp\/v2\/product\/28706\/revisions\/28740"}],"wp:featuredmedia":[{"embeddable":true,"href":"https:\/\/paracherkaoui.ma\/index.php\/wp-json\/wp\/v2\/media\/28739"}],"wp:attachment":[{"href":"https:\/\/paracherkaoui.ma\/index.php\/wp-json\/wp\/v2\/media?parent=28706"}],"wp:term":[{"taxonomy":"product_brand","embeddable":true,"href":"https:\/\/paracherkaoui.ma\/index.php\/wp-json\/wp\/v2\/product_brand?post=28706"},{"taxonomy":"product_cat","embeddable":true,"href":"https:\/\/paracherkaoui.ma\/index.php\/wp-json\/wp\/v2\/product_cat?post=28706"},{"taxonomy":"product_tag","embeddable":true,"href":"https:\/\/paracherkaoui.ma\/index.php\/wp-json\/wp\/v2\/product_tag?post=28706"}],"curies":[{"name":"wp","href":"https:\/\/api.w.org\/{rel}","templated":true}]}}