{"id":28651,"date":"2025-12-12T18:29:15","date_gmt":"2025-12-12T17:29:15","guid":{"rendered":"https:\/\/test.ecbeaute.com\/?post_type=product&#038;p=28651"},"modified":"2025-12-12T18:29:17","modified_gmt":"2025-12-12T17:29:17","slug":"naturalia-lips-care-classic-lip-balm","status":"publish","type":"product","link":"https:\/\/paracherkaoui.ma\/index.php\/produit\/naturalia-lips-care-classic-lip-balm\/","title":{"rendered":"NATURALIA LIPS CARE CLASSIC LIP BALM"},"content":{"rendered":"<p>Le baume \u00e0 l\u00e8vres Naturalia, au parfum subtil et envo\u00fbtant, procure une sensation de confort imm\u00e9diate. Il glisse en douceur sur vos l\u00e8vres, laissant une fine couche protectrice qui emp\u00eache la perte d&rsquo;humidit\u00e9. Sa texture non grasse et l\u00e9g\u00e8re le rend id\u00e9al pour une utilisation quotidienne, seule ou sous votre rouge \u00e0 l\u00e8vres pr\u00e9f\u00e9r\u00e9.<br \/>\nConseils d&rsquo;utilisation :<br \/>\nPour de meilleurs r\u00e9sultats, appliquez le baume \u00e0 l\u00e8vres Naturalia plusieurs fois par jour, en particulier avant l&rsquo;exposition aux conditions climatiques s\u00e9v\u00e8res. Il est \u00e9galement recommand\u00e9 de l&rsquo;utiliser avant de se coucher pour une hydratation nocturne optimale.<br \/>\nAppliquez le baume directement sur les l\u00e8vres propres et s\u00e8ches. R\u00e9appliquez aussi souvent que n\u00e9cessaire tout au long de la journ\u00e9e.\u00a0 Utilisez-le comme base sous votre rouge \u00e0 l\u00e8vres pour assurer une application lisse et prolonger la tenue de votre couleur. Appliquez une couche g\u00e9n\u00e9reuse avant de vous coucher pour permettre au produit d&rsquo;agir pendant la nuit, laissant vos l\u00e8vres douces et revitalis\u00e9es au r\u00e9veil.<br \/>\nNaturalia Lips Care Classic Lip Balm est un indispensable pour des l\u00e8vres toujours douces, hydrat\u00e9es et \u00e9clatantes de sant\u00e9. Adoptez-le dans votre routine beaut\u00e9 et offrez \u00e0 vos l\u00e8vres le meilleur des soins naturels.<\/p>\n","protected":false},"excerpt":{"rendered":"<p>Le baume \u00e0 l\u00e8vres Naturalia, au parfum subtil et envo\u00fbtant, procure une sensation de confort imm\u00e9diate. Il glisse en douceur<\/p>\n","protected":false},"featured_media":28676,"comment_status":"open","ping_status":"closed","template":"","meta":[],"product_brand":[289],"product_cat":[535],"product_tag":[],"class_list":{"0":"post-28651","1":"product","2":"type-product","3":"status-publish","4":"has-post-thumbnail","6":"product_brand-naturalia","7":"product_cat-levres","9":"first","10":"instock","11":"sale","12":"shipping-taxable","13":"purchasable","14":"product-type-simple"},"yoast_head":"<!-- This site is optimized with the Yoast SEO plugin v26.6 - https:\/\/yoast.com\/wordpress\/plugins\/seo\/ -->\r\n<title>NATURALIA LIPS CARE CLASSIC LIP BALM - Paracherkaoui.ma<\/title>\r\n<meta name=\"robots\" content=\"index, follow, max-snippet:-1, max-image-preview:large, max-video-preview:-1\" \/>\r\n<link rel=\"canonical\" href=\"https:\/\/paracherkaoui.ma\/index.php\/produit\/naturalia-lips-care-classic-lip-balm\/\" \/>\r\n<meta property=\"og:locale\" content=\"fr_FR\" \/>\r\n<meta property=\"og:type\" content=\"article\" \/>\r\n<meta property=\"og:title\" content=\"NATURALIA LIPS CARE CLASSIC LIP BALM - Paracherkaoui.ma\" \/>\r\n<meta property=\"og:description\" content=\"Le baume \u00e0 l\u00e8vres Naturalia, au parfum subtil et envo\u00fbtant, procure une sensation de confort imm\u00e9diate. Il glisse en douceur\" \/>\r\n<meta property=\"og:url\" content=\"https:\/\/paracherkaoui.ma\/index.php\/produit\/naturalia-lips-care-classic-lip-balm\/\" \/>\r\n<meta property=\"og:site_name\" content=\"Paracherkaoui.ma\" \/>\r\n<meta property=\"article:modified_time\" content=\"2025-12-12T17:29:17+00:00\" \/>\r\n<meta property=\"og:image\" content=\"https:\/\/paracherkaoui.ma\/wp-content\/uploads\/2025\/12\/naturalia-naturalia-lips-care-classic-lip-balm-levres.jpg\" \/>\r\n\t<meta property=\"og:image:width\" content=\"700\" \/>\r\n\t<meta property=\"og:image:height\" content=\"700\" \/>\r\n\t<meta property=\"og:image:type\" content=\"image\/jpeg\" \/>\r\n<meta name=\"twitter:card\" content=\"summary_large_image\" \/>\r\n<meta name=\"twitter:label1\" content=\"Dur\u00e9e de lecture estim\u00e9e\" \/>\n\t<meta name=\"twitter:data1\" content=\"1 minute\" \/>\r\n<script type=\"application\/ld+json\" class=\"yoast-schema-graph\">{\"@context\":\"https:\/\/schema.org\",\"@graph\":[{\"@type\":\"WebPage\",\"@id\":\"https:\/\/paracherkaoui.ma\/index.php\/produit\/naturalia-lips-care-classic-lip-balm\/\",\"url\":\"https:\/\/paracherkaoui.ma\/index.php\/produit\/naturalia-lips-care-classic-lip-balm\/\",\"name\":\"NATURALIA LIPS CARE CLASSIC LIP BALM - Paracherkaoui.ma\",\"isPartOf\":{\"@id\":\"https:\/\/paracherkaoui.ma\/#website\"},\"primaryImageOfPage\":{\"@id\":\"https:\/\/paracherkaoui.ma\/index.php\/produit\/naturalia-lips-care-classic-lip-balm\/#primaryimage\"},\"image\":{\"@id\":\"https:\/\/paracherkaoui.ma\/index.php\/produit\/naturalia-lips-care-classic-lip-balm\/#primaryimage\"},\"thumbnailUrl\":\"https:\/\/paracherkaoui.ma\/wp-content\/uploads\/2025\/12\/naturalia-naturalia-lips-care-classic-lip-balm-levres.jpg\",\"datePublished\":\"2025-12-12T17:29:15+00:00\",\"dateModified\":\"2025-12-12T17:29:17+00:00\",\"breadcrumb\":{\"@id\":\"https:\/\/paracherkaoui.ma\/index.php\/produit\/naturalia-lips-care-classic-lip-balm\/#breadcrumb\"},\"inLanguage\":\"fr-FR\",\"potentialAction\":[{\"@type\":\"ReadAction\",\"target\":[\"https:\/\/paracherkaoui.ma\/index.php\/produit\/naturalia-lips-care-classic-lip-balm\/\"]}]},{\"@type\":\"ImageObject\",\"inLanguage\":\"fr-FR\",\"@id\":\"https:\/\/paracherkaoui.ma\/index.php\/produit\/naturalia-lips-care-classic-lip-balm\/#primaryimage\",\"url\":\"https:\/\/paracherkaoui.ma\/wp-content\/uploads\/2025\/12\/naturalia-naturalia-lips-care-classic-lip-balm-levres.jpg\",\"contentUrl\":\"https:\/\/paracherkaoui.ma\/wp-content\/uploads\/2025\/12\/naturalia-naturalia-lips-care-classic-lip-balm-levres.jpg\",\"width\":700,\"height\":700},{\"@type\":\"BreadcrumbList\",\"@id\":\"https:\/\/paracherkaoui.ma\/index.php\/produit\/naturalia-lips-care-classic-lip-balm\/#breadcrumb\",\"itemListElement\":[{\"@type\":\"ListItem\",\"position\":1,\"name\":\"Accueil\",\"item\":\"https:\/\/paracherkaoui.ma\/\"},{\"@type\":\"ListItem\",\"position\":2,\"name\":\"Boutique\",\"item\":\"https:\/\/paracherkaoui.ma\/index.php\/boutique\/\"},{\"@type\":\"ListItem\",\"position\":3,\"name\":\"NATURALIA LIPS CARE CLASSIC LIP BALM\"}]},{\"@type\":\"WebSite\",\"@id\":\"https:\/\/paracherkaoui.ma\/#website\",\"url\":\"https:\/\/paracherkaoui.ma\/\",\"name\":\"Paracherkaoui.ma\",\"description\":\"Achetez en ligne sur Paracherkaoui.ma\",\"potentialAction\":[{\"@type\":\"SearchAction\",\"target\":{\"@type\":\"EntryPoint\",\"urlTemplate\":\"https:\/\/paracherkaoui.ma\/?s={search_term_string}\"},\"query-input\":{\"@type\":\"PropertyValueSpecification\",\"valueRequired\":true,\"valueName\":\"search_term_string\"}}],\"inLanguage\":\"fr-FR\"}]}<\/script>\r\n<!-- \/ Yoast SEO plugin. -->","yoast_head_json":{"title":"NATURALIA LIPS CARE CLASSIC LIP BALM - Paracherkaoui.ma","robots":{"index":"index","follow":"follow","max-snippet":"max-snippet:-1","max-image-preview":"max-image-preview:large","max-video-preview":"max-video-preview:-1"},"canonical":"https:\/\/paracherkaoui.ma\/index.php\/produit\/naturalia-lips-care-classic-lip-balm\/","og_locale":"fr_FR","og_type":"article","og_title":"NATURALIA LIPS CARE CLASSIC LIP BALM - Paracherkaoui.ma","og_description":"Le baume \u00e0 l\u00e8vres Naturalia, au parfum subtil et envo\u00fbtant, procure une sensation de confort imm\u00e9diate. Il glisse en douceur","og_url":"https:\/\/paracherkaoui.ma\/index.php\/produit\/naturalia-lips-care-classic-lip-balm\/","og_site_name":"Paracherkaoui.ma","article_modified_time":"2025-12-12T17:29:17+00:00","og_image":[{"width":700,"height":700,"url":"https:\/\/paracherkaoui.ma\/wp-content\/uploads\/2025\/12\/naturalia-naturalia-lips-care-classic-lip-balm-levres.jpg","type":"image\/jpeg"}],"twitter_card":"summary_large_image","twitter_misc":{"Dur\u00e9e de lecture estim\u00e9e":"1 minute"},"schema":{"@context":"https:\/\/schema.org","@graph":[{"@type":"WebPage","@id":"https:\/\/paracherkaoui.ma\/index.php\/produit\/naturalia-lips-care-classic-lip-balm\/","url":"https:\/\/paracherkaoui.ma\/index.php\/produit\/naturalia-lips-care-classic-lip-balm\/","name":"NATURALIA LIPS CARE CLASSIC LIP BALM - Paracherkaoui.ma","isPartOf":{"@id":"https:\/\/paracherkaoui.ma\/#website"},"primaryImageOfPage":{"@id":"https:\/\/paracherkaoui.ma\/index.php\/produit\/naturalia-lips-care-classic-lip-balm\/#primaryimage"},"image":{"@id":"https:\/\/paracherkaoui.ma\/index.php\/produit\/naturalia-lips-care-classic-lip-balm\/#primaryimage"},"thumbnailUrl":"https:\/\/paracherkaoui.ma\/wp-content\/uploads\/2025\/12\/naturalia-naturalia-lips-care-classic-lip-balm-levres.jpg","datePublished":"2025-12-12T17:29:15+00:00","dateModified":"2025-12-12T17:29:17+00:00","breadcrumb":{"@id":"https:\/\/paracherkaoui.ma\/index.php\/produit\/naturalia-lips-care-classic-lip-balm\/#breadcrumb"},"inLanguage":"fr-FR","potentialAction":[{"@type":"ReadAction","target":["https:\/\/paracherkaoui.ma\/index.php\/produit\/naturalia-lips-care-classic-lip-balm\/"]}]},{"@type":"ImageObject","inLanguage":"fr-FR","@id":"https:\/\/paracherkaoui.ma\/index.php\/produit\/naturalia-lips-care-classic-lip-balm\/#primaryimage","url":"https:\/\/paracherkaoui.ma\/wp-content\/uploads\/2025\/12\/naturalia-naturalia-lips-care-classic-lip-balm-levres.jpg","contentUrl":"https:\/\/paracherkaoui.ma\/wp-content\/uploads\/2025\/12\/naturalia-naturalia-lips-care-classic-lip-balm-levres.jpg","width":700,"height":700},{"@type":"BreadcrumbList","@id":"https:\/\/paracherkaoui.ma\/index.php\/produit\/naturalia-lips-care-classic-lip-balm\/#breadcrumb","itemListElement":[{"@type":"ListItem","position":1,"name":"Accueil","item":"https:\/\/paracherkaoui.ma\/"},{"@type":"ListItem","position":2,"name":"Boutique","item":"https:\/\/paracherkaoui.ma\/index.php\/boutique\/"},{"@type":"ListItem","position":3,"name":"NATURALIA LIPS CARE CLASSIC LIP BALM"}]},{"@type":"WebSite","@id":"https:\/\/paracherkaoui.ma\/#website","url":"https:\/\/paracherkaoui.ma\/","name":"Paracherkaoui.ma","description":"Achetez en ligne sur Paracherkaoui.ma","potentialAction":[{"@type":"SearchAction","target":{"@type":"EntryPoint","urlTemplate":"https:\/\/paracherkaoui.ma\/?s={search_term_string}"},"query-input":{"@type":"PropertyValueSpecification","valueRequired":true,"valueName":"search_term_string"}}],"inLanguage":"fr-FR"}]}},"_links":{"self":[{"href":"https:\/\/paracherkaoui.ma\/index.php\/wp-json\/wp\/v2\/product\/28651","targetHints":{"allow":["GET"]}}],"collection":[{"href":"https:\/\/paracherkaoui.ma\/index.php\/wp-json\/wp\/v2\/product"}],"about":[{"href":"https:\/\/paracherkaoui.ma\/index.php\/wp-json\/wp\/v2\/types\/product"}],"replies":[{"embeddable":true,"href":"https:\/\/paracherkaoui.ma\/index.php\/wp-json\/wp\/v2\/comments?post=28651"}],"version-history":[{"count":1,"href":"https:\/\/paracherkaoui.ma\/index.php\/wp-json\/wp\/v2\/product\/28651\/revisions"}],"predecessor-version":[{"id":28677,"href":"https:\/\/paracherkaoui.ma\/index.php\/wp-json\/wp\/v2\/product\/28651\/revisions\/28677"}],"wp:featuredmedia":[{"embeddable":true,"href":"https:\/\/paracherkaoui.ma\/index.php\/wp-json\/wp\/v2\/media\/28676"}],"wp:attachment":[{"href":"https:\/\/paracherkaoui.ma\/index.php\/wp-json\/wp\/v2\/media?parent=28651"}],"wp:term":[{"taxonomy":"product_brand","embeddable":true,"href":"https:\/\/paracherkaoui.ma\/index.php\/wp-json\/wp\/v2\/product_brand?post=28651"},{"taxonomy":"product_cat","embeddable":true,"href":"https:\/\/paracherkaoui.ma\/index.php\/wp-json\/wp\/v2\/product_cat?post=28651"},{"taxonomy":"product_tag","embeddable":true,"href":"https:\/\/paracherkaoui.ma\/index.php\/wp-json\/wp\/v2\/product_tag?post=28651"}],"curies":[{"name":"wp","href":"https:\/\/api.w.org\/{rel}","templated":true}]}}