{"id":28580,"date":"2025-12-12T18:29:06","date_gmt":"2025-12-12T17:29:06","guid":{"rendered":"https:\/\/test.ecbeaute.com\/?post_type=product&#038;p=28580"},"modified":"2025-12-12T18:29:12","modified_gmt":"2025-12-12T17:29:12","slug":"addax-cica-b5-baume-reparateur-levres-15-ml-2","status":"publish","type":"product","link":"https:\/\/paracherkaoui.ma\/index.php\/produit\/addax-cica-b5-baume-reparateur-levres-15-ml-2\/","title":{"rendered":"ADDAX CICA B5 BAUME REPARATEUR LEVRES 15 ML"},"content":{"rendered":"<p>Addax Cica B5 baume R\u00e9parateur L\u00e8vres 4 g est un soin qui r\u00e9pare efficacement et durablement les l\u00e8vres fendill\u00e9es, gerc\u00e9es et agress\u00e9es par les conditions climatiques. Facile d\u2019application gr\u00e2ce \u00e0 son stick, il peut \u00eatre utilis\u00e9 quotidiennement pour apaiser, hydrater et prot\u00e9ger les l\u00e8vres ab\u00eem\u00e9es. Contient des actifs anti-radicalaires et des filtres UVA-UVB. Test\u00e9 sous contr\u00f4le dermatologique.<\/p>\n","protected":false},"excerpt":{"rendered":"<p>Addax Cica B5 baume R\u00e9parateur L\u00e8vres 4 g est un soin qui r\u00e9pare efficacement et durablement les l\u00e8vres fendill\u00e9es, gerc\u00e9es<\/p>\n","protected":false},"featured_media":22893,"comment_status":"open","ping_status":"closed","template":"","meta":[],"product_brand":[483],"product_cat":[535],"product_tag":[],"class_list":{"0":"post-28580","1":"product","2":"type-product","3":"status-publish","4":"has-post-thumbnail","6":"product_brand-addax","7":"product_cat-levres","9":"first","10":"instock","11":"sale","12":"shipping-taxable","13":"purchasable","14":"product-type-simple"},"yoast_head":"<!-- This site is optimized with the Yoast SEO plugin v26.6 - https:\/\/yoast.com\/wordpress\/plugins\/seo\/ -->\r\n<title>ADDAX CICA B5 BAUME REPARATEUR LEVRES 15 ML - Paracherkaoui.ma<\/title>\r\n<meta name=\"robots\" content=\"index, follow, max-snippet:-1, max-image-preview:large, max-video-preview:-1\" \/>\r\n<link rel=\"canonical\" href=\"https:\/\/paracherkaoui.ma\/index.php\/produit\/addax-cica-b5-baume-reparateur-levres-15-ml-2\/\" \/>\r\n<meta property=\"og:locale\" content=\"fr_FR\" \/>\r\n<meta property=\"og:type\" content=\"article\" \/>\r\n<meta property=\"og:title\" content=\"ADDAX CICA B5 BAUME REPARATEUR LEVRES 15 ML - Paracherkaoui.ma\" \/>\r\n<meta property=\"og:description\" content=\"Addax Cica B5 baume R\u00e9parateur L\u00e8vres 4 g est un soin qui r\u00e9pare efficacement et durablement les l\u00e8vres fendill\u00e9es, gerc\u00e9es\" \/>\r\n<meta property=\"og:url\" content=\"https:\/\/paracherkaoui.ma\/index.php\/produit\/addax-cica-b5-baume-reparateur-levres-15-ml-2\/\" \/>\r\n<meta property=\"og:site_name\" content=\"Paracherkaoui.ma\" \/>\r\n<meta property=\"article:modified_time\" content=\"2025-12-12T17:29:12+00:00\" \/>\r\n<meta property=\"og:image\" content=\"https:\/\/paracherkaoui.ma\/wp-content\/uploads\/2025\/12\/addax-addax-cica-b5-baume-reparateur-levres-15-ml-levres.jpg\" \/>\r\n\t<meta property=\"og:image:width\" content=\"700\" \/>\r\n\t<meta property=\"og:image:height\" content=\"700\" \/>\r\n\t<meta property=\"og:image:type\" content=\"image\/jpeg\" \/>\r\n<meta name=\"twitter:card\" content=\"summary_large_image\" \/>\r\n<script type=\"application\/ld+json\" class=\"yoast-schema-graph\">{\"@context\":\"https:\/\/schema.org\",\"@graph\":[{\"@type\":\"WebPage\",\"@id\":\"https:\/\/paracherkaoui.ma\/index.php\/produit\/addax-cica-b5-baume-reparateur-levres-15-ml-2\/\",\"url\":\"https:\/\/paracherkaoui.ma\/index.php\/produit\/addax-cica-b5-baume-reparateur-levres-15-ml-2\/\",\"name\":\"ADDAX CICA B5 BAUME REPARATEUR LEVRES 15 ML - Paracherkaoui.ma\",\"isPartOf\":{\"@id\":\"https:\/\/paracherkaoui.ma\/#website\"},\"primaryImageOfPage\":{\"@id\":\"https:\/\/paracherkaoui.ma\/index.php\/produit\/addax-cica-b5-baume-reparateur-levres-15-ml-2\/#primaryimage\"},\"image\":{\"@id\":\"https:\/\/paracherkaoui.ma\/index.php\/produit\/addax-cica-b5-baume-reparateur-levres-15-ml-2\/#primaryimage\"},\"thumbnailUrl\":\"https:\/\/paracherkaoui.ma\/wp-content\/uploads\/2025\/12\/addax-addax-cica-b5-baume-reparateur-levres-15-ml-levres.jpg\",\"datePublished\":\"2025-12-12T17:29:06+00:00\",\"dateModified\":\"2025-12-12T17:29:12+00:00\",\"breadcrumb\":{\"@id\":\"https:\/\/paracherkaoui.ma\/index.php\/produit\/addax-cica-b5-baume-reparateur-levres-15-ml-2\/#breadcrumb\"},\"inLanguage\":\"fr-FR\",\"potentialAction\":[{\"@type\":\"ReadAction\",\"target\":[\"https:\/\/paracherkaoui.ma\/index.php\/produit\/addax-cica-b5-baume-reparateur-levres-15-ml-2\/\"]}]},{\"@type\":\"ImageObject\",\"inLanguage\":\"fr-FR\",\"@id\":\"https:\/\/paracherkaoui.ma\/index.php\/produit\/addax-cica-b5-baume-reparateur-levres-15-ml-2\/#primaryimage\",\"url\":\"https:\/\/paracherkaoui.ma\/wp-content\/uploads\/2025\/12\/addax-addax-cica-b5-baume-reparateur-levres-15-ml-levres.jpg\",\"contentUrl\":\"https:\/\/paracherkaoui.ma\/wp-content\/uploads\/2025\/12\/addax-addax-cica-b5-baume-reparateur-levres-15-ml-levres.jpg\",\"width\":700,\"height\":700},{\"@type\":\"BreadcrumbList\",\"@id\":\"https:\/\/paracherkaoui.ma\/index.php\/produit\/addax-cica-b5-baume-reparateur-levres-15-ml-2\/#breadcrumb\",\"itemListElement\":[{\"@type\":\"ListItem\",\"position\":1,\"name\":\"Accueil\",\"item\":\"https:\/\/paracherkaoui.ma\/\"},{\"@type\":\"ListItem\",\"position\":2,\"name\":\"Boutique\",\"item\":\"https:\/\/paracherkaoui.ma\/index.php\/boutique\/\"},{\"@type\":\"ListItem\",\"position\":3,\"name\":\"ADDAX CICA B5 BAUME REPARATEUR LEVRES 15 ML\"}]},{\"@type\":\"WebSite\",\"@id\":\"https:\/\/paracherkaoui.ma\/#website\",\"url\":\"https:\/\/paracherkaoui.ma\/\",\"name\":\"Paracherkaoui.ma\",\"description\":\"Achetez en ligne sur Paracherkaoui.ma\",\"potentialAction\":[{\"@type\":\"SearchAction\",\"target\":{\"@type\":\"EntryPoint\",\"urlTemplate\":\"https:\/\/paracherkaoui.ma\/?s={search_term_string}\"},\"query-input\":{\"@type\":\"PropertyValueSpecification\",\"valueRequired\":true,\"valueName\":\"search_term_string\"}}],\"inLanguage\":\"fr-FR\"}]}<\/script>\r\n<!-- \/ Yoast SEO plugin. -->","yoast_head_json":{"title":"ADDAX CICA B5 BAUME REPARATEUR LEVRES 15 ML - Paracherkaoui.ma","robots":{"index":"index","follow":"follow","max-snippet":"max-snippet:-1","max-image-preview":"max-image-preview:large","max-video-preview":"max-video-preview:-1"},"canonical":"https:\/\/paracherkaoui.ma\/index.php\/produit\/addax-cica-b5-baume-reparateur-levres-15-ml-2\/","og_locale":"fr_FR","og_type":"article","og_title":"ADDAX CICA B5 BAUME REPARATEUR LEVRES 15 ML - Paracherkaoui.ma","og_description":"Addax Cica B5 baume R\u00e9parateur L\u00e8vres 4 g est un soin qui r\u00e9pare efficacement et durablement les l\u00e8vres fendill\u00e9es, gerc\u00e9es","og_url":"https:\/\/paracherkaoui.ma\/index.php\/produit\/addax-cica-b5-baume-reparateur-levres-15-ml-2\/","og_site_name":"Paracherkaoui.ma","article_modified_time":"2025-12-12T17:29:12+00:00","og_image":[{"width":700,"height":700,"url":"https:\/\/paracherkaoui.ma\/wp-content\/uploads\/2025\/12\/addax-addax-cica-b5-baume-reparateur-levres-15-ml-levres.jpg","type":"image\/jpeg"}],"twitter_card":"summary_large_image","schema":{"@context":"https:\/\/schema.org","@graph":[{"@type":"WebPage","@id":"https:\/\/paracherkaoui.ma\/index.php\/produit\/addax-cica-b5-baume-reparateur-levres-15-ml-2\/","url":"https:\/\/paracherkaoui.ma\/index.php\/produit\/addax-cica-b5-baume-reparateur-levres-15-ml-2\/","name":"ADDAX CICA B5 BAUME REPARATEUR LEVRES 15 ML - Paracherkaoui.ma","isPartOf":{"@id":"https:\/\/paracherkaoui.ma\/#website"},"primaryImageOfPage":{"@id":"https:\/\/paracherkaoui.ma\/index.php\/produit\/addax-cica-b5-baume-reparateur-levres-15-ml-2\/#primaryimage"},"image":{"@id":"https:\/\/paracherkaoui.ma\/index.php\/produit\/addax-cica-b5-baume-reparateur-levres-15-ml-2\/#primaryimage"},"thumbnailUrl":"https:\/\/paracherkaoui.ma\/wp-content\/uploads\/2025\/12\/addax-addax-cica-b5-baume-reparateur-levres-15-ml-levres.jpg","datePublished":"2025-12-12T17:29:06+00:00","dateModified":"2025-12-12T17:29:12+00:00","breadcrumb":{"@id":"https:\/\/paracherkaoui.ma\/index.php\/produit\/addax-cica-b5-baume-reparateur-levres-15-ml-2\/#breadcrumb"},"inLanguage":"fr-FR","potentialAction":[{"@type":"ReadAction","target":["https:\/\/paracherkaoui.ma\/index.php\/produit\/addax-cica-b5-baume-reparateur-levres-15-ml-2\/"]}]},{"@type":"ImageObject","inLanguage":"fr-FR","@id":"https:\/\/paracherkaoui.ma\/index.php\/produit\/addax-cica-b5-baume-reparateur-levres-15-ml-2\/#primaryimage","url":"https:\/\/paracherkaoui.ma\/wp-content\/uploads\/2025\/12\/addax-addax-cica-b5-baume-reparateur-levres-15-ml-levres.jpg","contentUrl":"https:\/\/paracherkaoui.ma\/wp-content\/uploads\/2025\/12\/addax-addax-cica-b5-baume-reparateur-levres-15-ml-levres.jpg","width":700,"height":700},{"@type":"BreadcrumbList","@id":"https:\/\/paracherkaoui.ma\/index.php\/produit\/addax-cica-b5-baume-reparateur-levres-15-ml-2\/#breadcrumb","itemListElement":[{"@type":"ListItem","position":1,"name":"Accueil","item":"https:\/\/paracherkaoui.ma\/"},{"@type":"ListItem","position":2,"name":"Boutique","item":"https:\/\/paracherkaoui.ma\/index.php\/boutique\/"},{"@type":"ListItem","position":3,"name":"ADDAX CICA B5 BAUME REPARATEUR LEVRES 15 ML"}]},{"@type":"WebSite","@id":"https:\/\/paracherkaoui.ma\/#website","url":"https:\/\/paracherkaoui.ma\/","name":"Paracherkaoui.ma","description":"Achetez en ligne sur Paracherkaoui.ma","potentialAction":[{"@type":"SearchAction","target":{"@type":"EntryPoint","urlTemplate":"https:\/\/paracherkaoui.ma\/?s={search_term_string}"},"query-input":{"@type":"PropertyValueSpecification","valueRequired":true,"valueName":"search_term_string"}}],"inLanguage":"fr-FR"}]}},"_links":{"self":[{"href":"https:\/\/paracherkaoui.ma\/index.php\/wp-json\/wp\/v2\/product\/28580","targetHints":{"allow":["GET"]}}],"collection":[{"href":"https:\/\/paracherkaoui.ma\/index.php\/wp-json\/wp\/v2\/product"}],"about":[{"href":"https:\/\/paracherkaoui.ma\/index.php\/wp-json\/wp\/v2\/types\/product"}],"replies":[{"embeddable":true,"href":"https:\/\/paracherkaoui.ma\/index.php\/wp-json\/wp\/v2\/comments?post=28580"}],"version-history":[{"count":1,"href":"https:\/\/paracherkaoui.ma\/index.php\/wp-json\/wp\/v2\/product\/28580\/revisions"}],"predecessor-version":[{"id":28625,"href":"https:\/\/paracherkaoui.ma\/index.php\/wp-json\/wp\/v2\/product\/28580\/revisions\/28625"}],"wp:featuredmedia":[{"embeddable":true,"href":"https:\/\/paracherkaoui.ma\/index.php\/wp-json\/wp\/v2\/media\/22893"}],"wp:attachment":[{"href":"https:\/\/paracherkaoui.ma\/index.php\/wp-json\/wp\/v2\/media?parent=28580"}],"wp:term":[{"taxonomy":"product_brand","embeddable":true,"href":"https:\/\/paracherkaoui.ma\/index.php\/wp-json\/wp\/v2\/product_brand?post=28580"},{"taxonomy":"product_cat","embeddable":true,"href":"https:\/\/paracherkaoui.ma\/index.php\/wp-json\/wp\/v2\/product_cat?post=28580"},{"taxonomy":"product_tag","embeddable":true,"href":"https:\/\/paracherkaoui.ma\/index.php\/wp-json\/wp\/v2\/product_tag?post=28580"}],"curies":[{"name":"wp","href":"https:\/\/api.w.org\/{rel}","templated":true}]}}