{"id":28575,"date":"2025-12-12T18:29:06","date_gmt":"2025-12-12T17:29:06","guid":{"rendered":"https:\/\/test.ecbeaute.com\/?post_type=product&#038;p=28575"},"modified":"2025-12-12T18:29:11","modified_gmt":"2025-12-12T17:29:11","slug":"naturalia-baume-levres-gout-vanille","status":"publish","type":"product","link":"https:\/\/paracherkaoui.ma\/index.php\/produit\/naturalia-baume-levres-gout-vanille\/","title":{"rendered":"NATURALIA BAUME LEVRES GOUT VANILLE"},"content":{"rendered":"<p>Naturalia baumes l\u00e8vres au parfum agr\u00e9able et envo\u00fbtant Vanille. Soin complet des l\u00e8vres expos\u00e9es aux agressions ext\u00e9rieures (vent, froid, climatisation).<br \/>\nConseil d\u2019utilisation :<br \/>\nAppliquer une fine couche sur les l\u00e8vres directement avec le tube. Renouveler l\u2019application plusieurs fois par jour<\/p>\n","protected":false},"excerpt":{"rendered":"<p>Naturalia baumes l\u00e8vres au parfum agr\u00e9able et envo\u00fbtant Vanille. Soin complet des l\u00e8vres expos\u00e9es aux agressions ext\u00e9rieures (vent, froid, climatisation).<\/p>\n","protected":false},"featured_media":28616,"comment_status":"open","ping_status":"closed","template":"","meta":[],"product_brand":[289],"product_cat":[535],"product_tag":[],"class_list":{"0":"post-28575","1":"product","2":"type-product","3":"status-publish","4":"has-post-thumbnail","6":"product_brand-naturalia","7":"product_cat-levres","9":"first","10":"instock","11":"sale","12":"shipping-taxable","13":"purchasable","14":"product-type-simple"},"yoast_head":"<!-- This site is optimized with the Yoast SEO plugin v26.6 - https:\/\/yoast.com\/wordpress\/plugins\/seo\/ -->\r\n<title>NATURALIA BAUME LEVRES GOUT VANILLE - Paracherkaoui.ma<\/title>\r\n<meta name=\"robots\" content=\"index, follow, max-snippet:-1, max-image-preview:large, max-video-preview:-1\" \/>\r\n<link rel=\"canonical\" href=\"https:\/\/paracherkaoui.ma\/index.php\/produit\/naturalia-baume-levres-gout-vanille\/\" \/>\r\n<meta property=\"og:locale\" content=\"fr_FR\" \/>\r\n<meta property=\"og:type\" content=\"article\" \/>\r\n<meta property=\"og:title\" content=\"NATURALIA BAUME LEVRES GOUT VANILLE - Paracherkaoui.ma\" \/>\r\n<meta property=\"og:description\" content=\"Naturalia baumes l\u00e8vres au parfum agr\u00e9able et envo\u00fbtant Vanille. Soin complet des l\u00e8vres expos\u00e9es aux agressions ext\u00e9rieures (vent, froid, climatisation).\" \/>\r\n<meta property=\"og:url\" content=\"https:\/\/paracherkaoui.ma\/index.php\/produit\/naturalia-baume-levres-gout-vanille\/\" \/>\r\n<meta property=\"og:site_name\" content=\"Paracherkaoui.ma\" \/>\r\n<meta property=\"article:modified_time\" content=\"2025-12-12T17:29:11+00:00\" \/>\r\n<meta property=\"og:image\" content=\"https:\/\/paracherkaoui.ma\/wp-content\/uploads\/2025\/12\/naturalia-naturalia-baume-levres-gout-vanille-levres.jpg\" \/>\r\n\t<meta property=\"og:image:width\" content=\"700\" \/>\r\n\t<meta property=\"og:image:height\" content=\"700\" \/>\r\n\t<meta property=\"og:image:type\" content=\"image\/jpeg\" \/>\r\n<meta name=\"twitter:card\" content=\"summary_large_image\" \/>\r\n<script type=\"application\/ld+json\" class=\"yoast-schema-graph\">{\"@context\":\"https:\/\/schema.org\",\"@graph\":[{\"@type\":\"WebPage\",\"@id\":\"https:\/\/paracherkaoui.ma\/index.php\/produit\/naturalia-baume-levres-gout-vanille\/\",\"url\":\"https:\/\/paracherkaoui.ma\/index.php\/produit\/naturalia-baume-levres-gout-vanille\/\",\"name\":\"NATURALIA BAUME LEVRES GOUT VANILLE - Paracherkaoui.ma\",\"isPartOf\":{\"@id\":\"https:\/\/paracherkaoui.ma\/#website\"},\"primaryImageOfPage\":{\"@id\":\"https:\/\/paracherkaoui.ma\/index.php\/produit\/naturalia-baume-levres-gout-vanille\/#primaryimage\"},\"image\":{\"@id\":\"https:\/\/paracherkaoui.ma\/index.php\/produit\/naturalia-baume-levres-gout-vanille\/#primaryimage\"},\"thumbnailUrl\":\"https:\/\/paracherkaoui.ma\/wp-content\/uploads\/2025\/12\/naturalia-naturalia-baume-levres-gout-vanille-levres.jpg\",\"datePublished\":\"2025-12-12T17:29:06+00:00\",\"dateModified\":\"2025-12-12T17:29:11+00:00\",\"breadcrumb\":{\"@id\":\"https:\/\/paracherkaoui.ma\/index.php\/produit\/naturalia-baume-levres-gout-vanille\/#breadcrumb\"},\"inLanguage\":\"fr-FR\",\"potentialAction\":[{\"@type\":\"ReadAction\",\"target\":[\"https:\/\/paracherkaoui.ma\/index.php\/produit\/naturalia-baume-levres-gout-vanille\/\"]}]},{\"@type\":\"ImageObject\",\"inLanguage\":\"fr-FR\",\"@id\":\"https:\/\/paracherkaoui.ma\/index.php\/produit\/naturalia-baume-levres-gout-vanille\/#primaryimage\",\"url\":\"https:\/\/paracherkaoui.ma\/wp-content\/uploads\/2025\/12\/naturalia-naturalia-baume-levres-gout-vanille-levres.jpg\",\"contentUrl\":\"https:\/\/paracherkaoui.ma\/wp-content\/uploads\/2025\/12\/naturalia-naturalia-baume-levres-gout-vanille-levres.jpg\",\"width\":700,\"height\":700},{\"@type\":\"BreadcrumbList\",\"@id\":\"https:\/\/paracherkaoui.ma\/index.php\/produit\/naturalia-baume-levres-gout-vanille\/#breadcrumb\",\"itemListElement\":[{\"@type\":\"ListItem\",\"position\":1,\"name\":\"Accueil\",\"item\":\"https:\/\/paracherkaoui.ma\/\"},{\"@type\":\"ListItem\",\"position\":2,\"name\":\"Boutique\",\"item\":\"https:\/\/paracherkaoui.ma\/index.php\/boutique\/\"},{\"@type\":\"ListItem\",\"position\":3,\"name\":\"NATURALIA BAUME LEVRES GOUT VANILLE\"}]},{\"@type\":\"WebSite\",\"@id\":\"https:\/\/paracherkaoui.ma\/#website\",\"url\":\"https:\/\/paracherkaoui.ma\/\",\"name\":\"Paracherkaoui.ma\",\"description\":\"Achetez en ligne sur Paracherkaoui.ma\",\"potentialAction\":[{\"@type\":\"SearchAction\",\"target\":{\"@type\":\"EntryPoint\",\"urlTemplate\":\"https:\/\/paracherkaoui.ma\/?s={search_term_string}\"},\"query-input\":{\"@type\":\"PropertyValueSpecification\",\"valueRequired\":true,\"valueName\":\"search_term_string\"}}],\"inLanguage\":\"fr-FR\"}]}<\/script>\r\n<!-- \/ Yoast SEO plugin. -->","yoast_head_json":{"title":"NATURALIA BAUME LEVRES GOUT VANILLE - Paracherkaoui.ma","robots":{"index":"index","follow":"follow","max-snippet":"max-snippet:-1","max-image-preview":"max-image-preview:large","max-video-preview":"max-video-preview:-1"},"canonical":"https:\/\/paracherkaoui.ma\/index.php\/produit\/naturalia-baume-levres-gout-vanille\/","og_locale":"fr_FR","og_type":"article","og_title":"NATURALIA BAUME LEVRES GOUT VANILLE - Paracherkaoui.ma","og_description":"Naturalia baumes l\u00e8vres au parfum agr\u00e9able et envo\u00fbtant Vanille. Soin complet des l\u00e8vres expos\u00e9es aux agressions ext\u00e9rieures (vent, froid, climatisation).","og_url":"https:\/\/paracherkaoui.ma\/index.php\/produit\/naturalia-baume-levres-gout-vanille\/","og_site_name":"Paracherkaoui.ma","article_modified_time":"2025-12-12T17:29:11+00:00","og_image":[{"width":700,"height":700,"url":"https:\/\/paracherkaoui.ma\/wp-content\/uploads\/2025\/12\/naturalia-naturalia-baume-levres-gout-vanille-levres.jpg","type":"image\/jpeg"}],"twitter_card":"summary_large_image","schema":{"@context":"https:\/\/schema.org","@graph":[{"@type":"WebPage","@id":"https:\/\/paracherkaoui.ma\/index.php\/produit\/naturalia-baume-levres-gout-vanille\/","url":"https:\/\/paracherkaoui.ma\/index.php\/produit\/naturalia-baume-levres-gout-vanille\/","name":"NATURALIA BAUME LEVRES GOUT VANILLE - Paracherkaoui.ma","isPartOf":{"@id":"https:\/\/paracherkaoui.ma\/#website"},"primaryImageOfPage":{"@id":"https:\/\/paracherkaoui.ma\/index.php\/produit\/naturalia-baume-levres-gout-vanille\/#primaryimage"},"image":{"@id":"https:\/\/paracherkaoui.ma\/index.php\/produit\/naturalia-baume-levres-gout-vanille\/#primaryimage"},"thumbnailUrl":"https:\/\/paracherkaoui.ma\/wp-content\/uploads\/2025\/12\/naturalia-naturalia-baume-levres-gout-vanille-levres.jpg","datePublished":"2025-12-12T17:29:06+00:00","dateModified":"2025-12-12T17:29:11+00:00","breadcrumb":{"@id":"https:\/\/paracherkaoui.ma\/index.php\/produit\/naturalia-baume-levres-gout-vanille\/#breadcrumb"},"inLanguage":"fr-FR","potentialAction":[{"@type":"ReadAction","target":["https:\/\/paracherkaoui.ma\/index.php\/produit\/naturalia-baume-levres-gout-vanille\/"]}]},{"@type":"ImageObject","inLanguage":"fr-FR","@id":"https:\/\/paracherkaoui.ma\/index.php\/produit\/naturalia-baume-levres-gout-vanille\/#primaryimage","url":"https:\/\/paracherkaoui.ma\/wp-content\/uploads\/2025\/12\/naturalia-naturalia-baume-levres-gout-vanille-levres.jpg","contentUrl":"https:\/\/paracherkaoui.ma\/wp-content\/uploads\/2025\/12\/naturalia-naturalia-baume-levres-gout-vanille-levres.jpg","width":700,"height":700},{"@type":"BreadcrumbList","@id":"https:\/\/paracherkaoui.ma\/index.php\/produit\/naturalia-baume-levres-gout-vanille\/#breadcrumb","itemListElement":[{"@type":"ListItem","position":1,"name":"Accueil","item":"https:\/\/paracherkaoui.ma\/"},{"@type":"ListItem","position":2,"name":"Boutique","item":"https:\/\/paracherkaoui.ma\/index.php\/boutique\/"},{"@type":"ListItem","position":3,"name":"NATURALIA BAUME LEVRES GOUT VANILLE"}]},{"@type":"WebSite","@id":"https:\/\/paracherkaoui.ma\/#website","url":"https:\/\/paracherkaoui.ma\/","name":"Paracherkaoui.ma","description":"Achetez en ligne sur Paracherkaoui.ma","potentialAction":[{"@type":"SearchAction","target":{"@type":"EntryPoint","urlTemplate":"https:\/\/paracherkaoui.ma\/?s={search_term_string}"},"query-input":{"@type":"PropertyValueSpecification","valueRequired":true,"valueName":"search_term_string"}}],"inLanguage":"fr-FR"}]}},"_links":{"self":[{"href":"https:\/\/paracherkaoui.ma\/index.php\/wp-json\/wp\/v2\/product\/28575","targetHints":{"allow":["GET"]}}],"collection":[{"href":"https:\/\/paracherkaoui.ma\/index.php\/wp-json\/wp\/v2\/product"}],"about":[{"href":"https:\/\/paracherkaoui.ma\/index.php\/wp-json\/wp\/v2\/types\/product"}],"replies":[{"embeddable":true,"href":"https:\/\/paracherkaoui.ma\/index.php\/wp-json\/wp\/v2\/comments?post=28575"}],"version-history":[{"count":1,"href":"https:\/\/paracherkaoui.ma\/index.php\/wp-json\/wp\/v2\/product\/28575\/revisions"}],"predecessor-version":[{"id":28617,"href":"https:\/\/paracherkaoui.ma\/index.php\/wp-json\/wp\/v2\/product\/28575\/revisions\/28617"}],"wp:featuredmedia":[{"embeddable":true,"href":"https:\/\/paracherkaoui.ma\/index.php\/wp-json\/wp\/v2\/media\/28616"}],"wp:attachment":[{"href":"https:\/\/paracherkaoui.ma\/index.php\/wp-json\/wp\/v2\/media?parent=28575"}],"wp:term":[{"taxonomy":"product_brand","embeddable":true,"href":"https:\/\/paracherkaoui.ma\/index.php\/wp-json\/wp\/v2\/product_brand?post=28575"},{"taxonomy":"product_cat","embeddable":true,"href":"https:\/\/paracherkaoui.ma\/index.php\/wp-json\/wp\/v2\/product_cat?post=28575"},{"taxonomy":"product_tag","embeddable":true,"href":"https:\/\/paracherkaoui.ma\/index.php\/wp-json\/wp\/v2\/product_tag?post=28575"}],"curies":[{"name":"wp","href":"https:\/\/api.w.org\/{rel}","templated":true}]}}