{"id":28573,"date":"2025-12-12T18:29:06","date_gmt":"2025-12-12T17:29:06","guid":{"rendered":"https:\/\/test.ecbeaute.com\/?post_type=product&#038;p=28573"},"modified":"2025-12-12T18:29:10","modified_gmt":"2025-12-12T17:29:10","slug":"nuxe-reve-de-miel-baume-levres-15-g","status":"publish","type":"product","link":"https:\/\/paracherkaoui.ma\/index.php\/produit\/nuxe-reve-de-miel-baume-levres-15-g\/","title":{"rendered":"NUXE REVE DE MIEL BAUME LEVRES 15 G"},"content":{"rendered":"<p>INDICATIONS :<br \/>\nLe baume l\u00e8vres ultra-nourrissant R\u00eave de Miel de NUXE soulage, nourrit et r\u00e9pare les l\u00e8vres s\u00e8ches. Sa formule concentr\u00e9e en miel, propolis et huiles pr\u00e9cieuses agit efficacement cintre les conditions de froid extr\u00eame pour vos l\u00e8vres. Sans paraben. Non com\u00e9dog\u00e8ne.<br \/>\nPR\u00c9SENTATION :<br \/>\n1 pot de 15 g<br \/>\nCONSEILS D&rsquo;UTILISATION :<br \/>\nAppliquer aussi souvent que n\u00e9cessaire sur les l\u00e8vres.<br \/>\nCOMPOSITION :<br \/>\nCERA ALBA\/BEESWAX, BUTYROSPERMUM PARKII (SHEA) BUTTER, OLUS OIL\/VEGETABLE OIL, LECITHIN, BEHENOXY DIMETHICONE, PRUNUS AMYGDALUS DULCIS (SWEET ALMOND) OIL, MEL\/HONEY, DIMETHICONE, CAPRYLIC\/CAPRIC TRIGLYCERIDE, CITRUS GRANDIS (GRAPEFRUIT) PEEL OIL, HYDROGENATED VEGETABLE OIL, ROSA MOSCHATA SEED OIL, TOCOPHERYL ACETATE, TOCOPHEROL, CITRUS LIMON (LEMON) PEEL OIL, GLYCERYL CAPRYLATE, ALLANTOIN, CALENDULA OFFICINALIS FLOWER EXTRACT, HELIANTHUS ANNUUS (SUNFLOWER) SEED OIL, PROPOLIS EXTRACT, CITRIC ACID, LIMONENE, CITRAL, LINALOOL, GERANIOL [N3103\/A].<\/p>\n","protected":false},"excerpt":{"rendered":"<p>INDICATIONS : Le baume l\u00e8vres ultra-nourrissant R\u00eave de Miel de NUXE soulage, nourrit et r\u00e9pare les l\u00e8vres s\u00e8ches. Sa formule<\/p>\n","protected":false},"featured_media":28612,"comment_status":"open","ping_status":"closed","template":"","meta":[],"product_brand":[230],"product_cat":[535],"product_tag":[],"class_list":{"0":"post-28573","1":"product","2":"type-product","3":"status-publish","4":"has-post-thumbnail","6":"product_brand-nuxe","7":"product_cat-levres","9":"first","10":"instock","11":"sale","12":"shipping-taxable","13":"purchasable","14":"product-type-simple"},"yoast_head":"<!-- This site is optimized with the Yoast SEO plugin v26.6 - https:\/\/yoast.com\/wordpress\/plugins\/seo\/ -->\r\n<title>NUXE REVE DE MIEL BAUME LEVRES 15 G - Paracherkaoui.ma<\/title>\r\n<meta name=\"robots\" content=\"index, follow, max-snippet:-1, max-image-preview:large, max-video-preview:-1\" \/>\r\n<link rel=\"canonical\" href=\"https:\/\/paracherkaoui.ma\/index.php\/produit\/nuxe-reve-de-miel-baume-levres-15-g\/\" \/>\r\n<meta property=\"og:locale\" content=\"fr_FR\" \/>\r\n<meta property=\"og:type\" content=\"article\" \/>\r\n<meta property=\"og:title\" content=\"NUXE REVE DE MIEL BAUME LEVRES 15 G - Paracherkaoui.ma\" \/>\r\n<meta property=\"og:description\" content=\"INDICATIONS : Le baume l\u00e8vres ultra-nourrissant R\u00eave de Miel de NUXE soulage, nourrit et r\u00e9pare les l\u00e8vres s\u00e8ches. Sa formule\" \/>\r\n<meta property=\"og:url\" content=\"https:\/\/paracherkaoui.ma\/index.php\/produit\/nuxe-reve-de-miel-baume-levres-15-g\/\" \/>\r\n<meta property=\"og:site_name\" content=\"Paracherkaoui.ma\" \/>\r\n<meta property=\"article:modified_time\" content=\"2025-12-12T17:29:10+00:00\" \/>\r\n<meta property=\"og:image\" content=\"https:\/\/paracherkaoui.ma\/wp-content\/uploads\/2025\/12\/nuxe-nuxe-reve-de-miel-baume-levres-15-g-levres.jpg\" \/>\r\n\t<meta property=\"og:image:width\" content=\"700\" \/>\r\n\t<meta property=\"og:image:height\" content=\"700\" \/>\r\n\t<meta property=\"og:image:type\" content=\"image\/jpeg\" \/>\r\n<meta name=\"twitter:card\" content=\"summary_large_image\" \/>\r\n<meta name=\"twitter:label1\" content=\"Dur\u00e9e de lecture estim\u00e9e\" \/>\n\t<meta name=\"twitter:data1\" content=\"1 minute\" \/>\r\n<script type=\"application\/ld+json\" class=\"yoast-schema-graph\">{\"@context\":\"https:\/\/schema.org\",\"@graph\":[{\"@type\":\"WebPage\",\"@id\":\"https:\/\/paracherkaoui.ma\/index.php\/produit\/nuxe-reve-de-miel-baume-levres-15-g\/\",\"url\":\"https:\/\/paracherkaoui.ma\/index.php\/produit\/nuxe-reve-de-miel-baume-levres-15-g\/\",\"name\":\"NUXE REVE DE MIEL BAUME LEVRES 15 G - Paracherkaoui.ma\",\"isPartOf\":{\"@id\":\"https:\/\/paracherkaoui.ma\/#website\"},\"primaryImageOfPage\":{\"@id\":\"https:\/\/paracherkaoui.ma\/index.php\/produit\/nuxe-reve-de-miel-baume-levres-15-g\/#primaryimage\"},\"image\":{\"@id\":\"https:\/\/paracherkaoui.ma\/index.php\/produit\/nuxe-reve-de-miel-baume-levres-15-g\/#primaryimage\"},\"thumbnailUrl\":\"https:\/\/paracherkaoui.ma\/wp-content\/uploads\/2025\/12\/nuxe-nuxe-reve-de-miel-baume-levres-15-g-levres.jpg\",\"datePublished\":\"2025-12-12T17:29:06+00:00\",\"dateModified\":\"2025-12-12T17:29:10+00:00\",\"breadcrumb\":{\"@id\":\"https:\/\/paracherkaoui.ma\/index.php\/produit\/nuxe-reve-de-miel-baume-levres-15-g\/#breadcrumb\"},\"inLanguage\":\"fr-FR\",\"potentialAction\":[{\"@type\":\"ReadAction\",\"target\":[\"https:\/\/paracherkaoui.ma\/index.php\/produit\/nuxe-reve-de-miel-baume-levres-15-g\/\"]}]},{\"@type\":\"ImageObject\",\"inLanguage\":\"fr-FR\",\"@id\":\"https:\/\/paracherkaoui.ma\/index.php\/produit\/nuxe-reve-de-miel-baume-levres-15-g\/#primaryimage\",\"url\":\"https:\/\/paracherkaoui.ma\/wp-content\/uploads\/2025\/12\/nuxe-nuxe-reve-de-miel-baume-levres-15-g-levres.jpg\",\"contentUrl\":\"https:\/\/paracherkaoui.ma\/wp-content\/uploads\/2025\/12\/nuxe-nuxe-reve-de-miel-baume-levres-15-g-levres.jpg\",\"width\":700,\"height\":700},{\"@type\":\"BreadcrumbList\",\"@id\":\"https:\/\/paracherkaoui.ma\/index.php\/produit\/nuxe-reve-de-miel-baume-levres-15-g\/#breadcrumb\",\"itemListElement\":[{\"@type\":\"ListItem\",\"position\":1,\"name\":\"Accueil\",\"item\":\"https:\/\/paracherkaoui.ma\/\"},{\"@type\":\"ListItem\",\"position\":2,\"name\":\"Boutique\",\"item\":\"https:\/\/paracherkaoui.ma\/index.php\/boutique\/\"},{\"@type\":\"ListItem\",\"position\":3,\"name\":\"NUXE REVE DE MIEL BAUME LEVRES 15 G\"}]},{\"@type\":\"WebSite\",\"@id\":\"https:\/\/paracherkaoui.ma\/#website\",\"url\":\"https:\/\/paracherkaoui.ma\/\",\"name\":\"Paracherkaoui.ma\",\"description\":\"Achetez en ligne sur Paracherkaoui.ma\",\"potentialAction\":[{\"@type\":\"SearchAction\",\"target\":{\"@type\":\"EntryPoint\",\"urlTemplate\":\"https:\/\/paracherkaoui.ma\/?s={search_term_string}\"},\"query-input\":{\"@type\":\"PropertyValueSpecification\",\"valueRequired\":true,\"valueName\":\"search_term_string\"}}],\"inLanguage\":\"fr-FR\"}]}<\/script>\r\n<!-- \/ Yoast SEO plugin. -->","yoast_head_json":{"title":"NUXE REVE DE MIEL BAUME LEVRES 15 G - Paracherkaoui.ma","robots":{"index":"index","follow":"follow","max-snippet":"max-snippet:-1","max-image-preview":"max-image-preview:large","max-video-preview":"max-video-preview:-1"},"canonical":"https:\/\/paracherkaoui.ma\/index.php\/produit\/nuxe-reve-de-miel-baume-levres-15-g\/","og_locale":"fr_FR","og_type":"article","og_title":"NUXE REVE DE MIEL BAUME LEVRES 15 G - Paracherkaoui.ma","og_description":"INDICATIONS : Le baume l\u00e8vres ultra-nourrissant R\u00eave de Miel de NUXE soulage, nourrit et r\u00e9pare les l\u00e8vres s\u00e8ches. Sa formule","og_url":"https:\/\/paracherkaoui.ma\/index.php\/produit\/nuxe-reve-de-miel-baume-levres-15-g\/","og_site_name":"Paracherkaoui.ma","article_modified_time":"2025-12-12T17:29:10+00:00","og_image":[{"width":700,"height":700,"url":"https:\/\/paracherkaoui.ma\/wp-content\/uploads\/2025\/12\/nuxe-nuxe-reve-de-miel-baume-levres-15-g-levres.jpg","type":"image\/jpeg"}],"twitter_card":"summary_large_image","twitter_misc":{"Dur\u00e9e de lecture estim\u00e9e":"1 minute"},"schema":{"@context":"https:\/\/schema.org","@graph":[{"@type":"WebPage","@id":"https:\/\/paracherkaoui.ma\/index.php\/produit\/nuxe-reve-de-miel-baume-levres-15-g\/","url":"https:\/\/paracherkaoui.ma\/index.php\/produit\/nuxe-reve-de-miel-baume-levres-15-g\/","name":"NUXE REVE DE MIEL BAUME LEVRES 15 G - Paracherkaoui.ma","isPartOf":{"@id":"https:\/\/paracherkaoui.ma\/#website"},"primaryImageOfPage":{"@id":"https:\/\/paracherkaoui.ma\/index.php\/produit\/nuxe-reve-de-miel-baume-levres-15-g\/#primaryimage"},"image":{"@id":"https:\/\/paracherkaoui.ma\/index.php\/produit\/nuxe-reve-de-miel-baume-levres-15-g\/#primaryimage"},"thumbnailUrl":"https:\/\/paracherkaoui.ma\/wp-content\/uploads\/2025\/12\/nuxe-nuxe-reve-de-miel-baume-levres-15-g-levres.jpg","datePublished":"2025-12-12T17:29:06+00:00","dateModified":"2025-12-12T17:29:10+00:00","breadcrumb":{"@id":"https:\/\/paracherkaoui.ma\/index.php\/produit\/nuxe-reve-de-miel-baume-levres-15-g\/#breadcrumb"},"inLanguage":"fr-FR","potentialAction":[{"@type":"ReadAction","target":["https:\/\/paracherkaoui.ma\/index.php\/produit\/nuxe-reve-de-miel-baume-levres-15-g\/"]}]},{"@type":"ImageObject","inLanguage":"fr-FR","@id":"https:\/\/paracherkaoui.ma\/index.php\/produit\/nuxe-reve-de-miel-baume-levres-15-g\/#primaryimage","url":"https:\/\/paracherkaoui.ma\/wp-content\/uploads\/2025\/12\/nuxe-nuxe-reve-de-miel-baume-levres-15-g-levres.jpg","contentUrl":"https:\/\/paracherkaoui.ma\/wp-content\/uploads\/2025\/12\/nuxe-nuxe-reve-de-miel-baume-levres-15-g-levres.jpg","width":700,"height":700},{"@type":"BreadcrumbList","@id":"https:\/\/paracherkaoui.ma\/index.php\/produit\/nuxe-reve-de-miel-baume-levres-15-g\/#breadcrumb","itemListElement":[{"@type":"ListItem","position":1,"name":"Accueil","item":"https:\/\/paracherkaoui.ma\/"},{"@type":"ListItem","position":2,"name":"Boutique","item":"https:\/\/paracherkaoui.ma\/index.php\/boutique\/"},{"@type":"ListItem","position":3,"name":"NUXE REVE DE MIEL BAUME LEVRES 15 G"}]},{"@type":"WebSite","@id":"https:\/\/paracherkaoui.ma\/#website","url":"https:\/\/paracherkaoui.ma\/","name":"Paracherkaoui.ma","description":"Achetez en ligne sur Paracherkaoui.ma","potentialAction":[{"@type":"SearchAction","target":{"@type":"EntryPoint","urlTemplate":"https:\/\/paracherkaoui.ma\/?s={search_term_string}"},"query-input":{"@type":"PropertyValueSpecification","valueRequired":true,"valueName":"search_term_string"}}],"inLanguage":"fr-FR"}]}},"_links":{"self":[{"href":"https:\/\/paracherkaoui.ma\/index.php\/wp-json\/wp\/v2\/product\/28573","targetHints":{"allow":["GET"]}}],"collection":[{"href":"https:\/\/paracherkaoui.ma\/index.php\/wp-json\/wp\/v2\/product"}],"about":[{"href":"https:\/\/paracherkaoui.ma\/index.php\/wp-json\/wp\/v2\/types\/product"}],"replies":[{"embeddable":true,"href":"https:\/\/paracherkaoui.ma\/index.php\/wp-json\/wp\/v2\/comments?post=28573"}],"version-history":[{"count":1,"href":"https:\/\/paracherkaoui.ma\/index.php\/wp-json\/wp\/v2\/product\/28573\/revisions"}],"predecessor-version":[{"id":28613,"href":"https:\/\/paracherkaoui.ma\/index.php\/wp-json\/wp\/v2\/product\/28573\/revisions\/28613"}],"wp:featuredmedia":[{"embeddable":true,"href":"https:\/\/paracherkaoui.ma\/index.php\/wp-json\/wp\/v2\/media\/28612"}],"wp:attachment":[{"href":"https:\/\/paracherkaoui.ma\/index.php\/wp-json\/wp\/v2\/media?parent=28573"}],"wp:term":[{"taxonomy":"product_brand","embeddable":true,"href":"https:\/\/paracherkaoui.ma\/index.php\/wp-json\/wp\/v2\/product_brand?post=28573"},{"taxonomy":"product_cat","embeddable":true,"href":"https:\/\/paracherkaoui.ma\/index.php\/wp-json\/wp\/v2\/product_cat?post=28573"},{"taxonomy":"product_tag","embeddable":true,"href":"https:\/\/paracherkaoui.ma\/index.php\/wp-json\/wp\/v2\/product_tag?post=28573"}],"curies":[{"name":"wp","href":"https:\/\/api.w.org\/{rel}","templated":true}]}}