{"id":28569,"date":"2025-12-12T18:29:06","date_gmt":"2025-12-12T17:29:06","guid":{"rendered":"https:\/\/test.ecbeaute.com\/?post_type=product&#038;p=28569"},"modified":"2025-12-12T18:29:09","modified_gmt":"2025-12-12T17:29:09","slug":"codexial-enocare-baume-levre-nourissant","status":"publish","type":"product","link":"https:\/\/paracherkaoui.ma\/index.php\/produit\/codexial-enocare-baume-levre-nourissant\/","title":{"rendered":"CODEXIAL ENOCARE BAUME LEVRE NOURISSANT"},"content":{"rendered":"<p>Le baume l\u00e8vres nourrissant Enocare Codexial\u00a0est \u00e9labor\u00e9 pour r\u00e9pondre aux s\u00e9cheresses labiales s\u00e9v\u00e8res\u00a0d\u2019origine physiologique, climatique ou induite par les traitements m\u00e9dicamenteux contre l&rsquo;acn\u00e9.<br \/>\nIl est plus sp\u00e9cifiquement indiqu\u00e9 pour la gu\u00e9rison des l\u00e8vres gerc\u00e9es et ab\u00eem\u00e9es. Il est adapt\u00e9 pour les nourrissons, les enfants, les adultes et les femmes enceintes. Il apaise et hydrate les l\u00e8vres, favorise leur r\u00e9paration et les prot\u00e8ge.<\/p>\n<p>Codexial Enocare baume l\u00e8vres nourrissant est compos\u00e9 de cire d\u2019abeille, un ingr\u00e9dient permettant de lutter contre le dess\u00e8chement cutan\u00e9 et de renforcer l\u2019hydratation. L\u2019oxyde de zinc\u00a0compl\u00e8te l\u2019action de la cire d\u2019abeille en ajoutant ses propri\u00e9t\u00e9s protectrices et purifiantes. Ce dernier est tr\u00e8s utilis\u00e9 comme actif de pr\u00e9paration de cosm\u00e9tiques. Il est particuli\u00e8rement adapt\u00e9 pour les peaux irrit\u00e9es.<\/p>\n<p>Ce soin l\u00e8vres Codexial\u00a0apporte les lipides essentiels\u00a0\u00e0 la reconstruction du tissu labial. Il est enrichi en\u00a0panthenol, ou provitamines B5, un actif connu pour ses vertus r\u00e9paratrices et apaisantes. Il est agr\u00e9able \u00e0 utiliser avec sa texture onctueuse, sans parfum et sans conservateur. Les l\u00e8vres ab\u00eem\u00e9es\u00a0retrouvent rapidement de leur souplesse et sont efficacement pr\u00e9serv\u00e9es des agressions ext\u00e9rieures comme le vent ou le froid, par exemple. Le petit format du tube permet de le glisser dans une trousse de toilette ou dans un sac \u00e0 main lors de d\u00e9placements \u00e0 l\u2019ext\u00e9rieur.<\/p>\n","protected":false},"excerpt":{"rendered":"<p>Le baume l\u00e8vres nourrissant Enocare Codexial\u00a0est \u00e9labor\u00e9 pour r\u00e9pondre aux s\u00e9cheresses labiales s\u00e9v\u00e8res\u00a0d\u2019origine physiologique, climatique ou induite par les traitements<\/p>\n","protected":false},"featured_media":28604,"comment_status":"open","ping_status":"closed","template":"","meta":[],"product_brand":[367],"product_cat":[535],"product_tag":[],"class_list":{"0":"post-28569","1":"product","2":"type-product","3":"status-publish","4":"has-post-thumbnail","6":"product_brand-codexial","7":"product_cat-levres","9":"first","10":"instock","11":"sale","12":"shipping-taxable","13":"purchasable","14":"product-type-simple"},"yoast_head":"<!-- This site is optimized with the Yoast SEO plugin v26.6 - https:\/\/yoast.com\/wordpress\/plugins\/seo\/ -->\r\n<title>CODEXIAL ENOCARE BAUME LEVRE NOURISSANT - Paracherkaoui.ma<\/title>\r\n<meta name=\"robots\" content=\"index, follow, max-snippet:-1, max-image-preview:large, max-video-preview:-1\" \/>\r\n<link rel=\"canonical\" href=\"https:\/\/paracherkaoui.ma\/index.php\/produit\/codexial-enocare-baume-levre-nourissant\/\" \/>\r\n<meta property=\"og:locale\" content=\"fr_FR\" \/>\r\n<meta property=\"og:type\" content=\"article\" \/>\r\n<meta property=\"og:title\" content=\"CODEXIAL ENOCARE BAUME LEVRE NOURISSANT - Paracherkaoui.ma\" \/>\r\n<meta property=\"og:description\" content=\"Le baume l\u00e8vres nourrissant Enocare Codexial\u00a0est \u00e9labor\u00e9 pour r\u00e9pondre aux s\u00e9cheresses labiales s\u00e9v\u00e8res\u00a0d\u2019origine physiologique, climatique ou induite par les traitements\" \/>\r\n<meta property=\"og:url\" content=\"https:\/\/paracherkaoui.ma\/index.php\/produit\/codexial-enocare-baume-levre-nourissant\/\" \/>\r\n<meta property=\"og:site_name\" content=\"Paracherkaoui.ma\" \/>\r\n<meta property=\"article:modified_time\" content=\"2025-12-12T17:29:09+00:00\" \/>\r\n<meta property=\"og:image\" content=\"https:\/\/paracherkaoui.ma\/wp-content\/uploads\/2025\/12\/codexial-codexial-enocare-baume-levre-nourissant-levres.jpg\" \/>\r\n\t<meta property=\"og:image:width\" content=\"700\" \/>\r\n\t<meta property=\"og:image:height\" content=\"700\" \/>\r\n\t<meta property=\"og:image:type\" content=\"image\/jpeg\" \/>\r\n<meta name=\"twitter:card\" content=\"summary_large_image\" \/>\r\n<meta name=\"twitter:label1\" content=\"Dur\u00e9e de lecture estim\u00e9e\" \/>\n\t<meta name=\"twitter:data1\" content=\"1 minute\" \/>\r\n<script type=\"application\/ld+json\" class=\"yoast-schema-graph\">{\"@context\":\"https:\/\/schema.org\",\"@graph\":[{\"@type\":\"WebPage\",\"@id\":\"https:\/\/paracherkaoui.ma\/index.php\/produit\/codexial-enocare-baume-levre-nourissant\/\",\"url\":\"https:\/\/paracherkaoui.ma\/index.php\/produit\/codexial-enocare-baume-levre-nourissant\/\",\"name\":\"CODEXIAL ENOCARE BAUME LEVRE NOURISSANT - Paracherkaoui.ma\",\"isPartOf\":{\"@id\":\"https:\/\/paracherkaoui.ma\/#website\"},\"primaryImageOfPage\":{\"@id\":\"https:\/\/paracherkaoui.ma\/index.php\/produit\/codexial-enocare-baume-levre-nourissant\/#primaryimage\"},\"image\":{\"@id\":\"https:\/\/paracherkaoui.ma\/index.php\/produit\/codexial-enocare-baume-levre-nourissant\/#primaryimage\"},\"thumbnailUrl\":\"https:\/\/paracherkaoui.ma\/wp-content\/uploads\/2025\/12\/codexial-codexial-enocare-baume-levre-nourissant-levres.jpg\",\"datePublished\":\"2025-12-12T17:29:06+00:00\",\"dateModified\":\"2025-12-12T17:29:09+00:00\",\"breadcrumb\":{\"@id\":\"https:\/\/paracherkaoui.ma\/index.php\/produit\/codexial-enocare-baume-levre-nourissant\/#breadcrumb\"},\"inLanguage\":\"fr-FR\",\"potentialAction\":[{\"@type\":\"ReadAction\",\"target\":[\"https:\/\/paracherkaoui.ma\/index.php\/produit\/codexial-enocare-baume-levre-nourissant\/\"]}]},{\"@type\":\"ImageObject\",\"inLanguage\":\"fr-FR\",\"@id\":\"https:\/\/paracherkaoui.ma\/index.php\/produit\/codexial-enocare-baume-levre-nourissant\/#primaryimage\",\"url\":\"https:\/\/paracherkaoui.ma\/wp-content\/uploads\/2025\/12\/codexial-codexial-enocare-baume-levre-nourissant-levres.jpg\",\"contentUrl\":\"https:\/\/paracherkaoui.ma\/wp-content\/uploads\/2025\/12\/codexial-codexial-enocare-baume-levre-nourissant-levres.jpg\",\"width\":700,\"height\":700},{\"@type\":\"BreadcrumbList\",\"@id\":\"https:\/\/paracherkaoui.ma\/index.php\/produit\/codexial-enocare-baume-levre-nourissant\/#breadcrumb\",\"itemListElement\":[{\"@type\":\"ListItem\",\"position\":1,\"name\":\"Accueil\",\"item\":\"https:\/\/paracherkaoui.ma\/\"},{\"@type\":\"ListItem\",\"position\":2,\"name\":\"Boutique\",\"item\":\"https:\/\/paracherkaoui.ma\/index.php\/boutique\/\"},{\"@type\":\"ListItem\",\"position\":3,\"name\":\"CODEXIAL ENOCARE BAUME LEVRE NOURISSANT\"}]},{\"@type\":\"WebSite\",\"@id\":\"https:\/\/paracherkaoui.ma\/#website\",\"url\":\"https:\/\/paracherkaoui.ma\/\",\"name\":\"Paracherkaoui.ma\",\"description\":\"Achetez en ligne sur Paracherkaoui.ma\",\"potentialAction\":[{\"@type\":\"SearchAction\",\"target\":{\"@type\":\"EntryPoint\",\"urlTemplate\":\"https:\/\/paracherkaoui.ma\/?s={search_term_string}\"},\"query-input\":{\"@type\":\"PropertyValueSpecification\",\"valueRequired\":true,\"valueName\":\"search_term_string\"}}],\"inLanguage\":\"fr-FR\"}]}<\/script>\r\n<!-- \/ Yoast SEO plugin. -->","yoast_head_json":{"title":"CODEXIAL ENOCARE BAUME LEVRE NOURISSANT - Paracherkaoui.ma","robots":{"index":"index","follow":"follow","max-snippet":"max-snippet:-1","max-image-preview":"max-image-preview:large","max-video-preview":"max-video-preview:-1"},"canonical":"https:\/\/paracherkaoui.ma\/index.php\/produit\/codexial-enocare-baume-levre-nourissant\/","og_locale":"fr_FR","og_type":"article","og_title":"CODEXIAL ENOCARE BAUME LEVRE NOURISSANT - Paracherkaoui.ma","og_description":"Le baume l\u00e8vres nourrissant Enocare Codexial\u00a0est \u00e9labor\u00e9 pour r\u00e9pondre aux s\u00e9cheresses labiales s\u00e9v\u00e8res\u00a0d\u2019origine physiologique, climatique ou induite par les traitements","og_url":"https:\/\/paracherkaoui.ma\/index.php\/produit\/codexial-enocare-baume-levre-nourissant\/","og_site_name":"Paracherkaoui.ma","article_modified_time":"2025-12-12T17:29:09+00:00","og_image":[{"width":700,"height":700,"url":"https:\/\/paracherkaoui.ma\/wp-content\/uploads\/2025\/12\/codexial-codexial-enocare-baume-levre-nourissant-levres.jpg","type":"image\/jpeg"}],"twitter_card":"summary_large_image","twitter_misc":{"Dur\u00e9e de lecture estim\u00e9e":"1 minute"},"schema":{"@context":"https:\/\/schema.org","@graph":[{"@type":"WebPage","@id":"https:\/\/paracherkaoui.ma\/index.php\/produit\/codexial-enocare-baume-levre-nourissant\/","url":"https:\/\/paracherkaoui.ma\/index.php\/produit\/codexial-enocare-baume-levre-nourissant\/","name":"CODEXIAL ENOCARE BAUME LEVRE NOURISSANT - Paracherkaoui.ma","isPartOf":{"@id":"https:\/\/paracherkaoui.ma\/#website"},"primaryImageOfPage":{"@id":"https:\/\/paracherkaoui.ma\/index.php\/produit\/codexial-enocare-baume-levre-nourissant\/#primaryimage"},"image":{"@id":"https:\/\/paracherkaoui.ma\/index.php\/produit\/codexial-enocare-baume-levre-nourissant\/#primaryimage"},"thumbnailUrl":"https:\/\/paracherkaoui.ma\/wp-content\/uploads\/2025\/12\/codexial-codexial-enocare-baume-levre-nourissant-levres.jpg","datePublished":"2025-12-12T17:29:06+00:00","dateModified":"2025-12-12T17:29:09+00:00","breadcrumb":{"@id":"https:\/\/paracherkaoui.ma\/index.php\/produit\/codexial-enocare-baume-levre-nourissant\/#breadcrumb"},"inLanguage":"fr-FR","potentialAction":[{"@type":"ReadAction","target":["https:\/\/paracherkaoui.ma\/index.php\/produit\/codexial-enocare-baume-levre-nourissant\/"]}]},{"@type":"ImageObject","inLanguage":"fr-FR","@id":"https:\/\/paracherkaoui.ma\/index.php\/produit\/codexial-enocare-baume-levre-nourissant\/#primaryimage","url":"https:\/\/paracherkaoui.ma\/wp-content\/uploads\/2025\/12\/codexial-codexial-enocare-baume-levre-nourissant-levres.jpg","contentUrl":"https:\/\/paracherkaoui.ma\/wp-content\/uploads\/2025\/12\/codexial-codexial-enocare-baume-levre-nourissant-levres.jpg","width":700,"height":700},{"@type":"BreadcrumbList","@id":"https:\/\/paracherkaoui.ma\/index.php\/produit\/codexial-enocare-baume-levre-nourissant\/#breadcrumb","itemListElement":[{"@type":"ListItem","position":1,"name":"Accueil","item":"https:\/\/paracherkaoui.ma\/"},{"@type":"ListItem","position":2,"name":"Boutique","item":"https:\/\/paracherkaoui.ma\/index.php\/boutique\/"},{"@type":"ListItem","position":3,"name":"CODEXIAL ENOCARE BAUME LEVRE NOURISSANT"}]},{"@type":"WebSite","@id":"https:\/\/paracherkaoui.ma\/#website","url":"https:\/\/paracherkaoui.ma\/","name":"Paracherkaoui.ma","description":"Achetez en ligne sur Paracherkaoui.ma","potentialAction":[{"@type":"SearchAction","target":{"@type":"EntryPoint","urlTemplate":"https:\/\/paracherkaoui.ma\/?s={search_term_string}"},"query-input":{"@type":"PropertyValueSpecification","valueRequired":true,"valueName":"search_term_string"}}],"inLanguage":"fr-FR"}]}},"_links":{"self":[{"href":"https:\/\/paracherkaoui.ma\/index.php\/wp-json\/wp\/v2\/product\/28569","targetHints":{"allow":["GET"]}}],"collection":[{"href":"https:\/\/paracherkaoui.ma\/index.php\/wp-json\/wp\/v2\/product"}],"about":[{"href":"https:\/\/paracherkaoui.ma\/index.php\/wp-json\/wp\/v2\/types\/product"}],"replies":[{"embeddable":true,"href":"https:\/\/paracherkaoui.ma\/index.php\/wp-json\/wp\/v2\/comments?post=28569"}],"version-history":[{"count":1,"href":"https:\/\/paracherkaoui.ma\/index.php\/wp-json\/wp\/v2\/product\/28569\/revisions"}],"predecessor-version":[{"id":28605,"href":"https:\/\/paracherkaoui.ma\/index.php\/wp-json\/wp\/v2\/product\/28569\/revisions\/28605"}],"wp:featuredmedia":[{"embeddable":true,"href":"https:\/\/paracherkaoui.ma\/index.php\/wp-json\/wp\/v2\/media\/28604"}],"wp:attachment":[{"href":"https:\/\/paracherkaoui.ma\/index.php\/wp-json\/wp\/v2\/media?parent=28569"}],"wp:term":[{"taxonomy":"product_brand","embeddable":true,"href":"https:\/\/paracherkaoui.ma\/index.php\/wp-json\/wp\/v2\/product_brand?post=28569"},{"taxonomy":"product_cat","embeddable":true,"href":"https:\/\/paracherkaoui.ma\/index.php\/wp-json\/wp\/v2\/product_cat?post=28569"},{"taxonomy":"product_tag","embeddable":true,"href":"https:\/\/paracherkaoui.ma\/index.php\/wp-json\/wp\/v2\/product_tag?post=28569"}],"curies":[{"name":"wp","href":"https:\/\/api.w.org\/{rel}","templated":true}]}}