{"id":28566,"date":"2025-12-12T18:29:06","date_gmt":"2025-12-12T17:29:06","guid":{"rendered":"https:\/\/test.ecbeaute.com\/?post_type=product&#038;p=28566"},"modified":"2025-12-12T18:29:08","modified_gmt":"2025-12-12T17:29:08","slug":"nuxe-nuxuriance-ultra-creme-anti-age-globale-spf30-50-ml","status":"publish","type":"product","link":"https:\/\/paracherkaoui.ma\/index.php\/produit\/nuxe-nuxuriance-ultra-creme-anti-age-globale-spf30-50-ml\/","title":{"rendered":"NUXE NUXURIANCE ULTRA CREME ANTI AGE GLOBALE SPF30 50 ML"},"content":{"rendered":"<p>Cette cr\u00e8me offre une efficacit\u00e9 anti-\u00e2ge globale, associ\u00e9e \u00e0 une exp\u00e9rience sensorielle agr\u00e9able gr\u00e2ce \u00e0 son parfum f\u00e9minin moderne. Sa texture universelle convient \u00e0 tous les types de peau. La TECHNOLOGIE ALFA [3R] combine des extraits d&rsquo;alfalfa, d&rsquo;acide hyaluronique et d&rsquo;h\u00e9m\u00e9rocalle, d\u00e9montrant son efficacit\u00e9 lors de tests in vitro. Test\u00e9e sur 22 volontaires, elle a montr\u00e9 un haut niveau de satisfaction. Essayez-la d\u00e8s aujourd&rsquo;hui pour d\u00e9couvrir cet anti-\u00e2ge global plus efficace que le r\u00e9tinol.<br \/>\nEssayez la Cr\u00e8me Anti- ge Global SPF30 de NUXE d\u00e8s aujourd&rsquo;hui pour d\u00e9couvrir une peau d&rsquo;apparence plus jeune et plus saine.<br \/>\nCOMPOSITION:<br \/>\nAQUA\/WATER, DIISOPROPYL SEBACATE, DIETHYLAMINO HYDROXYBENZOYL HEXYL BENZOATE, DIBUTYL ADIPATE, POLYGLYCERYL-6 STEARATE, GLYCERIN, PHENYLBENZIMIDAZOLE SULFONIC ACID, C10-18 TRIGLYCERIDES, ARGININE, CETEARYL ALCOHOL, GLYCERYL STEARATE, ISOPROPYL LAUROYL SARCOSINATE, PARFUM\/FRAGRANCE, MICROCRYSTALLINE CELLULOSE, BIS-ETHYLHEXYLOXYPHENOL METHOXYPHENYL TRIAZINE, ETHYLHEXYL TRIAZONE, BENZYL ALCOHOL, PERSEA GRATISSIMA (AVOCADO) OIL, ETHYLHEXYLGLYCERIN, GLYCERYL CAPRYLATE, POLYGLYCERYL-6 BEHENATE, XANTHAN GUM, 1,2-HEXANEDIOL, CAPRYLYL GLYCOL, HYALURONIC ACID, CELLULOSE GUM, ROSA CANINA FRUIT OIL, SODIUM GLUCONATE, MEDICAGO SATIVA (ALFALFA) EXTRACT, HEMEROCALLIS FULVA EXTRACT, CITRIC ACID, TROPOLONE, LINALOOL, COUMARIN, HYDROXYCITRONELLAL, GERANIOL, CITRONELLOL [N5704\/A]<br \/>\nCONSEIL D&rsquo;UTILISATION:<br \/>\nLa cr\u00e8me anti-\u00e2ge global SPF30 de Nuxe est une formule avanc\u00e9e qui, gr\u00e2ce \u00e0 sa TECHNOLOGIE ALFA [3R]*, revitalise, r\u00e9g\u00e9n\u00e8re et resurface la peau, offrant une protection solaire contre les UVA et UVB pour pr\u00e9venir le vieillissement pr\u00e9matur\u00e9 de la peau.<br \/>\nPour l&rsquo;appliquer, pr\u00e9levez une noisette de cr\u00e8me, chauffez-la entre vos mains, puis massez-la sur votre visage en \u00e9vitant le contour des yeux.<br \/>\n\u00c9tendez-la \u00e9galement sur le cou et le d\u00e9collet\u00e9.<br \/>\nMassez jusqu&rsquo;\u00e0 absorption compl\u00e8te, puis tapotez l\u00e9g\u00e8rement pour raviver l&rsquo;\u00e9clat du teint.<br \/>\nPour de meilleurs r\u00e9sultats, utilisez-la le matin apr\u00e8s le s\u00e9rum Nuxuriance Ultra.<\/p>\n","protected":false},"excerpt":{"rendered":"<p>Cette cr\u00e8me offre une efficacit\u00e9 anti-\u00e2ge globale, associ\u00e9e \u00e0 une exp\u00e9rience sensorielle agr\u00e9able gr\u00e2ce \u00e0 son parfum f\u00e9minin moderne. Sa<\/p>\n","protected":false},"featured_media":28599,"comment_status":"open","ping_status":"closed","template":"","meta":[],"product_brand":[230],"product_cat":[535],"product_tag":[],"class_list":{"0":"post-28566","1":"product","2":"type-product","3":"status-publish","4":"has-post-thumbnail","6":"product_brand-nuxe","7":"product_cat-levres","9":"first","10":"instock","11":"sale","12":"shipping-taxable","13":"purchasable","14":"product-type-simple"},"yoast_head":"<!-- This site is optimized with the Yoast SEO plugin v26.6 - https:\/\/yoast.com\/wordpress\/plugins\/seo\/ -->\r\n<title>NUXE NUXURIANCE ULTRA CREME ANTI AGE GLOBALE SPF30 50 ML - Paracherkaoui.ma<\/title>\r\n<meta name=\"robots\" content=\"index, follow, max-snippet:-1, max-image-preview:large, max-video-preview:-1\" \/>\r\n<link rel=\"canonical\" href=\"https:\/\/paracherkaoui.ma\/index.php\/produit\/nuxe-nuxuriance-ultra-creme-anti-age-globale-spf30-50-ml\/\" \/>\r\n<meta property=\"og:locale\" content=\"fr_FR\" \/>\r\n<meta property=\"og:type\" content=\"article\" \/>\r\n<meta property=\"og:title\" content=\"NUXE NUXURIANCE ULTRA CREME ANTI AGE GLOBALE SPF30 50 ML - Paracherkaoui.ma\" \/>\r\n<meta property=\"og:description\" content=\"Cette cr\u00e8me offre une efficacit\u00e9 anti-\u00e2ge globale, associ\u00e9e \u00e0 une exp\u00e9rience sensorielle agr\u00e9able gr\u00e2ce \u00e0 son parfum f\u00e9minin moderne. Sa\" \/>\r\n<meta property=\"og:url\" content=\"https:\/\/paracherkaoui.ma\/index.php\/produit\/nuxe-nuxuriance-ultra-creme-anti-age-globale-spf30-50-ml\/\" \/>\r\n<meta property=\"og:site_name\" content=\"Paracherkaoui.ma\" \/>\r\n<meta property=\"article:modified_time\" content=\"2025-12-12T17:29:08+00:00\" \/>\r\n<meta property=\"og:image\" content=\"https:\/\/paracherkaoui.ma\/wp-content\/uploads\/2025\/12\/nuxe-nuxe-nuxuriance-ultra-creme-anti-age-globale-spf30-50-ml-levres.jpg\" \/>\r\n\t<meta property=\"og:image:width\" content=\"700\" \/>\r\n\t<meta property=\"og:image:height\" content=\"700\" \/>\r\n\t<meta property=\"og:image:type\" content=\"image\/jpeg\" \/>\r\n<meta name=\"twitter:card\" content=\"summary_large_image\" \/>\r\n<meta name=\"twitter:label1\" content=\"Dur\u00e9e de lecture estim\u00e9e\" \/>\n\t<meta name=\"twitter:data1\" content=\"2 minutes\" \/>\r\n<script type=\"application\/ld+json\" class=\"yoast-schema-graph\">{\"@context\":\"https:\/\/schema.org\",\"@graph\":[{\"@type\":\"WebPage\",\"@id\":\"https:\/\/paracherkaoui.ma\/index.php\/produit\/nuxe-nuxuriance-ultra-creme-anti-age-globale-spf30-50-ml\/\",\"url\":\"https:\/\/paracherkaoui.ma\/index.php\/produit\/nuxe-nuxuriance-ultra-creme-anti-age-globale-spf30-50-ml\/\",\"name\":\"NUXE NUXURIANCE ULTRA CREME ANTI AGE GLOBALE SPF30 50 ML - Paracherkaoui.ma\",\"isPartOf\":{\"@id\":\"https:\/\/paracherkaoui.ma\/#website\"},\"primaryImageOfPage\":{\"@id\":\"https:\/\/paracherkaoui.ma\/index.php\/produit\/nuxe-nuxuriance-ultra-creme-anti-age-globale-spf30-50-ml\/#primaryimage\"},\"image\":{\"@id\":\"https:\/\/paracherkaoui.ma\/index.php\/produit\/nuxe-nuxuriance-ultra-creme-anti-age-globale-spf30-50-ml\/#primaryimage\"},\"thumbnailUrl\":\"https:\/\/paracherkaoui.ma\/wp-content\/uploads\/2025\/12\/nuxe-nuxe-nuxuriance-ultra-creme-anti-age-globale-spf30-50-ml-levres.jpg\",\"datePublished\":\"2025-12-12T17:29:06+00:00\",\"dateModified\":\"2025-12-12T17:29:08+00:00\",\"breadcrumb\":{\"@id\":\"https:\/\/paracherkaoui.ma\/index.php\/produit\/nuxe-nuxuriance-ultra-creme-anti-age-globale-spf30-50-ml\/#breadcrumb\"},\"inLanguage\":\"fr-FR\",\"potentialAction\":[{\"@type\":\"ReadAction\",\"target\":[\"https:\/\/paracherkaoui.ma\/index.php\/produit\/nuxe-nuxuriance-ultra-creme-anti-age-globale-spf30-50-ml\/\"]}]},{\"@type\":\"ImageObject\",\"inLanguage\":\"fr-FR\",\"@id\":\"https:\/\/paracherkaoui.ma\/index.php\/produit\/nuxe-nuxuriance-ultra-creme-anti-age-globale-spf30-50-ml\/#primaryimage\",\"url\":\"https:\/\/paracherkaoui.ma\/wp-content\/uploads\/2025\/12\/nuxe-nuxe-nuxuriance-ultra-creme-anti-age-globale-spf30-50-ml-levres.jpg\",\"contentUrl\":\"https:\/\/paracherkaoui.ma\/wp-content\/uploads\/2025\/12\/nuxe-nuxe-nuxuriance-ultra-creme-anti-age-globale-spf30-50-ml-levres.jpg\",\"width\":700,\"height\":700},{\"@type\":\"BreadcrumbList\",\"@id\":\"https:\/\/paracherkaoui.ma\/index.php\/produit\/nuxe-nuxuriance-ultra-creme-anti-age-globale-spf30-50-ml\/#breadcrumb\",\"itemListElement\":[{\"@type\":\"ListItem\",\"position\":1,\"name\":\"Accueil\",\"item\":\"https:\/\/paracherkaoui.ma\/\"},{\"@type\":\"ListItem\",\"position\":2,\"name\":\"Boutique\",\"item\":\"https:\/\/paracherkaoui.ma\/index.php\/boutique\/\"},{\"@type\":\"ListItem\",\"position\":3,\"name\":\"NUXE NUXURIANCE ULTRA CREME ANTI AGE GLOBALE SPF30 50 ML\"}]},{\"@type\":\"WebSite\",\"@id\":\"https:\/\/paracherkaoui.ma\/#website\",\"url\":\"https:\/\/paracherkaoui.ma\/\",\"name\":\"Paracherkaoui.ma\",\"description\":\"Achetez en ligne sur Paracherkaoui.ma\",\"potentialAction\":[{\"@type\":\"SearchAction\",\"target\":{\"@type\":\"EntryPoint\",\"urlTemplate\":\"https:\/\/paracherkaoui.ma\/?s={search_term_string}\"},\"query-input\":{\"@type\":\"PropertyValueSpecification\",\"valueRequired\":true,\"valueName\":\"search_term_string\"}}],\"inLanguage\":\"fr-FR\"}]}<\/script>\r\n<!-- \/ Yoast SEO plugin. -->","yoast_head_json":{"title":"NUXE NUXURIANCE ULTRA CREME ANTI AGE GLOBALE SPF30 50 ML - Paracherkaoui.ma","robots":{"index":"index","follow":"follow","max-snippet":"max-snippet:-1","max-image-preview":"max-image-preview:large","max-video-preview":"max-video-preview:-1"},"canonical":"https:\/\/paracherkaoui.ma\/index.php\/produit\/nuxe-nuxuriance-ultra-creme-anti-age-globale-spf30-50-ml\/","og_locale":"fr_FR","og_type":"article","og_title":"NUXE NUXURIANCE ULTRA CREME ANTI AGE GLOBALE SPF30 50 ML - Paracherkaoui.ma","og_description":"Cette cr\u00e8me offre une efficacit\u00e9 anti-\u00e2ge globale, associ\u00e9e \u00e0 une exp\u00e9rience sensorielle agr\u00e9able gr\u00e2ce \u00e0 son parfum f\u00e9minin moderne. Sa","og_url":"https:\/\/paracherkaoui.ma\/index.php\/produit\/nuxe-nuxuriance-ultra-creme-anti-age-globale-spf30-50-ml\/","og_site_name":"Paracherkaoui.ma","article_modified_time":"2025-12-12T17:29:08+00:00","og_image":[{"width":700,"height":700,"url":"https:\/\/paracherkaoui.ma\/wp-content\/uploads\/2025\/12\/nuxe-nuxe-nuxuriance-ultra-creme-anti-age-globale-spf30-50-ml-levres.jpg","type":"image\/jpeg"}],"twitter_card":"summary_large_image","twitter_misc":{"Dur\u00e9e de lecture estim\u00e9e":"2 minutes"},"schema":{"@context":"https:\/\/schema.org","@graph":[{"@type":"WebPage","@id":"https:\/\/paracherkaoui.ma\/index.php\/produit\/nuxe-nuxuriance-ultra-creme-anti-age-globale-spf30-50-ml\/","url":"https:\/\/paracherkaoui.ma\/index.php\/produit\/nuxe-nuxuriance-ultra-creme-anti-age-globale-spf30-50-ml\/","name":"NUXE NUXURIANCE ULTRA CREME ANTI AGE GLOBALE SPF30 50 ML - Paracherkaoui.ma","isPartOf":{"@id":"https:\/\/paracherkaoui.ma\/#website"},"primaryImageOfPage":{"@id":"https:\/\/paracherkaoui.ma\/index.php\/produit\/nuxe-nuxuriance-ultra-creme-anti-age-globale-spf30-50-ml\/#primaryimage"},"image":{"@id":"https:\/\/paracherkaoui.ma\/index.php\/produit\/nuxe-nuxuriance-ultra-creme-anti-age-globale-spf30-50-ml\/#primaryimage"},"thumbnailUrl":"https:\/\/paracherkaoui.ma\/wp-content\/uploads\/2025\/12\/nuxe-nuxe-nuxuriance-ultra-creme-anti-age-globale-spf30-50-ml-levres.jpg","datePublished":"2025-12-12T17:29:06+00:00","dateModified":"2025-12-12T17:29:08+00:00","breadcrumb":{"@id":"https:\/\/paracherkaoui.ma\/index.php\/produit\/nuxe-nuxuriance-ultra-creme-anti-age-globale-spf30-50-ml\/#breadcrumb"},"inLanguage":"fr-FR","potentialAction":[{"@type":"ReadAction","target":["https:\/\/paracherkaoui.ma\/index.php\/produit\/nuxe-nuxuriance-ultra-creme-anti-age-globale-spf30-50-ml\/"]}]},{"@type":"ImageObject","inLanguage":"fr-FR","@id":"https:\/\/paracherkaoui.ma\/index.php\/produit\/nuxe-nuxuriance-ultra-creme-anti-age-globale-spf30-50-ml\/#primaryimage","url":"https:\/\/paracherkaoui.ma\/wp-content\/uploads\/2025\/12\/nuxe-nuxe-nuxuriance-ultra-creme-anti-age-globale-spf30-50-ml-levres.jpg","contentUrl":"https:\/\/paracherkaoui.ma\/wp-content\/uploads\/2025\/12\/nuxe-nuxe-nuxuriance-ultra-creme-anti-age-globale-spf30-50-ml-levres.jpg","width":700,"height":700},{"@type":"BreadcrumbList","@id":"https:\/\/paracherkaoui.ma\/index.php\/produit\/nuxe-nuxuriance-ultra-creme-anti-age-globale-spf30-50-ml\/#breadcrumb","itemListElement":[{"@type":"ListItem","position":1,"name":"Accueil","item":"https:\/\/paracherkaoui.ma\/"},{"@type":"ListItem","position":2,"name":"Boutique","item":"https:\/\/paracherkaoui.ma\/index.php\/boutique\/"},{"@type":"ListItem","position":3,"name":"NUXE NUXURIANCE ULTRA CREME ANTI AGE GLOBALE SPF30 50 ML"}]},{"@type":"WebSite","@id":"https:\/\/paracherkaoui.ma\/#website","url":"https:\/\/paracherkaoui.ma\/","name":"Paracherkaoui.ma","description":"Achetez en ligne sur Paracherkaoui.ma","potentialAction":[{"@type":"SearchAction","target":{"@type":"EntryPoint","urlTemplate":"https:\/\/paracherkaoui.ma\/?s={search_term_string}"},"query-input":{"@type":"PropertyValueSpecification","valueRequired":true,"valueName":"search_term_string"}}],"inLanguage":"fr-FR"}]}},"_links":{"self":[{"href":"https:\/\/paracherkaoui.ma\/index.php\/wp-json\/wp\/v2\/product\/28566","targetHints":{"allow":["GET"]}}],"collection":[{"href":"https:\/\/paracherkaoui.ma\/index.php\/wp-json\/wp\/v2\/product"}],"about":[{"href":"https:\/\/paracherkaoui.ma\/index.php\/wp-json\/wp\/v2\/types\/product"}],"replies":[{"embeddable":true,"href":"https:\/\/paracherkaoui.ma\/index.php\/wp-json\/wp\/v2\/comments?post=28566"}],"version-history":[{"count":1,"href":"https:\/\/paracherkaoui.ma\/index.php\/wp-json\/wp\/v2\/product\/28566\/revisions"}],"predecessor-version":[{"id":28600,"href":"https:\/\/paracherkaoui.ma\/index.php\/wp-json\/wp\/v2\/product\/28566\/revisions\/28600"}],"wp:featuredmedia":[{"embeddable":true,"href":"https:\/\/paracherkaoui.ma\/index.php\/wp-json\/wp\/v2\/media\/28599"}],"wp:attachment":[{"href":"https:\/\/paracherkaoui.ma\/index.php\/wp-json\/wp\/v2\/media?parent=28566"}],"wp:term":[{"taxonomy":"product_brand","embeddable":true,"href":"https:\/\/paracherkaoui.ma\/index.php\/wp-json\/wp\/v2\/product_brand?post=28566"},{"taxonomy":"product_cat","embeddable":true,"href":"https:\/\/paracherkaoui.ma\/index.php\/wp-json\/wp\/v2\/product_cat?post=28566"},{"taxonomy":"product_tag","embeddable":true,"href":"https:\/\/paracherkaoui.ma\/index.php\/wp-json\/wp\/v2\/product_tag?post=28566"}],"curies":[{"name":"wp","href":"https:\/\/api.w.org\/{rel}","templated":true}]}}