{"id":28510,"date":"2025-12-12T18:29:00","date_gmt":"2025-12-12T17:29:00","guid":{"rendered":"https:\/\/test.ecbeaute.com\/?post_type=product&#038;p=28510"},"modified":"2025-12-12T18:29:04","modified_gmt":"2025-12-12T17:29:04","slug":"uriage-bariederm-cica-levres-baume-reparateur-levres-abimees-15-ml-2","status":"publish","type":"product","link":"https:\/\/paracherkaoui.ma\/index.php\/produit\/uriage-bariederm-cica-levres-baume-reparateur-levres-abimees-15-ml-2\/","title":{"rendered":"URIAGE BARIEDERM CICA L\u00c8VRES BAUME R\u00c9PARATEUR L\u00c8VRES AB\u00ceM\u00c9ES 15 ML"},"content":{"rendered":"<p>Gr\u00e2ce \u00e0 l\u2019association unique de deux polym\u00e8res, ce baume forme une barri\u00e8re protectrice \u00e0 la surface des l\u00e8vres, les isolant ainsi des agressions futures telles que le froid, le vent, et la pollution. Cette couche protectrice emp\u00eache \u00e9galement la d\u00e9shydratation, maintenant les l\u00e8vres hydrat\u00e9es plus longtemps.<br \/>\nLa formule du BARI\u00c9DERM Cica ne se contente pas de prot\u00e9ger ; elle r\u00e9pare \u00e9galement. Les polym\u00e8res sp\u00e9cifiques contenus dans le baume travaillent en profondeur pour restaurer les l\u00e8vres gerc\u00e9es et ab\u00eem\u00e9es. Ces polym\u00e8res agissent en synergie pour favoriser la r\u00e9g\u00e9n\u00e9ration cutan\u00e9e, laissant vos l\u00e8vres douces et revitalis\u00e9es.<br \/>\nEnrichi en phytost\u00e9rols, ce baume apporte un soulagement instantan\u00e9 aux l\u00e8vres tiraill\u00e9es. Les phytost\u00e9rols, connus pour leurs propri\u00e9t\u00e9s apaisantes, offrent un confort imm\u00e9diat et durable. Ce composant cl\u00e9 aide \u00e9galement \u00e0 r\u00e9duire les sensations de tiraillement et d\u2019inconfort.<br \/>\nCONSEIL D\u2019UTILISATION<br \/>\nAppliquer une couche g\u00e9n\u00e9reuse de baume sur les l\u00e8vres propres et s\u00e8ches.<br \/>\nRenouveler l\u2019application aussi souvent que n\u00e9cessaire, notamment avant une exposition au froid ou au vent.<br \/>\nPour une efficacit\u00e9 maximale, utiliser quotidiennement.<br \/>\nCe baume est non seulement un indispensable pour l\u2019hiver, mais aussi une solution quotidienne pour quiconque souhaite des l\u00e8vres parfaitement hydrat\u00e9es et prot\u00e9g\u00e9es. Sa formule longue dur\u00e9e et haute tol\u00e9rance en fait un choix id\u00e9al pour toute la famille.<\/p>\n","protected":false},"excerpt":{"rendered":"<p>Gr\u00e2ce \u00e0 l\u2019association unique de deux polym\u00e8res, ce baume forme une barri\u00e8re protectrice \u00e0 la surface des l\u00e8vres, les isolant<\/p>\n","protected":false},"featured_media":14167,"comment_status":"open","ping_status":"closed","template":"","meta":[],"product_brand":[130],"product_cat":[535],"product_tag":[],"class_list":{"0":"post-28510","1":"product","2":"type-product","3":"status-publish","4":"has-post-thumbnail","6":"product_brand-uriage","7":"product_cat-levres","9":"first","10":"instock","11":"sale","12":"shipping-taxable","13":"purchasable","14":"product-type-simple"},"yoast_head":"<!-- This site is optimized with the Yoast SEO plugin v26.6 - https:\/\/yoast.com\/wordpress\/plugins\/seo\/ -->\r\n<title>URIAGE BARIEDERM CICA L\u00c8VRES BAUME R\u00c9PARATEUR L\u00c8VRES AB\u00ceM\u00c9ES 15 ML - Paracherkaoui.ma<\/title>\r\n<meta name=\"robots\" content=\"index, follow, max-snippet:-1, max-image-preview:large, max-video-preview:-1\" \/>\r\n<link rel=\"canonical\" href=\"https:\/\/paracherkaoui.ma\/index.php\/produit\/uriage-bariederm-cica-levres-baume-reparateur-levres-abimees-15-ml-2\/\" \/>\r\n<meta property=\"og:locale\" content=\"fr_FR\" \/>\r\n<meta property=\"og:type\" content=\"article\" \/>\r\n<meta property=\"og:title\" content=\"URIAGE BARIEDERM CICA L\u00c8VRES BAUME R\u00c9PARATEUR L\u00c8VRES AB\u00ceM\u00c9ES 15 ML - Paracherkaoui.ma\" \/>\r\n<meta property=\"og:description\" content=\"Gr\u00e2ce \u00e0 l\u2019association unique de deux polym\u00e8res, ce baume forme une barri\u00e8re protectrice \u00e0 la surface des l\u00e8vres, les isolant\" \/>\r\n<meta property=\"og:url\" content=\"https:\/\/paracherkaoui.ma\/index.php\/produit\/uriage-bariederm-cica-levres-baume-reparateur-levres-abimees-15-ml-2\/\" \/>\r\n<meta property=\"og:site_name\" content=\"Paracherkaoui.ma\" \/>\r\n<meta property=\"article:modified_time\" content=\"2025-12-12T17:29:04+00:00\" \/>\r\n<meta property=\"og:image\" content=\"https:\/\/paracherkaoui.ma\/wp-content\/uploads\/2025\/12\/uriage-uriage-bariederm-cica-levres-baume-reparateur-levres-abimees-15-ml-levres.jpg\" \/>\r\n\t<meta property=\"og:image:width\" content=\"700\" \/>\r\n\t<meta property=\"og:image:height\" content=\"700\" \/>\r\n\t<meta property=\"og:image:type\" content=\"image\/jpeg\" \/>\r\n<meta name=\"twitter:card\" content=\"summary_large_image\" \/>\r\n<meta name=\"twitter:label1\" content=\"Dur\u00e9e de lecture estim\u00e9e\" \/>\n\t<meta name=\"twitter:data1\" content=\"1 minute\" \/>\r\n<script type=\"application\/ld+json\" class=\"yoast-schema-graph\">{\"@context\":\"https:\/\/schema.org\",\"@graph\":[{\"@type\":\"WebPage\",\"@id\":\"https:\/\/paracherkaoui.ma\/index.php\/produit\/uriage-bariederm-cica-levres-baume-reparateur-levres-abimees-15-ml-2\/\",\"url\":\"https:\/\/paracherkaoui.ma\/index.php\/produit\/uriage-bariederm-cica-levres-baume-reparateur-levres-abimees-15-ml-2\/\",\"name\":\"URIAGE BARIEDERM CICA L\u00c8VRES BAUME R\u00c9PARATEUR L\u00c8VRES AB\u00ceM\u00c9ES 15 ML - Paracherkaoui.ma\",\"isPartOf\":{\"@id\":\"https:\/\/paracherkaoui.ma\/#website\"},\"primaryImageOfPage\":{\"@id\":\"https:\/\/paracherkaoui.ma\/index.php\/produit\/uriage-bariederm-cica-levres-baume-reparateur-levres-abimees-15-ml-2\/#primaryimage\"},\"image\":{\"@id\":\"https:\/\/paracherkaoui.ma\/index.php\/produit\/uriage-bariederm-cica-levres-baume-reparateur-levres-abimees-15-ml-2\/#primaryimage\"},\"thumbnailUrl\":\"https:\/\/paracherkaoui.ma\/wp-content\/uploads\/2025\/12\/uriage-uriage-bariederm-cica-levres-baume-reparateur-levres-abimees-15-ml-levres.jpg\",\"datePublished\":\"2025-12-12T17:29:00+00:00\",\"dateModified\":\"2025-12-12T17:29:04+00:00\",\"breadcrumb\":{\"@id\":\"https:\/\/paracherkaoui.ma\/index.php\/produit\/uriage-bariederm-cica-levres-baume-reparateur-levres-abimees-15-ml-2\/#breadcrumb\"},\"inLanguage\":\"fr-FR\",\"potentialAction\":[{\"@type\":\"ReadAction\",\"target\":[\"https:\/\/paracherkaoui.ma\/index.php\/produit\/uriage-bariederm-cica-levres-baume-reparateur-levres-abimees-15-ml-2\/\"]}]},{\"@type\":\"ImageObject\",\"inLanguage\":\"fr-FR\",\"@id\":\"https:\/\/paracherkaoui.ma\/index.php\/produit\/uriage-bariederm-cica-levres-baume-reparateur-levres-abimees-15-ml-2\/#primaryimage\",\"url\":\"https:\/\/paracherkaoui.ma\/wp-content\/uploads\/2025\/12\/uriage-uriage-bariederm-cica-levres-baume-reparateur-levres-abimees-15-ml-levres.jpg\",\"contentUrl\":\"https:\/\/paracherkaoui.ma\/wp-content\/uploads\/2025\/12\/uriage-uriage-bariederm-cica-levres-baume-reparateur-levres-abimees-15-ml-levres.jpg\",\"width\":700,\"height\":700},{\"@type\":\"BreadcrumbList\",\"@id\":\"https:\/\/paracherkaoui.ma\/index.php\/produit\/uriage-bariederm-cica-levres-baume-reparateur-levres-abimees-15-ml-2\/#breadcrumb\",\"itemListElement\":[{\"@type\":\"ListItem\",\"position\":1,\"name\":\"Accueil\",\"item\":\"https:\/\/paracherkaoui.ma\/\"},{\"@type\":\"ListItem\",\"position\":2,\"name\":\"Boutique\",\"item\":\"https:\/\/paracherkaoui.ma\/index.php\/boutique\/\"},{\"@type\":\"ListItem\",\"position\":3,\"name\":\"URIAGE BARIEDERM CICA L\u00c8VRES BAUME R\u00c9PARATEUR L\u00c8VRES AB\u00ceM\u00c9ES 15 ML\"}]},{\"@type\":\"WebSite\",\"@id\":\"https:\/\/paracherkaoui.ma\/#website\",\"url\":\"https:\/\/paracherkaoui.ma\/\",\"name\":\"Paracherkaoui.ma\",\"description\":\"Achetez en ligne sur Paracherkaoui.ma\",\"potentialAction\":[{\"@type\":\"SearchAction\",\"target\":{\"@type\":\"EntryPoint\",\"urlTemplate\":\"https:\/\/paracherkaoui.ma\/?s={search_term_string}\"},\"query-input\":{\"@type\":\"PropertyValueSpecification\",\"valueRequired\":true,\"valueName\":\"search_term_string\"}}],\"inLanguage\":\"fr-FR\"}]}<\/script>\r\n<!-- \/ Yoast SEO plugin. -->","yoast_head_json":{"title":"URIAGE BARIEDERM CICA L\u00c8VRES BAUME R\u00c9PARATEUR L\u00c8VRES AB\u00ceM\u00c9ES 15 ML - Paracherkaoui.ma","robots":{"index":"index","follow":"follow","max-snippet":"max-snippet:-1","max-image-preview":"max-image-preview:large","max-video-preview":"max-video-preview:-1"},"canonical":"https:\/\/paracherkaoui.ma\/index.php\/produit\/uriage-bariederm-cica-levres-baume-reparateur-levres-abimees-15-ml-2\/","og_locale":"fr_FR","og_type":"article","og_title":"URIAGE BARIEDERM CICA L\u00c8VRES BAUME R\u00c9PARATEUR L\u00c8VRES AB\u00ceM\u00c9ES 15 ML - Paracherkaoui.ma","og_description":"Gr\u00e2ce \u00e0 l\u2019association unique de deux polym\u00e8res, ce baume forme une barri\u00e8re protectrice \u00e0 la surface des l\u00e8vres, les isolant","og_url":"https:\/\/paracherkaoui.ma\/index.php\/produit\/uriage-bariederm-cica-levres-baume-reparateur-levres-abimees-15-ml-2\/","og_site_name":"Paracherkaoui.ma","article_modified_time":"2025-12-12T17:29:04+00:00","og_image":[{"width":700,"height":700,"url":"https:\/\/paracherkaoui.ma\/wp-content\/uploads\/2025\/12\/uriage-uriage-bariederm-cica-levres-baume-reparateur-levres-abimees-15-ml-levres.jpg","type":"image\/jpeg"}],"twitter_card":"summary_large_image","twitter_misc":{"Dur\u00e9e de lecture estim\u00e9e":"1 minute"},"schema":{"@context":"https:\/\/schema.org","@graph":[{"@type":"WebPage","@id":"https:\/\/paracherkaoui.ma\/index.php\/produit\/uriage-bariederm-cica-levres-baume-reparateur-levres-abimees-15-ml-2\/","url":"https:\/\/paracherkaoui.ma\/index.php\/produit\/uriage-bariederm-cica-levres-baume-reparateur-levres-abimees-15-ml-2\/","name":"URIAGE BARIEDERM CICA L\u00c8VRES BAUME R\u00c9PARATEUR L\u00c8VRES AB\u00ceM\u00c9ES 15 ML - Paracherkaoui.ma","isPartOf":{"@id":"https:\/\/paracherkaoui.ma\/#website"},"primaryImageOfPage":{"@id":"https:\/\/paracherkaoui.ma\/index.php\/produit\/uriage-bariederm-cica-levres-baume-reparateur-levres-abimees-15-ml-2\/#primaryimage"},"image":{"@id":"https:\/\/paracherkaoui.ma\/index.php\/produit\/uriage-bariederm-cica-levres-baume-reparateur-levres-abimees-15-ml-2\/#primaryimage"},"thumbnailUrl":"https:\/\/paracherkaoui.ma\/wp-content\/uploads\/2025\/12\/uriage-uriage-bariederm-cica-levres-baume-reparateur-levres-abimees-15-ml-levres.jpg","datePublished":"2025-12-12T17:29:00+00:00","dateModified":"2025-12-12T17:29:04+00:00","breadcrumb":{"@id":"https:\/\/paracherkaoui.ma\/index.php\/produit\/uriage-bariederm-cica-levres-baume-reparateur-levres-abimees-15-ml-2\/#breadcrumb"},"inLanguage":"fr-FR","potentialAction":[{"@type":"ReadAction","target":["https:\/\/paracherkaoui.ma\/index.php\/produit\/uriage-bariederm-cica-levres-baume-reparateur-levres-abimees-15-ml-2\/"]}]},{"@type":"ImageObject","inLanguage":"fr-FR","@id":"https:\/\/paracherkaoui.ma\/index.php\/produit\/uriage-bariederm-cica-levres-baume-reparateur-levres-abimees-15-ml-2\/#primaryimage","url":"https:\/\/paracherkaoui.ma\/wp-content\/uploads\/2025\/12\/uriage-uriage-bariederm-cica-levres-baume-reparateur-levres-abimees-15-ml-levres.jpg","contentUrl":"https:\/\/paracherkaoui.ma\/wp-content\/uploads\/2025\/12\/uriage-uriage-bariederm-cica-levres-baume-reparateur-levres-abimees-15-ml-levres.jpg","width":700,"height":700},{"@type":"BreadcrumbList","@id":"https:\/\/paracherkaoui.ma\/index.php\/produit\/uriage-bariederm-cica-levres-baume-reparateur-levres-abimees-15-ml-2\/#breadcrumb","itemListElement":[{"@type":"ListItem","position":1,"name":"Accueil","item":"https:\/\/paracherkaoui.ma\/"},{"@type":"ListItem","position":2,"name":"Boutique","item":"https:\/\/paracherkaoui.ma\/index.php\/boutique\/"},{"@type":"ListItem","position":3,"name":"URIAGE BARIEDERM CICA L\u00c8VRES BAUME R\u00c9PARATEUR L\u00c8VRES AB\u00ceM\u00c9ES 15 ML"}]},{"@type":"WebSite","@id":"https:\/\/paracherkaoui.ma\/#website","url":"https:\/\/paracherkaoui.ma\/","name":"Paracherkaoui.ma","description":"Achetez en ligne sur Paracherkaoui.ma","potentialAction":[{"@type":"SearchAction","target":{"@type":"EntryPoint","urlTemplate":"https:\/\/paracherkaoui.ma\/?s={search_term_string}"},"query-input":{"@type":"PropertyValueSpecification","valueRequired":true,"valueName":"search_term_string"}}],"inLanguage":"fr-FR"}]}},"_links":{"self":[{"href":"https:\/\/paracherkaoui.ma\/index.php\/wp-json\/wp\/v2\/product\/28510","targetHints":{"allow":["GET"]}}],"collection":[{"href":"https:\/\/paracherkaoui.ma\/index.php\/wp-json\/wp\/v2\/product"}],"about":[{"href":"https:\/\/paracherkaoui.ma\/index.php\/wp-json\/wp\/v2\/types\/product"}],"replies":[{"embeddable":true,"href":"https:\/\/paracherkaoui.ma\/index.php\/wp-json\/wp\/v2\/comments?post=28510"}],"version-history":[{"count":1,"href":"https:\/\/paracherkaoui.ma\/index.php\/wp-json\/wp\/v2\/product\/28510\/revisions"}],"predecessor-version":[{"id":28554,"href":"https:\/\/paracherkaoui.ma\/index.php\/wp-json\/wp\/v2\/product\/28510\/revisions\/28554"}],"wp:featuredmedia":[{"embeddable":true,"href":"https:\/\/paracherkaoui.ma\/index.php\/wp-json\/wp\/v2\/media\/14167"}],"wp:attachment":[{"href":"https:\/\/paracherkaoui.ma\/index.php\/wp-json\/wp\/v2\/media?parent=28510"}],"wp:term":[{"taxonomy":"product_brand","embeddable":true,"href":"https:\/\/paracherkaoui.ma\/index.php\/wp-json\/wp\/v2\/product_brand?post=28510"},{"taxonomy":"product_cat","embeddable":true,"href":"https:\/\/paracherkaoui.ma\/index.php\/wp-json\/wp\/v2\/product_cat?post=28510"},{"taxonomy":"product_tag","embeddable":true,"href":"https:\/\/paracherkaoui.ma\/index.php\/wp-json\/wp\/v2\/product_tag?post=28510"}],"curies":[{"name":"wp","href":"https:\/\/api.w.org\/{rel}","templated":true}]}}