{"id":28504,"date":"2025-12-12T18:29:00","date_gmt":"2025-12-12T17:29:00","guid":{"rendered":"https:\/\/test.ecbeaute.com\/?post_type=product&#038;p=28504"},"modified":"2025-12-12T18:29:04","modified_gmt":"2025-12-12T17:29:04","slug":"nuxe-reve-de-miel-stick-levres-hydratant","status":"publish","type":"product","link":"https:\/\/paracherkaoui.ma\/index.php\/produit\/nuxe-reve-de-miel-stick-levres-hydratant\/","title":{"rendered":"NUXE REVE DE MIEL STICK LEVRES HYDRATANT"},"content":{"rendered":"<p>Avec sa formulation enrichie en agents actifs, le baume \u00e0 l\u00e8vres\u00a0de la gamme\u00a0R\u00eave de Miel Nuxe\u00a0apporte un apaisement imm\u00e9diat aux l\u00e8vres ab\u00eem\u00e9es ou gerc\u00e9es. Ce stick \u00e0 l\u00e8vres agit en douceur :<br \/>\nriche en miel, extraits d&rsquo;huiles et autres agents actifs, il prot\u00e8ge les l\u00e8vres ab\u00eem\u00e9es et les rend plus r\u00e9sistantes aux agressions ext\u00e9rieures<br \/>\nil favorise la production naturelle de collag\u00e8ne et permet la cicatrisation rapide des crevasses<br \/>\nil b\u00e9n\u00e9ficie d&rsquo;une action protectrice contre les UVA et UVB : c&rsquo;est le soin id\u00e9al pour prendre soin des l\u00e8vres lors d&rsquo;une exposition au soleil<br \/>\nUne formulation naturelle pour nourrir les l\u00e8vres dess\u00e9ch\u00e9es<br \/>\nCe soin des l\u00e8vres pr\u00e9sente une action cibl\u00e9e, afin de r\u00e9hydrater vos l\u00e8vres d\u00e9ss\u00e8ch\u00e9es, gr\u00e2ce \u00e0 sa formulation h\u00e9rit\u00e9e de la recherche Nuxe :<br \/>\nenrichi au miel d&rsquo;acacia aux vertus adoucissantes, il restaure les l\u00e8vres ab\u00eem\u00e9es<br \/>\nles huiles de tournesol et de macadamia ont des propri\u00e9t\u00e9s relipidantes<br \/>\norge, argan et beurre de karit\u00e9, tous int\u00e9gr\u00e9s dans sa composition, calment et apaisent les douleurs<br \/>\nLe baume \u00e0 l\u00e8vres de Nuxe, appliqu\u00e9 la nuit, peut compl\u00e9ter l&rsquo;action de ce soin des l\u00e8vres en stick \u00e0 la formule id\u00e9ale pour une utilisation quotidienne.<\/p>\n","protected":false},"excerpt":{"rendered":"<p>Avec sa formulation enrichie en agents actifs, le baume \u00e0 l\u00e8vres\u00a0de la gamme\u00a0R\u00eave de Miel Nuxe\u00a0apporte un apaisement imm\u00e9diat aux<\/p>\n","protected":false},"featured_media":28544,"comment_status":"open","ping_status":"closed","template":"","meta":[],"product_brand":[230],"product_cat":[535],"product_tag":[],"class_list":{"0":"post-28504","1":"product","2":"type-product","3":"status-publish","4":"has-post-thumbnail","6":"product_brand-nuxe","7":"product_cat-levres","9":"first","10":"instock","11":"sale","12":"shipping-taxable","13":"purchasable","14":"product-type-simple"},"yoast_head":"<!-- This site is optimized with the Yoast SEO plugin v26.6 - https:\/\/yoast.com\/wordpress\/plugins\/seo\/ -->\r\n<title>NUXE REVE DE MIEL STICK LEVRES HYDRATANT - Paracherkaoui.ma<\/title>\r\n<meta name=\"robots\" content=\"index, follow, max-snippet:-1, max-image-preview:large, max-video-preview:-1\" \/>\r\n<link rel=\"canonical\" href=\"https:\/\/paracherkaoui.ma\/index.php\/produit\/nuxe-reve-de-miel-stick-levres-hydratant\/\" \/>\r\n<meta property=\"og:locale\" content=\"fr_FR\" \/>\r\n<meta property=\"og:type\" content=\"article\" \/>\r\n<meta property=\"og:title\" content=\"NUXE REVE DE MIEL STICK LEVRES HYDRATANT - Paracherkaoui.ma\" \/>\r\n<meta property=\"og:description\" content=\"Avec sa formulation enrichie en agents actifs, le baume \u00e0 l\u00e8vres\u00a0de la gamme\u00a0R\u00eave de Miel Nuxe\u00a0apporte un apaisement imm\u00e9diat aux\" \/>\r\n<meta property=\"og:url\" content=\"https:\/\/paracherkaoui.ma\/index.php\/produit\/nuxe-reve-de-miel-stick-levres-hydratant\/\" \/>\r\n<meta property=\"og:site_name\" content=\"Paracherkaoui.ma\" \/>\r\n<meta property=\"article:modified_time\" content=\"2025-12-12T17:29:04+00:00\" \/>\r\n<meta property=\"og:image\" content=\"https:\/\/paracherkaoui.ma\/wp-content\/uploads\/2025\/12\/nuxe-nuxe-reve-de-miel-stick-levres-hydratant-levres.jpg\" \/>\r\n\t<meta property=\"og:image:width\" content=\"700\" \/>\r\n\t<meta property=\"og:image:height\" content=\"700\" \/>\r\n\t<meta property=\"og:image:type\" content=\"image\/jpeg\" \/>\r\n<meta name=\"twitter:card\" content=\"summary_large_image\" \/>\r\n<meta name=\"twitter:label1\" content=\"Dur\u00e9e de lecture estim\u00e9e\" \/>\n\t<meta name=\"twitter:data1\" content=\"1 minute\" \/>\r\n<script type=\"application\/ld+json\" class=\"yoast-schema-graph\">{\"@context\":\"https:\/\/schema.org\",\"@graph\":[{\"@type\":\"WebPage\",\"@id\":\"https:\/\/paracherkaoui.ma\/index.php\/produit\/nuxe-reve-de-miel-stick-levres-hydratant\/\",\"url\":\"https:\/\/paracherkaoui.ma\/index.php\/produit\/nuxe-reve-de-miel-stick-levres-hydratant\/\",\"name\":\"NUXE REVE DE MIEL STICK LEVRES HYDRATANT - Paracherkaoui.ma\",\"isPartOf\":{\"@id\":\"https:\/\/paracherkaoui.ma\/#website\"},\"primaryImageOfPage\":{\"@id\":\"https:\/\/paracherkaoui.ma\/index.php\/produit\/nuxe-reve-de-miel-stick-levres-hydratant\/#primaryimage\"},\"image\":{\"@id\":\"https:\/\/paracherkaoui.ma\/index.php\/produit\/nuxe-reve-de-miel-stick-levres-hydratant\/#primaryimage\"},\"thumbnailUrl\":\"https:\/\/paracherkaoui.ma\/wp-content\/uploads\/2025\/12\/nuxe-nuxe-reve-de-miel-stick-levres-hydratant-levres.jpg\",\"datePublished\":\"2025-12-12T17:29:00+00:00\",\"dateModified\":\"2025-12-12T17:29:04+00:00\",\"breadcrumb\":{\"@id\":\"https:\/\/paracherkaoui.ma\/index.php\/produit\/nuxe-reve-de-miel-stick-levres-hydratant\/#breadcrumb\"},\"inLanguage\":\"fr-FR\",\"potentialAction\":[{\"@type\":\"ReadAction\",\"target\":[\"https:\/\/paracherkaoui.ma\/index.php\/produit\/nuxe-reve-de-miel-stick-levres-hydratant\/\"]}]},{\"@type\":\"ImageObject\",\"inLanguage\":\"fr-FR\",\"@id\":\"https:\/\/paracherkaoui.ma\/index.php\/produit\/nuxe-reve-de-miel-stick-levres-hydratant\/#primaryimage\",\"url\":\"https:\/\/paracherkaoui.ma\/wp-content\/uploads\/2025\/12\/nuxe-nuxe-reve-de-miel-stick-levres-hydratant-levres.jpg\",\"contentUrl\":\"https:\/\/paracherkaoui.ma\/wp-content\/uploads\/2025\/12\/nuxe-nuxe-reve-de-miel-stick-levres-hydratant-levres.jpg\",\"width\":700,\"height\":700},{\"@type\":\"BreadcrumbList\",\"@id\":\"https:\/\/paracherkaoui.ma\/index.php\/produit\/nuxe-reve-de-miel-stick-levres-hydratant\/#breadcrumb\",\"itemListElement\":[{\"@type\":\"ListItem\",\"position\":1,\"name\":\"Accueil\",\"item\":\"https:\/\/paracherkaoui.ma\/\"},{\"@type\":\"ListItem\",\"position\":2,\"name\":\"Boutique\",\"item\":\"https:\/\/paracherkaoui.ma\/index.php\/boutique\/\"},{\"@type\":\"ListItem\",\"position\":3,\"name\":\"NUXE REVE DE MIEL STICK LEVRES HYDRATANT\"}]},{\"@type\":\"WebSite\",\"@id\":\"https:\/\/paracherkaoui.ma\/#website\",\"url\":\"https:\/\/paracherkaoui.ma\/\",\"name\":\"Paracherkaoui.ma\",\"description\":\"Achetez en ligne sur Paracherkaoui.ma\",\"potentialAction\":[{\"@type\":\"SearchAction\",\"target\":{\"@type\":\"EntryPoint\",\"urlTemplate\":\"https:\/\/paracherkaoui.ma\/?s={search_term_string}\"},\"query-input\":{\"@type\":\"PropertyValueSpecification\",\"valueRequired\":true,\"valueName\":\"search_term_string\"}}],\"inLanguage\":\"fr-FR\"}]}<\/script>\r\n<!-- \/ Yoast SEO plugin. -->","yoast_head_json":{"title":"NUXE REVE DE MIEL STICK LEVRES HYDRATANT - Paracherkaoui.ma","robots":{"index":"index","follow":"follow","max-snippet":"max-snippet:-1","max-image-preview":"max-image-preview:large","max-video-preview":"max-video-preview:-1"},"canonical":"https:\/\/paracherkaoui.ma\/index.php\/produit\/nuxe-reve-de-miel-stick-levres-hydratant\/","og_locale":"fr_FR","og_type":"article","og_title":"NUXE REVE DE MIEL STICK LEVRES HYDRATANT - Paracherkaoui.ma","og_description":"Avec sa formulation enrichie en agents actifs, le baume \u00e0 l\u00e8vres\u00a0de la gamme\u00a0R\u00eave de Miel Nuxe\u00a0apporte un apaisement imm\u00e9diat aux","og_url":"https:\/\/paracherkaoui.ma\/index.php\/produit\/nuxe-reve-de-miel-stick-levres-hydratant\/","og_site_name":"Paracherkaoui.ma","article_modified_time":"2025-12-12T17:29:04+00:00","og_image":[{"width":700,"height":700,"url":"https:\/\/paracherkaoui.ma\/wp-content\/uploads\/2025\/12\/nuxe-nuxe-reve-de-miel-stick-levres-hydratant-levres.jpg","type":"image\/jpeg"}],"twitter_card":"summary_large_image","twitter_misc":{"Dur\u00e9e de lecture estim\u00e9e":"1 minute"},"schema":{"@context":"https:\/\/schema.org","@graph":[{"@type":"WebPage","@id":"https:\/\/paracherkaoui.ma\/index.php\/produit\/nuxe-reve-de-miel-stick-levres-hydratant\/","url":"https:\/\/paracherkaoui.ma\/index.php\/produit\/nuxe-reve-de-miel-stick-levres-hydratant\/","name":"NUXE REVE DE MIEL STICK LEVRES HYDRATANT - Paracherkaoui.ma","isPartOf":{"@id":"https:\/\/paracherkaoui.ma\/#website"},"primaryImageOfPage":{"@id":"https:\/\/paracherkaoui.ma\/index.php\/produit\/nuxe-reve-de-miel-stick-levres-hydratant\/#primaryimage"},"image":{"@id":"https:\/\/paracherkaoui.ma\/index.php\/produit\/nuxe-reve-de-miel-stick-levres-hydratant\/#primaryimage"},"thumbnailUrl":"https:\/\/paracherkaoui.ma\/wp-content\/uploads\/2025\/12\/nuxe-nuxe-reve-de-miel-stick-levres-hydratant-levres.jpg","datePublished":"2025-12-12T17:29:00+00:00","dateModified":"2025-12-12T17:29:04+00:00","breadcrumb":{"@id":"https:\/\/paracherkaoui.ma\/index.php\/produit\/nuxe-reve-de-miel-stick-levres-hydratant\/#breadcrumb"},"inLanguage":"fr-FR","potentialAction":[{"@type":"ReadAction","target":["https:\/\/paracherkaoui.ma\/index.php\/produit\/nuxe-reve-de-miel-stick-levres-hydratant\/"]}]},{"@type":"ImageObject","inLanguage":"fr-FR","@id":"https:\/\/paracherkaoui.ma\/index.php\/produit\/nuxe-reve-de-miel-stick-levres-hydratant\/#primaryimage","url":"https:\/\/paracherkaoui.ma\/wp-content\/uploads\/2025\/12\/nuxe-nuxe-reve-de-miel-stick-levres-hydratant-levres.jpg","contentUrl":"https:\/\/paracherkaoui.ma\/wp-content\/uploads\/2025\/12\/nuxe-nuxe-reve-de-miel-stick-levres-hydratant-levres.jpg","width":700,"height":700},{"@type":"BreadcrumbList","@id":"https:\/\/paracherkaoui.ma\/index.php\/produit\/nuxe-reve-de-miel-stick-levres-hydratant\/#breadcrumb","itemListElement":[{"@type":"ListItem","position":1,"name":"Accueil","item":"https:\/\/paracherkaoui.ma\/"},{"@type":"ListItem","position":2,"name":"Boutique","item":"https:\/\/paracherkaoui.ma\/index.php\/boutique\/"},{"@type":"ListItem","position":3,"name":"NUXE REVE DE MIEL STICK LEVRES HYDRATANT"}]},{"@type":"WebSite","@id":"https:\/\/paracherkaoui.ma\/#website","url":"https:\/\/paracherkaoui.ma\/","name":"Paracherkaoui.ma","description":"Achetez en ligne sur Paracherkaoui.ma","potentialAction":[{"@type":"SearchAction","target":{"@type":"EntryPoint","urlTemplate":"https:\/\/paracherkaoui.ma\/?s={search_term_string}"},"query-input":{"@type":"PropertyValueSpecification","valueRequired":true,"valueName":"search_term_string"}}],"inLanguage":"fr-FR"}]}},"_links":{"self":[{"href":"https:\/\/paracherkaoui.ma\/index.php\/wp-json\/wp\/v2\/product\/28504","targetHints":{"allow":["GET"]}}],"collection":[{"href":"https:\/\/paracherkaoui.ma\/index.php\/wp-json\/wp\/v2\/product"}],"about":[{"href":"https:\/\/paracherkaoui.ma\/index.php\/wp-json\/wp\/v2\/types\/product"}],"replies":[{"embeddable":true,"href":"https:\/\/paracherkaoui.ma\/index.php\/wp-json\/wp\/v2\/comments?post=28504"}],"version-history":[{"count":1,"href":"https:\/\/paracherkaoui.ma\/index.php\/wp-json\/wp\/v2\/product\/28504\/revisions"}],"predecessor-version":[{"id":28545,"href":"https:\/\/paracherkaoui.ma\/index.php\/wp-json\/wp\/v2\/product\/28504\/revisions\/28545"}],"wp:featuredmedia":[{"embeddable":true,"href":"https:\/\/paracherkaoui.ma\/index.php\/wp-json\/wp\/v2\/media\/28544"}],"wp:attachment":[{"href":"https:\/\/paracherkaoui.ma\/index.php\/wp-json\/wp\/v2\/media?parent=28504"}],"wp:term":[{"taxonomy":"product_brand","embeddable":true,"href":"https:\/\/paracherkaoui.ma\/index.php\/wp-json\/wp\/v2\/product_brand?post=28504"},{"taxonomy":"product_cat","embeddable":true,"href":"https:\/\/paracherkaoui.ma\/index.php\/wp-json\/wp\/v2\/product_cat?post=28504"},{"taxonomy":"product_tag","embeddable":true,"href":"https:\/\/paracherkaoui.ma\/index.php\/wp-json\/wp\/v2\/product_tag?post=28504"}],"curies":[{"name":"wp","href":"https:\/\/api.w.org\/{rel}","templated":true}]}}