{"id":28492,"date":"2025-12-12T18:28:59","date_gmt":"2025-12-12T17:28:59","guid":{"rendered":"https:\/\/test.ecbeaute.com\/?post_type=product&#038;p=28492"},"modified":"2025-12-12T18:29:02","modified_gmt":"2025-12-12T17:29:02","slug":"isdin-protector-labialspf30-2","status":"publish","type":"product","link":"https:\/\/paracherkaoui.ma\/index.php\/produit\/isdin-protector-labialspf30-2\/","title":{"rendered":"ISDIN PROTECTOR LABIALSPF30"},"content":{"rendered":"<p>Protecteur de l\u00e8vres SPF30 \u00e0 usage quotidien. Prot\u00e8ge, r\u00e9pare et hydrate les l\u00e8vres<br \/>\nOffre une protection UVB\/UVA \u00e9lev\u00e9e avec un SPF30<br \/>\nContient de la vitamine E et de l\u2019ac\u00e9tate de tocoph\u00e9ryle \u00e0 effet antioxydant et \u00e0 action r\u00e9g\u00e9n\u00e9ratrice des l\u00e8vres<br \/>\nSa formule hydrate, nourrit et aide \u00e0 r\u00e9parer les l\u00e8vres s\u00e8ches, offrant une sensation de confort<br \/>\nTest\u00e9 dermatologiquement<br \/>\nHaute protection UVB\/UVA SPF30<br \/>\nOffre une protection UVB\/UVA \u00e9lev\u00e9e avec un SPF 30.<br \/>\n\u00c9mollient et hydratant<\/p>\n","protected":false},"excerpt":{"rendered":"<p>Protecteur de l\u00e8vres SPF30 \u00e0 usage quotidien. Prot\u00e8ge, r\u00e9pare et hydrate les l\u00e8vres Offre une protection UVB\/UVA \u00e9lev\u00e9e avec un<\/p>\n","protected":false},"featured_media":14146,"comment_status":"open","ping_status":"closed","template":"","meta":[],"product_brand":[135],"product_cat":[535],"product_tag":[],"class_list":{"0":"post-28492","1":"product","2":"type-product","3":"status-publish","4":"has-post-thumbnail","6":"product_brand-isdin","7":"product_cat-levres","9":"first","10":"instock","11":"sale","12":"shipping-taxable","13":"purchasable","14":"product-type-simple"},"yoast_head":"<!-- This site is optimized with the Yoast SEO plugin v26.6 - https:\/\/yoast.com\/wordpress\/plugins\/seo\/ -->\r\n<title>ISDIN PROTECTOR LABIALSPF30 - Paracherkaoui.ma<\/title>\r\n<meta name=\"robots\" content=\"index, follow, max-snippet:-1, max-image-preview:large, max-video-preview:-1\" \/>\r\n<link rel=\"canonical\" href=\"https:\/\/paracherkaoui.ma\/index.php\/produit\/isdin-protector-labialspf30-2\/\" \/>\r\n<meta property=\"og:locale\" content=\"fr_FR\" \/>\r\n<meta property=\"og:type\" content=\"article\" \/>\r\n<meta property=\"og:title\" content=\"ISDIN PROTECTOR LABIALSPF30 - Paracherkaoui.ma\" \/>\r\n<meta property=\"og:description\" content=\"Protecteur de l\u00e8vres SPF30 \u00e0 usage quotidien. Prot\u00e8ge, r\u00e9pare et hydrate les l\u00e8vres Offre une protection UVB\/UVA \u00e9lev\u00e9e avec un\" \/>\r\n<meta property=\"og:url\" content=\"https:\/\/paracherkaoui.ma\/index.php\/produit\/isdin-protector-labialspf30-2\/\" \/>\r\n<meta property=\"og:site_name\" content=\"Paracherkaoui.ma\" \/>\r\n<meta property=\"article:modified_time\" content=\"2025-12-12T17:29:02+00:00\" \/>\r\n<meta property=\"og:image\" content=\"https:\/\/paracherkaoui.ma\/wp-content\/uploads\/2025\/12\/isdin-isdin-protector-labialspf30-levres.jpg\" \/>\r\n\t<meta property=\"og:image:width\" content=\"700\" \/>\r\n\t<meta property=\"og:image:height\" content=\"700\" \/>\r\n\t<meta property=\"og:image:type\" content=\"image\/jpeg\" \/>\r\n<meta name=\"twitter:card\" content=\"summary_large_image\" \/>\r\n<script type=\"application\/ld+json\" class=\"yoast-schema-graph\">{\"@context\":\"https:\/\/schema.org\",\"@graph\":[{\"@type\":\"WebPage\",\"@id\":\"https:\/\/paracherkaoui.ma\/index.php\/produit\/isdin-protector-labialspf30-2\/\",\"url\":\"https:\/\/paracherkaoui.ma\/index.php\/produit\/isdin-protector-labialspf30-2\/\",\"name\":\"ISDIN PROTECTOR LABIALSPF30 - Paracherkaoui.ma\",\"isPartOf\":{\"@id\":\"https:\/\/paracherkaoui.ma\/#website\"},\"primaryImageOfPage\":{\"@id\":\"https:\/\/paracherkaoui.ma\/index.php\/produit\/isdin-protector-labialspf30-2\/#primaryimage\"},\"image\":{\"@id\":\"https:\/\/paracherkaoui.ma\/index.php\/produit\/isdin-protector-labialspf30-2\/#primaryimage\"},\"thumbnailUrl\":\"https:\/\/paracherkaoui.ma\/wp-content\/uploads\/2025\/12\/isdin-isdin-protector-labialspf30-levres.jpg\",\"datePublished\":\"2025-12-12T17:28:59+00:00\",\"dateModified\":\"2025-12-12T17:29:02+00:00\",\"breadcrumb\":{\"@id\":\"https:\/\/paracherkaoui.ma\/index.php\/produit\/isdin-protector-labialspf30-2\/#breadcrumb\"},\"inLanguage\":\"fr-FR\",\"potentialAction\":[{\"@type\":\"ReadAction\",\"target\":[\"https:\/\/paracherkaoui.ma\/index.php\/produit\/isdin-protector-labialspf30-2\/\"]}]},{\"@type\":\"ImageObject\",\"inLanguage\":\"fr-FR\",\"@id\":\"https:\/\/paracherkaoui.ma\/index.php\/produit\/isdin-protector-labialspf30-2\/#primaryimage\",\"url\":\"https:\/\/paracherkaoui.ma\/wp-content\/uploads\/2025\/12\/isdin-isdin-protector-labialspf30-levres.jpg\",\"contentUrl\":\"https:\/\/paracherkaoui.ma\/wp-content\/uploads\/2025\/12\/isdin-isdin-protector-labialspf30-levres.jpg\",\"width\":700,\"height\":700},{\"@type\":\"BreadcrumbList\",\"@id\":\"https:\/\/paracherkaoui.ma\/index.php\/produit\/isdin-protector-labialspf30-2\/#breadcrumb\",\"itemListElement\":[{\"@type\":\"ListItem\",\"position\":1,\"name\":\"Accueil\",\"item\":\"https:\/\/paracherkaoui.ma\/\"},{\"@type\":\"ListItem\",\"position\":2,\"name\":\"Boutique\",\"item\":\"https:\/\/paracherkaoui.ma\/index.php\/boutique\/\"},{\"@type\":\"ListItem\",\"position\":3,\"name\":\"ISDIN PROTECTOR LABIALSPF30\"}]},{\"@type\":\"WebSite\",\"@id\":\"https:\/\/paracherkaoui.ma\/#website\",\"url\":\"https:\/\/paracherkaoui.ma\/\",\"name\":\"Paracherkaoui.ma\",\"description\":\"Achetez en ligne sur Paracherkaoui.ma\",\"potentialAction\":[{\"@type\":\"SearchAction\",\"target\":{\"@type\":\"EntryPoint\",\"urlTemplate\":\"https:\/\/paracherkaoui.ma\/?s={search_term_string}\"},\"query-input\":{\"@type\":\"PropertyValueSpecification\",\"valueRequired\":true,\"valueName\":\"search_term_string\"}}],\"inLanguage\":\"fr-FR\"}]}<\/script>\r\n<!-- \/ Yoast SEO plugin. -->","yoast_head_json":{"title":"ISDIN PROTECTOR LABIALSPF30 - Paracherkaoui.ma","robots":{"index":"index","follow":"follow","max-snippet":"max-snippet:-1","max-image-preview":"max-image-preview:large","max-video-preview":"max-video-preview:-1"},"canonical":"https:\/\/paracherkaoui.ma\/index.php\/produit\/isdin-protector-labialspf30-2\/","og_locale":"fr_FR","og_type":"article","og_title":"ISDIN PROTECTOR LABIALSPF30 - Paracherkaoui.ma","og_description":"Protecteur de l\u00e8vres SPF30 \u00e0 usage quotidien. Prot\u00e8ge, r\u00e9pare et hydrate les l\u00e8vres Offre une protection UVB\/UVA \u00e9lev\u00e9e avec un","og_url":"https:\/\/paracherkaoui.ma\/index.php\/produit\/isdin-protector-labialspf30-2\/","og_site_name":"Paracherkaoui.ma","article_modified_time":"2025-12-12T17:29:02+00:00","og_image":[{"width":700,"height":700,"url":"https:\/\/paracherkaoui.ma\/wp-content\/uploads\/2025\/12\/isdin-isdin-protector-labialspf30-levres.jpg","type":"image\/jpeg"}],"twitter_card":"summary_large_image","schema":{"@context":"https:\/\/schema.org","@graph":[{"@type":"WebPage","@id":"https:\/\/paracherkaoui.ma\/index.php\/produit\/isdin-protector-labialspf30-2\/","url":"https:\/\/paracherkaoui.ma\/index.php\/produit\/isdin-protector-labialspf30-2\/","name":"ISDIN PROTECTOR LABIALSPF30 - Paracherkaoui.ma","isPartOf":{"@id":"https:\/\/paracherkaoui.ma\/#website"},"primaryImageOfPage":{"@id":"https:\/\/paracherkaoui.ma\/index.php\/produit\/isdin-protector-labialspf30-2\/#primaryimage"},"image":{"@id":"https:\/\/paracherkaoui.ma\/index.php\/produit\/isdin-protector-labialspf30-2\/#primaryimage"},"thumbnailUrl":"https:\/\/paracherkaoui.ma\/wp-content\/uploads\/2025\/12\/isdin-isdin-protector-labialspf30-levres.jpg","datePublished":"2025-12-12T17:28:59+00:00","dateModified":"2025-12-12T17:29:02+00:00","breadcrumb":{"@id":"https:\/\/paracherkaoui.ma\/index.php\/produit\/isdin-protector-labialspf30-2\/#breadcrumb"},"inLanguage":"fr-FR","potentialAction":[{"@type":"ReadAction","target":["https:\/\/paracherkaoui.ma\/index.php\/produit\/isdin-protector-labialspf30-2\/"]}]},{"@type":"ImageObject","inLanguage":"fr-FR","@id":"https:\/\/paracherkaoui.ma\/index.php\/produit\/isdin-protector-labialspf30-2\/#primaryimage","url":"https:\/\/paracherkaoui.ma\/wp-content\/uploads\/2025\/12\/isdin-isdin-protector-labialspf30-levres.jpg","contentUrl":"https:\/\/paracherkaoui.ma\/wp-content\/uploads\/2025\/12\/isdin-isdin-protector-labialspf30-levres.jpg","width":700,"height":700},{"@type":"BreadcrumbList","@id":"https:\/\/paracherkaoui.ma\/index.php\/produit\/isdin-protector-labialspf30-2\/#breadcrumb","itemListElement":[{"@type":"ListItem","position":1,"name":"Accueil","item":"https:\/\/paracherkaoui.ma\/"},{"@type":"ListItem","position":2,"name":"Boutique","item":"https:\/\/paracherkaoui.ma\/index.php\/boutique\/"},{"@type":"ListItem","position":3,"name":"ISDIN PROTECTOR LABIALSPF30"}]},{"@type":"WebSite","@id":"https:\/\/paracherkaoui.ma\/#website","url":"https:\/\/paracherkaoui.ma\/","name":"Paracherkaoui.ma","description":"Achetez en ligne sur Paracherkaoui.ma","potentialAction":[{"@type":"SearchAction","target":{"@type":"EntryPoint","urlTemplate":"https:\/\/paracherkaoui.ma\/?s={search_term_string}"},"query-input":{"@type":"PropertyValueSpecification","valueRequired":true,"valueName":"search_term_string"}}],"inLanguage":"fr-FR"}]}},"_links":{"self":[{"href":"https:\/\/paracherkaoui.ma\/index.php\/wp-json\/wp\/v2\/product\/28492","targetHints":{"allow":["GET"]}}],"collection":[{"href":"https:\/\/paracherkaoui.ma\/index.php\/wp-json\/wp\/v2\/product"}],"about":[{"href":"https:\/\/paracherkaoui.ma\/index.php\/wp-json\/wp\/v2\/types\/product"}],"replies":[{"embeddable":true,"href":"https:\/\/paracherkaoui.ma\/index.php\/wp-json\/wp\/v2\/comments?post=28492"}],"version-history":[{"count":1,"href":"https:\/\/paracherkaoui.ma\/index.php\/wp-json\/wp\/v2\/product\/28492\/revisions"}],"predecessor-version":[{"id":28526,"href":"https:\/\/paracherkaoui.ma\/index.php\/wp-json\/wp\/v2\/product\/28492\/revisions\/28526"}],"wp:featuredmedia":[{"embeddable":true,"href":"https:\/\/paracherkaoui.ma\/index.php\/wp-json\/wp\/v2\/media\/14146"}],"wp:attachment":[{"href":"https:\/\/paracherkaoui.ma\/index.php\/wp-json\/wp\/v2\/media?parent=28492"}],"wp:term":[{"taxonomy":"product_brand","embeddable":true,"href":"https:\/\/paracherkaoui.ma\/index.php\/wp-json\/wp\/v2\/product_brand?post=28492"},{"taxonomy":"product_cat","embeddable":true,"href":"https:\/\/paracherkaoui.ma\/index.php\/wp-json\/wp\/v2\/product_cat?post=28492"},{"taxonomy":"product_tag","embeddable":true,"href":"https:\/\/paracherkaoui.ma\/index.php\/wp-json\/wp\/v2\/product_tag?post=28492"}],"curies":[{"name":"wp","href":"https:\/\/api.w.org\/{rel}","templated":true}]}}