{"id":28433,"date":"2025-12-12T18:28:53","date_gmt":"2025-12-12T17:28:53","guid":{"rendered":"https:\/\/test.ecbeaute.com\/?post_type=product&#038;p=28433"},"modified":"2025-12-12T18:28:57","modified_gmt":"2025-12-12T17:28:57","slug":"so-bio-lift-grenade-soin-repulpant-lissant-eclat-nuit-50-ml","status":"publish","type":"product","link":"https:\/\/paracherkaoui.ma\/index.php\/produit\/so-bio-lift-grenade-soin-repulpant-lissant-eclat-nuit-50-ml\/","title":{"rendered":"SO BIO LIFT GRENADE SOIN REPULPANT LISSANT ECLAT NUIT 50 ML"},"content":{"rendered":"<p>Ce soin de nuit formul\u00e9 avec de la Grenade bio fran\u00e7aise, aux propri\u00e9t\u00e9s antioxydantes associ\u00e9e au R\u00e9tinol-like d\u2019origine v\u00e9g\u00e9tale, r\u00e9duit visiblement les rides.<br \/>\nAu r\u00e9veil, la peau est lumineuse et repulp\u00e9e.<br \/>\nTEST\u00c9 SOUS CONTR\u00d4LE DERMATOLOGIQUE<br \/>\nCOMPOSITION :<br \/>\nAQUA\/WATER\/EAU : Eau purifi\u00e9e<br \/>\nMALVA SYLVESTRIS (MALLOW) EXTRACT* : Eau florale de Mauve bio<br \/>\nDICAPRYLYL ETHER : \u00c9mollient d\u2019origine naturelle<br \/>\nCETYL ALCOHOL : Agent de consistance d\u2019origine naturelle<br \/>\nGLYCERIN : Humectant d\u2019origine naturelle<br \/>\nCAPRYLIC\/CAPRIC TRIGLYCERIDE : \u00c9mollient d\u2019origine naturelle<br \/>\nPENTYLENE GLYCOL, PROPANEDIOL : Humectants d\u2019origine naturelle<br \/>\nCETYL PHOSPHATE : \u00c9mulsionnant d\u2019origine naturelle<br \/>\nARGININE : Acide amin\u00e9<br \/>\nCETEARYL ALCOHOL : Agent de consistance d\u2019origine naturelle<br \/>\nPUNICA GRANATUM FRUIT EXTRACT* : Extrait de Grenade bio anti-oxydant et booster d\u2019\u00e9clat<br \/>\nSODIUM HYALURONATE : Acide hyaluronique d\u2019origine naturelle hydratant1<br \/>\nHYDROLYZED HYALURONIC ACID : Acide hyaluronique d\u2019origine naturelle raffermissant<br \/>\nCRITHMUM MARITIMUM EXTRACT* : R\u00e9tinol-like extrait de Criste marine bio d\u2019origine fran\u00e7aise \u00e0 l\u2019effet lissant sur les rides<br \/>\nHELIANTHUS ANNUUS (SUNFLOWER) SEED OIL : Huile de Tournesol<br \/>\nCONSEILS D&rsquo;UTILISATION :<br \/>\nAppliquer le soin repulpant lissant eclat le soir sur l\u2019ensemble du visage et du coup.<\/p>\n","protected":false},"excerpt":{"rendered":"<p>Ce soin de nuit formul\u00e9 avec de la Grenade bio fran\u00e7aise, aux propri\u00e9t\u00e9s antioxydantes associ\u00e9e au R\u00e9tinol-like d\u2019origine v\u00e9g\u00e9tale, r\u00e9duit<\/p>\n","protected":false},"featured_media":28473,"comment_status":"open","ping_status":"closed","template":"","meta":[],"product_brand":[212],"product_cat":[534],"product_tag":[],"class_list":{"0":"post-28433","1":"product","2":"type-product","3":"status-publish","4":"has-post-thumbnail","6":"product_brand-so-bio","7":"product_cat-cremes-nuit","9":"first","10":"instock","11":"shipping-taxable","12":"purchasable","13":"product-type-simple"},"yoast_head":"<!-- This site is optimized with the Yoast SEO plugin v26.6 - https:\/\/yoast.com\/wordpress\/plugins\/seo\/ -->\r\n<title>SO BIO LIFT GRENADE SOIN REPULPANT LISSANT ECLAT NUIT 50 ML - Paracherkaoui.ma<\/title>\r\n<meta name=\"robots\" content=\"index, follow, max-snippet:-1, max-image-preview:large, max-video-preview:-1\" \/>\r\n<link rel=\"canonical\" href=\"https:\/\/paracherkaoui.ma\/index.php\/produit\/so-bio-lift-grenade-soin-repulpant-lissant-eclat-nuit-50-ml\/\" \/>\r\n<meta property=\"og:locale\" content=\"fr_FR\" \/>\r\n<meta property=\"og:type\" content=\"article\" \/>\r\n<meta property=\"og:title\" content=\"SO BIO LIFT GRENADE SOIN REPULPANT LISSANT ECLAT NUIT 50 ML - Paracherkaoui.ma\" \/>\r\n<meta property=\"og:description\" content=\"Ce soin de nuit formul\u00e9 avec de la Grenade bio fran\u00e7aise, aux propri\u00e9t\u00e9s antioxydantes associ\u00e9e au R\u00e9tinol-like d\u2019origine v\u00e9g\u00e9tale, r\u00e9duit\" \/>\r\n<meta property=\"og:url\" content=\"https:\/\/paracherkaoui.ma\/index.php\/produit\/so-bio-lift-grenade-soin-repulpant-lissant-eclat-nuit-50-ml\/\" \/>\r\n<meta property=\"og:site_name\" content=\"Paracherkaoui.ma\" \/>\r\n<meta property=\"article:modified_time\" content=\"2025-12-12T17:28:57+00:00\" \/>\r\n<meta property=\"og:image\" content=\"https:\/\/paracherkaoui.ma\/wp-content\/uploads\/2025\/12\/so-bio-so-bio-lift-grenade-soin-repulpant-lissant-eclat-nuit-50-ml-cremes-nuit.jpg\" \/>\r\n\t<meta property=\"og:image:width\" content=\"700\" \/>\r\n\t<meta property=\"og:image:height\" content=\"700\" \/>\r\n\t<meta property=\"og:image:type\" content=\"image\/jpeg\" \/>\r\n<meta name=\"twitter:card\" content=\"summary_large_image\" \/>\r\n<meta name=\"twitter:label1\" content=\"Dur\u00e9e de lecture estim\u00e9e\" \/>\n\t<meta name=\"twitter:data1\" content=\"1 minute\" \/>\r\n<script type=\"application\/ld+json\" class=\"yoast-schema-graph\">{\"@context\":\"https:\/\/schema.org\",\"@graph\":[{\"@type\":\"WebPage\",\"@id\":\"https:\/\/paracherkaoui.ma\/index.php\/produit\/so-bio-lift-grenade-soin-repulpant-lissant-eclat-nuit-50-ml\/\",\"url\":\"https:\/\/paracherkaoui.ma\/index.php\/produit\/so-bio-lift-grenade-soin-repulpant-lissant-eclat-nuit-50-ml\/\",\"name\":\"SO BIO LIFT GRENADE SOIN REPULPANT LISSANT ECLAT NUIT 50 ML - Paracherkaoui.ma\",\"isPartOf\":{\"@id\":\"https:\/\/paracherkaoui.ma\/#website\"},\"primaryImageOfPage\":{\"@id\":\"https:\/\/paracherkaoui.ma\/index.php\/produit\/so-bio-lift-grenade-soin-repulpant-lissant-eclat-nuit-50-ml\/#primaryimage\"},\"image\":{\"@id\":\"https:\/\/paracherkaoui.ma\/index.php\/produit\/so-bio-lift-grenade-soin-repulpant-lissant-eclat-nuit-50-ml\/#primaryimage\"},\"thumbnailUrl\":\"https:\/\/paracherkaoui.ma\/wp-content\/uploads\/2025\/12\/so-bio-so-bio-lift-grenade-soin-repulpant-lissant-eclat-nuit-50-ml-cremes-nuit.jpg\",\"datePublished\":\"2025-12-12T17:28:53+00:00\",\"dateModified\":\"2025-12-12T17:28:57+00:00\",\"breadcrumb\":{\"@id\":\"https:\/\/paracherkaoui.ma\/index.php\/produit\/so-bio-lift-grenade-soin-repulpant-lissant-eclat-nuit-50-ml\/#breadcrumb\"},\"inLanguage\":\"fr-FR\",\"potentialAction\":[{\"@type\":\"ReadAction\",\"target\":[\"https:\/\/paracherkaoui.ma\/index.php\/produit\/so-bio-lift-grenade-soin-repulpant-lissant-eclat-nuit-50-ml\/\"]}]},{\"@type\":\"ImageObject\",\"inLanguage\":\"fr-FR\",\"@id\":\"https:\/\/paracherkaoui.ma\/index.php\/produit\/so-bio-lift-grenade-soin-repulpant-lissant-eclat-nuit-50-ml\/#primaryimage\",\"url\":\"https:\/\/paracherkaoui.ma\/wp-content\/uploads\/2025\/12\/so-bio-so-bio-lift-grenade-soin-repulpant-lissant-eclat-nuit-50-ml-cremes-nuit.jpg\",\"contentUrl\":\"https:\/\/paracherkaoui.ma\/wp-content\/uploads\/2025\/12\/so-bio-so-bio-lift-grenade-soin-repulpant-lissant-eclat-nuit-50-ml-cremes-nuit.jpg\",\"width\":700,\"height\":700},{\"@type\":\"BreadcrumbList\",\"@id\":\"https:\/\/paracherkaoui.ma\/index.php\/produit\/so-bio-lift-grenade-soin-repulpant-lissant-eclat-nuit-50-ml\/#breadcrumb\",\"itemListElement\":[{\"@type\":\"ListItem\",\"position\":1,\"name\":\"Accueil\",\"item\":\"https:\/\/paracherkaoui.ma\/\"},{\"@type\":\"ListItem\",\"position\":2,\"name\":\"Boutique\",\"item\":\"https:\/\/paracherkaoui.ma\/index.php\/boutique\/\"},{\"@type\":\"ListItem\",\"position\":3,\"name\":\"SO BIO LIFT GRENADE SOIN REPULPANT LISSANT ECLAT NUIT 50 ML\"}]},{\"@type\":\"WebSite\",\"@id\":\"https:\/\/paracherkaoui.ma\/#website\",\"url\":\"https:\/\/paracherkaoui.ma\/\",\"name\":\"Paracherkaoui.ma\",\"description\":\"Achetez en ligne sur Paracherkaoui.ma\",\"potentialAction\":[{\"@type\":\"SearchAction\",\"target\":{\"@type\":\"EntryPoint\",\"urlTemplate\":\"https:\/\/paracherkaoui.ma\/?s={search_term_string}\"},\"query-input\":{\"@type\":\"PropertyValueSpecification\",\"valueRequired\":true,\"valueName\":\"search_term_string\"}}],\"inLanguage\":\"fr-FR\"}]}<\/script>\r\n<!-- \/ Yoast SEO plugin. -->","yoast_head_json":{"title":"SO BIO LIFT GRENADE SOIN REPULPANT LISSANT ECLAT NUIT 50 ML - Paracherkaoui.ma","robots":{"index":"index","follow":"follow","max-snippet":"max-snippet:-1","max-image-preview":"max-image-preview:large","max-video-preview":"max-video-preview:-1"},"canonical":"https:\/\/paracherkaoui.ma\/index.php\/produit\/so-bio-lift-grenade-soin-repulpant-lissant-eclat-nuit-50-ml\/","og_locale":"fr_FR","og_type":"article","og_title":"SO BIO LIFT GRENADE SOIN REPULPANT LISSANT ECLAT NUIT 50 ML - Paracherkaoui.ma","og_description":"Ce soin de nuit formul\u00e9 avec de la Grenade bio fran\u00e7aise, aux propri\u00e9t\u00e9s antioxydantes associ\u00e9e au R\u00e9tinol-like d\u2019origine v\u00e9g\u00e9tale, r\u00e9duit","og_url":"https:\/\/paracherkaoui.ma\/index.php\/produit\/so-bio-lift-grenade-soin-repulpant-lissant-eclat-nuit-50-ml\/","og_site_name":"Paracherkaoui.ma","article_modified_time":"2025-12-12T17:28:57+00:00","og_image":[{"width":700,"height":700,"url":"https:\/\/paracherkaoui.ma\/wp-content\/uploads\/2025\/12\/so-bio-so-bio-lift-grenade-soin-repulpant-lissant-eclat-nuit-50-ml-cremes-nuit.jpg","type":"image\/jpeg"}],"twitter_card":"summary_large_image","twitter_misc":{"Dur\u00e9e de lecture estim\u00e9e":"1 minute"},"schema":{"@context":"https:\/\/schema.org","@graph":[{"@type":"WebPage","@id":"https:\/\/paracherkaoui.ma\/index.php\/produit\/so-bio-lift-grenade-soin-repulpant-lissant-eclat-nuit-50-ml\/","url":"https:\/\/paracherkaoui.ma\/index.php\/produit\/so-bio-lift-grenade-soin-repulpant-lissant-eclat-nuit-50-ml\/","name":"SO BIO LIFT GRENADE SOIN REPULPANT LISSANT ECLAT NUIT 50 ML - Paracherkaoui.ma","isPartOf":{"@id":"https:\/\/paracherkaoui.ma\/#website"},"primaryImageOfPage":{"@id":"https:\/\/paracherkaoui.ma\/index.php\/produit\/so-bio-lift-grenade-soin-repulpant-lissant-eclat-nuit-50-ml\/#primaryimage"},"image":{"@id":"https:\/\/paracherkaoui.ma\/index.php\/produit\/so-bio-lift-grenade-soin-repulpant-lissant-eclat-nuit-50-ml\/#primaryimage"},"thumbnailUrl":"https:\/\/paracherkaoui.ma\/wp-content\/uploads\/2025\/12\/so-bio-so-bio-lift-grenade-soin-repulpant-lissant-eclat-nuit-50-ml-cremes-nuit.jpg","datePublished":"2025-12-12T17:28:53+00:00","dateModified":"2025-12-12T17:28:57+00:00","breadcrumb":{"@id":"https:\/\/paracherkaoui.ma\/index.php\/produit\/so-bio-lift-grenade-soin-repulpant-lissant-eclat-nuit-50-ml\/#breadcrumb"},"inLanguage":"fr-FR","potentialAction":[{"@type":"ReadAction","target":["https:\/\/paracherkaoui.ma\/index.php\/produit\/so-bio-lift-grenade-soin-repulpant-lissant-eclat-nuit-50-ml\/"]}]},{"@type":"ImageObject","inLanguage":"fr-FR","@id":"https:\/\/paracherkaoui.ma\/index.php\/produit\/so-bio-lift-grenade-soin-repulpant-lissant-eclat-nuit-50-ml\/#primaryimage","url":"https:\/\/paracherkaoui.ma\/wp-content\/uploads\/2025\/12\/so-bio-so-bio-lift-grenade-soin-repulpant-lissant-eclat-nuit-50-ml-cremes-nuit.jpg","contentUrl":"https:\/\/paracherkaoui.ma\/wp-content\/uploads\/2025\/12\/so-bio-so-bio-lift-grenade-soin-repulpant-lissant-eclat-nuit-50-ml-cremes-nuit.jpg","width":700,"height":700},{"@type":"BreadcrumbList","@id":"https:\/\/paracherkaoui.ma\/index.php\/produit\/so-bio-lift-grenade-soin-repulpant-lissant-eclat-nuit-50-ml\/#breadcrumb","itemListElement":[{"@type":"ListItem","position":1,"name":"Accueil","item":"https:\/\/paracherkaoui.ma\/"},{"@type":"ListItem","position":2,"name":"Boutique","item":"https:\/\/paracherkaoui.ma\/index.php\/boutique\/"},{"@type":"ListItem","position":3,"name":"SO BIO LIFT GRENADE SOIN REPULPANT LISSANT ECLAT NUIT 50 ML"}]},{"@type":"WebSite","@id":"https:\/\/paracherkaoui.ma\/#website","url":"https:\/\/paracherkaoui.ma\/","name":"Paracherkaoui.ma","description":"Achetez en ligne sur Paracherkaoui.ma","potentialAction":[{"@type":"SearchAction","target":{"@type":"EntryPoint","urlTemplate":"https:\/\/paracherkaoui.ma\/?s={search_term_string}"},"query-input":{"@type":"PropertyValueSpecification","valueRequired":true,"valueName":"search_term_string"}}],"inLanguage":"fr-FR"}]}},"_links":{"self":[{"href":"https:\/\/paracherkaoui.ma\/index.php\/wp-json\/wp\/v2\/product\/28433","targetHints":{"allow":["GET"]}}],"collection":[{"href":"https:\/\/paracherkaoui.ma\/index.php\/wp-json\/wp\/v2\/product"}],"about":[{"href":"https:\/\/paracherkaoui.ma\/index.php\/wp-json\/wp\/v2\/types\/product"}],"replies":[{"embeddable":true,"href":"https:\/\/paracherkaoui.ma\/index.php\/wp-json\/wp\/v2\/comments?post=28433"}],"version-history":[{"count":1,"href":"https:\/\/paracherkaoui.ma\/index.php\/wp-json\/wp\/v2\/product\/28433\/revisions"}],"predecessor-version":[{"id":28474,"href":"https:\/\/paracherkaoui.ma\/index.php\/wp-json\/wp\/v2\/product\/28433\/revisions\/28474"}],"wp:featuredmedia":[{"embeddable":true,"href":"https:\/\/paracherkaoui.ma\/index.php\/wp-json\/wp\/v2\/media\/28473"}],"wp:attachment":[{"href":"https:\/\/paracherkaoui.ma\/index.php\/wp-json\/wp\/v2\/media?parent=28433"}],"wp:term":[{"taxonomy":"product_brand","embeddable":true,"href":"https:\/\/paracherkaoui.ma\/index.php\/wp-json\/wp\/v2\/product_brand?post=28433"},{"taxonomy":"product_cat","embeddable":true,"href":"https:\/\/paracherkaoui.ma\/index.php\/wp-json\/wp\/v2\/product_cat?post=28433"},{"taxonomy":"product_tag","embeddable":true,"href":"https:\/\/paracherkaoui.ma\/index.php\/wp-json\/wp\/v2\/product_tag?post=28433"}],"curies":[{"name":"wp","href":"https:\/\/api.w.org\/{rel}","templated":true}]}}