{"id":28424,"date":"2025-12-12T18:28:53","date_gmt":"2025-12-12T17:28:53","guid":{"rendered":"https:\/\/test.ecbeaute.com\/?post_type=product&#038;p=28424"},"modified":"2025-12-12T18:28:56","modified_gmt":"2025-12-12T17:28:56","slug":"htderm-hydra-tolerance-24h-50ml-2","status":"publish","type":"product","link":"https:\/\/paracherkaoui.ma\/index.php\/produit\/htderm-hydra-tolerance-24h-50ml-2\/","title":{"rendered":"Htderm hydra tolerance 24h 50ml"},"content":{"rendered":"<p>Indication :<br \/>\nCR\u00c8ME HYDRATANTE FORTIFIANTE 24H PEAUX SENSIBLES ET R\u00c9ACTIVES.<br \/>\nUtilisation :<br \/>\nAppliquer tous les matins sur le visage et le cou en soin hydratant. Constitue un compl\u00e9ment de soins et une excellente base de maquillage.<br \/>\nPropri\u00e9t\u00e9s :<br \/>\nHYDRA TOLERANCE [24H] hydrate et apaise instantan\u00e9ment les sensations d\u2019\u00e9chauffement, les tiraillements et picotements propres aux peaux sensibles et r\u00e9actives. Sa formule douce et fra\u00eeche p\u00e9n\u00e8tre rapidement et r\u00e9tablit le confort cutan\u00e9 pendant 24h.*<\/p>\n","protected":false},"excerpt":{"rendered":"<p>Indication : CR\u00c8ME HYDRATANTE FORTIFIANTE 24H PEAUX SENSIBLES ET R\u00c9ACTIVES. Utilisation : Appliquer tous les matins sur le visage et<\/p>\n","protected":false},"featured_media":27852,"comment_status":"open","ping_status":"closed","template":"","meta":[],"product_brand":[519],"product_cat":[534],"product_tag":[],"class_list":{"0":"post-28424","1":"product","2":"type-product","3":"status-publish","4":"has-post-thumbnail","6":"product_brand-htderm","7":"product_cat-cremes-nuit","9":"first","10":"instock","11":"sale","12":"shipping-taxable","13":"purchasable","14":"product-type-simple"},"yoast_head":"<!-- This site is optimized with the Yoast SEO plugin v26.6 - https:\/\/yoast.com\/wordpress\/plugins\/seo\/ -->\r\n<title>Htderm hydra tolerance 24h 50ml - Paracherkaoui.ma<\/title>\r\n<meta name=\"robots\" content=\"index, follow, max-snippet:-1, max-image-preview:large, max-video-preview:-1\" \/>\r\n<link rel=\"canonical\" href=\"https:\/\/paracherkaoui.ma\/index.php\/produit\/htderm-hydra-tolerance-24h-50ml-2\/\" \/>\r\n<meta property=\"og:locale\" content=\"fr_FR\" \/>\r\n<meta property=\"og:type\" content=\"article\" \/>\r\n<meta property=\"og:title\" content=\"Htderm hydra tolerance 24h 50ml - Paracherkaoui.ma\" \/>\r\n<meta property=\"og:description\" content=\"Indication : CR\u00c8ME HYDRATANTE FORTIFIANTE 24H PEAUX SENSIBLES ET R\u00c9ACTIVES. Utilisation : Appliquer tous les matins sur le visage et\" \/>\r\n<meta property=\"og:url\" content=\"https:\/\/paracherkaoui.ma\/index.php\/produit\/htderm-hydra-tolerance-24h-50ml-2\/\" \/>\r\n<meta property=\"og:site_name\" content=\"Paracherkaoui.ma\" \/>\r\n<meta property=\"article:modified_time\" content=\"2025-12-12T17:28:56+00:00\" \/>\r\n<meta property=\"og:image\" content=\"https:\/\/paracherkaoui.ma\/wp-content\/uploads\/2025\/12\/htderm-htderm-hydra-tolerance-24h-50ml-cremes-jour.jpg\" \/>\r\n\t<meta property=\"og:image:width\" content=\"700\" \/>\r\n\t<meta property=\"og:image:height\" content=\"700\" \/>\r\n\t<meta property=\"og:image:type\" content=\"image\/jpeg\" \/>\r\n<meta name=\"twitter:card\" content=\"summary_large_image\" \/>\r\n<script type=\"application\/ld+json\" class=\"yoast-schema-graph\">{\"@context\":\"https:\/\/schema.org\",\"@graph\":[{\"@type\":\"WebPage\",\"@id\":\"https:\/\/paracherkaoui.ma\/index.php\/produit\/htderm-hydra-tolerance-24h-50ml-2\/\",\"url\":\"https:\/\/paracherkaoui.ma\/index.php\/produit\/htderm-hydra-tolerance-24h-50ml-2\/\",\"name\":\"Htderm hydra tolerance 24h 50ml - Paracherkaoui.ma\",\"isPartOf\":{\"@id\":\"https:\/\/paracherkaoui.ma\/#website\"},\"primaryImageOfPage\":{\"@id\":\"https:\/\/paracherkaoui.ma\/index.php\/produit\/htderm-hydra-tolerance-24h-50ml-2\/#primaryimage\"},\"image\":{\"@id\":\"https:\/\/paracherkaoui.ma\/index.php\/produit\/htderm-hydra-tolerance-24h-50ml-2\/#primaryimage\"},\"thumbnailUrl\":\"https:\/\/paracherkaoui.ma\/wp-content\/uploads\/2025\/12\/htderm-htderm-hydra-tolerance-24h-50ml-cremes-jour.jpg\",\"datePublished\":\"2025-12-12T17:28:53+00:00\",\"dateModified\":\"2025-12-12T17:28:56+00:00\",\"breadcrumb\":{\"@id\":\"https:\/\/paracherkaoui.ma\/index.php\/produit\/htderm-hydra-tolerance-24h-50ml-2\/#breadcrumb\"},\"inLanguage\":\"fr-FR\",\"potentialAction\":[{\"@type\":\"ReadAction\",\"target\":[\"https:\/\/paracherkaoui.ma\/index.php\/produit\/htderm-hydra-tolerance-24h-50ml-2\/\"]}]},{\"@type\":\"ImageObject\",\"inLanguage\":\"fr-FR\",\"@id\":\"https:\/\/paracherkaoui.ma\/index.php\/produit\/htderm-hydra-tolerance-24h-50ml-2\/#primaryimage\",\"url\":\"https:\/\/paracherkaoui.ma\/wp-content\/uploads\/2025\/12\/htderm-htderm-hydra-tolerance-24h-50ml-cremes-jour.jpg\",\"contentUrl\":\"https:\/\/paracherkaoui.ma\/wp-content\/uploads\/2025\/12\/htderm-htderm-hydra-tolerance-24h-50ml-cremes-jour.jpg\",\"width\":700,\"height\":700},{\"@type\":\"BreadcrumbList\",\"@id\":\"https:\/\/paracherkaoui.ma\/index.php\/produit\/htderm-hydra-tolerance-24h-50ml-2\/#breadcrumb\",\"itemListElement\":[{\"@type\":\"ListItem\",\"position\":1,\"name\":\"Accueil\",\"item\":\"https:\/\/paracherkaoui.ma\/\"},{\"@type\":\"ListItem\",\"position\":2,\"name\":\"Boutique\",\"item\":\"https:\/\/paracherkaoui.ma\/index.php\/boutique\/\"},{\"@type\":\"ListItem\",\"position\":3,\"name\":\"Htderm hydra tolerance 24h 50ml\"}]},{\"@type\":\"WebSite\",\"@id\":\"https:\/\/paracherkaoui.ma\/#website\",\"url\":\"https:\/\/paracherkaoui.ma\/\",\"name\":\"Paracherkaoui.ma\",\"description\":\"Achetez en ligne sur Paracherkaoui.ma\",\"potentialAction\":[{\"@type\":\"SearchAction\",\"target\":{\"@type\":\"EntryPoint\",\"urlTemplate\":\"https:\/\/paracherkaoui.ma\/?s={search_term_string}\"},\"query-input\":{\"@type\":\"PropertyValueSpecification\",\"valueRequired\":true,\"valueName\":\"search_term_string\"}}],\"inLanguage\":\"fr-FR\"}]}<\/script>\r\n<!-- \/ Yoast SEO plugin. -->","yoast_head_json":{"title":"Htderm hydra tolerance 24h 50ml - Paracherkaoui.ma","robots":{"index":"index","follow":"follow","max-snippet":"max-snippet:-1","max-image-preview":"max-image-preview:large","max-video-preview":"max-video-preview:-1"},"canonical":"https:\/\/paracherkaoui.ma\/index.php\/produit\/htderm-hydra-tolerance-24h-50ml-2\/","og_locale":"fr_FR","og_type":"article","og_title":"Htderm hydra tolerance 24h 50ml - Paracherkaoui.ma","og_description":"Indication : CR\u00c8ME HYDRATANTE FORTIFIANTE 24H PEAUX SENSIBLES ET R\u00c9ACTIVES. Utilisation : Appliquer tous les matins sur le visage et","og_url":"https:\/\/paracherkaoui.ma\/index.php\/produit\/htderm-hydra-tolerance-24h-50ml-2\/","og_site_name":"Paracherkaoui.ma","article_modified_time":"2025-12-12T17:28:56+00:00","og_image":[{"width":700,"height":700,"url":"https:\/\/paracherkaoui.ma\/wp-content\/uploads\/2025\/12\/htderm-htderm-hydra-tolerance-24h-50ml-cremes-jour.jpg","type":"image\/jpeg"}],"twitter_card":"summary_large_image","schema":{"@context":"https:\/\/schema.org","@graph":[{"@type":"WebPage","@id":"https:\/\/paracherkaoui.ma\/index.php\/produit\/htderm-hydra-tolerance-24h-50ml-2\/","url":"https:\/\/paracherkaoui.ma\/index.php\/produit\/htderm-hydra-tolerance-24h-50ml-2\/","name":"Htderm hydra tolerance 24h 50ml - Paracherkaoui.ma","isPartOf":{"@id":"https:\/\/paracherkaoui.ma\/#website"},"primaryImageOfPage":{"@id":"https:\/\/paracherkaoui.ma\/index.php\/produit\/htderm-hydra-tolerance-24h-50ml-2\/#primaryimage"},"image":{"@id":"https:\/\/paracherkaoui.ma\/index.php\/produit\/htderm-hydra-tolerance-24h-50ml-2\/#primaryimage"},"thumbnailUrl":"https:\/\/paracherkaoui.ma\/wp-content\/uploads\/2025\/12\/htderm-htderm-hydra-tolerance-24h-50ml-cremes-jour.jpg","datePublished":"2025-12-12T17:28:53+00:00","dateModified":"2025-12-12T17:28:56+00:00","breadcrumb":{"@id":"https:\/\/paracherkaoui.ma\/index.php\/produit\/htderm-hydra-tolerance-24h-50ml-2\/#breadcrumb"},"inLanguage":"fr-FR","potentialAction":[{"@type":"ReadAction","target":["https:\/\/paracherkaoui.ma\/index.php\/produit\/htderm-hydra-tolerance-24h-50ml-2\/"]}]},{"@type":"ImageObject","inLanguage":"fr-FR","@id":"https:\/\/paracherkaoui.ma\/index.php\/produit\/htderm-hydra-tolerance-24h-50ml-2\/#primaryimage","url":"https:\/\/paracherkaoui.ma\/wp-content\/uploads\/2025\/12\/htderm-htderm-hydra-tolerance-24h-50ml-cremes-jour.jpg","contentUrl":"https:\/\/paracherkaoui.ma\/wp-content\/uploads\/2025\/12\/htderm-htderm-hydra-tolerance-24h-50ml-cremes-jour.jpg","width":700,"height":700},{"@type":"BreadcrumbList","@id":"https:\/\/paracherkaoui.ma\/index.php\/produit\/htderm-hydra-tolerance-24h-50ml-2\/#breadcrumb","itemListElement":[{"@type":"ListItem","position":1,"name":"Accueil","item":"https:\/\/paracherkaoui.ma\/"},{"@type":"ListItem","position":2,"name":"Boutique","item":"https:\/\/paracherkaoui.ma\/index.php\/boutique\/"},{"@type":"ListItem","position":3,"name":"Htderm hydra tolerance 24h 50ml"}]},{"@type":"WebSite","@id":"https:\/\/paracherkaoui.ma\/#website","url":"https:\/\/paracherkaoui.ma\/","name":"Paracherkaoui.ma","description":"Achetez en ligne sur Paracherkaoui.ma","potentialAction":[{"@type":"SearchAction","target":{"@type":"EntryPoint","urlTemplate":"https:\/\/paracherkaoui.ma\/?s={search_term_string}"},"query-input":{"@type":"PropertyValueSpecification","valueRequired":true,"valueName":"search_term_string"}}],"inLanguage":"fr-FR"}]}},"_links":{"self":[{"href":"https:\/\/paracherkaoui.ma\/index.php\/wp-json\/wp\/v2\/product\/28424","targetHints":{"allow":["GET"]}}],"collection":[{"href":"https:\/\/paracherkaoui.ma\/index.php\/wp-json\/wp\/v2\/product"}],"about":[{"href":"https:\/\/paracherkaoui.ma\/index.php\/wp-json\/wp\/v2\/types\/product"}],"replies":[{"embeddable":true,"href":"https:\/\/paracherkaoui.ma\/index.php\/wp-json\/wp\/v2\/comments?post=28424"}],"version-history":[{"count":1,"href":"https:\/\/paracherkaoui.ma\/index.php\/wp-json\/wp\/v2\/product\/28424\/revisions"}],"predecessor-version":[{"id":28461,"href":"https:\/\/paracherkaoui.ma\/index.php\/wp-json\/wp\/v2\/product\/28424\/revisions\/28461"}],"wp:featuredmedia":[{"embeddable":true,"href":"https:\/\/paracherkaoui.ma\/index.php\/wp-json\/wp\/v2\/media\/27852"}],"wp:attachment":[{"href":"https:\/\/paracherkaoui.ma\/index.php\/wp-json\/wp\/v2\/media?parent=28424"}],"wp:term":[{"taxonomy":"product_brand","embeddable":true,"href":"https:\/\/paracherkaoui.ma\/index.php\/wp-json\/wp\/v2\/product_brand?post=28424"},{"taxonomy":"product_cat","embeddable":true,"href":"https:\/\/paracherkaoui.ma\/index.php\/wp-json\/wp\/v2\/product_cat?post=28424"},{"taxonomy":"product_tag","embeddable":true,"href":"https:\/\/paracherkaoui.ma\/index.php\/wp-json\/wp\/v2\/product_tag?post=28424"}],"curies":[{"name":"wp","href":"https:\/\/api.w.org\/{rel}","templated":true}]}}