{"id":28419,"date":"2025-12-12T18:28:53","date_gmt":"2025-12-12T17:28:53","guid":{"rendered":"https:\/\/test.ecbeaute.com\/?post_type=product&#038;p=28419"},"modified":"2025-12-12T18:28:55","modified_gmt":"2025-12-12T17:28:55","slug":"inoderm-creme-hydratante-visage-pour-peaux-seches-2","status":"publish","type":"product","link":"https:\/\/paracherkaoui.ma\/index.php\/produit\/inoderm-creme-hydratante-visage-pour-peaux-seches-2\/","title":{"rendered":"INODERM CREME HYDRATANTE VISAGE POUR PEAUX SECHES"},"content":{"rendered":"<p>PROPRIETES<\/p>\n<p>La cr\u00e8me hydratante INODERM avec Aloe Vera est riche en facteurs hydratants naturels avec une efficacit\u00e9 prouv\u00e9e. Cette cr\u00e8me qui a comme actif principal l&rsquo;Aloe Vera combine l&rsquo;exellence de l&rsquo;huile de Rose Musqu\u00e9e et du Beurre de Karit\u00e9 avec les vertus du concombre. Cette formulation ainsi con\u00e7ue aide \u00e0 r\u00e9tablir l&rsquo;\u00e9quilibre hydro-lipidique de la peau.<\/p>\n<p>La qualit\u00e9 de ses ingr\u00e9dients et sa texture onctueuse, procure tout au long de la journ\u00e9e une agr\u00e9able sensation de confort.<\/p>\n<p>UTILISATION<\/p>\n<p>Appliquer une couche matin et soir sur la peau soigneusement nettoy\u00e9e. Masser afin de faire p\u00e9n\u00e9trer la cr\u00e8me. Constitue une excellente base de maquillage.<\/p>\n","protected":false},"excerpt":{"rendered":"<p>PROPRIETES La cr\u00e8me hydratante INODERM avec Aloe Vera est riche en facteurs hydratants naturels avec une efficacit\u00e9 prouv\u00e9e. Cette cr\u00e8me<\/p>\n","protected":false},"featured_media":27791,"comment_status":"open","ping_status":"closed","template":"","meta":[],"product_brand":[514],"product_cat":[534],"product_tag":[],"class_list":{"0":"post-28419","1":"product","2":"type-product","3":"status-publish","4":"has-post-thumbnail","6":"product_brand-inoderm","7":"product_cat-cremes-nuit","9":"first","10":"instock","11":"sale","12":"shipping-taxable","13":"purchasable","14":"product-type-simple"},"yoast_head":"<!-- This site is optimized with the Yoast SEO plugin v26.6 - https:\/\/yoast.com\/wordpress\/plugins\/seo\/ -->\r\n<title>INODERM CREME HYDRATANTE VISAGE POUR PEAUX SECHES - Paracherkaoui.ma<\/title>\r\n<meta name=\"robots\" content=\"index, follow, max-snippet:-1, max-image-preview:large, max-video-preview:-1\" \/>\r\n<link rel=\"canonical\" href=\"https:\/\/paracherkaoui.ma\/index.php\/produit\/inoderm-creme-hydratante-visage-pour-peaux-seches-2\/\" \/>\r\n<meta property=\"og:locale\" content=\"fr_FR\" \/>\r\n<meta property=\"og:type\" content=\"article\" \/>\r\n<meta property=\"og:title\" content=\"INODERM CREME HYDRATANTE VISAGE POUR PEAUX SECHES - Paracherkaoui.ma\" \/>\r\n<meta property=\"og:description\" content=\"PROPRIETES La cr\u00e8me hydratante INODERM avec Aloe Vera est riche en facteurs hydratants naturels avec une efficacit\u00e9 prouv\u00e9e. Cette cr\u00e8me\" \/>\r\n<meta property=\"og:url\" content=\"https:\/\/paracherkaoui.ma\/index.php\/produit\/inoderm-creme-hydratante-visage-pour-peaux-seches-2\/\" \/>\r\n<meta property=\"og:site_name\" content=\"Paracherkaoui.ma\" \/>\r\n<meta property=\"article:modified_time\" content=\"2025-12-12T17:28:55+00:00\" \/>\r\n<meta property=\"og:image\" content=\"https:\/\/paracherkaoui.ma\/wp-content\/uploads\/2025\/12\/inoderm-inoderm-creme-hydratante-visage-pour-peaux-seches-cremes-jour.jpg\" \/>\r\n\t<meta property=\"og:image:width\" content=\"700\" \/>\r\n\t<meta property=\"og:image:height\" content=\"700\" \/>\r\n\t<meta property=\"og:image:type\" content=\"image\/jpeg\" \/>\r\n<meta name=\"twitter:card\" content=\"summary_large_image\" \/>\r\n<meta name=\"twitter:label1\" content=\"Dur\u00e9e de lecture estim\u00e9e\" \/>\n\t<meta name=\"twitter:data1\" content=\"1 minute\" \/>\r\n<script type=\"application\/ld+json\" class=\"yoast-schema-graph\">{\"@context\":\"https:\/\/schema.org\",\"@graph\":[{\"@type\":\"WebPage\",\"@id\":\"https:\/\/paracherkaoui.ma\/index.php\/produit\/inoderm-creme-hydratante-visage-pour-peaux-seches-2\/\",\"url\":\"https:\/\/paracherkaoui.ma\/index.php\/produit\/inoderm-creme-hydratante-visage-pour-peaux-seches-2\/\",\"name\":\"INODERM CREME HYDRATANTE VISAGE POUR PEAUX SECHES - Paracherkaoui.ma\",\"isPartOf\":{\"@id\":\"https:\/\/paracherkaoui.ma\/#website\"},\"primaryImageOfPage\":{\"@id\":\"https:\/\/paracherkaoui.ma\/index.php\/produit\/inoderm-creme-hydratante-visage-pour-peaux-seches-2\/#primaryimage\"},\"image\":{\"@id\":\"https:\/\/paracherkaoui.ma\/index.php\/produit\/inoderm-creme-hydratante-visage-pour-peaux-seches-2\/#primaryimage\"},\"thumbnailUrl\":\"https:\/\/paracherkaoui.ma\/wp-content\/uploads\/2025\/12\/inoderm-inoderm-creme-hydratante-visage-pour-peaux-seches-cremes-jour.jpg\",\"datePublished\":\"2025-12-12T17:28:53+00:00\",\"dateModified\":\"2025-12-12T17:28:55+00:00\",\"breadcrumb\":{\"@id\":\"https:\/\/paracherkaoui.ma\/index.php\/produit\/inoderm-creme-hydratante-visage-pour-peaux-seches-2\/#breadcrumb\"},\"inLanguage\":\"fr-FR\",\"potentialAction\":[{\"@type\":\"ReadAction\",\"target\":[\"https:\/\/paracherkaoui.ma\/index.php\/produit\/inoderm-creme-hydratante-visage-pour-peaux-seches-2\/\"]}]},{\"@type\":\"ImageObject\",\"inLanguage\":\"fr-FR\",\"@id\":\"https:\/\/paracherkaoui.ma\/index.php\/produit\/inoderm-creme-hydratante-visage-pour-peaux-seches-2\/#primaryimage\",\"url\":\"https:\/\/paracherkaoui.ma\/wp-content\/uploads\/2025\/12\/inoderm-inoderm-creme-hydratante-visage-pour-peaux-seches-cremes-jour.jpg\",\"contentUrl\":\"https:\/\/paracherkaoui.ma\/wp-content\/uploads\/2025\/12\/inoderm-inoderm-creme-hydratante-visage-pour-peaux-seches-cremes-jour.jpg\",\"width\":700,\"height\":700},{\"@type\":\"BreadcrumbList\",\"@id\":\"https:\/\/paracherkaoui.ma\/index.php\/produit\/inoderm-creme-hydratante-visage-pour-peaux-seches-2\/#breadcrumb\",\"itemListElement\":[{\"@type\":\"ListItem\",\"position\":1,\"name\":\"Accueil\",\"item\":\"https:\/\/paracherkaoui.ma\/\"},{\"@type\":\"ListItem\",\"position\":2,\"name\":\"Boutique\",\"item\":\"https:\/\/paracherkaoui.ma\/index.php\/boutique\/\"},{\"@type\":\"ListItem\",\"position\":3,\"name\":\"INODERM CREME HYDRATANTE VISAGE POUR PEAUX SECHES\"}]},{\"@type\":\"WebSite\",\"@id\":\"https:\/\/paracherkaoui.ma\/#website\",\"url\":\"https:\/\/paracherkaoui.ma\/\",\"name\":\"Paracherkaoui.ma\",\"description\":\"Achetez en ligne sur Paracherkaoui.ma\",\"potentialAction\":[{\"@type\":\"SearchAction\",\"target\":{\"@type\":\"EntryPoint\",\"urlTemplate\":\"https:\/\/paracherkaoui.ma\/?s={search_term_string}\"},\"query-input\":{\"@type\":\"PropertyValueSpecification\",\"valueRequired\":true,\"valueName\":\"search_term_string\"}}],\"inLanguage\":\"fr-FR\"}]}<\/script>\r\n<!-- \/ Yoast SEO plugin. -->","yoast_head_json":{"title":"INODERM CREME HYDRATANTE VISAGE POUR PEAUX SECHES - Paracherkaoui.ma","robots":{"index":"index","follow":"follow","max-snippet":"max-snippet:-1","max-image-preview":"max-image-preview:large","max-video-preview":"max-video-preview:-1"},"canonical":"https:\/\/paracherkaoui.ma\/index.php\/produit\/inoderm-creme-hydratante-visage-pour-peaux-seches-2\/","og_locale":"fr_FR","og_type":"article","og_title":"INODERM CREME HYDRATANTE VISAGE POUR PEAUX SECHES - Paracherkaoui.ma","og_description":"PROPRIETES La cr\u00e8me hydratante INODERM avec Aloe Vera est riche en facteurs hydratants naturels avec une efficacit\u00e9 prouv\u00e9e. Cette cr\u00e8me","og_url":"https:\/\/paracherkaoui.ma\/index.php\/produit\/inoderm-creme-hydratante-visage-pour-peaux-seches-2\/","og_site_name":"Paracherkaoui.ma","article_modified_time":"2025-12-12T17:28:55+00:00","og_image":[{"width":700,"height":700,"url":"https:\/\/paracherkaoui.ma\/wp-content\/uploads\/2025\/12\/inoderm-inoderm-creme-hydratante-visage-pour-peaux-seches-cremes-jour.jpg","type":"image\/jpeg"}],"twitter_card":"summary_large_image","twitter_misc":{"Dur\u00e9e de lecture estim\u00e9e":"1 minute"},"schema":{"@context":"https:\/\/schema.org","@graph":[{"@type":"WebPage","@id":"https:\/\/paracherkaoui.ma\/index.php\/produit\/inoderm-creme-hydratante-visage-pour-peaux-seches-2\/","url":"https:\/\/paracherkaoui.ma\/index.php\/produit\/inoderm-creme-hydratante-visage-pour-peaux-seches-2\/","name":"INODERM CREME HYDRATANTE VISAGE POUR PEAUX SECHES - Paracherkaoui.ma","isPartOf":{"@id":"https:\/\/paracherkaoui.ma\/#website"},"primaryImageOfPage":{"@id":"https:\/\/paracherkaoui.ma\/index.php\/produit\/inoderm-creme-hydratante-visage-pour-peaux-seches-2\/#primaryimage"},"image":{"@id":"https:\/\/paracherkaoui.ma\/index.php\/produit\/inoderm-creme-hydratante-visage-pour-peaux-seches-2\/#primaryimage"},"thumbnailUrl":"https:\/\/paracherkaoui.ma\/wp-content\/uploads\/2025\/12\/inoderm-inoderm-creme-hydratante-visage-pour-peaux-seches-cremes-jour.jpg","datePublished":"2025-12-12T17:28:53+00:00","dateModified":"2025-12-12T17:28:55+00:00","breadcrumb":{"@id":"https:\/\/paracherkaoui.ma\/index.php\/produit\/inoderm-creme-hydratante-visage-pour-peaux-seches-2\/#breadcrumb"},"inLanguage":"fr-FR","potentialAction":[{"@type":"ReadAction","target":["https:\/\/paracherkaoui.ma\/index.php\/produit\/inoderm-creme-hydratante-visage-pour-peaux-seches-2\/"]}]},{"@type":"ImageObject","inLanguage":"fr-FR","@id":"https:\/\/paracherkaoui.ma\/index.php\/produit\/inoderm-creme-hydratante-visage-pour-peaux-seches-2\/#primaryimage","url":"https:\/\/paracherkaoui.ma\/wp-content\/uploads\/2025\/12\/inoderm-inoderm-creme-hydratante-visage-pour-peaux-seches-cremes-jour.jpg","contentUrl":"https:\/\/paracherkaoui.ma\/wp-content\/uploads\/2025\/12\/inoderm-inoderm-creme-hydratante-visage-pour-peaux-seches-cremes-jour.jpg","width":700,"height":700},{"@type":"BreadcrumbList","@id":"https:\/\/paracherkaoui.ma\/index.php\/produit\/inoderm-creme-hydratante-visage-pour-peaux-seches-2\/#breadcrumb","itemListElement":[{"@type":"ListItem","position":1,"name":"Accueil","item":"https:\/\/paracherkaoui.ma\/"},{"@type":"ListItem","position":2,"name":"Boutique","item":"https:\/\/paracherkaoui.ma\/index.php\/boutique\/"},{"@type":"ListItem","position":3,"name":"INODERM CREME HYDRATANTE VISAGE POUR PEAUX SECHES"}]},{"@type":"WebSite","@id":"https:\/\/paracherkaoui.ma\/#website","url":"https:\/\/paracherkaoui.ma\/","name":"Paracherkaoui.ma","description":"Achetez en ligne sur Paracherkaoui.ma","potentialAction":[{"@type":"SearchAction","target":{"@type":"EntryPoint","urlTemplate":"https:\/\/paracherkaoui.ma\/?s={search_term_string}"},"query-input":{"@type":"PropertyValueSpecification","valueRequired":true,"valueName":"search_term_string"}}],"inLanguage":"fr-FR"}]}},"_links":{"self":[{"href":"https:\/\/paracherkaoui.ma\/index.php\/wp-json\/wp\/v2\/product\/28419","targetHints":{"allow":["GET"]}}],"collection":[{"href":"https:\/\/paracherkaoui.ma\/index.php\/wp-json\/wp\/v2\/product"}],"about":[{"href":"https:\/\/paracherkaoui.ma\/index.php\/wp-json\/wp\/v2\/types\/product"}],"replies":[{"embeddable":true,"href":"https:\/\/paracherkaoui.ma\/index.php\/wp-json\/wp\/v2\/comments?post=28419"}],"version-history":[{"count":1,"href":"https:\/\/paracherkaoui.ma\/index.php\/wp-json\/wp\/v2\/product\/28419\/revisions"}],"predecessor-version":[{"id":28454,"href":"https:\/\/paracherkaoui.ma\/index.php\/wp-json\/wp\/v2\/product\/28419\/revisions\/28454"}],"wp:featuredmedia":[{"embeddable":true,"href":"https:\/\/paracherkaoui.ma\/index.php\/wp-json\/wp\/v2\/media\/27791"}],"wp:attachment":[{"href":"https:\/\/paracherkaoui.ma\/index.php\/wp-json\/wp\/v2\/media?parent=28419"}],"wp:term":[{"taxonomy":"product_brand","embeddable":true,"href":"https:\/\/paracherkaoui.ma\/index.php\/wp-json\/wp\/v2\/product_brand?post=28419"},{"taxonomy":"product_cat","embeddable":true,"href":"https:\/\/paracherkaoui.ma\/index.php\/wp-json\/wp\/v2\/product_cat?post=28419"},{"taxonomy":"product_tag","embeddable":true,"href":"https:\/\/paracherkaoui.ma\/index.php\/wp-json\/wp\/v2\/product_tag?post=28419"}],"curies":[{"name":"wp","href":"https:\/\/api.w.org\/{rel}","templated":true}]}}