{"id":28361,"date":"2025-12-12T18:28:47","date_gmt":"2025-12-12T17:28:47","guid":{"rendered":"https:\/\/test.ecbeaute.com\/?post_type=product&#038;p=28361"},"modified":"2025-12-12T18:28:51","modified_gmt":"2025-12-12T17:28:51","slug":"nuhanciam-creme-hydra-intense-50-ml-2","status":"publish","type":"product","link":"https:\/\/paracherkaoui.ma\/index.php\/produit\/nuhanciam-creme-hydra-intense-50-ml-2\/","title":{"rendered":"NUHANCIAM CREME HYDRA INTENSE 50 ML"},"content":{"rendered":"<p>Les actifs hyper hydratants de cette formule, combin\u00e9s de mani\u00e8re \u00e0 renforcer leurs pouvoirs, d\u00e9salt\u00e8rent litt\u00e9ralement la peau, permettant ainsi de retrouver une sensation de confort, de la douceur et de la souplesse. Hydratation des couches sup\u00e9rieures de l\u2019\u00e9piderme. Sa texture ultra-fondante, sans effet gras ni collant apr\u00e8s application, d\u00e9salt\u00e8re la peau et lui redonne souplesse, confort et \u00e9clat.<br \/>\nConseils d&rsquo;utilisation:<br \/>\nAppliquez matin et\/ou soir sur l\u2019ensemble de votre visage et de votre cou parfaitement propres.<br \/>\nComposition :<br \/>\nAQUA (WATER), CAPRYLIC\/CAPRIC TRIGLYCERIDE, CARTHAMUS TINCTORIUS (SAFFLOWER) SEED OIL, POLYGLYCERYL-3 RICE BRANATE, DICAPRYLYL ETHER, PROPANEDIOL, GLYCERIN, CETEARYL ALCOHOL, ISOSORBIDE DICAPRYLATE, GLYCERYL STEARATE SE, HYDROXYETHYL UREA, BUTYLENE GLYCOL, PARFUM (FRAGRANCE), ACRYLATES\/C10-30 ALKYL ACRYLATE CROSSPOLYMER, CAPRYLYL GLYCOL, 1,2-HEXANEDIOL, CHLORPHENESIN, XANTHAN GUM, TOCOPHEROL, ALOE BARBADENSIS LEAF JUICE POWDER, SODIUM HYALURONATE, AMMONIUM LACTATE, SODIUM PHYTATE, SODIUM HYDROXIDE, GLYCINE SOJA (SOYBEAN) OIL, POLYGLUTAMIC ACID, ALCOHOL, TETRAMETHYL ACETYLOCTAHYDRONAPHTHALENES, HEXAMETHYLINDANOPYRAN.<\/p>\n","protected":false},"excerpt":{"rendered":"<p>Les actifs hyper hydratants de cette formule, combin\u00e9s de mani\u00e8re \u00e0 renforcer leurs pouvoirs, d\u00e9salt\u00e8rent litt\u00e9ralement la peau, permettant ainsi<\/p>\n","protected":false},"featured_media":27697,"comment_status":"open","ping_status":"closed","template":"","meta":[],"product_brand":[311],"product_cat":[534],"product_tag":[],"class_list":{"0":"post-28361","1":"product","2":"type-product","3":"status-publish","4":"has-post-thumbnail","6":"product_brand-nuhanciam","7":"product_cat-cremes-nuit","9":"first","10":"instock","11":"sale","12":"shipping-taxable","13":"purchasable","14":"product-type-simple"},"yoast_head":"<!-- This site is optimized with the Yoast SEO plugin v26.6 - https:\/\/yoast.com\/wordpress\/plugins\/seo\/ -->\r\n<title>NUHANCIAM CREME HYDRA INTENSE 50 ML - Paracherkaoui.ma<\/title>\r\n<meta name=\"robots\" content=\"index, follow, max-snippet:-1, max-image-preview:large, max-video-preview:-1\" \/>\r\n<link rel=\"canonical\" href=\"https:\/\/paracherkaoui.ma\/index.php\/produit\/nuhanciam-creme-hydra-intense-50-ml-2\/\" \/>\r\n<meta property=\"og:locale\" content=\"fr_FR\" \/>\r\n<meta property=\"og:type\" content=\"article\" \/>\r\n<meta property=\"og:title\" content=\"NUHANCIAM CREME HYDRA INTENSE 50 ML - Paracherkaoui.ma\" \/>\r\n<meta property=\"og:description\" content=\"Les actifs hyper hydratants de cette formule, combin\u00e9s de mani\u00e8re \u00e0 renforcer leurs pouvoirs, d\u00e9salt\u00e8rent litt\u00e9ralement la peau, permettant ainsi\" \/>\r\n<meta property=\"og:url\" content=\"https:\/\/paracherkaoui.ma\/index.php\/produit\/nuhanciam-creme-hydra-intense-50-ml-2\/\" \/>\r\n<meta property=\"og:site_name\" content=\"Paracherkaoui.ma\" \/>\r\n<meta property=\"article:modified_time\" content=\"2025-12-12T17:28:51+00:00\" \/>\r\n<meta property=\"og:image\" content=\"https:\/\/paracherkaoui.ma\/wp-content\/uploads\/2025\/12\/nuhanciam-nuhanciam-creme-hydra-intense-50-ml-cremes-jour.jpg\" \/>\r\n\t<meta property=\"og:image:width\" content=\"700\" \/>\r\n\t<meta property=\"og:image:height\" content=\"700\" \/>\r\n\t<meta property=\"og:image:type\" content=\"image\/jpeg\" \/>\r\n<meta name=\"twitter:card\" content=\"summary_large_image\" \/>\r\n<meta name=\"twitter:label1\" content=\"Dur\u00e9e de lecture estim\u00e9e\" \/>\n\t<meta name=\"twitter:data1\" content=\"1 minute\" \/>\r\n<script type=\"application\/ld+json\" class=\"yoast-schema-graph\">{\"@context\":\"https:\/\/schema.org\",\"@graph\":[{\"@type\":\"WebPage\",\"@id\":\"https:\/\/paracherkaoui.ma\/index.php\/produit\/nuhanciam-creme-hydra-intense-50-ml-2\/\",\"url\":\"https:\/\/paracherkaoui.ma\/index.php\/produit\/nuhanciam-creme-hydra-intense-50-ml-2\/\",\"name\":\"NUHANCIAM CREME HYDRA INTENSE 50 ML - Paracherkaoui.ma\",\"isPartOf\":{\"@id\":\"https:\/\/paracherkaoui.ma\/#website\"},\"primaryImageOfPage\":{\"@id\":\"https:\/\/paracherkaoui.ma\/index.php\/produit\/nuhanciam-creme-hydra-intense-50-ml-2\/#primaryimage\"},\"image\":{\"@id\":\"https:\/\/paracherkaoui.ma\/index.php\/produit\/nuhanciam-creme-hydra-intense-50-ml-2\/#primaryimage\"},\"thumbnailUrl\":\"https:\/\/paracherkaoui.ma\/wp-content\/uploads\/2025\/12\/nuhanciam-nuhanciam-creme-hydra-intense-50-ml-cremes-jour.jpg\",\"datePublished\":\"2025-12-12T17:28:47+00:00\",\"dateModified\":\"2025-12-12T17:28:51+00:00\",\"breadcrumb\":{\"@id\":\"https:\/\/paracherkaoui.ma\/index.php\/produit\/nuhanciam-creme-hydra-intense-50-ml-2\/#breadcrumb\"},\"inLanguage\":\"fr-FR\",\"potentialAction\":[{\"@type\":\"ReadAction\",\"target\":[\"https:\/\/paracherkaoui.ma\/index.php\/produit\/nuhanciam-creme-hydra-intense-50-ml-2\/\"]}]},{\"@type\":\"ImageObject\",\"inLanguage\":\"fr-FR\",\"@id\":\"https:\/\/paracherkaoui.ma\/index.php\/produit\/nuhanciam-creme-hydra-intense-50-ml-2\/#primaryimage\",\"url\":\"https:\/\/paracherkaoui.ma\/wp-content\/uploads\/2025\/12\/nuhanciam-nuhanciam-creme-hydra-intense-50-ml-cremes-jour.jpg\",\"contentUrl\":\"https:\/\/paracherkaoui.ma\/wp-content\/uploads\/2025\/12\/nuhanciam-nuhanciam-creme-hydra-intense-50-ml-cremes-jour.jpg\",\"width\":700,\"height\":700},{\"@type\":\"BreadcrumbList\",\"@id\":\"https:\/\/paracherkaoui.ma\/index.php\/produit\/nuhanciam-creme-hydra-intense-50-ml-2\/#breadcrumb\",\"itemListElement\":[{\"@type\":\"ListItem\",\"position\":1,\"name\":\"Accueil\",\"item\":\"https:\/\/paracherkaoui.ma\/\"},{\"@type\":\"ListItem\",\"position\":2,\"name\":\"Boutique\",\"item\":\"https:\/\/paracherkaoui.ma\/index.php\/boutique\/\"},{\"@type\":\"ListItem\",\"position\":3,\"name\":\"NUHANCIAM CREME HYDRA INTENSE 50 ML\"}]},{\"@type\":\"WebSite\",\"@id\":\"https:\/\/paracherkaoui.ma\/#website\",\"url\":\"https:\/\/paracherkaoui.ma\/\",\"name\":\"Paracherkaoui.ma\",\"description\":\"Achetez en ligne sur Paracherkaoui.ma\",\"potentialAction\":[{\"@type\":\"SearchAction\",\"target\":{\"@type\":\"EntryPoint\",\"urlTemplate\":\"https:\/\/paracherkaoui.ma\/?s={search_term_string}\"},\"query-input\":{\"@type\":\"PropertyValueSpecification\",\"valueRequired\":true,\"valueName\":\"search_term_string\"}}],\"inLanguage\":\"fr-FR\"}]}<\/script>\r\n<!-- \/ Yoast SEO plugin. -->","yoast_head_json":{"title":"NUHANCIAM CREME HYDRA INTENSE 50 ML - Paracherkaoui.ma","robots":{"index":"index","follow":"follow","max-snippet":"max-snippet:-1","max-image-preview":"max-image-preview:large","max-video-preview":"max-video-preview:-1"},"canonical":"https:\/\/paracherkaoui.ma\/index.php\/produit\/nuhanciam-creme-hydra-intense-50-ml-2\/","og_locale":"fr_FR","og_type":"article","og_title":"NUHANCIAM CREME HYDRA INTENSE 50 ML - Paracherkaoui.ma","og_description":"Les actifs hyper hydratants de cette formule, combin\u00e9s de mani\u00e8re \u00e0 renforcer leurs pouvoirs, d\u00e9salt\u00e8rent litt\u00e9ralement la peau, permettant ainsi","og_url":"https:\/\/paracherkaoui.ma\/index.php\/produit\/nuhanciam-creme-hydra-intense-50-ml-2\/","og_site_name":"Paracherkaoui.ma","article_modified_time":"2025-12-12T17:28:51+00:00","og_image":[{"width":700,"height":700,"url":"https:\/\/paracherkaoui.ma\/wp-content\/uploads\/2025\/12\/nuhanciam-nuhanciam-creme-hydra-intense-50-ml-cremes-jour.jpg","type":"image\/jpeg"}],"twitter_card":"summary_large_image","twitter_misc":{"Dur\u00e9e de lecture estim\u00e9e":"1 minute"},"schema":{"@context":"https:\/\/schema.org","@graph":[{"@type":"WebPage","@id":"https:\/\/paracherkaoui.ma\/index.php\/produit\/nuhanciam-creme-hydra-intense-50-ml-2\/","url":"https:\/\/paracherkaoui.ma\/index.php\/produit\/nuhanciam-creme-hydra-intense-50-ml-2\/","name":"NUHANCIAM CREME HYDRA INTENSE 50 ML - Paracherkaoui.ma","isPartOf":{"@id":"https:\/\/paracherkaoui.ma\/#website"},"primaryImageOfPage":{"@id":"https:\/\/paracherkaoui.ma\/index.php\/produit\/nuhanciam-creme-hydra-intense-50-ml-2\/#primaryimage"},"image":{"@id":"https:\/\/paracherkaoui.ma\/index.php\/produit\/nuhanciam-creme-hydra-intense-50-ml-2\/#primaryimage"},"thumbnailUrl":"https:\/\/paracherkaoui.ma\/wp-content\/uploads\/2025\/12\/nuhanciam-nuhanciam-creme-hydra-intense-50-ml-cremes-jour.jpg","datePublished":"2025-12-12T17:28:47+00:00","dateModified":"2025-12-12T17:28:51+00:00","breadcrumb":{"@id":"https:\/\/paracherkaoui.ma\/index.php\/produit\/nuhanciam-creme-hydra-intense-50-ml-2\/#breadcrumb"},"inLanguage":"fr-FR","potentialAction":[{"@type":"ReadAction","target":["https:\/\/paracherkaoui.ma\/index.php\/produit\/nuhanciam-creme-hydra-intense-50-ml-2\/"]}]},{"@type":"ImageObject","inLanguage":"fr-FR","@id":"https:\/\/paracherkaoui.ma\/index.php\/produit\/nuhanciam-creme-hydra-intense-50-ml-2\/#primaryimage","url":"https:\/\/paracherkaoui.ma\/wp-content\/uploads\/2025\/12\/nuhanciam-nuhanciam-creme-hydra-intense-50-ml-cremes-jour.jpg","contentUrl":"https:\/\/paracherkaoui.ma\/wp-content\/uploads\/2025\/12\/nuhanciam-nuhanciam-creme-hydra-intense-50-ml-cremes-jour.jpg","width":700,"height":700},{"@type":"BreadcrumbList","@id":"https:\/\/paracherkaoui.ma\/index.php\/produit\/nuhanciam-creme-hydra-intense-50-ml-2\/#breadcrumb","itemListElement":[{"@type":"ListItem","position":1,"name":"Accueil","item":"https:\/\/paracherkaoui.ma\/"},{"@type":"ListItem","position":2,"name":"Boutique","item":"https:\/\/paracherkaoui.ma\/index.php\/boutique\/"},{"@type":"ListItem","position":3,"name":"NUHANCIAM CREME HYDRA INTENSE 50 ML"}]},{"@type":"WebSite","@id":"https:\/\/paracherkaoui.ma\/#website","url":"https:\/\/paracherkaoui.ma\/","name":"Paracherkaoui.ma","description":"Achetez en ligne sur Paracherkaoui.ma","potentialAction":[{"@type":"SearchAction","target":{"@type":"EntryPoint","urlTemplate":"https:\/\/paracherkaoui.ma\/?s={search_term_string}"},"query-input":{"@type":"PropertyValueSpecification","valueRequired":true,"valueName":"search_term_string"}}],"inLanguage":"fr-FR"}]}},"_links":{"self":[{"href":"https:\/\/paracherkaoui.ma\/index.php\/wp-json\/wp\/v2\/product\/28361","targetHints":{"allow":["GET"]}}],"collection":[{"href":"https:\/\/paracherkaoui.ma\/index.php\/wp-json\/wp\/v2\/product"}],"about":[{"href":"https:\/\/paracherkaoui.ma\/index.php\/wp-json\/wp\/v2\/types\/product"}],"replies":[{"embeddable":true,"href":"https:\/\/paracherkaoui.ma\/index.php\/wp-json\/wp\/v2\/comments?post=28361"}],"version-history":[{"count":1,"href":"https:\/\/paracherkaoui.ma\/index.php\/wp-json\/wp\/v2\/product\/28361\/revisions"}],"predecessor-version":[{"id":28400,"href":"https:\/\/paracherkaoui.ma\/index.php\/wp-json\/wp\/v2\/product\/28361\/revisions\/28400"}],"wp:featuredmedia":[{"embeddable":true,"href":"https:\/\/paracherkaoui.ma\/index.php\/wp-json\/wp\/v2\/media\/27697"}],"wp:attachment":[{"href":"https:\/\/paracherkaoui.ma\/index.php\/wp-json\/wp\/v2\/media?parent=28361"}],"wp:term":[{"taxonomy":"product_brand","embeddable":true,"href":"https:\/\/paracherkaoui.ma\/index.php\/wp-json\/wp\/v2\/product_brand?post=28361"},{"taxonomy":"product_cat","embeddable":true,"href":"https:\/\/paracherkaoui.ma\/index.php\/wp-json\/wp\/v2\/product_cat?post=28361"},{"taxonomy":"product_tag","embeddable":true,"href":"https:\/\/paracherkaoui.ma\/index.php\/wp-json\/wp\/v2\/product_tag?post=28361"}],"curies":[{"name":"wp","href":"https:\/\/api.w.org\/{rel}","templated":true}]}}