{"id":28354,"date":"2025-12-12T18:28:47","date_gmt":"2025-12-12T17:28:47","guid":{"rendered":"https:\/\/test.ecbeaute.com\/?post_type=product&#038;p=28354"},"modified":"2025-12-12T18:28:50","modified_gmt":"2025-12-12T17:28:50","slug":"swissderma-creme-hydratante-riche-50-ml-2","status":"publish","type":"product","link":"https:\/\/paracherkaoui.ma\/index.php\/produit\/swissderma-creme-hydratante-riche-50-ml-2\/","title":{"rendered":"SWISSDERMA CREME HYDRATANTE RICHE 50 ML"},"content":{"rendered":"<p>La Cr\u00e8me Hydratante Riche Swissderma contient un complexe hydratant v\u00e9g\u00e9tal et min\u00e9ral qui restructure la couche corn\u00e9e de la peau, apporte une hydratation maximale et prot\u00e8ge l\u2019\u00e9piderme.<br \/>\nElle apaise, nourrit et renforce la barri\u00e8re cutan\u00e9e face aux agressions ext\u00e9rieures en emp\u00eachant la p\u00e9n\u00e9tration d\u2019agents irritants. Recommand\u00e9e pour les peaux s\u00e8ches \u00e0 tr\u00e8s s\u00e8ches.<br \/>\nprincipaux actifs :<br \/>\nL&rsquo;acide hyaluronique<br \/>\nL\u2019acide hyaluronique est un composant naturel, transparent, qui se trouve dans tous les tissus du corps, principalement dans la peau. Sa fonction est de remplir la matrice extracellulaire entre les diff\u00e9rentes fibres. Pendant l\u2019adolescence, il se concentre en grandes quantit\u00e9s, mais au fil du temps diminue . stimule la formation de collag\u00e8ne et poss\u00e8de la capacit\u00e9 de r\u00e9g\u00e9n\u00e9rer les tissus pour restaurer et maintenir la fermet\u00e9 de la peau qui s\u2019att\u00e9nue au fil du temps.<br \/>\nLe beurre de karit\u00e9<br \/>\nLe beurre de karit\u00e9 favorise l&rsquo;augmentation de la circulation capillaire locale, ce qui permettrait la r\u00e9-oxyg\u00e9nation des tissus en am\u00e9liorant l&rsquo;\u00e9limination des d\u00e9chets m\u00e9taboliques, son pouvoir hydratant permet de restructurer le film hydrolipidique de la peau, sans aucun risque d&rsquo;irritation.<br \/>\nLa b\u00e9ta\u00efne<br \/>\nLa b\u00e9ta\u00efne est un acide amin\u00e9 extrait de la betterave sucri\u00e8re, un v\u00e9ritable hydratant qui contr\u00f4le L\u2019hom\u00e9ostasie hydrique de la peau, renforce la barri\u00e8re cutan\u00e9e pour obtenir une peau plus ferme et plus \u00e9lastique, r\u00e9duit les irritations chimiques et m\u00e9caniques, am\u00e9liore le toucher et exerce une action anti-inflammatoire.<br \/>\nConseils d&rsquo;utilisation :<br \/>\nL&rsquo;utiliser matin et\/ou soir sur la peau du visage et mains pr\u00e9alablement nettoy\u00e9e. Id\u00e9ale comme base de maquillage<\/p>\n","protected":false},"excerpt":{"rendered":"<p>La Cr\u00e8me Hydratante Riche Swissderma contient un complexe hydratant v\u00e9g\u00e9tal et min\u00e9ral qui restructure la couche corn\u00e9e de la peau,<\/p>\n","protected":false},"featured_media":27635,"comment_status":"open","ping_status":"closed","template":"","meta":[],"product_brand":[423],"product_cat":[534],"product_tag":[],"class_list":{"0":"post-28354","1":"product","2":"type-product","3":"status-publish","4":"has-post-thumbnail","6":"product_brand-swissderma","7":"product_cat-cremes-nuit","9":"first","10":"instock","11":"sale","12":"shipping-taxable","13":"purchasable","14":"product-type-simple"},"yoast_head":"<!-- This site is optimized with the Yoast SEO plugin v26.6 - https:\/\/yoast.com\/wordpress\/plugins\/seo\/ -->\r\n<title>SWISSDERMA CREME HYDRATANTE RICHE 50 ML - Paracherkaoui.ma<\/title>\r\n<meta name=\"robots\" content=\"index, follow, max-snippet:-1, max-image-preview:large, max-video-preview:-1\" \/>\r\n<link rel=\"canonical\" href=\"https:\/\/paracherkaoui.ma\/index.php\/produit\/swissderma-creme-hydratante-riche-50-ml-2\/\" \/>\r\n<meta property=\"og:locale\" content=\"fr_FR\" \/>\r\n<meta property=\"og:type\" content=\"article\" \/>\r\n<meta property=\"og:title\" content=\"SWISSDERMA CREME HYDRATANTE RICHE 50 ML - Paracherkaoui.ma\" \/>\r\n<meta property=\"og:description\" content=\"La Cr\u00e8me Hydratante Riche Swissderma contient un complexe hydratant v\u00e9g\u00e9tal et min\u00e9ral qui restructure la couche corn\u00e9e de la peau,\" \/>\r\n<meta property=\"og:url\" content=\"https:\/\/paracherkaoui.ma\/index.php\/produit\/swissderma-creme-hydratante-riche-50-ml-2\/\" \/>\r\n<meta property=\"og:site_name\" content=\"Paracherkaoui.ma\" \/>\r\n<meta property=\"article:modified_time\" content=\"2025-12-12T17:28:50+00:00\" \/>\r\n<meta property=\"og:image\" content=\"https:\/\/paracherkaoui.ma\/wp-content\/uploads\/2025\/12\/swissderma-swissderma-creme-hydratante-riche-50-ml-cremes-jour.jpg\" \/>\r\n\t<meta property=\"og:image:width\" content=\"700\" \/>\r\n\t<meta property=\"og:image:height\" content=\"700\" \/>\r\n\t<meta property=\"og:image:type\" content=\"image\/jpeg\" \/>\r\n<meta name=\"twitter:card\" content=\"summary_large_image\" \/>\r\n<meta name=\"twitter:label1\" content=\"Dur\u00e9e de lecture estim\u00e9e\" \/>\n\t<meta name=\"twitter:data1\" content=\"1 minute\" \/>\r\n<script type=\"application\/ld+json\" class=\"yoast-schema-graph\">{\"@context\":\"https:\/\/schema.org\",\"@graph\":[{\"@type\":\"WebPage\",\"@id\":\"https:\/\/paracherkaoui.ma\/index.php\/produit\/swissderma-creme-hydratante-riche-50-ml-2\/\",\"url\":\"https:\/\/paracherkaoui.ma\/index.php\/produit\/swissderma-creme-hydratante-riche-50-ml-2\/\",\"name\":\"SWISSDERMA CREME HYDRATANTE RICHE 50 ML - Paracherkaoui.ma\",\"isPartOf\":{\"@id\":\"https:\/\/paracherkaoui.ma\/#website\"},\"primaryImageOfPage\":{\"@id\":\"https:\/\/paracherkaoui.ma\/index.php\/produit\/swissderma-creme-hydratante-riche-50-ml-2\/#primaryimage\"},\"image\":{\"@id\":\"https:\/\/paracherkaoui.ma\/index.php\/produit\/swissderma-creme-hydratante-riche-50-ml-2\/#primaryimage\"},\"thumbnailUrl\":\"https:\/\/paracherkaoui.ma\/wp-content\/uploads\/2025\/12\/swissderma-swissderma-creme-hydratante-riche-50-ml-cremes-jour.jpg\",\"datePublished\":\"2025-12-12T17:28:47+00:00\",\"dateModified\":\"2025-12-12T17:28:50+00:00\",\"breadcrumb\":{\"@id\":\"https:\/\/paracherkaoui.ma\/index.php\/produit\/swissderma-creme-hydratante-riche-50-ml-2\/#breadcrumb\"},\"inLanguage\":\"fr-FR\",\"potentialAction\":[{\"@type\":\"ReadAction\",\"target\":[\"https:\/\/paracherkaoui.ma\/index.php\/produit\/swissderma-creme-hydratante-riche-50-ml-2\/\"]}]},{\"@type\":\"ImageObject\",\"inLanguage\":\"fr-FR\",\"@id\":\"https:\/\/paracherkaoui.ma\/index.php\/produit\/swissderma-creme-hydratante-riche-50-ml-2\/#primaryimage\",\"url\":\"https:\/\/paracherkaoui.ma\/wp-content\/uploads\/2025\/12\/swissderma-swissderma-creme-hydratante-riche-50-ml-cremes-jour.jpg\",\"contentUrl\":\"https:\/\/paracherkaoui.ma\/wp-content\/uploads\/2025\/12\/swissderma-swissderma-creme-hydratante-riche-50-ml-cremes-jour.jpg\",\"width\":700,\"height\":700},{\"@type\":\"BreadcrumbList\",\"@id\":\"https:\/\/paracherkaoui.ma\/index.php\/produit\/swissderma-creme-hydratante-riche-50-ml-2\/#breadcrumb\",\"itemListElement\":[{\"@type\":\"ListItem\",\"position\":1,\"name\":\"Accueil\",\"item\":\"https:\/\/paracherkaoui.ma\/\"},{\"@type\":\"ListItem\",\"position\":2,\"name\":\"Boutique\",\"item\":\"https:\/\/paracherkaoui.ma\/index.php\/boutique\/\"},{\"@type\":\"ListItem\",\"position\":3,\"name\":\"SWISSDERMA CREME HYDRATANTE RICHE 50 ML\"}]},{\"@type\":\"WebSite\",\"@id\":\"https:\/\/paracherkaoui.ma\/#website\",\"url\":\"https:\/\/paracherkaoui.ma\/\",\"name\":\"Paracherkaoui.ma\",\"description\":\"Achetez en ligne sur Paracherkaoui.ma\",\"potentialAction\":[{\"@type\":\"SearchAction\",\"target\":{\"@type\":\"EntryPoint\",\"urlTemplate\":\"https:\/\/paracherkaoui.ma\/?s={search_term_string}\"},\"query-input\":{\"@type\":\"PropertyValueSpecification\",\"valueRequired\":true,\"valueName\":\"search_term_string\"}}],\"inLanguage\":\"fr-FR\"}]}<\/script>\r\n<!-- \/ Yoast SEO plugin. -->","yoast_head_json":{"title":"SWISSDERMA CREME HYDRATANTE RICHE 50 ML - Paracherkaoui.ma","robots":{"index":"index","follow":"follow","max-snippet":"max-snippet:-1","max-image-preview":"max-image-preview:large","max-video-preview":"max-video-preview:-1"},"canonical":"https:\/\/paracherkaoui.ma\/index.php\/produit\/swissderma-creme-hydratante-riche-50-ml-2\/","og_locale":"fr_FR","og_type":"article","og_title":"SWISSDERMA CREME HYDRATANTE RICHE 50 ML - Paracherkaoui.ma","og_description":"La Cr\u00e8me Hydratante Riche Swissderma contient un complexe hydratant v\u00e9g\u00e9tal et min\u00e9ral qui restructure la couche corn\u00e9e de la peau,","og_url":"https:\/\/paracherkaoui.ma\/index.php\/produit\/swissderma-creme-hydratante-riche-50-ml-2\/","og_site_name":"Paracherkaoui.ma","article_modified_time":"2025-12-12T17:28:50+00:00","og_image":[{"width":700,"height":700,"url":"https:\/\/paracherkaoui.ma\/wp-content\/uploads\/2025\/12\/swissderma-swissderma-creme-hydratante-riche-50-ml-cremes-jour.jpg","type":"image\/jpeg"}],"twitter_card":"summary_large_image","twitter_misc":{"Dur\u00e9e de lecture estim\u00e9e":"1 minute"},"schema":{"@context":"https:\/\/schema.org","@graph":[{"@type":"WebPage","@id":"https:\/\/paracherkaoui.ma\/index.php\/produit\/swissderma-creme-hydratante-riche-50-ml-2\/","url":"https:\/\/paracherkaoui.ma\/index.php\/produit\/swissderma-creme-hydratante-riche-50-ml-2\/","name":"SWISSDERMA CREME HYDRATANTE RICHE 50 ML - Paracherkaoui.ma","isPartOf":{"@id":"https:\/\/paracherkaoui.ma\/#website"},"primaryImageOfPage":{"@id":"https:\/\/paracherkaoui.ma\/index.php\/produit\/swissderma-creme-hydratante-riche-50-ml-2\/#primaryimage"},"image":{"@id":"https:\/\/paracherkaoui.ma\/index.php\/produit\/swissderma-creme-hydratante-riche-50-ml-2\/#primaryimage"},"thumbnailUrl":"https:\/\/paracherkaoui.ma\/wp-content\/uploads\/2025\/12\/swissderma-swissderma-creme-hydratante-riche-50-ml-cremes-jour.jpg","datePublished":"2025-12-12T17:28:47+00:00","dateModified":"2025-12-12T17:28:50+00:00","breadcrumb":{"@id":"https:\/\/paracherkaoui.ma\/index.php\/produit\/swissderma-creme-hydratante-riche-50-ml-2\/#breadcrumb"},"inLanguage":"fr-FR","potentialAction":[{"@type":"ReadAction","target":["https:\/\/paracherkaoui.ma\/index.php\/produit\/swissderma-creme-hydratante-riche-50-ml-2\/"]}]},{"@type":"ImageObject","inLanguage":"fr-FR","@id":"https:\/\/paracherkaoui.ma\/index.php\/produit\/swissderma-creme-hydratante-riche-50-ml-2\/#primaryimage","url":"https:\/\/paracherkaoui.ma\/wp-content\/uploads\/2025\/12\/swissderma-swissderma-creme-hydratante-riche-50-ml-cremes-jour.jpg","contentUrl":"https:\/\/paracherkaoui.ma\/wp-content\/uploads\/2025\/12\/swissderma-swissderma-creme-hydratante-riche-50-ml-cremes-jour.jpg","width":700,"height":700},{"@type":"BreadcrumbList","@id":"https:\/\/paracherkaoui.ma\/index.php\/produit\/swissderma-creme-hydratante-riche-50-ml-2\/#breadcrumb","itemListElement":[{"@type":"ListItem","position":1,"name":"Accueil","item":"https:\/\/paracherkaoui.ma\/"},{"@type":"ListItem","position":2,"name":"Boutique","item":"https:\/\/paracherkaoui.ma\/index.php\/boutique\/"},{"@type":"ListItem","position":3,"name":"SWISSDERMA CREME HYDRATANTE RICHE 50 ML"}]},{"@type":"WebSite","@id":"https:\/\/paracherkaoui.ma\/#website","url":"https:\/\/paracherkaoui.ma\/","name":"Paracherkaoui.ma","description":"Achetez en ligne sur Paracherkaoui.ma","potentialAction":[{"@type":"SearchAction","target":{"@type":"EntryPoint","urlTemplate":"https:\/\/paracherkaoui.ma\/?s={search_term_string}"},"query-input":{"@type":"PropertyValueSpecification","valueRequired":true,"valueName":"search_term_string"}}],"inLanguage":"fr-FR"}]}},"_links":{"self":[{"href":"https:\/\/paracherkaoui.ma\/index.php\/wp-json\/wp\/v2\/product\/28354","targetHints":{"allow":["GET"]}}],"collection":[{"href":"https:\/\/paracherkaoui.ma\/index.php\/wp-json\/wp\/v2\/product"}],"about":[{"href":"https:\/\/paracherkaoui.ma\/index.php\/wp-json\/wp\/v2\/types\/product"}],"replies":[{"embeddable":true,"href":"https:\/\/paracherkaoui.ma\/index.php\/wp-json\/wp\/v2\/comments?post=28354"}],"version-history":[{"count":1,"href":"https:\/\/paracherkaoui.ma\/index.php\/wp-json\/wp\/v2\/product\/28354\/revisions"}],"predecessor-version":[{"id":28390,"href":"https:\/\/paracherkaoui.ma\/index.php\/wp-json\/wp\/v2\/product\/28354\/revisions\/28390"}],"wp:featuredmedia":[{"embeddable":true,"href":"https:\/\/paracherkaoui.ma\/index.php\/wp-json\/wp\/v2\/media\/27635"}],"wp:attachment":[{"href":"https:\/\/paracherkaoui.ma\/index.php\/wp-json\/wp\/v2\/media?parent=28354"}],"wp:term":[{"taxonomy":"product_brand","embeddable":true,"href":"https:\/\/paracherkaoui.ma\/index.php\/wp-json\/wp\/v2\/product_brand?post=28354"},{"taxonomy":"product_cat","embeddable":true,"href":"https:\/\/paracherkaoui.ma\/index.php\/wp-json\/wp\/v2\/product_cat?post=28354"},{"taxonomy":"product_tag","embeddable":true,"href":"https:\/\/paracherkaoui.ma\/index.php\/wp-json\/wp\/v2\/product_tag?post=28354"}],"curies":[{"name":"wp","href":"https:\/\/api.w.org\/{rel}","templated":true}]}}