{"id":28342,"date":"2025-12-12T18:28:46","date_gmt":"2025-12-12T17:28:46","guid":{"rendered":"https:\/\/test.ecbeaute.com\/?post_type=product&#038;p=28342"},"modified":"2025-12-12T18:28:48","modified_gmt":"2025-12-12T17:28:48","slug":"swiss-image-anti-age-36-creme-de-nuit-booster-delasticite-50-ml","status":"publish","type":"product","link":"https:\/\/paracherkaoui.ma\/index.php\/produit\/swiss-image-anti-age-36-creme-de-nuit-booster-delasticite-50-ml\/","title":{"rendered":"SWISS IMAGE ANTI AGE 36+ CREME DE NUIT BOOSTER D&rsquo;ELASTICITE 50 ML"},"content":{"rendered":"<p>Cette cr\u00e8me de nuit non grasse est enrichie en eau de glacier alpin, en algues des neiges et en extraits botaniques pour soutenir le cycle de r\u00e9g\u00e9n\u00e9ration naturel de la peau, renforcer son \u00e9lasticit\u00e9 et la prot\u00e9ger des signes du vieillissement.<br \/>\nCONSEILS D&rsquo;UTILISATION:<br \/>\nMassez doucement la cr\u00e8me sur le visage et le cou nettoy\u00e9s chaque soir.<\/p>\n","protected":false},"excerpt":{"rendered":"<p>Cette cr\u00e8me de nuit non grasse est enrichie en eau de glacier alpin, en algues des neiges et en extraits<\/p>\n","protected":false},"featured_media":28373,"comment_status":"open","ping_status":"closed","template":"","meta":[],"product_brand":[408],"product_cat":[534],"product_tag":[],"class_list":{"0":"post-28342","1":"product","2":"type-product","3":"status-publish","4":"has-post-thumbnail","6":"product_brand-swiss-image","7":"product_cat-cremes-nuit","9":"first","10":"instock","11":"sale","12":"shipping-taxable","13":"purchasable","14":"product-type-simple"},"yoast_head":"<!-- This site is optimized with the Yoast SEO plugin v26.6 - https:\/\/yoast.com\/wordpress\/plugins\/seo\/ -->\r\n<title>SWISS IMAGE ANTI AGE 36+ CREME DE NUIT BOOSTER D&#039;ELASTICITE 50 ML - Paracherkaoui.ma<\/title>\r\n<meta name=\"robots\" content=\"index, follow, max-snippet:-1, max-image-preview:large, max-video-preview:-1\" \/>\r\n<link rel=\"canonical\" href=\"https:\/\/paracherkaoui.ma\/index.php\/produit\/swiss-image-anti-age-36-creme-de-nuit-booster-delasticite-50-ml\/\" \/>\r\n<meta property=\"og:locale\" content=\"fr_FR\" \/>\r\n<meta property=\"og:type\" content=\"article\" \/>\r\n<meta property=\"og:title\" content=\"SWISS IMAGE ANTI AGE 36+ CREME DE NUIT BOOSTER D&#039;ELASTICITE 50 ML - Paracherkaoui.ma\" \/>\r\n<meta property=\"og:description\" content=\"Cette cr\u00e8me de nuit non grasse est enrichie en eau de glacier alpin, en algues des neiges et en extraits\" \/>\r\n<meta property=\"og:url\" content=\"https:\/\/paracherkaoui.ma\/index.php\/produit\/swiss-image-anti-age-36-creme-de-nuit-booster-delasticite-50-ml\/\" \/>\r\n<meta property=\"og:site_name\" content=\"Paracherkaoui.ma\" \/>\r\n<meta property=\"article:modified_time\" content=\"2025-12-12T17:28:48+00:00\" \/>\r\n<meta property=\"og:image\" content=\"https:\/\/paracherkaoui.ma\/wp-content\/uploads\/2025\/12\/swiss-image-swiss-image-anti-age-36-creme-de-nuit-booster-delasticite-50-ml-cremes-nuit.jpg\" \/>\r\n\t<meta property=\"og:image:width\" content=\"700\" \/>\r\n\t<meta property=\"og:image:height\" content=\"700\" \/>\r\n\t<meta property=\"og:image:type\" content=\"image\/jpeg\" \/>\r\n<meta name=\"twitter:card\" content=\"summary_large_image\" \/>\r\n<script type=\"application\/ld+json\" class=\"yoast-schema-graph\">{\"@context\":\"https:\/\/schema.org\",\"@graph\":[{\"@type\":\"WebPage\",\"@id\":\"https:\/\/paracherkaoui.ma\/index.php\/produit\/swiss-image-anti-age-36-creme-de-nuit-booster-delasticite-50-ml\/\",\"url\":\"https:\/\/paracherkaoui.ma\/index.php\/produit\/swiss-image-anti-age-36-creme-de-nuit-booster-delasticite-50-ml\/\",\"name\":\"SWISS IMAGE ANTI AGE 36+ CREME DE NUIT BOOSTER D'ELASTICITE 50 ML - Paracherkaoui.ma\",\"isPartOf\":{\"@id\":\"https:\/\/paracherkaoui.ma\/#website\"},\"primaryImageOfPage\":{\"@id\":\"https:\/\/paracherkaoui.ma\/index.php\/produit\/swiss-image-anti-age-36-creme-de-nuit-booster-delasticite-50-ml\/#primaryimage\"},\"image\":{\"@id\":\"https:\/\/paracherkaoui.ma\/index.php\/produit\/swiss-image-anti-age-36-creme-de-nuit-booster-delasticite-50-ml\/#primaryimage\"},\"thumbnailUrl\":\"https:\/\/paracherkaoui.ma\/wp-content\/uploads\/2025\/12\/swiss-image-swiss-image-anti-age-36-creme-de-nuit-booster-delasticite-50-ml-cremes-nuit.jpg\",\"datePublished\":\"2025-12-12T17:28:46+00:00\",\"dateModified\":\"2025-12-12T17:28:48+00:00\",\"breadcrumb\":{\"@id\":\"https:\/\/paracherkaoui.ma\/index.php\/produit\/swiss-image-anti-age-36-creme-de-nuit-booster-delasticite-50-ml\/#breadcrumb\"},\"inLanguage\":\"fr-FR\",\"potentialAction\":[{\"@type\":\"ReadAction\",\"target\":[\"https:\/\/paracherkaoui.ma\/index.php\/produit\/swiss-image-anti-age-36-creme-de-nuit-booster-delasticite-50-ml\/\"]}]},{\"@type\":\"ImageObject\",\"inLanguage\":\"fr-FR\",\"@id\":\"https:\/\/paracherkaoui.ma\/index.php\/produit\/swiss-image-anti-age-36-creme-de-nuit-booster-delasticite-50-ml\/#primaryimage\",\"url\":\"https:\/\/paracherkaoui.ma\/wp-content\/uploads\/2025\/12\/swiss-image-swiss-image-anti-age-36-creme-de-nuit-booster-delasticite-50-ml-cremes-nuit.jpg\",\"contentUrl\":\"https:\/\/paracherkaoui.ma\/wp-content\/uploads\/2025\/12\/swiss-image-swiss-image-anti-age-36-creme-de-nuit-booster-delasticite-50-ml-cremes-nuit.jpg\",\"width\":700,\"height\":700},{\"@type\":\"BreadcrumbList\",\"@id\":\"https:\/\/paracherkaoui.ma\/index.php\/produit\/swiss-image-anti-age-36-creme-de-nuit-booster-delasticite-50-ml\/#breadcrumb\",\"itemListElement\":[{\"@type\":\"ListItem\",\"position\":1,\"name\":\"Accueil\",\"item\":\"https:\/\/paracherkaoui.ma\/\"},{\"@type\":\"ListItem\",\"position\":2,\"name\":\"Boutique\",\"item\":\"https:\/\/paracherkaoui.ma\/index.php\/boutique\/\"},{\"@type\":\"ListItem\",\"position\":3,\"name\":\"SWISS IMAGE ANTI AGE 36+ CREME DE NUIT BOOSTER D&rsquo;ELASTICITE 50 ML\"}]},{\"@type\":\"WebSite\",\"@id\":\"https:\/\/paracherkaoui.ma\/#website\",\"url\":\"https:\/\/paracherkaoui.ma\/\",\"name\":\"Paracherkaoui.ma\",\"description\":\"Achetez en ligne sur Paracherkaoui.ma\",\"potentialAction\":[{\"@type\":\"SearchAction\",\"target\":{\"@type\":\"EntryPoint\",\"urlTemplate\":\"https:\/\/paracherkaoui.ma\/?s={search_term_string}\"},\"query-input\":{\"@type\":\"PropertyValueSpecification\",\"valueRequired\":true,\"valueName\":\"search_term_string\"}}],\"inLanguage\":\"fr-FR\"}]}<\/script>\r\n<!-- \/ Yoast SEO plugin. -->","yoast_head_json":{"title":"SWISS IMAGE ANTI AGE 36+ CREME DE NUIT BOOSTER D'ELASTICITE 50 ML - Paracherkaoui.ma","robots":{"index":"index","follow":"follow","max-snippet":"max-snippet:-1","max-image-preview":"max-image-preview:large","max-video-preview":"max-video-preview:-1"},"canonical":"https:\/\/paracherkaoui.ma\/index.php\/produit\/swiss-image-anti-age-36-creme-de-nuit-booster-delasticite-50-ml\/","og_locale":"fr_FR","og_type":"article","og_title":"SWISS IMAGE ANTI AGE 36+ CREME DE NUIT BOOSTER D'ELASTICITE 50 ML - Paracherkaoui.ma","og_description":"Cette cr\u00e8me de nuit non grasse est enrichie en eau de glacier alpin, en algues des neiges et en extraits","og_url":"https:\/\/paracherkaoui.ma\/index.php\/produit\/swiss-image-anti-age-36-creme-de-nuit-booster-delasticite-50-ml\/","og_site_name":"Paracherkaoui.ma","article_modified_time":"2025-12-12T17:28:48+00:00","og_image":[{"width":700,"height":700,"url":"https:\/\/paracherkaoui.ma\/wp-content\/uploads\/2025\/12\/swiss-image-swiss-image-anti-age-36-creme-de-nuit-booster-delasticite-50-ml-cremes-nuit.jpg","type":"image\/jpeg"}],"twitter_card":"summary_large_image","schema":{"@context":"https:\/\/schema.org","@graph":[{"@type":"WebPage","@id":"https:\/\/paracherkaoui.ma\/index.php\/produit\/swiss-image-anti-age-36-creme-de-nuit-booster-delasticite-50-ml\/","url":"https:\/\/paracherkaoui.ma\/index.php\/produit\/swiss-image-anti-age-36-creme-de-nuit-booster-delasticite-50-ml\/","name":"SWISS IMAGE ANTI AGE 36+ CREME DE NUIT BOOSTER D'ELASTICITE 50 ML - Paracherkaoui.ma","isPartOf":{"@id":"https:\/\/paracherkaoui.ma\/#website"},"primaryImageOfPage":{"@id":"https:\/\/paracherkaoui.ma\/index.php\/produit\/swiss-image-anti-age-36-creme-de-nuit-booster-delasticite-50-ml\/#primaryimage"},"image":{"@id":"https:\/\/paracherkaoui.ma\/index.php\/produit\/swiss-image-anti-age-36-creme-de-nuit-booster-delasticite-50-ml\/#primaryimage"},"thumbnailUrl":"https:\/\/paracherkaoui.ma\/wp-content\/uploads\/2025\/12\/swiss-image-swiss-image-anti-age-36-creme-de-nuit-booster-delasticite-50-ml-cremes-nuit.jpg","datePublished":"2025-12-12T17:28:46+00:00","dateModified":"2025-12-12T17:28:48+00:00","breadcrumb":{"@id":"https:\/\/paracherkaoui.ma\/index.php\/produit\/swiss-image-anti-age-36-creme-de-nuit-booster-delasticite-50-ml\/#breadcrumb"},"inLanguage":"fr-FR","potentialAction":[{"@type":"ReadAction","target":["https:\/\/paracherkaoui.ma\/index.php\/produit\/swiss-image-anti-age-36-creme-de-nuit-booster-delasticite-50-ml\/"]}]},{"@type":"ImageObject","inLanguage":"fr-FR","@id":"https:\/\/paracherkaoui.ma\/index.php\/produit\/swiss-image-anti-age-36-creme-de-nuit-booster-delasticite-50-ml\/#primaryimage","url":"https:\/\/paracherkaoui.ma\/wp-content\/uploads\/2025\/12\/swiss-image-swiss-image-anti-age-36-creme-de-nuit-booster-delasticite-50-ml-cremes-nuit.jpg","contentUrl":"https:\/\/paracherkaoui.ma\/wp-content\/uploads\/2025\/12\/swiss-image-swiss-image-anti-age-36-creme-de-nuit-booster-delasticite-50-ml-cremes-nuit.jpg","width":700,"height":700},{"@type":"BreadcrumbList","@id":"https:\/\/paracherkaoui.ma\/index.php\/produit\/swiss-image-anti-age-36-creme-de-nuit-booster-delasticite-50-ml\/#breadcrumb","itemListElement":[{"@type":"ListItem","position":1,"name":"Accueil","item":"https:\/\/paracherkaoui.ma\/"},{"@type":"ListItem","position":2,"name":"Boutique","item":"https:\/\/paracherkaoui.ma\/index.php\/boutique\/"},{"@type":"ListItem","position":3,"name":"SWISS IMAGE ANTI AGE 36+ CREME DE NUIT BOOSTER D&rsquo;ELASTICITE 50 ML"}]},{"@type":"WebSite","@id":"https:\/\/paracherkaoui.ma\/#website","url":"https:\/\/paracherkaoui.ma\/","name":"Paracherkaoui.ma","description":"Achetez en ligne sur Paracherkaoui.ma","potentialAction":[{"@type":"SearchAction","target":{"@type":"EntryPoint","urlTemplate":"https:\/\/paracherkaoui.ma\/?s={search_term_string}"},"query-input":{"@type":"PropertyValueSpecification","valueRequired":true,"valueName":"search_term_string"}}],"inLanguage":"fr-FR"}]}},"_links":{"self":[{"href":"https:\/\/paracherkaoui.ma\/index.php\/wp-json\/wp\/v2\/product\/28342","targetHints":{"allow":["GET"]}}],"collection":[{"href":"https:\/\/paracherkaoui.ma\/index.php\/wp-json\/wp\/v2\/product"}],"about":[{"href":"https:\/\/paracherkaoui.ma\/index.php\/wp-json\/wp\/v2\/types\/product"}],"replies":[{"embeddable":true,"href":"https:\/\/paracherkaoui.ma\/index.php\/wp-json\/wp\/v2\/comments?post=28342"}],"version-history":[{"count":1,"href":"https:\/\/paracherkaoui.ma\/index.php\/wp-json\/wp\/v2\/product\/28342\/revisions"}],"predecessor-version":[{"id":28374,"href":"https:\/\/paracherkaoui.ma\/index.php\/wp-json\/wp\/v2\/product\/28342\/revisions\/28374"}],"wp:featuredmedia":[{"embeddable":true,"href":"https:\/\/paracherkaoui.ma\/index.php\/wp-json\/wp\/v2\/media\/28373"}],"wp:attachment":[{"href":"https:\/\/paracherkaoui.ma\/index.php\/wp-json\/wp\/v2\/media?parent=28342"}],"wp:term":[{"taxonomy":"product_brand","embeddable":true,"href":"https:\/\/paracherkaoui.ma\/index.php\/wp-json\/wp\/v2\/product_brand?post=28342"},{"taxonomy":"product_cat","embeddable":true,"href":"https:\/\/paracherkaoui.ma\/index.php\/wp-json\/wp\/v2\/product_cat?post=28342"},{"taxonomy":"product_tag","embeddable":true,"href":"https:\/\/paracherkaoui.ma\/index.php\/wp-json\/wp\/v2\/product_tag?post=28342"}],"curies":[{"name":"wp","href":"https:\/\/api.w.org\/{rel}","templated":true}]}}