{"id":28289,"date":"2025-12-12T18:28:40","date_gmt":"2025-12-12T17:28:40","guid":{"rendered":"https:\/\/test.ecbeaute.com\/?post_type=product&#038;p=28289"},"modified":"2025-12-12T18:28:45","modified_gmt":"2025-12-12T17:28:45","slug":"hd-cosmetic-efficiency-melan-txa-gel-creme-de-nuit-50-ml","status":"publish","type":"product","link":"https:\/\/paracherkaoui.ma\/index.php\/produit\/hd-cosmetic-efficiency-melan-txa-gel-creme-de-nuit-50-ml\/","title":{"rendered":"HD COSMETIC EFFICIENCY MELAN TXA GEL CREME DE NUIT 50 ML"},"content":{"rendered":"<p>Ce soin adapt\u00e9 \u00e0 tous les types de peau agit durant la nuit, moment o\u00f9 la peau est la plus r\u00e9ceptive \u00e0 la r\u00e9g\u00e9n\u00e9ration.<br \/>\nComposition<br \/>\nLa formulation de ce gel cr\u00e8me repose sur plusieurs principes actifs scientifiquement reconnus pour leur efficacit\u00e9.<br \/>\nLe M\u00e9lanine-W r\u00e9gule la pigmentation en contr\u00f4lant la synth\u00e8se de m\u00e9lanine, tandis que l\u2019acide tranexamique pr\u00e9vient la formation des taches pigmentaires. Ensemble, ils travaillent pour restaurer un teint uniforme et \u00e9clatant.<br \/>\nL\u2019acide kojique vectoris\u00e9, connu pour son effet inhibiteur de l\u2019enzyme tyrosinase, bloque la production excessive de m\u00e9lanine, r\u00e9duisant ainsi les taches sombres. Ce processus est compl\u00e9t\u00e9 par la vitamine C encapsul\u00e9e, un puissant antioxydant qui prot\u00e8ge la peau des radicaux libres g\u00e9n\u00e9r\u00e9s par l\u2019exposition au soleil, offrant une peau plus lumineuse et plus lisse.<br \/>\nLe gel cr\u00e8me contient \u00e9galement un peptide r\u00e9parateur qui favorise la r\u00e9g\u00e9n\u00e9ration des couches cutan\u00e9es profondes, apportant fermet\u00e9 et \u00e9lasticit\u00e9. La papa\u00efne, une enzyme exfoliante naturelle, \u00e9limine en douceur les cellules mortes, permettant \u00e0 la peau de se renouveler plus rapidement et de retrouver son \u00e9clat.<br \/>\nConseils d&rsquo;utilisation<br \/>\nAppliquer chaque soir sur une peau propre et s\u00e8che du visage, du cou et du d\u00e9collet\u00e9. Cette routine de nuit, combin\u00e9e \u00e0 une bonne hygi\u00e8ne de la peau, permet d&rsquo;obtenir des r\u00e9sultats visibles rapidement. Pour maximiser l\u2019efficacit\u00e9, il est conseill\u00e9 d\u2019utiliser une protection solaire pendant la journ\u00e9e afin d\u2019\u00e9viter la r\u00e9apparition des taches.<\/p>\n","protected":false},"excerpt":{"rendered":"<p>Ce soin adapt\u00e9 \u00e0 tous les types de peau agit durant la nuit, moment o\u00f9 la peau est la plus<\/p>\n","protected":false},"featured_media":28328,"comment_status":"open","ping_status":"closed","template":"","meta":[],"product_brand":[320],"product_cat":[534],"product_tag":[],"class_list":{"0":"post-28289","1":"product","2":"type-product","3":"status-publish","4":"has-post-thumbnail","6":"product_brand-hd-cosmetics-effeciency","7":"product_cat-cremes-nuit","9":"first","10":"instock","11":"sale","12":"shipping-taxable","13":"purchasable","14":"product-type-simple"},"yoast_head":"<!-- This site is optimized with the Yoast SEO plugin v26.6 - https:\/\/yoast.com\/wordpress\/plugins\/seo\/ -->\r\n<title>HD COSMETIC EFFICIENCY MELAN TXA GEL CREME DE NUIT 50 ML - Paracherkaoui.ma<\/title>\r\n<meta name=\"robots\" content=\"index, follow, max-snippet:-1, max-image-preview:large, max-video-preview:-1\" \/>\r\n<link rel=\"canonical\" href=\"https:\/\/paracherkaoui.ma\/index.php\/produit\/hd-cosmetic-efficiency-melan-txa-gel-creme-de-nuit-50-ml\/\" \/>\r\n<meta property=\"og:locale\" content=\"fr_FR\" \/>\r\n<meta property=\"og:type\" content=\"article\" \/>\r\n<meta property=\"og:title\" content=\"HD COSMETIC EFFICIENCY MELAN TXA GEL CREME DE NUIT 50 ML - Paracherkaoui.ma\" \/>\r\n<meta property=\"og:description\" content=\"Ce soin adapt\u00e9 \u00e0 tous les types de peau agit durant la nuit, moment o\u00f9 la peau est la plus\" \/>\r\n<meta property=\"og:url\" content=\"https:\/\/paracherkaoui.ma\/index.php\/produit\/hd-cosmetic-efficiency-melan-txa-gel-creme-de-nuit-50-ml\/\" \/>\r\n<meta property=\"og:site_name\" content=\"Paracherkaoui.ma\" \/>\r\n<meta property=\"article:modified_time\" content=\"2025-12-12T17:28:45+00:00\" \/>\r\n<meta property=\"og:image\" content=\"https:\/\/paracherkaoui.ma\/wp-content\/uploads\/2025\/12\/hd-cosmetics-effeciency-hd-cosmetic-efficiency-melan-txa-gel-creme-de-nuit-50-ml-cremes-nuit.jpg\" \/>\r\n\t<meta property=\"og:image:width\" content=\"700\" \/>\r\n\t<meta property=\"og:image:height\" content=\"700\" \/>\r\n\t<meta property=\"og:image:type\" content=\"image\/jpeg\" \/>\r\n<meta name=\"twitter:card\" content=\"summary_large_image\" \/>\r\n<meta name=\"twitter:label1\" content=\"Dur\u00e9e de lecture estim\u00e9e\" \/>\n\t<meta name=\"twitter:data1\" content=\"1 minute\" \/>\r\n<script type=\"application\/ld+json\" class=\"yoast-schema-graph\">{\"@context\":\"https:\/\/schema.org\",\"@graph\":[{\"@type\":\"WebPage\",\"@id\":\"https:\/\/paracherkaoui.ma\/index.php\/produit\/hd-cosmetic-efficiency-melan-txa-gel-creme-de-nuit-50-ml\/\",\"url\":\"https:\/\/paracherkaoui.ma\/index.php\/produit\/hd-cosmetic-efficiency-melan-txa-gel-creme-de-nuit-50-ml\/\",\"name\":\"HD COSMETIC EFFICIENCY MELAN TXA GEL CREME DE NUIT 50 ML - Paracherkaoui.ma\",\"isPartOf\":{\"@id\":\"https:\/\/paracherkaoui.ma\/#website\"},\"primaryImageOfPage\":{\"@id\":\"https:\/\/paracherkaoui.ma\/index.php\/produit\/hd-cosmetic-efficiency-melan-txa-gel-creme-de-nuit-50-ml\/#primaryimage\"},\"image\":{\"@id\":\"https:\/\/paracherkaoui.ma\/index.php\/produit\/hd-cosmetic-efficiency-melan-txa-gel-creme-de-nuit-50-ml\/#primaryimage\"},\"thumbnailUrl\":\"https:\/\/paracherkaoui.ma\/wp-content\/uploads\/2025\/12\/hd-cosmetics-effeciency-hd-cosmetic-efficiency-melan-txa-gel-creme-de-nuit-50-ml-cremes-nuit.jpg\",\"datePublished\":\"2025-12-12T17:28:40+00:00\",\"dateModified\":\"2025-12-12T17:28:45+00:00\",\"breadcrumb\":{\"@id\":\"https:\/\/paracherkaoui.ma\/index.php\/produit\/hd-cosmetic-efficiency-melan-txa-gel-creme-de-nuit-50-ml\/#breadcrumb\"},\"inLanguage\":\"fr-FR\",\"potentialAction\":[{\"@type\":\"ReadAction\",\"target\":[\"https:\/\/paracherkaoui.ma\/index.php\/produit\/hd-cosmetic-efficiency-melan-txa-gel-creme-de-nuit-50-ml\/\"]}]},{\"@type\":\"ImageObject\",\"inLanguage\":\"fr-FR\",\"@id\":\"https:\/\/paracherkaoui.ma\/index.php\/produit\/hd-cosmetic-efficiency-melan-txa-gel-creme-de-nuit-50-ml\/#primaryimage\",\"url\":\"https:\/\/paracherkaoui.ma\/wp-content\/uploads\/2025\/12\/hd-cosmetics-effeciency-hd-cosmetic-efficiency-melan-txa-gel-creme-de-nuit-50-ml-cremes-nuit.jpg\",\"contentUrl\":\"https:\/\/paracherkaoui.ma\/wp-content\/uploads\/2025\/12\/hd-cosmetics-effeciency-hd-cosmetic-efficiency-melan-txa-gel-creme-de-nuit-50-ml-cremes-nuit.jpg\",\"width\":700,\"height\":700},{\"@type\":\"BreadcrumbList\",\"@id\":\"https:\/\/paracherkaoui.ma\/index.php\/produit\/hd-cosmetic-efficiency-melan-txa-gel-creme-de-nuit-50-ml\/#breadcrumb\",\"itemListElement\":[{\"@type\":\"ListItem\",\"position\":1,\"name\":\"Accueil\",\"item\":\"https:\/\/paracherkaoui.ma\/\"},{\"@type\":\"ListItem\",\"position\":2,\"name\":\"Boutique\",\"item\":\"https:\/\/paracherkaoui.ma\/index.php\/boutique\/\"},{\"@type\":\"ListItem\",\"position\":3,\"name\":\"HD COSMETIC EFFICIENCY MELAN TXA GEL CREME DE NUIT 50 ML\"}]},{\"@type\":\"WebSite\",\"@id\":\"https:\/\/paracherkaoui.ma\/#website\",\"url\":\"https:\/\/paracherkaoui.ma\/\",\"name\":\"Paracherkaoui.ma\",\"description\":\"Achetez en ligne sur Paracherkaoui.ma\",\"potentialAction\":[{\"@type\":\"SearchAction\",\"target\":{\"@type\":\"EntryPoint\",\"urlTemplate\":\"https:\/\/paracherkaoui.ma\/?s={search_term_string}\"},\"query-input\":{\"@type\":\"PropertyValueSpecification\",\"valueRequired\":true,\"valueName\":\"search_term_string\"}}],\"inLanguage\":\"fr-FR\"}]}<\/script>\r\n<!-- \/ Yoast SEO plugin. -->","yoast_head_json":{"title":"HD COSMETIC EFFICIENCY MELAN TXA GEL CREME DE NUIT 50 ML - Paracherkaoui.ma","robots":{"index":"index","follow":"follow","max-snippet":"max-snippet:-1","max-image-preview":"max-image-preview:large","max-video-preview":"max-video-preview:-1"},"canonical":"https:\/\/paracherkaoui.ma\/index.php\/produit\/hd-cosmetic-efficiency-melan-txa-gel-creme-de-nuit-50-ml\/","og_locale":"fr_FR","og_type":"article","og_title":"HD COSMETIC EFFICIENCY MELAN TXA GEL CREME DE NUIT 50 ML - Paracherkaoui.ma","og_description":"Ce soin adapt\u00e9 \u00e0 tous les types de peau agit durant la nuit, moment o\u00f9 la peau est la plus","og_url":"https:\/\/paracherkaoui.ma\/index.php\/produit\/hd-cosmetic-efficiency-melan-txa-gel-creme-de-nuit-50-ml\/","og_site_name":"Paracherkaoui.ma","article_modified_time":"2025-12-12T17:28:45+00:00","og_image":[{"width":700,"height":700,"url":"https:\/\/paracherkaoui.ma\/wp-content\/uploads\/2025\/12\/hd-cosmetics-effeciency-hd-cosmetic-efficiency-melan-txa-gel-creme-de-nuit-50-ml-cremes-nuit.jpg","type":"image\/jpeg"}],"twitter_card":"summary_large_image","twitter_misc":{"Dur\u00e9e de lecture estim\u00e9e":"1 minute"},"schema":{"@context":"https:\/\/schema.org","@graph":[{"@type":"WebPage","@id":"https:\/\/paracherkaoui.ma\/index.php\/produit\/hd-cosmetic-efficiency-melan-txa-gel-creme-de-nuit-50-ml\/","url":"https:\/\/paracherkaoui.ma\/index.php\/produit\/hd-cosmetic-efficiency-melan-txa-gel-creme-de-nuit-50-ml\/","name":"HD COSMETIC EFFICIENCY MELAN TXA GEL CREME DE NUIT 50 ML - Paracherkaoui.ma","isPartOf":{"@id":"https:\/\/paracherkaoui.ma\/#website"},"primaryImageOfPage":{"@id":"https:\/\/paracherkaoui.ma\/index.php\/produit\/hd-cosmetic-efficiency-melan-txa-gel-creme-de-nuit-50-ml\/#primaryimage"},"image":{"@id":"https:\/\/paracherkaoui.ma\/index.php\/produit\/hd-cosmetic-efficiency-melan-txa-gel-creme-de-nuit-50-ml\/#primaryimage"},"thumbnailUrl":"https:\/\/paracherkaoui.ma\/wp-content\/uploads\/2025\/12\/hd-cosmetics-effeciency-hd-cosmetic-efficiency-melan-txa-gel-creme-de-nuit-50-ml-cremes-nuit.jpg","datePublished":"2025-12-12T17:28:40+00:00","dateModified":"2025-12-12T17:28:45+00:00","breadcrumb":{"@id":"https:\/\/paracherkaoui.ma\/index.php\/produit\/hd-cosmetic-efficiency-melan-txa-gel-creme-de-nuit-50-ml\/#breadcrumb"},"inLanguage":"fr-FR","potentialAction":[{"@type":"ReadAction","target":["https:\/\/paracherkaoui.ma\/index.php\/produit\/hd-cosmetic-efficiency-melan-txa-gel-creme-de-nuit-50-ml\/"]}]},{"@type":"ImageObject","inLanguage":"fr-FR","@id":"https:\/\/paracherkaoui.ma\/index.php\/produit\/hd-cosmetic-efficiency-melan-txa-gel-creme-de-nuit-50-ml\/#primaryimage","url":"https:\/\/paracherkaoui.ma\/wp-content\/uploads\/2025\/12\/hd-cosmetics-effeciency-hd-cosmetic-efficiency-melan-txa-gel-creme-de-nuit-50-ml-cremes-nuit.jpg","contentUrl":"https:\/\/paracherkaoui.ma\/wp-content\/uploads\/2025\/12\/hd-cosmetics-effeciency-hd-cosmetic-efficiency-melan-txa-gel-creme-de-nuit-50-ml-cremes-nuit.jpg","width":700,"height":700},{"@type":"BreadcrumbList","@id":"https:\/\/paracherkaoui.ma\/index.php\/produit\/hd-cosmetic-efficiency-melan-txa-gel-creme-de-nuit-50-ml\/#breadcrumb","itemListElement":[{"@type":"ListItem","position":1,"name":"Accueil","item":"https:\/\/paracherkaoui.ma\/"},{"@type":"ListItem","position":2,"name":"Boutique","item":"https:\/\/paracherkaoui.ma\/index.php\/boutique\/"},{"@type":"ListItem","position":3,"name":"HD COSMETIC EFFICIENCY MELAN TXA GEL CREME DE NUIT 50 ML"}]},{"@type":"WebSite","@id":"https:\/\/paracherkaoui.ma\/#website","url":"https:\/\/paracherkaoui.ma\/","name":"Paracherkaoui.ma","description":"Achetez en ligne sur Paracherkaoui.ma","potentialAction":[{"@type":"SearchAction","target":{"@type":"EntryPoint","urlTemplate":"https:\/\/paracherkaoui.ma\/?s={search_term_string}"},"query-input":{"@type":"PropertyValueSpecification","valueRequired":true,"valueName":"search_term_string"}}],"inLanguage":"fr-FR"}]}},"_links":{"self":[{"href":"https:\/\/paracherkaoui.ma\/index.php\/wp-json\/wp\/v2\/product\/28289","targetHints":{"allow":["GET"]}}],"collection":[{"href":"https:\/\/paracherkaoui.ma\/index.php\/wp-json\/wp\/v2\/product"}],"about":[{"href":"https:\/\/paracherkaoui.ma\/index.php\/wp-json\/wp\/v2\/types\/product"}],"replies":[{"embeddable":true,"href":"https:\/\/paracherkaoui.ma\/index.php\/wp-json\/wp\/v2\/comments?post=28289"}],"version-history":[{"count":1,"href":"https:\/\/paracherkaoui.ma\/index.php\/wp-json\/wp\/v2\/product\/28289\/revisions"}],"predecessor-version":[{"id":28329,"href":"https:\/\/paracherkaoui.ma\/index.php\/wp-json\/wp\/v2\/product\/28289\/revisions\/28329"}],"wp:featuredmedia":[{"embeddable":true,"href":"https:\/\/paracherkaoui.ma\/index.php\/wp-json\/wp\/v2\/media\/28328"}],"wp:attachment":[{"href":"https:\/\/paracherkaoui.ma\/index.php\/wp-json\/wp\/v2\/media?parent=28289"}],"wp:term":[{"taxonomy":"product_brand","embeddable":true,"href":"https:\/\/paracherkaoui.ma\/index.php\/wp-json\/wp\/v2\/product_brand?post=28289"},{"taxonomy":"product_cat","embeddable":true,"href":"https:\/\/paracherkaoui.ma\/index.php\/wp-json\/wp\/v2\/product_cat?post=28289"},{"taxonomy":"product_tag","embeddable":true,"href":"https:\/\/paracherkaoui.ma\/index.php\/wp-json\/wp\/v2\/product_tag?post=28289"}],"curies":[{"name":"wp","href":"https:\/\/api.w.org\/{rel}","templated":true}]}}