{"id":28285,"date":"2025-12-12T18:28:39","date_gmt":"2025-12-12T17:28:39","guid":{"rendered":"https:\/\/test.ecbeaute.com\/?post_type=product&#038;p=28285"},"modified":"2025-12-12T18:28:44","modified_gmt":"2025-12-12T17:28:44","slug":"hd-cosmetics-nox-creme-de-nuit-50-ml","status":"publish","type":"product","link":"https:\/\/paracherkaoui.ma\/index.php\/produit\/hd-cosmetics-nox-creme-de-nuit-50-ml\/","title":{"rendered":"HD COSMETICS NOX + CREME DE NUIT 50 ML"},"content":{"rendered":"<p>Cr\u00e8me nourrissante enrichie en antioxydants tr\u00e8s puissants qui aident \u00e0 redensifier la peau.<br \/>\nAVANTAGES<br \/>\nDermoactivateur de nuit. Pendant la phase de repos, il se synchronise avec les rythmes circadiens de la peau et facilite une meilleure assimilation des principes actifs. Il contribue \u00e0 r\u00e9duire les effets nocifs de la pollution et des rayonnements IR sur la peau. Son utilisation continue contribue \u00e0 redonner \u00e0 la peau un aspect jeune. \u00a0\u00bb<br \/>\nConseils d\u2019utilisation:<br \/>\nAppliquer avant de se reposer le soir sur la peau propre du visage et du cou, en massant doucement jusqu&rsquo;\u00e0 absorption compl\u00e8te. Il est recommand\u00e9 d&rsquo;associer la CR\u00c8ME DE NUIT HD NOX+ \u00e0 la CR\u00c8ME DE JOUR HD NOX+ pour obtenir un traitement antioxydant complet.<\/p>\n","protected":false},"excerpt":{"rendered":"<p>Cr\u00e8me nourrissante enrichie en antioxydants tr\u00e8s puissants qui aident \u00e0 redensifier la peau. AVANTAGES Dermoactivateur de nuit. Pendant la phase<\/p>\n","protected":false},"featured_media":28321,"comment_status":"open","ping_status":"closed","template":"","meta":[],"product_brand":[320],"product_cat":[534],"product_tag":[],"class_list":{"0":"post-28285","1":"product","2":"type-product","3":"status-publish","4":"has-post-thumbnail","6":"product_brand-hd-cosmetics-effeciency","7":"product_cat-cremes-nuit","9":"first","10":"instock","11":"sale","12":"shipping-taxable","13":"purchasable","14":"product-type-simple"},"yoast_head":"<!-- This site is optimized with the Yoast SEO plugin v26.6 - https:\/\/yoast.com\/wordpress\/plugins\/seo\/ -->\r\n<title>HD COSMETICS NOX + CREME DE NUIT 50 ML - Paracherkaoui.ma<\/title>\r\n<meta name=\"robots\" content=\"index, follow, max-snippet:-1, max-image-preview:large, max-video-preview:-1\" \/>\r\n<link rel=\"canonical\" href=\"https:\/\/paracherkaoui.ma\/index.php\/produit\/hd-cosmetics-nox-creme-de-nuit-50-ml\/\" \/>\r\n<meta property=\"og:locale\" content=\"fr_FR\" \/>\r\n<meta property=\"og:type\" content=\"article\" \/>\r\n<meta property=\"og:title\" content=\"HD COSMETICS NOX + CREME DE NUIT 50 ML - Paracherkaoui.ma\" \/>\r\n<meta property=\"og:description\" content=\"Cr\u00e8me nourrissante enrichie en antioxydants tr\u00e8s puissants qui aident \u00e0 redensifier la peau. AVANTAGES Dermoactivateur de nuit. Pendant la phase\" \/>\r\n<meta property=\"og:url\" content=\"https:\/\/paracherkaoui.ma\/index.php\/produit\/hd-cosmetics-nox-creme-de-nuit-50-ml\/\" \/>\r\n<meta property=\"og:site_name\" content=\"Paracherkaoui.ma\" \/>\r\n<meta property=\"article:modified_time\" content=\"2025-12-12T17:28:44+00:00\" \/>\r\n<meta property=\"og:image\" content=\"https:\/\/paracherkaoui.ma\/wp-content\/uploads\/2025\/12\/hd-cosmetics-effeciency-hd-cosmetics-nox-creme-de-nuit-50-ml-cremes-nuit.jpg\" \/>\r\n\t<meta property=\"og:image:width\" content=\"700\" \/>\r\n\t<meta property=\"og:image:height\" content=\"700\" \/>\r\n\t<meta property=\"og:image:type\" content=\"image\/jpeg\" \/>\r\n<meta name=\"twitter:card\" content=\"summary_large_image\" \/>\r\n<meta name=\"twitter:label1\" content=\"Dur\u00e9e de lecture estim\u00e9e\" \/>\n\t<meta name=\"twitter:data1\" content=\"1 minute\" \/>\r\n<script type=\"application\/ld+json\" class=\"yoast-schema-graph\">{\"@context\":\"https:\/\/schema.org\",\"@graph\":[{\"@type\":\"WebPage\",\"@id\":\"https:\/\/paracherkaoui.ma\/index.php\/produit\/hd-cosmetics-nox-creme-de-nuit-50-ml\/\",\"url\":\"https:\/\/paracherkaoui.ma\/index.php\/produit\/hd-cosmetics-nox-creme-de-nuit-50-ml\/\",\"name\":\"HD COSMETICS NOX + CREME DE NUIT 50 ML - Paracherkaoui.ma\",\"isPartOf\":{\"@id\":\"https:\/\/paracherkaoui.ma\/#website\"},\"primaryImageOfPage\":{\"@id\":\"https:\/\/paracherkaoui.ma\/index.php\/produit\/hd-cosmetics-nox-creme-de-nuit-50-ml\/#primaryimage\"},\"image\":{\"@id\":\"https:\/\/paracherkaoui.ma\/index.php\/produit\/hd-cosmetics-nox-creme-de-nuit-50-ml\/#primaryimage\"},\"thumbnailUrl\":\"https:\/\/paracherkaoui.ma\/wp-content\/uploads\/2025\/12\/hd-cosmetics-effeciency-hd-cosmetics-nox-creme-de-nuit-50-ml-cremes-nuit.jpg\",\"datePublished\":\"2025-12-12T17:28:39+00:00\",\"dateModified\":\"2025-12-12T17:28:44+00:00\",\"breadcrumb\":{\"@id\":\"https:\/\/paracherkaoui.ma\/index.php\/produit\/hd-cosmetics-nox-creme-de-nuit-50-ml\/#breadcrumb\"},\"inLanguage\":\"fr-FR\",\"potentialAction\":[{\"@type\":\"ReadAction\",\"target\":[\"https:\/\/paracherkaoui.ma\/index.php\/produit\/hd-cosmetics-nox-creme-de-nuit-50-ml\/\"]}]},{\"@type\":\"ImageObject\",\"inLanguage\":\"fr-FR\",\"@id\":\"https:\/\/paracherkaoui.ma\/index.php\/produit\/hd-cosmetics-nox-creme-de-nuit-50-ml\/#primaryimage\",\"url\":\"https:\/\/paracherkaoui.ma\/wp-content\/uploads\/2025\/12\/hd-cosmetics-effeciency-hd-cosmetics-nox-creme-de-nuit-50-ml-cremes-nuit.jpg\",\"contentUrl\":\"https:\/\/paracherkaoui.ma\/wp-content\/uploads\/2025\/12\/hd-cosmetics-effeciency-hd-cosmetics-nox-creme-de-nuit-50-ml-cremes-nuit.jpg\",\"width\":700,\"height\":700},{\"@type\":\"BreadcrumbList\",\"@id\":\"https:\/\/paracherkaoui.ma\/index.php\/produit\/hd-cosmetics-nox-creme-de-nuit-50-ml\/#breadcrumb\",\"itemListElement\":[{\"@type\":\"ListItem\",\"position\":1,\"name\":\"Accueil\",\"item\":\"https:\/\/paracherkaoui.ma\/\"},{\"@type\":\"ListItem\",\"position\":2,\"name\":\"Boutique\",\"item\":\"https:\/\/paracherkaoui.ma\/index.php\/boutique\/\"},{\"@type\":\"ListItem\",\"position\":3,\"name\":\"HD COSMETICS NOX + CREME DE NUIT 50 ML\"}]},{\"@type\":\"WebSite\",\"@id\":\"https:\/\/paracherkaoui.ma\/#website\",\"url\":\"https:\/\/paracherkaoui.ma\/\",\"name\":\"Paracherkaoui.ma\",\"description\":\"Achetez en ligne sur Paracherkaoui.ma\",\"potentialAction\":[{\"@type\":\"SearchAction\",\"target\":{\"@type\":\"EntryPoint\",\"urlTemplate\":\"https:\/\/paracherkaoui.ma\/?s={search_term_string}\"},\"query-input\":{\"@type\":\"PropertyValueSpecification\",\"valueRequired\":true,\"valueName\":\"search_term_string\"}}],\"inLanguage\":\"fr-FR\"}]}<\/script>\r\n<!-- \/ Yoast SEO plugin. -->","yoast_head_json":{"title":"HD COSMETICS NOX + CREME DE NUIT 50 ML - Paracherkaoui.ma","robots":{"index":"index","follow":"follow","max-snippet":"max-snippet:-1","max-image-preview":"max-image-preview:large","max-video-preview":"max-video-preview:-1"},"canonical":"https:\/\/paracherkaoui.ma\/index.php\/produit\/hd-cosmetics-nox-creme-de-nuit-50-ml\/","og_locale":"fr_FR","og_type":"article","og_title":"HD COSMETICS NOX + CREME DE NUIT 50 ML - Paracherkaoui.ma","og_description":"Cr\u00e8me nourrissante enrichie en antioxydants tr\u00e8s puissants qui aident \u00e0 redensifier la peau. AVANTAGES Dermoactivateur de nuit. Pendant la phase","og_url":"https:\/\/paracherkaoui.ma\/index.php\/produit\/hd-cosmetics-nox-creme-de-nuit-50-ml\/","og_site_name":"Paracherkaoui.ma","article_modified_time":"2025-12-12T17:28:44+00:00","og_image":[{"width":700,"height":700,"url":"https:\/\/paracherkaoui.ma\/wp-content\/uploads\/2025\/12\/hd-cosmetics-effeciency-hd-cosmetics-nox-creme-de-nuit-50-ml-cremes-nuit.jpg","type":"image\/jpeg"}],"twitter_card":"summary_large_image","twitter_misc":{"Dur\u00e9e de lecture estim\u00e9e":"1 minute"},"schema":{"@context":"https:\/\/schema.org","@graph":[{"@type":"WebPage","@id":"https:\/\/paracherkaoui.ma\/index.php\/produit\/hd-cosmetics-nox-creme-de-nuit-50-ml\/","url":"https:\/\/paracherkaoui.ma\/index.php\/produit\/hd-cosmetics-nox-creme-de-nuit-50-ml\/","name":"HD COSMETICS NOX + CREME DE NUIT 50 ML - Paracherkaoui.ma","isPartOf":{"@id":"https:\/\/paracherkaoui.ma\/#website"},"primaryImageOfPage":{"@id":"https:\/\/paracherkaoui.ma\/index.php\/produit\/hd-cosmetics-nox-creme-de-nuit-50-ml\/#primaryimage"},"image":{"@id":"https:\/\/paracherkaoui.ma\/index.php\/produit\/hd-cosmetics-nox-creme-de-nuit-50-ml\/#primaryimage"},"thumbnailUrl":"https:\/\/paracherkaoui.ma\/wp-content\/uploads\/2025\/12\/hd-cosmetics-effeciency-hd-cosmetics-nox-creme-de-nuit-50-ml-cremes-nuit.jpg","datePublished":"2025-12-12T17:28:39+00:00","dateModified":"2025-12-12T17:28:44+00:00","breadcrumb":{"@id":"https:\/\/paracherkaoui.ma\/index.php\/produit\/hd-cosmetics-nox-creme-de-nuit-50-ml\/#breadcrumb"},"inLanguage":"fr-FR","potentialAction":[{"@type":"ReadAction","target":["https:\/\/paracherkaoui.ma\/index.php\/produit\/hd-cosmetics-nox-creme-de-nuit-50-ml\/"]}]},{"@type":"ImageObject","inLanguage":"fr-FR","@id":"https:\/\/paracherkaoui.ma\/index.php\/produit\/hd-cosmetics-nox-creme-de-nuit-50-ml\/#primaryimage","url":"https:\/\/paracherkaoui.ma\/wp-content\/uploads\/2025\/12\/hd-cosmetics-effeciency-hd-cosmetics-nox-creme-de-nuit-50-ml-cremes-nuit.jpg","contentUrl":"https:\/\/paracherkaoui.ma\/wp-content\/uploads\/2025\/12\/hd-cosmetics-effeciency-hd-cosmetics-nox-creme-de-nuit-50-ml-cremes-nuit.jpg","width":700,"height":700},{"@type":"BreadcrumbList","@id":"https:\/\/paracherkaoui.ma\/index.php\/produit\/hd-cosmetics-nox-creme-de-nuit-50-ml\/#breadcrumb","itemListElement":[{"@type":"ListItem","position":1,"name":"Accueil","item":"https:\/\/paracherkaoui.ma\/"},{"@type":"ListItem","position":2,"name":"Boutique","item":"https:\/\/paracherkaoui.ma\/index.php\/boutique\/"},{"@type":"ListItem","position":3,"name":"HD COSMETICS NOX + CREME DE NUIT 50 ML"}]},{"@type":"WebSite","@id":"https:\/\/paracherkaoui.ma\/#website","url":"https:\/\/paracherkaoui.ma\/","name":"Paracherkaoui.ma","description":"Achetez en ligne sur Paracherkaoui.ma","potentialAction":[{"@type":"SearchAction","target":{"@type":"EntryPoint","urlTemplate":"https:\/\/paracherkaoui.ma\/?s={search_term_string}"},"query-input":{"@type":"PropertyValueSpecification","valueRequired":true,"valueName":"search_term_string"}}],"inLanguage":"fr-FR"}]}},"_links":{"self":[{"href":"https:\/\/paracherkaoui.ma\/index.php\/wp-json\/wp\/v2\/product\/28285","targetHints":{"allow":["GET"]}}],"collection":[{"href":"https:\/\/paracherkaoui.ma\/index.php\/wp-json\/wp\/v2\/product"}],"about":[{"href":"https:\/\/paracherkaoui.ma\/index.php\/wp-json\/wp\/v2\/types\/product"}],"replies":[{"embeddable":true,"href":"https:\/\/paracherkaoui.ma\/index.php\/wp-json\/wp\/v2\/comments?post=28285"}],"version-history":[{"count":1,"href":"https:\/\/paracherkaoui.ma\/index.php\/wp-json\/wp\/v2\/product\/28285\/revisions"}],"predecessor-version":[{"id":28322,"href":"https:\/\/paracherkaoui.ma\/index.php\/wp-json\/wp\/v2\/product\/28285\/revisions\/28322"}],"wp:featuredmedia":[{"embeddable":true,"href":"https:\/\/paracherkaoui.ma\/index.php\/wp-json\/wp\/v2\/media\/28321"}],"wp:attachment":[{"href":"https:\/\/paracherkaoui.ma\/index.php\/wp-json\/wp\/v2\/media?parent=28285"}],"wp:term":[{"taxonomy":"product_brand","embeddable":true,"href":"https:\/\/paracherkaoui.ma\/index.php\/wp-json\/wp\/v2\/product_brand?post=28285"},{"taxonomy":"product_cat","embeddable":true,"href":"https:\/\/paracherkaoui.ma\/index.php\/wp-json\/wp\/v2\/product_cat?post=28285"},{"taxonomy":"product_tag","embeddable":true,"href":"https:\/\/paracherkaoui.ma\/index.php\/wp-json\/wp\/v2\/product_tag?post=28285"}],"curies":[{"name":"wp","href":"https:\/\/api.w.org\/{rel}","templated":true}]}}